{"id":33488,"date":"2019-01-01T04:58:18","date_gmt":"2022-05-17T06:26:15","guid":{"rendered":"https:\/\/alegerglobal.com\/bez-kategorii\/vh-tpro-x2-gniazdo-pokladowe-w-samochodzie\/"},"modified":"2022-05-17T07:26:16","modified_gmt":"2022-05-17T06:26:16","slug":"vh-tpro-x2-gniazdo-pokladowe-w-samochodzie","status":"publish","type":"product","link":"https:\/\/alegerglobal.com\/pl\/shop-pl\/akcesoria\/vh-tpro-x2-gniazdo-pokladowe-w-samochodzie\/","title":{"rendered":"VH TPRO X2 (gniazdo pok\u0142adowe w samochodzie)"},"content":{"rendered":"\t\t<div data-elementor-type=\"product-post\" data-elementor-id=\"33488\" class=\"elementor elementor-33488 elementor-5602\" data-elementor-settings=\"{&quot;ha_cmc_init_switcher&quot;:&quot;no&quot;}\" data-elementor-post-type=\"product\">\n\t\t\t\t\t\t<section class=\"elementor-section elementor-top-section elementor-element elementor-element-365de07 elementor-section-boxed elementor-section-height-default elementor-section-height-default\" data-id=\"365de07\" data-element_type=\"section\" data-settings=\"{&quot;jet_parallax_layout_list&quot;:[],&quot;_ha_eqh_enable&quot;:false}\">\n\t\t\t\t\t\t<div class=\"elementor-container elementor-column-gap-default\">\n\t\t\t\t\t<div class=\"elementor-column elementor-col-100 elementor-top-column elementor-element elementor-element-a54d225\" data-id=\"a54d225\" data-element_type=\"column\">\n\t\t\t<div class=\"elementor-widget-wrap elementor-element-populated\">\n\t\t\t\t\t\t<div class=\"elementor-element elementor-element-c04a9ca elementor-widget elementor-widget-text-editor\" data-id=\"c04a9ca\" data-element_type=\"widget\" data-widget_type=\"text-editor.default\">\n\t\t\t\t<div class=\"elementor-widget-container\">\n\t\t\t\t\t\t\t\t\t<ul class=\"list\"><li>Nadaje si\u0119 do Tab-Ex\u00ae Pro<\/li><li>Dwa porty USB; zasilanie 1,5 A ka\u017cdy; mo\u017cliwo\u015b\u0107 pod\u0142\u0105czenia urz\u0105dze\u0144 zewn\u0119trznych<\/li><li>Wyci\u0119cia zapewniaj\u0105ce bezpo\u015bredni dost\u0119p do przycisk\u00f3w, aparatu, rysika i port\u00f3w<\/li><li>\u0141atwa obs\u0142uga jedn\u0105 r\u0119k\u0105:<ul class=\"list\"><li>W\u0142\u00f3\u017c tablet (najpierw stron\u0105 spodni\u0105) do stacji \u0142aduj\u0105cej od g\u00f3ry. Naci\u015bnij g\u00f3rn\u0105 cz\u0119\u015b\u0107 tabletu, a\u017c tablet zablokuje si\u0119 w uchwycie.<\/li><li>Naci\u015bnij kciukiem przycisk zwalniaj\u0105cy w g\u00f3r\u0119 i wyjmij tablet.<\/li><\/ul><\/li><li>Z\u0142\u0105cze szpilkowe POGO s\u0142u\u017cy do \u0142adowania i zasilania tabletu<\/li><li>Opcjonalny zamek jako zabezpieczenie przed kradzie\u017c\u0105<\/li><li>Uk\u0142ad otwor\u00f3w VESA 75 mm; kompatybilny z systemami monta\u017cowymi <a class=\"external-link-new-window\" title=\"\u00d6ffnet internen Link im aktuellen Fenster\" href=\"https:\/\/www.zirkona.de\/\" target=\"_blank\" rel=\"noopener\">Zirkona<\/a> <\/li><li>Kabel zasilaj\u0105cy o d\u0142ugo\u015bci 167,6 cm (66&#8243;) z otwart\u0105 ko\u0144c\u00f3wk\u0105.<\/li><li>Mo\u017cliwo\u015b\u0107 monta\u017cu na powierzchniach p\u0142askich i pionowych<\/li><li>Lekka konstrukcja: 1,3 funta (ok. 580 g)<\/li><\/ul>\t\t\t\t\t\t\t\t<\/div>\n\t\t\t\t<\/div>\n\t\t\t\t\t<\/div>\n\t\t<\/div>\n\t\t\t\t\t<\/div>\n\t\t<\/section>\n\t\t\t\t<\/div>\n\t\t","protected":false},"excerpt":{"rendered":"<p>Nowa i ulepszona stacja \u0142aduj\u0105ca Tab-Ex\u00ae Pro z dwoma portami USB i przy\u0142\u0105czem do gniazda samochodowego (zapalniczki). Oba porty USB dostarczaj\u0105 pr\u0105d o nat\u0119\u017ceniu 1,5 A ka\u017cdy. Stacja \u0142aduj\u0105ca ma niewielkie rozmiary, jest zamykana i mo\u017cna j\u0105 obs\u0142ugiwa\u0107 jedn\u0105 r\u0119k\u0105. Stacj\u0119 mo\u017cna pod\u0142\u0105czy\u0107 do instalacji elektrycznej pojazdu za pomoc\u0105 dostarczonego z\u0142\u0105cza do gniazda w poje\u017adzie i nadal zasila ona akumulator tabletu. (Nie do u\u017cytku w przestrzeniach zagro\u017conych wybuchem)<\/p>\n","protected":false},"featured_media":16505,"comment_status":"open","ping_status":"closed","template":"","meta":{"_acf_changed":false},"product_brand":[],"product_cat":[1009,983],"product_tag":[],"class_list":{"0":"post-33488","1":"product","2":"type-product","3":"status-publish","4":"has-post-thumbnail","6":"product_cat-akcesoria","7":"product_cat-shop-pl","8":"pa_hersteller-ecom-pl","10":"first","11":"instock","12":"taxable","13":"shipping-taxable","14":"purchasable","15":"product-type-simple"},"acf":[],"yoast_head":"<!-- This site is optimized with the Yoast SEO Premium plugin v20.10 (Yoast SEO v24.3) - https:\/\/yoast.com\/wordpress\/plugins\/seo\/ -->\n<title>- ALEGER \u22c6 Augmented Reality<\/title>\n<meta name=\"robots\" content=\"index, follow, max-snippet:-1, max-image-preview:large, max-video-preview:-1\" \/>\n<meta property=\"og:locale\" content=\"pl_PL\" \/>\n<meta property=\"og:type\" content=\"article\" \/>\n<meta property=\"og:title\" content=\"VH TPRO X2 (gniazdo pok\u0142adowe w samochodzie)\" \/>\n<meta property=\"og:description\" content=\"Nowa i ulepszona stacja \u0142aduj\u0105ca Tab-Ex\u00ae Pro z dwoma portami USB i przy\u0142\u0105czem do gniazda samochodowego (zapalniczki). Oba porty USB dostarczaj\u0105 pr\u0105d o nat\u0119\u017ceniu 1,5 A ka\u017cdy. Stacja \u0142aduj\u0105ca ma niewielkie rozmiary, jest zamykana i mo\u017cna j\u0105 obs\u0142ugiwa\u0107 jedn\u0105 r\u0119k\u0105. Stacj\u0119 mo\u017cna pod\u0142\u0105czy\u0107 do instalacji elektrycznej pojazdu za pomoc\u0105 dostarczonego z\u0142\u0105cza do gniazda w poje\u017adzie i nadal zasila ona akumulator tabletu. (Nie do u\u017cytku w przestrzeniach zagro\u017conych wybuchem)\" \/>\n<meta property=\"og:url\" content=\"https:\/\/alegerglobal.com\/pl\/shop-pl\/akcesoria\/vh-tpro-x2-gniazdo-pokladowe-w-samochodzie\/\" \/>\n<meta property=\"og:site_name\" content=\"ALEGER \u22c6 Augmented Reality\" \/>\n<meta property=\"article:modified_time\" content=\"2022-05-17T06:26:16+00:00\" \/>\n<meta property=\"og:image\" content=\"https:\/\/alegerglobal.com\/wp-content\/uploads\/2019\/01\/Unbenannt-10.jpg\" \/>\n\t<meta property=\"og:image:width\" content=\"800\" \/>\n\t<meta property=\"og:image:height\" content=\"800\" \/>\n\t<meta property=\"og:image:type\" content=\"image\/jpeg\" \/>\n<meta name=\"twitter:card\" content=\"summary_large_image\" \/>\n<meta name=\"twitter:label1\" content=\"Cena\" \/>\n\t<meta name=\"twitter:data1\" content=\"&euro;356,99\" \/>\n\t<meta name=\"twitter:label2\" content=\"Dost\u0119pno\u015b\u0107\" \/>\n\t<meta name=\"twitter:data2\" content=\"Dost\u0119pny\" \/>\n<script type=\"application\/ld+json\" class=\"yoast-schema-graph\">{\"@context\":\"https:\/\/schema.org\",\"@graph\":[{\"@type\":\"WebPage\",\"@id\":\"https:\/\/alegerglobal.com\/pl\/shop-pl\/akcesoria\/vh-tpro-x2-gniazdo-pokladowe-w-samochodzie\/\",\"url\":\"https:\/\/alegerglobal.com\/pl\/shop-pl\/akcesoria\/vh-tpro-x2-gniazdo-pokladowe-w-samochodzie\/\",\"name\":\"- ALEGER \u22c6 Augmented Reality\",\"isPartOf\":{\"@id\":\"https:\/\/alegerglobal.com\/pl\/#website\"},\"primaryImageOfPage\":{\"@id\":\"https:\/\/alegerglobal.com\/pl\/shop-pl\/akcesoria\/vh-tpro-x2-gniazdo-pokladowe-w-samochodzie\/#primaryimage\"},\"image\":{\"@id\":\"https:\/\/alegerglobal.com\/pl\/shop-pl\/akcesoria\/vh-tpro-x2-gniazdo-pokladowe-w-samochodzie\/#primaryimage\"},\"thumbnailUrl\":\"https:\/\/alegerglobal.com\/wp-content\/uploads\/2019\/01\/Unbenannt-10.jpg\",\"datePublished\":\"2022-05-17T06:26:15+00:00\",\"dateModified\":\"2022-05-17T06:26:16+00:00\",\"breadcrumb\":{\"@id\":\"https:\/\/alegerglobal.com\/pl\/shop-pl\/akcesoria\/vh-tpro-x2-gniazdo-pokladowe-w-samochodzie\/#breadcrumb\"},\"inLanguage\":\"pl-PL\",\"potentialAction\":[{\"@type\":\"ReadAction\",\"target\":[\"https:\/\/alegerglobal.com\/pl\/shop-pl\/akcesoria\/vh-tpro-x2-gniazdo-pokladowe-w-samochodzie\/\"]}]},{\"@type\":\"ImageObject\",\"inLanguage\":\"pl-PL\",\"@id\":\"https:\/\/alegerglobal.com\/pl\/shop-pl\/akcesoria\/vh-tpro-x2-gniazdo-pokladowe-w-samochodzie\/#primaryimage\",\"url\":\"https:\/\/alegerglobal.com\/wp-content\/uploads\/2019\/01\/Unbenannt-10.jpg\",\"contentUrl\":\"https:\/\/alegerglobal.com\/wp-content\/uploads\/2019\/01\/Unbenannt-10.jpg\",\"width\":800,\"height\":800},{\"@type\":\"BreadcrumbList\",\"@id\":\"https:\/\/alegerglobal.com\/pl\/shop-pl\/akcesoria\/vh-tpro-x2-gniazdo-pokladowe-w-samochodzie\/#breadcrumb\",\"itemListElement\":[{\"@type\":\"ListItem\",\"position\":1,\"name\":\"Home\",\"item\":\"https:\/\/alegerglobal.com\/pl\/nowosc-strona-glowna\/\"},{\"@type\":\"ListItem\",\"position\":2,\"name\":\"Produkty\",\"item\":\"https:\/\/alegerglobal.com\/pl\/produkty\/\"},{\"@type\":\"ListItem\",\"position\":3,\"name\":\"VH TPRO X2 (gniazdo pok\u0142adowe w samochodzie)\"}]},{\"@type\":\"WebSite\",\"@id\":\"https:\/\/alegerglobal.com\/pl\/#website\",\"url\":\"https:\/\/alegerglobal.com\/pl\/\",\"name\":\"ALEGER \u22c6 Augmented Reality\",\"description\":\"Die besten Augmented Reality (AR) L\u00f6sungen der Welt.\",\"publisher\":{\"@id\":\"https:\/\/alegerglobal.com\/pl\/#organization\"},\"potentialAction\":[{\"@type\":\"SearchAction\",\"target\":{\"@type\":\"EntryPoint\",\"urlTemplate\":\"https:\/\/alegerglobal.com\/pl\/?s={search_term_string}\"},\"query-input\":{\"@type\":\"PropertyValueSpecification\",\"valueRequired\":true,\"valueName\":\"search_term_string\"}}],\"inLanguage\":\"pl-PL\"},{\"@type\":\"Organization\",\"@id\":\"https:\/\/alegerglobal.com\/pl\/#organization\",\"name\":\"ALEGER \u22c6 Augmented Reality\",\"url\":\"https:\/\/alegerglobal.com\/pl\/\",\"logo\":{\"@type\":\"ImageObject\",\"inLanguage\":\"pl-PL\",\"@id\":\"https:\/\/alegerglobal.com\/pl\/#\/schema\/logo\/image\/\",\"url\":\"https:\/\/alegerglobal.com\/wp-content\/uploads\/2020\/12\/aleger-logo-quadrat.jpg\",\"contentUrl\":\"https:\/\/alegerglobal.com\/wp-content\/uploads\/2020\/12\/aleger-logo-quadrat.jpg\",\"width\":200,\"height\":176,\"caption\":\"ALEGER \u22c6 Augmented Reality\"},\"image\":{\"@id\":\"https:\/\/alegerglobal.com\/pl\/#\/schema\/logo\/image\/\"}}]}<\/script>\n<meta property=\"product:brand\" content=\"Ecom\" \/>\n<meta property=\"product:price:amount\" content=\"356.99\" \/>\n<meta property=\"product:price:currency\" content=\"EUR\" \/>\n<meta property=\"og:availability\" content=\"instock\" \/>\n<meta property=\"product:availability\" content=\"instock\" \/>\n<meta property=\"product:condition\" content=\"new\" \/>\n<!-- \/ Yoast SEO Premium plugin. -->","yoast_head_json":{"title":"- ALEGER \u22c6 Augmented Reality","robots":{"index":"index","follow":"follow","max-snippet":"max-snippet:-1","max-image-preview":"max-image-preview:large","max-video-preview":"max-video-preview:-1"},"og_locale":"pl_PL","og_type":"article","og_title":"VH TPRO X2 (gniazdo pok\u0142adowe w samochodzie)","og_description":"Nowa i ulepszona stacja \u0142aduj\u0105ca Tab-Ex\u00ae Pro z dwoma portami USB i przy\u0142\u0105czem do gniazda samochodowego (zapalniczki). Oba porty USB dostarczaj\u0105 pr\u0105d o nat\u0119\u017ceniu 1,5 A ka\u017cdy. Stacja \u0142aduj\u0105ca ma niewielkie rozmiary, jest zamykana i mo\u017cna j\u0105 obs\u0142ugiwa\u0107 jedn\u0105 r\u0119k\u0105. Stacj\u0119 mo\u017cna pod\u0142\u0105czy\u0107 do instalacji elektrycznej pojazdu za pomoc\u0105 dostarczonego z\u0142\u0105cza do gniazda w poje\u017adzie i nadal zasila ona akumulator tabletu. (Nie do u\u017cytku w przestrzeniach zagro\u017conych wybuchem)","og_url":"https:\/\/alegerglobal.com\/pl\/shop-pl\/akcesoria\/vh-tpro-x2-gniazdo-pokladowe-w-samochodzie\/","og_site_name":"ALEGER \u22c6 Augmented Reality","article_modified_time":"2022-05-17T06:26:16+00:00","og_image":[{"width":800,"height":800,"url":"https:\/\/alegerglobal.com\/wp-content\/uploads\/2019\/01\/Unbenannt-10.jpg","type":"image\/jpeg"}],"twitter_card":"summary_large_image","twitter_misc":{"Cena":"&euro;356,99","Dost\u0119pno\u015b\u0107":"Dost\u0119pny"},"schema":{"@context":"https:\/\/schema.org","@graph":[{"@type":"WebPage","@id":"https:\/\/alegerglobal.com\/pl\/shop-pl\/akcesoria\/vh-tpro-x2-gniazdo-pokladowe-w-samochodzie\/","url":"https:\/\/alegerglobal.com\/pl\/shop-pl\/akcesoria\/vh-tpro-x2-gniazdo-pokladowe-w-samochodzie\/","name":"- ALEGER \u22c6 Augmented Reality","isPartOf":{"@id":"https:\/\/alegerglobal.com\/pl\/#website"},"primaryImageOfPage":{"@id":"https:\/\/alegerglobal.com\/pl\/shop-pl\/akcesoria\/vh-tpro-x2-gniazdo-pokladowe-w-samochodzie\/#primaryimage"},"image":{"@id":"https:\/\/alegerglobal.com\/pl\/shop-pl\/akcesoria\/vh-tpro-x2-gniazdo-pokladowe-w-samochodzie\/#primaryimage"},"thumbnailUrl":"https:\/\/alegerglobal.com\/wp-content\/uploads\/2019\/01\/Unbenannt-10.jpg","datePublished":"2022-05-17T06:26:15+00:00","dateModified":"2022-05-17T06:26:16+00:00","breadcrumb":{"@id":"https:\/\/alegerglobal.com\/pl\/shop-pl\/akcesoria\/vh-tpro-x2-gniazdo-pokladowe-w-samochodzie\/#breadcrumb"},"inLanguage":"pl-PL","potentialAction":[{"@type":"ReadAction","target":["https:\/\/alegerglobal.com\/pl\/shop-pl\/akcesoria\/vh-tpro-x2-gniazdo-pokladowe-w-samochodzie\/"]}]},{"@type":"ImageObject","inLanguage":"pl-PL","@id":"https:\/\/alegerglobal.com\/pl\/shop-pl\/akcesoria\/vh-tpro-x2-gniazdo-pokladowe-w-samochodzie\/#primaryimage","url":"https:\/\/alegerglobal.com\/wp-content\/uploads\/2019\/01\/Unbenannt-10.jpg","contentUrl":"https:\/\/alegerglobal.com\/wp-content\/uploads\/2019\/01\/Unbenannt-10.jpg","width":800,"height":800},{"@type":"BreadcrumbList","@id":"https:\/\/alegerglobal.com\/pl\/shop-pl\/akcesoria\/vh-tpro-x2-gniazdo-pokladowe-w-samochodzie\/#breadcrumb","itemListElement":[{"@type":"ListItem","position":1,"name":"Home","item":"https:\/\/alegerglobal.com\/pl\/nowosc-strona-glowna\/"},{"@type":"ListItem","position":2,"name":"Produkty","item":"https:\/\/alegerglobal.com\/pl\/produkty\/"},{"@type":"ListItem","position":3,"name":"VH TPRO X2 (gniazdo pok\u0142adowe w samochodzie)"}]},{"@type":"WebSite","@id":"https:\/\/alegerglobal.com\/pl\/#website","url":"https:\/\/alegerglobal.com\/pl\/","name":"ALEGER \u22c6 Augmented Reality","description":"Die besten Augmented Reality (AR) L\u00f6sungen der Welt.","publisher":{"@id":"https:\/\/alegerglobal.com\/pl\/#organization"},"potentialAction":[{"@type":"SearchAction","target":{"@type":"EntryPoint","urlTemplate":"https:\/\/alegerglobal.com\/pl\/?s={search_term_string}"},"query-input":{"@type":"PropertyValueSpecification","valueRequired":true,"valueName":"search_term_string"}}],"inLanguage":"pl-PL"},{"@type":"Organization","@id":"https:\/\/alegerglobal.com\/pl\/#organization","name":"ALEGER \u22c6 Augmented Reality","url":"https:\/\/alegerglobal.com\/pl\/","logo":{"@type":"ImageObject","inLanguage":"pl-PL","@id":"https:\/\/alegerglobal.com\/pl\/#\/schema\/logo\/image\/","url":"https:\/\/alegerglobal.com\/wp-content\/uploads\/2020\/12\/aleger-logo-quadrat.jpg","contentUrl":"https:\/\/alegerglobal.com\/wp-content\/uploads\/2020\/12\/aleger-logo-quadrat.jpg","width":200,"height":176,"caption":"ALEGER \u22c6 Augmented Reality"},"image":{"@id":"https:\/\/alegerglobal.com\/pl\/#\/schema\/logo\/image\/"}}]},"product_brand":"Ecom","product_price_amount":"356.99","product_price_currency":"EUR","og_availability":"instock","product_availability":"instock","product_condition":"new"},"_links":{"self":[{"href":"https:\/\/alegerglobal.com\/pl\/wp-json\/wp\/v2\/product\/33488","targetHints":{"allow":["GET"]}}],"collection":[{"href":"https:\/\/alegerglobal.com\/pl\/wp-json\/wp\/v2\/product"}],"about":[{"href":"https:\/\/alegerglobal.com\/pl\/wp-json\/wp\/v2\/types\/product"}],"replies":[{"embeddable":true,"href":"https:\/\/alegerglobal.com\/pl\/wp-json\/wp\/v2\/comments?post=33488"}],"version-history":[{"count":1,"href":"https:\/\/alegerglobal.com\/pl\/wp-json\/wp\/v2\/product\/33488\/revisions"}],"predecessor-version":[{"id":33489,"href":"https:\/\/alegerglobal.com\/pl\/wp-json\/wp\/v2\/product\/33488\/revisions\/33489"}],"wp:featuredmedia":[{"embeddable":true,"href":"https:\/\/alegerglobal.com\/pl\/wp-json\/wp\/v2\/media\/16505"}],"wp:attachment":[{"href":"https:\/\/alegerglobal.com\/pl\/wp-json\/wp\/v2\/media?parent=33488"}],"wp:term":[{"taxonomy":"product_brand","embeddable":true,"href":"https:\/\/alegerglobal.com\/pl\/wp-json\/wp\/v2\/product_brand?post=33488"},{"taxonomy":"product_cat","embeddable":true,"href":"https:\/\/alegerglobal.com\/pl\/wp-json\/wp\/v2\/product_cat?post=33488"},{"taxonomy":"product_tag","embeddable":true,"href":"https:\/\/alegerglobal.com\/pl\/wp-json\/wp\/v2\/product_tag?post=33488"}],"curies":[{"name":"wp","href":"https:\/\/api.w.org\/{rel}","templated":true}]}}