{"id":33441,"date":"2021-03-11T05:00:05","date_gmt":"2022-05-17T05:59:05","guid":{"rendered":"https:\/\/alegerglobal.com\/bez-kategorii\/getac-v110-116-cala-ip65-mil-std-810h-mil-std461g-windows-10-pro\/"},"modified":"2022-05-17T06:59:05","modified_gmt":"2022-05-17T05:59:05","slug":"getac-v110-2","status":"publish","type":"product","link":"https:\/\/alegerglobal.com\/pl\/shop-pl\/wytrzymaly-laptop\/getac-v110-2\/","title":{"rendered":"Getac V110, 11,6 cala, IP65, MIL-STD-810H, MIL-STD461G, Windows 10 Pro"},"content":{"rendered":"","protected":false},"excerpt":{"rendered":"<ul>\n<li><b>Wytrzyma\u0142y notebook z certyfikatem MIL-STD-810H, IP65 i MIL-STD-461G<\/b><\/li>\n<li><b>Wysoka widoczno\u015b\u0107 w ka\u017cdych warunkach:<\/b><span style=\"font-weight: 400;\"> Wy\u015bwietlacz LumiBond o przek\u0105tnej 11,6 cala i jasno\u015bci 1400 nit\u00f3w<\/span><\/li>\n<li><b>Szybkie uruchamianie systemu i przetwarzanie danych:<\/b><span style=\"font-weight: 400;\"> Bardzo szybki dysk SSD NVMe o pojemno\u015bci 256 GB<\/span><\/li>\n<li><b>Wygodne pisanie:<\/b><span style=\"font-weight: 400;\"> Wi\u0119ksza klawiatura ni\u017c w por\u00f3wnywalnych urz\u0105dzeniach<\/span><\/li>\n<li><b>Telefon kom\u00f3rkowy:<\/b><span style=\"font-weight: 400;\"> 3,9 cm grubo\u015bci i masa ca\u0142kowita wynosz\u0105ca zaledwie 2,1 kg<\/span><\/li>\n<\/ul>\n","protected":false},"featured_media":15961,"comment_status":"open","ping_status":"closed","template":"","meta":{"_acf_changed":false},"product_brand":[],"product_cat":[983,1020],"product_tag":[],"class_list":{"0":"post-33441","1":"product","2":"type-product","3":"status-publish","4":"has-post-thumbnail","6":"product_cat-shop-pl","7":"product_cat-wytrzymaly-laptop","8":"pa_hersteller-getac-pl","10":"first","11":"instock","12":"taxable","13":"shipping-taxable","14":"purchasable","15":"product-type-simple"},"acf":[],"yoast_head":"<!-- This site is optimized with the Yoast SEO Premium plugin v20.10 (Yoast SEO v24.3) - https:\/\/yoast.com\/wordpress\/plugins\/seo\/ -->\n<title>Kup Getac V110 tutaj - ALEGER \u22c6 Augmented Reality<\/title>\n<meta name=\"description\" content=\"Poznaj wytrzyma\u0142y notebook Getac V110, kt\u00f3ry oferuje bardzo wysok\u0105 wydajno\u015b\u0107 i \u0142atwo\u015b\u0107 obs\u0142ugi przy wadze ca\u0142kowitej wynosz\u0105cej zaledwie 2,1 kg.\" \/>\n<meta name=\"robots\" content=\"index, follow, max-snippet:-1, max-image-preview:large, max-video-preview:-1\" \/>\n<meta property=\"og:locale\" content=\"pl_PL\" \/>\n<meta property=\"og:type\" content=\"article\" \/>\n<meta property=\"og:title\" content=\"Getac V110, 11,6 cala, IP65, MIL-STD-810H, MIL-STD461G, Windows 10 Pro\" \/>\n<meta property=\"og:description\" content=\"Poznaj wytrzyma\u0142y notebook Getac V110, kt\u00f3ry oferuje bardzo wysok\u0105 wydajno\u015b\u0107 i \u0142atwo\u015b\u0107 obs\u0142ugi przy wadze ca\u0142kowitej wynosz\u0105cej zaledwie 2,1 kg.\" \/>\n<meta property=\"og:url\" content=\"https:\/\/alegerglobal.com\/pl\/shop-pl\/wytrzymaly-laptop\/getac-v110-2\/\" \/>\n<meta property=\"og:site_name\" content=\"ALEGER \u22c6 Augmented Reality\" \/>\n<meta property=\"og:image\" content=\"https:\/\/alegerglobal.com\/wp-content\/uploads\/2021\/01\/v110_1-1.png\" \/>\n\t<meta property=\"og:image:width\" content=\"1280\" \/>\n\t<meta property=\"og:image:height\" content=\"1280\" \/>\n\t<meta property=\"og:image:type\" content=\"image\/png\" \/>\n<meta name=\"twitter:card\" content=\"summary_large_image\" \/>\n<meta name=\"twitter:label1\" content=\"Cena\" \/>\n\t<meta name=\"twitter:data1\" content=\"&euro;3.123,99\" \/>\n\t<meta name=\"twitter:label2\" content=\"Dost\u0119pno\u015b\u0107\" \/>\n\t<meta name=\"twitter:data2\" content=\"Dost\u0119pny\" \/>\n<script type=\"application\/ld+json\" class=\"yoast-schema-graph\">{\"@context\":\"https:\/\/schema.org\",\"@graph\":[{\"@type\":\"WebPage\",\"@id\":\"https:\/\/alegerglobal.com\/pl\/shop-pl\/wytrzymaly-laptop\/getac-v110-2\/\",\"url\":\"https:\/\/alegerglobal.com\/pl\/shop-pl\/wytrzymaly-laptop\/getac-v110-2\/\",\"name\":\"Kup Getac V110 tutaj - ALEGER \u22c6 Augmented Reality\",\"isPartOf\":{\"@id\":\"https:\/\/alegerglobal.com\/pl\/#website\"},\"primaryImageOfPage\":{\"@id\":\"https:\/\/alegerglobal.com\/pl\/shop-pl\/wytrzymaly-laptop\/getac-v110-2\/#primaryimage\"},\"image\":{\"@id\":\"https:\/\/alegerglobal.com\/pl\/shop-pl\/wytrzymaly-laptop\/getac-v110-2\/#primaryimage\"},\"thumbnailUrl\":\"https:\/\/alegerglobal.com\/wp-content\/uploads\/2021\/01\/v110_1-1.png\",\"datePublished\":\"2022-05-17T05:59:05+00:00\",\"dateModified\":\"2022-05-17T05:59:05+00:00\",\"description\":\"Poznaj wytrzyma\u0142y notebook Getac V110, kt\u00f3ry oferuje bardzo wysok\u0105 wydajno\u015b\u0107 i \u0142atwo\u015b\u0107 obs\u0142ugi przy wadze ca\u0142kowitej wynosz\u0105cej zaledwie 2,1 kg.\",\"breadcrumb\":{\"@id\":\"https:\/\/alegerglobal.com\/pl\/shop-pl\/wytrzymaly-laptop\/getac-v110-2\/#breadcrumb\"},\"inLanguage\":\"pl-PL\",\"potentialAction\":[{\"@type\":\"ReadAction\",\"target\":[\"https:\/\/alegerglobal.com\/pl\/shop-pl\/wytrzymaly-laptop\/getac-v110-2\/\"]}]},{\"@type\":\"ImageObject\",\"inLanguage\":\"pl-PL\",\"@id\":\"https:\/\/alegerglobal.com\/pl\/shop-pl\/wytrzymaly-laptop\/getac-v110-2\/#primaryimage\",\"url\":\"https:\/\/alegerglobal.com\/wp-content\/uploads\/2021\/01\/v110_1-1.png\",\"contentUrl\":\"https:\/\/alegerglobal.com\/wp-content\/uploads\/2021\/01\/v110_1-1.png\",\"width\":1280,\"height\":1280,\"caption\":\"Getac V110\"},{\"@type\":\"BreadcrumbList\",\"@id\":\"https:\/\/alegerglobal.com\/pl\/shop-pl\/wytrzymaly-laptop\/getac-v110-2\/#breadcrumb\",\"itemListElement\":[{\"@type\":\"ListItem\",\"position\":1,\"name\":\"Home\",\"item\":\"https:\/\/alegerglobal.com\/pl\/nowosc-strona-glowna\/\"},{\"@type\":\"ListItem\",\"position\":2,\"name\":\"Produkty\",\"item\":\"https:\/\/alegerglobal.com\/pl\/produkty\/\"},{\"@type\":\"ListItem\",\"position\":3,\"name\":\"Getac V110, 11,6 cala, IP65, MIL-STD-810H, MIL-STD461G, Windows 10 Pro\"}]},{\"@type\":\"WebSite\",\"@id\":\"https:\/\/alegerglobal.com\/pl\/#website\",\"url\":\"https:\/\/alegerglobal.com\/pl\/\",\"name\":\"ALEGER \u22c6 Augmented Reality\",\"description\":\"Die besten Augmented Reality (AR) L\u00f6sungen der Welt.\",\"publisher\":{\"@id\":\"https:\/\/alegerglobal.com\/pl\/#organization\"},\"potentialAction\":[{\"@type\":\"SearchAction\",\"target\":{\"@type\":\"EntryPoint\",\"urlTemplate\":\"https:\/\/alegerglobal.com\/pl\/?s={search_term_string}\"},\"query-input\":{\"@type\":\"PropertyValueSpecification\",\"valueRequired\":true,\"valueName\":\"search_term_string\"}}],\"inLanguage\":\"pl-PL\"},{\"@type\":\"Organization\",\"@id\":\"https:\/\/alegerglobal.com\/pl\/#organization\",\"name\":\"ALEGER \u22c6 Augmented Reality\",\"url\":\"https:\/\/alegerglobal.com\/pl\/\",\"logo\":{\"@type\":\"ImageObject\",\"inLanguage\":\"pl-PL\",\"@id\":\"https:\/\/alegerglobal.com\/pl\/#\/schema\/logo\/image\/\",\"url\":\"https:\/\/alegerglobal.com\/wp-content\/uploads\/2020\/12\/aleger-logo-quadrat.jpg\",\"contentUrl\":\"https:\/\/alegerglobal.com\/wp-content\/uploads\/2020\/12\/aleger-logo-quadrat.jpg\",\"width\":200,\"height\":176,\"caption\":\"ALEGER \u22c6 Augmented Reality\"},\"image\":{\"@id\":\"https:\/\/alegerglobal.com\/pl\/#\/schema\/logo\/image\/\"}}]}<\/script>\n<meta property=\"product:brand\" content=\"Getac\" \/>\n<meta property=\"product:price:amount\" content=\"3123.99\" \/>\n<meta property=\"product:price:currency\" content=\"EUR\" \/>\n<meta property=\"og:availability\" content=\"instock\" \/>\n<meta property=\"product:availability\" content=\"instock\" \/>\n<meta property=\"product:condition\" content=\"new\" \/>\n<!-- \/ Yoast SEO Premium plugin. -->","yoast_head_json":{"title":"Kup Getac V110 tutaj - ALEGER \u22c6 Augmented Reality","description":"Poznaj wytrzyma\u0142y notebook Getac V110, kt\u00f3ry oferuje bardzo wysok\u0105 wydajno\u015b\u0107 i \u0142atwo\u015b\u0107 obs\u0142ugi przy wadze ca\u0142kowitej wynosz\u0105cej zaledwie 2,1 kg.","robots":{"index":"index","follow":"follow","max-snippet":"max-snippet:-1","max-image-preview":"max-image-preview:large","max-video-preview":"max-video-preview:-1"},"og_locale":"pl_PL","og_type":"article","og_title":"Getac V110, 11,6 cala, IP65, MIL-STD-810H, MIL-STD461G, Windows 10 Pro","og_description":"Poznaj wytrzyma\u0142y notebook Getac V110, kt\u00f3ry oferuje bardzo wysok\u0105 wydajno\u015b\u0107 i \u0142atwo\u015b\u0107 obs\u0142ugi przy wadze ca\u0142kowitej wynosz\u0105cej zaledwie 2,1 kg.","og_url":"https:\/\/alegerglobal.com\/pl\/shop-pl\/wytrzymaly-laptop\/getac-v110-2\/","og_site_name":"ALEGER \u22c6 Augmented Reality","og_image":[{"width":1280,"height":1280,"url":"https:\/\/alegerglobal.com\/wp-content\/uploads\/2021\/01\/v110_1-1.png","type":"image\/png"}],"twitter_card":"summary_large_image","twitter_misc":{"Cena":"&euro;3.123,99","Dost\u0119pno\u015b\u0107":"Dost\u0119pny"},"schema":{"@context":"https:\/\/schema.org","@graph":[{"@type":"WebPage","@id":"https:\/\/alegerglobal.com\/pl\/shop-pl\/wytrzymaly-laptop\/getac-v110-2\/","url":"https:\/\/alegerglobal.com\/pl\/shop-pl\/wytrzymaly-laptop\/getac-v110-2\/","name":"Kup Getac V110 tutaj - ALEGER \u22c6 Augmented Reality","isPartOf":{"@id":"https:\/\/alegerglobal.com\/pl\/#website"},"primaryImageOfPage":{"@id":"https:\/\/alegerglobal.com\/pl\/shop-pl\/wytrzymaly-laptop\/getac-v110-2\/#primaryimage"},"image":{"@id":"https:\/\/alegerglobal.com\/pl\/shop-pl\/wytrzymaly-laptop\/getac-v110-2\/#primaryimage"},"thumbnailUrl":"https:\/\/alegerglobal.com\/wp-content\/uploads\/2021\/01\/v110_1-1.png","datePublished":"2022-05-17T05:59:05+00:00","dateModified":"2022-05-17T05:59:05+00:00","description":"Poznaj wytrzyma\u0142y notebook Getac V110, kt\u00f3ry oferuje bardzo wysok\u0105 wydajno\u015b\u0107 i \u0142atwo\u015b\u0107 obs\u0142ugi przy wadze ca\u0142kowitej wynosz\u0105cej zaledwie 2,1 kg.","breadcrumb":{"@id":"https:\/\/alegerglobal.com\/pl\/shop-pl\/wytrzymaly-laptop\/getac-v110-2\/#breadcrumb"},"inLanguage":"pl-PL","potentialAction":[{"@type":"ReadAction","target":["https:\/\/alegerglobal.com\/pl\/shop-pl\/wytrzymaly-laptop\/getac-v110-2\/"]}]},{"@type":"ImageObject","inLanguage":"pl-PL","@id":"https:\/\/alegerglobal.com\/pl\/shop-pl\/wytrzymaly-laptop\/getac-v110-2\/#primaryimage","url":"https:\/\/alegerglobal.com\/wp-content\/uploads\/2021\/01\/v110_1-1.png","contentUrl":"https:\/\/alegerglobal.com\/wp-content\/uploads\/2021\/01\/v110_1-1.png","width":1280,"height":1280,"caption":"Getac V110"},{"@type":"BreadcrumbList","@id":"https:\/\/alegerglobal.com\/pl\/shop-pl\/wytrzymaly-laptop\/getac-v110-2\/#breadcrumb","itemListElement":[{"@type":"ListItem","position":1,"name":"Home","item":"https:\/\/alegerglobal.com\/pl\/nowosc-strona-glowna\/"},{"@type":"ListItem","position":2,"name":"Produkty","item":"https:\/\/alegerglobal.com\/pl\/produkty\/"},{"@type":"ListItem","position":3,"name":"Getac V110, 11,6 cala, IP65, MIL-STD-810H, MIL-STD461G, Windows 10 Pro"}]},{"@type":"WebSite","@id":"https:\/\/alegerglobal.com\/pl\/#website","url":"https:\/\/alegerglobal.com\/pl\/","name":"ALEGER \u22c6 Augmented Reality","description":"Die besten Augmented Reality (AR) L\u00f6sungen der Welt.","publisher":{"@id":"https:\/\/alegerglobal.com\/pl\/#organization"},"potentialAction":[{"@type":"SearchAction","target":{"@type":"EntryPoint","urlTemplate":"https:\/\/alegerglobal.com\/pl\/?s={search_term_string}"},"query-input":{"@type":"PropertyValueSpecification","valueRequired":true,"valueName":"search_term_string"}}],"inLanguage":"pl-PL"},{"@type":"Organization","@id":"https:\/\/alegerglobal.com\/pl\/#organization","name":"ALEGER \u22c6 Augmented Reality","url":"https:\/\/alegerglobal.com\/pl\/","logo":{"@type":"ImageObject","inLanguage":"pl-PL","@id":"https:\/\/alegerglobal.com\/pl\/#\/schema\/logo\/image\/","url":"https:\/\/alegerglobal.com\/wp-content\/uploads\/2020\/12\/aleger-logo-quadrat.jpg","contentUrl":"https:\/\/alegerglobal.com\/wp-content\/uploads\/2020\/12\/aleger-logo-quadrat.jpg","width":200,"height":176,"caption":"ALEGER \u22c6 Augmented Reality"},"image":{"@id":"https:\/\/alegerglobal.com\/pl\/#\/schema\/logo\/image\/"}}]},"product_brand":"Getac","product_price_amount":"3123.99","product_price_currency":"EUR","og_availability":"instock","product_availability":"instock","product_condition":"new"},"_links":{"self":[{"href":"https:\/\/alegerglobal.com\/pl\/wp-json\/wp\/v2\/product\/33441","targetHints":{"allow":["GET"]}}],"collection":[{"href":"https:\/\/alegerglobal.com\/pl\/wp-json\/wp\/v2\/product"}],"about":[{"href":"https:\/\/alegerglobal.com\/pl\/wp-json\/wp\/v2\/types\/product"}],"replies":[{"embeddable":true,"href":"https:\/\/alegerglobal.com\/pl\/wp-json\/wp\/v2\/comments?post=33441"}],"version-history":[{"count":0,"href":"https:\/\/alegerglobal.com\/pl\/wp-json\/wp\/v2\/product\/33441\/revisions"}],"wp:featuredmedia":[{"embeddable":true,"href":"https:\/\/alegerglobal.com\/pl\/wp-json\/wp\/v2\/media\/15961"}],"wp:attachment":[{"href":"https:\/\/alegerglobal.com\/pl\/wp-json\/wp\/v2\/media?parent=33441"}],"wp:term":[{"taxonomy":"product_brand","embeddable":true,"href":"https:\/\/alegerglobal.com\/pl\/wp-json\/wp\/v2\/product_brand?post=33441"},{"taxonomy":"product_cat","embeddable":true,"href":"https:\/\/alegerglobal.com\/pl\/wp-json\/wp\/v2\/product_cat?post=33441"},{"taxonomy":"product_tag","embeddable":true,"href":"https:\/\/alegerglobal.com\/pl\/wp-json\/wp\/v2\/product_tag?post=33441"}],"curies":[{"name":"wp","href":"https:\/\/api.w.org\/{rel}","templated":true}]}}