{"id":52298,"date":"2026-02-16T18:39:10","date_gmt":"2026-02-16T17:39:10","guid":{"rendered":"https:\/\/alegerglobal.com\/polityka-prywatnosci\/"},"modified":"2026-02-16T18:39:10","modified_gmt":"2026-02-16T17:39:10","slug":"polityka-prywatnosci","status":"publish","type":"page","link":"https:\/\/alegerglobal.com\/pl\/polityka-prywatnosci\/","title":{"rendered":"Polityka prywatno\u015bci"},"content":{"rendered":"\t\t<div data-elementor-type=\"wp-page\" data-elementor-id=\"52298\" class=\"elementor elementor-52298 elementor-2324\" data-elementor-settings=\"{&quot;ha_cmc_init_switcher&quot;:&quot;no&quot;}\" data-elementor-post-type=\"page\">\n\t\t\t\t\t\t<section class=\"elementor-section elementor-top-section elementor-element elementor-element-5df78ad elementor-section-height-min-height elementor-section-stretched elementor-section-boxed elementor-section-height-default elementor-section-items-middle\" data-id=\"5df78ad\" data-element_type=\"section\" data-settings=\"{&quot;stretch_section&quot;:&quot;section-stretched&quot;,&quot;background_background&quot;:&quot;classic&quot;,&quot;jet_parallax_layout_list&quot;:[],&quot;_ha_eqh_enable&quot;:false}\">\n\t\t\t\t\t\t<div class=\"elementor-container elementor-column-gap-default\">\n\t\t\t\t\t<div class=\"elementor-column elementor-col-100 elementor-top-column elementor-element elementor-element-4f7874d\" data-id=\"4f7874d\" data-element_type=\"column\">\n\t\t\t<div class=\"elementor-widget-wrap elementor-element-populated\">\n\t\t\t\t\t\t<div class=\"elementor-element elementor-element-78de4ad elementor-widget elementor-widget-heading\" data-id=\"78de4ad\" data-element_type=\"widget\" data-widget_type=\"heading.default\">\n\t\t\t\t<div class=\"elementor-widget-container\">\n\t\t\t\t\t<h1 class=\"elementor-heading-title elementor-size-default\">POLITYKA PRYWATNO\u015aCI<\/h1>\t\t\t\t<\/div>\n\t\t\t\t<\/div>\n\t\t\t\t\t<\/div>\n\t\t<\/div>\n\t\t\t\t\t<\/div>\n\t\t<\/section>\n\t\t\t\t<section class=\"elementor-section elementor-top-section elementor-element elementor-element-419406e elementor-section-boxed elementor-section-height-default elementor-section-height-default\" data-id=\"419406e\" data-element_type=\"section\" data-settings=\"{&quot;jet_parallax_layout_list&quot;:[],&quot;_ha_eqh_enable&quot;:false}\">\n\t\t\t\t\t\t<div class=\"elementor-container elementor-column-gap-default\">\n\t\t\t\t\t<div class=\"elementor-column elementor-col-100 elementor-top-column elementor-element elementor-element-f3be6d9\" data-id=\"f3be6d9\" data-element_type=\"column\">\n\t\t\t<div class=\"elementor-widget-wrap elementor-element-populated\">\n\t\t\t\t\t\t<div class=\"elementor-element elementor-element-56b275c elementor-widget elementor-widget-text-editor\" data-id=\"56b275c\" data-element_type=\"widget\" data-widget_type=\"text-editor.default\">\n\t\t\t\t<div class=\"elementor-widget-container\">\n\t\t\t\t\t\t\t\t\t<div class=\"policy-text\">\n<div class=\"wp-suggested-text hide-privacy-policy-tutorial\">\n<h3>Jakie dane osobowe gromadzimy i dlaczego je gromadzimy<\/h3>\n<h3> <\/h3>\n<h3>Komentarze<\/h3>\n<p>Gdy odwiedzaj\u0105cy publikuj\u0105 komentarze na stronie internetowej, zbieramy dane wy\u015bwietlane w formularzu komentarza, adres IP odwiedzaj\u0105cego i ci\u0105g agenta u\u017cytkownika (kt\u00f3ry identyfikuje przegl\u0105dark\u0119), aby pom\u00f3c w rozpoznawaniu spamu.<\/p>\n<p>Anonimowy ci\u0105g znak\u00f3w (znany r\u00f3wnie\u017c jako hash) mo\u017ce zosta\u0107 utworzony z Twojego adresu e-mail i przekazany do us\u0142ugi Gravatar w celu sprawdzenia, czy go u\u017cywasz. Polityk\u0119 prywatno\u015bci us\u0142ugi Gravatar mo\u017cna znale\u017a\u0107 tutaj: https:\/\/automattic.com\/privacy\/. Po zatwierdzeniu komentarza zdj\u0119cie profilowe u\u017cytkownika b\u0119dzie widoczne publicznie w kontek\u015bcie komentarza. <\/p>\n<h3> <\/h3>\n<h3>Media<\/h3>\n<p>Je\u015bli jeste\u015b zarejestrowanym u\u017cytkownikiem i przesy\u0142asz zdj\u0119cia do tej witryny, powiniene\u015b unika\u0107 przesy\u0142ania zdj\u0119\u0107 z lokalizacj\u0105 EXIF GPS. Odwiedzaj\u0105cy t\u0119 witryn\u0119 mogliby pobra\u0107 zdj\u0119cia przechowywane w tej witrynie i wyodr\u0119bni\u0107 informacje o ich lokalizacji. <\/p>\n<h3> <\/h3>\n<h3>Formularze kontaktowe Pliki cookie<\/h3>\n<p>Je\u015bli napiszesz komentarz na naszej stronie internetowej, mo\u017ce to by\u0107 zgoda na zapisanie Twojego imienia i nazwiska, adresu e-mail i strony internetowej w plikach cookie. Jest to wygodna funkcja, dzi\u0119ki kt\u00f3rej nie musisz ponownie wprowadza\u0107 wszystkich tych danych podczas pisania kolejnego komentarza. Te pliki cookie s\u0105 przechowywane przez rok.  <\/p>\n<p>Je\u015bli masz konto i zalogujesz si\u0119 na tej stronie, ustawimy tymczasowy plik cookie, aby okre\u015bli\u0107, czy Twoja przegl\u0105darka akceptuje pliki cookie. Ten plik cookie nie zawiera \u017cadnych danych osobowych i zostanie usuni\u0119ty po zamkni\u0119ciu przegl\u0105darki. <\/p>\n<p>Podczas rejestracji skonfigurujemy pliki cookie do przechowywania danych logowania i opcji wy\u015bwietlania. Pliki cookie logowania wygasaj\u0105 po dw\u00f3ch dniach, a pliki cookie opcji wy\u015bwietlania po roku. Je\u015bli podczas logowania wybierzesz opcj\u0119 &#8222;Pozosta\u0144 zalogowany&#8221;, Tw\u00f3j login b\u0119dzie przechowywany przez dwa tygodnie. Po wylogowaniu si\u0119 z konta pliki cookie logowania s\u0105 usuwane.   <\/p>\n<p>Gdy edytujesz lub publikujesz artyku\u0142, w Twojej przegl\u0105darce zapisywany jest dodatkowy plik cookie. Ten plik cookie nie zawiera \u017cadnych danych osobowych i odnosi si\u0119 tylko do identyfikatora posta artyku\u0142u, kt\u00f3ry w\u0142a\u015bnie edytowa\u0142e\u015b. Plik cookie wygasa po jednym dniu.  <\/p>\n<h3> <\/h3>\n<h3>Osadzona zawarto\u015b\u0107 z innych stron internetowych<\/h3>\n<p>Posty na tej stronie mog\u0105 zawiera\u0107 osadzone tre\u015bci (np. filmy, obrazy, artyku\u0142y itp.). Osadzone tre\u015bci z innych witryn zachowuj\u0105 si\u0119 dok\u0142adnie tak, jakby u\u017cytkownik odwiedzi\u0142 inn\u0105 witryn\u0119. <\/p>\n<p>Witryny te mog\u0105 gromadzi\u0107 dane o u\u017cytkowniku, wykorzystywa\u0107 pliki cookie, osadza\u0107 dodatkowe us\u0142ugi \u015bledzenia stron trzecich i rejestrowa\u0107 interakcj\u0119 u\u017cytkownika z osadzon\u0105 zawarto\u015bci\u0105, w tym interakcj\u0119 z osadzon\u0105 zawarto\u015bci\u0105, je\u015bli u\u017cytkownik ma konto i jest zalogowany w tej witrynie.<\/p>\n<h3> <\/h3>\n<h3>Us\u0142ugi analityczne<\/h3>\n<h2> <\/h2>\n<h2>Komu udost\u0119pniamy dane u\u017cytkownika<\/h2>\n<h2>Jak d\u0142ugo przechowujemy dane u\u017cytkownika<\/h2>\n<p>Po napisaniu komentarza jest on zapisywany na czas nieokre\u015blony, \u0142\u0105cznie z metadanymi. W ten spos\u00f3b mo\u017cemy automatycznie rozpoznawa\u0107 i zatwierdza\u0107 kolejne komentarze, zamiast trzyma\u0107 je w kolejce moderacji. <\/p>\n<p>W przypadku u\u017cytkownik\u00f3w, kt\u00f3rzy zarejestruj\u0105 si\u0119 na naszej stronie internetowej, przechowujemy r\u00f3wnie\u017c podane przez nich dane osobowe w ich profilach u\u017cytkownika. Wszyscy u\u017cytkownicy mog\u0105 przegl\u0105da\u0107, zmienia\u0107 lub usuwa\u0107 swoje dane osobowe w dowolnym momencie (nazwa u\u017cytkownika nie mo\u017ce zosta\u0107 zmieniona). Administratorzy strony r\u00f3wnie\u017c mog\u0105 przegl\u0105da\u0107 i zmienia\u0107 te informacje.  <\/p>\n<h2>Jakie prawa przys\u0142uguj\u0105 u\u017cytkownikowi w odniesieniu do jego danych<\/h2>\n<p>Je\u015bli masz konto na tej stronie lub napisa\u0142e\u015b komentarze, mo\u017cesz za\u017c\u0105da\u0107 od nas eksportu swoich danych osobowych, w tym wszelkich danych, kt\u00f3re nam przekaza\u0142e\u015b. Ponadto u\u017cytkownik mo\u017ce za\u017c\u0105da\u0107 usuni\u0119cia wszystkich danych osobowych, kt\u00f3re przechowujemy na jego temat. Nie obejmuje to danych, kt\u00f3re musimy zachowa\u0107 do cel\u00f3w administracyjnych, prawnych lub bezpiecze\u0144stwa.  <\/p>\n<h2> <\/h2>\n<h2>Gdzie wysy\u0142amy dane u\u017cytkownika<\/h2>\n<p>Komentarze odwiedzaj\u0105cych mog\u0105 by\u0107 analizowane przez automatyczn\u0105 us\u0142ug\u0119 wykrywania spamu.<\/p>\n<div class=\"policy-text hide-privacy-policy-tutorial\">\n<div class=\"policy-text\">\n<div class=\"wp-suggested-text hide-privacy-policy-tutorial\">\n<h2> <\/h2>\n<h2>Co zbieramy i przechowujemy<\/h2>\n<p>Gromadzimy informacje o u\u017cytkowniku podczas procesu sk\u0142adania zam\u00f3wienia w naszym sklepie.<\/p>\n<p>Rejestrujemy odwiedziny u\u017cytkownika na naszej stronie internetowej:<\/p>\n<ul>\n<li>Przegl\u0105dane produkty: Tutaj wy\u015bwietlane s\u0105 ostatnio przegl\u0105dane produkty.<\/li>\n<li>Lokalizacja, adres IP i typ przegl\u0105darki: U\u017cywamy tego do cel\u00f3w takich jak szacowanie podatk\u00f3w i koszt\u00f3w wysy\u0142ki.<\/li>\n<li>Adres wysy\u0142ki: Poprosimy Ci\u0119 o jego podanie, aby\u015bmy mogli na przyk\u0142ad okre\u015bli\u0107 koszty wysy\u0142ki przed z\u0142o\u017ceniem zam\u00f3wienia i wys\u0142a\u0107 zam\u00f3wienie do Ciebie.<\/li>\n<\/ul>\n<p>U\u017cywamy r\u00f3wnie\u017c plik\u00f3w cookie do \u015bledzenia zawarto\u015bci koszyka podczas odwiedzania naszej witryny.<\/p>\n<p>Podczas zakup\u00f3w u nas poprosimy Ci\u0119 o podanie takich informacji, jak imi\u0119 i nazwisko, adres rozliczeniowy i adres wysy\u0142ki, adres e-mail i numer telefonu, dane karty kredytowej \/ szczeg\u00f3\u0142y p\u0142atno\u015bci oraz opcjonalne informacje o koncie, takie jak nazwa u\u017cytkownika i has\u0142o. U\u017cywamy tych informacji do nast\u0119puj\u0105cych cel\u00f3w: <\/p>\n<ul>\n<li>Wysy\u0142anie informacji o koncie i zam\u00f3wieniu<\/li>\n<li>Reakcja na zapytania u\u017cytkownik\u00f3w, w tym zwroty i reklamacje<\/li>\n<li>Przetwarzanie transakcji p\u0142atniczych i zapobieganie oszustwom<\/li>\n<li>Za\u0142\u00f3\u017c konto w naszym sklepie<\/li>\n<li>Zgodno\u015b\u0107 ze wszystkimi zobowi\u0105zaniami prawnymi, takimi jak obliczanie podatk\u00f3w<\/li>\n<li>Ulepszenie oferty naszego sklepu<\/li>\n<li>Wysy\u0142anie wiadomo\u015bci marketingowych, je\u015bli u\u017cytkownik chce je otrzymywa\u0107<\/li>\n<\/ul>\n<p>Podczas tworzenia konta u nas przechowujemy imi\u0119 i nazwisko, adres, adres e-mail i numer telefonu. Dane te zostan\u0105 wykorzystane do wype\u0142nienia informacji o p\u0142atno\u015bci dla przysz\u0142ych zam\u00f3wie\u0144. <\/p>\n<p>Zazwyczaj przechowujemy informacje o u\u017cytkowniku tak d\u0142ugo, jak potrzebujemy ich do cel\u00f3w, dla kt\u00f3rych zosta\u0142y zebrane i wykorzystane oraz jeste\u015bmy zobowi\u0105zani do ich przechowywania. Na przyk\u0142ad przechowujemy informacje o zam\u00f3wieniach przez XXX lat do cel\u00f3w podatkowych i rozliczeniowych. Obejmuje to imi\u0119 i nazwisko, adres e-mail, adres rozliczeniowy i adres wysy\u0142ki.  <\/p>\n<p>Zapisujemy r\u00f3wnie\u017c komentarze lub oceny, je\u015bli zdecydujesz si\u0119 je zostawi\u0107.<\/p>\n<h2> <\/h2>\n<h2>Kto w naszym zespole ma dost\u0119p<\/h2>\n<p>Cz\u0142onkowie naszego zespo\u0142u maj\u0105 dost\u0119p do informacji, kt\u00f3re nam przekazujesz. Na przyk\u0142ad zar\u00f3wno administratorzy, jak i kierownicy sklep\u00f3w maj\u0105 dost\u0119p do nast\u0119puj\u0105cych danych: <\/p>\n<ul>\n<li>Informacje o zam\u00f3wieniu, takie jak zakupione produkty, czas zakupu i adres wysy\u0142ki oraz<\/li>\n<li>Informacje o kliencie, takie jak imi\u0119 i nazwisko, adres e-mail, informacje rozliczeniowe i wysy\u0142kowe.<\/li>\n<\/ul>\n<p>Cz\u0142onkowie naszego zespo\u0142u maj\u0105 dost\u0119p do tych informacji w celu przetwarzania zam\u00f3wie\u0144, dokonywania zwrot\u00f3w i udzielania wsparcia.<\/p>\n<h3> <\/h3>\n<h3>P\u0142atno\u015bci<\/h3>\n<p>Akceptujemy p\u0142atno\u015bci za po\u015brednictwem PayPal. Podczas przetwarzania p\u0142atno\u015bci niekt\u00f3re dane u\u017cytkownika zostan\u0105 przekazane firmie PayPal. Przekazane zostan\u0105 tylko informacje niezb\u0119dne do przetworzenia lub realizacji p\u0142atno\u015bci, takie jak ca\u0142kowita cena zakupu i informacje o p\u0142atno\u015bci.  <\/p>\n<p><a href=\"https:\/\/www.paypal.com\/us\/webapps\/mpp\/ua\/privacy-full\">Polityk\u0119 prywatno\u015bci PayPal<\/a> mo\u017cna wy\u015bwietli\u0107 tutaj.<\/p>\n<h3> <\/h3>\n<h3>WPML<\/h3>\n<div class=\"policy-text hide-privacy-policy-tutorial\">\n<p>WPML u\u017cywa plik\u00f3w cookie do okre\u015blenia bie\u017c\u0105cego j\u0119zyka odwiedzaj\u0105cego, ostatnio odwiedzanego j\u0119zyka i j\u0119zyka u\u017cytkownik\u00f3w, kt\u00f3rzy si\u0119 zalogowali.<\/p>\n<p>Podczas korzystania z wtyczki WPML udost\u0119pnia dane dotycz\u0105ce strony za po\u015brednictwem instalatora. \u017badne dane nie s\u0105 udost\u0119pniane przez samego u\u017cytkownika. <\/p>\n<div class=\"policy-text hide-privacy-policy-tutorial\">\n<h3> <\/h3>\n<h3>YouTube<\/h3>\n<p>Nasza strona korzysta z wtyczek serwisu YouTube, kt\u00f3ry jest obs\u0142ugiwany przez Google. Operatorem stron jest YouTube LLC, 901 Cherry Ave, San Bruno, CA 94066, USA.<\/p>\n<p>Je\u015bli u\u017cytkownik odwiedza jedn\u0105 z naszych stron zawieraj\u0105cych wtyczk\u0119 YouTube, nawi\u0105zywane jest po\u0142\u0105czenie z serwerami YouTube. Serwer YouTube jest informowany o tym, kt\u00f3re z naszych stron odwiedzi\u0142 u\u017cytkownik. <\/p>\n<p>Je\u015bli jeste\u015b zalogowany na swoje konto YouTube, YouTube umo\u017cliwia powi\u0105zanie Twojego zachowania podczas przegl\u0105dania bezpo\u015brednio z Twoim osobistym profilem. Mo\u017cna temu zapobiec, wylogowuj\u0105c si\u0119 z konta YouTube. <\/p>\n<p>Serwis YouTube jest wykorzystywany w celu uatrakcyjnienia naszej strony internetowej. Stanowi to uzasadniony interes zgodnie z art. 6 (1) (f) RODO. <\/p>\n<p>Wi\u0119cej informacji na temat przetwarzania danych u\u017cytkownik\u00f3w mo\u017cna znale\u017a\u0107 w o\u015bwiadczeniu o ochronie danych YouTube pod adresem <a href=\"https:\/\/www.google.de\/intl\/de\/policies\/privacy\" target=\"_blank\" rel=\"noopener noreferrer\">https:\/\/www.google.de\/intl\/de\/policies\/privacy.<\/a><\/p>\n<h3> <\/h3>\n<h3>Czcionki internetowe Google<\/h3>\n<p>W celu zapewnienia jednolitej reprezentacji czcionek, ta strona korzysta z czcionek internetowych dostarczanych przez Google. Po otwarciu strony przegl\u0105darka \u0142aduje wymagane czcionki internetowe do pami\u0119ci podr\u0119cznej przegl\u0105darki, aby poprawnie wy\u015bwietla\u0107 teksty i czcionki. <\/p>\n<p>W tym celu przegl\u0105darka u\u017cytkownika musi nawi\u0105za\u0107 bezpo\u015brednie po\u0142\u0105czenie z serwerami Google. W ten spos\u00f3b Google dowiaduje si\u0119, \u017ce nasza strona internetowa zosta\u0142a wywo\u0142ana za po\u015brednictwem adresu IP u\u017cytkownika. Korzystanie z czcionek internetowych Google odbywa si\u0119 w interesie jednolitej i atrakcyjnej prezentacji naszej wtyczki. Stanowi to uzasadniony interes zgodnie z art. 6 ust. 1 lit. f) RODO.   <\/p>\n<p>Je\u015bli przegl\u0105darka nie obs\u0142uguje czcionek internetowych, komputer u\u017cywa standardowej czcionki.<\/p>\n<p>Wi\u0119cej informacji na temat przetwarzania danych u\u017cytkownik\u00f3w mo\u017cna znale\u017a\u0107 na stronie <a href=\"https:\/\/developers.google.com\/fonts\/faq\" target=\"_blank\" rel=\"noopener noreferrer\">https:\/\/developers.google.com\/fonts\/faq<\/a> oraz w polityce prywatno\u015bci Google pod adresem <a href=\"https:\/\/www.google.com\/policies\/privacy\/\" target=\"_blank\" rel=\"noopener noreferrer\">https:\/\/www.google.com\/policies\/privacy\/.<\/a><\/p>\n<\/p>\n<h3>Rezygnacja z Google Analytics<\/h3>\n\n<\/div>\n<\/div>\n<\/div>\n<\/div>\n<\/div>\n<\/div>\n<\/div>\n\t\t\t\t\t\t\t\t<\/div>\n\t\t\t\t<\/div>\n\t\t\t\t\t<\/div>\n\t\t<\/div>\n\t\t\t\t\t<\/div>\n\t\t<\/section>\n\t\t\t\t<\/div>\n\t\t","protected":false},"excerpt":{"rendered":"<p>POLITYKA PRYWATNO\u015aCI Jakie dane osobowe gromadzimy i dlaczego je gromadzimy Komentarze Gdy odwiedzaj\u0105cy publikuj\u0105 komentarze na stronie internetowej, zbieramy dane wy\u015bwietlane w formularzu komentarza, adres IP odwiedzaj\u0105cego i ci\u0105g agenta u\u017cytkownika (kt\u00f3ry identyfikuje przegl\u0105dark\u0119), aby pom\u00f3c w rozpoznawaniu spamu. Anonimowy ci\u0105g znak\u00f3w (znany r\u00f3wnie\u017c jako hash) mo\u017ce zosta\u0107 utworzony z Twojego adresu e-mail i przekazany [&hellip;]<\/p>\n","protected":false},"author":3,"featured_media":0,"parent":0,"menu_order":0,"comment_status":"closed","ping_status":"closed","template":"","meta":{"_acf_changed":false,"footnotes":""},"class_list":["post-52298","page","type-page","status-publish","hentry"],"acf":[],"yoast_head":"<!-- This site is optimized with the Yoast SEO Premium plugin v20.10 (Yoast SEO v24.3) - https:\/\/yoast.com\/wordpress\/plugins\/seo\/ -->\n<title>- ALEGER \u22c6 Augmented Reality<\/title>\n<meta name=\"robots\" content=\"noindex, nofollow\" \/>\n<meta property=\"og:locale\" content=\"pl_PL\" \/>\n<meta property=\"og:type\" content=\"article\" \/>\n<meta property=\"og:title\" content=\"Polityka prywatno\u015bci\" \/>\n<meta property=\"og:description\" content=\"POLITYKA PRYWATNO\u015aCI Jakie dane osobowe gromadzimy i dlaczego je gromadzimy Komentarze Gdy odwiedzaj\u0105cy publikuj\u0105 komentarze na stronie internetowej, zbieramy dane wy\u015bwietlane w formularzu komentarza, adres IP odwiedzaj\u0105cego i ci\u0105g agenta u\u017cytkownika (kt\u00f3ry identyfikuje przegl\u0105dark\u0119), aby pom\u00f3c w rozpoznawaniu spamu. Anonimowy ci\u0105g znak\u00f3w (znany r\u00f3wnie\u017c jako hash) mo\u017ce zosta\u0107 utworzony z Twojego adresu e-mail i przekazany [&hellip;]\" \/>\n<meta property=\"og:url\" content=\"https:\/\/alegerglobal.com\/pl\/polityka-prywatnosci\/\" \/>\n<meta property=\"og:site_name\" content=\"ALEGER \u22c6 Augmented Reality\" \/>\n<meta name=\"twitter:card\" content=\"summary_large_image\" \/>\n<meta name=\"twitter:label1\" content=\"Szacowany czas czytania\" \/>\n\t<meta name=\"twitter:data1\" content=\"7 minut\" \/>\n<script type=\"application\/ld+json\" class=\"yoast-schema-graph\">{\"@context\":\"https:\/\/schema.org\",\"@graph\":[{\"@type\":\"WebPage\",\"@id\":\"https:\/\/alegerglobal.com\/pl\/polityka-prywatnosci\/\",\"url\":\"https:\/\/alegerglobal.com\/pl\/polityka-prywatnosci\/\",\"name\":\"- ALEGER \u22c6 Augmented Reality\",\"isPartOf\":{\"@id\":\"https:\/\/alegerglobal.com\/pl\/#website\"},\"datePublished\":\"2026-02-16T17:39:10+00:00\",\"dateModified\":\"2026-02-16T17:39:10+00:00\",\"breadcrumb\":{\"@id\":\"https:\/\/alegerglobal.com\/pl\/polityka-prywatnosci\/#breadcrumb\"},\"inLanguage\":\"pl-PL\",\"potentialAction\":[{\"@type\":\"ReadAction\",\"target\":[\"https:\/\/alegerglobal.com\/pl\/polityka-prywatnosci\/\"]}]},{\"@type\":\"BreadcrumbList\",\"@id\":\"https:\/\/alegerglobal.com\/pl\/polityka-prywatnosci\/#breadcrumb\",\"itemListElement\":[{\"@type\":\"ListItem\",\"position\":1,\"name\":\"Home\",\"item\":\"https:\/\/alegerglobal.com\/pl\/nowosc-strona-glowna\/\"},{\"@type\":\"ListItem\",\"position\":2,\"name\":\"Polityka prywatno\u015bci\"}]},{\"@type\":\"WebSite\",\"@id\":\"https:\/\/alegerglobal.com\/pl\/#website\",\"url\":\"https:\/\/alegerglobal.com\/pl\/\",\"name\":\"ALEGER \u22c6 Augmented Reality\",\"description\":\"Die besten Augmented Reality (AR) L\u00f6sungen der Welt.\",\"publisher\":{\"@id\":\"https:\/\/alegerglobal.com\/pl\/#organization\"},\"potentialAction\":[{\"@type\":\"SearchAction\",\"target\":{\"@type\":\"EntryPoint\",\"urlTemplate\":\"https:\/\/alegerglobal.com\/pl\/?s={search_term_string}\"},\"query-input\":{\"@type\":\"PropertyValueSpecification\",\"valueRequired\":true,\"valueName\":\"search_term_string\"}}],\"inLanguage\":\"pl-PL\"},{\"@type\":\"Organization\",\"@id\":\"https:\/\/alegerglobal.com\/pl\/#organization\",\"name\":\"ALEGER \u22c6 Augmented Reality\",\"url\":\"https:\/\/alegerglobal.com\/pl\/\",\"logo\":{\"@type\":\"ImageObject\",\"inLanguage\":\"pl-PL\",\"@id\":\"https:\/\/alegerglobal.com\/pl\/#\/schema\/logo\/image\/\",\"url\":\"https:\/\/alegerglobal.com\/wp-content\/uploads\/2020\/12\/aleger-logo-quadrat.jpg\",\"contentUrl\":\"https:\/\/alegerglobal.com\/wp-content\/uploads\/2020\/12\/aleger-logo-quadrat.jpg\",\"width\":200,\"height\":176,\"caption\":\"ALEGER \u22c6 Augmented Reality\"},\"image\":{\"@id\":\"https:\/\/alegerglobal.com\/pl\/#\/schema\/logo\/image\/\"}}]}<\/script>\n<!-- \/ Yoast SEO Premium plugin. -->","yoast_head_json":{"title":"- ALEGER \u22c6 Augmented Reality","robots":{"index":"noindex","follow":"nofollow"},"og_locale":"pl_PL","og_type":"article","og_title":"Polityka prywatno\u015bci","og_description":"POLITYKA PRYWATNO\u015aCI Jakie dane osobowe gromadzimy i dlaczego je gromadzimy Komentarze Gdy odwiedzaj\u0105cy publikuj\u0105 komentarze na stronie internetowej, zbieramy dane wy\u015bwietlane w formularzu komentarza, adres IP odwiedzaj\u0105cego i ci\u0105g agenta u\u017cytkownika (kt\u00f3ry identyfikuje przegl\u0105dark\u0119), aby pom\u00f3c w rozpoznawaniu spamu. Anonimowy ci\u0105g znak\u00f3w (znany r\u00f3wnie\u017c jako hash) mo\u017ce zosta\u0107 utworzony z Twojego adresu e-mail i przekazany [&hellip;]","og_url":"https:\/\/alegerglobal.com\/pl\/polityka-prywatnosci\/","og_site_name":"ALEGER \u22c6 Augmented Reality","twitter_card":"summary_large_image","twitter_misc":{"Szacowany czas czytania":"7 minut"},"schema":{"@context":"https:\/\/schema.org","@graph":[{"@type":"WebPage","@id":"https:\/\/alegerglobal.com\/pl\/polityka-prywatnosci\/","url":"https:\/\/alegerglobal.com\/pl\/polityka-prywatnosci\/","name":"- ALEGER \u22c6 Augmented Reality","isPartOf":{"@id":"https:\/\/alegerglobal.com\/pl\/#website"},"datePublished":"2026-02-16T17:39:10+00:00","dateModified":"2026-02-16T17:39:10+00:00","breadcrumb":{"@id":"https:\/\/alegerglobal.com\/pl\/polityka-prywatnosci\/#breadcrumb"},"inLanguage":"pl-PL","potentialAction":[{"@type":"ReadAction","target":["https:\/\/alegerglobal.com\/pl\/polityka-prywatnosci\/"]}]},{"@type":"BreadcrumbList","@id":"https:\/\/alegerglobal.com\/pl\/polityka-prywatnosci\/#breadcrumb","itemListElement":[{"@type":"ListItem","position":1,"name":"Home","item":"https:\/\/alegerglobal.com\/pl\/nowosc-strona-glowna\/"},{"@type":"ListItem","position":2,"name":"Polityka prywatno\u015bci"}]},{"@type":"WebSite","@id":"https:\/\/alegerglobal.com\/pl\/#website","url":"https:\/\/alegerglobal.com\/pl\/","name":"ALEGER \u22c6 Augmented Reality","description":"Die besten Augmented Reality (AR) L\u00f6sungen der Welt.","publisher":{"@id":"https:\/\/alegerglobal.com\/pl\/#organization"},"potentialAction":[{"@type":"SearchAction","target":{"@type":"EntryPoint","urlTemplate":"https:\/\/alegerglobal.com\/pl\/?s={search_term_string}"},"query-input":{"@type":"PropertyValueSpecification","valueRequired":true,"valueName":"search_term_string"}}],"inLanguage":"pl-PL"},{"@type":"Organization","@id":"https:\/\/alegerglobal.com\/pl\/#organization","name":"ALEGER \u22c6 Augmented Reality","url":"https:\/\/alegerglobal.com\/pl\/","logo":{"@type":"ImageObject","inLanguage":"pl-PL","@id":"https:\/\/alegerglobal.com\/pl\/#\/schema\/logo\/image\/","url":"https:\/\/alegerglobal.com\/wp-content\/uploads\/2020\/12\/aleger-logo-quadrat.jpg","contentUrl":"https:\/\/alegerglobal.com\/wp-content\/uploads\/2020\/12\/aleger-logo-quadrat.jpg","width":200,"height":176,"caption":"ALEGER \u22c6 Augmented Reality"},"image":{"@id":"https:\/\/alegerglobal.com\/pl\/#\/schema\/logo\/image\/"}}]}},"_links":{"self":[{"href":"https:\/\/alegerglobal.com\/pl\/wp-json\/wp\/v2\/pages\/52298","targetHints":{"allow":["GET"]}}],"collection":[{"href":"https:\/\/alegerglobal.com\/pl\/wp-json\/wp\/v2\/pages"}],"about":[{"href":"https:\/\/alegerglobal.com\/pl\/wp-json\/wp\/v2\/types\/page"}],"author":[{"embeddable":true,"href":"https:\/\/alegerglobal.com\/pl\/wp-json\/wp\/v2\/users\/3"}],"replies":[{"embeddable":true,"href":"https:\/\/alegerglobal.com\/pl\/wp-json\/wp\/v2\/comments?post=52298"}],"version-history":[{"count":1,"href":"https:\/\/alegerglobal.com\/pl\/wp-json\/wp\/v2\/pages\/52298\/revisions"}],"predecessor-version":[{"id":52300,"href":"https:\/\/alegerglobal.com\/pl\/wp-json\/wp\/v2\/pages\/52298\/revisions\/52300"}],"wp:attachment":[{"href":"https:\/\/alegerglobal.com\/pl\/wp-json\/wp\/v2\/media?parent=52298"}],"curies":[{"name":"wp","href":"https:\/\/api.w.org\/{rel}","templated":true}]}}