{"id":16862,"date":"2022-02-22T11:59:49","date_gmt":"2022-02-22T10:59:49","guid":{"rendered":"https:\/\/alegerglobal.com\/kariera\/"},"modified":"2022-02-22T12:00:04","modified_gmt":"2022-02-22T11:00:04","slug":"kariera","status":"publish","type":"page","link":"https:\/\/alegerglobal.com\/pl\/kariera\/","title":{"rendered":"Kariera"},"content":{"rendered":"\t\t<div data-elementor-type=\"wp-page\" data-elementor-id=\"16862\" class=\"elementor elementor-16862 elementor-8059\" data-elementor-settings=\"{&quot;ha_cmc_init_switcher&quot;:&quot;no&quot;}\" data-elementor-post-type=\"page\">\n\t\t\t\t\t\t<section class=\"elementor-section elementor-top-section elementor-element elementor-element-2e2c13e elementor-section-stretched mainrevhead elementor-section-boxed elementor-section-height-default elementor-section-height-default\" data-id=\"2e2c13e\" data-element_type=\"section\" data-settings=\"{&quot;stretch_section&quot;:&quot;section-stretched&quot;,&quot;background_background&quot;:&quot;classic&quot;,&quot;shape_divider_bottom&quot;:&quot;waves&quot;,&quot;jet_parallax_layout_list&quot;:[],&quot;_ha_eqh_enable&quot;:false}\">\n\t\t\t\t\t\t\t<div class=\"elementor-background-overlay\"><\/div>\n\t\t\t\t\t\t<div class=\"elementor-shape elementor-shape-bottom\" data-negative=\"false\">\n\t\t\t<svg xmlns=\"http:\/\/www.w3.org\/2000\/svg\" viewBox=\"0 0 1000 100\" preserveAspectRatio=\"none\">\n\t<path class=\"elementor-shape-fill\" d=\"M421.9,6.5c22.6-2.5,51.5,0.4,75.5,5.3c23.6,4.9,70.9,23.5,100.5,35.7c75.8,32.2,133.7,44.5,192.6,49.7\n\tc23.6,2.1,48.7,3.5,103.4-2.5c54.7-6,106.2-25.6,106.2-25.6V0H0v30.3c0,0,72,32.6,158.4,30.5c39.2-0.7,92.8-6.7,134-22.4\n\tc21.2-8.1,52.2-18.2,79.7-24.2C399.3,7.9,411.6,7.5,421.9,6.5z\"\/>\n<\/svg>\t\t<\/div>\n\t\t\t\t\t<div class=\"elementor-container elementor-column-gap-default\">\n\t\t\t\t\t<div class=\"elementor-column elementor-col-100 elementor-top-column elementor-element elementor-element-3691193\" data-id=\"3691193\" data-element_type=\"column\">\n\t\t\t<div class=\"elementor-widget-wrap elementor-element-populated\">\n\t\t\t\t\t\t<div class=\"elementor-element elementor-element-1d0f9e9 elementor-widget elementor-widget-heading\" data-id=\"1d0f9e9\" data-element_type=\"widget\" data-widget_type=\"heading.default\">\n\t\t\t\t<div class=\"elementor-widget-container\">\n\t\t\t\t\t<h1 class=\"elementor-heading-title elementor-size-default\">Zosta\u0144 cz\u0119\u015bci\u0105 ALEGER GLOBAL<\/h1>\t\t\t\t<\/div>\n\t\t\t\t<\/div>\n\t\t\t\t<div class=\"elementor-element elementor-element-89ca51b elementor-widget elementor-widget-heading\" data-id=\"89ca51b\" data-element_type=\"widget\" data-widget_type=\"heading.default\">\n\t\t\t\t<div class=\"elementor-widget-container\">\n\t\t\t\t\t<p class=\"elementor-heading-title elementor-size-default\">Najlepsze perspektywy kariery, atmosfera w zespole i stroma krzywa uczenia si\u0119. Strona<br>  to tylko kilka powod\u00f3w, dla kt\u00f3rych powinni\u015bcie Pa\u0144stwo przyjecha\u0107 do ALEGER GLOBAL.<br>  powinien wej\u015b\u0107 na pok\u0142ad.  \n<\/p>\t\t\t\t<\/div>\n\t\t\t\t<\/div>\n\t\t\t\t\t<\/div>\n\t\t<\/div>\n\t\t\t\t\t<\/div>\n\t\t<\/section>\n\t\t\t\t<section class=\"elementor-section elementor-top-section elementor-element elementor-element-74978ee elementor-section-boxed elementor-section-height-default elementor-section-height-default\" data-id=\"74978ee\" data-element_type=\"section\" data-settings=\"{&quot;jet_parallax_layout_list&quot;:[],&quot;_ha_eqh_enable&quot;:false}\">\n\t\t\t\t\t\t<div class=\"elementor-container elementor-column-gap-default\">\n\t\t\t\t\t<div class=\"elementor-column elementor-col-100 elementor-top-column elementor-element elementor-element-aaeebad\" data-id=\"aaeebad\" data-element_type=\"column\">\n\t\t\t<div class=\"elementor-widget-wrap elementor-element-populated\">\n\t\t\t\t\t\t<section class=\"elementor-section elementor-inner-section elementor-element elementor-element-8a99a69 elementor-section-boxed elementor-section-height-default elementor-section-height-default\" data-id=\"8a99a69\" data-element_type=\"section\" data-settings=\"{&quot;jet_parallax_layout_list&quot;:[],&quot;_ha_eqh_enable&quot;:false}\">\n\t\t\t\t\t\t<div class=\"elementor-container elementor-column-gap-default\">\n\t\t\t\t\t<div class=\"elementor-column elementor-col-50 elementor-inner-column elementor-element elementor-element-897760f\" data-id=\"897760f\" data-element_type=\"column\">\n\t\t\t<div class=\"elementor-widget-wrap elementor-element-populated\">\n\t\t\t\t\t\t<div class=\"elementor-element elementor-element-c5be930 elementor-widget elementor-widget-image\" data-id=\"c5be930\" data-element_type=\"widget\" data-widget_type=\"image.default\">\n\t\t\t\t<div class=\"elementor-widget-container\">\n\t\t\t\t\t\t\t\t\t\t\t\t\t\t\t<img fetchpriority=\"high\" decoding=\"async\" width=\"600\" height=\"635\" src=\"https:\/\/alegerglobal.com\/wp-content\/uploads\/2021\/09\/43ed.jpg\" class=\"attachment-large size-large wp-image-16667\" alt=\"\" srcset=\"https:\/\/alegerglobal.com\/wp-content\/uploads\/2021\/09\/43ed.jpg 600w, https:\/\/alegerglobal.com\/wp-content\/uploads\/2021\/09\/43ed-283x300.jpg 283w\" sizes=\"(max-width: 600px) 100vw, 600px\" \/>\t\t\t\t\t\t\t\t\t\t\t\t\t\t\t<\/div>\n\t\t\t\t<\/div>\n\t\t\t\t\t<\/div>\n\t\t<\/div>\n\t\t\t\t<div class=\"elementor-column elementor-col-50 elementor-inner-column elementor-element elementor-element-be47e68\" data-id=\"be47e68\" data-element_type=\"column\">\n\t\t\t<div class=\"elementor-widget-wrap elementor-element-populated\">\n\t\t\t\t\t\t<div class=\"elementor-element elementor-element-731f53e lesmarg elementor-widget elementor-widget-heading\" data-id=\"731f53e\" data-element_type=\"widget\" data-widget_type=\"heading.default\">\n\t\t\t\t<div class=\"elementor-widget-container\">\n\t\t\t\t\t<h2 class=\"elementor-heading-title elementor-size-default\">ALEGER GLOBAL - AR dla cyfrowej transformacji  <\/h2>\t\t\t\t<\/div>\n\t\t\t\t<\/div>\n\t\t\t\t<div class=\"elementor-element elementor-element-72e76b8 elementor-widget-divider--view-line elementor-widget elementor-widget-divider\" data-id=\"72e76b8\" data-element_type=\"widget\" data-widget_type=\"divider.default\">\n\t\t\t\t<div class=\"elementor-widget-container\">\n\t\t\t\t\t\t\t<div class=\"elementor-divider\">\n\t\t\t<span class=\"elementor-divider-separator\">\n\t\t\t\t\t\t<\/span>\n\t\t<\/div>\n\t\t\t\t\t\t<\/div>\n\t\t\t\t<\/div>\n\t\t\t\t<div class=\"elementor-element elementor-element-eea2cc7 nomarg elementor-widget elementor-widget-text-editor\" data-id=\"eea2cc7\" data-element_type=\"widget\" data-widget_type=\"text-editor.default\">\n\t\t\t\t<div class=\"elementor-widget-container\">\n\t\t\t\t\t\t\t\t\t<p style=\"text-align: left;\">Jeste\u015bmy zespo\u0142em specjalist\u00f3w, kt\u00f3rzy pasjonuj\u0105 si\u0119 swoj\u0105 dziedzin\u0105 &#8211; i rzeczywisto\u015bci\u0105 rozszerzon\u0105. Nasz\u0105 wsp\u00f3\u0142prac\u0119 cechuje przejrzysto\u015b\u0107, \u015bwiadomo\u015b\u0107 jako\u015bci, r\u00f3\u017cnorodno\u015b\u0107, niezawodno\u015b\u0107 i ch\u0119\u0107 uczenia si\u0119. Warto\u015bci te s\u0105 r\u00f3wnie\u017c doceniane przez naszych klient\u00f3w.<\/p>\n<p style=\"text-align: left;\">Jako zesp\u00f3\u0142 pracujemy razem zdalnie, poniewa\u017c wierzymy, \u017ce dobra wsp\u00f3\u0142praca nie jest zwi\u0105zana ze wsp\u00f3lnym biurem. Cz\u0142onkowie naszego zespo\u0142u mieszkaj\u0105 w Austrii, Francji, W\u0142oszech, Czechach i Niemczech. Kiedy stajesz si\u0119 cz\u0119\u015bci\u0105 ALEGER, sam decydujesz, gdzie urz\u0105dzasz swoje biuro. Najwa\u017cniejsze jest to, \u017ce jeste\u015b dobry w tym co robisz i chcesz by\u0107 coraz lepszy ka\u017cdego dnia. Je\u015bli masz innowacyjne my\u015blenie i cyfrowe know-how, wszystkie drzwi do kariery stoj\u0105 przed Tob\u0105 otworem.  <\/p>\t\t\t\t\t\t\t\t<\/div>\n\t\t\t\t<\/div>\n\t\t\t\t<div class=\"elementor-element elementor-element-7fe1a2e elementor-widget elementor-widget-button\" data-id=\"7fe1a2e\" data-element_type=\"widget\" data-widget_type=\"button.default\">\n\t\t\t\t<div class=\"elementor-widget-container\">\n\t\t\t\t\t\t\t\t\t<div class=\"elementor-button-wrapper\">\n\t\t\t\t\t<a class=\"elementor-button elementor-button-link elementor-size-sm\" href=\"https:\/\/alegerglobal.com\/pl\/o\/\">\n\t\t\t\t\t\t<span class=\"elementor-button-content-wrapper\">\n\t\t\t\t\t\t\t\t\t<span class=\"elementor-button-text\">Wi\u0119cej o firmie<\/span>\n\t\t\t\t\t<\/span>\n\t\t\t\t\t<\/a>\n\t\t\t\t<\/div>\n\t\t\t\t\t\t\t\t<\/div>\n\t\t\t\t<\/div>\n\t\t\t\t\t<\/div>\n\t\t<\/div>\n\t\t\t\t\t<\/div>\n\t\t<\/section>\n\t\t\t\t\t<\/div>\n\t\t<\/div>\n\t\t\t\t\t<\/div>\n\t\t<\/section>\n\t\t\t\t<section class=\"elementor-section elementor-top-section elementor-element elementor-element-75d5696 elementor-section-boxed elementor-section-height-default elementor-section-height-default\" data-id=\"75d5696\" data-element_type=\"section\" data-settings=\"{&quot;background_background&quot;:&quot;classic&quot;,&quot;shape_divider_top&quot;:&quot;waves&quot;,&quot;jet_parallax_layout_list&quot;:[],&quot;_ha_eqh_enable&quot;:false}\">\n\t\t\t\t\t<div class=\"elementor-shape elementor-shape-top\" data-negative=\"false\">\n\t\t\t<svg xmlns=\"http:\/\/www.w3.org\/2000\/svg\" viewBox=\"0 0 1000 100\" preserveAspectRatio=\"none\">\n\t<path class=\"elementor-shape-fill\" d=\"M421.9,6.5c22.6-2.5,51.5,0.4,75.5,5.3c23.6,4.9,70.9,23.5,100.5,35.7c75.8,32.2,133.7,44.5,192.6,49.7\n\tc23.6,2.1,48.7,3.5,103.4-2.5c54.7-6,106.2-25.6,106.2-25.6V0H0v30.3c0,0,72,32.6,158.4,30.5c39.2-0.7,92.8-6.7,134-22.4\n\tc21.2-8.1,52.2-18.2,79.7-24.2C399.3,7.9,411.6,7.5,421.9,6.5z\"\/>\n<\/svg>\t\t<\/div>\n\t\t\t\t\t<div class=\"elementor-container elementor-column-gap-default\">\n\t\t\t\t\t<div class=\"elementor-column elementor-col-100 elementor-top-column elementor-element elementor-element-ba74364\" data-id=\"ba74364\" data-element_type=\"column\" data-settings=\"{&quot;background_background&quot;:&quot;classic&quot;}\">\n\t\t\t<div class=\"elementor-widget-wrap elementor-element-populated\">\n\t\t\t\t\t\t<div class=\"elementor-element elementor-element-6ee44e1 lesmarg elementor-widget elementor-widget-heading\" data-id=\"6ee44e1\" data-element_type=\"widget\" data-widget_type=\"heading.default\">\n\t\t\t\t<div class=\"elementor-widget-container\">\n\t\t\t\t\t<h3 class=\"elementor-heading-title elementor-size-default\">Aktualne oferty pracy<\/h3>\t\t\t\t<\/div>\n\t\t\t\t<\/div>\n\t\t\t\t<div class=\"elementor-element elementor-element-dd3f0c1 elementor-widget-divider--view-line elementor-widget elementor-widget-divider\" data-id=\"dd3f0c1\" data-element_type=\"widget\" data-widget_type=\"divider.default\">\n\t\t\t\t<div class=\"elementor-widget-container\">\n\t\t\t\t\t\t\t<div class=\"elementor-divider\">\n\t\t\t<span class=\"elementor-divider-separator\">\n\t\t\t\t\t\t<\/span>\n\t\t<\/div>\n\t\t\t\t\t\t<\/div>\n\t\t\t\t<\/div>\n\t\t\t\t<div class=\"elementor-element elementor-element-3f9dce4 elementor-widget elementor-widget-toggle\" data-id=\"3f9dce4\" data-element_type=\"widget\" data-widget_type=\"toggle.default\">\n\t\t\t\t<div class=\"elementor-widget-container\">\n\t\t\t\t\t\t\t<div class=\"elementor-toggle\">\n\t\t\t\t\t\t\t<div class=\"elementor-toggle-item\">\n\t\t\t\t\t<div id=\"elementor-tab-title-6671\" class=\"elementor-tab-title\" data-tab=\"1\" role=\"button\" aria-controls=\"elementor-tab-content-6671\" aria-expanded=\"false\">\n\t\t\t\t\t\t\t\t\t\t\t\t<span class=\"elementor-toggle-icon elementor-toggle-icon-left\" aria-hidden=\"true\">\n\t\t\t\t\t\t\t\t\t\t\t\t\t\t\t<span class=\"elementor-toggle-icon-closed\"><i class=\"fas fa-caret-right\"><\/i><\/span>\n\t\t\t\t\t\t\t\t<span class=\"elementor-toggle-icon-opened\"><i class=\"elementor-toggle-icon-opened fas fa-caret-up\"><\/i><\/span>\n\t\t\t\t\t\t\t\t\t\t\t\t\t<\/span>\n\t\t\t\t\t\t\t\t\t\t\t\t<a class=\"elementor-toggle-title\" tabindex=\"0\">Digital Sales Account Manager(in)<\/a>\n\t\t\t\t\t<\/div>\n\n\t\t\t\t\t<div id=\"elementor-tab-content-6671\" class=\"elementor-tab-content elementor-clearfix\" data-tab=\"1\" role=\"region\" aria-labelledby=\"elementor-tab-title-6671\"><p style=\"text-align: left;\"><strong>Tw\u00f3j profil<\/strong><\/p><p style=\"text-align: left;\">&#8211; Czy lubisz pracowa\u0107 z istniej\u0105cymi klientami i rozwija\u0107 ich dalej?<br>&#8211; Czy lubisz odkrywa\u0107 nowe mo\u017cliwo\u015bci w ramach danego konta?<br>&#8211; Masz co najmniej 3 lata do\u015bwiadczenia w roli sprzedawcy w bran\u017cy technicznej lub SaaS?<br>&#8211; Czy masz ju\u017c do\u015bwiadczenie w rolnictwie lub rozwoju kont?<br>&#8211; Samodzielna praca i przedsi\u0119biorcze my\u015blenie jest dok\u0142adnie tym, czego szukasz?<br>&#8211; Twoim j\u0119zykiem ojczystym jest niemiecki, a p\u0142ynnie pos\u0142ugujesz si\u0119 angielskim?<br>No to czytaj dalej!<\/p><p style=\"text-align: left;\"><strong>Do roli:<\/strong><br>B\u0119dziesz opiekowa\u0142 si\u0119 naszymi dotychczasowymi klientami z bran\u017cy. Pa\u0144stwa konta znajduj\u0105 si\u0119 w regionie D\/A\/CH. Celem jest rozwijanie nowego potencja\u0142u sprzeda\u017cowego w ramach posiadanych kont. Oczekuje si\u0119 od Ciebie proaktywno\u015bci oraz innowacyjnego my\u015blenia i dzia\u0142ania w spos\u00f3b cyfrowy. Ta rola jest absolutnie kluczowa i b\u0119dzie mia\u0142a znacz\u0105cy wp\u0142yw na dalszy rozw\u00f3j firmy!<\/p><p style=\"text-align: left;\"><strong>Najwy\u017csza wydajno\u015b\u0107? Najwi\u0119ksze korzy\u015bci!<\/strong><br>&#8211; Oferujemy Ci najwy\u017csze wynagrodzenie!<br>&#8211; Oferujemy Ci domowe biuro, kiedy i gdzie chcesz<br>&#8211; Spotkania zespo\u0142u w ca\u0142ej Europie; co kwarta\u0142 spotkanie zespo\u0142u w innym mie\u015bcie<br>&#8211; Nauka i edukacja &#8211; za darmo<\/p><p style=\"text-align: left;\"><strong>O ALEGERZE<\/strong><br>Twierdzimy, \u017ce jeste\u015bmy najlepszym partnerem w zakresie rozwi\u0105za\u0144 rzeczywisto\u015bci rozszerzonej.<br>Dlatego te\u017c oferujemy naszym klientom najwi\u0119ksze portfolio sprz\u0119tu AR i \u0142\u0105czymy je z najlepszymi rozwi\u0105zaniami w zakresie oprogramowania przemys\u0142owego AR.<br>Kszta\u0142tujemy przysz\u0142o\u015b\u0107 i wyznaczamy standardy na nast\u0119pn\u0105 dekad\u0119!<\/p><p style=\"text-align: left;\"><strong>Wniosek do:<\/strong><br>Alexander St\u00f6ger<br>astoeger@alegerglobal.com<br>+49 385 3937 8556<\/p><\/div>\n\t\t\t\t<\/div>\n\t\t\t\t\t\t\t\t<\/div>\n\t\t\t\t\t\t<\/div>\n\t\t\t\t<\/div>\n\t\t\t\t\t<\/div>\n\t\t<\/div>\n\t\t\t\t\t<\/div>\n\t\t<\/section>\n\t\t\t\t<section class=\"elementor-section elementor-top-section elementor-element elementor-element-cb57ef9 elementor-section-boxed elementor-section-height-default elementor-section-height-default\" data-id=\"cb57ef9\" data-element_type=\"section\" data-settings=\"{&quot;jet_parallax_layout_list&quot;:[],&quot;_ha_eqh_enable&quot;:false}\">\n\t\t\t\t\t\t<div class=\"elementor-container elementor-column-gap-default\">\n\t\t\t\t\t<div class=\"elementor-column elementor-col-50 elementor-top-column elementor-element elementor-element-b9a1399\" data-id=\"b9a1399\" data-element_type=\"column\">\n\t\t\t<div class=\"elementor-widget-wrap elementor-element-populated\">\n\t\t\t\t\t\t<div class=\"elementor-element elementor-element-fd6c97e elementor-view-default elementor-widget elementor-widget-icon\" data-id=\"fd6c97e\" data-element_type=\"widget\" data-widget_type=\"icon.default\">\n\t\t\t\t<div class=\"elementor-widget-container\">\n\t\t\t\t\t\t\t<div class=\"elementor-icon-wrapper\">\n\t\t\t<div class=\"elementor-icon\">\n\t\t\t<i aria-hidden=\"true\" class=\"hm hm-question\"><\/i>\t\t\t<\/div>\n\t\t<\/div>\n\t\t\t\t\t\t<\/div>\n\t\t\t\t<\/div>\n\t\t\t\t\t<\/div>\n\t\t<\/div>\n\t\t\t\t<div class=\"elementor-column elementor-col-50 elementor-top-column elementor-element elementor-element-4cfb469\" data-id=\"4cfb469\" data-element_type=\"column\">\n\t\t\t<div class=\"elementor-widget-wrap elementor-element-populated\">\n\t\t\t\t\t\t<div class=\"elementor-element elementor-element-83e5f0f lesmarg elementor-widget elementor-widget-heading\" data-id=\"83e5f0f\" data-element_type=\"widget\" data-widget_type=\"heading.default\">\n\t\t\t\t<div class=\"elementor-widget-container\">\n\t\t\t\t\t<h4 class=\"elementor-heading-title elementor-size-default\">Masz pytania dotycz\u0105ce og\u0142oszenia o prac\u0119?<\/h4>\t\t\t\t<\/div>\n\t\t\t\t<\/div>\n\t\t\t\t<div class=\"elementor-element elementor-element-498438a nomarg elementor-widget elementor-widget-text-editor\" data-id=\"498438a\" data-element_type=\"widget\" data-widget_type=\"text-editor.default\">\n\t\t\t\t<div class=\"elementor-widget-container\">\n\t\t\t\t\t\t\t\t\t<p style=\"text-align: left;\">Prosimy o przes\u0142anie nam wiadomo\u015bci e-mail na adres jobs@alegerglobal.com lub o kontakt z naszym dyrektorem zarz\u0105dzaj\u0105cym Alexandrem St\u00f6gerl pod numerem telefonu +49 385 3937 8556.  <\/p>\t\t\t\t\t\t\t\t<\/div>\n\t\t\t\t<\/div>\n\t\t\t\t\t<\/div>\n\t\t<\/div>\n\t\t\t\t\t<\/div>\n\t\t<\/section>\n\t\t\t\t<\/div>\n\t\t","protected":false},"excerpt":{"rendered":"<p>Zosta\u0144 cz\u0119\u015bci\u0105 ALEGER GLOBAL Najlepsze perspektywy kariery, atmosfera w zespole i stroma krzywa uczenia si\u0119. Strona to tylko kilka powod\u00f3w, dla kt\u00f3rych powinni\u015bcie Pa\u0144stwo przyjecha\u0107 do ALEGER GLOBAL. powinien wej\u015b\u0107 na pok\u0142ad. ALEGER GLOBAL &#8211; AR dla cyfrowej transformacji Jeste\u015bmy zespo\u0142em specjalist\u00f3w, kt\u00f3rzy pasjonuj\u0105 si\u0119 swoj\u0105 dziedzin\u0105 &#8211; i rzeczywisto\u015bci\u0105 rozszerzon\u0105. Nasz\u0105 wsp\u00f3\u0142prac\u0119 cechuje przejrzysto\u015b\u0107, [&hellip;]<\/p>\n","protected":false},"author":3,"featured_media":0,"parent":0,"menu_order":0,"comment_status":"closed","ping_status":"closed","template":"elementor_header_footer","meta":{"_acf_changed":false,"footnotes":""},"class_list":["post-16862","page","type-page","status-publish","hentry"],"acf":[],"yoast_head":"<!-- This site is optimized with the Yoast SEO Premium plugin v20.10 (Yoast SEO v24.3) - https:\/\/yoast.com\/wordpress\/plugins\/seo\/ -->\n<title>Kariera z ALEGER \u22c6 Augmented Reality<\/title>\n<meta name=\"description\" content=\"Szukasz wyzwa\u0144 i chcia\u0142by\u015b towarzyszy\u0107 firmom w ich drodze do cyfrowej transformacji? Sta\u0144 si\u0119 wi\u0119c cz\u0119\u015bci\u0105 naszego zespo\u0142u.\" \/>\n<meta name=\"robots\" content=\"index, follow, max-snippet:-1, max-image-preview:large, max-video-preview:-1\" \/>\n<meta property=\"og:locale\" content=\"pl_PL\" \/>\n<meta property=\"og:type\" content=\"article\" \/>\n<meta property=\"og:title\" content=\"Kariera\" \/>\n<meta property=\"og:description\" content=\"Szukasz wyzwa\u0144 i chcia\u0142by\u015b towarzyszy\u0107 firmom w ich drodze do cyfrowej transformacji? Sta\u0144 si\u0119 wi\u0119c cz\u0119\u015bci\u0105 naszego zespo\u0142u.\" \/>\n<meta property=\"og:url\" content=\"https:\/\/alegerglobal.com\/pl\/kariera\/\" \/>\n<meta property=\"og:site_name\" content=\"ALEGER \u22c6 Augmented Reality\" \/>\n<meta property=\"article:modified_time\" content=\"2022-02-22T11:00:04+00:00\" \/>\n<meta property=\"og:image\" content=\"https:\/\/alegerglobal.com\/wp-content\/uploads\/2021\/09\/43ed.jpg\" \/>\n<meta name=\"twitter:card\" content=\"summary_large_image\" \/>\n<meta name=\"twitter:label1\" content=\"Szacowany czas czytania\" \/>\n\t<meta name=\"twitter:data1\" content=\"2 minuty\" \/>\n<script type=\"application\/ld+json\" class=\"yoast-schema-graph\">{\"@context\":\"https:\/\/schema.org\",\"@graph\":[{\"@type\":\"WebPage\",\"@id\":\"https:\/\/alegerglobal.com\/pl\/kariera\/\",\"url\":\"https:\/\/alegerglobal.com\/pl\/kariera\/\",\"name\":\"Kariera z ALEGER \u22c6 Augmented Reality\",\"isPartOf\":{\"@id\":\"https:\/\/alegerglobal.com\/pl\/#website\"},\"primaryImageOfPage\":{\"@id\":\"https:\/\/alegerglobal.com\/pl\/kariera\/#primaryimage\"},\"image\":{\"@id\":\"https:\/\/alegerglobal.com\/pl\/kariera\/#primaryimage\"},\"thumbnailUrl\":\"https:\/\/alegerglobal.com\/wp-content\/uploads\/2021\/09\/43ed.jpg\",\"datePublished\":\"2022-02-22T10:59:49+00:00\",\"dateModified\":\"2022-02-22T11:00:04+00:00\",\"description\":\"Szukasz wyzwa\u0144 i chcia\u0142by\u015b towarzyszy\u0107 firmom w ich drodze do cyfrowej transformacji? Sta\u0144 si\u0119 wi\u0119c cz\u0119\u015bci\u0105 naszego zespo\u0142u.\",\"breadcrumb\":{\"@id\":\"https:\/\/alegerglobal.com\/pl\/kariera\/#breadcrumb\"},\"inLanguage\":\"pl-PL\",\"potentialAction\":[{\"@type\":\"ReadAction\",\"target\":[\"https:\/\/alegerglobal.com\/pl\/kariera\/\"]}]},{\"@type\":\"ImageObject\",\"inLanguage\":\"pl-PL\",\"@id\":\"https:\/\/alegerglobal.com\/pl\/kariera\/#primaryimage\",\"url\":\"https:\/\/alegerglobal.com\/wp-content\/uploads\/2021\/09\/43ed.jpg\",\"contentUrl\":\"https:\/\/alegerglobal.com\/wp-content\/uploads\/2021\/09\/43ed.jpg\"},{\"@type\":\"BreadcrumbList\",\"@id\":\"https:\/\/alegerglobal.com\/pl\/kariera\/#breadcrumb\",\"itemListElement\":[{\"@type\":\"ListItem\",\"position\":1,\"name\":\"Home\",\"item\":\"https:\/\/alegerglobal.com\/pl\/nowosc-strona-glowna\/\"},{\"@type\":\"ListItem\",\"position\":2,\"name\":\"Kariera\"}]},{\"@type\":\"WebSite\",\"@id\":\"https:\/\/alegerglobal.com\/pl\/#website\",\"url\":\"https:\/\/alegerglobal.com\/pl\/\",\"name\":\"ALEGER \u22c6 Augmented Reality\",\"description\":\"Die besten Augmented Reality (AR) L\u00f6sungen der Welt.\",\"publisher\":{\"@id\":\"https:\/\/alegerglobal.com\/pl\/#organization\"},\"potentialAction\":[{\"@type\":\"SearchAction\",\"target\":{\"@type\":\"EntryPoint\",\"urlTemplate\":\"https:\/\/alegerglobal.com\/pl\/?s={search_term_string}\"},\"query-input\":{\"@type\":\"PropertyValueSpecification\",\"valueRequired\":true,\"valueName\":\"search_term_string\"}}],\"inLanguage\":\"pl-PL\"},{\"@type\":\"Organization\",\"@id\":\"https:\/\/alegerglobal.com\/pl\/#organization\",\"name\":\"ALEGER \u22c6 Augmented Reality\",\"url\":\"https:\/\/alegerglobal.com\/pl\/\",\"logo\":{\"@type\":\"ImageObject\",\"inLanguage\":\"pl-PL\",\"@id\":\"https:\/\/alegerglobal.com\/pl\/#\/schema\/logo\/image\/\",\"url\":\"https:\/\/alegerglobal.com\/wp-content\/uploads\/2020\/12\/aleger-logo-quadrat.jpg\",\"contentUrl\":\"https:\/\/alegerglobal.com\/wp-content\/uploads\/2020\/12\/aleger-logo-quadrat.jpg\",\"width\":200,\"height\":176,\"caption\":\"ALEGER \u22c6 Augmented Reality\"},\"image\":{\"@id\":\"https:\/\/alegerglobal.com\/pl\/#\/schema\/logo\/image\/\"}}]}<\/script>\n<!-- \/ Yoast SEO Premium plugin. -->","yoast_head_json":{"title":"Kariera z ALEGER \u22c6 Augmented Reality","description":"Szukasz wyzwa\u0144 i chcia\u0142by\u015b towarzyszy\u0107 firmom w ich drodze do cyfrowej transformacji? Sta\u0144 si\u0119 wi\u0119c cz\u0119\u015bci\u0105 naszego zespo\u0142u.","robots":{"index":"index","follow":"follow","max-snippet":"max-snippet:-1","max-image-preview":"max-image-preview:large","max-video-preview":"max-video-preview:-1"},"og_locale":"pl_PL","og_type":"article","og_title":"Kariera","og_description":"Szukasz wyzwa\u0144 i chcia\u0142by\u015b towarzyszy\u0107 firmom w ich drodze do cyfrowej transformacji? Sta\u0144 si\u0119 wi\u0119c cz\u0119\u015bci\u0105 naszego zespo\u0142u.","og_url":"https:\/\/alegerglobal.com\/pl\/kariera\/","og_site_name":"ALEGER \u22c6 Augmented Reality","article_modified_time":"2022-02-22T11:00:04+00:00","og_image":[{"url":"https:\/\/alegerglobal.com\/wp-content\/uploads\/2021\/09\/43ed.jpg","type":"","width":"","height":""}],"twitter_card":"summary_large_image","twitter_misc":{"Szacowany czas czytania":"2 minuty"},"schema":{"@context":"https:\/\/schema.org","@graph":[{"@type":"WebPage","@id":"https:\/\/alegerglobal.com\/pl\/kariera\/","url":"https:\/\/alegerglobal.com\/pl\/kariera\/","name":"Kariera z ALEGER \u22c6 Augmented Reality","isPartOf":{"@id":"https:\/\/alegerglobal.com\/pl\/#website"},"primaryImageOfPage":{"@id":"https:\/\/alegerglobal.com\/pl\/kariera\/#primaryimage"},"image":{"@id":"https:\/\/alegerglobal.com\/pl\/kariera\/#primaryimage"},"thumbnailUrl":"https:\/\/alegerglobal.com\/wp-content\/uploads\/2021\/09\/43ed.jpg","datePublished":"2022-02-22T10:59:49+00:00","dateModified":"2022-02-22T11:00:04+00:00","description":"Szukasz wyzwa\u0144 i chcia\u0142by\u015b towarzyszy\u0107 firmom w ich drodze do cyfrowej transformacji? Sta\u0144 si\u0119 wi\u0119c cz\u0119\u015bci\u0105 naszego zespo\u0142u.","breadcrumb":{"@id":"https:\/\/alegerglobal.com\/pl\/kariera\/#breadcrumb"},"inLanguage":"pl-PL","potentialAction":[{"@type":"ReadAction","target":["https:\/\/alegerglobal.com\/pl\/kariera\/"]}]},{"@type":"ImageObject","inLanguage":"pl-PL","@id":"https:\/\/alegerglobal.com\/pl\/kariera\/#primaryimage","url":"https:\/\/alegerglobal.com\/wp-content\/uploads\/2021\/09\/43ed.jpg","contentUrl":"https:\/\/alegerglobal.com\/wp-content\/uploads\/2021\/09\/43ed.jpg"},{"@type":"BreadcrumbList","@id":"https:\/\/alegerglobal.com\/pl\/kariera\/#breadcrumb","itemListElement":[{"@type":"ListItem","position":1,"name":"Home","item":"https:\/\/alegerglobal.com\/pl\/nowosc-strona-glowna\/"},{"@type":"ListItem","position":2,"name":"Kariera"}]},{"@type":"WebSite","@id":"https:\/\/alegerglobal.com\/pl\/#website","url":"https:\/\/alegerglobal.com\/pl\/","name":"ALEGER \u22c6 Augmented Reality","description":"Die besten Augmented Reality (AR) L\u00f6sungen der Welt.","publisher":{"@id":"https:\/\/alegerglobal.com\/pl\/#organization"},"potentialAction":[{"@type":"SearchAction","target":{"@type":"EntryPoint","urlTemplate":"https:\/\/alegerglobal.com\/pl\/?s={search_term_string}"},"query-input":{"@type":"PropertyValueSpecification","valueRequired":true,"valueName":"search_term_string"}}],"inLanguage":"pl-PL"},{"@type":"Organization","@id":"https:\/\/alegerglobal.com\/pl\/#organization","name":"ALEGER \u22c6 Augmented Reality","url":"https:\/\/alegerglobal.com\/pl\/","logo":{"@type":"ImageObject","inLanguage":"pl-PL","@id":"https:\/\/alegerglobal.com\/pl\/#\/schema\/logo\/image\/","url":"https:\/\/alegerglobal.com\/wp-content\/uploads\/2020\/12\/aleger-logo-quadrat.jpg","contentUrl":"https:\/\/alegerglobal.com\/wp-content\/uploads\/2020\/12\/aleger-logo-quadrat.jpg","width":200,"height":176,"caption":"ALEGER \u22c6 Augmented Reality"},"image":{"@id":"https:\/\/alegerglobal.com\/pl\/#\/schema\/logo\/image\/"}}]}},"_links":{"self":[{"href":"https:\/\/alegerglobal.com\/pl\/wp-json\/wp\/v2\/pages\/16862","targetHints":{"allow":["GET"]}}],"collection":[{"href":"https:\/\/alegerglobal.com\/pl\/wp-json\/wp\/v2\/pages"}],"about":[{"href":"https:\/\/alegerglobal.com\/pl\/wp-json\/wp\/v2\/types\/page"}],"author":[{"embeddable":true,"href":"https:\/\/alegerglobal.com\/pl\/wp-json\/wp\/v2\/users\/3"}],"replies":[{"embeddable":true,"href":"https:\/\/alegerglobal.com\/pl\/wp-json\/wp\/v2\/comments?post=16862"}],"version-history":[{"count":1,"href":"https:\/\/alegerglobal.com\/pl\/wp-json\/wp\/v2\/pages\/16862\/revisions"}],"predecessor-version":[{"id":16864,"href":"https:\/\/alegerglobal.com\/pl\/wp-json\/wp\/v2\/pages\/16862\/revisions\/16864"}],"wp:attachment":[{"href":"https:\/\/alegerglobal.com\/pl\/wp-json\/wp\/v2\/media?parent=16862"}],"curies":[{"name":"wp","href":"https:\/\/api.w.org\/{rel}","templated":true}]}}