{"id":52050,"date":"2026-02-06T09:52:50","date_gmt":"2026-02-06T08:52:52","guid":{"rendered":"https:\/\/alegerglobal.com\/?post_type=product&#038;p=52050"},"modified":"2026-03-19T18:26:58","modified_gmt":"2026-03-19T17:26:58","slug":"realwear-navigator-500-ip66-mil-std-810-4-gb-di-ram-64-gb-854x480px-batteria-da-2600-mah-android-11-kopie-kopie","status":"publish","type":"product","link":"https:\/\/alegerglobal.com\/it\/shop-it\/occhiali-intelligenti\/realwear-navigator-500-ip66-mil-std-810-4-gb-di-ram-64-gb-854x480px-batteria-da-2600-mah-android-11-kopie-kopie\/","title":{"rendered":"ALEGER C5000d &#8211; Occhiali intelligenti AR di fascia alta con display a guida d&#8217;onda e tecnologia multisensore"},"content":{"rendered":"","protected":false},"excerpt":{"rendered":"<h3 data-start=\"704\" data-end=\"787\">C5000D &#8211; Occhiali intelligenti AR professionali per l&#8217;industria e l&#8217;assistenza remota<\/h3>\n<p data-start=\"789\" data-end=\"1304\"><strong data-start=\"793\" data-end=\"811\">ALEGER C5000D<\/strong> \u00e8 un potente occhiale per la realt\u00e0 aumentata progettato per le applicazioni industriali e di servizio pi\u00f9 esigenti. Combina un <strong data-start=\"962\" data-end=\"988\">display OLED a guida d&#8217;onda<\/strong> ad alta risoluzione con una <strong data-start=\"999\" data-end=\"1012\">telecamera HD<\/strong>, molteplici opzioni di controllo (voce, gesti, movimenti della testa) e un design robusto e confortevole. Questo rende il C5000D perfetto per il <strong data-start=\"1158\" data-end=\"1183\">supporto di esperti a distanza<\/strong>, le istruzioni di lavoro digitali, la manutenzione, l&#8217;ispezione e la formazione con supporto AR.<\/p>\n<p data-start=\"1306\" data-end=\"1812\">Gli occhiali visualizzano i contenuti digitali direttamente nel campo visivo dell&#8217;utente senza oscurare la visione dell&#8217;ambiente reale, il che \u00e8 particolarmente importante per le applicazioni a mani libere nella produzione, nella logistica o nell&#8217;assistenza. La combinazione di visualizzazione AR, connessione stabile e versatilit\u00e0 di controllo rende il C5000D uno strumento versatile per le applicazioni dell&#8217;Industria 4.0 in cui informazioni, documenti o conoscenze specialistiche devono essere disponibili direttamente sul posto.<\/p>\n","protected":false},"featured_media":52073,"comment_status":"open","ping_status":"closed","template":"","meta":{"_acf_changed":false},"product_brand":[],"product_cat":[825,780],"product_tag":[],"class_list":{"0":"post-52050","1":"product","2":"type-product","3":"status-publish","4":"has-post-thumbnail","6":"product_cat-occhiali-intelligenti","7":"product_cat-shop-it","8":"pa_hersteller-realwear-it","10":"first","11":"instock","12":"taxable","13":"shipping-taxable","14":"purchasable","15":"product-type-simple"},"acf":[],"yoast_head":"<!-- This site is optimized with the Yoast SEO Premium plugin v20.10 (Yoast SEO v24.3) - https:\/\/yoast.com\/wordpress\/plugins\/seo\/ -->\n<title>Occhiali intelligenti AR ALEGER 5000D<\/title>\n<meta name=\"description\" content=\"Gli occhiali intelligenti ALEGER 5000D AR con telecamera HD, controllo vocale e gestuale - ideali per l&#039;industria, il supporto remoto, la manutenzione e i processi di lavoro digitali.\" \/>\n<meta name=\"robots\" content=\"index, follow, max-snippet:-1, max-image-preview:large, max-video-preview:-1\" \/>\n<meta property=\"og:locale\" content=\"it_IT\" \/>\n<meta property=\"og:type\" content=\"article\" \/>\n<meta property=\"og:title\" content=\"ALEGER C5000d - Occhiali intelligenti AR di fascia alta con display a guida d&#039;onda e tecnologia multisensore\" \/>\n<meta property=\"og:description\" content=\"Gli occhiali intelligenti ALEGER 5000D AR con telecamera HD, controllo vocale e gestuale - ideali per l&#039;industria, il supporto remoto, la manutenzione e i processi di lavoro digitali.\" \/>\n<meta property=\"og:url\" content=\"https:\/\/alegerglobal.com\/it\/shop-it\/occhiali-intelligenti\/realwear-navigator-500-ip66-mil-std-810-4-gb-di-ram-64-gb-854x480px-batteria-da-2600-mah-android-11-kopie-kopie\/\" \/>\n<meta property=\"og:site_name\" content=\"ALEGER \u22c6 Augmented Reality\" \/>\n<meta property=\"article:modified_time\" content=\"2026-03-19T17:26:58+00:00\" \/>\n<meta property=\"og:image\" content=\"https:\/\/alegerglobal.com\/wp-content\/uploads\/2026\/02\/ALEGER-C5000.png\" \/>\n\t<meta property=\"og:image:width\" content=\"800\" \/>\n\t<meta property=\"og:image:height\" content=\"800\" \/>\n\t<meta property=\"og:image:type\" content=\"image\/png\" \/>\n<meta name=\"twitter:card\" content=\"summary_large_image\" \/>\n<meta name=\"twitter:label1\" content=\"Prezzo\" \/>\n\t<meta name=\"twitter:data1\" content=\"&euro;2.233,31\" \/>\n\t<meta name=\"twitter:label2\" content=\"Disponibilit\u00e0\" \/>\n\t<meta name=\"twitter:data2\" content=\"In stock\" \/>\n<script type=\"application\/ld+json\" class=\"yoast-schema-graph\">{\"@context\":\"https:\/\/schema.org\",\"@graph\":[{\"@type\":\"WebPage\",\"@id\":\"https:\/\/alegerglobal.com\/it\/shop-it\/occhiali-intelligenti\/realwear-navigator-500-ip66-mil-std-810-4-gb-di-ram-64-gb-854x480px-batteria-da-2600-mah-android-11-kopie-kopie\/\",\"url\":\"https:\/\/alegerglobal.com\/it\/shop-it\/occhiali-intelligenti\/realwear-navigator-500-ip66-mil-std-810-4-gb-di-ram-64-gb-854x480px-batteria-da-2600-mah-android-11-kopie-kopie\/\",\"name\":\"Occhiali intelligenti AR ALEGER 5000D\",\"isPartOf\":{\"@id\":\"https:\/\/alegerglobal.com\/it\/#website\"},\"primaryImageOfPage\":{\"@id\":\"https:\/\/alegerglobal.com\/it\/shop-it\/occhiali-intelligenti\/realwear-navigator-500-ip66-mil-std-810-4-gb-di-ram-64-gb-854x480px-batteria-da-2600-mah-android-11-kopie-kopie\/#primaryimage\"},\"image\":{\"@id\":\"https:\/\/alegerglobal.com\/it\/shop-it\/occhiali-intelligenti\/realwear-navigator-500-ip66-mil-std-810-4-gb-di-ram-64-gb-854x480px-batteria-da-2600-mah-android-11-kopie-kopie\/#primaryimage\"},\"thumbnailUrl\":\"https:\/\/alegerglobal.com\/wp-content\/uploads\/2026\/02\/ALEGER-C5000.png\",\"datePublished\":\"2026-02-06T08:52:52+00:00\",\"dateModified\":\"2026-03-19T17:26:58+00:00\",\"description\":\"Gli occhiali intelligenti ALEGER 5000D AR con telecamera HD, controllo vocale e gestuale - ideali per l'industria, il supporto remoto, la manutenzione e i processi di lavoro digitali.\",\"breadcrumb\":{\"@id\":\"https:\/\/alegerglobal.com\/it\/shop-it\/occhiali-intelligenti\/realwear-navigator-500-ip66-mil-std-810-4-gb-di-ram-64-gb-854x480px-batteria-da-2600-mah-android-11-kopie-kopie\/#breadcrumb\"},\"inLanguage\":\"it-IT\",\"potentialAction\":[{\"@type\":\"ReadAction\",\"target\":[\"https:\/\/alegerglobal.com\/it\/shop-it\/occhiali-intelligenti\/realwear-navigator-500-ip66-mil-std-810-4-gb-di-ram-64-gb-854x480px-batteria-da-2600-mah-android-11-kopie-kopie\/\"]}]},{\"@type\":\"ImageObject\",\"inLanguage\":\"it-IT\",\"@id\":\"https:\/\/alegerglobal.com\/it\/shop-it\/occhiali-intelligenti\/realwear-navigator-500-ip66-mil-std-810-4-gb-di-ram-64-gb-854x480px-batteria-da-2600-mah-android-11-kopie-kopie\/#primaryimage\",\"url\":\"https:\/\/alegerglobal.com\/wp-content\/uploads\/2026\/02\/ALEGER-C5000.png\",\"contentUrl\":\"https:\/\/alegerglobal.com\/wp-content\/uploads\/2026\/02\/ALEGER-C5000.png\",\"width\":800,\"height\":800},{\"@type\":\"BreadcrumbList\",\"@id\":\"https:\/\/alegerglobal.com\/it\/shop-it\/occhiali-intelligenti\/realwear-navigator-500-ip66-mil-std-810-4-gb-di-ram-64-gb-854x480px-batteria-da-2600-mah-android-11-kopie-kopie\/#breadcrumb\",\"itemListElement\":[{\"@type\":\"ListItem\",\"position\":1,\"name\":\"Home\",\"item\":\"https:\/\/alegerglobal.com\/it\/novita-homepage\/\"},{\"@type\":\"ListItem\",\"position\":2,\"name\":\"Prodotti\",\"item\":\"https:\/\/alegerglobal.com\/it\/prodotti\/\"},{\"@type\":\"ListItem\",\"position\":3,\"name\":\"ALEGER C5000d &#8211; Occhiali intelligenti AR di fascia alta con display a guida d&#8217;onda e tecnologia multisensore\"}]},{\"@type\":\"WebSite\",\"@id\":\"https:\/\/alegerglobal.com\/it\/#website\",\"url\":\"https:\/\/alegerglobal.com\/it\/\",\"name\":\"ALEGER \u22c6 Augmented Reality\",\"description\":\"Die besten Augmented Reality (AR) L\u00f6sungen der Welt.\",\"publisher\":{\"@id\":\"https:\/\/alegerglobal.com\/it\/#organization\"},\"potentialAction\":[{\"@type\":\"SearchAction\",\"target\":{\"@type\":\"EntryPoint\",\"urlTemplate\":\"https:\/\/alegerglobal.com\/it\/?s={search_term_string}\"},\"query-input\":{\"@type\":\"PropertyValueSpecification\",\"valueRequired\":true,\"valueName\":\"search_term_string\"}}],\"inLanguage\":\"it-IT\"},{\"@type\":\"Organization\",\"@id\":\"https:\/\/alegerglobal.com\/it\/#organization\",\"name\":\"ALEGER \u22c6 Augmented Reality\",\"url\":\"https:\/\/alegerglobal.com\/it\/\",\"logo\":{\"@type\":\"ImageObject\",\"inLanguage\":\"it-IT\",\"@id\":\"https:\/\/alegerglobal.com\/it\/#\/schema\/logo\/image\/\",\"url\":\"https:\/\/alegerglobal.com\/wp-content\/uploads\/2020\/12\/aleger-logo-quadrat.jpg\",\"contentUrl\":\"https:\/\/alegerglobal.com\/wp-content\/uploads\/2020\/12\/aleger-logo-quadrat.jpg\",\"width\":200,\"height\":176,\"caption\":\"ALEGER \u22c6 Augmented Reality\"},\"image\":{\"@id\":\"https:\/\/alegerglobal.com\/it\/#\/schema\/logo\/image\/\"}}]}<\/script>\n<meta property=\"product:brand\" content=\"RealWear\" \/>\n<meta property=\"product:price:amount\" content=\"2233.31\" \/>\n<meta property=\"product:price:currency\" content=\"EUR\" \/>\n<meta property=\"og:availability\" content=\"instock\" \/>\n<meta property=\"product:availability\" content=\"instock\" \/>\n<meta property=\"product:condition\" content=\"new\" \/>\n<!-- \/ Yoast SEO Premium plugin. -->","yoast_head_json":{"title":"Occhiali intelligenti AR ALEGER 5000D","description":"Gli occhiali intelligenti ALEGER 5000D AR con telecamera HD, controllo vocale e gestuale - ideali per l'industria, il supporto remoto, la manutenzione e i processi di lavoro digitali.","robots":{"index":"index","follow":"follow","max-snippet":"max-snippet:-1","max-image-preview":"max-image-preview:large","max-video-preview":"max-video-preview:-1"},"og_locale":"it_IT","og_type":"article","og_title":"ALEGER C5000d - Occhiali intelligenti AR di fascia alta con display a guida d'onda e tecnologia multisensore","og_description":"Gli occhiali intelligenti ALEGER 5000D AR con telecamera HD, controllo vocale e gestuale - ideali per l'industria, il supporto remoto, la manutenzione e i processi di lavoro digitali.","og_url":"https:\/\/alegerglobal.com\/it\/shop-it\/occhiali-intelligenti\/realwear-navigator-500-ip66-mil-std-810-4-gb-di-ram-64-gb-854x480px-batteria-da-2600-mah-android-11-kopie-kopie\/","og_site_name":"ALEGER \u22c6 Augmented Reality","article_modified_time":"2026-03-19T17:26:58+00:00","og_image":[{"width":800,"height":800,"url":"https:\/\/alegerglobal.com\/wp-content\/uploads\/2026\/02\/ALEGER-C5000.png","type":"image\/png"}],"twitter_card":"summary_large_image","twitter_misc":{"Prezzo":"&euro;2.233,31","Disponibilit\u00e0":"In stock"},"schema":{"@context":"https:\/\/schema.org","@graph":[{"@type":"WebPage","@id":"https:\/\/alegerglobal.com\/it\/shop-it\/occhiali-intelligenti\/realwear-navigator-500-ip66-mil-std-810-4-gb-di-ram-64-gb-854x480px-batteria-da-2600-mah-android-11-kopie-kopie\/","url":"https:\/\/alegerglobal.com\/it\/shop-it\/occhiali-intelligenti\/realwear-navigator-500-ip66-mil-std-810-4-gb-di-ram-64-gb-854x480px-batteria-da-2600-mah-android-11-kopie-kopie\/","name":"Occhiali intelligenti AR ALEGER 5000D","isPartOf":{"@id":"https:\/\/alegerglobal.com\/it\/#website"},"primaryImageOfPage":{"@id":"https:\/\/alegerglobal.com\/it\/shop-it\/occhiali-intelligenti\/realwear-navigator-500-ip66-mil-std-810-4-gb-di-ram-64-gb-854x480px-batteria-da-2600-mah-android-11-kopie-kopie\/#primaryimage"},"image":{"@id":"https:\/\/alegerglobal.com\/it\/shop-it\/occhiali-intelligenti\/realwear-navigator-500-ip66-mil-std-810-4-gb-di-ram-64-gb-854x480px-batteria-da-2600-mah-android-11-kopie-kopie\/#primaryimage"},"thumbnailUrl":"https:\/\/alegerglobal.com\/wp-content\/uploads\/2026\/02\/ALEGER-C5000.png","datePublished":"2026-02-06T08:52:52+00:00","dateModified":"2026-03-19T17:26:58+00:00","description":"Gli occhiali intelligenti ALEGER 5000D AR con telecamera HD, controllo vocale e gestuale - ideali per l'industria, il supporto remoto, la manutenzione e i processi di lavoro digitali.","breadcrumb":{"@id":"https:\/\/alegerglobal.com\/it\/shop-it\/occhiali-intelligenti\/realwear-navigator-500-ip66-mil-std-810-4-gb-di-ram-64-gb-854x480px-batteria-da-2600-mah-android-11-kopie-kopie\/#breadcrumb"},"inLanguage":"it-IT","potentialAction":[{"@type":"ReadAction","target":["https:\/\/alegerglobal.com\/it\/shop-it\/occhiali-intelligenti\/realwear-navigator-500-ip66-mil-std-810-4-gb-di-ram-64-gb-854x480px-batteria-da-2600-mah-android-11-kopie-kopie\/"]}]},{"@type":"ImageObject","inLanguage":"it-IT","@id":"https:\/\/alegerglobal.com\/it\/shop-it\/occhiali-intelligenti\/realwear-navigator-500-ip66-mil-std-810-4-gb-di-ram-64-gb-854x480px-batteria-da-2600-mah-android-11-kopie-kopie\/#primaryimage","url":"https:\/\/alegerglobal.com\/wp-content\/uploads\/2026\/02\/ALEGER-C5000.png","contentUrl":"https:\/\/alegerglobal.com\/wp-content\/uploads\/2026\/02\/ALEGER-C5000.png","width":800,"height":800},{"@type":"BreadcrumbList","@id":"https:\/\/alegerglobal.com\/it\/shop-it\/occhiali-intelligenti\/realwear-navigator-500-ip66-mil-std-810-4-gb-di-ram-64-gb-854x480px-batteria-da-2600-mah-android-11-kopie-kopie\/#breadcrumb","itemListElement":[{"@type":"ListItem","position":1,"name":"Home","item":"https:\/\/alegerglobal.com\/it\/novita-homepage\/"},{"@type":"ListItem","position":2,"name":"Prodotti","item":"https:\/\/alegerglobal.com\/it\/prodotti\/"},{"@type":"ListItem","position":3,"name":"ALEGER C5000d &#8211; Occhiali intelligenti AR di fascia alta con display a guida d&#8217;onda e tecnologia multisensore"}]},{"@type":"WebSite","@id":"https:\/\/alegerglobal.com\/it\/#website","url":"https:\/\/alegerglobal.com\/it\/","name":"ALEGER \u22c6 Augmented Reality","description":"Die besten Augmented Reality (AR) L\u00f6sungen der Welt.","publisher":{"@id":"https:\/\/alegerglobal.com\/it\/#organization"},"potentialAction":[{"@type":"SearchAction","target":{"@type":"EntryPoint","urlTemplate":"https:\/\/alegerglobal.com\/it\/?s={search_term_string}"},"query-input":{"@type":"PropertyValueSpecification","valueRequired":true,"valueName":"search_term_string"}}],"inLanguage":"it-IT"},{"@type":"Organization","@id":"https:\/\/alegerglobal.com\/it\/#organization","name":"ALEGER \u22c6 Augmented Reality","url":"https:\/\/alegerglobal.com\/it\/","logo":{"@type":"ImageObject","inLanguage":"it-IT","@id":"https:\/\/alegerglobal.com\/it\/#\/schema\/logo\/image\/","url":"https:\/\/alegerglobal.com\/wp-content\/uploads\/2020\/12\/aleger-logo-quadrat.jpg","contentUrl":"https:\/\/alegerglobal.com\/wp-content\/uploads\/2020\/12\/aleger-logo-quadrat.jpg","width":200,"height":176,"caption":"ALEGER \u22c6 Augmented Reality"},"image":{"@id":"https:\/\/alegerglobal.com\/it\/#\/schema\/logo\/image\/"}}]},"product_brand":"RealWear","product_price_amount":"2233.31","product_price_currency":"EUR","og_availability":"instock","product_availability":"instock","product_condition":"new"},"_links":{"self":[{"href":"https:\/\/alegerglobal.com\/it\/wp-json\/wp\/v2\/product\/52050","targetHints":{"allow":["GET"]}}],"collection":[{"href":"https:\/\/alegerglobal.com\/it\/wp-json\/wp\/v2\/product"}],"about":[{"href":"https:\/\/alegerglobal.com\/it\/wp-json\/wp\/v2\/types\/product"}],"replies":[{"embeddable":true,"href":"https:\/\/alegerglobal.com\/it\/wp-json\/wp\/v2\/comments?post=52050"}],"version-history":[{"count":3,"href":"https:\/\/alegerglobal.com\/it\/wp-json\/wp\/v2\/product\/52050\/revisions"}],"predecessor-version":[{"id":53863,"href":"https:\/\/alegerglobal.com\/it\/wp-json\/wp\/v2\/product\/52050\/revisions\/53863"}],"wp:featuredmedia":[{"embeddable":true,"href":"https:\/\/alegerglobal.com\/it\/wp-json\/wp\/v2\/media\/52073"}],"wp:attachment":[{"href":"https:\/\/alegerglobal.com\/it\/wp-json\/wp\/v2\/media?parent=52050"}],"wp:term":[{"taxonomy":"product_brand","embeddable":true,"href":"https:\/\/alegerglobal.com\/it\/wp-json\/wp\/v2\/product_brand?post=52050"},{"taxonomy":"product_cat","embeddable":true,"href":"https:\/\/alegerglobal.com\/it\/wp-json\/wp\/v2\/product_cat?post=52050"},{"taxonomy":"product_tag","embeddable":true,"href":"https:\/\/alegerglobal.com\/it\/wp-json\/wp\/v2\/product_tag?post=52050"}],"curies":[{"name":"wp","href":"https:\/\/api.w.org\/{rel}","templated":true}]}}