{"id":49617,"date":"2025-09-14T19:06:52","date_gmt":"2025-09-14T18:06:55","guid":{"rendered":"https:\/\/alegerglobal.com\/?post_type=product&#038;p=49617"},"modified":"2026-03-25T20:56:16","modified_gmt":"2026-03-25T19:56:16","slug":"ecom-pad-ex-pro-01-p8-dz2-tablet-protetto-ex-atex-zone-2-touch-screen-da-116-windows-3","status":"publish","type":"product","link":"https:\/\/alegerglobal.com\/it\/shop-it\/ecom-pad-ex-pro-01-p8-dz2-tablet-protetto-ex-atex-zone-2-touch-screen-da-116-windows-3\/","title":{"rendered":"Solo telecamera Smart-Ex 03 &#8211; Telecamera robusta per atmosfere potenzialmente esplosive"},"content":{"rendered":"","protected":false},"excerpt":{"rendered":"<p data-start=\"773\" data-end=\"1226\">La <strong data-start=\"777\" data-end=\"804\">Smart-Ex 03 Camera Only<\/strong> \u00e8 una soluzione a sicurezza intrinseca di ECOM \/ Pepperl+Fuchs, approvata per la <strong data-start=\"882\" data-end=\"907\">Zona 1\/21 e la Zona 2\/22<\/strong>, nonch\u00e9 per la <strong data-start=\"914\" data-end=\"932\">Divisione 1 e 2<\/strong>. \u00c8 stata sviluppata per le applicazioni in cui \u00e8 necessario documentare o ispezionare aree critiche senza utilizzare uno smartphone completamente funzionale. La modalit\u00e0 Kiosk limita le funzionalit\u00e0 alla sola fotocamera, particolarmente adatta quando \u00e8 richiesta solo la registrazione di immagini e video.<\/p>\n","protected":false},"featured_media":49651,"comment_status":"open","ping_status":"closed","template":"","meta":{"_acf_changed":false},"product_brand":[],"product_cat":[801,2633,780],"product_tag":[],"class_list":{"0":"post-49617","1":"product","2":"type-product","3":"status-publish","4":"has-post-thumbnail","6":"product_cat-atex-it","7":"product_cat-informatica-mobile","8":"product_cat-shop-it","9":"pa_hersteller-ecom-it","11":"first","12":"instock","13":"taxable","14":"shipping-taxable","15":"purchasable","16":"product-type-simple"},"acf":[],"yoast_head":"<!-- This site is optimized with the Yoast SEO Premium plugin v20.10 (Yoast SEO v24.3) - https:\/\/yoast.com\/wordpress\/plugins\/seo\/ -->\n<title>Solo telecamera Smart-Ex 03 - Telecamera ATEX\/IECEx per Zona 1 e 2<\/title>\n<meta name=\"description\" content=\"Telecamera a sicurezza intrinseca &quot;Smart-Ex 03 Camera Only&quot; di ECOM - 13 MP + 5 MP, Android 13, ATEX\/IECEx Zone 1\/21 e 2\/22, IP68 e MIL-STD-810H. Ideale per ispezioni e documentazione in aree pericolose.\" \/>\n<meta name=\"robots\" content=\"index, follow, max-snippet:-1, max-image-preview:large, max-video-preview:-1\" \/>\n<meta property=\"og:locale\" content=\"it_IT\" \/>\n<meta property=\"og:type\" content=\"article\" \/>\n<meta property=\"og:title\" content=\"Solo telecamera Smart-Ex 03 - Telecamera robusta per atmosfere potenzialmente esplosive\" \/>\n<meta property=\"og:description\" content=\"Telecamera a sicurezza intrinseca &quot;Smart-Ex 03 Camera Only&quot; di ECOM - 13 MP + 5 MP, Android 13, ATEX\/IECEx Zone 1\/21 e 2\/22, IP68 e MIL-STD-810H. Ideale per ispezioni e documentazione in aree pericolose.\" \/>\n<meta property=\"og:url\" content=\"https:\/\/alegerglobal.com\/it\/shop-it\/ecom-pad-ex-pro-01-p8-dz2-tablet-protetto-ex-atex-zone-2-touch-screen-da-116-windows-3\/\" \/>\n<meta property=\"og:site_name\" content=\"ALEGER \u22c6 Augmented Reality\" \/>\n<meta property=\"article:modified_time\" content=\"2026-03-25T19:56:16+00:00\" \/>\n<meta property=\"og:image\" content=\"https:\/\/alegerglobal.com\/wp-content\/uploads\/2025\/09\/Bild16.png\" \/>\n\t<meta property=\"og:image:width\" content=\"400\" \/>\n\t<meta property=\"og:image:height\" content=\"400\" \/>\n\t<meta property=\"og:image:type\" content=\"image\/png\" \/>\n<meta name=\"twitter:card\" content=\"summary_large_image\" \/>\n<meta name=\"twitter:label1\" content=\"Prezzo\" \/>\n\t<meta name=\"twitter:data1\" content=\"&euro;4.249,00\" \/>\n\t<meta name=\"twitter:label2\" content=\"Disponibilit\u00e0\" \/>\n\t<meta name=\"twitter:data2\" content=\"In stock\" \/>\n<script type=\"application\/ld+json\" class=\"yoast-schema-graph\">{\"@context\":\"https:\/\/schema.org\",\"@graph\":[{\"@type\":\"WebPage\",\"@id\":\"https:\/\/alegerglobal.com\/it\/shop-it\/ecom-pad-ex-pro-01-p8-dz2-tablet-protetto-ex-atex-zone-2-touch-screen-da-116-windows-3\/\",\"url\":\"https:\/\/alegerglobal.com\/it\/shop-it\/ecom-pad-ex-pro-01-p8-dz2-tablet-protetto-ex-atex-zone-2-touch-screen-da-116-windows-3\/\",\"name\":\"Solo telecamera Smart-Ex 03 - Telecamera ATEX\/IECEx per Zona 1 e 2\",\"isPartOf\":{\"@id\":\"https:\/\/alegerglobal.com\/it\/#website\"},\"primaryImageOfPage\":{\"@id\":\"https:\/\/alegerglobal.com\/it\/shop-it\/ecom-pad-ex-pro-01-p8-dz2-tablet-protetto-ex-atex-zone-2-touch-screen-da-116-windows-3\/#primaryimage\"},\"image\":{\"@id\":\"https:\/\/alegerglobal.com\/it\/shop-it\/ecom-pad-ex-pro-01-p8-dz2-tablet-protetto-ex-atex-zone-2-touch-screen-da-116-windows-3\/#primaryimage\"},\"thumbnailUrl\":\"https:\/\/alegerglobal.com\/wp-content\/uploads\/2025\/09\/Bild16.png\",\"datePublished\":\"2025-09-14T18:06:55+00:00\",\"dateModified\":\"2026-03-25T19:56:16+00:00\",\"description\":\"Telecamera a sicurezza intrinseca \\\"Smart-Ex 03 Camera Only\\\" di ECOM - 13 MP + 5 MP, Android 13, ATEX\/IECEx Zone 1\/21 e 2\/22, IP68 e MIL-STD-810H. Ideale per ispezioni e documentazione in aree pericolose.\",\"breadcrumb\":{\"@id\":\"https:\/\/alegerglobal.com\/it\/shop-it\/ecom-pad-ex-pro-01-p8-dz2-tablet-protetto-ex-atex-zone-2-touch-screen-da-116-windows-3\/#breadcrumb\"},\"inLanguage\":\"it-IT\",\"potentialAction\":[{\"@type\":\"ReadAction\",\"target\":[\"https:\/\/alegerglobal.com\/it\/shop-it\/ecom-pad-ex-pro-01-p8-dz2-tablet-protetto-ex-atex-zone-2-touch-screen-da-116-windows-3\/\"]}]},{\"@type\":\"ImageObject\",\"inLanguage\":\"it-IT\",\"@id\":\"https:\/\/alegerglobal.com\/it\/shop-it\/ecom-pad-ex-pro-01-p8-dz2-tablet-protetto-ex-atex-zone-2-touch-screen-da-116-windows-3\/#primaryimage\",\"url\":\"https:\/\/alegerglobal.com\/wp-content\/uploads\/2025\/09\/Bild16.png\",\"contentUrl\":\"https:\/\/alegerglobal.com\/wp-content\/uploads\/2025\/09\/Bild16.png\",\"width\":400,\"height\":400},{\"@type\":\"BreadcrumbList\",\"@id\":\"https:\/\/alegerglobal.com\/it\/shop-it\/ecom-pad-ex-pro-01-p8-dz2-tablet-protetto-ex-atex-zone-2-touch-screen-da-116-windows-3\/#breadcrumb\",\"itemListElement\":[{\"@type\":\"ListItem\",\"position\":1,\"name\":\"Home\",\"item\":\"https:\/\/alegerglobal.com\/it\/novita-homepage\/\"},{\"@type\":\"ListItem\",\"position\":2,\"name\":\"Prodotti\",\"item\":\"https:\/\/alegerglobal.com\/it\/prodotti\/\"},{\"@type\":\"ListItem\",\"position\":3,\"name\":\"Solo telecamera Smart-Ex 03 &#8211; Telecamera robusta per atmosfere potenzialmente esplosive\"}]},{\"@type\":\"WebSite\",\"@id\":\"https:\/\/alegerglobal.com\/it\/#website\",\"url\":\"https:\/\/alegerglobal.com\/it\/\",\"name\":\"ALEGER \u22c6 Augmented Reality\",\"description\":\"Die besten Augmented Reality (AR) L\u00f6sungen der Welt.\",\"publisher\":{\"@id\":\"https:\/\/alegerglobal.com\/it\/#organization\"},\"potentialAction\":[{\"@type\":\"SearchAction\",\"target\":{\"@type\":\"EntryPoint\",\"urlTemplate\":\"https:\/\/alegerglobal.com\/it\/?s={search_term_string}\"},\"query-input\":{\"@type\":\"PropertyValueSpecification\",\"valueRequired\":true,\"valueName\":\"search_term_string\"}}],\"inLanguage\":\"it-IT\"},{\"@type\":\"Organization\",\"@id\":\"https:\/\/alegerglobal.com\/it\/#organization\",\"name\":\"ALEGER \u22c6 Augmented Reality\",\"url\":\"https:\/\/alegerglobal.com\/it\/\",\"logo\":{\"@type\":\"ImageObject\",\"inLanguage\":\"it-IT\",\"@id\":\"https:\/\/alegerglobal.com\/it\/#\/schema\/logo\/image\/\",\"url\":\"https:\/\/alegerglobal.com\/wp-content\/uploads\/2020\/12\/aleger-logo-quadrat.jpg\",\"contentUrl\":\"https:\/\/alegerglobal.com\/wp-content\/uploads\/2020\/12\/aleger-logo-quadrat.jpg\",\"width\":200,\"height\":176,\"caption\":\"ALEGER \u22c6 Augmented Reality\"},\"image\":{\"@id\":\"https:\/\/alegerglobal.com\/it\/#\/schema\/logo\/image\/\"}}]}<\/script>\n<meta property=\"product:brand\" content=\"Ecom\" \/>\n<meta property=\"product:price:amount\" content=\"4249.00\" \/>\n<meta property=\"product:price:currency\" content=\"EUR\" \/>\n<meta property=\"og:availability\" content=\"instock\" \/>\n<meta property=\"product:availability\" content=\"instock\" \/>\n<meta property=\"product:condition\" content=\"new\" \/>\n<!-- \/ Yoast SEO Premium plugin. -->","yoast_head_json":{"title":"Solo telecamera Smart-Ex 03 - Telecamera ATEX\/IECEx per Zona 1 e 2","description":"Telecamera a sicurezza intrinseca \"Smart-Ex 03 Camera Only\" di ECOM - 13 MP + 5 MP, Android 13, ATEX\/IECEx Zone 1\/21 e 2\/22, IP68 e MIL-STD-810H. Ideale per ispezioni e documentazione in aree pericolose.","robots":{"index":"index","follow":"follow","max-snippet":"max-snippet:-1","max-image-preview":"max-image-preview:large","max-video-preview":"max-video-preview:-1"},"og_locale":"it_IT","og_type":"article","og_title":"Solo telecamera Smart-Ex 03 - Telecamera robusta per atmosfere potenzialmente esplosive","og_description":"Telecamera a sicurezza intrinseca \"Smart-Ex 03 Camera Only\" di ECOM - 13 MP + 5 MP, Android 13, ATEX\/IECEx Zone 1\/21 e 2\/22, IP68 e MIL-STD-810H. Ideale per ispezioni e documentazione in aree pericolose.","og_url":"https:\/\/alegerglobal.com\/it\/shop-it\/ecom-pad-ex-pro-01-p8-dz2-tablet-protetto-ex-atex-zone-2-touch-screen-da-116-windows-3\/","og_site_name":"ALEGER \u22c6 Augmented Reality","article_modified_time":"2026-03-25T19:56:16+00:00","og_image":[{"width":400,"height":400,"url":"https:\/\/alegerglobal.com\/wp-content\/uploads\/2025\/09\/Bild16.png","type":"image\/png"}],"twitter_card":"summary_large_image","twitter_misc":{"Prezzo":"&euro;4.249,00","Disponibilit\u00e0":"In stock"},"schema":{"@context":"https:\/\/schema.org","@graph":[{"@type":"WebPage","@id":"https:\/\/alegerglobal.com\/it\/shop-it\/ecom-pad-ex-pro-01-p8-dz2-tablet-protetto-ex-atex-zone-2-touch-screen-da-116-windows-3\/","url":"https:\/\/alegerglobal.com\/it\/shop-it\/ecom-pad-ex-pro-01-p8-dz2-tablet-protetto-ex-atex-zone-2-touch-screen-da-116-windows-3\/","name":"Solo telecamera Smart-Ex 03 - Telecamera ATEX\/IECEx per Zona 1 e 2","isPartOf":{"@id":"https:\/\/alegerglobal.com\/it\/#website"},"primaryImageOfPage":{"@id":"https:\/\/alegerglobal.com\/it\/shop-it\/ecom-pad-ex-pro-01-p8-dz2-tablet-protetto-ex-atex-zone-2-touch-screen-da-116-windows-3\/#primaryimage"},"image":{"@id":"https:\/\/alegerglobal.com\/it\/shop-it\/ecom-pad-ex-pro-01-p8-dz2-tablet-protetto-ex-atex-zone-2-touch-screen-da-116-windows-3\/#primaryimage"},"thumbnailUrl":"https:\/\/alegerglobal.com\/wp-content\/uploads\/2025\/09\/Bild16.png","datePublished":"2025-09-14T18:06:55+00:00","dateModified":"2026-03-25T19:56:16+00:00","description":"Telecamera a sicurezza intrinseca \"Smart-Ex 03 Camera Only\" di ECOM - 13 MP + 5 MP, Android 13, ATEX\/IECEx Zone 1\/21 e 2\/22, IP68 e MIL-STD-810H. Ideale per ispezioni e documentazione in aree pericolose.","breadcrumb":{"@id":"https:\/\/alegerglobal.com\/it\/shop-it\/ecom-pad-ex-pro-01-p8-dz2-tablet-protetto-ex-atex-zone-2-touch-screen-da-116-windows-3\/#breadcrumb"},"inLanguage":"it-IT","potentialAction":[{"@type":"ReadAction","target":["https:\/\/alegerglobal.com\/it\/shop-it\/ecom-pad-ex-pro-01-p8-dz2-tablet-protetto-ex-atex-zone-2-touch-screen-da-116-windows-3\/"]}]},{"@type":"ImageObject","inLanguage":"it-IT","@id":"https:\/\/alegerglobal.com\/it\/shop-it\/ecom-pad-ex-pro-01-p8-dz2-tablet-protetto-ex-atex-zone-2-touch-screen-da-116-windows-3\/#primaryimage","url":"https:\/\/alegerglobal.com\/wp-content\/uploads\/2025\/09\/Bild16.png","contentUrl":"https:\/\/alegerglobal.com\/wp-content\/uploads\/2025\/09\/Bild16.png","width":400,"height":400},{"@type":"BreadcrumbList","@id":"https:\/\/alegerglobal.com\/it\/shop-it\/ecom-pad-ex-pro-01-p8-dz2-tablet-protetto-ex-atex-zone-2-touch-screen-da-116-windows-3\/#breadcrumb","itemListElement":[{"@type":"ListItem","position":1,"name":"Home","item":"https:\/\/alegerglobal.com\/it\/novita-homepage\/"},{"@type":"ListItem","position":2,"name":"Prodotti","item":"https:\/\/alegerglobal.com\/it\/prodotti\/"},{"@type":"ListItem","position":3,"name":"Solo telecamera Smart-Ex 03 &#8211; Telecamera robusta per atmosfere potenzialmente esplosive"}]},{"@type":"WebSite","@id":"https:\/\/alegerglobal.com\/it\/#website","url":"https:\/\/alegerglobal.com\/it\/","name":"ALEGER \u22c6 Augmented Reality","description":"Die besten Augmented Reality (AR) L\u00f6sungen der Welt.","publisher":{"@id":"https:\/\/alegerglobal.com\/it\/#organization"},"potentialAction":[{"@type":"SearchAction","target":{"@type":"EntryPoint","urlTemplate":"https:\/\/alegerglobal.com\/it\/?s={search_term_string}"},"query-input":{"@type":"PropertyValueSpecification","valueRequired":true,"valueName":"search_term_string"}}],"inLanguage":"it-IT"},{"@type":"Organization","@id":"https:\/\/alegerglobal.com\/it\/#organization","name":"ALEGER \u22c6 Augmented Reality","url":"https:\/\/alegerglobal.com\/it\/","logo":{"@type":"ImageObject","inLanguage":"it-IT","@id":"https:\/\/alegerglobal.com\/it\/#\/schema\/logo\/image\/","url":"https:\/\/alegerglobal.com\/wp-content\/uploads\/2020\/12\/aleger-logo-quadrat.jpg","contentUrl":"https:\/\/alegerglobal.com\/wp-content\/uploads\/2020\/12\/aleger-logo-quadrat.jpg","width":200,"height":176,"caption":"ALEGER \u22c6 Augmented Reality"},"image":{"@id":"https:\/\/alegerglobal.com\/it\/#\/schema\/logo\/image\/"}}]},"product_brand":"Ecom","product_price_amount":"4249.00","product_price_currency":"EUR","og_availability":"instock","product_availability":"instock","product_condition":"new"},"_links":{"self":[{"href":"https:\/\/alegerglobal.com\/it\/wp-json\/wp\/v2\/product\/49617","targetHints":{"allow":["GET"]}}],"collection":[{"href":"https:\/\/alegerglobal.com\/it\/wp-json\/wp\/v2\/product"}],"about":[{"href":"https:\/\/alegerglobal.com\/it\/wp-json\/wp\/v2\/types\/product"}],"replies":[{"embeddable":true,"href":"https:\/\/alegerglobal.com\/it\/wp-json\/wp\/v2\/comments?post=49617"}],"version-history":[{"count":3,"href":"https:\/\/alegerglobal.com\/it\/wp-json\/wp\/v2\/product\/49617\/revisions"}],"predecessor-version":[{"id":54128,"href":"https:\/\/alegerglobal.com\/it\/wp-json\/wp\/v2\/product\/49617\/revisions\/54128"}],"wp:featuredmedia":[{"embeddable":true,"href":"https:\/\/alegerglobal.com\/it\/wp-json\/wp\/v2\/media\/49651"}],"wp:attachment":[{"href":"https:\/\/alegerglobal.com\/it\/wp-json\/wp\/v2\/media?parent=49617"}],"wp:term":[{"taxonomy":"product_brand","embeddable":true,"href":"https:\/\/alegerglobal.com\/it\/wp-json\/wp\/v2\/product_brand?post=49617"},{"taxonomy":"product_cat","embeddable":true,"href":"https:\/\/alegerglobal.com\/it\/wp-json\/wp\/v2\/product_cat?post=49617"},{"taxonomy":"product_tag","embeddable":true,"href":"https:\/\/alegerglobal.com\/it\/wp-json\/wp\/v2\/product_tag?post=49617"}],"curies":[{"name":"wp","href":"https:\/\/api.w.org\/{rel}","templated":true}]}}