{"id":39132,"date":"2023-03-01T05:04:18","date_gmt":"2024-06-03T11:24:19","guid":{"rendered":"https:\/\/alegerglobal.com\/senza-categoria\/trimble-holotint\/"},"modified":"2024-06-03T12:24:19","modified_gmt":"2024-06-03T11:24:19","slug":"trimble-holotint","status":"publish","type":"product","link":"https:\/\/alegerglobal.com\/it\/shop-it\/accessori\/trimble-holotint\/","title":{"rendered":"Trimble HoloTint"},"content":{"rendered":"","protected":false},"excerpt":{"rendered":"<p>Trimble HoloTint \u00e8 un accessorio per il casco industriale Trimble XR10 Mixed Reality, che \u00e8 dotato di Microsoft HoloLens 2. Migliora notevolmente il contrasto degli ologrammi ed \u00e8 particolarmente utile in ambienti luminosi. Il montaggio della visiera parasole HoloTint \u00e8 facile e indispensabile per gli utenti di XR10. L&#8217;accessorio \u00e8 anche compatibile con Microsoft HoloLens 2<\/p>\n","protected":false},"featured_media":37984,"comment_status":"open","ping_status":"closed","template":"","meta":{"_acf_changed":false},"product_brand":[],"product_cat":[779,780],"product_tag":[],"class_list":{"0":"post-39132","1":"product","2":"type-product","3":"status-publish","4":"has-post-thumbnail","6":"product_cat-accessori","7":"product_cat-shop-it","9":"first","10":"instock","11":"taxable","12":"shipping-taxable","13":"product-type-simple"},"acf":[],"yoast_head":"<!-- This site is optimized with the Yoast SEO Premium plugin v20.10 (Yoast SEO v24.3) - https:\/\/yoast.com\/wordpress\/plugins\/seo\/ -->\n<title>- ALEGER \u22c6 Augmented Reality<\/title>\n<meta name=\"robots\" content=\"index, follow, max-snippet:-1, max-image-preview:large, max-video-preview:-1\" \/>\n<meta property=\"og:locale\" content=\"it_IT\" \/>\n<meta property=\"og:type\" content=\"article\" \/>\n<meta property=\"og:title\" content=\"Trimble HoloTint\" \/>\n<meta property=\"og:description\" content=\"Trimble HoloTint \u00e8 un accessorio per il casco industriale Trimble XR10 Mixed Reality, che \u00e8 dotato di Microsoft HoloLens 2. Migliora notevolmente il contrasto degli ologrammi ed \u00e8 particolarmente utile in ambienti luminosi. Il montaggio della visiera parasole HoloTint \u00e8 facile e indispensabile per gli utenti di XR10. L&#039;accessorio \u00e8 anche compatibile con Microsoft HoloLens 2\" \/>\n<meta property=\"og:url\" content=\"https:\/\/alegerglobal.com\/it\/shop-it\/accessori\/trimble-holotint\/\" \/>\n<meta property=\"og:site_name\" content=\"ALEGER \u22c6 Augmented Reality\" \/>\n<meta property=\"og:image\" content=\"https:\/\/alegerglobal.com\/wp-content\/uploads\/2023\/03\/Unbenannt.jpg\" \/>\n\t<meta property=\"og:image:width\" content=\"800\" \/>\n\t<meta property=\"og:image:height\" content=\"800\" \/>\n\t<meta property=\"og:image:type\" content=\"image\/jpeg\" \/>\n<meta name=\"twitter:card\" content=\"summary_large_image\" \/>\n<meta name=\"twitter:label1\" content=\"Prezzo\" \/>\n\t<meta name=\"twitter:data1\" content=\"\" \/>\n\t<meta name=\"twitter:label2\" content=\"Disponibilit\u00e0\" \/>\n\t<meta name=\"twitter:data2\" content=\"In stock\" \/>\n<script type=\"application\/ld+json\" class=\"yoast-schema-graph\">{\"@context\":\"https:\/\/schema.org\",\"@graph\":[{\"@type\":\"WebPage\",\"@id\":\"https:\/\/alegerglobal.com\/it\/shop-it\/accessori\/trimble-holotint\/\",\"url\":\"https:\/\/alegerglobal.com\/it\/shop-it\/accessori\/trimble-holotint\/\",\"name\":\"- ALEGER \u22c6 Augmented Reality\",\"isPartOf\":{\"@id\":\"https:\/\/alegerglobal.com\/it\/#website\"},\"primaryImageOfPage\":{\"@id\":\"https:\/\/alegerglobal.com\/it\/shop-it\/accessori\/trimble-holotint\/#primaryimage\"},\"image\":{\"@id\":\"https:\/\/alegerglobal.com\/it\/shop-it\/accessori\/trimble-holotint\/#primaryimage\"},\"thumbnailUrl\":\"https:\/\/alegerglobal.com\/wp-content\/uploads\/2023\/03\/Unbenannt.jpg\",\"datePublished\":\"2024-06-03T11:24:19+00:00\",\"dateModified\":\"2024-06-03T11:24:19+00:00\",\"breadcrumb\":{\"@id\":\"https:\/\/alegerglobal.com\/it\/shop-it\/accessori\/trimble-holotint\/#breadcrumb\"},\"inLanguage\":\"it-IT\",\"potentialAction\":[{\"@type\":\"ReadAction\",\"target\":[\"https:\/\/alegerglobal.com\/it\/shop-it\/accessori\/trimble-holotint\/\"]}]},{\"@type\":\"ImageObject\",\"inLanguage\":\"it-IT\",\"@id\":\"https:\/\/alegerglobal.com\/it\/shop-it\/accessori\/trimble-holotint\/#primaryimage\",\"url\":\"https:\/\/alegerglobal.com\/wp-content\/uploads\/2023\/03\/Unbenannt.jpg\",\"contentUrl\":\"https:\/\/alegerglobal.com\/wp-content\/uploads\/2023\/03\/Unbenannt.jpg\",\"width\":800,\"height\":800},{\"@type\":\"BreadcrumbList\",\"@id\":\"https:\/\/alegerglobal.com\/it\/shop-it\/accessori\/trimble-holotint\/#breadcrumb\",\"itemListElement\":[{\"@type\":\"ListItem\",\"position\":1,\"name\":\"Home\",\"item\":\"https:\/\/alegerglobal.com\/it\/novita-homepage\/\"},{\"@type\":\"ListItem\",\"position\":2,\"name\":\"Prodotti\",\"item\":\"https:\/\/alegerglobal.com\/it\/prodotti\/\"},{\"@type\":\"ListItem\",\"position\":3,\"name\":\"Trimble HoloTint\"}]},{\"@type\":\"WebSite\",\"@id\":\"https:\/\/alegerglobal.com\/it\/#website\",\"url\":\"https:\/\/alegerglobal.com\/it\/\",\"name\":\"ALEGER \u22c6 Augmented Reality\",\"description\":\"Die besten Augmented Reality (AR) L\u00f6sungen der Welt.\",\"publisher\":{\"@id\":\"https:\/\/alegerglobal.com\/it\/#organization\"},\"potentialAction\":[{\"@type\":\"SearchAction\",\"target\":{\"@type\":\"EntryPoint\",\"urlTemplate\":\"https:\/\/alegerglobal.com\/it\/?s={search_term_string}\"},\"query-input\":{\"@type\":\"PropertyValueSpecification\",\"valueRequired\":true,\"valueName\":\"search_term_string\"}}],\"inLanguage\":\"it-IT\"},{\"@type\":\"Organization\",\"@id\":\"https:\/\/alegerglobal.com\/it\/#organization\",\"name\":\"ALEGER \u22c6 Augmented Reality\",\"url\":\"https:\/\/alegerglobal.com\/it\/\",\"logo\":{\"@type\":\"ImageObject\",\"inLanguage\":\"it-IT\",\"@id\":\"https:\/\/alegerglobal.com\/it\/#\/schema\/logo\/image\/\",\"url\":\"https:\/\/alegerglobal.com\/wp-content\/uploads\/2020\/12\/aleger-logo-quadrat.jpg\",\"contentUrl\":\"https:\/\/alegerglobal.com\/wp-content\/uploads\/2020\/12\/aleger-logo-quadrat.jpg\",\"width\":200,\"height\":176,\"caption\":\"ALEGER \u22c6 Augmented Reality\"},\"image\":{\"@id\":\"https:\/\/alegerglobal.com\/it\/#\/schema\/logo\/image\/\"}}]}<\/script>\n<meta property=\"product:price:amount\" content=\"0.00\" \/>\n<meta property=\"product:price:currency\" content=\"EUR\" \/>\n<meta property=\"og:availability\" content=\"instock\" \/>\n<meta property=\"product:availability\" content=\"instock\" \/>\n<meta property=\"product:condition\" content=\"new\" \/>\n<!-- \/ Yoast SEO Premium plugin. -->","yoast_head_json":{"title":"- ALEGER \u22c6 Augmented Reality","robots":{"index":"index","follow":"follow","max-snippet":"max-snippet:-1","max-image-preview":"max-image-preview:large","max-video-preview":"max-video-preview:-1"},"og_locale":"it_IT","og_type":"article","og_title":"Trimble HoloTint","og_description":"Trimble HoloTint \u00e8 un accessorio per il casco industriale Trimble XR10 Mixed Reality, che \u00e8 dotato di Microsoft HoloLens 2. Migliora notevolmente il contrasto degli ologrammi ed \u00e8 particolarmente utile in ambienti luminosi. Il montaggio della visiera parasole HoloTint \u00e8 facile e indispensabile per gli utenti di XR10. L'accessorio \u00e8 anche compatibile con Microsoft HoloLens 2","og_url":"https:\/\/alegerglobal.com\/it\/shop-it\/accessori\/trimble-holotint\/","og_site_name":"ALEGER \u22c6 Augmented Reality","og_image":[{"width":800,"height":800,"url":"https:\/\/alegerglobal.com\/wp-content\/uploads\/2023\/03\/Unbenannt.jpg","type":"image\/jpeg"}],"twitter_card":"summary_large_image","twitter_misc":{"Prezzo":"","Disponibilit\u00e0":"In stock"},"schema":{"@context":"https:\/\/schema.org","@graph":[{"@type":"WebPage","@id":"https:\/\/alegerglobal.com\/it\/shop-it\/accessori\/trimble-holotint\/","url":"https:\/\/alegerglobal.com\/it\/shop-it\/accessori\/trimble-holotint\/","name":"- ALEGER \u22c6 Augmented Reality","isPartOf":{"@id":"https:\/\/alegerglobal.com\/it\/#website"},"primaryImageOfPage":{"@id":"https:\/\/alegerglobal.com\/it\/shop-it\/accessori\/trimble-holotint\/#primaryimage"},"image":{"@id":"https:\/\/alegerglobal.com\/it\/shop-it\/accessori\/trimble-holotint\/#primaryimage"},"thumbnailUrl":"https:\/\/alegerglobal.com\/wp-content\/uploads\/2023\/03\/Unbenannt.jpg","datePublished":"2024-06-03T11:24:19+00:00","dateModified":"2024-06-03T11:24:19+00:00","breadcrumb":{"@id":"https:\/\/alegerglobal.com\/it\/shop-it\/accessori\/trimble-holotint\/#breadcrumb"},"inLanguage":"it-IT","potentialAction":[{"@type":"ReadAction","target":["https:\/\/alegerglobal.com\/it\/shop-it\/accessori\/trimble-holotint\/"]}]},{"@type":"ImageObject","inLanguage":"it-IT","@id":"https:\/\/alegerglobal.com\/it\/shop-it\/accessori\/trimble-holotint\/#primaryimage","url":"https:\/\/alegerglobal.com\/wp-content\/uploads\/2023\/03\/Unbenannt.jpg","contentUrl":"https:\/\/alegerglobal.com\/wp-content\/uploads\/2023\/03\/Unbenannt.jpg","width":800,"height":800},{"@type":"BreadcrumbList","@id":"https:\/\/alegerglobal.com\/it\/shop-it\/accessori\/trimble-holotint\/#breadcrumb","itemListElement":[{"@type":"ListItem","position":1,"name":"Home","item":"https:\/\/alegerglobal.com\/it\/novita-homepage\/"},{"@type":"ListItem","position":2,"name":"Prodotti","item":"https:\/\/alegerglobal.com\/it\/prodotti\/"},{"@type":"ListItem","position":3,"name":"Trimble HoloTint"}]},{"@type":"WebSite","@id":"https:\/\/alegerglobal.com\/it\/#website","url":"https:\/\/alegerglobal.com\/it\/","name":"ALEGER \u22c6 Augmented Reality","description":"Die besten Augmented Reality (AR) L\u00f6sungen der Welt.","publisher":{"@id":"https:\/\/alegerglobal.com\/it\/#organization"},"potentialAction":[{"@type":"SearchAction","target":{"@type":"EntryPoint","urlTemplate":"https:\/\/alegerglobal.com\/it\/?s={search_term_string}"},"query-input":{"@type":"PropertyValueSpecification","valueRequired":true,"valueName":"search_term_string"}}],"inLanguage":"it-IT"},{"@type":"Organization","@id":"https:\/\/alegerglobal.com\/it\/#organization","name":"ALEGER \u22c6 Augmented Reality","url":"https:\/\/alegerglobal.com\/it\/","logo":{"@type":"ImageObject","inLanguage":"it-IT","@id":"https:\/\/alegerglobal.com\/it\/#\/schema\/logo\/image\/","url":"https:\/\/alegerglobal.com\/wp-content\/uploads\/2020\/12\/aleger-logo-quadrat.jpg","contentUrl":"https:\/\/alegerglobal.com\/wp-content\/uploads\/2020\/12\/aleger-logo-quadrat.jpg","width":200,"height":176,"caption":"ALEGER \u22c6 Augmented Reality"},"image":{"@id":"https:\/\/alegerglobal.com\/it\/#\/schema\/logo\/image\/"}}]},"product_price_amount":"0.00","product_price_currency":"EUR","og_availability":"instock","product_availability":"instock","product_condition":"new"},"_links":{"self":[{"href":"https:\/\/alegerglobal.com\/it\/wp-json\/wp\/v2\/product\/39132","targetHints":{"allow":["GET"]}}],"collection":[{"href":"https:\/\/alegerglobal.com\/it\/wp-json\/wp\/v2\/product"}],"about":[{"href":"https:\/\/alegerglobal.com\/it\/wp-json\/wp\/v2\/types\/product"}],"replies":[{"embeddable":true,"href":"https:\/\/alegerglobal.com\/it\/wp-json\/wp\/v2\/comments?post=39132"}],"version-history":[{"count":0,"href":"https:\/\/alegerglobal.com\/it\/wp-json\/wp\/v2\/product\/39132\/revisions"}],"wp:featuredmedia":[{"embeddable":true,"href":"https:\/\/alegerglobal.com\/it\/wp-json\/wp\/v2\/media\/37984"}],"wp:attachment":[{"href":"https:\/\/alegerglobal.com\/it\/wp-json\/wp\/v2\/media?parent=39132"}],"wp:term":[{"taxonomy":"product_brand","embeddable":true,"href":"https:\/\/alegerglobal.com\/it\/wp-json\/wp\/v2\/product_brand?post=39132"},{"taxonomy":"product_cat","embeddable":true,"href":"https:\/\/alegerglobal.com\/it\/wp-json\/wp\/v2\/product_cat?post=39132"},{"taxonomy":"product_tag","embeddable":true,"href":"https:\/\/alegerglobal.com\/it\/wp-json\/wp\/v2\/product_tag?post=39132"}],"curies":[{"name":"wp","href":"https:\/\/api.w.org\/{rel}","templated":true}]}}