{"id":30700,"date":"2022-01-11T04:51:37","date_gmt":"2022-05-13T07:03:54","guid":{"rendered":"https:\/\/alegerglobal.com\/senza-categoria\/occhiali-dati-dynaedge-ar-de-200-intel-core-i7-16-gb-di-ram-256-gb-di-ssd-lte-windows-11\/"},"modified":"2022-05-13T08:03:54","modified_gmt":"2022-05-13T07:03:54","slug":"dynaedge-en-200","status":"publish","type":"product","link":"https:\/\/alegerglobal.com\/it\/shop-it\/occhiali-intelligenti\/dynaedge-en-200\/","title":{"rendered":"Occhiali dati dynaEdge AR DE-200, Intel Core i7, 16 GB di RAM, 256 GB di SSD, LTE Windows 11"},"content":{"rendered":"","protected":false},"excerpt":{"rendered":"<ul>\n<li style=\"font-weight: 400;\" aria-level=\"1\"><b>Occhiali dati + CPU portatile:<\/b><span style=\"font-weight: 400;\"> dynaEdge AR DE 200 combina il visore AR-100 e il computer indossabile <\/span> <\/li>\n<li style=\"font-weight: 400;\" aria-level=\"1\"><b>Massima sicurezza:<\/b><span style=\"font-weight: 400;\"> Windows 11 preinstallato<\/span><\/li>\n<li style=\"font-weight: 400;\" aria-level=\"1\"><b>Prestazioni elevate: <\/b><span style=\"font-weight: 400;\">CPU Intel Core i7 + 16 GB di RAM<\/span><\/li>\n<li style=\"font-weight: 400;\" aria-level=\"1\"><b>Piattaforma AR inclusa: <\/b><span style=\"font-weight: 400;\">Toshiba Vision DE Suite preinstallato<\/span><\/li>\n<li style=\"font-weight: 400;\" aria-level=\"1\"><b>Archiviazione dei dati ampia e veloce:<\/b><span style=\"font-weight: 400;\"> SSD da 256 GB per i dati<\/span><\/li>\n<\/ul>\n","protected":false},"featured_media":23848,"comment_status":"open","ping_status":"closed","template":"","meta":{"_acf_changed":false},"product_brand":[],"product_cat":[825,780],"product_tag":[],"class_list":{"0":"post-30700","1":"product","2":"type-product","3":"status-publish","4":"has-post-thumbnail","6":"product_cat-occhiali-intelligenti","7":"product_cat-shop-it","8":"pa_hersteller-dynaedge-it","10":"first","11":"instock","12":"taxable","13":"shipping-taxable","14":"product-type-simple"},"acf":[],"yoast_head":"<!-- This site is optimized with the Yoast SEO Premium plugin v20.10 (Yoast SEO v24.3) - https:\/\/yoast.com\/wordpress\/plugins\/seo\/ -->\n<title>Acquista gli occhiali dati dynaEdge AR DE-200 - ALEGER \u22c6 Augmented Reality<\/title>\n<meta name=\"description\" content=\"Il dynaEdge AR DE-200 \u00e8 un occhiale di alta qualit\u00e0 con un&#039;elevata potenza di calcolo e una propria piattaforma di realt\u00e0 aumentata. Per saperne di pi\u00f9, cliccate qui!\" \/>\n<meta name=\"robots\" content=\"index, follow, max-snippet:-1, max-image-preview:large, max-video-preview:-1\" \/>\n<meta property=\"og:locale\" content=\"it_IT\" \/>\n<meta property=\"og:type\" content=\"article\" \/>\n<meta property=\"og:title\" content=\"Occhiali dati dynaEdge AR DE-200, Intel Core i7, 16 GB di RAM, 256 GB di SSD, LTE Windows 11\" \/>\n<meta property=\"og:description\" content=\"Il dynaEdge AR DE-200 \u00e8 un occhiale di alta qualit\u00e0 con un&#039;elevata potenza di calcolo e una propria piattaforma di realt\u00e0 aumentata. Per saperne di pi\u00f9, cliccate qui!\" \/>\n<meta property=\"og:url\" content=\"https:\/\/alegerglobal.com\/it\/shop-it\/occhiali-intelligenti\/dynaedge-en-200\/\" \/>\n<meta property=\"og:site_name\" content=\"ALEGER \u22c6 Augmented Reality\" \/>\n<meta property=\"og:image\" content=\"https:\/\/alegerglobal.com\/wp-content\/uploads\/2021\/03\/Unbenannt-117.jpg\" \/>\n\t<meta property=\"og:image:width\" content=\"800\" \/>\n\t<meta property=\"og:image:height\" content=\"800\" \/>\n\t<meta property=\"og:image:type\" content=\"image\/jpeg\" \/>\n<meta name=\"twitter:card\" content=\"summary_large_image\" \/>\n<meta name=\"twitter:label1\" content=\"Prezzo\" \/>\n\t<meta name=\"twitter:data1\" content=\"\" \/>\n\t<meta name=\"twitter:label2\" content=\"Disponibilit\u00e0\" \/>\n\t<meta name=\"twitter:data2\" content=\"In stock\" \/>\n<script type=\"application\/ld+json\" class=\"yoast-schema-graph\">{\"@context\":\"https:\/\/schema.org\",\"@graph\":[{\"@type\":\"WebPage\",\"@id\":\"https:\/\/alegerglobal.com\/it\/shop-it\/occhiali-intelligenti\/dynaedge-en-200\/\",\"url\":\"https:\/\/alegerglobal.com\/it\/shop-it\/occhiali-intelligenti\/dynaedge-en-200\/\",\"name\":\"Acquista gli occhiali dati dynaEdge AR DE-200 - ALEGER \u22c6 Augmented Reality\",\"isPartOf\":{\"@id\":\"https:\/\/alegerglobal.com\/it\/#website\"},\"primaryImageOfPage\":{\"@id\":\"https:\/\/alegerglobal.com\/it\/shop-it\/occhiali-intelligenti\/dynaedge-en-200\/#primaryimage\"},\"image\":{\"@id\":\"https:\/\/alegerglobal.com\/it\/shop-it\/occhiali-intelligenti\/dynaedge-en-200\/#primaryimage\"},\"thumbnailUrl\":\"https:\/\/alegerglobal.com\/wp-content\/uploads\/2021\/03\/Unbenannt-117.jpg\",\"datePublished\":\"2022-05-13T07:03:54+00:00\",\"dateModified\":\"2022-05-13T07:03:54+00:00\",\"description\":\"Il dynaEdge AR DE-200 \u00e8 un occhiale di alta qualit\u00e0 con un'elevata potenza di calcolo e una propria piattaforma di realt\u00e0 aumentata. Per saperne di pi\u00f9, cliccate qui!\",\"breadcrumb\":{\"@id\":\"https:\/\/alegerglobal.com\/it\/shop-it\/occhiali-intelligenti\/dynaedge-en-200\/#breadcrumb\"},\"inLanguage\":\"it-IT\",\"potentialAction\":[{\"@type\":\"ReadAction\",\"target\":[\"https:\/\/alegerglobal.com\/it\/shop-it\/occhiali-intelligenti\/dynaedge-en-200\/\"]}]},{\"@type\":\"ImageObject\",\"inLanguage\":\"it-IT\",\"@id\":\"https:\/\/alegerglobal.com\/it\/shop-it\/occhiali-intelligenti\/dynaedge-en-200\/#primaryimage\",\"url\":\"https:\/\/alegerglobal.com\/wp-content\/uploads\/2021\/03\/Unbenannt-117.jpg\",\"contentUrl\":\"https:\/\/alegerglobal.com\/wp-content\/uploads\/2021\/03\/Unbenannt-117.jpg\",\"width\":800,\"height\":800},{\"@type\":\"BreadcrumbList\",\"@id\":\"https:\/\/alegerglobal.com\/it\/shop-it\/occhiali-intelligenti\/dynaedge-en-200\/#breadcrumb\",\"itemListElement\":[{\"@type\":\"ListItem\",\"position\":1,\"name\":\"Home\",\"item\":\"https:\/\/alegerglobal.com\/it\/novita-homepage\/\"},{\"@type\":\"ListItem\",\"position\":2,\"name\":\"Prodotti\",\"item\":\"https:\/\/alegerglobal.com\/it\/prodotti\/\"},{\"@type\":\"ListItem\",\"position\":3,\"name\":\"Occhiali dati dynaEdge AR DE-200, Intel Core i7, 16 GB di RAM, 256 GB di SSD, LTE Windows 11\"}]},{\"@type\":\"WebSite\",\"@id\":\"https:\/\/alegerglobal.com\/it\/#website\",\"url\":\"https:\/\/alegerglobal.com\/it\/\",\"name\":\"ALEGER \u22c6 Augmented Reality\",\"description\":\"Die besten Augmented Reality (AR) L\u00f6sungen der Welt.\",\"publisher\":{\"@id\":\"https:\/\/alegerglobal.com\/it\/#organization\"},\"potentialAction\":[{\"@type\":\"SearchAction\",\"target\":{\"@type\":\"EntryPoint\",\"urlTemplate\":\"https:\/\/alegerglobal.com\/it\/?s={search_term_string}\"},\"query-input\":{\"@type\":\"PropertyValueSpecification\",\"valueRequired\":true,\"valueName\":\"search_term_string\"}}],\"inLanguage\":\"it-IT\"},{\"@type\":\"Organization\",\"@id\":\"https:\/\/alegerglobal.com\/it\/#organization\",\"name\":\"ALEGER \u22c6 Augmented Reality\",\"url\":\"https:\/\/alegerglobal.com\/it\/\",\"logo\":{\"@type\":\"ImageObject\",\"inLanguage\":\"it-IT\",\"@id\":\"https:\/\/alegerglobal.com\/it\/#\/schema\/logo\/image\/\",\"url\":\"https:\/\/alegerglobal.com\/wp-content\/uploads\/2020\/12\/aleger-logo-quadrat.jpg\",\"contentUrl\":\"https:\/\/alegerglobal.com\/wp-content\/uploads\/2020\/12\/aleger-logo-quadrat.jpg\",\"width\":200,\"height\":176,\"caption\":\"ALEGER \u22c6 Augmented Reality\"},\"image\":{\"@id\":\"https:\/\/alegerglobal.com\/it\/#\/schema\/logo\/image\/\"}}]}<\/script>\n<meta property=\"product:brand\" content=\"dynaEdge\" \/>\n<meta property=\"product:price:amount\" content=\"0.00\" \/>\n<meta property=\"product:price:currency\" content=\"EUR\" \/>\n<meta property=\"og:availability\" content=\"instock\" \/>\n<meta property=\"product:availability\" content=\"instock\" \/>\n<meta property=\"product:condition\" content=\"new\" \/>\n<!-- \/ Yoast SEO Premium plugin. -->","yoast_head_json":{"title":"Acquista gli occhiali dati dynaEdge AR DE-200 - ALEGER \u22c6 Augmented Reality","description":"Il dynaEdge AR DE-200 \u00e8 un occhiale di alta qualit\u00e0 con un'elevata potenza di calcolo e una propria piattaforma di realt\u00e0 aumentata. Per saperne di pi\u00f9, cliccate qui!","robots":{"index":"index","follow":"follow","max-snippet":"max-snippet:-1","max-image-preview":"max-image-preview:large","max-video-preview":"max-video-preview:-1"},"og_locale":"it_IT","og_type":"article","og_title":"Occhiali dati dynaEdge AR DE-200, Intel Core i7, 16 GB di RAM, 256 GB di SSD, LTE Windows 11","og_description":"Il dynaEdge AR DE-200 \u00e8 un occhiale di alta qualit\u00e0 con un'elevata potenza di calcolo e una propria piattaforma di realt\u00e0 aumentata. Per saperne di pi\u00f9, cliccate qui!","og_url":"https:\/\/alegerglobal.com\/it\/shop-it\/occhiali-intelligenti\/dynaedge-en-200\/","og_site_name":"ALEGER \u22c6 Augmented Reality","og_image":[{"width":800,"height":800,"url":"https:\/\/alegerglobal.com\/wp-content\/uploads\/2021\/03\/Unbenannt-117.jpg","type":"image\/jpeg"}],"twitter_card":"summary_large_image","twitter_misc":{"Prezzo":"","Disponibilit\u00e0":"In stock"},"schema":{"@context":"https:\/\/schema.org","@graph":[{"@type":"WebPage","@id":"https:\/\/alegerglobal.com\/it\/shop-it\/occhiali-intelligenti\/dynaedge-en-200\/","url":"https:\/\/alegerglobal.com\/it\/shop-it\/occhiali-intelligenti\/dynaedge-en-200\/","name":"Acquista gli occhiali dati dynaEdge AR DE-200 - ALEGER \u22c6 Augmented Reality","isPartOf":{"@id":"https:\/\/alegerglobal.com\/it\/#website"},"primaryImageOfPage":{"@id":"https:\/\/alegerglobal.com\/it\/shop-it\/occhiali-intelligenti\/dynaedge-en-200\/#primaryimage"},"image":{"@id":"https:\/\/alegerglobal.com\/it\/shop-it\/occhiali-intelligenti\/dynaedge-en-200\/#primaryimage"},"thumbnailUrl":"https:\/\/alegerglobal.com\/wp-content\/uploads\/2021\/03\/Unbenannt-117.jpg","datePublished":"2022-05-13T07:03:54+00:00","dateModified":"2022-05-13T07:03:54+00:00","description":"Il dynaEdge AR DE-200 \u00e8 un occhiale di alta qualit\u00e0 con un'elevata potenza di calcolo e una propria piattaforma di realt\u00e0 aumentata. Per saperne di pi\u00f9, cliccate qui!","breadcrumb":{"@id":"https:\/\/alegerglobal.com\/it\/shop-it\/occhiali-intelligenti\/dynaedge-en-200\/#breadcrumb"},"inLanguage":"it-IT","potentialAction":[{"@type":"ReadAction","target":["https:\/\/alegerglobal.com\/it\/shop-it\/occhiali-intelligenti\/dynaedge-en-200\/"]}]},{"@type":"ImageObject","inLanguage":"it-IT","@id":"https:\/\/alegerglobal.com\/it\/shop-it\/occhiali-intelligenti\/dynaedge-en-200\/#primaryimage","url":"https:\/\/alegerglobal.com\/wp-content\/uploads\/2021\/03\/Unbenannt-117.jpg","contentUrl":"https:\/\/alegerglobal.com\/wp-content\/uploads\/2021\/03\/Unbenannt-117.jpg","width":800,"height":800},{"@type":"BreadcrumbList","@id":"https:\/\/alegerglobal.com\/it\/shop-it\/occhiali-intelligenti\/dynaedge-en-200\/#breadcrumb","itemListElement":[{"@type":"ListItem","position":1,"name":"Home","item":"https:\/\/alegerglobal.com\/it\/novita-homepage\/"},{"@type":"ListItem","position":2,"name":"Prodotti","item":"https:\/\/alegerglobal.com\/it\/prodotti\/"},{"@type":"ListItem","position":3,"name":"Occhiali dati dynaEdge AR DE-200, Intel Core i7, 16 GB di RAM, 256 GB di SSD, LTE Windows 11"}]},{"@type":"WebSite","@id":"https:\/\/alegerglobal.com\/it\/#website","url":"https:\/\/alegerglobal.com\/it\/","name":"ALEGER \u22c6 Augmented Reality","description":"Die besten Augmented Reality (AR) L\u00f6sungen der Welt.","publisher":{"@id":"https:\/\/alegerglobal.com\/it\/#organization"},"potentialAction":[{"@type":"SearchAction","target":{"@type":"EntryPoint","urlTemplate":"https:\/\/alegerglobal.com\/it\/?s={search_term_string}"},"query-input":{"@type":"PropertyValueSpecification","valueRequired":true,"valueName":"search_term_string"}}],"inLanguage":"it-IT"},{"@type":"Organization","@id":"https:\/\/alegerglobal.com\/it\/#organization","name":"ALEGER \u22c6 Augmented Reality","url":"https:\/\/alegerglobal.com\/it\/","logo":{"@type":"ImageObject","inLanguage":"it-IT","@id":"https:\/\/alegerglobal.com\/it\/#\/schema\/logo\/image\/","url":"https:\/\/alegerglobal.com\/wp-content\/uploads\/2020\/12\/aleger-logo-quadrat.jpg","contentUrl":"https:\/\/alegerglobal.com\/wp-content\/uploads\/2020\/12\/aleger-logo-quadrat.jpg","width":200,"height":176,"caption":"ALEGER \u22c6 Augmented Reality"},"image":{"@id":"https:\/\/alegerglobal.com\/it\/#\/schema\/logo\/image\/"}}]},"product_brand":"dynaEdge","product_price_amount":"0.00","product_price_currency":"EUR","og_availability":"instock","product_availability":"instock","product_condition":"new"},"_links":{"self":[{"href":"https:\/\/alegerglobal.com\/it\/wp-json\/wp\/v2\/product\/30700","targetHints":{"allow":["GET"]}}],"collection":[{"href":"https:\/\/alegerglobal.com\/it\/wp-json\/wp\/v2\/product"}],"about":[{"href":"https:\/\/alegerglobal.com\/it\/wp-json\/wp\/v2\/types\/product"}],"replies":[{"embeddable":true,"href":"https:\/\/alegerglobal.com\/it\/wp-json\/wp\/v2\/comments?post=30700"}],"version-history":[{"count":0,"href":"https:\/\/alegerglobal.com\/it\/wp-json\/wp\/v2\/product\/30700\/revisions"}],"wp:featuredmedia":[{"embeddable":true,"href":"https:\/\/alegerglobal.com\/it\/wp-json\/wp\/v2\/media\/23848"}],"wp:attachment":[{"href":"https:\/\/alegerglobal.com\/it\/wp-json\/wp\/v2\/media?parent=30700"}],"wp:term":[{"taxonomy":"product_brand","embeddable":true,"href":"https:\/\/alegerglobal.com\/it\/wp-json\/wp\/v2\/product_brand?post=30700"},{"taxonomy":"product_cat","embeddable":true,"href":"https:\/\/alegerglobal.com\/it\/wp-json\/wp\/v2\/product_cat?post=30700"},{"taxonomy":"product_tag","embeddable":true,"href":"https:\/\/alegerglobal.com\/it\/wp-json\/wp\/v2\/product_tag?post=30700"}],"curies":[{"name":"wp","href":"https:\/\/api.w.org\/{rel}","templated":true}]}}