{"id":30693,"date":"2022-01-11T04:55:47","date_gmt":"2022-05-13T07:03:30","guid":{"rendered":"https:\/\/alegerglobal.com\/senza-categoria\/rokid-glass-2-occhiali-intelligenti-pieghevoli-campo-visivo-di-40-gradi-batteria-da-10-000-mah-peso-di-96-g\/"},"modified":"2022-05-13T08:03:30","modified_gmt":"2022-05-13T07:03:30","slug":"rokid-vetro-2","status":"publish","type":"product","link":"https:\/\/alegerglobal.com\/it\/shop-it\/occhiali-intelligenti\/rokid-vetro-2\/","title":{"rendered":"Rokid Glass 2, occhiali intelligenti pieghevoli, campo visivo di 40 gradi, batteria da 10.000 mAh, peso di 96 g"},"content":{"rendered":"","protected":false},"excerpt":{"rendered":"<ul>\n<li><b>Esposizione moderna:<\/b><span style=\"font-weight: 400;\"> Display traslucido con risoluzione Full HD, elevati valori di contrasto e campo visivo di 40 gradi<\/span><\/li>\n<li><b>Lunga durata della batteria:<\/b><span style=\"font-weight: 400;\"> 10.000 mAh con ricarica rapida per 8 ore di utilizzo ininterrotto<\/span><\/li>\n<li><b>Utilizzo confortevole<\/b><span style=\"font-weight: 400;\">Design ergonomico con imbottitura integrata e peso totale ridotto di 96 g.<\/span><\/li>\n<li><b>Lente rimovibile<\/b><span style=\"font-weight: 400;\">Lente correttrice interna adattabile a diverse mansioni<\/span><\/li>\n<li><b>Occhiali AR pieghevoli:<\/b> Rokid Glass 2 \u00e8 pieghevole e pu\u00f2 essere riposto con particolare facilit\u00e0.<\/li>\n<\/ul>\n","protected":false},"featured_media":19313,"comment_status":"open","ping_status":"closed","template":"","meta":{"_acf_changed":false},"product_brand":[],"product_cat":[825,780],"product_tag":[],"class_list":{"0":"post-30693","1":"product","2":"type-product","3":"status-publish","4":"has-post-thumbnail","6":"product_cat-occhiali-intelligenti","7":"product_cat-shop-it","8":"pa_hersteller-rokid-it","10":"first","11":"instock","12":"taxable","13":"shipping-taxable","14":"product-type-simple"},"acf":[],"yoast_head":"<!-- This site is optimized with the Yoast SEO Premium plugin v20.10 (Yoast SEO v24.3) - https:\/\/yoast.com\/wordpress\/plugins\/seo\/ -->\n<title>Comprare Rokid Glass 2 - ALEGER \u22c6 Augmented Reality<\/title>\n<meta name=\"description\" content=\"Il Rokid Glass 2 convince per il peso ridotto e la lunga durata della batteria. Ideale per la manutenzione professionale &amp; co. Scoprite il prodotto qui!\" \/>\n<meta name=\"robots\" content=\"index, follow, max-snippet:-1, max-image-preview:large, max-video-preview:-1\" \/>\n<meta property=\"og:locale\" content=\"it_IT\" \/>\n<meta property=\"og:type\" content=\"article\" \/>\n<meta property=\"og:title\" content=\"Rokid Glass 2, occhiali intelligenti pieghevoli, campo visivo di 40 gradi, batteria da 10.000 mAh, peso di 96 g\" \/>\n<meta property=\"og:description\" content=\"Il Rokid Glass 2 convince per il peso ridotto e la lunga durata della batteria. Ideale per la manutenzione professionale &amp; co. Scoprite il prodotto qui!\" \/>\n<meta property=\"og:url\" content=\"https:\/\/alegerglobal.com\/it\/shop-it\/occhiali-intelligenti\/rokid-vetro-2\/\" \/>\n<meta property=\"og:site_name\" content=\"ALEGER \u22c6 Augmented Reality\" \/>\n<meta property=\"og:image\" content=\"https:\/\/alegerglobal.com\/wp-content\/uploads\/2022\/01\/dsvsv.png\" \/>\n\t<meta property=\"og:image:width\" content=\"800\" \/>\n\t<meta property=\"og:image:height\" content=\"800\" \/>\n\t<meta property=\"og:image:type\" content=\"image\/png\" \/>\n<meta name=\"twitter:card\" content=\"summary_large_image\" \/>\n<meta name=\"twitter:label1\" content=\"Prezzo\" \/>\n\t<meta name=\"twitter:data1\" content=\"\" \/>\n\t<meta name=\"twitter:label2\" content=\"Disponibilit\u00e0\" \/>\n\t<meta name=\"twitter:data2\" content=\"In stock\" \/>\n<script type=\"application\/ld+json\" class=\"yoast-schema-graph\">{\"@context\":\"https:\/\/schema.org\",\"@graph\":[{\"@type\":\"WebPage\",\"@id\":\"https:\/\/alegerglobal.com\/it\/shop-it\/occhiali-intelligenti\/rokid-vetro-2\/\",\"url\":\"https:\/\/alegerglobal.com\/it\/shop-it\/occhiali-intelligenti\/rokid-vetro-2\/\",\"name\":\"Comprare Rokid Glass 2 - ALEGER \u22c6 Augmented Reality\",\"isPartOf\":{\"@id\":\"https:\/\/alegerglobal.com\/it\/#website\"},\"primaryImageOfPage\":{\"@id\":\"https:\/\/alegerglobal.com\/it\/shop-it\/occhiali-intelligenti\/rokid-vetro-2\/#primaryimage\"},\"image\":{\"@id\":\"https:\/\/alegerglobal.com\/it\/shop-it\/occhiali-intelligenti\/rokid-vetro-2\/#primaryimage\"},\"thumbnailUrl\":\"https:\/\/alegerglobal.com\/wp-content\/uploads\/2022\/01\/dsvsv.png\",\"datePublished\":\"2022-05-13T07:03:30+00:00\",\"dateModified\":\"2022-05-13T07:03:30+00:00\",\"description\":\"Il Rokid Glass 2 convince per il peso ridotto e la lunga durata della batteria. Ideale per la manutenzione professionale & co. Scoprite il prodotto qui!\",\"breadcrumb\":{\"@id\":\"https:\/\/alegerglobal.com\/it\/shop-it\/occhiali-intelligenti\/rokid-vetro-2\/#breadcrumb\"},\"inLanguage\":\"it-IT\",\"potentialAction\":[{\"@type\":\"ReadAction\",\"target\":[\"https:\/\/alegerglobal.com\/it\/shop-it\/occhiali-intelligenti\/rokid-vetro-2\/\"]}]},{\"@type\":\"ImageObject\",\"inLanguage\":\"it-IT\",\"@id\":\"https:\/\/alegerglobal.com\/it\/shop-it\/occhiali-intelligenti\/rokid-vetro-2\/#primaryimage\",\"url\":\"https:\/\/alegerglobal.com\/wp-content\/uploads\/2022\/01\/dsvsv.png\",\"contentUrl\":\"https:\/\/alegerglobal.com\/wp-content\/uploads\/2022\/01\/dsvsv.png\",\"width\":800,\"height\":800},{\"@type\":\"BreadcrumbList\",\"@id\":\"https:\/\/alegerglobal.com\/it\/shop-it\/occhiali-intelligenti\/rokid-vetro-2\/#breadcrumb\",\"itemListElement\":[{\"@type\":\"ListItem\",\"position\":1,\"name\":\"Home\",\"item\":\"https:\/\/alegerglobal.com\/it\/novita-homepage\/\"},{\"@type\":\"ListItem\",\"position\":2,\"name\":\"Prodotti\",\"item\":\"https:\/\/alegerglobal.com\/it\/prodotti\/\"},{\"@type\":\"ListItem\",\"position\":3,\"name\":\"Rokid Glass 2, occhiali intelligenti pieghevoli, campo visivo di 40 gradi, batteria da 10.000 mAh, peso di 96 g\"}]},{\"@type\":\"WebSite\",\"@id\":\"https:\/\/alegerglobal.com\/it\/#website\",\"url\":\"https:\/\/alegerglobal.com\/it\/\",\"name\":\"ALEGER \u22c6 Augmented Reality\",\"description\":\"Die besten Augmented Reality (AR) L\u00f6sungen der Welt.\",\"publisher\":{\"@id\":\"https:\/\/alegerglobal.com\/it\/#organization\"},\"potentialAction\":[{\"@type\":\"SearchAction\",\"target\":{\"@type\":\"EntryPoint\",\"urlTemplate\":\"https:\/\/alegerglobal.com\/it\/?s={search_term_string}\"},\"query-input\":{\"@type\":\"PropertyValueSpecification\",\"valueRequired\":true,\"valueName\":\"search_term_string\"}}],\"inLanguage\":\"it-IT\"},{\"@type\":\"Organization\",\"@id\":\"https:\/\/alegerglobal.com\/it\/#organization\",\"name\":\"ALEGER \u22c6 Augmented Reality\",\"url\":\"https:\/\/alegerglobal.com\/it\/\",\"logo\":{\"@type\":\"ImageObject\",\"inLanguage\":\"it-IT\",\"@id\":\"https:\/\/alegerglobal.com\/it\/#\/schema\/logo\/image\/\",\"url\":\"https:\/\/alegerglobal.com\/wp-content\/uploads\/2020\/12\/aleger-logo-quadrat.jpg\",\"contentUrl\":\"https:\/\/alegerglobal.com\/wp-content\/uploads\/2020\/12\/aleger-logo-quadrat.jpg\",\"width\":200,\"height\":176,\"caption\":\"ALEGER \u22c6 Augmented Reality\"},\"image\":{\"@id\":\"https:\/\/alegerglobal.com\/it\/#\/schema\/logo\/image\/\"}}]}<\/script>\n<meta property=\"product:brand\" content=\"Rokid\" \/>\n<meta property=\"product:price:amount\" content=\"0.00\" \/>\n<meta property=\"product:price:currency\" content=\"EUR\" \/>\n<meta property=\"og:availability\" content=\"instock\" \/>\n<meta property=\"product:availability\" content=\"instock\" \/>\n<meta property=\"product:condition\" content=\"new\" \/>\n<!-- \/ Yoast SEO Premium plugin. -->","yoast_head_json":{"title":"Comprare Rokid Glass 2 - ALEGER \u22c6 Augmented Reality","description":"Il Rokid Glass 2 convince per il peso ridotto e la lunga durata della batteria. Ideale per la manutenzione professionale & co. Scoprite il prodotto qui!","robots":{"index":"index","follow":"follow","max-snippet":"max-snippet:-1","max-image-preview":"max-image-preview:large","max-video-preview":"max-video-preview:-1"},"og_locale":"it_IT","og_type":"article","og_title":"Rokid Glass 2, occhiali intelligenti pieghevoli, campo visivo di 40 gradi, batteria da 10.000 mAh, peso di 96 g","og_description":"Il Rokid Glass 2 convince per il peso ridotto e la lunga durata della batteria. Ideale per la manutenzione professionale & co. Scoprite il prodotto qui!","og_url":"https:\/\/alegerglobal.com\/it\/shop-it\/occhiali-intelligenti\/rokid-vetro-2\/","og_site_name":"ALEGER \u22c6 Augmented Reality","og_image":[{"width":800,"height":800,"url":"https:\/\/alegerglobal.com\/wp-content\/uploads\/2022\/01\/dsvsv.png","type":"image\/png"}],"twitter_card":"summary_large_image","twitter_misc":{"Prezzo":"","Disponibilit\u00e0":"In stock"},"schema":{"@context":"https:\/\/schema.org","@graph":[{"@type":"WebPage","@id":"https:\/\/alegerglobal.com\/it\/shop-it\/occhiali-intelligenti\/rokid-vetro-2\/","url":"https:\/\/alegerglobal.com\/it\/shop-it\/occhiali-intelligenti\/rokid-vetro-2\/","name":"Comprare Rokid Glass 2 - ALEGER \u22c6 Augmented Reality","isPartOf":{"@id":"https:\/\/alegerglobal.com\/it\/#website"},"primaryImageOfPage":{"@id":"https:\/\/alegerglobal.com\/it\/shop-it\/occhiali-intelligenti\/rokid-vetro-2\/#primaryimage"},"image":{"@id":"https:\/\/alegerglobal.com\/it\/shop-it\/occhiali-intelligenti\/rokid-vetro-2\/#primaryimage"},"thumbnailUrl":"https:\/\/alegerglobal.com\/wp-content\/uploads\/2022\/01\/dsvsv.png","datePublished":"2022-05-13T07:03:30+00:00","dateModified":"2022-05-13T07:03:30+00:00","description":"Il Rokid Glass 2 convince per il peso ridotto e la lunga durata della batteria. Ideale per la manutenzione professionale & co. Scoprite il prodotto qui!","breadcrumb":{"@id":"https:\/\/alegerglobal.com\/it\/shop-it\/occhiali-intelligenti\/rokid-vetro-2\/#breadcrumb"},"inLanguage":"it-IT","potentialAction":[{"@type":"ReadAction","target":["https:\/\/alegerglobal.com\/it\/shop-it\/occhiali-intelligenti\/rokid-vetro-2\/"]}]},{"@type":"ImageObject","inLanguage":"it-IT","@id":"https:\/\/alegerglobal.com\/it\/shop-it\/occhiali-intelligenti\/rokid-vetro-2\/#primaryimage","url":"https:\/\/alegerglobal.com\/wp-content\/uploads\/2022\/01\/dsvsv.png","contentUrl":"https:\/\/alegerglobal.com\/wp-content\/uploads\/2022\/01\/dsvsv.png","width":800,"height":800},{"@type":"BreadcrumbList","@id":"https:\/\/alegerglobal.com\/it\/shop-it\/occhiali-intelligenti\/rokid-vetro-2\/#breadcrumb","itemListElement":[{"@type":"ListItem","position":1,"name":"Home","item":"https:\/\/alegerglobal.com\/it\/novita-homepage\/"},{"@type":"ListItem","position":2,"name":"Prodotti","item":"https:\/\/alegerglobal.com\/it\/prodotti\/"},{"@type":"ListItem","position":3,"name":"Rokid Glass 2, occhiali intelligenti pieghevoli, campo visivo di 40 gradi, batteria da 10.000 mAh, peso di 96 g"}]},{"@type":"WebSite","@id":"https:\/\/alegerglobal.com\/it\/#website","url":"https:\/\/alegerglobal.com\/it\/","name":"ALEGER \u22c6 Augmented Reality","description":"Die besten Augmented Reality (AR) L\u00f6sungen der Welt.","publisher":{"@id":"https:\/\/alegerglobal.com\/it\/#organization"},"potentialAction":[{"@type":"SearchAction","target":{"@type":"EntryPoint","urlTemplate":"https:\/\/alegerglobal.com\/it\/?s={search_term_string}"},"query-input":{"@type":"PropertyValueSpecification","valueRequired":true,"valueName":"search_term_string"}}],"inLanguage":"it-IT"},{"@type":"Organization","@id":"https:\/\/alegerglobal.com\/it\/#organization","name":"ALEGER \u22c6 Augmented Reality","url":"https:\/\/alegerglobal.com\/it\/","logo":{"@type":"ImageObject","inLanguage":"it-IT","@id":"https:\/\/alegerglobal.com\/it\/#\/schema\/logo\/image\/","url":"https:\/\/alegerglobal.com\/wp-content\/uploads\/2020\/12\/aleger-logo-quadrat.jpg","contentUrl":"https:\/\/alegerglobal.com\/wp-content\/uploads\/2020\/12\/aleger-logo-quadrat.jpg","width":200,"height":176,"caption":"ALEGER \u22c6 Augmented Reality"},"image":{"@id":"https:\/\/alegerglobal.com\/it\/#\/schema\/logo\/image\/"}}]},"product_brand":"Rokid","product_price_amount":"0.00","product_price_currency":"EUR","og_availability":"instock","product_availability":"instock","product_condition":"new"},"_links":{"self":[{"href":"https:\/\/alegerglobal.com\/it\/wp-json\/wp\/v2\/product\/30693","targetHints":{"allow":["GET"]}}],"collection":[{"href":"https:\/\/alegerglobal.com\/it\/wp-json\/wp\/v2\/product"}],"about":[{"href":"https:\/\/alegerglobal.com\/it\/wp-json\/wp\/v2\/types\/product"}],"replies":[{"embeddable":true,"href":"https:\/\/alegerglobal.com\/it\/wp-json\/wp\/v2\/comments?post=30693"}],"version-history":[{"count":0,"href":"https:\/\/alegerglobal.com\/it\/wp-json\/wp\/v2\/product\/30693\/revisions"}],"wp:featuredmedia":[{"embeddable":true,"href":"https:\/\/alegerglobal.com\/it\/wp-json\/wp\/v2\/media\/19313"}],"wp:attachment":[{"href":"https:\/\/alegerglobal.com\/it\/wp-json\/wp\/v2\/media?parent=30693"}],"wp:term":[{"taxonomy":"product_brand","embeddable":true,"href":"https:\/\/alegerglobal.com\/it\/wp-json\/wp\/v2\/product_brand?post=30693"},{"taxonomy":"product_cat","embeddable":true,"href":"https:\/\/alegerglobal.com\/it\/wp-json\/wp\/v2\/product_cat?post=30693"},{"taxonomy":"product_tag","embeddable":true,"href":"https:\/\/alegerglobal.com\/it\/wp-json\/wp\/v2\/product_tag?post=30693"}],"curies":[{"name":"wp","href":"https:\/\/api.w.org\/{rel}","templated":true}]}}