{"id":30690,"date":"2022-05-10T13:15:22","date_gmt":"2022-05-13T07:03:26","guid":{"rendered":"https:\/\/alegerglobal.com\/senza-categoria\/realwear-hmt-1-occhiali-intelligenti-industriali-display-a-20-gradi-ip66-mil-std-810g\/"},"modified":"2022-05-20T07:35:16","modified_gmt":"2022-05-20T06:35:16","slug":"realwear-hmt-1","status":"publish","type":"product","link":"https:\/\/alegerglobal.com\/it\/shop-it\/occhiali-intelligenti\/realwear-hmt-1\/","title":{"rendered":"RealWear HMT-1, occhiali intelligenti industriali, display a 20 gradi, IP66 MIL-STD-810G"},"content":{"rendered":"\t\t<div data-elementor-type=\"product-post\" data-elementor-id=\"30690\" class=\"elementor elementor-30690\" data-elementor-settings=\"{&quot;ha_cmc_init_switcher&quot;:&quot;no&quot;}\" data-elementor-post-type=\"product\">\n\t\t\t\t\t\t<section class=\"elementor-section elementor-top-section elementor-element elementor-element-1f96e96e elementor-section-boxed elementor-section-height-default elementor-section-height-default\" data-id=\"1f96e96e\" data-element_type=\"section\" data-settings=\"{&quot;jet_parallax_layout_list&quot;:[],&quot;_ha_eqh_enable&quot;:false}\">\n\t\t\t\t\t\t<div class=\"elementor-container elementor-column-gap-default\">\n\t\t\t\t\t<div class=\"elementor-column elementor-col-100 elementor-top-column elementor-element elementor-element-6a7946db\" data-id=\"6a7946db\" data-element_type=\"column\">\n\t\t\t<div class=\"elementor-widget-wrap elementor-element-populated\">\n\t\t\t\t\t\t<div class=\"elementor-element elementor-element-1b2cda19 elementor-tabs-view-horizontal elementor-widget elementor-widget-tabs\" data-id=\"1b2cda19\" data-element_type=\"widget\" data-widget_type=\"tabs.default\">\n\t\t\t\t<div class=\"elementor-widget-container\">\n\t\t\t\t\t\t\t<div class=\"elementor-tabs\">\n\t\t\t<div class=\"elementor-tabs-wrapper\" role=\"tablist\" >\n\t\t\t\t\t\t\t\t\t<div id=\"elementor-tab-title-4551\" class=\"elementor-tab-title elementor-tab-desktop-title\" aria-selected=\"true\" data-tab=\"1\" role=\"tab\" tabindex=\"0\" aria-controls=\"elementor-tab-content-4551\" aria-expanded=\"false\">Panoramica<\/div>\n\t\t\t\t\t\t\t\t\t<div id=\"elementor-tab-title-4552\" class=\"elementor-tab-title elementor-tab-desktop-title\" aria-selected=\"false\" data-tab=\"2\" role=\"tab\" tabindex=\"-1\" aria-controls=\"elementor-tab-content-4552\" aria-expanded=\"false\">Dettagli tecnici<\/div>\n\t\t\t\t\t\t\t<\/div>\n\t\t\t<div class=\"elementor-tabs-content-wrapper\" role=\"tablist\" aria-orientation=\"vertical\">\n\t\t\t\t\t\t\t\t\t<div class=\"elementor-tab-title elementor-tab-mobile-title\" aria-selected=\"true\" data-tab=\"1\" role=\"tab\" tabindex=\"0\" aria-controls=\"elementor-tab-content-4551\" aria-expanded=\"false\">Panoramica<\/div>\n\t\t\t\t\t<div id=\"elementor-tab-content-4551\" class=\"elementor-tab-content elementor-clearfix\" data-tab=\"1\" role=\"tabpanel\" aria-labelledby=\"elementor-tab-title-4551\" tabindex=\"0\" hidden=\"false\"><h2><b>Smart Glass per l&#8217;industria: robusti, resistenti, professionali<\/b><\/h2><p><span style=\"font-weight: 400;\">Il Realwear HMT-1 \u00e8 un robusto occhiale per l&#8217;industria. Offre il controllo vocale. Quattro microfoni e la tecnologia AI avanzata garantiscono il funzionamento anche nelle aree pi\u00f9 rumorose. Gli occhiali AR possono essere facilmente montati su caschi e occhiali di sicurezza. L&#8217;unit\u00e0 dispone della certificazione IP66 e della verifica MIL-STD-810G. Ci\u00f2 significa che gli occhiali dati rimangono utilizzabili anche a temperature estreme comprese tra -20\u00b0 C e +50\u00b0 C e sono resistenti alle cadute fino a un&#8217;altezza di 2 metri. \u00c8 disponibile anche un&#8217;altra maschera dati, la HMT-1-Z1, approvata per l&#8217;uso in aree pericolose ATEX Zona 1.  <\/span><\/p><h2> <\/h2><h2><b>Occhiali intelligenti Realweare con 8 ore di autonomia e tre anni di garanzia<\/b><\/h2><p><span style=\"font-weight: 400;\">Gli occhiali dati di Realweare offrono le stesse funzionalit\u00e0 di un tablet da usare a mani libere. Il display monoculare, posizionato direttamente davanti all&#8217;occhio, ha un aspetto di 7 pollici. In questo modo avrete sempre una visione d&#8217;insieme di ci\u00f2 che sta accadendo. Ora \u00e8 possibile effettuare videochiamate, gestire documenti o documentare problemi a voce. Con il Realweare HMT-1 \u00e8 possibile visualizzare comodamente anche i dati IoT.  <\/span><\/p><h2> <\/h2><p><span style=\"font-weight: 400;\">La batteria da 3250 mAh garantisce un&#8217;autonomia fino a 8 ore, consentendo di utilizzare l&#8217;HMT-1 per un intero turno di lavoro senza interruzioni. L&#8217;HMT-1 viene fornito con una garanzia di tre anni che copre il dispositivo in caso di danni e d\u00e0 accesso a un&#8217;ampia base di conoscenze per aiutarvi a ottenere il massimo dai vostri occhiali per dati.  <\/span><\/p><\/div>\n\t\t\t\t\t\t\t\t\t<div class=\"elementor-tab-title elementor-tab-mobile-title\" aria-selected=\"false\" data-tab=\"2\" role=\"tab\" tabindex=\"-1\" aria-controls=\"elementor-tab-content-4552\" aria-expanded=\"false\">Dettagli tecnici<\/div>\n\t\t\t\t\t<div id=\"elementor-tab-content-4552\" class=\"elementor-tab-content elementor-clearfix\" data-tab=\"2\" role=\"tabpanel\" aria-labelledby=\"elementor-tab-title-4552\" tabindex=\"0\" hidden=\"hidden\"><ul><li style=\"font-weight: 400;\"><span style=\"font-weight: 400;\">Android 8.1.0 (AOSP) + Kit vivavoce WearHF<\/span><\/li><li style=\"font-weight: 400;\"><span style=\"font-weight: 400;\">2,0 GHz 8-core Qualcomm\u00ae Snapdragon\u2122 625 con GPU Adreno 506 &#8211; OpenGL ES 3.1 e OpenCL 2.0<\/span><\/li><li style=\"font-weight: 400;\"><span style=\"font-weight: 400;\">16 GB di memoria interna \/ 2 GB di RAM \/ slot MicroSD (scheda massima supportata 256 GB)<\/span><\/li><li style=\"font-weight: 400;\"><span style=\"font-weight: 400;\">Applicazioni incluse: Navigatore di documenti, fotocamera con lettore di codici a barre, videoregistratore, lettore multimediale<\/span><\/li><li style=\"font-weight: 400;\"><span style=\"font-weight: 400;\">Bluetooth<\/span><\/li><li style=\"font-weight: 400;\"><span style=\"font-weight: 400;\">Wi-Fi 802.11 a\/b\/g\/n\/ac &#8211; 2,4GHz e 5GHz<\/span><\/li><li style=\"font-weight: 400;\"><span style=\"font-weight: 400;\">GPS, GLONASS, A-GPS<\/span><\/li><li style=\"font-weight: 400;\"><span style=\"font-weight: 400;\">9-DOF (accelerometro a 3 assi, magnetometro e giroscopio), stabilizzazione supportata da software<\/span><\/li><li style=\"font-weight: 400;\"><span style=\"font-weight: 400;\">Batteria agli ioni di litio da 3250 mAh, ricaricabile e sostituibile sul campo<\/span><\/li><li style=\"font-weight: 400;\"><span style=\"font-weight: 400;\">380 g di peso<\/span><\/li><li style=\"font-weight: 400;\"><span style=\"font-weight: 400;\">Certificato IP66 e MIL-STD-810G<\/span><\/li><li style=\"font-weight: 400;\"><span style=\"font-weight: 400;\">Test di caduta da 2 metri<\/span><\/li><li style=\"font-weight: 400;\"><span style=\"font-weight: 400;\">Audio da 3,5 mm<\/span><\/li><li style=\"font-weight: 400;\"><span style=\"font-weight: 400;\">1 Micro USB<\/span><\/li><li style=\"font-weight: 400;\"><span style=\"font-weight: 400;\">1 USB Tipo-C<\/span><\/li><li style=\"font-weight: 400;\"><span style=\"font-weight: 400;\">Display con campo visivo di 20\u00b0, 24 colori e risoluzione WVGA (854\u00d7480)<\/span><\/li><li style=\"font-weight: 400;\"><span style=\"font-weight: 400;\">Microfono<\/span><\/li><li style=\"font-weight: 400;\"><span style=\"font-weight: 400;\">4 microfoni digitali con riduzione attiva del rumore<\/span><\/li><li style=\"font-weight: 400;\"><span style=\"font-weight: 400;\">Riconoscimento vocale preciso anche a un livello di rumore industriale tipico di 95 dBA<\/span><\/li><li style=\"font-weight: 400;\"><span style=\"font-weight: 400;\">Altoparlante interno da 91 dBA<\/span><\/li><li style=\"font-weight: 400;\"><span style=\"font-weight: 400;\">Fotocamera: 16 MP stabilizzazione ottica dell&#8217;immagine a 4 assi, PDAF con flash LED<\/span><\/li><li style=\"font-weight: 400;\"><span style=\"font-weight: 400;\">Video: Fino a 1080p @30fps. Codec: VP8, VP9 e supporto alla codifica hardware per H.264, H.265 HEVC<\/span><\/li><li style=\"font-weight: 400;\"><span style=\"font-weight: 400;\">Accessori: caricabatteria da parete, cavo di ricarica USB Type-C, adattatore da USB Type-C a USB micro, cinghia da testa, cuscinetto dietro la testa, batteria rimovibile<\/span><\/li><\/ul><p> <\/p><\/div>\n\t\t\t\t\t\t\t<\/div>\n\t\t<\/div>\n\t\t\t\t\t\t<\/div>\n\t\t\t\t<\/div>\n\t\t\t\t\t<\/div>\n\t\t<\/div>\n\t\t\t\t\t<\/div>\n\t\t<\/section>\n\t\t\t\t<\/div>\n\t\t","protected":false},"excerpt":{"rendered":"<ul>\n<li><b>Occhiali dati robusti per l&#8217;industria con certificazione IP66 e MIL-STD-810<\/b><\/li>\n<li><b>Funzionamento a mani libere:<\/b><span style=\"font-weight: 400;\"> Sistema operativo basato sulla voce, riconoscimento vocale locale in aree rumorose<\/span><\/li>\n<li><b>Utilizzare con i dispositivi di sicurezza:<\/b><span style=\"font-weight: 400;\"> Da utilizzare con i caschi rigidi standard, le cuffie antiurto e gli occhiali di sicurezza.<\/span><\/li>\n<li><b>Mantenere sempre una visione d&#8217;insieme:<\/b> ampio display con campo visivo diagonale di 20 gradi<\/li>\n<\/ul>\n","protected":false},"featured_media":18832,"comment_status":"open","ping_status":"closed","template":"","meta":{"_acf_changed":false},"product_brand":[],"product_cat":[825,780],"product_tag":[],"class_list":{"0":"post-30690","1":"product","2":"type-product","3":"status-publish","4":"has-post-thumbnail","6":"product_cat-occhiali-intelligenti","7":"product_cat-shop-it","8":"pa_hersteller-realwear-it","10":"first","11":"instock","12":"taxable","13":"shipping-taxable","14":"purchasable","15":"product-type-simple"},"acf":[],"yoast_head":"<!-- This site is optimized with the Yoast SEO Premium plugin v20.10 (Yoast SEO v24.3) - https:\/\/yoast.com\/wordpress\/plugins\/seo\/ -->\n<title>Comprare Realwear HMT-1 (2022) - ALEGER \u22c6 Augmented Reality<\/title>\n<meta name=\"description\" content=\"Qui da Aleger \u00e8 possibile acquistare l&#039;HMT-1 di Realwear. Saremo lieti di consigliarvi sull&#039;uso efficiente, sull&#039;installazione di applicazioni e molto altro ancora.\" \/>\n<meta name=\"robots\" content=\"index, follow, max-snippet:-1, max-image-preview:large, max-video-preview:-1\" \/>\n<meta property=\"og:locale\" content=\"it_IT\" \/>\n<meta property=\"og:type\" content=\"article\" \/>\n<meta property=\"og:title\" content=\"RealWear HMT-1, occhiali intelligenti industriali, display a 20 gradi, IP66 MIL-STD-810G\" \/>\n<meta property=\"og:description\" content=\"Qui da Aleger \u00e8 possibile acquistare l&#039;HMT-1 di Realwear. Saremo lieti di consigliarvi sull&#039;uso efficiente, sull&#039;installazione di applicazioni e molto altro ancora.\" \/>\n<meta property=\"og:url\" content=\"https:\/\/alegerglobal.com\/it\/shop-it\/occhiali-intelligenti\/realwear-hmt-1\/\" \/>\n<meta property=\"og:site_name\" content=\"ALEGER \u22c6 Augmented Reality\" \/>\n<meta property=\"article:modified_time\" content=\"2022-05-20T06:35:16+00:00\" \/>\n<meta property=\"og:image\" content=\"https:\/\/alegerglobal.com\/wp-content\/uploads\/2021\/01\/Unbenannt-29.jpg\" \/>\n\t<meta property=\"og:image:width\" content=\"800\" \/>\n\t<meta property=\"og:image:height\" content=\"800\" \/>\n\t<meta property=\"og:image:type\" content=\"image\/jpeg\" \/>\n<meta name=\"twitter:card\" content=\"summary_large_image\" \/>\n<meta name=\"twitter:label1\" content=\"Prezzo\" \/>\n\t<meta name=\"twitter:data1\" content=\"&euro;1.795,50\" \/>\n\t<meta name=\"twitter:label2\" content=\"Disponibilit\u00e0\" \/>\n\t<meta name=\"twitter:data2\" content=\"In stock\" \/>\n<script type=\"application\/ld+json\" class=\"yoast-schema-graph\">{\"@context\":\"https:\/\/schema.org\",\"@graph\":[{\"@type\":\"WebPage\",\"@id\":\"https:\/\/alegerglobal.com\/it\/shop-it\/occhiali-intelligenti\/realwear-hmt-1\/\",\"url\":\"https:\/\/alegerglobal.com\/it\/shop-it\/occhiali-intelligenti\/realwear-hmt-1\/\",\"name\":\"Comprare Realwear HMT-1 (2022) - ALEGER \u22c6 Augmented Reality\",\"isPartOf\":{\"@id\":\"https:\/\/alegerglobal.com\/it\/#website\"},\"primaryImageOfPage\":{\"@id\":\"https:\/\/alegerglobal.com\/it\/shop-it\/occhiali-intelligenti\/realwear-hmt-1\/#primaryimage\"},\"image\":{\"@id\":\"https:\/\/alegerglobal.com\/it\/shop-it\/occhiali-intelligenti\/realwear-hmt-1\/#primaryimage\"},\"thumbnailUrl\":\"https:\/\/alegerglobal.com\/wp-content\/uploads\/2021\/01\/Unbenannt-29.jpg\",\"datePublished\":\"2022-05-13T07:03:26+00:00\",\"dateModified\":\"2022-05-20T06:35:16+00:00\",\"description\":\"Qui da Aleger \u00e8 possibile acquistare l'HMT-1 di Realwear. Saremo lieti di consigliarvi sull'uso efficiente, sull'installazione di applicazioni e molto altro ancora.\",\"breadcrumb\":{\"@id\":\"https:\/\/alegerglobal.com\/it\/shop-it\/occhiali-intelligenti\/realwear-hmt-1\/#breadcrumb\"},\"inLanguage\":\"it-IT\",\"potentialAction\":[{\"@type\":\"ReadAction\",\"target\":[\"https:\/\/alegerglobal.com\/it\/shop-it\/occhiali-intelligenti\/realwear-hmt-1\/\"]}]},{\"@type\":\"ImageObject\",\"inLanguage\":\"it-IT\",\"@id\":\"https:\/\/alegerglobal.com\/it\/shop-it\/occhiali-intelligenti\/realwear-hmt-1\/#primaryimage\",\"url\":\"https:\/\/alegerglobal.com\/wp-content\/uploads\/2021\/01\/Unbenannt-29.jpg\",\"contentUrl\":\"https:\/\/alegerglobal.com\/wp-content\/uploads\/2021\/01\/Unbenannt-29.jpg\",\"width\":800,\"height\":800,\"caption\":\"Acquista RealWear HMT-1 su ALEGER\"},{\"@type\":\"BreadcrumbList\",\"@id\":\"https:\/\/alegerglobal.com\/it\/shop-it\/occhiali-intelligenti\/realwear-hmt-1\/#breadcrumb\",\"itemListElement\":[{\"@type\":\"ListItem\",\"position\":1,\"name\":\"Home\",\"item\":\"https:\/\/alegerglobal.com\/it\/novita-homepage\/\"},{\"@type\":\"ListItem\",\"position\":2,\"name\":\"Prodotti\",\"item\":\"https:\/\/alegerglobal.com\/it\/prodotti\/\"},{\"@type\":\"ListItem\",\"position\":3,\"name\":\"RealWear HMT-1, occhiali intelligenti industriali, display a 20 gradi, IP66 MIL-STD-810G\"}]},{\"@type\":\"WebSite\",\"@id\":\"https:\/\/alegerglobal.com\/it\/#website\",\"url\":\"https:\/\/alegerglobal.com\/it\/\",\"name\":\"ALEGER \u22c6 Augmented Reality\",\"description\":\"Die besten Augmented Reality (AR) L\u00f6sungen der Welt.\",\"publisher\":{\"@id\":\"https:\/\/alegerglobal.com\/it\/#organization\"},\"potentialAction\":[{\"@type\":\"SearchAction\",\"target\":{\"@type\":\"EntryPoint\",\"urlTemplate\":\"https:\/\/alegerglobal.com\/it\/?s={search_term_string}\"},\"query-input\":{\"@type\":\"PropertyValueSpecification\",\"valueRequired\":true,\"valueName\":\"search_term_string\"}}],\"inLanguage\":\"it-IT\"},{\"@type\":\"Organization\",\"@id\":\"https:\/\/alegerglobal.com\/it\/#organization\",\"name\":\"ALEGER \u22c6 Augmented Reality\",\"url\":\"https:\/\/alegerglobal.com\/it\/\",\"logo\":{\"@type\":\"ImageObject\",\"inLanguage\":\"it-IT\",\"@id\":\"https:\/\/alegerglobal.com\/it\/#\/schema\/logo\/image\/\",\"url\":\"https:\/\/alegerglobal.com\/wp-content\/uploads\/2020\/12\/aleger-logo-quadrat.jpg\",\"contentUrl\":\"https:\/\/alegerglobal.com\/wp-content\/uploads\/2020\/12\/aleger-logo-quadrat.jpg\",\"width\":200,\"height\":176,\"caption\":\"ALEGER \u22c6 Augmented Reality\"},\"image\":{\"@id\":\"https:\/\/alegerglobal.com\/it\/#\/schema\/logo\/image\/\"}}]}<\/script>\n<meta property=\"product:brand\" content=\"RealWear\" \/>\n<meta property=\"product:price:amount\" content=\"1795.50\" \/>\n<meta property=\"product:price:currency\" content=\"EUR\" \/>\n<meta property=\"og:availability\" content=\"instock\" \/>\n<meta property=\"product:availability\" content=\"instock\" \/>\n<meta property=\"product:condition\" content=\"new\" \/>\n<!-- \/ Yoast SEO Premium plugin. -->","yoast_head_json":{"title":"Comprare Realwear HMT-1 (2022) - ALEGER \u22c6 Augmented Reality","description":"Qui da Aleger \u00e8 possibile acquistare l'HMT-1 di Realwear. Saremo lieti di consigliarvi sull'uso efficiente, sull'installazione di applicazioni e molto altro ancora.","robots":{"index":"index","follow":"follow","max-snippet":"max-snippet:-1","max-image-preview":"max-image-preview:large","max-video-preview":"max-video-preview:-1"},"og_locale":"it_IT","og_type":"article","og_title":"RealWear HMT-1, occhiali intelligenti industriali, display a 20 gradi, IP66 MIL-STD-810G","og_description":"Qui da Aleger \u00e8 possibile acquistare l'HMT-1 di Realwear. Saremo lieti di consigliarvi sull'uso efficiente, sull'installazione di applicazioni e molto altro ancora.","og_url":"https:\/\/alegerglobal.com\/it\/shop-it\/occhiali-intelligenti\/realwear-hmt-1\/","og_site_name":"ALEGER \u22c6 Augmented Reality","article_modified_time":"2022-05-20T06:35:16+00:00","og_image":[{"width":800,"height":800,"url":"https:\/\/alegerglobal.com\/wp-content\/uploads\/2021\/01\/Unbenannt-29.jpg","type":"image\/jpeg"}],"twitter_card":"summary_large_image","twitter_misc":{"Prezzo":"&euro;1.795,50","Disponibilit\u00e0":"In stock"},"schema":{"@context":"https:\/\/schema.org","@graph":[{"@type":"WebPage","@id":"https:\/\/alegerglobal.com\/it\/shop-it\/occhiali-intelligenti\/realwear-hmt-1\/","url":"https:\/\/alegerglobal.com\/it\/shop-it\/occhiali-intelligenti\/realwear-hmt-1\/","name":"Comprare Realwear HMT-1 (2022) - ALEGER \u22c6 Augmented Reality","isPartOf":{"@id":"https:\/\/alegerglobal.com\/it\/#website"},"primaryImageOfPage":{"@id":"https:\/\/alegerglobal.com\/it\/shop-it\/occhiali-intelligenti\/realwear-hmt-1\/#primaryimage"},"image":{"@id":"https:\/\/alegerglobal.com\/it\/shop-it\/occhiali-intelligenti\/realwear-hmt-1\/#primaryimage"},"thumbnailUrl":"https:\/\/alegerglobal.com\/wp-content\/uploads\/2021\/01\/Unbenannt-29.jpg","datePublished":"2022-05-13T07:03:26+00:00","dateModified":"2022-05-20T06:35:16+00:00","description":"Qui da Aleger \u00e8 possibile acquistare l'HMT-1 di Realwear. Saremo lieti di consigliarvi sull'uso efficiente, sull'installazione di applicazioni e molto altro ancora.","breadcrumb":{"@id":"https:\/\/alegerglobal.com\/it\/shop-it\/occhiali-intelligenti\/realwear-hmt-1\/#breadcrumb"},"inLanguage":"it-IT","potentialAction":[{"@type":"ReadAction","target":["https:\/\/alegerglobal.com\/it\/shop-it\/occhiali-intelligenti\/realwear-hmt-1\/"]}]},{"@type":"ImageObject","inLanguage":"it-IT","@id":"https:\/\/alegerglobal.com\/it\/shop-it\/occhiali-intelligenti\/realwear-hmt-1\/#primaryimage","url":"https:\/\/alegerglobal.com\/wp-content\/uploads\/2021\/01\/Unbenannt-29.jpg","contentUrl":"https:\/\/alegerglobal.com\/wp-content\/uploads\/2021\/01\/Unbenannt-29.jpg","width":800,"height":800,"caption":"Acquista RealWear HMT-1 su ALEGER"},{"@type":"BreadcrumbList","@id":"https:\/\/alegerglobal.com\/it\/shop-it\/occhiali-intelligenti\/realwear-hmt-1\/#breadcrumb","itemListElement":[{"@type":"ListItem","position":1,"name":"Home","item":"https:\/\/alegerglobal.com\/it\/novita-homepage\/"},{"@type":"ListItem","position":2,"name":"Prodotti","item":"https:\/\/alegerglobal.com\/it\/prodotti\/"},{"@type":"ListItem","position":3,"name":"RealWear HMT-1, occhiali intelligenti industriali, display a 20 gradi, IP66 MIL-STD-810G"}]},{"@type":"WebSite","@id":"https:\/\/alegerglobal.com\/it\/#website","url":"https:\/\/alegerglobal.com\/it\/","name":"ALEGER \u22c6 Augmented Reality","description":"Die besten Augmented Reality (AR) L\u00f6sungen der Welt.","publisher":{"@id":"https:\/\/alegerglobal.com\/it\/#organization"},"potentialAction":[{"@type":"SearchAction","target":{"@type":"EntryPoint","urlTemplate":"https:\/\/alegerglobal.com\/it\/?s={search_term_string}"},"query-input":{"@type":"PropertyValueSpecification","valueRequired":true,"valueName":"search_term_string"}}],"inLanguage":"it-IT"},{"@type":"Organization","@id":"https:\/\/alegerglobal.com\/it\/#organization","name":"ALEGER \u22c6 Augmented Reality","url":"https:\/\/alegerglobal.com\/it\/","logo":{"@type":"ImageObject","inLanguage":"it-IT","@id":"https:\/\/alegerglobal.com\/it\/#\/schema\/logo\/image\/","url":"https:\/\/alegerglobal.com\/wp-content\/uploads\/2020\/12\/aleger-logo-quadrat.jpg","contentUrl":"https:\/\/alegerglobal.com\/wp-content\/uploads\/2020\/12\/aleger-logo-quadrat.jpg","width":200,"height":176,"caption":"ALEGER \u22c6 Augmented Reality"},"image":{"@id":"https:\/\/alegerglobal.com\/it\/#\/schema\/logo\/image\/"}}]},"product_brand":"RealWear","product_price_amount":"1795.50","product_price_currency":"EUR","og_availability":"instock","product_availability":"instock","product_condition":"new"},"_links":{"self":[{"href":"https:\/\/alegerglobal.com\/it\/wp-json\/wp\/v2\/product\/30690","targetHints":{"allow":["GET"]}}],"collection":[{"href":"https:\/\/alegerglobal.com\/it\/wp-json\/wp\/v2\/product"}],"about":[{"href":"https:\/\/alegerglobal.com\/it\/wp-json\/wp\/v2\/types\/product"}],"replies":[{"embeddable":true,"href":"https:\/\/alegerglobal.com\/it\/wp-json\/wp\/v2\/comments?post=30690"}],"version-history":[{"count":6,"href":"https:\/\/alegerglobal.com\/it\/wp-json\/wp\/v2\/product\/30690\/revisions"}],"predecessor-version":[{"id":36557,"href":"https:\/\/alegerglobal.com\/it\/wp-json\/wp\/v2\/product\/30690\/revisions\/36557"}],"wp:featuredmedia":[{"embeddable":true,"href":"https:\/\/alegerglobal.com\/it\/wp-json\/wp\/v2\/media\/18832"}],"wp:attachment":[{"href":"https:\/\/alegerglobal.com\/it\/wp-json\/wp\/v2\/media?parent=30690"}],"wp:term":[{"taxonomy":"product_brand","embeddable":true,"href":"https:\/\/alegerglobal.com\/it\/wp-json\/wp\/v2\/product_brand?post=30690"},{"taxonomy":"product_cat","embeddable":true,"href":"https:\/\/alegerglobal.com\/it\/wp-json\/wp\/v2\/product_cat?post=30690"},{"taxonomy":"product_tag","embeddable":true,"href":"https:\/\/alegerglobal.com\/it\/wp-json\/wp\/v2\/product_tag?post=30690"}],"curies":[{"name":"wp","href":"https:\/\/api.w.org\/{rel}","templated":true}]}}