{"id":30681,"date":"2024-01-10T08:25:29","date_gmt":"2022-05-13T07:01:34","guid":{"rendered":"https:\/\/alegerglobal.com\/senza-categoria\/getac-f110-ex-tablet-antideflagrante-ip65-mil-std-810g-windows-10-pro\/"},"modified":"2026-03-25T17:21:29","modified_gmt":"2026-03-25T16:21:29","slug":"getac-f110-ex-2","status":"publish","type":"product","link":"https:\/\/alegerglobal.com\/it\/shop-it\/atex-it\/getac-f110-ex-2\/","title":{"rendered":"Getac F110-EX &#8211; Tablet completamente rugged a prova di esplosione (ATEX \/ IECEx)"},"content":{"rendered":"<p><a>Panoramica<\/a><br \/>\n<a>Dettagli tecnici<\/a><br \/>\nPanoramica<\/p>\n<h2>Tablet Getac con protezione Ex IP65 per l&#8217;utilizzo in Zona 2 ATEX con display LumiBond<\/h2>\n<p>Getac F110-ex, nella variante antideflagrante, \u00e8 un utile strumento di lavoro per le operazioni in Zona 2 ATEX, grazie alla sua robustezza unita a una grande potenza di calcolo. \u00c8 dotato di opzioni di configurazione flessibili e di un display ampio e luminoso che facilita il lavoro in presenza di vento e intemperie. L&#8217;F110-ex sfida anche la polvere e l&#8217;umidit\u00e0 grazie alla certificazione IP65. \u00c8 inoltre protetto contro i danni da caduta fino a un&#8217;altezza di 180 cm.<\/p>\n<p>Il display da 11,6 pollici con risoluzione Full HD si avvale dell&#8217;innovativa tecnologia LumiBond, che garantisce una maggiore robustezza, contrasti nitidi e una lettura senza riflessi sotto il sole. Il display LumiBond rende il Getac F110-Ex il compagno perfetto per l&#8217;uso all&#8217;aperto.<\/p>\n<h2>Facile navigazione e lunga autonomia grazie al sistema How-Swap della batteria<\/h2>\n<p>Quattro diverse modalit\u00e0 touch consentono di navigare comodamente anche indossando i guanti, sotto la pioggia o con uno stilo. Allo stesso tempo, il dispositivo \u00e8 sempre mobile, perch\u00e9 non \u00e8 pi\u00f9 grande di un foglio DIN A4. Due batterie consentono l&#8217;utilizzo per un intero turno di lavoro senza necessit\u00e0 di ricarica. L&#8217;F110-ex \u00e8 dotato di un sistema hot-swap che consente di sostituire facilmente una singola batteria durante il funzionamento.<\/p>\n<p>Se l&#8217;unit\u00e0 viene danneggiata durante l&#8217;uso, si beneficia della garanzia di tre anni, per cui si ricever\u00e0 un&#8217;unit\u00e0 funzionante entro pochi giorni.<\/p>\n<p>Dettagli tecnici<\/p>\n","protected":false},"excerpt":{"rendered":"<ul>\n<li data-start=\"204\" data-end=\"404\"><strong data-start=\"204\" data-end=\"250\">Tablet fully rugged a prova di esplosione:<\/strong><br data-start=\"250\" data-end=\"253\">certificato ATEX e IECEx (Zona 2\/22), testato in conformit\u00e0 a MIL-STD-810H e IP66 &#8211; sviluppato per un utilizzo sicuro in atmosfere potenzialmente esplosive<\/li>\n<li data-start=\"406\" data-end=\"526\"><strong data-start=\"406\" data-end=\"434\">Sistema operativo moderno:<\/strong><br data-start=\"434\" data-end=\"437\">Windows 11 Pro consente di utilizzare tutte le applicazioni aziendali e industriali pi\u00f9 comuni.<\/li>\n<li data-start=\"528\" data-end=\"680\"><strong data-start=\"528\" data-end=\"547\">Potente:<\/strong><br data-start=\"547\" data-end=\"550\">Il processore Intel\u00ae Core\u2122 i5-1335U (fino a 4,6 GHz) e la memoria DDR5 da 16 GB garantiscono prestazioni veloci e affidabili.<\/li>\n<li data-start=\"682\" data-end=\"877\"><strong data-start=\"682\" data-end=\"714\">Display luminoso e robusto:<\/strong><br data-start=\"714\" data-end=\"717\">display da 11,6 pollici Full HD (1920 x 1080) con tecnologia LumiBond\u00ae 2.0 e luminosit\u00e0 fino a 1.200 nit, per una leggibilit\u00e0 ottimale anche alla luce del sole.<\/li>\n<li data-start=\"879\" data-end=\"1007\"><strong data-start=\"879\" data-end=\"907\">Maggiore protezione contro le cadute:<\/strong><br data-start=\"907\" data-end=\"910\">Protezione contro gli urti e le vibrazioni in conformit\u00e0 a MIL-STD-810H, progettata per l&#8217;uso professionale all&#8217;aperto.<\/li>\n<li data-start=\"1009\" data-end=\"1125\"><strong data-start=\"1009\" data-end=\"1038\">Alimentazione flessibile:<\/strong><br data-start=\"1038\" data-end=\"1041\">Sistema a doppia batteria hot-swap per un funzionamento ininterrotto e una lunga durata.<\/li>\n<\/ul>\n","protected":false},"featured_media":18228,"comment_status":"open","ping_status":"closed","template":"","meta":{"_acf_changed":false},"product_brand":[],"product_cat":[801,2634,2633],"product_tag":[],"class_list":{"0":"post-30681","1":"product","2":"type-product","3":"status-publish","4":"has-post-thumbnail","6":"product_cat-atex-it","7":"product_cat-comunicazione","8":"product_cat-informatica-mobile","9":"pa_hersteller-getac-it","11":"first","12":"instock","13":"taxable","14":"shipping-taxable","15":"purchasable","16":"product-type-simple"},"acf":[],"yoast_head":"<!-- This site is optimized with the Yoast SEO Premium plugin v20.10 (Yoast SEO v24.3) - https:\/\/yoast.com\/wordpress\/plugins\/seo\/ -->\n<title>Acquista il Getac F110-ex qui - ALEGER \u22c6 Augmented Reality<\/title>\n<meta name=\"description\" content=\"Scoprite qui il tablet antideflagrante IP65 di Getac! \u00c8 un utile strumento di lavoro per le operazioni in zona ATEX 2!\" \/>\n<meta name=\"robots\" content=\"index, follow, max-snippet:-1, max-image-preview:large, max-video-preview:-1\" \/>\n<meta property=\"og:locale\" content=\"it_IT\" \/>\n<meta property=\"og:type\" content=\"article\" \/>\n<meta property=\"og:title\" content=\"Getac F110-EX - Tablet completamente rugged a prova di esplosione (ATEX \/ IECEx)\" \/>\n<meta property=\"og:description\" content=\"Scoprite qui il tablet antideflagrante IP65 di Getac! \u00c8 un utile strumento di lavoro per le operazioni in zona ATEX 2!\" \/>\n<meta property=\"og:url\" content=\"https:\/\/alegerglobal.com\/it\/shop-it\/atex-it\/getac-f110-ex-2\/\" \/>\n<meta property=\"og:site_name\" content=\"ALEGER \u22c6 Augmented Reality\" \/>\n<meta property=\"article:modified_time\" content=\"2026-03-25T16:21:29+00:00\" \/>\n<meta property=\"og:image\" content=\"https:\/\/alegerglobal.com\/wp-content\/uploads\/2021\/03\/Unbenannt-12.jpg\" \/>\n\t<meta property=\"og:image:width\" content=\"800\" \/>\n\t<meta property=\"og:image:height\" content=\"800\" \/>\n\t<meta property=\"og:image:type\" content=\"image\/jpeg\" \/>\n<meta name=\"twitter:card\" content=\"summary_large_image\" \/>\n<meta name=\"twitter:label1\" content=\"Prezzo\" \/>\n\t<meta name=\"twitter:data1\" content=\"&euro;3.041,99\" \/>\n\t<meta name=\"twitter:label2\" content=\"Disponibilit\u00e0\" \/>\n\t<meta name=\"twitter:data2\" content=\"In stock\" \/>\n<script type=\"application\/ld+json\" class=\"yoast-schema-graph\">{\"@context\":\"https:\/\/schema.org\",\"@graph\":[{\"@type\":\"WebPage\",\"@id\":\"https:\/\/alegerglobal.com\/it\/shop-it\/atex-it\/getac-f110-ex-2\/\",\"url\":\"https:\/\/alegerglobal.com\/it\/shop-it\/atex-it\/getac-f110-ex-2\/\",\"name\":\"Acquista il Getac F110-ex qui - ALEGER \u22c6 Augmented Reality\",\"isPartOf\":{\"@id\":\"https:\/\/alegerglobal.com\/it\/#website\"},\"primaryImageOfPage\":{\"@id\":\"https:\/\/alegerglobal.com\/it\/shop-it\/atex-it\/getac-f110-ex-2\/#primaryimage\"},\"image\":{\"@id\":\"https:\/\/alegerglobal.com\/it\/shop-it\/atex-it\/getac-f110-ex-2\/#primaryimage\"},\"thumbnailUrl\":\"https:\/\/alegerglobal.com\/wp-content\/uploads\/2021\/03\/Unbenannt-12.jpg\",\"datePublished\":\"2022-05-13T07:01:34+00:00\",\"dateModified\":\"2026-03-25T16:21:29+00:00\",\"description\":\"Scoprite qui il tablet antideflagrante IP65 di Getac! \u00c8 un utile strumento di lavoro per le operazioni in zona ATEX 2!\",\"breadcrumb\":{\"@id\":\"https:\/\/alegerglobal.com\/it\/shop-it\/atex-it\/getac-f110-ex-2\/#breadcrumb\"},\"inLanguage\":\"it-IT\",\"potentialAction\":[{\"@type\":\"ReadAction\",\"target\":[\"https:\/\/alegerglobal.com\/it\/shop-it\/atex-it\/getac-f110-ex-2\/\"]}]},{\"@type\":\"ImageObject\",\"inLanguage\":\"it-IT\",\"@id\":\"https:\/\/alegerglobal.com\/it\/shop-it\/atex-it\/getac-f110-ex-2\/#primaryimage\",\"url\":\"https:\/\/alegerglobal.com\/wp-content\/uploads\/2021\/03\/Unbenannt-12.jpg\",\"contentUrl\":\"https:\/\/alegerglobal.com\/wp-content\/uploads\/2021\/03\/Unbenannt-12.jpg\",\"width\":800,\"height\":800,\"caption\":\"Getac F110-EX\"},{\"@type\":\"BreadcrumbList\",\"@id\":\"https:\/\/alegerglobal.com\/it\/shop-it\/atex-it\/getac-f110-ex-2\/#breadcrumb\",\"itemListElement\":[{\"@type\":\"ListItem\",\"position\":1,\"name\":\"Home\",\"item\":\"https:\/\/alegerglobal.com\/it\/novita-homepage\/\"},{\"@type\":\"ListItem\",\"position\":2,\"name\":\"Prodotti\",\"item\":\"https:\/\/alegerglobal.com\/it\/prodotti\/\"},{\"@type\":\"ListItem\",\"position\":3,\"name\":\"Getac F110-EX &#8211; Tablet completamente rugged a prova di esplosione (ATEX \/ IECEx)\"}]},{\"@type\":\"WebSite\",\"@id\":\"https:\/\/alegerglobal.com\/it\/#website\",\"url\":\"https:\/\/alegerglobal.com\/it\/\",\"name\":\"ALEGER \u22c6 Augmented Reality\",\"description\":\"Die besten Augmented Reality (AR) L\u00f6sungen der Welt.\",\"publisher\":{\"@id\":\"https:\/\/alegerglobal.com\/it\/#organization\"},\"potentialAction\":[{\"@type\":\"SearchAction\",\"target\":{\"@type\":\"EntryPoint\",\"urlTemplate\":\"https:\/\/alegerglobal.com\/it\/?s={search_term_string}\"},\"query-input\":{\"@type\":\"PropertyValueSpecification\",\"valueRequired\":true,\"valueName\":\"search_term_string\"}}],\"inLanguage\":\"it-IT\"},{\"@type\":\"Organization\",\"@id\":\"https:\/\/alegerglobal.com\/it\/#organization\",\"name\":\"ALEGER \u22c6 Augmented Reality\",\"url\":\"https:\/\/alegerglobal.com\/it\/\",\"logo\":{\"@type\":\"ImageObject\",\"inLanguage\":\"it-IT\",\"@id\":\"https:\/\/alegerglobal.com\/it\/#\/schema\/logo\/image\/\",\"url\":\"https:\/\/alegerglobal.com\/wp-content\/uploads\/2020\/12\/aleger-logo-quadrat.jpg\",\"contentUrl\":\"https:\/\/alegerglobal.com\/wp-content\/uploads\/2020\/12\/aleger-logo-quadrat.jpg\",\"width\":200,\"height\":176,\"caption\":\"ALEGER \u22c6 Augmented Reality\"},\"image\":{\"@id\":\"https:\/\/alegerglobal.com\/it\/#\/schema\/logo\/image\/\"}}]}<\/script>\n<meta property=\"product:brand\" content=\"Getac\" \/>\n<meta property=\"product:price:amount\" content=\"3041.99\" \/>\n<meta property=\"product:price:currency\" content=\"EUR\" \/>\n<meta property=\"og:availability\" content=\"instock\" \/>\n<meta property=\"product:availability\" content=\"instock\" \/>\n<meta property=\"product:condition\" content=\"new\" \/>\n<!-- \/ Yoast SEO Premium plugin. -->","yoast_head_json":{"title":"Acquista il Getac F110-ex qui - ALEGER \u22c6 Augmented Reality","description":"Scoprite qui il tablet antideflagrante IP65 di Getac! \u00c8 un utile strumento di lavoro per le operazioni in zona ATEX 2!","robots":{"index":"index","follow":"follow","max-snippet":"max-snippet:-1","max-image-preview":"max-image-preview:large","max-video-preview":"max-video-preview:-1"},"og_locale":"it_IT","og_type":"article","og_title":"Getac F110-EX - Tablet completamente rugged a prova di esplosione (ATEX \/ IECEx)","og_description":"Scoprite qui il tablet antideflagrante IP65 di Getac! \u00c8 un utile strumento di lavoro per le operazioni in zona ATEX 2!","og_url":"https:\/\/alegerglobal.com\/it\/shop-it\/atex-it\/getac-f110-ex-2\/","og_site_name":"ALEGER \u22c6 Augmented Reality","article_modified_time":"2026-03-25T16:21:29+00:00","og_image":[{"width":800,"height":800,"url":"https:\/\/alegerglobal.com\/wp-content\/uploads\/2021\/03\/Unbenannt-12.jpg","type":"image\/jpeg"}],"twitter_card":"summary_large_image","twitter_misc":{"Prezzo":"&euro;3.041,99","Disponibilit\u00e0":"In stock"},"schema":{"@context":"https:\/\/schema.org","@graph":[{"@type":"WebPage","@id":"https:\/\/alegerglobal.com\/it\/shop-it\/atex-it\/getac-f110-ex-2\/","url":"https:\/\/alegerglobal.com\/it\/shop-it\/atex-it\/getac-f110-ex-2\/","name":"Acquista il Getac F110-ex qui - ALEGER \u22c6 Augmented Reality","isPartOf":{"@id":"https:\/\/alegerglobal.com\/it\/#website"},"primaryImageOfPage":{"@id":"https:\/\/alegerglobal.com\/it\/shop-it\/atex-it\/getac-f110-ex-2\/#primaryimage"},"image":{"@id":"https:\/\/alegerglobal.com\/it\/shop-it\/atex-it\/getac-f110-ex-2\/#primaryimage"},"thumbnailUrl":"https:\/\/alegerglobal.com\/wp-content\/uploads\/2021\/03\/Unbenannt-12.jpg","datePublished":"2022-05-13T07:01:34+00:00","dateModified":"2026-03-25T16:21:29+00:00","description":"Scoprite qui il tablet antideflagrante IP65 di Getac! \u00c8 un utile strumento di lavoro per le operazioni in zona ATEX 2!","breadcrumb":{"@id":"https:\/\/alegerglobal.com\/it\/shop-it\/atex-it\/getac-f110-ex-2\/#breadcrumb"},"inLanguage":"it-IT","potentialAction":[{"@type":"ReadAction","target":["https:\/\/alegerglobal.com\/it\/shop-it\/atex-it\/getac-f110-ex-2\/"]}]},{"@type":"ImageObject","inLanguage":"it-IT","@id":"https:\/\/alegerglobal.com\/it\/shop-it\/atex-it\/getac-f110-ex-2\/#primaryimage","url":"https:\/\/alegerglobal.com\/wp-content\/uploads\/2021\/03\/Unbenannt-12.jpg","contentUrl":"https:\/\/alegerglobal.com\/wp-content\/uploads\/2021\/03\/Unbenannt-12.jpg","width":800,"height":800,"caption":"Getac F110-EX"},{"@type":"BreadcrumbList","@id":"https:\/\/alegerglobal.com\/it\/shop-it\/atex-it\/getac-f110-ex-2\/#breadcrumb","itemListElement":[{"@type":"ListItem","position":1,"name":"Home","item":"https:\/\/alegerglobal.com\/it\/novita-homepage\/"},{"@type":"ListItem","position":2,"name":"Prodotti","item":"https:\/\/alegerglobal.com\/it\/prodotti\/"},{"@type":"ListItem","position":3,"name":"Getac F110-EX &#8211; Tablet completamente rugged a prova di esplosione (ATEX \/ IECEx)"}]},{"@type":"WebSite","@id":"https:\/\/alegerglobal.com\/it\/#website","url":"https:\/\/alegerglobal.com\/it\/","name":"ALEGER \u22c6 Augmented Reality","description":"Die besten Augmented Reality (AR) L\u00f6sungen der Welt.","publisher":{"@id":"https:\/\/alegerglobal.com\/it\/#organization"},"potentialAction":[{"@type":"SearchAction","target":{"@type":"EntryPoint","urlTemplate":"https:\/\/alegerglobal.com\/it\/?s={search_term_string}"},"query-input":{"@type":"PropertyValueSpecification","valueRequired":true,"valueName":"search_term_string"}}],"inLanguage":"it-IT"},{"@type":"Organization","@id":"https:\/\/alegerglobal.com\/it\/#organization","name":"ALEGER \u22c6 Augmented Reality","url":"https:\/\/alegerglobal.com\/it\/","logo":{"@type":"ImageObject","inLanguage":"it-IT","@id":"https:\/\/alegerglobal.com\/it\/#\/schema\/logo\/image\/","url":"https:\/\/alegerglobal.com\/wp-content\/uploads\/2020\/12\/aleger-logo-quadrat.jpg","contentUrl":"https:\/\/alegerglobal.com\/wp-content\/uploads\/2020\/12\/aleger-logo-quadrat.jpg","width":200,"height":176,"caption":"ALEGER \u22c6 Augmented Reality"},"image":{"@id":"https:\/\/alegerglobal.com\/it\/#\/schema\/logo\/image\/"}}]},"product_brand":"Getac","product_price_amount":"3041.99","product_price_currency":"EUR","og_availability":"instock","product_availability":"instock","product_condition":"new"},"_links":{"self":[{"href":"https:\/\/alegerglobal.com\/it\/wp-json\/wp\/v2\/product\/30681","targetHints":{"allow":["GET"]}}],"collection":[{"href":"https:\/\/alegerglobal.com\/it\/wp-json\/wp\/v2\/product"}],"about":[{"href":"https:\/\/alegerglobal.com\/it\/wp-json\/wp\/v2\/types\/product"}],"replies":[{"embeddable":true,"href":"https:\/\/alegerglobal.com\/it\/wp-json\/wp\/v2\/comments?post=30681"}],"version-history":[{"count":1,"href":"https:\/\/alegerglobal.com\/it\/wp-json\/wp\/v2\/product\/30681\/revisions"}],"predecessor-version":[{"id":54077,"href":"https:\/\/alegerglobal.com\/it\/wp-json\/wp\/v2\/product\/30681\/revisions\/54077"}],"wp:featuredmedia":[{"embeddable":true,"href":"https:\/\/alegerglobal.com\/it\/wp-json\/wp\/v2\/media\/18228"}],"wp:attachment":[{"href":"https:\/\/alegerglobal.com\/it\/wp-json\/wp\/v2\/media?parent=30681"}],"wp:term":[{"taxonomy":"product_brand","embeddable":true,"href":"https:\/\/alegerglobal.com\/it\/wp-json\/wp\/v2\/product_brand?post=30681"},{"taxonomy":"product_cat","embeddable":true,"href":"https:\/\/alegerglobal.com\/it\/wp-json\/wp\/v2\/product_cat?post=30681"},{"taxonomy":"product_tag","embeddable":true,"href":"https:\/\/alegerglobal.com\/it\/wp-json\/wp\/v2\/product_tag?post=30681"}],"curies":[{"name":"wp","href":"https:\/\/api.w.org\/{rel}","templated":true}]}}