{"id":30643,"date":"2021-03-07T08:55:27","date_gmt":"2022-05-13T06:55:11","guid":{"rendered":"https:\/\/alegerglobal.com\/senza-categoria\/ecom-tab-ex-dz2-tablet-protetto-ex-atex-zone-2-touch-screen-da-8-android\/"},"modified":"2022-05-13T07:55:11","modified_gmt":"2022-05-13T06:55:11","slug":"ecom-tab-ex-dz2-2","status":"publish","type":"product","link":"https:\/\/alegerglobal.com\/it\/shop-it\/atex-it\/ecom-tab-ex-dz2-2\/","title":{"rendered":"ecom Tab-Ex\u00ae DZ2 Tablet protetto Ex Atex Zone 2, touch screen da 8&#8243;, Android"},"content":{"rendered":"","protected":false},"excerpt":{"rendered":"<ul>\n<li style=\"font-weight: 400;\"><b>Possibilit\u00e0 di applicazione in tutto il mondo<\/b><span style=\"font-weight: 400;\">Secondo <\/span><span style=\"font-weight: 400;\">ATEX <\/span><span style=\"font-weight: 400;\">L&#8217;unit\u00e0 \u00e8 idonea all&#8217;uso in aree potenzialmente esplosive della<\/span><span style=\"font-weight: 400;\"> Zona Ex<\/span><span style=\"font-weight: 400;\"> 2\/22 e Classe 2\/Div 2.<\/span><\/li>\n<li style=\"font-weight: 400;\"><b>Display ad alta risoluzione: <\/b><span style=\"font-weight: 400;\">Il touchscreen da 8&#8243; \u00e8 facile da leggere anche alla luce del sole e pu\u00f2 essere utilizzato con i guanti o in condizioni di umidit\u00e0.<\/span><\/li>\n<li><b>Rappresentazione digitale in tempo reale<\/b><span style=\"font-weight: 400;\">Per completare i processi a livello di Industria 4.0, la realt\u00e0 aumentata facilita la risoluzione dei problemi e il monitoraggio di un&#8217;ampia gamma di apparecchiature.<\/span><\/li>\n<li><b>Protezione affidabile dei dati:<\/b><span style=\"font-weight: 400;\">  Grazie a Samsung Knox 3.2, i dati aziendali sono al sicuro. Con 16 GB di memoria interna e 256 GB aggiuntivi tramite microSD, c&#8217;\u00e8 spazio sufficiente per varie applicazioni.  <\/span><\/li>\n<li><b>Fotocamera da 8 MP:<\/b> anche in condizioni di scarsa illuminazione, la scansione automatica dell&#8217;ID per i codici QR e a barre \u00e8 abilitata.<\/li>\n<\/ul>\n","protected":false},"featured_media":18050,"comment_status":"open","ping_status":"closed","template":"","meta":{"_acf_changed":false},"product_brand":[],"product_cat":[801,780,800],"product_tag":[],"class_list":{"0":"post-30643","1":"product","2":"type-product","3":"status-publish","4":"has-post-thumbnail","6":"product_cat-atex-it","7":"product_cat-shop-it","8":"product_cat-tablet-robusto","9":"pa_hersteller-ecom-it","11":"first","12":"instock","13":"taxable","14":"shipping-taxable","15":"purchasable","16":"product-type-simple"},"acf":[],"yoast_head":"<!-- This site is optimized with the Yoast SEO Premium plugin v20.10 (Yoast SEO v24.3) - https:\/\/yoast.com\/wordpress\/plugins\/seo\/ -->\n<title>Tab-Ex\u00ae DZ2: robusto, sicuro ed efficiente - ALEGER \u22c6 Augmented Reality<\/title>\n<meta name=\"description\" content=\"Scoprite subito il Tab-Ex\u00ae DZ2 di ecom e lavorate in mobilit\u00e0 e sicurezza nell&#039;area pericolosa della zona 2 ATEX.\" \/>\n<meta name=\"robots\" content=\"index, follow, max-snippet:-1, max-image-preview:large, max-video-preview:-1\" \/>\n<meta property=\"og:locale\" content=\"it_IT\" \/>\n<meta property=\"og:type\" content=\"article\" \/>\n<meta property=\"og:title\" content=\"ecom Tab-Ex\u00ae DZ2 Tablet protetto Ex Atex Zone 2, touch screen da 8&quot;, Android\" \/>\n<meta property=\"og:description\" content=\"Scoprite subito il Tab-Ex\u00ae DZ2 di ecom e lavorate in mobilit\u00e0 e sicurezza nell&#039;area pericolosa della zona 2 ATEX.\" \/>\n<meta property=\"og:url\" content=\"https:\/\/alegerglobal.com\/it\/shop-it\/atex-it\/ecom-tab-ex-dz2-2\/\" \/>\n<meta property=\"og:site_name\" content=\"ALEGER \u22c6 Augmented Reality\" \/>\n<meta property=\"og:image\" content=\"https:\/\/alegerglobal.com\/wp-content\/uploads\/2021\/01\/csm_tab-ex_02_360_1_2cfb0eda21.jpg\" \/>\n\t<meta property=\"og:image:width\" content=\"400\" \/>\n\t<meta property=\"og:image:height\" content=\"400\" \/>\n\t<meta property=\"og:image:type\" content=\"image\/jpeg\" \/>\n<meta name=\"twitter:card\" content=\"summary_large_image\" \/>\n<meta name=\"twitter:label1\" content=\"Prezzo\" \/>\n\t<meta name=\"twitter:data1\" content=\"&euro;1.390,00\" \/>\n\t<meta name=\"twitter:label2\" content=\"Disponibilit\u00e0\" \/>\n\t<meta name=\"twitter:data2\" content=\"In stock\" \/>\n<script type=\"application\/ld+json\" class=\"yoast-schema-graph\">{\"@context\":\"https:\/\/schema.org\",\"@graph\":[{\"@type\":\"WebPage\",\"@id\":\"https:\/\/alegerglobal.com\/it\/shop-it\/atex-it\/ecom-tab-ex-dz2-2\/\",\"url\":\"https:\/\/alegerglobal.com\/it\/shop-it\/atex-it\/ecom-tab-ex-dz2-2\/\",\"name\":\"Tab-Ex\u00ae DZ2: robusto, sicuro ed efficiente - ALEGER \u22c6 Augmented Reality\",\"isPartOf\":{\"@id\":\"https:\/\/alegerglobal.com\/it\/#website\"},\"primaryImageOfPage\":{\"@id\":\"https:\/\/alegerglobal.com\/it\/shop-it\/atex-it\/ecom-tab-ex-dz2-2\/#primaryimage\"},\"image\":{\"@id\":\"https:\/\/alegerglobal.com\/it\/shop-it\/atex-it\/ecom-tab-ex-dz2-2\/#primaryimage\"},\"thumbnailUrl\":\"https:\/\/alegerglobal.com\/wp-content\/uploads\/2021\/01\/csm_tab-ex_02_360_1_2cfb0eda21.jpg\",\"datePublished\":\"2022-05-13T06:55:11+00:00\",\"dateModified\":\"2022-05-13T06:55:11+00:00\",\"description\":\"Scoprite subito il Tab-Ex\u00ae DZ2 di ecom e lavorate in mobilit\u00e0 e sicurezza nell'area pericolosa della zona 2 ATEX.\",\"breadcrumb\":{\"@id\":\"https:\/\/alegerglobal.com\/it\/shop-it\/atex-it\/ecom-tab-ex-dz2-2\/#breadcrumb\"},\"inLanguage\":\"it-IT\",\"potentialAction\":[{\"@type\":\"ReadAction\",\"target\":[\"https:\/\/alegerglobal.com\/it\/shop-it\/atex-it\/ecom-tab-ex-dz2-2\/\"]}]},{\"@type\":\"ImageObject\",\"inLanguage\":\"it-IT\",\"@id\":\"https:\/\/alegerglobal.com\/it\/shop-it\/atex-it\/ecom-tab-ex-dz2-2\/#primaryimage\",\"url\":\"https:\/\/alegerglobal.com\/wp-content\/uploads\/2021\/01\/csm_tab-ex_02_360_1_2cfb0eda21.jpg\",\"contentUrl\":\"https:\/\/alegerglobal.com\/wp-content\/uploads\/2021\/01\/csm_tab-ex_02_360_1_2cfb0eda21.jpg\",\"width\":400,\"height\":400,\"caption\":\"ecom Tab-Ex\u00ae DZ2\"},{\"@type\":\"BreadcrumbList\",\"@id\":\"https:\/\/alegerglobal.com\/it\/shop-it\/atex-it\/ecom-tab-ex-dz2-2\/#breadcrumb\",\"itemListElement\":[{\"@type\":\"ListItem\",\"position\":1,\"name\":\"Home\",\"item\":\"https:\/\/alegerglobal.com\/it\/novita-homepage\/\"},{\"@type\":\"ListItem\",\"position\":2,\"name\":\"Prodotti\",\"item\":\"https:\/\/alegerglobal.com\/it\/prodotti\/\"},{\"@type\":\"ListItem\",\"position\":3,\"name\":\"ecom Tab-Ex\u00ae DZ2 Tablet protetto Ex Atex Zone 2, touch screen da 8&#8243;, Android\"}]},{\"@type\":\"WebSite\",\"@id\":\"https:\/\/alegerglobal.com\/it\/#website\",\"url\":\"https:\/\/alegerglobal.com\/it\/\",\"name\":\"ALEGER \u22c6 Augmented Reality\",\"description\":\"Die besten Augmented Reality (AR) L\u00f6sungen der Welt.\",\"publisher\":{\"@id\":\"https:\/\/alegerglobal.com\/it\/#organization\"},\"potentialAction\":[{\"@type\":\"SearchAction\",\"target\":{\"@type\":\"EntryPoint\",\"urlTemplate\":\"https:\/\/alegerglobal.com\/it\/?s={search_term_string}\"},\"query-input\":{\"@type\":\"PropertyValueSpecification\",\"valueRequired\":true,\"valueName\":\"search_term_string\"}}],\"inLanguage\":\"it-IT\"},{\"@type\":\"Organization\",\"@id\":\"https:\/\/alegerglobal.com\/it\/#organization\",\"name\":\"ALEGER \u22c6 Augmented Reality\",\"url\":\"https:\/\/alegerglobal.com\/it\/\",\"logo\":{\"@type\":\"ImageObject\",\"inLanguage\":\"it-IT\",\"@id\":\"https:\/\/alegerglobal.com\/it\/#\/schema\/logo\/image\/\",\"url\":\"https:\/\/alegerglobal.com\/wp-content\/uploads\/2020\/12\/aleger-logo-quadrat.jpg\",\"contentUrl\":\"https:\/\/alegerglobal.com\/wp-content\/uploads\/2020\/12\/aleger-logo-quadrat.jpg\",\"width\":200,\"height\":176,\"caption\":\"ALEGER \u22c6 Augmented Reality\"},\"image\":{\"@id\":\"https:\/\/alegerglobal.com\/it\/#\/schema\/logo\/image\/\"}}]}<\/script>\n<meta property=\"product:brand\" content=\"Ecom\" \/>\n<meta property=\"product:price:amount\" content=\"1390.00\" \/>\n<meta property=\"product:price:currency\" content=\"EUR\" \/>\n<meta property=\"og:availability\" content=\"instock\" \/>\n<meta property=\"product:availability\" content=\"instock\" \/>\n<meta property=\"product:condition\" content=\"new\" \/>\n<!-- \/ Yoast SEO Premium plugin. -->","yoast_head_json":{"title":"Tab-Ex\u00ae DZ2: robusto, sicuro ed efficiente - ALEGER \u22c6 Augmented Reality","description":"Scoprite subito il Tab-Ex\u00ae DZ2 di ecom e lavorate in mobilit\u00e0 e sicurezza nell'area pericolosa della zona 2 ATEX.","robots":{"index":"index","follow":"follow","max-snippet":"max-snippet:-1","max-image-preview":"max-image-preview:large","max-video-preview":"max-video-preview:-1"},"og_locale":"it_IT","og_type":"article","og_title":"ecom Tab-Ex\u00ae DZ2 Tablet protetto Ex Atex Zone 2, touch screen da 8\", Android","og_description":"Scoprite subito il Tab-Ex\u00ae DZ2 di ecom e lavorate in mobilit\u00e0 e sicurezza nell'area pericolosa della zona 2 ATEX.","og_url":"https:\/\/alegerglobal.com\/it\/shop-it\/atex-it\/ecom-tab-ex-dz2-2\/","og_site_name":"ALEGER \u22c6 Augmented Reality","og_image":[{"width":400,"height":400,"url":"https:\/\/alegerglobal.com\/wp-content\/uploads\/2021\/01\/csm_tab-ex_02_360_1_2cfb0eda21.jpg","type":"image\/jpeg"}],"twitter_card":"summary_large_image","twitter_misc":{"Prezzo":"&euro;1.390,00","Disponibilit\u00e0":"In stock"},"schema":{"@context":"https:\/\/schema.org","@graph":[{"@type":"WebPage","@id":"https:\/\/alegerglobal.com\/it\/shop-it\/atex-it\/ecom-tab-ex-dz2-2\/","url":"https:\/\/alegerglobal.com\/it\/shop-it\/atex-it\/ecom-tab-ex-dz2-2\/","name":"Tab-Ex\u00ae DZ2: robusto, sicuro ed efficiente - ALEGER \u22c6 Augmented Reality","isPartOf":{"@id":"https:\/\/alegerglobal.com\/it\/#website"},"primaryImageOfPage":{"@id":"https:\/\/alegerglobal.com\/it\/shop-it\/atex-it\/ecom-tab-ex-dz2-2\/#primaryimage"},"image":{"@id":"https:\/\/alegerglobal.com\/it\/shop-it\/atex-it\/ecom-tab-ex-dz2-2\/#primaryimage"},"thumbnailUrl":"https:\/\/alegerglobal.com\/wp-content\/uploads\/2021\/01\/csm_tab-ex_02_360_1_2cfb0eda21.jpg","datePublished":"2022-05-13T06:55:11+00:00","dateModified":"2022-05-13T06:55:11+00:00","description":"Scoprite subito il Tab-Ex\u00ae DZ2 di ecom e lavorate in mobilit\u00e0 e sicurezza nell'area pericolosa della zona 2 ATEX.","breadcrumb":{"@id":"https:\/\/alegerglobal.com\/it\/shop-it\/atex-it\/ecom-tab-ex-dz2-2\/#breadcrumb"},"inLanguage":"it-IT","potentialAction":[{"@type":"ReadAction","target":["https:\/\/alegerglobal.com\/it\/shop-it\/atex-it\/ecom-tab-ex-dz2-2\/"]}]},{"@type":"ImageObject","inLanguage":"it-IT","@id":"https:\/\/alegerglobal.com\/it\/shop-it\/atex-it\/ecom-tab-ex-dz2-2\/#primaryimage","url":"https:\/\/alegerglobal.com\/wp-content\/uploads\/2021\/01\/csm_tab-ex_02_360_1_2cfb0eda21.jpg","contentUrl":"https:\/\/alegerglobal.com\/wp-content\/uploads\/2021\/01\/csm_tab-ex_02_360_1_2cfb0eda21.jpg","width":400,"height":400,"caption":"ecom Tab-Ex\u00ae DZ2"},{"@type":"BreadcrumbList","@id":"https:\/\/alegerglobal.com\/it\/shop-it\/atex-it\/ecom-tab-ex-dz2-2\/#breadcrumb","itemListElement":[{"@type":"ListItem","position":1,"name":"Home","item":"https:\/\/alegerglobal.com\/it\/novita-homepage\/"},{"@type":"ListItem","position":2,"name":"Prodotti","item":"https:\/\/alegerglobal.com\/it\/prodotti\/"},{"@type":"ListItem","position":3,"name":"ecom Tab-Ex\u00ae DZ2 Tablet protetto Ex Atex Zone 2, touch screen da 8&#8243;, Android"}]},{"@type":"WebSite","@id":"https:\/\/alegerglobal.com\/it\/#website","url":"https:\/\/alegerglobal.com\/it\/","name":"ALEGER \u22c6 Augmented Reality","description":"Die besten Augmented Reality (AR) L\u00f6sungen der Welt.","publisher":{"@id":"https:\/\/alegerglobal.com\/it\/#organization"},"potentialAction":[{"@type":"SearchAction","target":{"@type":"EntryPoint","urlTemplate":"https:\/\/alegerglobal.com\/it\/?s={search_term_string}"},"query-input":{"@type":"PropertyValueSpecification","valueRequired":true,"valueName":"search_term_string"}}],"inLanguage":"it-IT"},{"@type":"Organization","@id":"https:\/\/alegerglobal.com\/it\/#organization","name":"ALEGER \u22c6 Augmented Reality","url":"https:\/\/alegerglobal.com\/it\/","logo":{"@type":"ImageObject","inLanguage":"it-IT","@id":"https:\/\/alegerglobal.com\/it\/#\/schema\/logo\/image\/","url":"https:\/\/alegerglobal.com\/wp-content\/uploads\/2020\/12\/aleger-logo-quadrat.jpg","contentUrl":"https:\/\/alegerglobal.com\/wp-content\/uploads\/2020\/12\/aleger-logo-quadrat.jpg","width":200,"height":176,"caption":"ALEGER \u22c6 Augmented Reality"},"image":{"@id":"https:\/\/alegerglobal.com\/it\/#\/schema\/logo\/image\/"}}]},"product_brand":"Ecom","product_price_amount":"1390.00","product_price_currency":"EUR","og_availability":"instock","product_availability":"instock","product_condition":"new"},"_links":{"self":[{"href":"https:\/\/alegerglobal.com\/it\/wp-json\/wp\/v2\/product\/30643","targetHints":{"allow":["GET"]}}],"collection":[{"href":"https:\/\/alegerglobal.com\/it\/wp-json\/wp\/v2\/product"}],"about":[{"href":"https:\/\/alegerglobal.com\/it\/wp-json\/wp\/v2\/types\/product"}],"replies":[{"embeddable":true,"href":"https:\/\/alegerglobal.com\/it\/wp-json\/wp\/v2\/comments?post=30643"}],"version-history":[{"count":0,"href":"https:\/\/alegerglobal.com\/it\/wp-json\/wp\/v2\/product\/30643\/revisions"}],"wp:featuredmedia":[{"embeddable":true,"href":"https:\/\/alegerglobal.com\/it\/wp-json\/wp\/v2\/media\/18050"}],"wp:attachment":[{"href":"https:\/\/alegerglobal.com\/it\/wp-json\/wp\/v2\/media?parent=30643"}],"wp:term":[{"taxonomy":"product_brand","embeddable":true,"href":"https:\/\/alegerglobal.com\/it\/wp-json\/wp\/v2\/product_brand?post=30643"},{"taxonomy":"product_cat","embeddable":true,"href":"https:\/\/alegerglobal.com\/it\/wp-json\/wp\/v2\/product_cat?post=30643"},{"taxonomy":"product_tag","embeddable":true,"href":"https:\/\/alegerglobal.com\/it\/wp-json\/wp\/v2\/product_tag?post=30643"}],"curies":[{"name":"wp","href":"https:\/\/api.w.org\/{rel}","templated":true}]}}