{"id":30636,"date":"2021-03-07T09:05:39","date_gmt":"2022-05-13T06:54:44","guid":{"rendered":"https:\/\/alegerglobal.com\/senza-categoria\/ecom-ex-handy-10-dz2-telefono-cellulare-protetto-ex-per-la-zona-atex-2-touch-screen-da-26-android\/"},"modified":"2022-05-13T07:54:44","modified_gmt":"2022-05-13T06:54:44","slug":"ecom-ex-handy-10-dz2-2","status":"publish","type":"product","link":"https:\/\/alegerglobal.com\/it\/shop-it\/smartphone-di-settore-it\/ecom-ex-handy-10-dz2-2\/","title":{"rendered":"ecom Ex-Handy 10 DZ2, telefono cellulare protetto Ex per la zona ATEX 2, touch screen da 2,6&#8243;, Android"},"content":{"rendered":"","protected":false},"excerpt":{"rendered":"<ul>\n<li style=\"font-weight: 400;\"><b>Per atmosfere potenzialmente esplosive:<\/b><span style=\"font-weight: 400;\"> Con l&#8217;approvazione per<\/span><span style=\"font-weight: 400;\"> Zona Ex<\/span><span style=\"font-weight: 400;\"> 2\/22 e Classe 2\/ Div 2, utilizzo in tutto il mondo in conformit\u00e0 con le norme di legge.<\/span><span style=\"font-weight: 400;\"> ATEX<\/span><span style=\"font-weight: 400;\"> direttive. <\/span> <\/li>\n<li style=\"font-weight: 400;\"><b>Tastiera e touch screen:<\/b><span style=\"font-weight: 400;\"> Il display da 2,6&#8243; protetto da<\/span> <span style=\"font-weight: 400;\">Il Gorilla\u00ae Glass offre un&#8217;eccellente leggibilit\u00e0 anche alla luce del sole e pu\u00f2 essere utilizzato con i guanti o in condizioni di umidit\u00e0.<\/span><\/li>\n<li><b>Lunga durata della batteria:<\/b><span style=\"font-weight: 400;\"> Il <\/span><span style=\"font-weight: 400;\">Ex protetto<\/span><span style=\"font-weight: 400;\"> telefono cellulare<\/span><span style=\"font-weight: 400;\"> di ultima generazione utilizza un potente <\/span><span style=\"font-weight: 400;\">Batteria da 4400 mAh per affrontare senza problemi le lunghe giornate di lavoro.<\/span><\/li>\n<li><b>Opzioni di personalizzazione individuale<\/b><span style=\"font-weight: 400;\">Il <\/span><span style=\"font-weight: 400;\">funzione push-to-talk e <\/span><span style=\"font-weight: 400;\">pulsanti programmabili per i diversi ambiti di applicazione, rendono<\/span><span style=\"font-weight: 400;\"> un&#8217;applicazione particolarmente semplice.<\/span><\/li>\n<li><b>Protezione aggiuntiva per i dipendenti:<\/b><span style=\"font-weight: 400;\"> Oltre alla protezione contro le esplosioni, la protezione del lavoratore solitario offre un&#8217;ulteriore sicurezza sul posto di lavoro. <\/span> <\/li>\n<li style=\"font-weight: 400;\"><b>Un compagno robusto: <\/b><span style=\"font-weight: 400;\">L&#8217;umidit\u00e0, gli agenti chimici, le vibrazioni, la polvere e la luce del sole sono resistiti in modo affidabile. <\/span> <\/li>\n<\/ul>\n","protected":false},"featured_media":18031,"comment_status":"open","ping_status":"closed","template":"","meta":{"_acf_changed":false},"product_brand":[],"product_cat":[801,780,812],"product_tag":[],"class_list":{"0":"post-30636","1":"product","2":"type-product","3":"status-publish","4":"has-post-thumbnail","6":"product_cat-atex-it","7":"product_cat-shop-it","8":"product_cat-smartphone-di-settore-it","9":"pa_hersteller-ecom-it","11":"first","12":"instock","13":"taxable","14":"shipping-taxable","15":"purchasable","16":"product-type-simple"},"acf":[],"yoast_head":"<!-- This site is optimized with the Yoast SEO Premium plugin v20.10 (Yoast SEO v24.3) - https:\/\/yoast.com\/wordpress\/plugins\/seo\/ -->\n<title>Acquista ecom Ex-Handy 10 DZ2 qui - ALEGER \u22c6 Augmented Reality<\/title>\n<meta name=\"description\" content=\"Siete ancora alla ricerca di un telefono cellulare a prova di esplosione per il vostro utilizzo nell&#039;industria? Qui \u00e8 possibile ottenere l&#039;ex telefono cellulare 10 DZ2 da ecom compreso il supporto.\" \/>\n<meta name=\"robots\" content=\"index, follow, max-snippet:-1, max-image-preview:large, max-video-preview:-1\" \/>\n<meta property=\"og:locale\" content=\"it_IT\" \/>\n<meta property=\"og:type\" content=\"article\" \/>\n<meta property=\"og:title\" content=\"ecom Ex-Handy 10 DZ2, telefono cellulare protetto Ex per la zona ATEX 2, touch screen da 2,6&quot;, Android\" \/>\n<meta property=\"og:description\" content=\"Siete ancora alla ricerca di un telefono cellulare a prova di esplosione per il vostro utilizzo nell&#039;industria? Qui \u00e8 possibile ottenere l&#039;ex telefono cellulare 10 DZ2 da ecom compreso il supporto.\" \/>\n<meta property=\"og:url\" content=\"https:\/\/alegerglobal.com\/it\/shop-it\/smartphone-di-settore-it\/ecom-ex-handy-10-dz2-2\/\" \/>\n<meta property=\"og:site_name\" content=\"ALEGER \u22c6 Augmented Reality\" \/>\n<meta property=\"og:image\" content=\"https:\/\/alegerglobal.com\/wp-content\/uploads\/2021\/01\/csm_ex-handy-10_dz2_technical-data_a908afaa02.png\" \/>\n\t<meta property=\"og:image:width\" content=\"555\" \/>\n\t<meta property=\"og:image:height\" content=\"555\" \/>\n\t<meta property=\"og:image:type\" content=\"image\/png\" \/>\n<meta name=\"twitter:card\" content=\"summary_large_image\" \/>\n<meta name=\"twitter:label1\" content=\"Prezzo\" \/>\n\t<meta name=\"twitter:data1\" content=\"&euro;980,00\" \/>\n\t<meta name=\"twitter:label2\" content=\"Disponibilit\u00e0\" \/>\n\t<meta name=\"twitter:data2\" content=\"In stock\" \/>\n<script type=\"application\/ld+json\" class=\"yoast-schema-graph\">{\"@context\":\"https:\/\/schema.org\",\"@graph\":[{\"@type\":\"WebPage\",\"@id\":\"https:\/\/alegerglobal.com\/it\/shop-it\/smartphone-di-settore-it\/ecom-ex-handy-10-dz2-2\/\",\"url\":\"https:\/\/alegerglobal.com\/it\/shop-it\/smartphone-di-settore-it\/ecom-ex-handy-10-dz2-2\/\",\"name\":\"Acquista ecom Ex-Handy 10 DZ2 qui - ALEGER \u22c6 Augmented Reality\",\"isPartOf\":{\"@id\":\"https:\/\/alegerglobal.com\/it\/#website\"},\"primaryImageOfPage\":{\"@id\":\"https:\/\/alegerglobal.com\/it\/shop-it\/smartphone-di-settore-it\/ecom-ex-handy-10-dz2-2\/#primaryimage\"},\"image\":{\"@id\":\"https:\/\/alegerglobal.com\/it\/shop-it\/smartphone-di-settore-it\/ecom-ex-handy-10-dz2-2\/#primaryimage\"},\"thumbnailUrl\":\"https:\/\/alegerglobal.com\/wp-content\/uploads\/2021\/01\/csm_ex-handy-10_dz2_technical-data_a908afaa02.png\",\"datePublished\":\"2022-05-13T06:54:44+00:00\",\"dateModified\":\"2022-05-13T06:54:44+00:00\",\"description\":\"Siete ancora alla ricerca di un telefono cellulare a prova di esplosione per il vostro utilizzo nell'industria? Qui \u00e8 possibile ottenere l'ex telefono cellulare 10 DZ2 da ecom compreso il supporto.\",\"breadcrumb\":{\"@id\":\"https:\/\/alegerglobal.com\/it\/shop-it\/smartphone-di-settore-it\/ecom-ex-handy-10-dz2-2\/#breadcrumb\"},\"inLanguage\":\"it-IT\",\"potentialAction\":[{\"@type\":\"ReadAction\",\"target\":[\"https:\/\/alegerglobal.com\/it\/shop-it\/smartphone-di-settore-it\/ecom-ex-handy-10-dz2-2\/\"]}]},{\"@type\":\"ImageObject\",\"inLanguage\":\"it-IT\",\"@id\":\"https:\/\/alegerglobal.com\/it\/shop-it\/smartphone-di-settore-it\/ecom-ex-handy-10-dz2-2\/#primaryimage\",\"url\":\"https:\/\/alegerglobal.com\/wp-content\/uploads\/2021\/01\/csm_ex-handy-10_dz2_technical-data_a908afaa02.png\",\"contentUrl\":\"https:\/\/alegerglobal.com\/wp-content\/uploads\/2021\/01\/csm_ex-handy-10_dz2_technical-data_a908afaa02.png\",\"width\":555,\"height\":555,\"caption\":\"ecom Ex-Handy 10 DZ2\"},{\"@type\":\"BreadcrumbList\",\"@id\":\"https:\/\/alegerglobal.com\/it\/shop-it\/smartphone-di-settore-it\/ecom-ex-handy-10-dz2-2\/#breadcrumb\",\"itemListElement\":[{\"@type\":\"ListItem\",\"position\":1,\"name\":\"Home\",\"item\":\"https:\/\/alegerglobal.com\/it\/novita-homepage\/\"},{\"@type\":\"ListItem\",\"position\":2,\"name\":\"Prodotti\",\"item\":\"https:\/\/alegerglobal.com\/it\/prodotti\/\"},{\"@type\":\"ListItem\",\"position\":3,\"name\":\"ecom Ex-Handy 10 DZ2, telefono cellulare protetto Ex per la zona ATEX 2, touch screen da 2,6&#8243;, Android\"}]},{\"@type\":\"WebSite\",\"@id\":\"https:\/\/alegerglobal.com\/it\/#website\",\"url\":\"https:\/\/alegerglobal.com\/it\/\",\"name\":\"ALEGER \u22c6 Augmented Reality\",\"description\":\"Die besten Augmented Reality (AR) L\u00f6sungen der Welt.\",\"publisher\":{\"@id\":\"https:\/\/alegerglobal.com\/it\/#organization\"},\"potentialAction\":[{\"@type\":\"SearchAction\",\"target\":{\"@type\":\"EntryPoint\",\"urlTemplate\":\"https:\/\/alegerglobal.com\/it\/?s={search_term_string}\"},\"query-input\":{\"@type\":\"PropertyValueSpecification\",\"valueRequired\":true,\"valueName\":\"search_term_string\"}}],\"inLanguage\":\"it-IT\"},{\"@type\":\"Organization\",\"@id\":\"https:\/\/alegerglobal.com\/it\/#organization\",\"name\":\"ALEGER \u22c6 Augmented Reality\",\"url\":\"https:\/\/alegerglobal.com\/it\/\",\"logo\":{\"@type\":\"ImageObject\",\"inLanguage\":\"it-IT\",\"@id\":\"https:\/\/alegerglobal.com\/it\/#\/schema\/logo\/image\/\",\"url\":\"https:\/\/alegerglobal.com\/wp-content\/uploads\/2020\/12\/aleger-logo-quadrat.jpg\",\"contentUrl\":\"https:\/\/alegerglobal.com\/wp-content\/uploads\/2020\/12\/aleger-logo-quadrat.jpg\",\"width\":200,\"height\":176,\"caption\":\"ALEGER \u22c6 Augmented Reality\"},\"image\":{\"@id\":\"https:\/\/alegerglobal.com\/it\/#\/schema\/logo\/image\/\"}}]}<\/script>\n<meta property=\"product:brand\" content=\"Ecom\" \/>\n<meta property=\"product:price:amount\" content=\"980.00\" \/>\n<meta property=\"product:price:currency\" content=\"EUR\" \/>\n<meta property=\"og:availability\" content=\"instock\" \/>\n<meta property=\"product:availability\" content=\"instock\" \/>\n<meta property=\"product:condition\" content=\"new\" \/>\n<!-- \/ Yoast SEO Premium plugin. -->","yoast_head_json":{"title":"Acquista ecom Ex-Handy 10 DZ2 qui - ALEGER \u22c6 Augmented Reality","description":"Siete ancora alla ricerca di un telefono cellulare a prova di esplosione per il vostro utilizzo nell'industria? Qui \u00e8 possibile ottenere l'ex telefono cellulare 10 DZ2 da ecom compreso il supporto.","robots":{"index":"index","follow":"follow","max-snippet":"max-snippet:-1","max-image-preview":"max-image-preview:large","max-video-preview":"max-video-preview:-1"},"og_locale":"it_IT","og_type":"article","og_title":"ecom Ex-Handy 10 DZ2, telefono cellulare protetto Ex per la zona ATEX 2, touch screen da 2,6\", Android","og_description":"Siete ancora alla ricerca di un telefono cellulare a prova di esplosione per il vostro utilizzo nell'industria? Qui \u00e8 possibile ottenere l'ex telefono cellulare 10 DZ2 da ecom compreso il supporto.","og_url":"https:\/\/alegerglobal.com\/it\/shop-it\/smartphone-di-settore-it\/ecom-ex-handy-10-dz2-2\/","og_site_name":"ALEGER \u22c6 Augmented Reality","og_image":[{"width":555,"height":555,"url":"https:\/\/alegerglobal.com\/wp-content\/uploads\/2021\/01\/csm_ex-handy-10_dz2_technical-data_a908afaa02.png","type":"image\/png"}],"twitter_card":"summary_large_image","twitter_misc":{"Prezzo":"&euro;980,00","Disponibilit\u00e0":"In stock"},"schema":{"@context":"https:\/\/schema.org","@graph":[{"@type":"WebPage","@id":"https:\/\/alegerglobal.com\/it\/shop-it\/smartphone-di-settore-it\/ecom-ex-handy-10-dz2-2\/","url":"https:\/\/alegerglobal.com\/it\/shop-it\/smartphone-di-settore-it\/ecom-ex-handy-10-dz2-2\/","name":"Acquista ecom Ex-Handy 10 DZ2 qui - ALEGER \u22c6 Augmented Reality","isPartOf":{"@id":"https:\/\/alegerglobal.com\/it\/#website"},"primaryImageOfPage":{"@id":"https:\/\/alegerglobal.com\/it\/shop-it\/smartphone-di-settore-it\/ecom-ex-handy-10-dz2-2\/#primaryimage"},"image":{"@id":"https:\/\/alegerglobal.com\/it\/shop-it\/smartphone-di-settore-it\/ecom-ex-handy-10-dz2-2\/#primaryimage"},"thumbnailUrl":"https:\/\/alegerglobal.com\/wp-content\/uploads\/2021\/01\/csm_ex-handy-10_dz2_technical-data_a908afaa02.png","datePublished":"2022-05-13T06:54:44+00:00","dateModified":"2022-05-13T06:54:44+00:00","description":"Siete ancora alla ricerca di un telefono cellulare a prova di esplosione per il vostro utilizzo nell'industria? Qui \u00e8 possibile ottenere l'ex telefono cellulare 10 DZ2 da ecom compreso il supporto.","breadcrumb":{"@id":"https:\/\/alegerglobal.com\/it\/shop-it\/smartphone-di-settore-it\/ecom-ex-handy-10-dz2-2\/#breadcrumb"},"inLanguage":"it-IT","potentialAction":[{"@type":"ReadAction","target":["https:\/\/alegerglobal.com\/it\/shop-it\/smartphone-di-settore-it\/ecom-ex-handy-10-dz2-2\/"]}]},{"@type":"ImageObject","inLanguage":"it-IT","@id":"https:\/\/alegerglobal.com\/it\/shop-it\/smartphone-di-settore-it\/ecom-ex-handy-10-dz2-2\/#primaryimage","url":"https:\/\/alegerglobal.com\/wp-content\/uploads\/2021\/01\/csm_ex-handy-10_dz2_technical-data_a908afaa02.png","contentUrl":"https:\/\/alegerglobal.com\/wp-content\/uploads\/2021\/01\/csm_ex-handy-10_dz2_technical-data_a908afaa02.png","width":555,"height":555,"caption":"ecom Ex-Handy 10 DZ2"},{"@type":"BreadcrumbList","@id":"https:\/\/alegerglobal.com\/it\/shop-it\/smartphone-di-settore-it\/ecom-ex-handy-10-dz2-2\/#breadcrumb","itemListElement":[{"@type":"ListItem","position":1,"name":"Home","item":"https:\/\/alegerglobal.com\/it\/novita-homepage\/"},{"@type":"ListItem","position":2,"name":"Prodotti","item":"https:\/\/alegerglobal.com\/it\/prodotti\/"},{"@type":"ListItem","position":3,"name":"ecom Ex-Handy 10 DZ2, telefono cellulare protetto Ex per la zona ATEX 2, touch screen da 2,6&#8243;, Android"}]},{"@type":"WebSite","@id":"https:\/\/alegerglobal.com\/it\/#website","url":"https:\/\/alegerglobal.com\/it\/","name":"ALEGER \u22c6 Augmented Reality","description":"Die besten Augmented Reality (AR) L\u00f6sungen der Welt.","publisher":{"@id":"https:\/\/alegerglobal.com\/it\/#organization"},"potentialAction":[{"@type":"SearchAction","target":{"@type":"EntryPoint","urlTemplate":"https:\/\/alegerglobal.com\/it\/?s={search_term_string}"},"query-input":{"@type":"PropertyValueSpecification","valueRequired":true,"valueName":"search_term_string"}}],"inLanguage":"it-IT"},{"@type":"Organization","@id":"https:\/\/alegerglobal.com\/it\/#organization","name":"ALEGER \u22c6 Augmented Reality","url":"https:\/\/alegerglobal.com\/it\/","logo":{"@type":"ImageObject","inLanguage":"it-IT","@id":"https:\/\/alegerglobal.com\/it\/#\/schema\/logo\/image\/","url":"https:\/\/alegerglobal.com\/wp-content\/uploads\/2020\/12\/aleger-logo-quadrat.jpg","contentUrl":"https:\/\/alegerglobal.com\/wp-content\/uploads\/2020\/12\/aleger-logo-quadrat.jpg","width":200,"height":176,"caption":"ALEGER \u22c6 Augmented Reality"},"image":{"@id":"https:\/\/alegerglobal.com\/it\/#\/schema\/logo\/image\/"}}]},"product_brand":"Ecom","product_price_amount":"980.00","product_price_currency":"EUR","og_availability":"instock","product_availability":"instock","product_condition":"new"},"_links":{"self":[{"href":"https:\/\/alegerglobal.com\/it\/wp-json\/wp\/v2\/product\/30636","targetHints":{"allow":["GET"]}}],"collection":[{"href":"https:\/\/alegerglobal.com\/it\/wp-json\/wp\/v2\/product"}],"about":[{"href":"https:\/\/alegerglobal.com\/it\/wp-json\/wp\/v2\/types\/product"}],"replies":[{"embeddable":true,"href":"https:\/\/alegerglobal.com\/it\/wp-json\/wp\/v2\/comments?post=30636"}],"version-history":[{"count":0,"href":"https:\/\/alegerglobal.com\/it\/wp-json\/wp\/v2\/product\/30636\/revisions"}],"wp:featuredmedia":[{"embeddable":true,"href":"https:\/\/alegerglobal.com\/it\/wp-json\/wp\/v2\/media\/18031"}],"wp:attachment":[{"href":"https:\/\/alegerglobal.com\/it\/wp-json\/wp\/v2\/media?parent=30636"}],"wp:term":[{"taxonomy":"product_brand","embeddable":true,"href":"https:\/\/alegerglobal.com\/it\/wp-json\/wp\/v2\/product_brand?post=30636"},{"taxonomy":"product_cat","embeddable":true,"href":"https:\/\/alegerglobal.com\/it\/wp-json\/wp\/v2\/product_cat?post=30636"},{"taxonomy":"product_tag","embeddable":true,"href":"https:\/\/alegerglobal.com\/it\/wp-json\/wp\/v2\/product_tag?post=30636"}],"curies":[{"name":"wp","href":"https:\/\/api.w.org\/{rel}","templated":true}]}}