{"id":30634,"date":"2021-03-07T09:08:07","date_gmt":"2022-05-13T06:54:40","guid":{"rendered":"https:\/\/alegerglobal.com\/senza-categoria\/ecom-smart-ex-02-dz2-smartphone-protetto-ex-per-zona-atex-2-touch-screen-da-5-android\/"},"modified":"2022-05-13T07:54:40","modified_gmt":"2022-05-13T06:54:40","slug":"ecom-smart-ex-02-dz2-2","status":"publish","type":"product","link":"https:\/\/alegerglobal.com\/it\/shop-it\/smartphone-di-settore-it\/ecom-smart-ex-02-dz2-2\/","title":{"rendered":"ecom Smart-Ex 02 DZ2, smartphone protetto Ex per zona ATEX 2, touch screen da 5&#8243;, Android"},"content":{"rendered":"","protected":false},"excerpt":{"rendered":"<ul>\n<li style=\"font-weight: 400;\"><b>Approvazione per<\/b><b> Zona Ex<\/b><b> 2\/22 e Classe 2\/ Div 2:<\/b><span style=\"font-weight: 400;\"> Possibilit\u00e0 di applicazione in tutto il mondo secondo<\/span><span style=\"font-weight: 400;\"> ATEX<\/span><span style=\"font-weight: 400;\"> direttive per le atmosfere potenzialmente esplosive. <\/span> <\/li>\n<li style=\"font-weight: 400;\"><b>Touchscreen ad alta risoluzione: <\/b><span style=\"font-weight: 400;\">Protetto da Gorilla\u00ae Glass, il display da 5&#8243; pu\u00f2 essere utilizzato senza problemi con i guanti o in condizioni di umidit\u00e0 ed \u00e8 perfettamente leggibile anche alla luce del sole.<\/span><\/li>\n<li><b>La batteria sostituibile pi\u00f9 potente:<\/b> <span style=\"font-weight: 400;\">Per affrontare senza problemi le lunghe giornate di lavoro, <\/span><span style=\"font-weight: 400;\">il <\/span><span style=\"font-weight: 400;\">smartphone a sicurezza intrinseca <\/span><span style=\"font-weight: 400;\">utilizza una batteria con <\/span><span style=\"font-weight: 400;\">4400 mAh.<\/span><\/li>\n<li><b>Facile da usare<\/b><span style=\"font-weight: 400;\">: <\/span><span style=\"font-weight: 400;\">DeepL Gli accessi consentono un&#8217;ottimizzazione individuale<\/span><span style=\"font-weight: 400;\"> e <\/span><span style=\"font-weight: 400;\">e la funzione push-to-talk <\/span><span style=\"font-weight: 400;\">un&#8217;attivit\u00e0 non complicata <\/span> <span style=\"font-weight: 400;\">Comunicazione garantita. D<\/span><span style=\"font-weight: 400;\">a posizione e le dimensioni dei pulsanti sono adatte all&#8217;uso con i guanti.<\/span><\/li>\n<li><b>Per temperature comprese tra -20\u00b0C e +60\u00b0C: <\/b><span style=\"font-weight: 400;\">Lo smartphone con<\/span><span style=\"font-weight: 400;\"> Certificazione IP68<\/span><span style=\"font-weight: 400;\"> \u00e8 perfettamente funzionante anche nell&#8217;intervallo di temperatura esteso.<\/span><\/li>\n<li style=\"font-weight: 400;\"><b>Resiste alle sollecitazioni quotidiane:  <\/b><span style=\"font-weight: 400;\">Lo smartphone rugged \u00e8 ideale per l&#8217;utilizzo in ambienti difficili. La protezione da umidit\u00e0, sostanze chimiche, vibrazioni, polvere e luce solare rende il dispositivo un compagno affidabile.  <\/span><\/li>\n<\/ul>\n","protected":false},"featured_media":18039,"comment_status":"open","ping_status":"closed","template":"","meta":{"_acf_changed":false},"product_brand":[],"product_cat":[801,780,812],"product_tag":[],"class_list":{"0":"post-30634","1":"product","2":"type-product","3":"status-publish","4":"has-post-thumbnail","6":"product_cat-atex-it","7":"product_cat-shop-it","8":"product_cat-smartphone-di-settore-it","9":"pa_hersteller-ecom-it","11":"first","12":"instock","13":"taxable","14":"shipping-taxable","15":"purchasable","16":"product-type-simple"},"acf":[],"yoast_head":"<!-- This site is optimized with the Yoast SEO Premium plugin v20.10 (Yoast SEO v24.3) - https:\/\/yoast.com\/wordpress\/plugins\/seo\/ -->\n<title>Acquistare Smart-Ex 02 DZ2 da ecom - ALEGER \u22c6 Augmented Reality<\/title>\n<meta name=\"description\" content=\"Progettato secondo la direttiva ATEX, l&#039;ecom Smart-Ex 02 DZ2 \u00e8 il compagno ideale per l&#039;uso industriale. \ud83d\udd27\ud83d\udd29\" \/>\n<meta name=\"robots\" content=\"index, follow, max-snippet:-1, max-image-preview:large, max-video-preview:-1\" \/>\n<meta property=\"og:locale\" content=\"it_IT\" \/>\n<meta property=\"og:type\" content=\"article\" \/>\n<meta property=\"og:title\" content=\"ecom Smart-Ex 02 DZ2, smartphone protetto Ex per zona ATEX 2, touch screen da 5&quot;, Android\" \/>\n<meta property=\"og:description\" content=\"Progettato secondo la direttiva ATEX, l&#039;ecom Smart-Ex 02 DZ2 \u00e8 il compagno ideale per l&#039;uso industriale. \ud83d\udd27\ud83d\udd29\" \/>\n<meta property=\"og:url\" content=\"https:\/\/alegerglobal.com\/it\/shop-it\/smartphone-di-settore-it\/ecom-smart-ex-02-dz2-2\/\" \/>\n<meta property=\"og:site_name\" content=\"ALEGER \u22c6 Augmented Reality\" \/>\n<meta property=\"og:image\" content=\"https:\/\/alegerglobal.com\/wp-content\/uploads\/2021\/01\/csm_smart-ex_02_dz2-tech_b2d8a71094.png\" \/>\n\t<meta property=\"og:image:width\" content=\"555\" \/>\n\t<meta property=\"og:image:height\" content=\"555\" \/>\n\t<meta property=\"og:image:type\" content=\"image\/png\" \/>\n<meta name=\"twitter:card\" content=\"summary_large_image\" \/>\n<meta name=\"twitter:label1\" content=\"Prezzo\" \/>\n\t<meta name=\"twitter:data1\" content=\"&euro;1.993,00\" \/>\n\t<meta name=\"twitter:label2\" content=\"Disponibilit\u00e0\" \/>\n\t<meta name=\"twitter:data2\" content=\"In stock\" \/>\n<script type=\"application\/ld+json\" class=\"yoast-schema-graph\">{\"@context\":\"https:\/\/schema.org\",\"@graph\":[{\"@type\":\"WebPage\",\"@id\":\"https:\/\/alegerglobal.com\/it\/shop-it\/smartphone-di-settore-it\/ecom-smart-ex-02-dz2-2\/\",\"url\":\"https:\/\/alegerglobal.com\/it\/shop-it\/smartphone-di-settore-it\/ecom-smart-ex-02-dz2-2\/\",\"name\":\"Acquistare Smart-Ex 02 DZ2 da ecom - ALEGER \u22c6 Augmented Reality\",\"isPartOf\":{\"@id\":\"https:\/\/alegerglobal.com\/it\/#website\"},\"primaryImageOfPage\":{\"@id\":\"https:\/\/alegerglobal.com\/it\/shop-it\/smartphone-di-settore-it\/ecom-smart-ex-02-dz2-2\/#primaryimage\"},\"image\":{\"@id\":\"https:\/\/alegerglobal.com\/it\/shop-it\/smartphone-di-settore-it\/ecom-smart-ex-02-dz2-2\/#primaryimage\"},\"thumbnailUrl\":\"https:\/\/alegerglobal.com\/wp-content\/uploads\/2021\/01\/csm_smart-ex_02_dz2-tech_b2d8a71094.png\",\"datePublished\":\"2022-05-13T06:54:40+00:00\",\"dateModified\":\"2022-05-13T06:54:40+00:00\",\"description\":\"Progettato secondo la direttiva ATEX, l'ecom Smart-Ex 02 DZ2 \u00e8 il compagno ideale per l'uso industriale. \ud83d\udd27\ud83d\udd29\",\"breadcrumb\":{\"@id\":\"https:\/\/alegerglobal.com\/it\/shop-it\/smartphone-di-settore-it\/ecom-smart-ex-02-dz2-2\/#breadcrumb\"},\"inLanguage\":\"it-IT\",\"potentialAction\":[{\"@type\":\"ReadAction\",\"target\":[\"https:\/\/alegerglobal.com\/it\/shop-it\/smartphone-di-settore-it\/ecom-smart-ex-02-dz2-2\/\"]}]},{\"@type\":\"ImageObject\",\"inLanguage\":\"it-IT\",\"@id\":\"https:\/\/alegerglobal.com\/it\/shop-it\/smartphone-di-settore-it\/ecom-smart-ex-02-dz2-2\/#primaryimage\",\"url\":\"https:\/\/alegerglobal.com\/wp-content\/uploads\/2021\/01\/csm_smart-ex_02_dz2-tech_b2d8a71094.png\",\"contentUrl\":\"https:\/\/alegerglobal.com\/wp-content\/uploads\/2021\/01\/csm_smart-ex_02_dz2-tech_b2d8a71094.png\",\"width\":555,\"height\":555,\"caption\":\"ecom Smart-Ex 02 DZ2, smartphone con protezione Ex per la zona ATEX 2\"},{\"@type\":\"BreadcrumbList\",\"@id\":\"https:\/\/alegerglobal.com\/it\/shop-it\/smartphone-di-settore-it\/ecom-smart-ex-02-dz2-2\/#breadcrumb\",\"itemListElement\":[{\"@type\":\"ListItem\",\"position\":1,\"name\":\"Home\",\"item\":\"https:\/\/alegerglobal.com\/it\/novita-homepage\/\"},{\"@type\":\"ListItem\",\"position\":2,\"name\":\"Prodotti\",\"item\":\"https:\/\/alegerglobal.com\/it\/prodotti\/\"},{\"@type\":\"ListItem\",\"position\":3,\"name\":\"ecom Smart-Ex 02 DZ2, smartphone protetto Ex per zona ATEX 2, touch screen da 5&#8243;, Android\"}]},{\"@type\":\"WebSite\",\"@id\":\"https:\/\/alegerglobal.com\/it\/#website\",\"url\":\"https:\/\/alegerglobal.com\/it\/\",\"name\":\"ALEGER \u22c6 Augmented Reality\",\"description\":\"Die besten Augmented Reality (AR) L\u00f6sungen der Welt.\",\"publisher\":{\"@id\":\"https:\/\/alegerglobal.com\/it\/#organization\"},\"potentialAction\":[{\"@type\":\"SearchAction\",\"target\":{\"@type\":\"EntryPoint\",\"urlTemplate\":\"https:\/\/alegerglobal.com\/it\/?s={search_term_string}\"},\"query-input\":{\"@type\":\"PropertyValueSpecification\",\"valueRequired\":true,\"valueName\":\"search_term_string\"}}],\"inLanguage\":\"it-IT\"},{\"@type\":\"Organization\",\"@id\":\"https:\/\/alegerglobal.com\/it\/#organization\",\"name\":\"ALEGER \u22c6 Augmented Reality\",\"url\":\"https:\/\/alegerglobal.com\/it\/\",\"logo\":{\"@type\":\"ImageObject\",\"inLanguage\":\"it-IT\",\"@id\":\"https:\/\/alegerglobal.com\/it\/#\/schema\/logo\/image\/\",\"url\":\"https:\/\/alegerglobal.com\/wp-content\/uploads\/2020\/12\/aleger-logo-quadrat.jpg\",\"contentUrl\":\"https:\/\/alegerglobal.com\/wp-content\/uploads\/2020\/12\/aleger-logo-quadrat.jpg\",\"width\":200,\"height\":176,\"caption\":\"ALEGER \u22c6 Augmented Reality\"},\"image\":{\"@id\":\"https:\/\/alegerglobal.com\/it\/#\/schema\/logo\/image\/\"}}]}<\/script>\n<meta property=\"product:brand\" content=\"Ecom\" \/>\n<meta property=\"product:price:amount\" content=\"1993.00\" \/>\n<meta property=\"product:price:currency\" content=\"EUR\" \/>\n<meta property=\"og:availability\" content=\"instock\" \/>\n<meta property=\"product:availability\" content=\"instock\" \/>\n<meta property=\"product:condition\" content=\"new\" \/>\n<!-- \/ Yoast SEO Premium plugin. -->","yoast_head_json":{"title":"Acquistare Smart-Ex 02 DZ2 da ecom - ALEGER \u22c6 Augmented Reality","description":"Progettato secondo la direttiva ATEX, l'ecom Smart-Ex 02 DZ2 \u00e8 il compagno ideale per l'uso industriale. \ud83d\udd27\ud83d\udd29","robots":{"index":"index","follow":"follow","max-snippet":"max-snippet:-1","max-image-preview":"max-image-preview:large","max-video-preview":"max-video-preview:-1"},"og_locale":"it_IT","og_type":"article","og_title":"ecom Smart-Ex 02 DZ2, smartphone protetto Ex per zona ATEX 2, touch screen da 5\", Android","og_description":"Progettato secondo la direttiva ATEX, l'ecom Smart-Ex 02 DZ2 \u00e8 il compagno ideale per l'uso industriale. \ud83d\udd27\ud83d\udd29","og_url":"https:\/\/alegerglobal.com\/it\/shop-it\/smartphone-di-settore-it\/ecom-smart-ex-02-dz2-2\/","og_site_name":"ALEGER \u22c6 Augmented Reality","og_image":[{"width":555,"height":555,"url":"https:\/\/alegerglobal.com\/wp-content\/uploads\/2021\/01\/csm_smart-ex_02_dz2-tech_b2d8a71094.png","type":"image\/png"}],"twitter_card":"summary_large_image","twitter_misc":{"Prezzo":"&euro;1.993,00","Disponibilit\u00e0":"In stock"},"schema":{"@context":"https:\/\/schema.org","@graph":[{"@type":"WebPage","@id":"https:\/\/alegerglobal.com\/it\/shop-it\/smartphone-di-settore-it\/ecom-smart-ex-02-dz2-2\/","url":"https:\/\/alegerglobal.com\/it\/shop-it\/smartphone-di-settore-it\/ecom-smart-ex-02-dz2-2\/","name":"Acquistare Smart-Ex 02 DZ2 da ecom - ALEGER \u22c6 Augmented Reality","isPartOf":{"@id":"https:\/\/alegerglobal.com\/it\/#website"},"primaryImageOfPage":{"@id":"https:\/\/alegerglobal.com\/it\/shop-it\/smartphone-di-settore-it\/ecom-smart-ex-02-dz2-2\/#primaryimage"},"image":{"@id":"https:\/\/alegerglobal.com\/it\/shop-it\/smartphone-di-settore-it\/ecom-smart-ex-02-dz2-2\/#primaryimage"},"thumbnailUrl":"https:\/\/alegerglobal.com\/wp-content\/uploads\/2021\/01\/csm_smart-ex_02_dz2-tech_b2d8a71094.png","datePublished":"2022-05-13T06:54:40+00:00","dateModified":"2022-05-13T06:54:40+00:00","description":"Progettato secondo la direttiva ATEX, l'ecom Smart-Ex 02 DZ2 \u00e8 il compagno ideale per l'uso industriale. \ud83d\udd27\ud83d\udd29","breadcrumb":{"@id":"https:\/\/alegerglobal.com\/it\/shop-it\/smartphone-di-settore-it\/ecom-smart-ex-02-dz2-2\/#breadcrumb"},"inLanguage":"it-IT","potentialAction":[{"@type":"ReadAction","target":["https:\/\/alegerglobal.com\/it\/shop-it\/smartphone-di-settore-it\/ecom-smart-ex-02-dz2-2\/"]}]},{"@type":"ImageObject","inLanguage":"it-IT","@id":"https:\/\/alegerglobal.com\/it\/shop-it\/smartphone-di-settore-it\/ecom-smart-ex-02-dz2-2\/#primaryimage","url":"https:\/\/alegerglobal.com\/wp-content\/uploads\/2021\/01\/csm_smart-ex_02_dz2-tech_b2d8a71094.png","contentUrl":"https:\/\/alegerglobal.com\/wp-content\/uploads\/2021\/01\/csm_smart-ex_02_dz2-tech_b2d8a71094.png","width":555,"height":555,"caption":"ecom Smart-Ex 02 DZ2, smartphone con protezione Ex per la zona ATEX 2"},{"@type":"BreadcrumbList","@id":"https:\/\/alegerglobal.com\/it\/shop-it\/smartphone-di-settore-it\/ecom-smart-ex-02-dz2-2\/#breadcrumb","itemListElement":[{"@type":"ListItem","position":1,"name":"Home","item":"https:\/\/alegerglobal.com\/it\/novita-homepage\/"},{"@type":"ListItem","position":2,"name":"Prodotti","item":"https:\/\/alegerglobal.com\/it\/prodotti\/"},{"@type":"ListItem","position":3,"name":"ecom Smart-Ex 02 DZ2, smartphone protetto Ex per zona ATEX 2, touch screen da 5&#8243;, Android"}]},{"@type":"WebSite","@id":"https:\/\/alegerglobal.com\/it\/#website","url":"https:\/\/alegerglobal.com\/it\/","name":"ALEGER \u22c6 Augmented Reality","description":"Die besten Augmented Reality (AR) L\u00f6sungen der Welt.","publisher":{"@id":"https:\/\/alegerglobal.com\/it\/#organization"},"potentialAction":[{"@type":"SearchAction","target":{"@type":"EntryPoint","urlTemplate":"https:\/\/alegerglobal.com\/it\/?s={search_term_string}"},"query-input":{"@type":"PropertyValueSpecification","valueRequired":true,"valueName":"search_term_string"}}],"inLanguage":"it-IT"},{"@type":"Organization","@id":"https:\/\/alegerglobal.com\/it\/#organization","name":"ALEGER \u22c6 Augmented Reality","url":"https:\/\/alegerglobal.com\/it\/","logo":{"@type":"ImageObject","inLanguage":"it-IT","@id":"https:\/\/alegerglobal.com\/it\/#\/schema\/logo\/image\/","url":"https:\/\/alegerglobal.com\/wp-content\/uploads\/2020\/12\/aleger-logo-quadrat.jpg","contentUrl":"https:\/\/alegerglobal.com\/wp-content\/uploads\/2020\/12\/aleger-logo-quadrat.jpg","width":200,"height":176,"caption":"ALEGER \u22c6 Augmented Reality"},"image":{"@id":"https:\/\/alegerglobal.com\/it\/#\/schema\/logo\/image\/"}}]},"product_brand":"Ecom","product_price_amount":"1993.00","product_price_currency":"EUR","og_availability":"instock","product_availability":"instock","product_condition":"new"},"_links":{"self":[{"href":"https:\/\/alegerglobal.com\/it\/wp-json\/wp\/v2\/product\/30634","targetHints":{"allow":["GET"]}}],"collection":[{"href":"https:\/\/alegerglobal.com\/it\/wp-json\/wp\/v2\/product"}],"about":[{"href":"https:\/\/alegerglobal.com\/it\/wp-json\/wp\/v2\/types\/product"}],"replies":[{"embeddable":true,"href":"https:\/\/alegerglobal.com\/it\/wp-json\/wp\/v2\/comments?post=30634"}],"version-history":[{"count":0,"href":"https:\/\/alegerglobal.com\/it\/wp-json\/wp\/v2\/product\/30634\/revisions"}],"wp:featuredmedia":[{"embeddable":true,"href":"https:\/\/alegerglobal.com\/it\/wp-json\/wp\/v2\/media\/18039"}],"wp:attachment":[{"href":"https:\/\/alegerglobal.com\/it\/wp-json\/wp\/v2\/media?parent=30634"}],"wp:term":[{"taxonomy":"product_brand","embeddable":true,"href":"https:\/\/alegerglobal.com\/it\/wp-json\/wp\/v2\/product_brand?post=30634"},{"taxonomy":"product_cat","embeddable":true,"href":"https:\/\/alegerglobal.com\/it\/wp-json\/wp\/v2\/product_cat?post=30634"},{"taxonomy":"product_tag","embeddable":true,"href":"https:\/\/alegerglobal.com\/it\/wp-json\/wp\/v2\/product_tag?post=30634"}],"curies":[{"name":"wp","href":"https:\/\/api.w.org\/{rel}","templated":true}]}}