{"id":30599,"date":"2021-02-04T06:02:02","date_gmt":"2022-05-13T06:49:29","guid":{"rendered":"https:\/\/alegerglobal.com\/senza-categoria\/portatile-con-cinturino-da-polso-girevole-e-cavalletto\/"},"modified":"2022-05-13T07:49:32","modified_gmt":"2022-05-13T06:49:32","slug":"portatile-con-cinturino-da-polso-girevole-e-cavalletto","status":"publish","type":"product","link":"https:\/\/alegerglobal.com\/it\/shop-it\/portatile-con-cinturino-da-polso-girevole-e-cavalletto\/","title":{"rendered":"PORTATILE con cinturino da polso girevole e cavalletto"},"content":{"rendered":"\t\t<div data-elementor-type=\"product-post\" data-elementor-id=\"30599\" class=\"elementor elementor-30599 elementor-4099\" data-elementor-settings=\"{&quot;ha_cmc_init_switcher&quot;:&quot;no&quot;}\" data-elementor-post-type=\"product\">\n\t\t\t\t\t\t<section class=\"elementor-section elementor-top-section elementor-element elementor-element-2cee46f elementor-section-boxed elementor-section-height-default elementor-section-height-default\" data-id=\"2cee46f\" data-element_type=\"section\" data-settings=\"{&quot;jet_parallax_layout_list&quot;:[],&quot;_ha_eqh_enable&quot;:false}\">\n\t\t\t\t\t\t<div class=\"elementor-container elementor-column-gap-default\">\n\t\t\t\t\t<div class=\"elementor-column elementor-col-100 elementor-top-column elementor-element elementor-element-ffa893f\" data-id=\"ffa893f\" data-element_type=\"column\">\n\t\t\t<div class=\"elementor-widget-wrap elementor-element-populated\">\n\t\t\t\t\t\t<div class=\"elementor-element elementor-element-10748d8 elementor-widget elementor-widget-text-editor\" data-id=\"10748d8\" data-element_type=\"widget\" data-widget_type=\"text-editor.default\">\n\t\t\t\t<div class=\"elementor-widget-container\">\n\t\t\t\t\t\t\t\t\t<p><strong>Informazioni sul prodotto<\/strong><\/p><p>Dimensioni staffa :<\/p><p>220 x 65 mm<\/p><p>Peso: 156 g<\/p><p>Materiale principale: PU<\/p><p> <\/p><p><strong>ID SKU<\/strong><\/p><p>SKU ID : GMHRXI<\/p>\t\t\t\t\t\t\t\t<\/div>\n\t\t\t\t<\/div>\n\t\t\t\t\t<\/div>\n\t\t<\/div>\n\t\t\t\t\t<\/div>\n\t\t<\/section>\n\t\t\t\t<\/div>\n\t\t","protected":false},"excerpt":{"rendered":"<p>Il cinturino rotante dell&#8217;UX10-Ex \u00e8 stato progettato per rendere l&#8217;utilizzo del tablet pi\u00f9 semplice e comodo.<br \/>\nfare. La cinghia di trasporto pu\u00f2 essere regolata per adattarsi alla maggior parte delle dimensioni della mano e pu\u00f2 essere ruotata di 360 gradi per<br \/>\ntrovare l&#8217;angolo di visione ideale anche in movimento. Include anche un cavalletto incorporato che consente di tenere le mani libere.<br \/>\nUtilizzabile su superfici piane per una maggiore flessibilit\u00e0 sul lavoro.<\/p>\n","protected":false},"featured_media":18939,"comment_status":"open","ping_status":"closed","template":"","meta":{"_acf_changed":false},"product_brand":[],"product_cat":[779,780],"product_tag":[],"class_list":{"0":"post-30599","1":"product","2":"type-product","3":"status-publish","4":"has-post-thumbnail","6":"product_cat-accessori","7":"product_cat-shop-it","8":"pa_hersteller-getac-it","10":"first","11":"instock","12":"taxable","13":"shipping-taxable","14":"purchasable","15":"product-type-simple"},"acf":[],"yoast_head":"<!-- This site is optimized with the Yoast SEO Premium plugin v20.10 (Yoast SEO v24.3) - https:\/\/yoast.com\/wordpress\/plugins\/seo\/ -->\n<title>- ALEGER \u22c6 Augmented Reality<\/title>\n<meta name=\"robots\" content=\"index, follow, max-snippet:-1, max-image-preview:large, max-video-preview:-1\" \/>\n<meta property=\"og:locale\" content=\"it_IT\" \/>\n<meta property=\"og:type\" content=\"article\" \/>\n<meta property=\"og:title\" content=\"PORTATILE con cinturino da polso girevole e cavalletto\" \/>\n<meta property=\"og:description\" content=\"Il cinturino rotante dell&#039;UX10-Ex \u00e8 stato progettato per rendere l&#039;utilizzo del tablet pi\u00f9 semplice e comodo. fare. La cinghia di trasporto pu\u00f2 essere regolata per adattarsi alla maggior parte delle dimensioni della mano e pu\u00f2 essere ruotata di 360 gradi per trovare l&#039;angolo di visione ideale anche in movimento. Include anche un cavalletto incorporato che consente di tenere le mani libere. Utilizzabile su superfici piane per una maggiore flessibilit\u00e0 sul lavoro.\" \/>\n<meta property=\"og:url\" content=\"https:\/\/alegerglobal.com\/it\/shop-it\/portatile-con-cinturino-da-polso-girevole-e-cavalletto\/\" \/>\n<meta property=\"og:site_name\" content=\"ALEGER \u22c6 Augmented Reality\" \/>\n<meta property=\"article:modified_time\" content=\"2022-05-13T06:49:32+00:00\" \/>\n<meta property=\"og:image\" content=\"https:\/\/alegerglobal.com\/wp-content\/uploads\/2021\/02\/Unbenannt-133.jpg\" \/>\n\t<meta property=\"og:image:width\" content=\"800\" \/>\n\t<meta property=\"og:image:height\" content=\"800\" \/>\n\t<meta property=\"og:image:type\" content=\"image\/jpeg\" \/>\n<meta name=\"twitter:card\" content=\"summary_large_image\" \/>\n<meta name=\"twitter:label1\" content=\"Prezzo\" \/>\n\t<meta name=\"twitter:data1\" content=\"&euro;92,99\" \/>\n\t<meta name=\"twitter:label2\" content=\"Disponibilit\u00e0\" \/>\n\t<meta name=\"twitter:data2\" content=\"In stock\" \/>\n<script type=\"application\/ld+json\" class=\"yoast-schema-graph\">{\"@context\":\"https:\/\/schema.org\",\"@graph\":[{\"@type\":\"WebPage\",\"@id\":\"https:\/\/alegerglobal.com\/it\/shop-it\/portatile-con-cinturino-da-polso-girevole-e-cavalletto\/\",\"url\":\"https:\/\/alegerglobal.com\/it\/shop-it\/portatile-con-cinturino-da-polso-girevole-e-cavalletto\/\",\"name\":\"- ALEGER \u22c6 Augmented Reality\",\"isPartOf\":{\"@id\":\"https:\/\/alegerglobal.com\/it\/#website\"},\"primaryImageOfPage\":{\"@id\":\"https:\/\/alegerglobal.com\/it\/shop-it\/portatile-con-cinturino-da-polso-girevole-e-cavalletto\/#primaryimage\"},\"image\":{\"@id\":\"https:\/\/alegerglobal.com\/it\/shop-it\/portatile-con-cinturino-da-polso-girevole-e-cavalletto\/#primaryimage\"},\"thumbnailUrl\":\"https:\/\/alegerglobal.com\/wp-content\/uploads\/2021\/02\/Unbenannt-133.jpg\",\"datePublished\":\"2022-05-13T06:49:29+00:00\",\"dateModified\":\"2022-05-13T06:49:32+00:00\",\"breadcrumb\":{\"@id\":\"https:\/\/alegerglobal.com\/it\/shop-it\/portatile-con-cinturino-da-polso-girevole-e-cavalletto\/#breadcrumb\"},\"inLanguage\":\"it-IT\",\"potentialAction\":[{\"@type\":\"ReadAction\",\"target\":[\"https:\/\/alegerglobal.com\/it\/shop-it\/portatile-con-cinturino-da-polso-girevole-e-cavalletto\/\"]}]},{\"@type\":\"ImageObject\",\"inLanguage\":\"it-IT\",\"@id\":\"https:\/\/alegerglobal.com\/it\/shop-it\/portatile-con-cinturino-da-polso-girevole-e-cavalletto\/#primaryimage\",\"url\":\"https:\/\/alegerglobal.com\/wp-content\/uploads\/2021\/02\/Unbenannt-133.jpg\",\"contentUrl\":\"https:\/\/alegerglobal.com\/wp-content\/uploads\/2021\/02\/Unbenannt-133.jpg\",\"width\":800,\"height\":800},{\"@type\":\"BreadcrumbList\",\"@id\":\"https:\/\/alegerglobal.com\/it\/shop-it\/portatile-con-cinturino-da-polso-girevole-e-cavalletto\/#breadcrumb\",\"itemListElement\":[{\"@type\":\"ListItem\",\"position\":1,\"name\":\"Home\",\"item\":\"https:\/\/alegerglobal.com\/it\/novita-homepage\/\"},{\"@type\":\"ListItem\",\"position\":2,\"name\":\"Prodotti\",\"item\":\"https:\/\/alegerglobal.com\/it\/prodotti\/\"},{\"@type\":\"ListItem\",\"position\":3,\"name\":\"PORTATILE con cinturino da polso girevole e cavalletto\"}]},{\"@type\":\"WebSite\",\"@id\":\"https:\/\/alegerglobal.com\/it\/#website\",\"url\":\"https:\/\/alegerglobal.com\/it\/\",\"name\":\"ALEGER \u22c6 Augmented Reality\",\"description\":\"Die besten Augmented Reality (AR) L\u00f6sungen der Welt.\",\"publisher\":{\"@id\":\"https:\/\/alegerglobal.com\/it\/#organization\"},\"potentialAction\":[{\"@type\":\"SearchAction\",\"target\":{\"@type\":\"EntryPoint\",\"urlTemplate\":\"https:\/\/alegerglobal.com\/it\/?s={search_term_string}\"},\"query-input\":{\"@type\":\"PropertyValueSpecification\",\"valueRequired\":true,\"valueName\":\"search_term_string\"}}],\"inLanguage\":\"it-IT\"},{\"@type\":\"Organization\",\"@id\":\"https:\/\/alegerglobal.com\/it\/#organization\",\"name\":\"ALEGER \u22c6 Augmented Reality\",\"url\":\"https:\/\/alegerglobal.com\/it\/\",\"logo\":{\"@type\":\"ImageObject\",\"inLanguage\":\"it-IT\",\"@id\":\"https:\/\/alegerglobal.com\/it\/#\/schema\/logo\/image\/\",\"url\":\"https:\/\/alegerglobal.com\/wp-content\/uploads\/2020\/12\/aleger-logo-quadrat.jpg\",\"contentUrl\":\"https:\/\/alegerglobal.com\/wp-content\/uploads\/2020\/12\/aleger-logo-quadrat.jpg\",\"width\":200,\"height\":176,\"caption\":\"ALEGER \u22c6 Augmented Reality\"},\"image\":{\"@id\":\"https:\/\/alegerglobal.com\/it\/#\/schema\/logo\/image\/\"}}]}<\/script>\n<meta property=\"product:brand\" content=\"Getac\" \/>\n<meta property=\"product:price:amount\" content=\"92.99\" \/>\n<meta property=\"product:price:currency\" content=\"EUR\" \/>\n<meta property=\"og:availability\" content=\"instock\" \/>\n<meta property=\"product:availability\" content=\"instock\" \/>\n<meta property=\"product:condition\" content=\"new\" \/>\n<!-- \/ Yoast SEO Premium plugin. -->","yoast_head_json":{"title":"- ALEGER \u22c6 Augmented Reality","robots":{"index":"index","follow":"follow","max-snippet":"max-snippet:-1","max-image-preview":"max-image-preview:large","max-video-preview":"max-video-preview:-1"},"og_locale":"it_IT","og_type":"article","og_title":"PORTATILE con cinturino da polso girevole e cavalletto","og_description":"Il cinturino rotante dell'UX10-Ex \u00e8 stato progettato per rendere l'utilizzo del tablet pi\u00f9 semplice e comodo. fare. La cinghia di trasporto pu\u00f2 essere regolata per adattarsi alla maggior parte delle dimensioni della mano e pu\u00f2 essere ruotata di 360 gradi per trovare l'angolo di visione ideale anche in movimento. Include anche un cavalletto incorporato che consente di tenere le mani libere. Utilizzabile su superfici piane per una maggiore flessibilit\u00e0 sul lavoro.","og_url":"https:\/\/alegerglobal.com\/it\/shop-it\/portatile-con-cinturino-da-polso-girevole-e-cavalletto\/","og_site_name":"ALEGER \u22c6 Augmented Reality","article_modified_time":"2022-05-13T06:49:32+00:00","og_image":[{"width":800,"height":800,"url":"https:\/\/alegerglobal.com\/wp-content\/uploads\/2021\/02\/Unbenannt-133.jpg","type":"image\/jpeg"}],"twitter_card":"summary_large_image","twitter_misc":{"Prezzo":"&euro;92,99","Disponibilit\u00e0":"In stock"},"schema":{"@context":"https:\/\/schema.org","@graph":[{"@type":"WebPage","@id":"https:\/\/alegerglobal.com\/it\/shop-it\/portatile-con-cinturino-da-polso-girevole-e-cavalletto\/","url":"https:\/\/alegerglobal.com\/it\/shop-it\/portatile-con-cinturino-da-polso-girevole-e-cavalletto\/","name":"- ALEGER \u22c6 Augmented Reality","isPartOf":{"@id":"https:\/\/alegerglobal.com\/it\/#website"},"primaryImageOfPage":{"@id":"https:\/\/alegerglobal.com\/it\/shop-it\/portatile-con-cinturino-da-polso-girevole-e-cavalletto\/#primaryimage"},"image":{"@id":"https:\/\/alegerglobal.com\/it\/shop-it\/portatile-con-cinturino-da-polso-girevole-e-cavalletto\/#primaryimage"},"thumbnailUrl":"https:\/\/alegerglobal.com\/wp-content\/uploads\/2021\/02\/Unbenannt-133.jpg","datePublished":"2022-05-13T06:49:29+00:00","dateModified":"2022-05-13T06:49:32+00:00","breadcrumb":{"@id":"https:\/\/alegerglobal.com\/it\/shop-it\/portatile-con-cinturino-da-polso-girevole-e-cavalletto\/#breadcrumb"},"inLanguage":"it-IT","potentialAction":[{"@type":"ReadAction","target":["https:\/\/alegerglobal.com\/it\/shop-it\/portatile-con-cinturino-da-polso-girevole-e-cavalletto\/"]}]},{"@type":"ImageObject","inLanguage":"it-IT","@id":"https:\/\/alegerglobal.com\/it\/shop-it\/portatile-con-cinturino-da-polso-girevole-e-cavalletto\/#primaryimage","url":"https:\/\/alegerglobal.com\/wp-content\/uploads\/2021\/02\/Unbenannt-133.jpg","contentUrl":"https:\/\/alegerglobal.com\/wp-content\/uploads\/2021\/02\/Unbenannt-133.jpg","width":800,"height":800},{"@type":"BreadcrumbList","@id":"https:\/\/alegerglobal.com\/it\/shop-it\/portatile-con-cinturino-da-polso-girevole-e-cavalletto\/#breadcrumb","itemListElement":[{"@type":"ListItem","position":1,"name":"Home","item":"https:\/\/alegerglobal.com\/it\/novita-homepage\/"},{"@type":"ListItem","position":2,"name":"Prodotti","item":"https:\/\/alegerglobal.com\/it\/prodotti\/"},{"@type":"ListItem","position":3,"name":"PORTATILE con cinturino da polso girevole e cavalletto"}]},{"@type":"WebSite","@id":"https:\/\/alegerglobal.com\/it\/#website","url":"https:\/\/alegerglobal.com\/it\/","name":"ALEGER \u22c6 Augmented Reality","description":"Die besten Augmented Reality (AR) L\u00f6sungen der Welt.","publisher":{"@id":"https:\/\/alegerglobal.com\/it\/#organization"},"potentialAction":[{"@type":"SearchAction","target":{"@type":"EntryPoint","urlTemplate":"https:\/\/alegerglobal.com\/it\/?s={search_term_string}"},"query-input":{"@type":"PropertyValueSpecification","valueRequired":true,"valueName":"search_term_string"}}],"inLanguage":"it-IT"},{"@type":"Organization","@id":"https:\/\/alegerglobal.com\/it\/#organization","name":"ALEGER \u22c6 Augmented Reality","url":"https:\/\/alegerglobal.com\/it\/","logo":{"@type":"ImageObject","inLanguage":"it-IT","@id":"https:\/\/alegerglobal.com\/it\/#\/schema\/logo\/image\/","url":"https:\/\/alegerglobal.com\/wp-content\/uploads\/2020\/12\/aleger-logo-quadrat.jpg","contentUrl":"https:\/\/alegerglobal.com\/wp-content\/uploads\/2020\/12\/aleger-logo-quadrat.jpg","width":200,"height":176,"caption":"ALEGER \u22c6 Augmented Reality"},"image":{"@id":"https:\/\/alegerglobal.com\/it\/#\/schema\/logo\/image\/"}}]},"product_brand":"Getac","product_price_amount":"92.99","product_price_currency":"EUR","og_availability":"instock","product_availability":"instock","product_condition":"new"},"_links":{"self":[{"href":"https:\/\/alegerglobal.com\/it\/wp-json\/wp\/v2\/product\/30599","targetHints":{"allow":["GET"]}}],"collection":[{"href":"https:\/\/alegerglobal.com\/it\/wp-json\/wp\/v2\/product"}],"about":[{"href":"https:\/\/alegerglobal.com\/it\/wp-json\/wp\/v2\/types\/product"}],"replies":[{"embeddable":true,"href":"https:\/\/alegerglobal.com\/it\/wp-json\/wp\/v2\/comments?post=30599"}],"version-history":[{"count":1,"href":"https:\/\/alegerglobal.com\/it\/wp-json\/wp\/v2\/product\/30599\/revisions"}],"predecessor-version":[{"id":30602,"href":"https:\/\/alegerglobal.com\/it\/wp-json\/wp\/v2\/product\/30599\/revisions\/30602"}],"wp:featuredmedia":[{"embeddable":true,"href":"https:\/\/alegerglobal.com\/it\/wp-json\/wp\/v2\/media\/18939"}],"wp:attachment":[{"href":"https:\/\/alegerglobal.com\/it\/wp-json\/wp\/v2\/media?parent=30599"}],"wp:term":[{"taxonomy":"product_brand","embeddable":true,"href":"https:\/\/alegerglobal.com\/it\/wp-json\/wp\/v2\/product_brand?post=30599"},{"taxonomy":"product_cat","embeddable":true,"href":"https:\/\/alegerglobal.com\/it\/wp-json\/wp\/v2\/product_cat?post=30599"},{"taxonomy":"product_tag","embeddable":true,"href":"https:\/\/alegerglobal.com\/it\/wp-json\/wp\/v2\/product_tag?post=30599"}],"curies":[{"name":"wp","href":"https:\/\/api.w.org\/{rel}","templated":true}]}}