{"id":30539,"date":"2021-02-03T14:08:11","date_gmt":"2022-05-13T06:44:31","guid":{"rendered":"https:\/\/alegerglobal.com\/senza-categoria\/ricambio-accu\/"},"modified":"2022-05-13T07:44:32","modified_gmt":"2022-05-13T06:44:32","slug":"ricambio-accu","status":"publish","type":"product","link":"https:\/\/alegerglobal.com\/it\/shop-it\/ricambio-accu\/","title":{"rendered":"RICAMBIO ACCU"},"content":{"rendered":"\t\t<div data-elementor-type=\"product-post\" data-elementor-id=\"30539\" class=\"elementor elementor-30539 elementor-4028\" data-elementor-settings=\"{&quot;ha_cmc_init_switcher&quot;:&quot;no&quot;}\" data-elementor-post-type=\"product\">\n\t\t\t\t\t\t<section class=\"elementor-section elementor-top-section elementor-element elementor-element-cc9d94d elementor-section-boxed elementor-section-height-default elementor-section-height-default\" data-id=\"cc9d94d\" data-element_type=\"section\" data-settings=\"{&quot;jet_parallax_layout_list&quot;:[],&quot;_ha_eqh_enable&quot;:false}\">\n\t\t\t\t\t\t<div class=\"elementor-container elementor-column-gap-default\">\n\t\t\t\t\t<div class=\"elementor-column elementor-col-100 elementor-top-column elementor-element elementor-element-94614a4\" data-id=\"94614a4\" data-element_type=\"column\">\n\t\t\t<div class=\"elementor-widget-wrap elementor-element-populated\">\n\t\t\t\t\t\t<div class=\"elementor-element elementor-element-18ae568 elementor-widget elementor-widget-text-editor\" data-id=\"18ae568\" data-element_type=\"widget\" data-widget_type=\"text-editor.default\">\n\t\t\t\t<div class=\"elementor-widget-container\">\n\t\t\t\t\t\t\t\t\t<p class=\"MsoNormal\"><strong>Informazioni sul prodotto<\/strong><\/p><p class=\"MsoNormal\">Tipo di batteria: batteria agli ioni di litio<\/p><p class=\"MsoNormal\">Tipo di cellula: 6 cellule, 74,5 WH<\/p><p class=\"MsoNormal\">Tensione: 10,8 V<\/p><p class=\"MsoNormal\">Capacit\u00e0: 6900 mAh<\/p><p class=\"MsoNormal\">Peso: 330 g<\/p><p class=\"MsoNormal\"> <\/p><p class=\"MsoNormal\"><strong>ID SKU<\/strong><\/p><p class=\"MsoNormal\">ID SKU: GBM6X6<\/p>\t\t\t\t\t\t\t\t<\/div>\n\t\t\t\t<\/div>\n\t\t\t\t\t<\/div>\n\t\t<\/div>\n\t\t\t\t\t<\/div>\n\t\t<\/section>\n\t\t\t\t<\/div>\n\t\t","protected":false},"excerpt":{"rendered":"<p>La batteria di riserva viene utilizzata per alimentare l&#8217;apparecchio quando l&#8217;adattatore CA non \u00e8 collegato o quando la batteria di riserva non \u00e8 pi\u00f9 in funzione.<br \/>\nL&#8217;unit\u00e0 non \u00e8 carica.<\/p>\n","protected":false},"featured_media":18889,"comment_status":"open","ping_status":"closed","template":"","meta":{"_acf_changed":false},"product_brand":[],"product_cat":[779,780],"product_tag":[],"class_list":{"0":"post-30539","1":"product","2":"type-product","3":"status-publish","4":"has-post-thumbnail","6":"product_cat-accessori","7":"product_cat-shop-it","8":"pa_hersteller-getac-it","10":"first","11":"instock","12":"taxable","13":"shipping-taxable","14":"purchasable","15":"product-type-simple"},"acf":[],"yoast_head":"<!-- This site is optimized with the Yoast SEO Premium plugin v20.10 (Yoast SEO v24.3) - https:\/\/yoast.com\/wordpress\/plugins\/seo\/ -->\n<title>- ALEGER \u22c6 Augmented Reality<\/title>\n<meta name=\"robots\" content=\"index, follow, max-snippet:-1, max-image-preview:large, max-video-preview:-1\" \/>\n<meta property=\"og:locale\" content=\"it_IT\" \/>\n<meta property=\"og:type\" content=\"article\" \/>\n<meta property=\"og:title\" content=\"RICAMBIO ACCU\" \/>\n<meta property=\"og:description\" content=\"La batteria di riserva viene utilizzata per alimentare l&#039;apparecchio quando l&#039;adattatore CA non \u00e8 collegato o quando la batteria di riserva non \u00e8 pi\u00f9 in funzione. L&#039;unit\u00e0 non \u00e8 carica.\" \/>\n<meta property=\"og:url\" content=\"https:\/\/alegerglobal.com\/it\/shop-it\/ricambio-accu\/\" \/>\n<meta property=\"og:site_name\" content=\"ALEGER \u22c6 Augmented Reality\" \/>\n<meta property=\"article:modified_time\" content=\"2022-05-13T06:44:32+00:00\" \/>\n<meta property=\"og:image\" content=\"https:\/\/alegerglobal.com\/wp-content\/uploads\/2021\/02\/Unbenannt-113.jpg\" \/>\n\t<meta property=\"og:image:width\" content=\"800\" \/>\n\t<meta property=\"og:image:height\" content=\"800\" \/>\n\t<meta property=\"og:image:type\" content=\"image\/jpeg\" \/>\n<meta name=\"twitter:card\" content=\"summary_large_image\" \/>\n<meta name=\"twitter:label1\" content=\"Prezzo\" \/>\n\t<meta name=\"twitter:data1\" content=\"&euro;169,99\" \/>\n\t<meta name=\"twitter:label2\" content=\"Disponibilit\u00e0\" \/>\n\t<meta name=\"twitter:data2\" content=\"In stock\" \/>\n<script type=\"application\/ld+json\" class=\"yoast-schema-graph\">{\"@context\":\"https:\/\/schema.org\",\"@graph\":[{\"@type\":\"WebPage\",\"@id\":\"https:\/\/alegerglobal.com\/it\/shop-it\/ricambio-accu\/\",\"url\":\"https:\/\/alegerglobal.com\/it\/shop-it\/ricambio-accu\/\",\"name\":\"- ALEGER \u22c6 Augmented Reality\",\"isPartOf\":{\"@id\":\"https:\/\/alegerglobal.com\/it\/#website\"},\"primaryImageOfPage\":{\"@id\":\"https:\/\/alegerglobal.com\/it\/shop-it\/ricambio-accu\/#primaryimage\"},\"image\":{\"@id\":\"https:\/\/alegerglobal.com\/it\/shop-it\/ricambio-accu\/#primaryimage\"},\"thumbnailUrl\":\"https:\/\/alegerglobal.com\/wp-content\/uploads\/2021\/02\/Unbenannt-113.jpg\",\"datePublished\":\"2022-05-13T06:44:31+00:00\",\"dateModified\":\"2022-05-13T06:44:32+00:00\",\"breadcrumb\":{\"@id\":\"https:\/\/alegerglobal.com\/it\/shop-it\/ricambio-accu\/#breadcrumb\"},\"inLanguage\":\"it-IT\",\"potentialAction\":[{\"@type\":\"ReadAction\",\"target\":[\"https:\/\/alegerglobal.com\/it\/shop-it\/ricambio-accu\/\"]}]},{\"@type\":\"ImageObject\",\"inLanguage\":\"it-IT\",\"@id\":\"https:\/\/alegerglobal.com\/it\/shop-it\/ricambio-accu\/#primaryimage\",\"url\":\"https:\/\/alegerglobal.com\/wp-content\/uploads\/2021\/02\/Unbenannt-113.jpg\",\"contentUrl\":\"https:\/\/alegerglobal.com\/wp-content\/uploads\/2021\/02\/Unbenannt-113.jpg\",\"width\":800,\"height\":800},{\"@type\":\"BreadcrumbList\",\"@id\":\"https:\/\/alegerglobal.com\/it\/shop-it\/ricambio-accu\/#breadcrumb\",\"itemListElement\":[{\"@type\":\"ListItem\",\"position\":1,\"name\":\"Home\",\"item\":\"https:\/\/alegerglobal.com\/it\/novita-homepage\/\"},{\"@type\":\"ListItem\",\"position\":2,\"name\":\"Prodotti\",\"item\":\"https:\/\/alegerglobal.com\/it\/prodotti\/\"},{\"@type\":\"ListItem\",\"position\":3,\"name\":\"RICAMBIO ACCU\"}]},{\"@type\":\"WebSite\",\"@id\":\"https:\/\/alegerglobal.com\/it\/#website\",\"url\":\"https:\/\/alegerglobal.com\/it\/\",\"name\":\"ALEGER \u22c6 Augmented Reality\",\"description\":\"Die besten Augmented Reality (AR) L\u00f6sungen der Welt.\",\"publisher\":{\"@id\":\"https:\/\/alegerglobal.com\/it\/#organization\"},\"potentialAction\":[{\"@type\":\"SearchAction\",\"target\":{\"@type\":\"EntryPoint\",\"urlTemplate\":\"https:\/\/alegerglobal.com\/it\/?s={search_term_string}\"},\"query-input\":{\"@type\":\"PropertyValueSpecification\",\"valueRequired\":true,\"valueName\":\"search_term_string\"}}],\"inLanguage\":\"it-IT\"},{\"@type\":\"Organization\",\"@id\":\"https:\/\/alegerglobal.com\/it\/#organization\",\"name\":\"ALEGER \u22c6 Augmented Reality\",\"url\":\"https:\/\/alegerglobal.com\/it\/\",\"logo\":{\"@type\":\"ImageObject\",\"inLanguage\":\"it-IT\",\"@id\":\"https:\/\/alegerglobal.com\/it\/#\/schema\/logo\/image\/\",\"url\":\"https:\/\/alegerglobal.com\/wp-content\/uploads\/2020\/12\/aleger-logo-quadrat.jpg\",\"contentUrl\":\"https:\/\/alegerglobal.com\/wp-content\/uploads\/2020\/12\/aleger-logo-quadrat.jpg\",\"width\":200,\"height\":176,\"caption\":\"ALEGER \u22c6 Augmented Reality\"},\"image\":{\"@id\":\"https:\/\/alegerglobal.com\/it\/#\/schema\/logo\/image\/\"}}]}<\/script>\n<meta property=\"product:brand\" content=\"Getac\" \/>\n<meta property=\"product:price:amount\" content=\"169.99\" \/>\n<meta property=\"product:price:currency\" content=\"EUR\" \/>\n<meta property=\"og:availability\" content=\"instock\" \/>\n<meta property=\"product:availability\" content=\"instock\" \/>\n<meta property=\"product:condition\" content=\"new\" \/>\n<!-- \/ Yoast SEO Premium plugin. -->","yoast_head_json":{"title":"- ALEGER \u22c6 Augmented Reality","robots":{"index":"index","follow":"follow","max-snippet":"max-snippet:-1","max-image-preview":"max-image-preview:large","max-video-preview":"max-video-preview:-1"},"og_locale":"it_IT","og_type":"article","og_title":"RICAMBIO ACCU","og_description":"La batteria di riserva viene utilizzata per alimentare l'apparecchio quando l'adattatore CA non \u00e8 collegato o quando la batteria di riserva non \u00e8 pi\u00f9 in funzione. L'unit\u00e0 non \u00e8 carica.","og_url":"https:\/\/alegerglobal.com\/it\/shop-it\/ricambio-accu\/","og_site_name":"ALEGER \u22c6 Augmented Reality","article_modified_time":"2022-05-13T06:44:32+00:00","og_image":[{"width":800,"height":800,"url":"https:\/\/alegerglobal.com\/wp-content\/uploads\/2021\/02\/Unbenannt-113.jpg","type":"image\/jpeg"}],"twitter_card":"summary_large_image","twitter_misc":{"Prezzo":"&euro;169,99","Disponibilit\u00e0":"In stock"},"schema":{"@context":"https:\/\/schema.org","@graph":[{"@type":"WebPage","@id":"https:\/\/alegerglobal.com\/it\/shop-it\/ricambio-accu\/","url":"https:\/\/alegerglobal.com\/it\/shop-it\/ricambio-accu\/","name":"- ALEGER \u22c6 Augmented Reality","isPartOf":{"@id":"https:\/\/alegerglobal.com\/it\/#website"},"primaryImageOfPage":{"@id":"https:\/\/alegerglobal.com\/it\/shop-it\/ricambio-accu\/#primaryimage"},"image":{"@id":"https:\/\/alegerglobal.com\/it\/shop-it\/ricambio-accu\/#primaryimage"},"thumbnailUrl":"https:\/\/alegerglobal.com\/wp-content\/uploads\/2021\/02\/Unbenannt-113.jpg","datePublished":"2022-05-13T06:44:31+00:00","dateModified":"2022-05-13T06:44:32+00:00","breadcrumb":{"@id":"https:\/\/alegerglobal.com\/it\/shop-it\/ricambio-accu\/#breadcrumb"},"inLanguage":"it-IT","potentialAction":[{"@type":"ReadAction","target":["https:\/\/alegerglobal.com\/it\/shop-it\/ricambio-accu\/"]}]},{"@type":"ImageObject","inLanguage":"it-IT","@id":"https:\/\/alegerglobal.com\/it\/shop-it\/ricambio-accu\/#primaryimage","url":"https:\/\/alegerglobal.com\/wp-content\/uploads\/2021\/02\/Unbenannt-113.jpg","contentUrl":"https:\/\/alegerglobal.com\/wp-content\/uploads\/2021\/02\/Unbenannt-113.jpg","width":800,"height":800},{"@type":"BreadcrumbList","@id":"https:\/\/alegerglobal.com\/it\/shop-it\/ricambio-accu\/#breadcrumb","itemListElement":[{"@type":"ListItem","position":1,"name":"Home","item":"https:\/\/alegerglobal.com\/it\/novita-homepage\/"},{"@type":"ListItem","position":2,"name":"Prodotti","item":"https:\/\/alegerglobal.com\/it\/prodotti\/"},{"@type":"ListItem","position":3,"name":"RICAMBIO ACCU"}]},{"@type":"WebSite","@id":"https:\/\/alegerglobal.com\/it\/#website","url":"https:\/\/alegerglobal.com\/it\/","name":"ALEGER \u22c6 Augmented Reality","description":"Die besten Augmented Reality (AR) L\u00f6sungen der Welt.","publisher":{"@id":"https:\/\/alegerglobal.com\/it\/#organization"},"potentialAction":[{"@type":"SearchAction","target":{"@type":"EntryPoint","urlTemplate":"https:\/\/alegerglobal.com\/it\/?s={search_term_string}"},"query-input":{"@type":"PropertyValueSpecification","valueRequired":true,"valueName":"search_term_string"}}],"inLanguage":"it-IT"},{"@type":"Organization","@id":"https:\/\/alegerglobal.com\/it\/#organization","name":"ALEGER \u22c6 Augmented Reality","url":"https:\/\/alegerglobal.com\/it\/","logo":{"@type":"ImageObject","inLanguage":"it-IT","@id":"https:\/\/alegerglobal.com\/it\/#\/schema\/logo\/image\/","url":"https:\/\/alegerglobal.com\/wp-content\/uploads\/2020\/12\/aleger-logo-quadrat.jpg","contentUrl":"https:\/\/alegerglobal.com\/wp-content\/uploads\/2020\/12\/aleger-logo-quadrat.jpg","width":200,"height":176,"caption":"ALEGER \u22c6 Augmented Reality"},"image":{"@id":"https:\/\/alegerglobal.com\/it\/#\/schema\/logo\/image\/"}}]},"product_brand":"Getac","product_price_amount":"169.99","product_price_currency":"EUR","og_availability":"instock","product_availability":"instock","product_condition":"new"},"_links":{"self":[{"href":"https:\/\/alegerglobal.com\/it\/wp-json\/wp\/v2\/product\/30539","targetHints":{"allow":["GET"]}}],"collection":[{"href":"https:\/\/alegerglobal.com\/it\/wp-json\/wp\/v2\/product"}],"about":[{"href":"https:\/\/alegerglobal.com\/it\/wp-json\/wp\/v2\/types\/product"}],"replies":[{"embeddable":true,"href":"https:\/\/alegerglobal.com\/it\/wp-json\/wp\/v2\/comments?post=30539"}],"version-history":[{"count":1,"href":"https:\/\/alegerglobal.com\/it\/wp-json\/wp\/v2\/product\/30539\/revisions"}],"predecessor-version":[{"id":30540,"href":"https:\/\/alegerglobal.com\/it\/wp-json\/wp\/v2\/product\/30539\/revisions\/30540"}],"wp:featuredmedia":[{"embeddable":true,"href":"https:\/\/alegerglobal.com\/it\/wp-json\/wp\/v2\/media\/18889"}],"wp:attachment":[{"href":"https:\/\/alegerglobal.com\/it\/wp-json\/wp\/v2\/media?parent=30539"}],"wp:term":[{"taxonomy":"product_brand","embeddable":true,"href":"https:\/\/alegerglobal.com\/it\/wp-json\/wp\/v2\/product_brand?post=30539"},{"taxonomy":"product_cat","embeddable":true,"href":"https:\/\/alegerglobal.com\/it\/wp-json\/wp\/v2\/product_cat?post=30539"},{"taxonomy":"product_tag","embeddable":true,"href":"https:\/\/alegerglobal.com\/it\/wp-json\/wp\/v2\/product_tag?post=30539"}],"curies":[{"name":"wp","href":"https:\/\/api.w.org\/{rel}","templated":true}]}}