{"id":30429,"date":"2019-01-01T04:58:18","date_gmt":"2022-05-13T06:30:30","guid":{"rendered":"https:\/\/alegerglobal.com\/senza-categoria\/vh-tpro-x2-presa-di-bordo-per-auto\/"},"modified":"2022-05-13T07:30:30","modified_gmt":"2022-05-13T06:30:30","slug":"vh-tpro-x2-presa-di-bordo-per-auto","status":"publish","type":"product","link":"https:\/\/alegerglobal.com\/it\/shop-it\/vh-tpro-x2-presa-di-bordo-per-auto\/","title":{"rendered":"VH TPRO X2 (presa di bordo per auto)"},"content":{"rendered":"\t\t<div data-elementor-type=\"product-post\" data-elementor-id=\"30429\" class=\"elementor elementor-30429 elementor-5602\" data-elementor-settings=\"{&quot;ha_cmc_init_switcher&quot;:&quot;no&quot;}\" data-elementor-post-type=\"product\">\n\t\t\t\t\t\t<section class=\"elementor-section elementor-top-section elementor-element elementor-element-365de07 elementor-section-boxed elementor-section-height-default elementor-section-height-default\" data-id=\"365de07\" data-element_type=\"section\" data-settings=\"{&quot;jet_parallax_layout_list&quot;:[],&quot;_ha_eqh_enable&quot;:false}\">\n\t\t\t\t\t\t<div class=\"elementor-container elementor-column-gap-default\">\n\t\t\t\t\t<div class=\"elementor-column elementor-col-100 elementor-top-column elementor-element elementor-element-a54d225\" data-id=\"a54d225\" data-element_type=\"column\">\n\t\t\t<div class=\"elementor-widget-wrap elementor-element-populated\">\n\t\t\t\t\t\t<div class=\"elementor-element elementor-element-c04a9ca elementor-widget elementor-widget-text-editor\" data-id=\"c04a9ca\" data-element_type=\"widget\" data-widget_type=\"text-editor.default\">\n\t\t\t\t<div class=\"elementor-widget-container\">\n\t\t\t\t\t\t\t\t\t<ul class=\"list\"><li>Adatto per il Tab-Ex\u00ae Pro<\/li><li>Doppie porte USB; alimentate con 1,5 A ciascuna; collegamento per dispositivi esterni<\/li><li>Ritagli per l&#8217;accesso diretto ai pulsanti, alla fotocamera, allo stilo e alle porte<\/li><li>Facile da usare con una sola mano:<ul class=\"list\"><li>Inserire la tavoletta (prima il lato inferiore) nella stazione di ricarica dall&#8217;alto. Applicare una pressione sul lato superiore della tavoletta fino a quando la tavoletta non si blocca nel supporto.<\/li><li>Premere il pulsante di rilascio verso l&#8217;alto con il pollice e rimuovere la tavoletta.<\/li><\/ul><\/li><li>Il connettore POGO carica e alimenta la tavoletta.<\/li><li>Serratura opzionale come dispositivo antifurto<\/li><li>Schema di fori VESA 75 mm; compatibile con i sistemi di montaggio <a class=\"external-link-new-window\" title=\"\u00d6ffnet internen Link im aktuellen Fenster\" href=\"https:\/\/www.zirkona.de\/\" target=\"_blank\" rel=\"noopener\">Zirkona<\/a> <\/li><li>Un cavo di alimentazione lungo 167,6 cm (66&#8243;) con estremit\u00e0 a filo aperto<\/li><li>Pu\u00f2 essere montato su superfici piane e verticali<\/li><li>Struttura leggera: 1,3 libbre (circa 580 g)<\/li><\/ul>\t\t\t\t\t\t\t\t<\/div>\n\t\t\t\t<\/div>\n\t\t\t\t\t<\/div>\n\t\t<\/div>\n\t\t\t\t\t<\/div>\n\t\t<\/section>\n\t\t\t\t<\/div>\n\t\t","protected":false},"excerpt":{"rendered":"<p>La nuova e migliorata stazione di ricarica Tab-Ex\u00ae Pro con due porte USB e collegamento alla presa del veicolo (accendisigari). Entrambe le porte USB erogano 1,5 A ciascuna. La stazione di ricarica \u00e8 compatta, richiudibile e pu\u00f2 essere utilizzata con una sola mano. La stazione pu\u00f2 essere collegata all&#8217;impianto elettrico del veicolo tramite il collegamento fornito per la presa del veicolo e continua ad alimentare la batteria del tablet. (Non per l&#8217;uso in atmosfere potenzialmente esplosive)<\/p>\n","protected":false},"featured_media":18963,"comment_status":"open","ping_status":"closed","template":"","meta":{"_acf_changed":false},"product_brand":[],"product_cat":[779,780],"product_tag":[],"class_list":{"0":"post-30429","1":"product","2":"type-product","3":"status-publish","4":"has-post-thumbnail","6":"product_cat-accessori","7":"product_cat-shop-it","8":"pa_hersteller-ecom-it","10":"first","11":"instock","12":"taxable","13":"shipping-taxable","14":"purchasable","15":"product-type-simple"},"acf":[],"yoast_head":"<!-- This site is optimized with the Yoast SEO Premium plugin v20.10 (Yoast SEO v24.3) - https:\/\/yoast.com\/wordpress\/plugins\/seo\/ -->\n<title>- ALEGER \u22c6 Augmented Reality<\/title>\n<meta name=\"robots\" content=\"index, follow, max-snippet:-1, max-image-preview:large, max-video-preview:-1\" \/>\n<meta property=\"og:locale\" content=\"it_IT\" \/>\n<meta property=\"og:type\" content=\"article\" \/>\n<meta property=\"og:title\" content=\"VH TPRO X2 (presa di bordo per auto)\" \/>\n<meta property=\"og:description\" content=\"La nuova e migliorata stazione di ricarica Tab-Ex\u00ae Pro con due porte USB e collegamento alla presa del veicolo (accendisigari). Entrambe le porte USB erogano 1,5 A ciascuna. La stazione di ricarica \u00e8 compatta, richiudibile e pu\u00f2 essere utilizzata con una sola mano. La stazione pu\u00f2 essere collegata all&#039;impianto elettrico del veicolo tramite il collegamento fornito per la presa del veicolo e continua ad alimentare la batteria del tablet. (Non per l&#039;uso in atmosfere potenzialmente esplosive)\" \/>\n<meta property=\"og:url\" content=\"https:\/\/alegerglobal.com\/it\/shop-it\/vh-tpro-x2-presa-di-bordo-per-auto\/\" \/>\n<meta property=\"og:site_name\" content=\"ALEGER \u22c6 Augmented Reality\" \/>\n<meta property=\"og:image\" content=\"https:\/\/alegerglobal.com\/wp-content\/uploads\/2019\/01\/Unbenannt-10.jpg\" \/>\n\t<meta property=\"og:image:width\" content=\"800\" \/>\n\t<meta property=\"og:image:height\" content=\"800\" \/>\n\t<meta property=\"og:image:type\" content=\"image\/jpeg\" \/>\n<meta name=\"twitter:card\" content=\"summary_large_image\" \/>\n<meta name=\"twitter:label1\" content=\"Prezzo\" \/>\n\t<meta name=\"twitter:data1\" content=\"&euro;356,99\" \/>\n\t<meta name=\"twitter:label2\" content=\"Disponibilit\u00e0\" \/>\n\t<meta name=\"twitter:data2\" content=\"In stock\" \/>\n<script type=\"application\/ld+json\" class=\"yoast-schema-graph\">{\"@context\":\"https:\/\/schema.org\",\"@graph\":[{\"@type\":\"WebPage\",\"@id\":\"https:\/\/alegerglobal.com\/it\/shop-it\/vh-tpro-x2-presa-di-bordo-per-auto\/\",\"url\":\"https:\/\/alegerglobal.com\/it\/shop-it\/vh-tpro-x2-presa-di-bordo-per-auto\/\",\"name\":\"- ALEGER \u22c6 Augmented Reality\",\"isPartOf\":{\"@id\":\"https:\/\/alegerglobal.com\/it\/#website\"},\"primaryImageOfPage\":{\"@id\":\"https:\/\/alegerglobal.com\/it\/shop-it\/vh-tpro-x2-presa-di-bordo-per-auto\/#primaryimage\"},\"image\":{\"@id\":\"https:\/\/alegerglobal.com\/it\/shop-it\/vh-tpro-x2-presa-di-bordo-per-auto\/#primaryimage\"},\"thumbnailUrl\":\"https:\/\/alegerglobal.com\/wp-content\/uploads\/2019\/01\/Unbenannt-10.jpg\",\"datePublished\":\"2022-05-13T06:30:30+00:00\",\"dateModified\":\"2022-05-13T06:30:30+00:00\",\"breadcrumb\":{\"@id\":\"https:\/\/alegerglobal.com\/it\/shop-it\/vh-tpro-x2-presa-di-bordo-per-auto\/#breadcrumb\"},\"inLanguage\":\"it-IT\",\"potentialAction\":[{\"@type\":\"ReadAction\",\"target\":[\"https:\/\/alegerglobal.com\/it\/shop-it\/vh-tpro-x2-presa-di-bordo-per-auto\/\"]}]},{\"@type\":\"ImageObject\",\"inLanguage\":\"it-IT\",\"@id\":\"https:\/\/alegerglobal.com\/it\/shop-it\/vh-tpro-x2-presa-di-bordo-per-auto\/#primaryimage\",\"url\":\"https:\/\/alegerglobal.com\/wp-content\/uploads\/2019\/01\/Unbenannt-10.jpg\",\"contentUrl\":\"https:\/\/alegerglobal.com\/wp-content\/uploads\/2019\/01\/Unbenannt-10.jpg\",\"width\":800,\"height\":800},{\"@type\":\"BreadcrumbList\",\"@id\":\"https:\/\/alegerglobal.com\/it\/shop-it\/vh-tpro-x2-presa-di-bordo-per-auto\/#breadcrumb\",\"itemListElement\":[{\"@type\":\"ListItem\",\"position\":1,\"name\":\"Home\",\"item\":\"https:\/\/alegerglobal.com\/it\/novita-homepage\/\"},{\"@type\":\"ListItem\",\"position\":2,\"name\":\"Prodotti\",\"item\":\"https:\/\/alegerglobal.com\/it\/prodotti\/\"},{\"@type\":\"ListItem\",\"position\":3,\"name\":\"VH TPRO X2 (presa di bordo per auto)\"}]},{\"@type\":\"WebSite\",\"@id\":\"https:\/\/alegerglobal.com\/it\/#website\",\"url\":\"https:\/\/alegerglobal.com\/it\/\",\"name\":\"ALEGER \u22c6 Augmented Reality\",\"description\":\"Die besten Augmented Reality (AR) L\u00f6sungen der Welt.\",\"publisher\":{\"@id\":\"https:\/\/alegerglobal.com\/it\/#organization\"},\"potentialAction\":[{\"@type\":\"SearchAction\",\"target\":{\"@type\":\"EntryPoint\",\"urlTemplate\":\"https:\/\/alegerglobal.com\/it\/?s={search_term_string}\"},\"query-input\":{\"@type\":\"PropertyValueSpecification\",\"valueRequired\":true,\"valueName\":\"search_term_string\"}}],\"inLanguage\":\"it-IT\"},{\"@type\":\"Organization\",\"@id\":\"https:\/\/alegerglobal.com\/it\/#organization\",\"name\":\"ALEGER \u22c6 Augmented Reality\",\"url\":\"https:\/\/alegerglobal.com\/it\/\",\"logo\":{\"@type\":\"ImageObject\",\"inLanguage\":\"it-IT\",\"@id\":\"https:\/\/alegerglobal.com\/it\/#\/schema\/logo\/image\/\",\"url\":\"https:\/\/alegerglobal.com\/wp-content\/uploads\/2020\/12\/aleger-logo-quadrat.jpg\",\"contentUrl\":\"https:\/\/alegerglobal.com\/wp-content\/uploads\/2020\/12\/aleger-logo-quadrat.jpg\",\"width\":200,\"height\":176,\"caption\":\"ALEGER \u22c6 Augmented Reality\"},\"image\":{\"@id\":\"https:\/\/alegerglobal.com\/it\/#\/schema\/logo\/image\/\"}}]}<\/script>\n<meta property=\"product:brand\" content=\"Ecom\" \/>\n<meta property=\"product:price:amount\" content=\"356.99\" \/>\n<meta property=\"product:price:currency\" content=\"EUR\" \/>\n<meta property=\"og:availability\" content=\"instock\" \/>\n<meta property=\"product:availability\" content=\"instock\" \/>\n<meta property=\"product:condition\" content=\"new\" \/>\n<!-- \/ Yoast SEO Premium plugin. -->","yoast_head_json":{"title":"- ALEGER \u22c6 Augmented Reality","robots":{"index":"index","follow":"follow","max-snippet":"max-snippet:-1","max-image-preview":"max-image-preview:large","max-video-preview":"max-video-preview:-1"},"og_locale":"it_IT","og_type":"article","og_title":"VH TPRO X2 (presa di bordo per auto)","og_description":"La nuova e migliorata stazione di ricarica Tab-Ex\u00ae Pro con due porte USB e collegamento alla presa del veicolo (accendisigari). Entrambe le porte USB erogano 1,5 A ciascuna. La stazione di ricarica \u00e8 compatta, richiudibile e pu\u00f2 essere utilizzata con una sola mano. La stazione pu\u00f2 essere collegata all'impianto elettrico del veicolo tramite il collegamento fornito per la presa del veicolo e continua ad alimentare la batteria del tablet. (Non per l'uso in atmosfere potenzialmente esplosive)","og_url":"https:\/\/alegerglobal.com\/it\/shop-it\/vh-tpro-x2-presa-di-bordo-per-auto\/","og_site_name":"ALEGER \u22c6 Augmented Reality","og_image":[{"width":800,"height":800,"url":"https:\/\/alegerglobal.com\/wp-content\/uploads\/2019\/01\/Unbenannt-10.jpg","type":"image\/jpeg"}],"twitter_card":"summary_large_image","twitter_misc":{"Prezzo":"&euro;356,99","Disponibilit\u00e0":"In stock"},"schema":{"@context":"https:\/\/schema.org","@graph":[{"@type":"WebPage","@id":"https:\/\/alegerglobal.com\/it\/shop-it\/vh-tpro-x2-presa-di-bordo-per-auto\/","url":"https:\/\/alegerglobal.com\/it\/shop-it\/vh-tpro-x2-presa-di-bordo-per-auto\/","name":"- ALEGER \u22c6 Augmented Reality","isPartOf":{"@id":"https:\/\/alegerglobal.com\/it\/#website"},"primaryImageOfPage":{"@id":"https:\/\/alegerglobal.com\/it\/shop-it\/vh-tpro-x2-presa-di-bordo-per-auto\/#primaryimage"},"image":{"@id":"https:\/\/alegerglobal.com\/it\/shop-it\/vh-tpro-x2-presa-di-bordo-per-auto\/#primaryimage"},"thumbnailUrl":"https:\/\/alegerglobal.com\/wp-content\/uploads\/2019\/01\/Unbenannt-10.jpg","datePublished":"2022-05-13T06:30:30+00:00","dateModified":"2022-05-13T06:30:30+00:00","breadcrumb":{"@id":"https:\/\/alegerglobal.com\/it\/shop-it\/vh-tpro-x2-presa-di-bordo-per-auto\/#breadcrumb"},"inLanguage":"it-IT","potentialAction":[{"@type":"ReadAction","target":["https:\/\/alegerglobal.com\/it\/shop-it\/vh-tpro-x2-presa-di-bordo-per-auto\/"]}]},{"@type":"ImageObject","inLanguage":"it-IT","@id":"https:\/\/alegerglobal.com\/it\/shop-it\/vh-tpro-x2-presa-di-bordo-per-auto\/#primaryimage","url":"https:\/\/alegerglobal.com\/wp-content\/uploads\/2019\/01\/Unbenannt-10.jpg","contentUrl":"https:\/\/alegerglobal.com\/wp-content\/uploads\/2019\/01\/Unbenannt-10.jpg","width":800,"height":800},{"@type":"BreadcrumbList","@id":"https:\/\/alegerglobal.com\/it\/shop-it\/vh-tpro-x2-presa-di-bordo-per-auto\/#breadcrumb","itemListElement":[{"@type":"ListItem","position":1,"name":"Home","item":"https:\/\/alegerglobal.com\/it\/novita-homepage\/"},{"@type":"ListItem","position":2,"name":"Prodotti","item":"https:\/\/alegerglobal.com\/it\/prodotti\/"},{"@type":"ListItem","position":3,"name":"VH TPRO X2 (presa di bordo per auto)"}]},{"@type":"WebSite","@id":"https:\/\/alegerglobal.com\/it\/#website","url":"https:\/\/alegerglobal.com\/it\/","name":"ALEGER \u22c6 Augmented Reality","description":"Die besten Augmented Reality (AR) L\u00f6sungen der Welt.","publisher":{"@id":"https:\/\/alegerglobal.com\/it\/#organization"},"potentialAction":[{"@type":"SearchAction","target":{"@type":"EntryPoint","urlTemplate":"https:\/\/alegerglobal.com\/it\/?s={search_term_string}"},"query-input":{"@type":"PropertyValueSpecification","valueRequired":true,"valueName":"search_term_string"}}],"inLanguage":"it-IT"},{"@type":"Organization","@id":"https:\/\/alegerglobal.com\/it\/#organization","name":"ALEGER \u22c6 Augmented Reality","url":"https:\/\/alegerglobal.com\/it\/","logo":{"@type":"ImageObject","inLanguage":"it-IT","@id":"https:\/\/alegerglobal.com\/it\/#\/schema\/logo\/image\/","url":"https:\/\/alegerglobal.com\/wp-content\/uploads\/2020\/12\/aleger-logo-quadrat.jpg","contentUrl":"https:\/\/alegerglobal.com\/wp-content\/uploads\/2020\/12\/aleger-logo-quadrat.jpg","width":200,"height":176,"caption":"ALEGER \u22c6 Augmented Reality"},"image":{"@id":"https:\/\/alegerglobal.com\/it\/#\/schema\/logo\/image\/"}}]},"product_brand":"Ecom","product_price_amount":"356.99","product_price_currency":"EUR","og_availability":"instock","product_availability":"instock","product_condition":"new"},"_links":{"self":[{"href":"https:\/\/alegerglobal.com\/it\/wp-json\/wp\/v2\/product\/30429","targetHints":{"allow":["GET"]}}],"collection":[{"href":"https:\/\/alegerglobal.com\/it\/wp-json\/wp\/v2\/product"}],"about":[{"href":"https:\/\/alegerglobal.com\/it\/wp-json\/wp\/v2\/types\/product"}],"replies":[{"embeddable":true,"href":"https:\/\/alegerglobal.com\/it\/wp-json\/wp\/v2\/comments?post=30429"}],"version-history":[{"count":1,"href":"https:\/\/alegerglobal.com\/it\/wp-json\/wp\/v2\/product\/30429\/revisions"}],"predecessor-version":[{"id":30431,"href":"https:\/\/alegerglobal.com\/it\/wp-json\/wp\/v2\/product\/30429\/revisions\/30431"}],"wp:featuredmedia":[{"embeddable":true,"href":"https:\/\/alegerglobal.com\/it\/wp-json\/wp\/v2\/media\/18963"}],"wp:attachment":[{"href":"https:\/\/alegerglobal.com\/it\/wp-json\/wp\/v2\/media?parent=30429"}],"wp:term":[{"taxonomy":"product_brand","embeddable":true,"href":"https:\/\/alegerglobal.com\/it\/wp-json\/wp\/v2\/product_brand?post=30429"},{"taxonomy":"product_cat","embeddable":true,"href":"https:\/\/alegerglobal.com\/it\/wp-json\/wp\/v2\/product_cat?post=30429"},{"taxonomy":"product_tag","embeddable":true,"href":"https:\/\/alegerglobal.com\/it\/wp-json\/wp\/v2\/product_tag?post=30429"}],"curies":[{"name":"wp","href":"https:\/\/api.w.org\/{rel}","templated":true}]}}