{"id":53281,"date":"2026-03-06T14:08:34","date_gmt":"2026-03-06T13:08:35","guid":{"rendered":"https:\/\/alegerglobal.com\/?post_type=product&#038;p=53281"},"modified":"2026-03-19T18:56:19","modified_gmt":"2026-03-19T17:56:19","slug":"osmo-nano-camera-daction-portable-4k-ultralegere-kopie","status":"publish","type":"product","link":"https:\/\/alegerglobal.com\/fr\/shop-fr\/osmo-nano-camera-daction-portable-4k-ultralegere-kopie\/","title":{"rendered":"ALEGER XR 500 AR Lunettes intelligentes &#8211; image thermique, sonar &amp; cam\u00e9ra 48MP"},"content":{"rendered":"","protected":false},"excerpt":{"rendered":"<p data-start=\"619\" data-end=\"996\">Les lunettes <strong data-start=\"623\" data-end=\"640\">ALEGER XR 500<\/strong> sont des lunettes intelligentes AR innovantes qui combinent des capteurs et une technologie d&rsquo;IA de pointe pour \u00e9largir votre perception. Gr\u00e2ce \u00e0 l&rsquo;\u00e9cran de r\u00e9alit\u00e9 augment\u00e9e int\u00e9gr\u00e9, vous obtenez des informations importantes directement dans votre champ de vision, tandis que des modules puissants tels que la cam\u00e9ra thermique, le sondeur de p\u00eache ou l&rsquo;endoscope vous permettent d&rsquo;avoir un aper\u00e7u suppl\u00e9mentaire.<\/p>\n<p data-start=\"998\" data-end=\"1361\">L&rsquo;ALEGER XR 500 fournit des donn\u00e9es pr\u00e9cises en temps r\u00e9el et permet de travailler les mains libres. La cam\u00e9ra 48 MP int\u00e9gr\u00e9e, la reconnaissance d&rsquo;objets par IA et la commande vocale en font un outil high-tech polyvalent pour les professionnels et les explorateurs.<\/p>\n","protected":false},"featured_media":53301,"comment_status":"open","ping_status":"closed","template":"","meta":{"_acf_changed":false},"product_brand":[],"product_cat":[661,601],"product_tag":[],"class_list":{"0":"post-53281","1":"product","2":"type-product","3":"status-publish","4":"has-post-thumbnail","6":"product_cat-lunettes-intelligentes","7":"product_cat-shop-fr","8":"pa_hersteller-getac-fr","10":"first","11":"instock","12":"taxable","13":"shipping-taxable","14":"product-type-simple"},"acf":[],"yoast_head":"<!-- This site is optimized with the Yoast SEO Premium plugin v20.10 (Yoast SEO v24.3) - https:\/\/yoast.com\/wordpress\/plugins\/seo\/ -->\n<title>ALEGER XR 500 AR Lunettes intelligentes - image thermique &amp; cam\u00e9ra 48MP<\/title>\n<meta name=\"description\" content=\"Les lunettes intelligentes ALEGER XR 500 AR combinent une cam\u00e9ra 48MP et la reconnaissance de l&#039;IA dans des lunettes modulaires de haute technologie. Id\u00e9ales pour les inspections techniques - avec un \u00e9cran AR et une utilisation mains libres.\" \/>\n<meta name=\"robots\" content=\"index, follow, max-snippet:-1, max-image-preview:large, max-video-preview:-1\" \/>\n<meta property=\"og:locale\" content=\"fr_FR\" \/>\n<meta property=\"og:type\" content=\"article\" \/>\n<meta property=\"og:title\" content=\"ALEGER XR 500 AR Lunettes intelligentes - image thermique, sonar &amp; cam\u00e9ra 48MP\" \/>\n<meta property=\"og:description\" content=\"Les lunettes intelligentes ALEGER XR 500 AR combinent une cam\u00e9ra 48MP et la reconnaissance de l&#039;IA dans des lunettes modulaires de haute technologie. Id\u00e9ales pour les inspections techniques - avec un \u00e9cran AR et une utilisation mains libres.\" \/>\n<meta property=\"og:url\" content=\"https:\/\/alegerglobal.com\/fr\/shop-fr\/osmo-nano-camera-daction-portable-4k-ultralegere-kopie\/\" \/>\n<meta property=\"og:site_name\" content=\"ALEGER \u22c6 Augmented Reality\" \/>\n<meta property=\"article:modified_time\" content=\"2026-03-19T17:56:19+00:00\" \/>\n<meta property=\"og:image\" content=\"https:\/\/alegerglobal.com\/wp-content\/uploads\/2026\/03\/ALEGER-XR-500-1.png\" \/>\n\t<meta property=\"og:image:width\" content=\"800\" \/>\n\t<meta property=\"og:image:height\" content=\"800\" \/>\n\t<meta property=\"og:image:type\" content=\"image\/png\" \/>\n<meta name=\"twitter:card\" content=\"summary_large_image\" \/>\n<meta name=\"twitter:label1\" content=\"Prix\" \/>\n\t<meta name=\"twitter:data1\" content=\"\" \/>\n\t<meta name=\"twitter:label2\" content=\"Disponibilit\u00e9\" \/>\n\t<meta name=\"twitter:data2\" content=\"En stock\" \/>\n<script type=\"application\/ld+json\" class=\"yoast-schema-graph\">{\"@context\":\"https:\/\/schema.org\",\"@graph\":[{\"@type\":\"WebPage\",\"@id\":\"https:\/\/alegerglobal.com\/fr\/shop-fr\/osmo-nano-camera-daction-portable-4k-ultralegere-kopie\/\",\"url\":\"https:\/\/alegerglobal.com\/fr\/shop-fr\/osmo-nano-camera-daction-portable-4k-ultralegere-kopie\/\",\"name\":\"ALEGER XR 500 AR Lunettes intelligentes - image thermique & cam\u00e9ra 48MP\",\"isPartOf\":{\"@id\":\"https:\/\/alegerglobal.com\/fr\/#website\"},\"primaryImageOfPage\":{\"@id\":\"https:\/\/alegerglobal.com\/fr\/shop-fr\/osmo-nano-camera-daction-portable-4k-ultralegere-kopie\/#primaryimage\"},\"image\":{\"@id\":\"https:\/\/alegerglobal.com\/fr\/shop-fr\/osmo-nano-camera-daction-portable-4k-ultralegere-kopie\/#primaryimage\"},\"thumbnailUrl\":\"https:\/\/alegerglobal.com\/wp-content\/uploads\/2026\/03\/ALEGER-XR-500-1.png\",\"datePublished\":\"2026-03-06T13:08:35+00:00\",\"dateModified\":\"2026-03-19T17:56:19+00:00\",\"description\":\"Les lunettes intelligentes ALEGER XR 500 AR combinent une cam\u00e9ra 48MP et la reconnaissance de l'IA dans des lunettes modulaires de haute technologie. Id\u00e9ales pour les inspections techniques - avec un \u00e9cran AR et une utilisation mains libres.\",\"breadcrumb\":{\"@id\":\"https:\/\/alegerglobal.com\/fr\/shop-fr\/osmo-nano-camera-daction-portable-4k-ultralegere-kopie\/#breadcrumb\"},\"inLanguage\":\"fr-FR\",\"potentialAction\":[{\"@type\":\"ReadAction\",\"target\":[\"https:\/\/alegerglobal.com\/fr\/shop-fr\/osmo-nano-camera-daction-portable-4k-ultralegere-kopie\/\"]}]},{\"@type\":\"ImageObject\",\"inLanguage\":\"fr-FR\",\"@id\":\"https:\/\/alegerglobal.com\/fr\/shop-fr\/osmo-nano-camera-daction-portable-4k-ultralegere-kopie\/#primaryimage\",\"url\":\"https:\/\/alegerglobal.com\/wp-content\/uploads\/2026\/03\/ALEGER-XR-500-1.png\",\"contentUrl\":\"https:\/\/alegerglobal.com\/wp-content\/uploads\/2026\/03\/ALEGER-XR-500-1.png\",\"width\":800,\"height\":800},{\"@type\":\"BreadcrumbList\",\"@id\":\"https:\/\/alegerglobal.com\/fr\/shop-fr\/osmo-nano-camera-daction-portable-4k-ultralegere-kopie\/#breadcrumb\",\"itemListElement\":[{\"@type\":\"ListItem\",\"position\":1,\"name\":\"Home\",\"item\":\"https:\/\/alegerglobal.com\/fr\/new-page-daccueil\/\"},{\"@type\":\"ListItem\",\"position\":2,\"name\":\"Produits\",\"item\":\"https:\/\/alegerglobal.com\/fr\/produits\/\"},{\"@type\":\"ListItem\",\"position\":3,\"name\":\"ALEGER XR 500 AR Lunettes intelligentes &#8211; image thermique, sonar &amp; cam\u00e9ra 48MP\"}]},{\"@type\":\"WebSite\",\"@id\":\"https:\/\/alegerglobal.com\/fr\/#website\",\"url\":\"https:\/\/alegerglobal.com\/fr\/\",\"name\":\"ALEGER \u22c6 Augmented Reality\",\"description\":\"Die besten Augmented Reality (AR) L\u00f6sungen der Welt.\",\"publisher\":{\"@id\":\"https:\/\/alegerglobal.com\/fr\/#organization\"},\"potentialAction\":[{\"@type\":\"SearchAction\",\"target\":{\"@type\":\"EntryPoint\",\"urlTemplate\":\"https:\/\/alegerglobal.com\/fr\/?s={search_term_string}\"},\"query-input\":{\"@type\":\"PropertyValueSpecification\",\"valueRequired\":true,\"valueName\":\"search_term_string\"}}],\"inLanguage\":\"fr-FR\"},{\"@type\":\"Organization\",\"@id\":\"https:\/\/alegerglobal.com\/fr\/#organization\",\"name\":\"ALEGER \u22c6 Augmented Reality\",\"url\":\"https:\/\/alegerglobal.com\/fr\/\",\"logo\":{\"@type\":\"ImageObject\",\"inLanguage\":\"fr-FR\",\"@id\":\"https:\/\/alegerglobal.com\/fr\/#\/schema\/logo\/image\/\",\"url\":\"https:\/\/alegerglobal.com\/wp-content\/uploads\/2020\/12\/aleger-logo-quadrat.jpg\",\"contentUrl\":\"https:\/\/alegerglobal.com\/wp-content\/uploads\/2020\/12\/aleger-logo-quadrat.jpg\",\"width\":200,\"height\":176,\"caption\":\"ALEGER \u22c6 Augmented Reality\"},\"image\":{\"@id\":\"https:\/\/alegerglobal.com\/fr\/#\/schema\/logo\/image\/\"}}]}<\/script>\n<meta property=\"product:brand\" content=\"Getac\" \/>\n<meta property=\"product:price:amount\" content=\"0.00\" \/>\n<meta property=\"product:price:currency\" content=\"EUR\" \/>\n<meta property=\"og:availability\" content=\"instock\" \/>\n<meta property=\"product:availability\" content=\"instock\" \/>\n<meta property=\"product:condition\" content=\"new\" \/>\n<!-- \/ Yoast SEO Premium plugin. -->","yoast_head_json":{"title":"ALEGER XR 500 AR Lunettes intelligentes - image thermique & cam\u00e9ra 48MP","description":"Les lunettes intelligentes ALEGER XR 500 AR combinent une cam\u00e9ra 48MP et la reconnaissance de l'IA dans des lunettes modulaires de haute technologie. Id\u00e9ales pour les inspections techniques - avec un \u00e9cran AR et une utilisation mains libres.","robots":{"index":"index","follow":"follow","max-snippet":"max-snippet:-1","max-image-preview":"max-image-preview:large","max-video-preview":"max-video-preview:-1"},"og_locale":"fr_FR","og_type":"article","og_title":"ALEGER XR 500 AR Lunettes intelligentes - image thermique, sonar &amp; cam\u00e9ra 48MP","og_description":"Les lunettes intelligentes ALEGER XR 500 AR combinent une cam\u00e9ra 48MP et la reconnaissance de l'IA dans des lunettes modulaires de haute technologie. Id\u00e9ales pour les inspections techniques - avec un \u00e9cran AR et une utilisation mains libres.","og_url":"https:\/\/alegerglobal.com\/fr\/shop-fr\/osmo-nano-camera-daction-portable-4k-ultralegere-kopie\/","og_site_name":"ALEGER \u22c6 Augmented Reality","article_modified_time":"2026-03-19T17:56:19+00:00","og_image":[{"width":800,"height":800,"url":"https:\/\/alegerglobal.com\/wp-content\/uploads\/2026\/03\/ALEGER-XR-500-1.png","type":"image\/png"}],"twitter_card":"summary_large_image","twitter_misc":{"Prix":"","Disponibilit\u00e9":"En stock"},"schema":{"@context":"https:\/\/schema.org","@graph":[{"@type":"WebPage","@id":"https:\/\/alegerglobal.com\/fr\/shop-fr\/osmo-nano-camera-daction-portable-4k-ultralegere-kopie\/","url":"https:\/\/alegerglobal.com\/fr\/shop-fr\/osmo-nano-camera-daction-portable-4k-ultralegere-kopie\/","name":"ALEGER XR 500 AR Lunettes intelligentes - image thermique & cam\u00e9ra 48MP","isPartOf":{"@id":"https:\/\/alegerglobal.com\/fr\/#website"},"primaryImageOfPage":{"@id":"https:\/\/alegerglobal.com\/fr\/shop-fr\/osmo-nano-camera-daction-portable-4k-ultralegere-kopie\/#primaryimage"},"image":{"@id":"https:\/\/alegerglobal.com\/fr\/shop-fr\/osmo-nano-camera-daction-portable-4k-ultralegere-kopie\/#primaryimage"},"thumbnailUrl":"https:\/\/alegerglobal.com\/wp-content\/uploads\/2026\/03\/ALEGER-XR-500-1.png","datePublished":"2026-03-06T13:08:35+00:00","dateModified":"2026-03-19T17:56:19+00:00","description":"Les lunettes intelligentes ALEGER XR 500 AR combinent une cam\u00e9ra 48MP et la reconnaissance de l'IA dans des lunettes modulaires de haute technologie. Id\u00e9ales pour les inspections techniques - avec un \u00e9cran AR et une utilisation mains libres.","breadcrumb":{"@id":"https:\/\/alegerglobal.com\/fr\/shop-fr\/osmo-nano-camera-daction-portable-4k-ultralegere-kopie\/#breadcrumb"},"inLanguage":"fr-FR","potentialAction":[{"@type":"ReadAction","target":["https:\/\/alegerglobal.com\/fr\/shop-fr\/osmo-nano-camera-daction-portable-4k-ultralegere-kopie\/"]}]},{"@type":"ImageObject","inLanguage":"fr-FR","@id":"https:\/\/alegerglobal.com\/fr\/shop-fr\/osmo-nano-camera-daction-portable-4k-ultralegere-kopie\/#primaryimage","url":"https:\/\/alegerglobal.com\/wp-content\/uploads\/2026\/03\/ALEGER-XR-500-1.png","contentUrl":"https:\/\/alegerglobal.com\/wp-content\/uploads\/2026\/03\/ALEGER-XR-500-1.png","width":800,"height":800},{"@type":"BreadcrumbList","@id":"https:\/\/alegerglobal.com\/fr\/shop-fr\/osmo-nano-camera-daction-portable-4k-ultralegere-kopie\/#breadcrumb","itemListElement":[{"@type":"ListItem","position":1,"name":"Home","item":"https:\/\/alegerglobal.com\/fr\/new-page-daccueil\/"},{"@type":"ListItem","position":2,"name":"Produits","item":"https:\/\/alegerglobal.com\/fr\/produits\/"},{"@type":"ListItem","position":3,"name":"ALEGER XR 500 AR Lunettes intelligentes &#8211; image thermique, sonar &amp; cam\u00e9ra 48MP"}]},{"@type":"WebSite","@id":"https:\/\/alegerglobal.com\/fr\/#website","url":"https:\/\/alegerglobal.com\/fr\/","name":"ALEGER \u22c6 Augmented Reality","description":"Die besten Augmented Reality (AR) L\u00f6sungen der Welt.","publisher":{"@id":"https:\/\/alegerglobal.com\/fr\/#organization"},"potentialAction":[{"@type":"SearchAction","target":{"@type":"EntryPoint","urlTemplate":"https:\/\/alegerglobal.com\/fr\/?s={search_term_string}"},"query-input":{"@type":"PropertyValueSpecification","valueRequired":true,"valueName":"search_term_string"}}],"inLanguage":"fr-FR"},{"@type":"Organization","@id":"https:\/\/alegerglobal.com\/fr\/#organization","name":"ALEGER \u22c6 Augmented Reality","url":"https:\/\/alegerglobal.com\/fr\/","logo":{"@type":"ImageObject","inLanguage":"fr-FR","@id":"https:\/\/alegerglobal.com\/fr\/#\/schema\/logo\/image\/","url":"https:\/\/alegerglobal.com\/wp-content\/uploads\/2020\/12\/aleger-logo-quadrat.jpg","contentUrl":"https:\/\/alegerglobal.com\/wp-content\/uploads\/2020\/12\/aleger-logo-quadrat.jpg","width":200,"height":176,"caption":"ALEGER \u22c6 Augmented Reality"},"image":{"@id":"https:\/\/alegerglobal.com\/fr\/#\/schema\/logo\/image\/"}}]},"product_brand":"Getac","product_price_amount":"0.00","product_price_currency":"EUR","og_availability":"instock","product_availability":"instock","product_condition":"new"},"_links":{"self":[{"href":"https:\/\/alegerglobal.com\/fr\/wp-json\/wp\/v2\/product\/53281","targetHints":{"allow":["GET"]}}],"collection":[{"href":"https:\/\/alegerglobal.com\/fr\/wp-json\/wp\/v2\/product"}],"about":[{"href":"https:\/\/alegerglobal.com\/fr\/wp-json\/wp\/v2\/types\/product"}],"replies":[{"embeddable":true,"href":"https:\/\/alegerglobal.com\/fr\/wp-json\/wp\/v2\/comments?post=53281"}],"version-history":[{"count":3,"href":"https:\/\/alegerglobal.com\/fr\/wp-json\/wp\/v2\/product\/53281\/revisions"}],"predecessor-version":[{"id":53938,"href":"https:\/\/alegerglobal.com\/fr\/wp-json\/wp\/v2\/product\/53281\/revisions\/53938"}],"wp:featuredmedia":[{"embeddable":true,"href":"https:\/\/alegerglobal.com\/fr\/wp-json\/wp\/v2\/media\/53301"}],"wp:attachment":[{"href":"https:\/\/alegerglobal.com\/fr\/wp-json\/wp\/v2\/media?parent=53281"}],"wp:term":[{"taxonomy":"product_brand","embeddable":true,"href":"https:\/\/alegerglobal.com\/fr\/wp-json\/wp\/v2\/product_brand?post=53281"},{"taxonomy":"product_cat","embeddable":true,"href":"https:\/\/alegerglobal.com\/fr\/wp-json\/wp\/v2\/product_cat?post=53281"},{"taxonomy":"product_tag","embeddable":true,"href":"https:\/\/alegerglobal.com\/fr\/wp-json\/wp\/v2\/product_tag?post=53281"}],"curies":[{"name":"wp","href":"https:\/\/api.w.org\/{rel}","templated":true}]}}