{"id":52682,"date":"2026-02-23T16:23:06","date_gmt":"2026-02-23T15:23:07","guid":{"rendered":"https:\/\/alegerglobal.com\/?post_type=product&#038;p=52682"},"modified":"2026-03-19T18:56:38","modified_gmt":"2026-03-19T17:56:38","slug":"getac-zx70-ex-tablette-antideflagrante-atex-zone-2-ecran-7-pouces-android-9-ip67-mil-std-810h-kopie-kopie-kopie-kopie-kopie","status":"publish","type":"product","link":"https:\/\/alegerglobal.com\/fr\/shop-fr\/gadgets-fr\/getac-zx70-ex-tablette-antideflagrante-atex-zone-2-ecran-7-pouces-android-9-ip67-mil-std-810h-kopie-kopie-kopie-kopie-kopie\/","title":{"rendered":"Osmo Nano &#8211; Cam\u00e9ra d&rsquo;action portable 4K ultral\u00e9g\u00e8re"},"content":{"rendered":"","protected":false},"excerpt":{"rendered":"<p data-start=\"683\" data-end=\"1119\">L&rsquo;<strong data-start=\"3278\" data-end=\"3295\">Osmo Nano<\/strong> est une cam\u00e9ra d&rsquo;action 4K ultral\u00e9g\u00e8re et portable, con\u00e7ue pour capturer vos aventures avec des images vivantes et stabilis\u00e9es, que vous soyez en train de faire du sport, en d\u00e9placement ou en tant que contenu POV. Gr\u00e2ce \u00e0 son design magn\u00e9tique \u00e0 double monture, elle se fixe de mani\u00e8re flexible sur les casques, les casquettes ou les \u00e9quipements et passe d&rsquo;une perspective \u00e0 l&rsquo;autre en un clin d&rsquo;\u0153il. \u00c9quip\u00e9 d&rsquo;un capteur puissant, d&rsquo;une stabilisation d&rsquo;image avanc\u00e9e, d&rsquo;un mode SuperNight et d&rsquo;un Vision Dock polyvalent, l&rsquo;Osmo Nano offre une libert\u00e9 de cr\u00e9ation aux cr\u00e9ateurs qui privil\u00e9gient la compacit\u00e9 et les r\u00e9sultats professionnels.<\/p>\n","protected":false},"featured_media":52708,"comment_status":"open","ping_status":"closed","template":"","meta":{"_acf_changed":false},"product_brand":[],"product_cat":[624,601],"product_tag":[],"class_list":{"0":"post-52682","1":"product","2":"type-product","3":"status-publish","4":"has-post-thumbnail","6":"product_cat-gadgets-fr","7":"product_cat-shop-fr","8":"pa_hersteller-getac-fr","10":"first","11":"instock","12":"taxable","13":"shipping-taxable","14":"product-type-simple"},"acf":[],"yoast_head":"<!-- This site is optimized with the Yoast SEO Premium plugin v20.10 (Yoast SEO v24.3) - https:\/\/yoast.com\/wordpress\/plugins\/seo\/ -->\n<title>DJI Osmo Nano - Cam\u00e9ra d&#039;action portable 4K ultral\u00e9g\u00e8re<\/title>\n<meta name=\"description\" content=\"Cam\u00e9ra portable magn\u00e9tique 4K avec ultra grand angle de 143\u00b0, stabilisation RockSteady, mode SuperNight et options de montage polyvalentes - parfaite pour l&#039;aventure &amp; le contenu POV.\" \/>\n<meta name=\"robots\" content=\"index, follow, max-snippet:-1, max-image-preview:large, max-video-preview:-1\" \/>\n<meta property=\"og:locale\" content=\"fr_FR\" \/>\n<meta property=\"og:type\" content=\"article\" \/>\n<meta property=\"og:title\" content=\"Osmo Nano - Cam\u00e9ra d&#039;action portable 4K ultral\u00e9g\u00e8re\" \/>\n<meta property=\"og:description\" content=\"Cam\u00e9ra portable magn\u00e9tique 4K avec ultra grand angle de 143\u00b0, stabilisation RockSteady, mode SuperNight et options de montage polyvalentes - parfaite pour l&#039;aventure &amp; le contenu POV.\" \/>\n<meta property=\"og:url\" content=\"https:\/\/alegerglobal.com\/fr\/shop-fr\/gadgets-fr\/getac-zx70-ex-tablette-antideflagrante-atex-zone-2-ecran-7-pouces-android-9-ip67-mil-std-810h-kopie-kopie-kopie-kopie-kopie\/\" \/>\n<meta property=\"og:site_name\" content=\"ALEGER \u22c6 Augmented Reality\" \/>\n<meta property=\"article:modified_time\" content=\"2026-03-19T17:56:38+00:00\" \/>\n<meta property=\"og:image\" content=\"https:\/\/alegerglobal.com\/wp-content\/uploads\/2026\/02\/Produktbild-800x800-1.png\" \/>\n\t<meta property=\"og:image:width\" content=\"800\" \/>\n\t<meta property=\"og:image:height\" content=\"800\" \/>\n\t<meta property=\"og:image:type\" content=\"image\/png\" \/>\n<meta name=\"twitter:card\" content=\"summary_large_image\" \/>\n<meta name=\"twitter:label1\" content=\"Prix\" \/>\n\t<meta name=\"twitter:data1\" content=\"\" \/>\n\t<meta name=\"twitter:label2\" content=\"Disponibilit\u00e9\" \/>\n\t<meta name=\"twitter:data2\" content=\"En stock\" \/>\n<script type=\"application\/ld+json\" class=\"yoast-schema-graph\">{\"@context\":\"https:\/\/schema.org\",\"@graph\":[{\"@type\":\"WebPage\",\"@id\":\"https:\/\/alegerglobal.com\/fr\/shop-fr\/gadgets-fr\/getac-zx70-ex-tablette-antideflagrante-atex-zone-2-ecran-7-pouces-android-9-ip67-mil-std-810h-kopie-kopie-kopie-kopie-kopie\/\",\"url\":\"https:\/\/alegerglobal.com\/fr\/shop-fr\/gadgets-fr\/getac-zx70-ex-tablette-antideflagrante-atex-zone-2-ecran-7-pouces-android-9-ip67-mil-std-810h-kopie-kopie-kopie-kopie-kopie\/\",\"name\":\"DJI Osmo Nano - Cam\u00e9ra d'action portable 4K ultral\u00e9g\u00e8re\",\"isPartOf\":{\"@id\":\"https:\/\/alegerglobal.com\/fr\/#website\"},\"primaryImageOfPage\":{\"@id\":\"https:\/\/alegerglobal.com\/fr\/shop-fr\/gadgets-fr\/getac-zx70-ex-tablette-antideflagrante-atex-zone-2-ecran-7-pouces-android-9-ip67-mil-std-810h-kopie-kopie-kopie-kopie-kopie\/#primaryimage\"},\"image\":{\"@id\":\"https:\/\/alegerglobal.com\/fr\/shop-fr\/gadgets-fr\/getac-zx70-ex-tablette-antideflagrante-atex-zone-2-ecran-7-pouces-android-9-ip67-mil-std-810h-kopie-kopie-kopie-kopie-kopie\/#primaryimage\"},\"thumbnailUrl\":\"https:\/\/alegerglobal.com\/wp-content\/uploads\/2026\/02\/Produktbild-800x800-1.png\",\"datePublished\":\"2026-02-23T15:23:07+00:00\",\"dateModified\":\"2026-03-19T17:56:38+00:00\",\"description\":\"Cam\u00e9ra portable magn\u00e9tique 4K avec ultra grand angle de 143\u00b0, stabilisation RockSteady, mode SuperNight et options de montage polyvalentes - parfaite pour l'aventure & le contenu POV.\",\"breadcrumb\":{\"@id\":\"https:\/\/alegerglobal.com\/fr\/shop-fr\/gadgets-fr\/getac-zx70-ex-tablette-antideflagrante-atex-zone-2-ecran-7-pouces-android-9-ip67-mil-std-810h-kopie-kopie-kopie-kopie-kopie\/#breadcrumb\"},\"inLanguage\":\"fr-FR\",\"potentialAction\":[{\"@type\":\"ReadAction\",\"target\":[\"https:\/\/alegerglobal.com\/fr\/shop-fr\/gadgets-fr\/getac-zx70-ex-tablette-antideflagrante-atex-zone-2-ecran-7-pouces-android-9-ip67-mil-std-810h-kopie-kopie-kopie-kopie-kopie\/\"]}]},{\"@type\":\"ImageObject\",\"inLanguage\":\"fr-FR\",\"@id\":\"https:\/\/alegerglobal.com\/fr\/shop-fr\/gadgets-fr\/getac-zx70-ex-tablette-antideflagrante-atex-zone-2-ecran-7-pouces-android-9-ip67-mil-std-810h-kopie-kopie-kopie-kopie-kopie\/#primaryimage\",\"url\":\"https:\/\/alegerglobal.com\/wp-content\/uploads\/2026\/02\/Produktbild-800x800-1.png\",\"contentUrl\":\"https:\/\/alegerglobal.com\/wp-content\/uploads\/2026\/02\/Produktbild-800x800-1.png\",\"width\":800,\"height\":800,\"caption\":\"wearable-4k-kamera\"},{\"@type\":\"BreadcrumbList\",\"@id\":\"https:\/\/alegerglobal.com\/fr\/shop-fr\/gadgets-fr\/getac-zx70-ex-tablette-antideflagrante-atex-zone-2-ecran-7-pouces-android-9-ip67-mil-std-810h-kopie-kopie-kopie-kopie-kopie\/#breadcrumb\",\"itemListElement\":[{\"@type\":\"ListItem\",\"position\":1,\"name\":\"Home\",\"item\":\"https:\/\/alegerglobal.com\/fr\/new-page-daccueil\/\"},{\"@type\":\"ListItem\",\"position\":2,\"name\":\"Produits\",\"item\":\"https:\/\/alegerglobal.com\/fr\/produits\/\"},{\"@type\":\"ListItem\",\"position\":3,\"name\":\"Osmo Nano &#8211; Cam\u00e9ra d&#8217;action portable 4K ultral\u00e9g\u00e8re\"}]},{\"@type\":\"WebSite\",\"@id\":\"https:\/\/alegerglobal.com\/fr\/#website\",\"url\":\"https:\/\/alegerglobal.com\/fr\/\",\"name\":\"ALEGER \u22c6 Augmented Reality\",\"description\":\"Die besten Augmented Reality (AR) L\u00f6sungen der Welt.\",\"publisher\":{\"@id\":\"https:\/\/alegerglobal.com\/fr\/#organization\"},\"potentialAction\":[{\"@type\":\"SearchAction\",\"target\":{\"@type\":\"EntryPoint\",\"urlTemplate\":\"https:\/\/alegerglobal.com\/fr\/?s={search_term_string}\"},\"query-input\":{\"@type\":\"PropertyValueSpecification\",\"valueRequired\":true,\"valueName\":\"search_term_string\"}}],\"inLanguage\":\"fr-FR\"},{\"@type\":\"Organization\",\"@id\":\"https:\/\/alegerglobal.com\/fr\/#organization\",\"name\":\"ALEGER \u22c6 Augmented Reality\",\"url\":\"https:\/\/alegerglobal.com\/fr\/\",\"logo\":{\"@type\":\"ImageObject\",\"inLanguage\":\"fr-FR\",\"@id\":\"https:\/\/alegerglobal.com\/fr\/#\/schema\/logo\/image\/\",\"url\":\"https:\/\/alegerglobal.com\/wp-content\/uploads\/2020\/12\/aleger-logo-quadrat.jpg\",\"contentUrl\":\"https:\/\/alegerglobal.com\/wp-content\/uploads\/2020\/12\/aleger-logo-quadrat.jpg\",\"width\":200,\"height\":176,\"caption\":\"ALEGER \u22c6 Augmented Reality\"},\"image\":{\"@id\":\"https:\/\/alegerglobal.com\/fr\/#\/schema\/logo\/image\/\"}}]}<\/script>\n<meta property=\"product:brand\" content=\"Getac\" \/>\n<meta property=\"product:price:amount\" content=\"0.00\" \/>\n<meta property=\"product:price:currency\" content=\"EUR\" \/>\n<meta property=\"og:availability\" content=\"instock\" \/>\n<meta property=\"product:availability\" content=\"instock\" \/>\n<meta property=\"product:condition\" content=\"new\" \/>\n<!-- \/ Yoast SEO Premium plugin. -->","yoast_head_json":{"title":"DJI Osmo Nano - Cam\u00e9ra d'action portable 4K ultral\u00e9g\u00e8re","description":"Cam\u00e9ra portable magn\u00e9tique 4K avec ultra grand angle de 143\u00b0, stabilisation RockSteady, mode SuperNight et options de montage polyvalentes - parfaite pour l'aventure & le contenu POV.","robots":{"index":"index","follow":"follow","max-snippet":"max-snippet:-1","max-image-preview":"max-image-preview:large","max-video-preview":"max-video-preview:-1"},"og_locale":"fr_FR","og_type":"article","og_title":"Osmo Nano - Cam\u00e9ra d'action portable 4K ultral\u00e9g\u00e8re","og_description":"Cam\u00e9ra portable magn\u00e9tique 4K avec ultra grand angle de 143\u00b0, stabilisation RockSteady, mode SuperNight et options de montage polyvalentes - parfaite pour l'aventure & le contenu POV.","og_url":"https:\/\/alegerglobal.com\/fr\/shop-fr\/gadgets-fr\/getac-zx70-ex-tablette-antideflagrante-atex-zone-2-ecran-7-pouces-android-9-ip67-mil-std-810h-kopie-kopie-kopie-kopie-kopie\/","og_site_name":"ALEGER \u22c6 Augmented Reality","article_modified_time":"2026-03-19T17:56:38+00:00","og_image":[{"width":800,"height":800,"url":"https:\/\/alegerglobal.com\/wp-content\/uploads\/2026\/02\/Produktbild-800x800-1.png","type":"image\/png"}],"twitter_card":"summary_large_image","twitter_misc":{"Prix":"","Disponibilit\u00e9":"En stock"},"schema":{"@context":"https:\/\/schema.org","@graph":[{"@type":"WebPage","@id":"https:\/\/alegerglobal.com\/fr\/shop-fr\/gadgets-fr\/getac-zx70-ex-tablette-antideflagrante-atex-zone-2-ecran-7-pouces-android-9-ip67-mil-std-810h-kopie-kopie-kopie-kopie-kopie\/","url":"https:\/\/alegerglobal.com\/fr\/shop-fr\/gadgets-fr\/getac-zx70-ex-tablette-antideflagrante-atex-zone-2-ecran-7-pouces-android-9-ip67-mil-std-810h-kopie-kopie-kopie-kopie-kopie\/","name":"DJI Osmo Nano - Cam\u00e9ra d'action portable 4K ultral\u00e9g\u00e8re","isPartOf":{"@id":"https:\/\/alegerglobal.com\/fr\/#website"},"primaryImageOfPage":{"@id":"https:\/\/alegerglobal.com\/fr\/shop-fr\/gadgets-fr\/getac-zx70-ex-tablette-antideflagrante-atex-zone-2-ecran-7-pouces-android-9-ip67-mil-std-810h-kopie-kopie-kopie-kopie-kopie\/#primaryimage"},"image":{"@id":"https:\/\/alegerglobal.com\/fr\/shop-fr\/gadgets-fr\/getac-zx70-ex-tablette-antideflagrante-atex-zone-2-ecran-7-pouces-android-9-ip67-mil-std-810h-kopie-kopie-kopie-kopie-kopie\/#primaryimage"},"thumbnailUrl":"https:\/\/alegerglobal.com\/wp-content\/uploads\/2026\/02\/Produktbild-800x800-1.png","datePublished":"2026-02-23T15:23:07+00:00","dateModified":"2026-03-19T17:56:38+00:00","description":"Cam\u00e9ra portable magn\u00e9tique 4K avec ultra grand angle de 143\u00b0, stabilisation RockSteady, mode SuperNight et options de montage polyvalentes - parfaite pour l'aventure & le contenu POV.","breadcrumb":{"@id":"https:\/\/alegerglobal.com\/fr\/shop-fr\/gadgets-fr\/getac-zx70-ex-tablette-antideflagrante-atex-zone-2-ecran-7-pouces-android-9-ip67-mil-std-810h-kopie-kopie-kopie-kopie-kopie\/#breadcrumb"},"inLanguage":"fr-FR","potentialAction":[{"@type":"ReadAction","target":["https:\/\/alegerglobal.com\/fr\/shop-fr\/gadgets-fr\/getac-zx70-ex-tablette-antideflagrante-atex-zone-2-ecran-7-pouces-android-9-ip67-mil-std-810h-kopie-kopie-kopie-kopie-kopie\/"]}]},{"@type":"ImageObject","inLanguage":"fr-FR","@id":"https:\/\/alegerglobal.com\/fr\/shop-fr\/gadgets-fr\/getac-zx70-ex-tablette-antideflagrante-atex-zone-2-ecran-7-pouces-android-9-ip67-mil-std-810h-kopie-kopie-kopie-kopie-kopie\/#primaryimage","url":"https:\/\/alegerglobal.com\/wp-content\/uploads\/2026\/02\/Produktbild-800x800-1.png","contentUrl":"https:\/\/alegerglobal.com\/wp-content\/uploads\/2026\/02\/Produktbild-800x800-1.png","width":800,"height":800,"caption":"wearable-4k-kamera"},{"@type":"BreadcrumbList","@id":"https:\/\/alegerglobal.com\/fr\/shop-fr\/gadgets-fr\/getac-zx70-ex-tablette-antideflagrante-atex-zone-2-ecran-7-pouces-android-9-ip67-mil-std-810h-kopie-kopie-kopie-kopie-kopie\/#breadcrumb","itemListElement":[{"@type":"ListItem","position":1,"name":"Home","item":"https:\/\/alegerglobal.com\/fr\/new-page-daccueil\/"},{"@type":"ListItem","position":2,"name":"Produits","item":"https:\/\/alegerglobal.com\/fr\/produits\/"},{"@type":"ListItem","position":3,"name":"Osmo Nano &#8211; Cam\u00e9ra d&#8217;action portable 4K ultral\u00e9g\u00e8re"}]},{"@type":"WebSite","@id":"https:\/\/alegerglobal.com\/fr\/#website","url":"https:\/\/alegerglobal.com\/fr\/","name":"ALEGER \u22c6 Augmented Reality","description":"Die besten Augmented Reality (AR) L\u00f6sungen der Welt.","publisher":{"@id":"https:\/\/alegerglobal.com\/fr\/#organization"},"potentialAction":[{"@type":"SearchAction","target":{"@type":"EntryPoint","urlTemplate":"https:\/\/alegerglobal.com\/fr\/?s={search_term_string}"},"query-input":{"@type":"PropertyValueSpecification","valueRequired":true,"valueName":"search_term_string"}}],"inLanguage":"fr-FR"},{"@type":"Organization","@id":"https:\/\/alegerglobal.com\/fr\/#organization","name":"ALEGER \u22c6 Augmented Reality","url":"https:\/\/alegerglobal.com\/fr\/","logo":{"@type":"ImageObject","inLanguage":"fr-FR","@id":"https:\/\/alegerglobal.com\/fr\/#\/schema\/logo\/image\/","url":"https:\/\/alegerglobal.com\/wp-content\/uploads\/2020\/12\/aleger-logo-quadrat.jpg","contentUrl":"https:\/\/alegerglobal.com\/wp-content\/uploads\/2020\/12\/aleger-logo-quadrat.jpg","width":200,"height":176,"caption":"ALEGER \u22c6 Augmented Reality"},"image":{"@id":"https:\/\/alegerglobal.com\/fr\/#\/schema\/logo\/image\/"}}]},"product_brand":"Getac","product_price_amount":"0.00","product_price_currency":"EUR","og_availability":"instock","product_availability":"instock","product_condition":"new"},"_links":{"self":[{"href":"https:\/\/alegerglobal.com\/fr\/wp-json\/wp\/v2\/product\/52682","targetHints":{"allow":["GET"]}}],"collection":[{"href":"https:\/\/alegerglobal.com\/fr\/wp-json\/wp\/v2\/product"}],"about":[{"href":"https:\/\/alegerglobal.com\/fr\/wp-json\/wp\/v2\/types\/product"}],"replies":[{"embeddable":true,"href":"https:\/\/alegerglobal.com\/fr\/wp-json\/wp\/v2\/comments?post=52682"}],"version-history":[{"count":3,"href":"https:\/\/alegerglobal.com\/fr\/wp-json\/wp\/v2\/product\/52682\/revisions"}],"predecessor-version":[{"id":53941,"href":"https:\/\/alegerglobal.com\/fr\/wp-json\/wp\/v2\/product\/52682\/revisions\/53941"}],"wp:featuredmedia":[{"embeddable":true,"href":"https:\/\/alegerglobal.com\/fr\/wp-json\/wp\/v2\/media\/52708"}],"wp:attachment":[{"href":"https:\/\/alegerglobal.com\/fr\/wp-json\/wp\/v2\/media?parent=52682"}],"wp:term":[{"taxonomy":"product_brand","embeddable":true,"href":"https:\/\/alegerglobal.com\/fr\/wp-json\/wp\/v2\/product_brand?post=52682"},{"taxonomy":"product_cat","embeddable":true,"href":"https:\/\/alegerglobal.com\/fr\/wp-json\/wp\/v2\/product_cat?post=52682"},{"taxonomy":"product_tag","embeddable":true,"href":"https:\/\/alegerglobal.com\/fr\/wp-json\/wp\/v2\/product_tag?post=52682"}],"curies":[{"name":"wp","href":"https:\/\/api.w.org\/{rel}","templated":true}]}}