{"id":51800,"date":"2025-11-02T15:21:23","date_gmt":"2025-11-02T14:21:25","guid":{"rendered":"https:\/\/alegerglobal.com\/?post_type=product&#038;p=51800"},"modified":"2026-03-24T16:22:10","modified_gmt":"2026-03-24T15:22:10","slug":"getac-zx70-ex-tablette-antideflagrante-atex-zone-2-ecran-7-pouces-android-9-ip67-mil-std-810h-kopie-kopie-kopie-kopie-kopie-kopie-kopie","status":"publish","type":"product","link":"https:\/\/alegerglobal.com\/fr\/shop-fr\/gadgets-fr\/getac-zx70-ex-tablette-antideflagrante-atex-zone-2-ecran-7-pouces-android-9-ip67-mil-std-810h-kopie-kopie-kopie-kopie-kopie-kopie-kopie\/","title":{"rendered":"Voir, trouver, saisir &#8211; l&rsquo;Inspectron Grabber combine cam\u00e9ra &amp; outil en un seul appareil"},"content":{"rendered":"","protected":false},"excerpt":{"rendered":"<p data-start=\"524\" data-end=\"995\">L&rsquo;Inspectron Grabber est un outil innovant qui combine une inspection visuelle avec une fonction de r\u00e9cup\u00e9ration directe. Dans les zones \u00e9troites et difficiles d&rsquo;acc\u00e8s &#8211; comme les moteurs, les tuyauteries ou les salles de contr\u00f4le &#8211; cet appareil permet non seulement de localiser des composants ou des objets, mais aussi de les r\u00e9cup\u00e9rer de mani\u00e8re cibl\u00e9e gr\u00e2ce \u00e0 une pince de pr\u00e9hension situ\u00e9e \u00e0 l&rsquo;extr\u00e9mit\u00e9 de la sonde. Cela \u00e9vite les d\u00e9montages fastidieux et les pertes de temps lors de l&rsquo;entretien et de la maintenance.<\/p>\n<p data-start=\"997\" data-end=\"1425\">Dot\u00e9e d&rsquo;une sonde cam\u00e9ra de 18,5 mm (1 m de long), d&rsquo;un \u00e9cran LCD couleur de 2,7\u2033, d&rsquo;une r\u00e9solution d&rsquo;image de 640\u00d7480, d&rsquo;un champ de vision de 80\u00b0, d&rsquo;un zoom num\u00e9rique et d&rsquo;un \u00e9clairage LED \u00e0 six niveaux, la grabber fournit des donn\u00e9es d&rsquo;image claires. Une fois la cible identifi\u00e9e, un geste de d\u00e9clenchement sur la poign\u00e9e permet de d\u00e9ployer les \u00ab\u00a0lignes\u00a0\u00bb de pr\u00e9hension et de saisir l&rsquo;objet. L&rsquo;appareil simplifie ainsi les proc\u00e9dures d&rsquo;inspection, de diagnostic et de r\u00e9cup\u00e9ration sur le terrain.<\/p>\n","protected":false},"featured_media":51820,"comment_status":"open","ping_status":"closed","template":"","meta":{"_acf_changed":false},"product_brand":[],"product_cat":[624,601],"product_tag":[],"class_list":{"0":"post-51800","1":"product","2":"type-product","3":"status-publish","4":"has-post-thumbnail","6":"product_cat-gadgets-fr","7":"product_cat-shop-fr","8":"pa_hersteller-getac-fr","10":"first","11":"instock","12":"taxable","13":"shipping-taxable","14":"purchasable","15":"product-type-simple"},"acf":[],"yoast_head":"<!-- This site is optimized with the Yoast SEO Premium plugin v20.10 (Yoast SEO v24.3) - https:\/\/yoast.com\/wordpress\/plugins\/seo\/ -->\n<title>Inspectron Grabber - outil de pr\u00e9hension pour l&#039;inspection et la r\u00e9cup\u00e9ration<\/title>\n<meta name=\"description\" content=\"L&#039;Inspectron Grabber combine un vid\u00e9oscope et un m\u00e9canisme de pr\u00e9hension et permet de trouver et de r\u00e9cup\u00e9rer des composants en fonction de l&#039;inspection - id\u00e9al pour l&#039;ing\u00e9nierie, la maintenance et l&#039;entretien.\" \/>\n<meta name=\"robots\" content=\"index, follow, max-snippet:-1, max-image-preview:large, max-video-preview:-1\" \/>\n<meta property=\"og:locale\" content=\"fr_FR\" \/>\n<meta property=\"og:type\" content=\"article\" \/>\n<meta property=\"og:title\" content=\"Voir, trouver, saisir - l&#039;Inspectron Grabber combine cam\u00e9ra &amp; outil en un seul appareil\" \/>\n<meta property=\"og:description\" content=\"L&#039;Inspectron Grabber combine un vid\u00e9oscope et un m\u00e9canisme de pr\u00e9hension et permet de trouver et de r\u00e9cup\u00e9rer des composants en fonction de l&#039;inspection - id\u00e9al pour l&#039;ing\u00e9nierie, la maintenance et l&#039;entretien.\" \/>\n<meta property=\"og:url\" content=\"https:\/\/alegerglobal.com\/fr\/shop-fr\/gadgets-fr\/getac-zx70-ex-tablette-antideflagrante-atex-zone-2-ecran-7-pouces-android-9-ip67-mil-std-810h-kopie-kopie-kopie-kopie-kopie-kopie-kopie\/\" \/>\n<meta property=\"og:site_name\" content=\"ALEGER \u22c6 Augmented Reality\" \/>\n<meta property=\"article:modified_time\" content=\"2026-03-24T15:22:10+00:00\" \/>\n<meta property=\"og:image\" content=\"https:\/\/alegerglobal.com\/wp-content\/uploads\/2025\/11\/inpectron-grabber.png\" \/>\n\t<meta property=\"og:image:width\" content=\"800\" \/>\n\t<meta property=\"og:image:height\" content=\"800\" \/>\n\t<meta property=\"og:image:type\" content=\"image\/png\" \/>\n<meta name=\"twitter:card\" content=\"summary_large_image\" \/>\n<meta name=\"twitter:label1\" content=\"Prix\" \/>\n\t<meta name=\"twitter:data1\" content=\"&euro;2.168,99\" \/>\n\t<meta name=\"twitter:label2\" content=\"Disponibilit\u00e9\" \/>\n\t<meta name=\"twitter:data2\" content=\"En stock\" \/>\n<script type=\"application\/ld+json\" class=\"yoast-schema-graph\">{\"@context\":\"https:\/\/schema.org\",\"@graph\":[{\"@type\":\"WebPage\",\"@id\":\"https:\/\/alegerglobal.com\/fr\/shop-fr\/gadgets-fr\/getac-zx70-ex-tablette-antideflagrante-atex-zone-2-ecran-7-pouces-android-9-ip67-mil-std-810h-kopie-kopie-kopie-kopie-kopie-kopie-kopie\/\",\"url\":\"https:\/\/alegerglobal.com\/fr\/shop-fr\/gadgets-fr\/getac-zx70-ex-tablette-antideflagrante-atex-zone-2-ecran-7-pouces-android-9-ip67-mil-std-810h-kopie-kopie-kopie-kopie-kopie-kopie-kopie\/\",\"name\":\"Inspectron Grabber - outil de pr\u00e9hension pour l'inspection et la r\u00e9cup\u00e9ration\",\"isPartOf\":{\"@id\":\"https:\/\/alegerglobal.com\/fr\/#website\"},\"primaryImageOfPage\":{\"@id\":\"https:\/\/alegerglobal.com\/fr\/shop-fr\/gadgets-fr\/getac-zx70-ex-tablette-antideflagrante-atex-zone-2-ecran-7-pouces-android-9-ip67-mil-std-810h-kopie-kopie-kopie-kopie-kopie-kopie-kopie\/#primaryimage\"},\"image\":{\"@id\":\"https:\/\/alegerglobal.com\/fr\/shop-fr\/gadgets-fr\/getac-zx70-ex-tablette-antideflagrante-atex-zone-2-ecran-7-pouces-android-9-ip67-mil-std-810h-kopie-kopie-kopie-kopie-kopie-kopie-kopie\/#primaryimage\"},\"thumbnailUrl\":\"https:\/\/alegerglobal.com\/wp-content\/uploads\/2025\/11\/inpectron-grabber.png\",\"datePublished\":\"2025-11-02T14:21:25+00:00\",\"dateModified\":\"2026-03-24T15:22:10+00:00\",\"description\":\"L'Inspectron Grabber combine un vid\u00e9oscope et un m\u00e9canisme de pr\u00e9hension et permet de trouver et de r\u00e9cup\u00e9rer des composants en fonction de l'inspection - id\u00e9al pour l'ing\u00e9nierie, la maintenance et l'entretien.\",\"breadcrumb\":{\"@id\":\"https:\/\/alegerglobal.com\/fr\/shop-fr\/gadgets-fr\/getac-zx70-ex-tablette-antideflagrante-atex-zone-2-ecran-7-pouces-android-9-ip67-mil-std-810h-kopie-kopie-kopie-kopie-kopie-kopie-kopie\/#breadcrumb\"},\"inLanguage\":\"fr-FR\",\"potentialAction\":[{\"@type\":\"ReadAction\",\"target\":[\"https:\/\/alegerglobal.com\/fr\/shop-fr\/gadgets-fr\/getac-zx70-ex-tablette-antideflagrante-atex-zone-2-ecran-7-pouces-android-9-ip67-mil-std-810h-kopie-kopie-kopie-kopie-kopie-kopie-kopie\/\"]}]},{\"@type\":\"ImageObject\",\"inLanguage\":\"fr-FR\",\"@id\":\"https:\/\/alegerglobal.com\/fr\/shop-fr\/gadgets-fr\/getac-zx70-ex-tablette-antideflagrante-atex-zone-2-ecran-7-pouces-android-9-ip67-mil-std-810h-kopie-kopie-kopie-kopie-kopie-kopie-kopie\/#primaryimage\",\"url\":\"https:\/\/alegerglobal.com\/wp-content\/uploads\/2025\/11\/inpectron-grabber.png\",\"contentUrl\":\"https:\/\/alegerglobal.com\/wp-content\/uploads\/2025\/11\/inpectron-grabber.png\",\"width\":800,\"height\":800},{\"@type\":\"BreadcrumbList\",\"@id\":\"https:\/\/alegerglobal.com\/fr\/shop-fr\/gadgets-fr\/getac-zx70-ex-tablette-antideflagrante-atex-zone-2-ecran-7-pouces-android-9-ip67-mil-std-810h-kopie-kopie-kopie-kopie-kopie-kopie-kopie\/#breadcrumb\",\"itemListElement\":[{\"@type\":\"ListItem\",\"position\":1,\"name\":\"Home\",\"item\":\"https:\/\/alegerglobal.com\/fr\/new-page-daccueil\/\"},{\"@type\":\"ListItem\",\"position\":2,\"name\":\"Produits\",\"item\":\"https:\/\/alegerglobal.com\/fr\/produits\/\"},{\"@type\":\"ListItem\",\"position\":3,\"name\":\"Voir, trouver, saisir &#8211; l&#8217;Inspectron Grabber combine cam\u00e9ra &amp; outil en un seul appareil\"}]},{\"@type\":\"WebSite\",\"@id\":\"https:\/\/alegerglobal.com\/fr\/#website\",\"url\":\"https:\/\/alegerglobal.com\/fr\/\",\"name\":\"ALEGER \u22c6 Augmented Reality\",\"description\":\"Die besten Augmented Reality (AR) L\u00f6sungen der Welt.\",\"publisher\":{\"@id\":\"https:\/\/alegerglobal.com\/fr\/#organization\"},\"potentialAction\":[{\"@type\":\"SearchAction\",\"target\":{\"@type\":\"EntryPoint\",\"urlTemplate\":\"https:\/\/alegerglobal.com\/fr\/?s={search_term_string}\"},\"query-input\":{\"@type\":\"PropertyValueSpecification\",\"valueRequired\":true,\"valueName\":\"search_term_string\"}}],\"inLanguage\":\"fr-FR\"},{\"@type\":\"Organization\",\"@id\":\"https:\/\/alegerglobal.com\/fr\/#organization\",\"name\":\"ALEGER \u22c6 Augmented Reality\",\"url\":\"https:\/\/alegerglobal.com\/fr\/\",\"logo\":{\"@type\":\"ImageObject\",\"inLanguage\":\"fr-FR\",\"@id\":\"https:\/\/alegerglobal.com\/fr\/#\/schema\/logo\/image\/\",\"url\":\"https:\/\/alegerglobal.com\/wp-content\/uploads\/2020\/12\/aleger-logo-quadrat.jpg\",\"contentUrl\":\"https:\/\/alegerglobal.com\/wp-content\/uploads\/2020\/12\/aleger-logo-quadrat.jpg\",\"width\":200,\"height\":176,\"caption\":\"ALEGER \u22c6 Augmented Reality\"},\"image\":{\"@id\":\"https:\/\/alegerglobal.com\/fr\/#\/schema\/logo\/image\/\"}}]}<\/script>\n<meta property=\"product:brand\" content=\"Getac\" \/>\n<meta property=\"product:price:amount\" content=\"2168.99\" \/>\n<meta property=\"product:price:currency\" content=\"EUR\" \/>\n<meta property=\"og:availability\" content=\"instock\" \/>\n<meta property=\"product:availability\" content=\"instock\" \/>\n<meta property=\"product:condition\" content=\"new\" \/>\n<!-- \/ Yoast SEO Premium plugin. -->","yoast_head_json":{"title":"Inspectron Grabber - outil de pr\u00e9hension pour l'inspection et la r\u00e9cup\u00e9ration","description":"L'Inspectron Grabber combine un vid\u00e9oscope et un m\u00e9canisme de pr\u00e9hension et permet de trouver et de r\u00e9cup\u00e9rer des composants en fonction de l'inspection - id\u00e9al pour l'ing\u00e9nierie, la maintenance et l'entretien.","robots":{"index":"index","follow":"follow","max-snippet":"max-snippet:-1","max-image-preview":"max-image-preview:large","max-video-preview":"max-video-preview:-1"},"og_locale":"fr_FR","og_type":"article","og_title":"Voir, trouver, saisir - l'Inspectron Grabber combine cam\u00e9ra &amp; outil en un seul appareil","og_description":"L'Inspectron Grabber combine un vid\u00e9oscope et un m\u00e9canisme de pr\u00e9hension et permet de trouver et de r\u00e9cup\u00e9rer des composants en fonction de l'inspection - id\u00e9al pour l'ing\u00e9nierie, la maintenance et l'entretien.","og_url":"https:\/\/alegerglobal.com\/fr\/shop-fr\/gadgets-fr\/getac-zx70-ex-tablette-antideflagrante-atex-zone-2-ecran-7-pouces-android-9-ip67-mil-std-810h-kopie-kopie-kopie-kopie-kopie-kopie-kopie\/","og_site_name":"ALEGER \u22c6 Augmented Reality","article_modified_time":"2026-03-24T15:22:10+00:00","og_image":[{"width":800,"height":800,"url":"https:\/\/alegerglobal.com\/wp-content\/uploads\/2025\/11\/inpectron-grabber.png","type":"image\/png"}],"twitter_card":"summary_large_image","twitter_misc":{"Prix":"&euro;2.168,99","Disponibilit\u00e9":"En stock"},"schema":{"@context":"https:\/\/schema.org","@graph":[{"@type":"WebPage","@id":"https:\/\/alegerglobal.com\/fr\/shop-fr\/gadgets-fr\/getac-zx70-ex-tablette-antideflagrante-atex-zone-2-ecran-7-pouces-android-9-ip67-mil-std-810h-kopie-kopie-kopie-kopie-kopie-kopie-kopie\/","url":"https:\/\/alegerglobal.com\/fr\/shop-fr\/gadgets-fr\/getac-zx70-ex-tablette-antideflagrante-atex-zone-2-ecran-7-pouces-android-9-ip67-mil-std-810h-kopie-kopie-kopie-kopie-kopie-kopie-kopie\/","name":"Inspectron Grabber - outil de pr\u00e9hension pour l'inspection et la r\u00e9cup\u00e9ration","isPartOf":{"@id":"https:\/\/alegerglobal.com\/fr\/#website"},"primaryImageOfPage":{"@id":"https:\/\/alegerglobal.com\/fr\/shop-fr\/gadgets-fr\/getac-zx70-ex-tablette-antideflagrante-atex-zone-2-ecran-7-pouces-android-9-ip67-mil-std-810h-kopie-kopie-kopie-kopie-kopie-kopie-kopie\/#primaryimage"},"image":{"@id":"https:\/\/alegerglobal.com\/fr\/shop-fr\/gadgets-fr\/getac-zx70-ex-tablette-antideflagrante-atex-zone-2-ecran-7-pouces-android-9-ip67-mil-std-810h-kopie-kopie-kopie-kopie-kopie-kopie-kopie\/#primaryimage"},"thumbnailUrl":"https:\/\/alegerglobal.com\/wp-content\/uploads\/2025\/11\/inpectron-grabber.png","datePublished":"2025-11-02T14:21:25+00:00","dateModified":"2026-03-24T15:22:10+00:00","description":"L'Inspectron Grabber combine un vid\u00e9oscope et un m\u00e9canisme de pr\u00e9hension et permet de trouver et de r\u00e9cup\u00e9rer des composants en fonction de l'inspection - id\u00e9al pour l'ing\u00e9nierie, la maintenance et l'entretien.","breadcrumb":{"@id":"https:\/\/alegerglobal.com\/fr\/shop-fr\/gadgets-fr\/getac-zx70-ex-tablette-antideflagrante-atex-zone-2-ecran-7-pouces-android-9-ip67-mil-std-810h-kopie-kopie-kopie-kopie-kopie-kopie-kopie\/#breadcrumb"},"inLanguage":"fr-FR","potentialAction":[{"@type":"ReadAction","target":["https:\/\/alegerglobal.com\/fr\/shop-fr\/gadgets-fr\/getac-zx70-ex-tablette-antideflagrante-atex-zone-2-ecran-7-pouces-android-9-ip67-mil-std-810h-kopie-kopie-kopie-kopie-kopie-kopie-kopie\/"]}]},{"@type":"ImageObject","inLanguage":"fr-FR","@id":"https:\/\/alegerglobal.com\/fr\/shop-fr\/gadgets-fr\/getac-zx70-ex-tablette-antideflagrante-atex-zone-2-ecran-7-pouces-android-9-ip67-mil-std-810h-kopie-kopie-kopie-kopie-kopie-kopie-kopie\/#primaryimage","url":"https:\/\/alegerglobal.com\/wp-content\/uploads\/2025\/11\/inpectron-grabber.png","contentUrl":"https:\/\/alegerglobal.com\/wp-content\/uploads\/2025\/11\/inpectron-grabber.png","width":800,"height":800},{"@type":"BreadcrumbList","@id":"https:\/\/alegerglobal.com\/fr\/shop-fr\/gadgets-fr\/getac-zx70-ex-tablette-antideflagrante-atex-zone-2-ecran-7-pouces-android-9-ip67-mil-std-810h-kopie-kopie-kopie-kopie-kopie-kopie-kopie\/#breadcrumb","itemListElement":[{"@type":"ListItem","position":1,"name":"Home","item":"https:\/\/alegerglobal.com\/fr\/new-page-daccueil\/"},{"@type":"ListItem","position":2,"name":"Produits","item":"https:\/\/alegerglobal.com\/fr\/produits\/"},{"@type":"ListItem","position":3,"name":"Voir, trouver, saisir &#8211; l&#8217;Inspectron Grabber combine cam\u00e9ra &amp; outil en un seul appareil"}]},{"@type":"WebSite","@id":"https:\/\/alegerglobal.com\/fr\/#website","url":"https:\/\/alegerglobal.com\/fr\/","name":"ALEGER \u22c6 Augmented Reality","description":"Die besten Augmented Reality (AR) L\u00f6sungen der Welt.","publisher":{"@id":"https:\/\/alegerglobal.com\/fr\/#organization"},"potentialAction":[{"@type":"SearchAction","target":{"@type":"EntryPoint","urlTemplate":"https:\/\/alegerglobal.com\/fr\/?s={search_term_string}"},"query-input":{"@type":"PropertyValueSpecification","valueRequired":true,"valueName":"search_term_string"}}],"inLanguage":"fr-FR"},{"@type":"Organization","@id":"https:\/\/alegerglobal.com\/fr\/#organization","name":"ALEGER \u22c6 Augmented Reality","url":"https:\/\/alegerglobal.com\/fr\/","logo":{"@type":"ImageObject","inLanguage":"fr-FR","@id":"https:\/\/alegerglobal.com\/fr\/#\/schema\/logo\/image\/","url":"https:\/\/alegerglobal.com\/wp-content\/uploads\/2020\/12\/aleger-logo-quadrat.jpg","contentUrl":"https:\/\/alegerglobal.com\/wp-content\/uploads\/2020\/12\/aleger-logo-quadrat.jpg","width":200,"height":176,"caption":"ALEGER \u22c6 Augmented Reality"},"image":{"@id":"https:\/\/alegerglobal.com\/fr\/#\/schema\/logo\/image\/"}}]},"product_brand":"Getac","product_price_amount":"2168.99","product_price_currency":"EUR","og_availability":"instock","product_availability":"instock","product_condition":"new"},"_links":{"self":[{"href":"https:\/\/alegerglobal.com\/fr\/wp-json\/wp\/v2\/product\/51800","targetHints":{"allow":["GET"]}}],"collection":[{"href":"https:\/\/alegerglobal.com\/fr\/wp-json\/wp\/v2\/product"}],"about":[{"href":"https:\/\/alegerglobal.com\/fr\/wp-json\/wp\/v2\/types\/product"}],"replies":[{"embeddable":true,"href":"https:\/\/alegerglobal.com\/fr\/wp-json\/wp\/v2\/comments?post=51800"}],"version-history":[{"count":3,"href":"https:\/\/alegerglobal.com\/fr\/wp-json\/wp\/v2\/product\/51800\/revisions"}],"predecessor-version":[{"id":53996,"href":"https:\/\/alegerglobal.com\/fr\/wp-json\/wp\/v2\/product\/51800\/revisions\/53996"}],"wp:featuredmedia":[{"embeddable":true,"href":"https:\/\/alegerglobal.com\/fr\/wp-json\/wp\/v2\/media\/51820"}],"wp:attachment":[{"href":"https:\/\/alegerglobal.com\/fr\/wp-json\/wp\/v2\/media?parent=51800"}],"wp:term":[{"taxonomy":"product_brand","embeddable":true,"href":"https:\/\/alegerglobal.com\/fr\/wp-json\/wp\/v2\/product_brand?post=51800"},{"taxonomy":"product_cat","embeddable":true,"href":"https:\/\/alegerglobal.com\/fr\/wp-json\/wp\/v2\/product_cat?post=51800"},{"taxonomy":"product_tag","embeddable":true,"href":"https:\/\/alegerglobal.com\/fr\/wp-json\/wp\/v2\/product_tag?post=51800"}],"curies":[{"name":"wp","href":"https:\/\/api.w.org\/{rel}","templated":true}]}}