{"id":51672,"date":"2025-11-02T14:46:04","date_gmt":"2025-11-02T13:46:06","guid":{"rendered":"https:\/\/alegerglobal.com\/?post_type=product&#038;p=51672"},"modified":"2026-03-25T20:21:34","modified_gmt":"2026-03-25T19:21:34","slug":"getac-zx70-ex-tablette-antideflagrante-atex-zone-2-ecran-7-pouces-android-9-ip67-mil-std-810h","status":"publish","type":"product","link":"https:\/\/alegerglobal.com\/fr\/shop-fr\/gadgets-fr\/getac-zx70-ex-tablette-antideflagrante-atex-zone-2-ecran-7-pouces-android-9-ip67-mil-std-810h\/","title":{"rendered":"Inspectron Thermal Camera &#8211; L&rsquo;imagerie thermique pour un diagnostic fiable"},"content":{"rendered":"","protected":false},"excerpt":{"rendered":"<p data-start=\"683\" data-end=\"1119\">La cam\u00e9ra thermique Inspectron est con\u00e7ue pour visualiser rapidement les anomalies thermiques telles que la surchauffe, les ponts thermiques ou les fuites. Elle est id\u00e9ale pour une utilisation dans l&rsquo;industrie, les installations \u00e9lectriques, les syst\u00e8mes de chauffage\/r\u00e9frig\u00e9ration et la maintenance pr\u00e9ventive. Avec un design compact et robuste et des capteurs de haute qualit\u00e9, elle fournit des r\u00e9sultats fiables directement sur le terrain.<\/p>\n<p data-start=\"1121\" data-end=\"1336\">Les techniciens peuvent ainsi d\u00e9tecter les fusibles surchauff\u00e9s, les r\u00e9sistances de contact ou les \u00e9l\u00e9ments chauffants d\u00e9fectueux, bien avant qu&rsquo;un d\u00e9faut ne se produise ou qu&rsquo;une panne ne survienne.<\/p>\n","protected":false},"featured_media":51692,"comment_status":"open","ping_status":"closed","template":"","meta":{"_acf_changed":false},"product_brand":[],"product_cat":[624,601],"product_tag":[],"class_list":{"0":"post-51672","1":"product","2":"type-product","3":"status-publish","4":"has-post-thumbnail","6":"product_cat-gadgets-fr","7":"product_cat-shop-fr","8":"pa_hersteller-getac-fr","10":"first","11":"instock","12":"taxable","13":"shipping-taxable","14":"purchasable","15":"product-type-simple"},"acf":[],"yoast_head":"<!-- This site is optimized with the Yoast SEO Premium plugin v20.10 (Yoast SEO v24.3) - https:\/\/yoast.com\/wordpress\/plugins\/seo\/ -->\n<title>Acheter Uvisan VRProXS - Bo\u00eete compacte de d\u00e9sinfection UV &amp; de charge<\/title>\n<meta name=\"description\" content=\"La cam\u00e9ra thermique Inspectron est con\u00e7ue pour les tests \u00e9lectriques, la maintenance et l&#039;entretien pr\u00e9ventif - pr\u00e9cise, robuste, pr\u00eate \u00e0 l&#039;emploi. Achetez maintenant.\" \/>\n<meta name=\"robots\" content=\"index, follow, max-snippet:-1, max-image-preview:large, max-video-preview:-1\" \/>\n<meta property=\"og:locale\" content=\"fr_FR\" \/>\n<meta property=\"og:type\" content=\"article\" \/>\n<meta property=\"og:title\" content=\"Inspectron Thermal Camera - L&#039;imagerie thermique pour un diagnostic fiable\" \/>\n<meta property=\"og:description\" content=\"La cam\u00e9ra thermique Inspectron est con\u00e7ue pour les tests \u00e9lectriques, la maintenance et l&#039;entretien pr\u00e9ventif - pr\u00e9cise, robuste, pr\u00eate \u00e0 l&#039;emploi. Achetez maintenant.\" \/>\n<meta property=\"og:url\" content=\"https:\/\/alegerglobal.com\/fr\/shop-fr\/gadgets-fr\/getac-zx70-ex-tablette-antideflagrante-atex-zone-2-ecran-7-pouces-android-9-ip67-mil-std-810h\/\" \/>\n<meta property=\"og:site_name\" content=\"ALEGER \u22c6 Augmented Reality\" \/>\n<meta property=\"article:modified_time\" content=\"2026-03-25T19:21:34+00:00\" \/>\n<meta property=\"og:image\" content=\"https:\/\/alegerglobal.com\/wp-content\/uploads\/2025\/11\/waermebildkamera-inspectron.png\" \/>\n\t<meta property=\"og:image:width\" content=\"800\" \/>\n\t<meta property=\"og:image:height\" content=\"800\" \/>\n\t<meta property=\"og:image:type\" content=\"image\/png\" \/>\n<meta name=\"twitter:card\" content=\"summary_large_image\" \/>\n<meta name=\"twitter:label1\" content=\"Prix\" \/>\n\t<meta name=\"twitter:data1\" content=\"&euro;2.168,99\" \/>\n\t<meta name=\"twitter:label2\" content=\"Disponibilit\u00e9\" \/>\n\t<meta name=\"twitter:data2\" content=\"En stock\" \/>\n<script type=\"application\/ld+json\" class=\"yoast-schema-graph\">{\"@context\":\"https:\/\/schema.org\",\"@graph\":[{\"@type\":\"WebPage\",\"@id\":\"https:\/\/alegerglobal.com\/fr\/shop-fr\/gadgets-fr\/getac-zx70-ex-tablette-antideflagrante-atex-zone-2-ecran-7-pouces-android-9-ip67-mil-std-810h\/\",\"url\":\"https:\/\/alegerglobal.com\/fr\/shop-fr\/gadgets-fr\/getac-zx70-ex-tablette-antideflagrante-atex-zone-2-ecran-7-pouces-android-9-ip67-mil-std-810h\/\",\"name\":\"Acheter Uvisan VRProXS - Bo\u00eete compacte de d\u00e9sinfection UV & de charge\",\"isPartOf\":{\"@id\":\"https:\/\/alegerglobal.com\/fr\/#website\"},\"primaryImageOfPage\":{\"@id\":\"https:\/\/alegerglobal.com\/fr\/shop-fr\/gadgets-fr\/getac-zx70-ex-tablette-antideflagrante-atex-zone-2-ecran-7-pouces-android-9-ip67-mil-std-810h\/#primaryimage\"},\"image\":{\"@id\":\"https:\/\/alegerglobal.com\/fr\/shop-fr\/gadgets-fr\/getac-zx70-ex-tablette-antideflagrante-atex-zone-2-ecran-7-pouces-android-9-ip67-mil-std-810h\/#primaryimage\"},\"thumbnailUrl\":\"https:\/\/alegerglobal.com\/wp-content\/uploads\/2025\/11\/waermebildkamera-inspectron.png\",\"datePublished\":\"2025-11-02T13:46:06+00:00\",\"dateModified\":\"2026-03-25T19:21:34+00:00\",\"description\":\"La cam\u00e9ra thermique Inspectron est con\u00e7ue pour les tests \u00e9lectriques, la maintenance et l'entretien pr\u00e9ventif - pr\u00e9cise, robuste, pr\u00eate \u00e0 l'emploi. Achetez maintenant.\",\"breadcrumb\":{\"@id\":\"https:\/\/alegerglobal.com\/fr\/shop-fr\/gadgets-fr\/getac-zx70-ex-tablette-antideflagrante-atex-zone-2-ecran-7-pouces-android-9-ip67-mil-std-810h\/#breadcrumb\"},\"inLanguage\":\"fr-FR\",\"potentialAction\":[{\"@type\":\"ReadAction\",\"target\":[\"https:\/\/alegerglobal.com\/fr\/shop-fr\/gadgets-fr\/getac-zx70-ex-tablette-antideflagrante-atex-zone-2-ecran-7-pouces-android-9-ip67-mil-std-810h\/\"]}]},{\"@type\":\"ImageObject\",\"inLanguage\":\"fr-FR\",\"@id\":\"https:\/\/alegerglobal.com\/fr\/shop-fr\/gadgets-fr\/getac-zx70-ex-tablette-antideflagrante-atex-zone-2-ecran-7-pouces-android-9-ip67-mil-std-810h\/#primaryimage\",\"url\":\"https:\/\/alegerglobal.com\/wp-content\/uploads\/2025\/11\/waermebildkamera-inspectron.png\",\"contentUrl\":\"https:\/\/alegerglobal.com\/wp-content\/uploads\/2025\/11\/waermebildkamera-inspectron.png\",\"width\":800,\"height\":800},{\"@type\":\"BreadcrumbList\",\"@id\":\"https:\/\/alegerglobal.com\/fr\/shop-fr\/gadgets-fr\/getac-zx70-ex-tablette-antideflagrante-atex-zone-2-ecran-7-pouces-android-9-ip67-mil-std-810h\/#breadcrumb\",\"itemListElement\":[{\"@type\":\"ListItem\",\"position\":1,\"name\":\"Home\",\"item\":\"https:\/\/alegerglobal.com\/fr\/new-page-daccueil\/\"},{\"@type\":\"ListItem\",\"position\":2,\"name\":\"Produits\",\"item\":\"https:\/\/alegerglobal.com\/fr\/produits\/\"},{\"@type\":\"ListItem\",\"position\":3,\"name\":\"Inspectron Thermal Camera &#8211; L&#8217;imagerie thermique pour un diagnostic fiable\"}]},{\"@type\":\"WebSite\",\"@id\":\"https:\/\/alegerglobal.com\/fr\/#website\",\"url\":\"https:\/\/alegerglobal.com\/fr\/\",\"name\":\"ALEGER \u22c6 Augmented Reality\",\"description\":\"Die besten Augmented Reality (AR) L\u00f6sungen der Welt.\",\"publisher\":{\"@id\":\"https:\/\/alegerglobal.com\/fr\/#organization\"},\"potentialAction\":[{\"@type\":\"SearchAction\",\"target\":{\"@type\":\"EntryPoint\",\"urlTemplate\":\"https:\/\/alegerglobal.com\/fr\/?s={search_term_string}\"},\"query-input\":{\"@type\":\"PropertyValueSpecification\",\"valueRequired\":true,\"valueName\":\"search_term_string\"}}],\"inLanguage\":\"fr-FR\"},{\"@type\":\"Organization\",\"@id\":\"https:\/\/alegerglobal.com\/fr\/#organization\",\"name\":\"ALEGER \u22c6 Augmented Reality\",\"url\":\"https:\/\/alegerglobal.com\/fr\/\",\"logo\":{\"@type\":\"ImageObject\",\"inLanguage\":\"fr-FR\",\"@id\":\"https:\/\/alegerglobal.com\/fr\/#\/schema\/logo\/image\/\",\"url\":\"https:\/\/alegerglobal.com\/wp-content\/uploads\/2020\/12\/aleger-logo-quadrat.jpg\",\"contentUrl\":\"https:\/\/alegerglobal.com\/wp-content\/uploads\/2020\/12\/aleger-logo-quadrat.jpg\",\"width\":200,\"height\":176,\"caption\":\"ALEGER \u22c6 Augmented Reality\"},\"image\":{\"@id\":\"https:\/\/alegerglobal.com\/fr\/#\/schema\/logo\/image\/\"}}]}<\/script>\n<meta property=\"product:brand\" content=\"Getac\" \/>\n<meta property=\"product:price:amount\" content=\"2168.99\" \/>\n<meta property=\"product:price:currency\" content=\"EUR\" \/>\n<meta property=\"og:availability\" content=\"instock\" \/>\n<meta property=\"product:availability\" content=\"instock\" \/>\n<meta property=\"product:condition\" content=\"new\" \/>\n<!-- \/ Yoast SEO Premium plugin. -->","yoast_head_json":{"title":"Acheter Uvisan VRProXS - Bo\u00eete compacte de d\u00e9sinfection UV & de charge","description":"La cam\u00e9ra thermique Inspectron est con\u00e7ue pour les tests \u00e9lectriques, la maintenance et l'entretien pr\u00e9ventif - pr\u00e9cise, robuste, pr\u00eate \u00e0 l'emploi. Achetez maintenant.","robots":{"index":"index","follow":"follow","max-snippet":"max-snippet:-1","max-image-preview":"max-image-preview:large","max-video-preview":"max-video-preview:-1"},"og_locale":"fr_FR","og_type":"article","og_title":"Inspectron Thermal Camera - L'imagerie thermique pour un diagnostic fiable","og_description":"La cam\u00e9ra thermique Inspectron est con\u00e7ue pour les tests \u00e9lectriques, la maintenance et l'entretien pr\u00e9ventif - pr\u00e9cise, robuste, pr\u00eate \u00e0 l'emploi. Achetez maintenant.","og_url":"https:\/\/alegerglobal.com\/fr\/shop-fr\/gadgets-fr\/getac-zx70-ex-tablette-antideflagrante-atex-zone-2-ecran-7-pouces-android-9-ip67-mil-std-810h\/","og_site_name":"ALEGER \u22c6 Augmented Reality","article_modified_time":"2026-03-25T19:21:34+00:00","og_image":[{"width":800,"height":800,"url":"https:\/\/alegerglobal.com\/wp-content\/uploads\/2025\/11\/waermebildkamera-inspectron.png","type":"image\/png"}],"twitter_card":"summary_large_image","twitter_misc":{"Prix":"&euro;2.168,99","Disponibilit\u00e9":"En stock"},"schema":{"@context":"https:\/\/schema.org","@graph":[{"@type":"WebPage","@id":"https:\/\/alegerglobal.com\/fr\/shop-fr\/gadgets-fr\/getac-zx70-ex-tablette-antideflagrante-atex-zone-2-ecran-7-pouces-android-9-ip67-mil-std-810h\/","url":"https:\/\/alegerglobal.com\/fr\/shop-fr\/gadgets-fr\/getac-zx70-ex-tablette-antideflagrante-atex-zone-2-ecran-7-pouces-android-9-ip67-mil-std-810h\/","name":"Acheter Uvisan VRProXS - Bo\u00eete compacte de d\u00e9sinfection UV & de charge","isPartOf":{"@id":"https:\/\/alegerglobal.com\/fr\/#website"},"primaryImageOfPage":{"@id":"https:\/\/alegerglobal.com\/fr\/shop-fr\/gadgets-fr\/getac-zx70-ex-tablette-antideflagrante-atex-zone-2-ecran-7-pouces-android-9-ip67-mil-std-810h\/#primaryimage"},"image":{"@id":"https:\/\/alegerglobal.com\/fr\/shop-fr\/gadgets-fr\/getac-zx70-ex-tablette-antideflagrante-atex-zone-2-ecran-7-pouces-android-9-ip67-mil-std-810h\/#primaryimage"},"thumbnailUrl":"https:\/\/alegerglobal.com\/wp-content\/uploads\/2025\/11\/waermebildkamera-inspectron.png","datePublished":"2025-11-02T13:46:06+00:00","dateModified":"2026-03-25T19:21:34+00:00","description":"La cam\u00e9ra thermique Inspectron est con\u00e7ue pour les tests \u00e9lectriques, la maintenance et l'entretien pr\u00e9ventif - pr\u00e9cise, robuste, pr\u00eate \u00e0 l'emploi. Achetez maintenant.","breadcrumb":{"@id":"https:\/\/alegerglobal.com\/fr\/shop-fr\/gadgets-fr\/getac-zx70-ex-tablette-antideflagrante-atex-zone-2-ecran-7-pouces-android-9-ip67-mil-std-810h\/#breadcrumb"},"inLanguage":"fr-FR","potentialAction":[{"@type":"ReadAction","target":["https:\/\/alegerglobal.com\/fr\/shop-fr\/gadgets-fr\/getac-zx70-ex-tablette-antideflagrante-atex-zone-2-ecran-7-pouces-android-9-ip67-mil-std-810h\/"]}]},{"@type":"ImageObject","inLanguage":"fr-FR","@id":"https:\/\/alegerglobal.com\/fr\/shop-fr\/gadgets-fr\/getac-zx70-ex-tablette-antideflagrante-atex-zone-2-ecran-7-pouces-android-9-ip67-mil-std-810h\/#primaryimage","url":"https:\/\/alegerglobal.com\/wp-content\/uploads\/2025\/11\/waermebildkamera-inspectron.png","contentUrl":"https:\/\/alegerglobal.com\/wp-content\/uploads\/2025\/11\/waermebildkamera-inspectron.png","width":800,"height":800},{"@type":"BreadcrumbList","@id":"https:\/\/alegerglobal.com\/fr\/shop-fr\/gadgets-fr\/getac-zx70-ex-tablette-antideflagrante-atex-zone-2-ecran-7-pouces-android-9-ip67-mil-std-810h\/#breadcrumb","itemListElement":[{"@type":"ListItem","position":1,"name":"Home","item":"https:\/\/alegerglobal.com\/fr\/new-page-daccueil\/"},{"@type":"ListItem","position":2,"name":"Produits","item":"https:\/\/alegerglobal.com\/fr\/produits\/"},{"@type":"ListItem","position":3,"name":"Inspectron Thermal Camera &#8211; L&#8217;imagerie thermique pour un diagnostic fiable"}]},{"@type":"WebSite","@id":"https:\/\/alegerglobal.com\/fr\/#website","url":"https:\/\/alegerglobal.com\/fr\/","name":"ALEGER \u22c6 Augmented Reality","description":"Die besten Augmented Reality (AR) L\u00f6sungen der Welt.","publisher":{"@id":"https:\/\/alegerglobal.com\/fr\/#organization"},"potentialAction":[{"@type":"SearchAction","target":{"@type":"EntryPoint","urlTemplate":"https:\/\/alegerglobal.com\/fr\/?s={search_term_string}"},"query-input":{"@type":"PropertyValueSpecification","valueRequired":true,"valueName":"search_term_string"}}],"inLanguage":"fr-FR"},{"@type":"Organization","@id":"https:\/\/alegerglobal.com\/fr\/#organization","name":"ALEGER \u22c6 Augmented Reality","url":"https:\/\/alegerglobal.com\/fr\/","logo":{"@type":"ImageObject","inLanguage":"fr-FR","@id":"https:\/\/alegerglobal.com\/fr\/#\/schema\/logo\/image\/","url":"https:\/\/alegerglobal.com\/wp-content\/uploads\/2020\/12\/aleger-logo-quadrat.jpg","contentUrl":"https:\/\/alegerglobal.com\/wp-content\/uploads\/2020\/12\/aleger-logo-quadrat.jpg","width":200,"height":176,"caption":"ALEGER \u22c6 Augmented Reality"},"image":{"@id":"https:\/\/alegerglobal.com\/fr\/#\/schema\/logo\/image\/"}}]},"product_brand":"Getac","product_price_amount":"2168.99","product_price_currency":"EUR","og_availability":"instock","product_availability":"instock","product_condition":"new"},"_links":{"self":[{"href":"https:\/\/alegerglobal.com\/fr\/wp-json\/wp\/v2\/product\/51672","targetHints":{"allow":["GET"]}}],"collection":[{"href":"https:\/\/alegerglobal.com\/fr\/wp-json\/wp\/v2\/product"}],"about":[{"href":"https:\/\/alegerglobal.com\/fr\/wp-json\/wp\/v2\/types\/product"}],"replies":[{"embeddable":true,"href":"https:\/\/alegerglobal.com\/fr\/wp-json\/wp\/v2\/comments?post=51672"}],"version-history":[{"count":3,"href":"https:\/\/alegerglobal.com\/fr\/wp-json\/wp\/v2\/product\/51672\/revisions"}],"predecessor-version":[{"id":54095,"href":"https:\/\/alegerglobal.com\/fr\/wp-json\/wp\/v2\/product\/51672\/revisions\/54095"}],"wp:featuredmedia":[{"embeddable":true,"href":"https:\/\/alegerglobal.com\/fr\/wp-json\/wp\/v2\/media\/51692"}],"wp:attachment":[{"href":"https:\/\/alegerglobal.com\/fr\/wp-json\/wp\/v2\/media?parent=51672"}],"wp:term":[{"taxonomy":"product_brand","embeddable":true,"href":"https:\/\/alegerglobal.com\/fr\/wp-json\/wp\/v2\/product_brand?post=51672"},{"taxonomy":"product_cat","embeddable":true,"href":"https:\/\/alegerglobal.com\/fr\/wp-json\/wp\/v2\/product_cat?post=51672"},{"taxonomy":"product_tag","embeddable":true,"href":"https:\/\/alegerglobal.com\/fr\/wp-json\/wp\/v2\/product_tag?post=51672"}],"curies":[{"name":"wp","href":"https:\/\/api.w.org\/{rel}","templated":true}]}}