{"id":51557,"date":"2025-11-02T14:08:53","date_gmt":"2025-11-02T13:08:55","guid":{"rendered":"https:\/\/alegerglobal.com\/?post_type=product&#038;p=51557"},"modified":"2026-03-19T18:56:39","modified_gmt":"2026-03-19T17:56:39","slug":"getac-zx70-ex-tablette-antideflagrante-atex-zone-2-ecran-7-pouces-android-9-ip67-mil-std-810h-kopie-kopie","status":"publish","type":"product","link":"https:\/\/alegerglobal.com\/fr\/shop-fr\/gadgets-fr\/getac-zx70-ex-tablette-antideflagrante-atex-zone-2-ecran-7-pouces-android-9-ip67-mil-std-810h-kopie-kopie\/","title":{"rendered":"Uvisan VRProM &#8211; Hygi\u00e8ne efficace, stockage et chargement s\u00e9curis\u00e9s pour les appareils partag\u00e9s"},"content":{"rendered":"","protected":false},"excerpt":{"rendered":"<p data-start=\"773\" data-end=\"1282\">L&rsquo;Uvisan VRProM est une armoire innovante de d\u00e9sinfection et de chargement UV-C, sp\u00e9cialement con\u00e7ue pour les environnements d&rsquo;\u00e9quipements technologiques partag\u00e9s tels que les casques VR\/AR, les tablettes ou les ordinateurs portables. Les appareils sont d\u00e9barrass\u00e9s des virus, bact\u00e9ries et champignons en un temps de d\u00e9sinfection tr\u00e8s court, sans produits chimiques, chaleur ou r\u00e9sidus. En m\u00eame temps, les appareils se rechargent gr\u00e2ce \u00e0 des ports USB int\u00e9gr\u00e9s \u00e0 charge rapide, ce qui garantit la propret\u00e9 et la disponibilit\u00e9 en une seule \u00e9tape.<\/p>\n<p data-start=\"1284\" data-end=\"1516\">Gr\u00e2ce \u00e0 son bo\u00eetier robuste en acier avec portes verrouillables et roulettes pour la mobilit\u00e9, le VRProM est id\u00e9al pour les salles de classe, les laboratoires VR\/AR, les \u00e9tablissements d&rsquo;enseignement, les environnements de jeux\/arcades et les centres de formation professionnels.<\/p>\n","protected":false},"featured_media":51592,"comment_status":"open","ping_status":"closed","template":"","meta":{"_acf_changed":false},"product_brand":[],"product_cat":[624,601],"product_tag":[],"class_list":{"0":"post-51557","1":"product","2":"type-product","3":"status-publish","4":"has-post-thumbnail","6":"product_cat-gadgets-fr","7":"product_cat-shop-fr","8":"pa_hersteller-getac-fr","10":"first","11":"instock","12":"taxable","13":"shipping-taxable","14":"purchasable","15":"product-type-simple"},"acf":[],"yoast_head":"<!-- This site is optimized with the Yoast SEO Premium plugin v20.10 (Yoast SEO v24.3) - https:\/\/yoast.com\/wordpress\/plugins\/seo\/ -->\n<title>Acheter Uvisan VRProM - Armoire de d\u00e9sinfection UV-C &amp; de chargement<\/title>\n<meta name=\"description\" content=\"L&#039;Uvisan VRProM est une armoire de d\u00e9sinfection et de chargement UV-C pour les casques VR\/AR, les tablettes &amp; les ordinateurs portables avec une couverture UVC de 360\u00b0, jusqu&#039;\u00e0 99,999% et 36 ports.\" \/>\n<meta name=\"robots\" content=\"index, follow, max-snippet:-1, max-image-preview:large, max-video-preview:-1\" \/>\n<meta property=\"og:locale\" content=\"fr_FR\" \/>\n<meta property=\"og:type\" content=\"article\" \/>\n<meta property=\"og:title\" content=\"Uvisan VRProM - Hygi\u00e8ne efficace, stockage et chargement s\u00e9curis\u00e9s pour les appareils partag\u00e9s\" \/>\n<meta property=\"og:description\" content=\"L&#039;Uvisan VRProM est une armoire de d\u00e9sinfection et de chargement UV-C pour les casques VR\/AR, les tablettes &amp; les ordinateurs portables avec une couverture UVC de 360\u00b0, jusqu&#039;\u00e0 99,999% et 36 ports.\" \/>\n<meta property=\"og:url\" content=\"https:\/\/alegerglobal.com\/fr\/shop-fr\/gadgets-fr\/getac-zx70-ex-tablette-antideflagrante-atex-zone-2-ecran-7-pouces-android-9-ip67-mil-std-810h-kopie-kopie\/\" \/>\n<meta property=\"og:site_name\" content=\"ALEGER \u22c6 Augmented Reality\" \/>\n<meta property=\"article:modified_time\" content=\"2026-03-19T17:56:39+00:00\" \/>\n<meta property=\"og:image\" content=\"https:\/\/alegerglobal.com\/wp-content\/uploads\/2025\/11\/uvisan-vrprom.png\" \/>\n\t<meta property=\"og:image:width\" content=\"800\" \/>\n\t<meta property=\"og:image:height\" content=\"800\" \/>\n\t<meta property=\"og:image:type\" content=\"image\/png\" \/>\n<meta name=\"twitter:card\" content=\"summary_large_image\" \/>\n<meta name=\"twitter:label1\" content=\"Prix\" \/>\n\t<meta name=\"twitter:data1\" content=\"&euro;2.168,99\" \/>\n\t<meta name=\"twitter:label2\" content=\"Disponibilit\u00e9\" \/>\n\t<meta name=\"twitter:data2\" content=\"En stock\" \/>\n<script type=\"application\/ld+json\" class=\"yoast-schema-graph\">{\"@context\":\"https:\/\/schema.org\",\"@graph\":[{\"@type\":\"WebPage\",\"@id\":\"https:\/\/alegerglobal.com\/fr\/shop-fr\/gadgets-fr\/getac-zx70-ex-tablette-antideflagrante-atex-zone-2-ecran-7-pouces-android-9-ip67-mil-std-810h-kopie-kopie\/\",\"url\":\"https:\/\/alegerglobal.com\/fr\/shop-fr\/gadgets-fr\/getac-zx70-ex-tablette-antideflagrante-atex-zone-2-ecran-7-pouces-android-9-ip67-mil-std-810h-kopie-kopie\/\",\"name\":\"Acheter Uvisan VRProM - Armoire de d\u00e9sinfection UV-C & de chargement\",\"isPartOf\":{\"@id\":\"https:\/\/alegerglobal.com\/fr\/#website\"},\"primaryImageOfPage\":{\"@id\":\"https:\/\/alegerglobal.com\/fr\/shop-fr\/gadgets-fr\/getac-zx70-ex-tablette-antideflagrante-atex-zone-2-ecran-7-pouces-android-9-ip67-mil-std-810h-kopie-kopie\/#primaryimage\"},\"image\":{\"@id\":\"https:\/\/alegerglobal.com\/fr\/shop-fr\/gadgets-fr\/getac-zx70-ex-tablette-antideflagrante-atex-zone-2-ecran-7-pouces-android-9-ip67-mil-std-810h-kopie-kopie\/#primaryimage\"},\"thumbnailUrl\":\"https:\/\/alegerglobal.com\/wp-content\/uploads\/2025\/11\/uvisan-vrprom.png\",\"datePublished\":\"2025-11-02T13:08:55+00:00\",\"dateModified\":\"2026-03-19T17:56:39+00:00\",\"description\":\"L'Uvisan VRProM est une armoire de d\u00e9sinfection et de chargement UV-C pour les casques VR\/AR, les tablettes & les ordinateurs portables avec une couverture UVC de 360\u00b0, jusqu'\u00e0 99,999% et 36 ports.\",\"breadcrumb\":{\"@id\":\"https:\/\/alegerglobal.com\/fr\/shop-fr\/gadgets-fr\/getac-zx70-ex-tablette-antideflagrante-atex-zone-2-ecran-7-pouces-android-9-ip67-mil-std-810h-kopie-kopie\/#breadcrumb\"},\"inLanguage\":\"fr-FR\",\"potentialAction\":[{\"@type\":\"ReadAction\",\"target\":[\"https:\/\/alegerglobal.com\/fr\/shop-fr\/gadgets-fr\/getac-zx70-ex-tablette-antideflagrante-atex-zone-2-ecran-7-pouces-android-9-ip67-mil-std-810h-kopie-kopie\/\"]}]},{\"@type\":\"ImageObject\",\"inLanguage\":\"fr-FR\",\"@id\":\"https:\/\/alegerglobal.com\/fr\/shop-fr\/gadgets-fr\/getac-zx70-ex-tablette-antideflagrante-atex-zone-2-ecran-7-pouces-android-9-ip67-mil-std-810h-kopie-kopie\/#primaryimage\",\"url\":\"https:\/\/alegerglobal.com\/wp-content\/uploads\/2025\/11\/uvisan-vrprom.png\",\"contentUrl\":\"https:\/\/alegerglobal.com\/wp-content\/uploads\/2025\/11\/uvisan-vrprom.png\",\"width\":800,\"height\":800},{\"@type\":\"BreadcrumbList\",\"@id\":\"https:\/\/alegerglobal.com\/fr\/shop-fr\/gadgets-fr\/getac-zx70-ex-tablette-antideflagrante-atex-zone-2-ecran-7-pouces-android-9-ip67-mil-std-810h-kopie-kopie\/#breadcrumb\",\"itemListElement\":[{\"@type\":\"ListItem\",\"position\":1,\"name\":\"Home\",\"item\":\"https:\/\/alegerglobal.com\/fr\/new-page-daccueil\/\"},{\"@type\":\"ListItem\",\"position\":2,\"name\":\"Produits\",\"item\":\"https:\/\/alegerglobal.com\/fr\/produits\/\"},{\"@type\":\"ListItem\",\"position\":3,\"name\":\"Uvisan VRProM &#8211; Hygi\u00e8ne efficace, stockage et chargement s\u00e9curis\u00e9s pour les appareils partag\u00e9s\"}]},{\"@type\":\"WebSite\",\"@id\":\"https:\/\/alegerglobal.com\/fr\/#website\",\"url\":\"https:\/\/alegerglobal.com\/fr\/\",\"name\":\"ALEGER \u22c6 Augmented Reality\",\"description\":\"Die besten Augmented Reality (AR) L\u00f6sungen der Welt.\",\"publisher\":{\"@id\":\"https:\/\/alegerglobal.com\/fr\/#organization\"},\"potentialAction\":[{\"@type\":\"SearchAction\",\"target\":{\"@type\":\"EntryPoint\",\"urlTemplate\":\"https:\/\/alegerglobal.com\/fr\/?s={search_term_string}\"},\"query-input\":{\"@type\":\"PropertyValueSpecification\",\"valueRequired\":true,\"valueName\":\"search_term_string\"}}],\"inLanguage\":\"fr-FR\"},{\"@type\":\"Organization\",\"@id\":\"https:\/\/alegerglobal.com\/fr\/#organization\",\"name\":\"ALEGER \u22c6 Augmented Reality\",\"url\":\"https:\/\/alegerglobal.com\/fr\/\",\"logo\":{\"@type\":\"ImageObject\",\"inLanguage\":\"fr-FR\",\"@id\":\"https:\/\/alegerglobal.com\/fr\/#\/schema\/logo\/image\/\",\"url\":\"https:\/\/alegerglobal.com\/wp-content\/uploads\/2020\/12\/aleger-logo-quadrat.jpg\",\"contentUrl\":\"https:\/\/alegerglobal.com\/wp-content\/uploads\/2020\/12\/aleger-logo-quadrat.jpg\",\"width\":200,\"height\":176,\"caption\":\"ALEGER \u22c6 Augmented Reality\"},\"image\":{\"@id\":\"https:\/\/alegerglobal.com\/fr\/#\/schema\/logo\/image\/\"}}]}<\/script>\n<meta property=\"product:brand\" content=\"Getac\" \/>\n<meta property=\"product:price:amount\" content=\"2168.99\" \/>\n<meta property=\"product:price:currency\" content=\"EUR\" \/>\n<meta property=\"og:availability\" content=\"instock\" \/>\n<meta property=\"product:availability\" content=\"instock\" \/>\n<meta property=\"product:condition\" content=\"new\" \/>\n<!-- \/ Yoast SEO Premium plugin. -->","yoast_head_json":{"title":"Acheter Uvisan VRProM - Armoire de d\u00e9sinfection UV-C & de chargement","description":"L'Uvisan VRProM est une armoire de d\u00e9sinfection et de chargement UV-C pour les casques VR\/AR, les tablettes & les ordinateurs portables avec une couverture UVC de 360\u00b0, jusqu'\u00e0 99,999% et 36 ports.","robots":{"index":"index","follow":"follow","max-snippet":"max-snippet:-1","max-image-preview":"max-image-preview:large","max-video-preview":"max-video-preview:-1"},"og_locale":"fr_FR","og_type":"article","og_title":"Uvisan VRProM - Hygi\u00e8ne efficace, stockage et chargement s\u00e9curis\u00e9s pour les appareils partag\u00e9s","og_description":"L'Uvisan VRProM est une armoire de d\u00e9sinfection et de chargement UV-C pour les casques VR\/AR, les tablettes & les ordinateurs portables avec une couverture UVC de 360\u00b0, jusqu'\u00e0 99,999% et 36 ports.","og_url":"https:\/\/alegerglobal.com\/fr\/shop-fr\/gadgets-fr\/getac-zx70-ex-tablette-antideflagrante-atex-zone-2-ecran-7-pouces-android-9-ip67-mil-std-810h-kopie-kopie\/","og_site_name":"ALEGER \u22c6 Augmented Reality","article_modified_time":"2026-03-19T17:56:39+00:00","og_image":[{"width":800,"height":800,"url":"https:\/\/alegerglobal.com\/wp-content\/uploads\/2025\/11\/uvisan-vrprom.png","type":"image\/png"}],"twitter_card":"summary_large_image","twitter_misc":{"Prix":"&euro;2.168,99","Disponibilit\u00e9":"En stock"},"schema":{"@context":"https:\/\/schema.org","@graph":[{"@type":"WebPage","@id":"https:\/\/alegerglobal.com\/fr\/shop-fr\/gadgets-fr\/getac-zx70-ex-tablette-antideflagrante-atex-zone-2-ecran-7-pouces-android-9-ip67-mil-std-810h-kopie-kopie\/","url":"https:\/\/alegerglobal.com\/fr\/shop-fr\/gadgets-fr\/getac-zx70-ex-tablette-antideflagrante-atex-zone-2-ecran-7-pouces-android-9-ip67-mil-std-810h-kopie-kopie\/","name":"Acheter Uvisan VRProM - Armoire de d\u00e9sinfection UV-C & de chargement","isPartOf":{"@id":"https:\/\/alegerglobal.com\/fr\/#website"},"primaryImageOfPage":{"@id":"https:\/\/alegerglobal.com\/fr\/shop-fr\/gadgets-fr\/getac-zx70-ex-tablette-antideflagrante-atex-zone-2-ecran-7-pouces-android-9-ip67-mil-std-810h-kopie-kopie\/#primaryimage"},"image":{"@id":"https:\/\/alegerglobal.com\/fr\/shop-fr\/gadgets-fr\/getac-zx70-ex-tablette-antideflagrante-atex-zone-2-ecran-7-pouces-android-9-ip67-mil-std-810h-kopie-kopie\/#primaryimage"},"thumbnailUrl":"https:\/\/alegerglobal.com\/wp-content\/uploads\/2025\/11\/uvisan-vrprom.png","datePublished":"2025-11-02T13:08:55+00:00","dateModified":"2026-03-19T17:56:39+00:00","description":"L'Uvisan VRProM est une armoire de d\u00e9sinfection et de chargement UV-C pour les casques VR\/AR, les tablettes & les ordinateurs portables avec une couverture UVC de 360\u00b0, jusqu'\u00e0 99,999% et 36 ports.","breadcrumb":{"@id":"https:\/\/alegerglobal.com\/fr\/shop-fr\/gadgets-fr\/getac-zx70-ex-tablette-antideflagrante-atex-zone-2-ecran-7-pouces-android-9-ip67-mil-std-810h-kopie-kopie\/#breadcrumb"},"inLanguage":"fr-FR","potentialAction":[{"@type":"ReadAction","target":["https:\/\/alegerglobal.com\/fr\/shop-fr\/gadgets-fr\/getac-zx70-ex-tablette-antideflagrante-atex-zone-2-ecran-7-pouces-android-9-ip67-mil-std-810h-kopie-kopie\/"]}]},{"@type":"ImageObject","inLanguage":"fr-FR","@id":"https:\/\/alegerglobal.com\/fr\/shop-fr\/gadgets-fr\/getac-zx70-ex-tablette-antideflagrante-atex-zone-2-ecran-7-pouces-android-9-ip67-mil-std-810h-kopie-kopie\/#primaryimage","url":"https:\/\/alegerglobal.com\/wp-content\/uploads\/2025\/11\/uvisan-vrprom.png","contentUrl":"https:\/\/alegerglobal.com\/wp-content\/uploads\/2025\/11\/uvisan-vrprom.png","width":800,"height":800},{"@type":"BreadcrumbList","@id":"https:\/\/alegerglobal.com\/fr\/shop-fr\/gadgets-fr\/getac-zx70-ex-tablette-antideflagrante-atex-zone-2-ecran-7-pouces-android-9-ip67-mil-std-810h-kopie-kopie\/#breadcrumb","itemListElement":[{"@type":"ListItem","position":1,"name":"Home","item":"https:\/\/alegerglobal.com\/fr\/new-page-daccueil\/"},{"@type":"ListItem","position":2,"name":"Produits","item":"https:\/\/alegerglobal.com\/fr\/produits\/"},{"@type":"ListItem","position":3,"name":"Uvisan VRProM &#8211; Hygi\u00e8ne efficace, stockage et chargement s\u00e9curis\u00e9s pour les appareils partag\u00e9s"}]},{"@type":"WebSite","@id":"https:\/\/alegerglobal.com\/fr\/#website","url":"https:\/\/alegerglobal.com\/fr\/","name":"ALEGER \u22c6 Augmented Reality","description":"Die besten Augmented Reality (AR) L\u00f6sungen der Welt.","publisher":{"@id":"https:\/\/alegerglobal.com\/fr\/#organization"},"potentialAction":[{"@type":"SearchAction","target":{"@type":"EntryPoint","urlTemplate":"https:\/\/alegerglobal.com\/fr\/?s={search_term_string}"},"query-input":{"@type":"PropertyValueSpecification","valueRequired":true,"valueName":"search_term_string"}}],"inLanguage":"fr-FR"},{"@type":"Organization","@id":"https:\/\/alegerglobal.com\/fr\/#organization","name":"ALEGER \u22c6 Augmented Reality","url":"https:\/\/alegerglobal.com\/fr\/","logo":{"@type":"ImageObject","inLanguage":"fr-FR","@id":"https:\/\/alegerglobal.com\/fr\/#\/schema\/logo\/image\/","url":"https:\/\/alegerglobal.com\/wp-content\/uploads\/2020\/12\/aleger-logo-quadrat.jpg","contentUrl":"https:\/\/alegerglobal.com\/wp-content\/uploads\/2020\/12\/aleger-logo-quadrat.jpg","width":200,"height":176,"caption":"ALEGER \u22c6 Augmented Reality"},"image":{"@id":"https:\/\/alegerglobal.com\/fr\/#\/schema\/logo\/image\/"}}]},"product_brand":"Getac","product_price_amount":"2168.99","product_price_currency":"EUR","og_availability":"instock","product_availability":"instock","product_condition":"new"},"_links":{"self":[{"href":"https:\/\/alegerglobal.com\/fr\/wp-json\/wp\/v2\/product\/51557","targetHints":{"allow":["GET"]}}],"collection":[{"href":"https:\/\/alegerglobal.com\/fr\/wp-json\/wp\/v2\/product"}],"about":[{"href":"https:\/\/alegerglobal.com\/fr\/wp-json\/wp\/v2\/types\/product"}],"replies":[{"embeddable":true,"href":"https:\/\/alegerglobal.com\/fr\/wp-json\/wp\/v2\/comments?post=51557"}],"version-history":[{"count":3,"href":"https:\/\/alegerglobal.com\/fr\/wp-json\/wp\/v2\/product\/51557\/revisions"}],"predecessor-version":[{"id":53942,"href":"https:\/\/alegerglobal.com\/fr\/wp-json\/wp\/v2\/product\/51557\/revisions\/53942"}],"wp:featuredmedia":[{"embeddable":true,"href":"https:\/\/alegerglobal.com\/fr\/wp-json\/wp\/v2\/media\/51592"}],"wp:attachment":[{"href":"https:\/\/alegerglobal.com\/fr\/wp-json\/wp\/v2\/media?parent=51557"}],"wp:term":[{"taxonomy":"product_brand","embeddable":true,"href":"https:\/\/alegerglobal.com\/fr\/wp-json\/wp\/v2\/product_brand?post=51557"},{"taxonomy":"product_cat","embeddable":true,"href":"https:\/\/alegerglobal.com\/fr\/wp-json\/wp\/v2\/product_cat?post=51557"},{"taxonomy":"product_tag","embeddable":true,"href":"https:\/\/alegerglobal.com\/fr\/wp-json\/wp\/v2\/product_tag?post=51557"}],"curies":[{"name":"wp","href":"https:\/\/api.w.org\/{rel}","templated":true}]}}