{"id":51497,"date":"2025-11-02T13:47:54","date_gmt":"2025-11-02T12:47:56","guid":{"rendered":"https:\/\/alegerglobal.com\/?post_type=product&#038;p=51497"},"modified":"2026-03-25T20:28:34","modified_gmt":"2026-03-25T19:28:34","slug":"getac-zx70-ex-tablette-antideflagrante-atex-zone-2-ecran-7-pouces-android-9-ip67-mil-std-810h-3","status":"publish","type":"product","link":"https:\/\/alegerglobal.com\/fr\/shop-fr\/gadgets-fr\/getac-zx70-ex-tablette-antideflagrante-atex-zone-2-ecran-7-pouces-android-9-ip67-mil-std-810h-3\/","title":{"rendered":"Uvisan UV-C Disinfection Cabinet &#8211; Une hygi\u00e8ne efficace pour les dispositifs partag\u00e9s"},"content":{"rendered":"","protected":false},"excerpt":{"rendered":"<p>Les cabinets de d\u00e9sinfection UV-C d&rsquo;Uvisan offrent une solution tr\u00e8s efficace pour d\u00e9sinfecter, recharger et stocker en toute s\u00e9curit\u00e9 les appareils partag\u00e9s. En quelques minutes seulement, les tablettes, ordinateurs portables, casques VR\/AR et autres terminaux \u00e9lectroniques sont d\u00e9barrass\u00e9s de mani\u00e8re fiable des virus, bact\u00e9ries et champignons gr\u00e2ce \u00e0 la lumi\u00e8re UV-C, sans utiliser de liquides, de chaleur ou de produits chimiques.<\/p>\n<p>Gr\u00e2ce aux stations de charge rapide int\u00e9gr\u00e9es (ports USB), les appareils peuvent \u00eatre charg\u00e9s et d\u00e9sinfect\u00e9s simultan\u00e9ment &#8211; ils sont donc toujours pr\u00eats \u00e0 l&#8217;emploi. Les bo\u00eetiers en acier verrouillables, les roulettes pour la mobilit\u00e9 et les diff\u00e9rents mod\u00e8les de taille (Small, Medium, Large) rendent la gamme flexible pour les \u00e9coles, les instituts de formation, l&rsquo;industrie, le secteur de la sant\u00e9 ou les laboratoires VR\/AR.<\/p>\n<p>Avec des certifications v\u00e9rifi\u00e9es (par exemple, IEC 62471, normes ISO), la solution est \u00e0 la fois s\u00fbre et performante.<\/p>\n","protected":false},"featured_media":51519,"comment_status":"open","ping_status":"closed","template":"","meta":{"_acf_changed":false},"product_brand":[],"product_cat":[624],"product_tag":[],"class_list":{"0":"post-51497","1":"product","2":"type-product","3":"status-publish","4":"has-post-thumbnail","6":"product_cat-gadgets-fr","7":"pa_hersteller-getac-fr","9":"first","10":"instock","11":"taxable","12":"shipping-taxable","13":"purchasable","14":"product-type-simple"},"acf":[],"yoast_head":"<!-- This site is optimized with the Yoast SEO Premium plugin v20.10 (Yoast SEO v24.3) - https:\/\/yoast.com\/wordpress\/plugins\/seo\/ -->\n<title>Acheter Uvisan UV-C Disinfection Cabinet<\/title>\n<meta name=\"description\" content=\"Les cabines de d\u00e9sinfection UV-C Uvisan nettoient, chargent et s\u00e9curisent les appareils partag\u00e9s tels que les casques VR, les tablettes et les ordinateurs portables \u00e0 plus de 99,99 %.\" \/>\n<meta name=\"robots\" content=\"index, follow, max-snippet:-1, max-image-preview:large, max-video-preview:-1\" \/>\n<meta property=\"og:locale\" content=\"fr_FR\" \/>\n<meta property=\"og:type\" content=\"article\" \/>\n<meta property=\"og:title\" content=\"Uvisan UV-C Disinfection Cabinet - Une hygi\u00e8ne efficace pour les dispositifs partag\u00e9s\" \/>\n<meta property=\"og:description\" content=\"Les cabines de d\u00e9sinfection UV-C Uvisan nettoient, chargent et s\u00e9curisent les appareils partag\u00e9s tels que les casques VR, les tablettes et les ordinateurs portables \u00e0 plus de 99,99 %.\" \/>\n<meta property=\"og:url\" content=\"https:\/\/alegerglobal.com\/fr\/shop-fr\/gadgets-fr\/getac-zx70-ex-tablette-antideflagrante-atex-zone-2-ecran-7-pouces-android-9-ip67-mil-std-810h-3\/\" \/>\n<meta property=\"og:site_name\" content=\"ALEGER \u22c6 Augmented Reality\" \/>\n<meta property=\"article:modified_time\" content=\"2026-03-25T19:28:34+00:00\" \/>\n<meta property=\"og:image\" content=\"https:\/\/alegerglobal.com\/wp-content\/uploads\/2025\/11\/uvisan-desinfektion-geraet.png\" \/>\n\t<meta property=\"og:image:width\" content=\"800\" \/>\n\t<meta property=\"og:image:height\" content=\"800\" \/>\n\t<meta property=\"og:image:type\" content=\"image\/png\" \/>\n<meta name=\"twitter:card\" content=\"summary_large_image\" \/>\n<meta name=\"twitter:label1\" content=\"Prix\" \/>\n\t<meta name=\"twitter:data1\" content=\"&euro;2.168,99\" \/>\n\t<meta name=\"twitter:label2\" content=\"Disponibilit\u00e9\" \/>\n\t<meta name=\"twitter:data2\" content=\"En stock\" \/>\n<script type=\"application\/ld+json\" class=\"yoast-schema-graph\">{\"@context\":\"https:\/\/schema.org\",\"@graph\":[{\"@type\":\"WebPage\",\"@id\":\"https:\/\/alegerglobal.com\/fr\/shop-fr\/gadgets-fr\/getac-zx70-ex-tablette-antideflagrante-atex-zone-2-ecran-7-pouces-android-9-ip67-mil-std-810h-3\/\",\"url\":\"https:\/\/alegerglobal.com\/fr\/shop-fr\/gadgets-fr\/getac-zx70-ex-tablette-antideflagrante-atex-zone-2-ecran-7-pouces-android-9-ip67-mil-std-810h-3\/\",\"name\":\"Acheter Uvisan UV-C Disinfection Cabinet\",\"isPartOf\":{\"@id\":\"https:\/\/alegerglobal.com\/fr\/#website\"},\"primaryImageOfPage\":{\"@id\":\"https:\/\/alegerglobal.com\/fr\/shop-fr\/gadgets-fr\/getac-zx70-ex-tablette-antideflagrante-atex-zone-2-ecran-7-pouces-android-9-ip67-mil-std-810h-3\/#primaryimage\"},\"image\":{\"@id\":\"https:\/\/alegerglobal.com\/fr\/shop-fr\/gadgets-fr\/getac-zx70-ex-tablette-antideflagrante-atex-zone-2-ecran-7-pouces-android-9-ip67-mil-std-810h-3\/#primaryimage\"},\"thumbnailUrl\":\"https:\/\/alegerglobal.com\/wp-content\/uploads\/2025\/11\/uvisan-desinfektion-geraet.png\",\"datePublished\":\"2025-11-02T12:47:56+00:00\",\"dateModified\":\"2026-03-25T19:28:34+00:00\",\"description\":\"Les cabines de d\u00e9sinfection UV-C Uvisan nettoient, chargent et s\u00e9curisent les appareils partag\u00e9s tels que les casques VR, les tablettes et les ordinateurs portables \u00e0 plus de 99,99 %.\",\"breadcrumb\":{\"@id\":\"https:\/\/alegerglobal.com\/fr\/shop-fr\/gadgets-fr\/getac-zx70-ex-tablette-antideflagrante-atex-zone-2-ecran-7-pouces-android-9-ip67-mil-std-810h-3\/#breadcrumb\"},\"inLanguage\":\"fr-FR\",\"potentialAction\":[{\"@type\":\"ReadAction\",\"target\":[\"https:\/\/alegerglobal.com\/fr\/shop-fr\/gadgets-fr\/getac-zx70-ex-tablette-antideflagrante-atex-zone-2-ecran-7-pouces-android-9-ip67-mil-std-810h-3\/\"]}]},{\"@type\":\"ImageObject\",\"inLanguage\":\"fr-FR\",\"@id\":\"https:\/\/alegerglobal.com\/fr\/shop-fr\/gadgets-fr\/getac-zx70-ex-tablette-antideflagrante-atex-zone-2-ecran-7-pouces-android-9-ip67-mil-std-810h-3\/#primaryimage\",\"url\":\"https:\/\/alegerglobal.com\/wp-content\/uploads\/2025\/11\/uvisan-desinfektion-geraet.png\",\"contentUrl\":\"https:\/\/alegerglobal.com\/wp-content\/uploads\/2025\/11\/uvisan-desinfektion-geraet.png\",\"width\":800,\"height\":800},{\"@type\":\"BreadcrumbList\",\"@id\":\"https:\/\/alegerglobal.com\/fr\/shop-fr\/gadgets-fr\/getac-zx70-ex-tablette-antideflagrante-atex-zone-2-ecran-7-pouces-android-9-ip67-mil-std-810h-3\/#breadcrumb\",\"itemListElement\":[{\"@type\":\"ListItem\",\"position\":1,\"name\":\"Home\",\"item\":\"https:\/\/alegerglobal.com\/fr\/new-page-daccueil\/\"},{\"@type\":\"ListItem\",\"position\":2,\"name\":\"Produits\",\"item\":\"https:\/\/alegerglobal.com\/fr\/produits\/\"},{\"@type\":\"ListItem\",\"position\":3,\"name\":\"Uvisan UV-C Disinfection Cabinet &#8211; Une hygi\u00e8ne efficace pour les dispositifs partag\u00e9s\"}]},{\"@type\":\"WebSite\",\"@id\":\"https:\/\/alegerglobal.com\/fr\/#website\",\"url\":\"https:\/\/alegerglobal.com\/fr\/\",\"name\":\"ALEGER \u22c6 Augmented Reality\",\"description\":\"Die besten Augmented Reality (AR) L\u00f6sungen der Welt.\",\"publisher\":{\"@id\":\"https:\/\/alegerglobal.com\/fr\/#organization\"},\"potentialAction\":[{\"@type\":\"SearchAction\",\"target\":{\"@type\":\"EntryPoint\",\"urlTemplate\":\"https:\/\/alegerglobal.com\/fr\/?s={search_term_string}\"},\"query-input\":{\"@type\":\"PropertyValueSpecification\",\"valueRequired\":true,\"valueName\":\"search_term_string\"}}],\"inLanguage\":\"fr-FR\"},{\"@type\":\"Organization\",\"@id\":\"https:\/\/alegerglobal.com\/fr\/#organization\",\"name\":\"ALEGER \u22c6 Augmented Reality\",\"url\":\"https:\/\/alegerglobal.com\/fr\/\",\"logo\":{\"@type\":\"ImageObject\",\"inLanguage\":\"fr-FR\",\"@id\":\"https:\/\/alegerglobal.com\/fr\/#\/schema\/logo\/image\/\",\"url\":\"https:\/\/alegerglobal.com\/wp-content\/uploads\/2020\/12\/aleger-logo-quadrat.jpg\",\"contentUrl\":\"https:\/\/alegerglobal.com\/wp-content\/uploads\/2020\/12\/aleger-logo-quadrat.jpg\",\"width\":200,\"height\":176,\"caption\":\"ALEGER \u22c6 Augmented Reality\"},\"image\":{\"@id\":\"https:\/\/alegerglobal.com\/fr\/#\/schema\/logo\/image\/\"}}]}<\/script>\n<meta property=\"product:brand\" content=\"Getac\" \/>\n<meta property=\"product:price:amount\" content=\"2168.99\" \/>\n<meta property=\"product:price:currency\" content=\"EUR\" \/>\n<meta property=\"og:availability\" content=\"instock\" \/>\n<meta property=\"product:availability\" content=\"instock\" \/>\n<meta property=\"product:condition\" content=\"new\" \/>\n<!-- \/ Yoast SEO Premium plugin. -->","yoast_head_json":{"title":"Acheter Uvisan UV-C Disinfection Cabinet","description":"Les cabines de d\u00e9sinfection UV-C Uvisan nettoient, chargent et s\u00e9curisent les appareils partag\u00e9s tels que les casques VR, les tablettes et les ordinateurs portables \u00e0 plus de 99,99 %.","robots":{"index":"index","follow":"follow","max-snippet":"max-snippet:-1","max-image-preview":"max-image-preview:large","max-video-preview":"max-video-preview:-1"},"og_locale":"fr_FR","og_type":"article","og_title":"Uvisan UV-C Disinfection Cabinet - Une hygi\u00e8ne efficace pour les dispositifs partag\u00e9s","og_description":"Les cabines de d\u00e9sinfection UV-C Uvisan nettoient, chargent et s\u00e9curisent les appareils partag\u00e9s tels que les casques VR, les tablettes et les ordinateurs portables \u00e0 plus de 99,99 %.","og_url":"https:\/\/alegerglobal.com\/fr\/shop-fr\/gadgets-fr\/getac-zx70-ex-tablette-antideflagrante-atex-zone-2-ecran-7-pouces-android-9-ip67-mil-std-810h-3\/","og_site_name":"ALEGER \u22c6 Augmented Reality","article_modified_time":"2026-03-25T19:28:34+00:00","og_image":[{"width":800,"height":800,"url":"https:\/\/alegerglobal.com\/wp-content\/uploads\/2025\/11\/uvisan-desinfektion-geraet.png","type":"image\/png"}],"twitter_card":"summary_large_image","twitter_misc":{"Prix":"&euro;2.168,99","Disponibilit\u00e9":"En stock"},"schema":{"@context":"https:\/\/schema.org","@graph":[{"@type":"WebPage","@id":"https:\/\/alegerglobal.com\/fr\/shop-fr\/gadgets-fr\/getac-zx70-ex-tablette-antideflagrante-atex-zone-2-ecran-7-pouces-android-9-ip67-mil-std-810h-3\/","url":"https:\/\/alegerglobal.com\/fr\/shop-fr\/gadgets-fr\/getac-zx70-ex-tablette-antideflagrante-atex-zone-2-ecran-7-pouces-android-9-ip67-mil-std-810h-3\/","name":"Acheter Uvisan UV-C Disinfection Cabinet","isPartOf":{"@id":"https:\/\/alegerglobal.com\/fr\/#website"},"primaryImageOfPage":{"@id":"https:\/\/alegerglobal.com\/fr\/shop-fr\/gadgets-fr\/getac-zx70-ex-tablette-antideflagrante-atex-zone-2-ecran-7-pouces-android-9-ip67-mil-std-810h-3\/#primaryimage"},"image":{"@id":"https:\/\/alegerglobal.com\/fr\/shop-fr\/gadgets-fr\/getac-zx70-ex-tablette-antideflagrante-atex-zone-2-ecran-7-pouces-android-9-ip67-mil-std-810h-3\/#primaryimage"},"thumbnailUrl":"https:\/\/alegerglobal.com\/wp-content\/uploads\/2025\/11\/uvisan-desinfektion-geraet.png","datePublished":"2025-11-02T12:47:56+00:00","dateModified":"2026-03-25T19:28:34+00:00","description":"Les cabines de d\u00e9sinfection UV-C Uvisan nettoient, chargent et s\u00e9curisent les appareils partag\u00e9s tels que les casques VR, les tablettes et les ordinateurs portables \u00e0 plus de 99,99 %.","breadcrumb":{"@id":"https:\/\/alegerglobal.com\/fr\/shop-fr\/gadgets-fr\/getac-zx70-ex-tablette-antideflagrante-atex-zone-2-ecran-7-pouces-android-9-ip67-mil-std-810h-3\/#breadcrumb"},"inLanguage":"fr-FR","potentialAction":[{"@type":"ReadAction","target":["https:\/\/alegerglobal.com\/fr\/shop-fr\/gadgets-fr\/getac-zx70-ex-tablette-antideflagrante-atex-zone-2-ecran-7-pouces-android-9-ip67-mil-std-810h-3\/"]}]},{"@type":"ImageObject","inLanguage":"fr-FR","@id":"https:\/\/alegerglobal.com\/fr\/shop-fr\/gadgets-fr\/getac-zx70-ex-tablette-antideflagrante-atex-zone-2-ecran-7-pouces-android-9-ip67-mil-std-810h-3\/#primaryimage","url":"https:\/\/alegerglobal.com\/wp-content\/uploads\/2025\/11\/uvisan-desinfektion-geraet.png","contentUrl":"https:\/\/alegerglobal.com\/wp-content\/uploads\/2025\/11\/uvisan-desinfektion-geraet.png","width":800,"height":800},{"@type":"BreadcrumbList","@id":"https:\/\/alegerglobal.com\/fr\/shop-fr\/gadgets-fr\/getac-zx70-ex-tablette-antideflagrante-atex-zone-2-ecran-7-pouces-android-9-ip67-mil-std-810h-3\/#breadcrumb","itemListElement":[{"@type":"ListItem","position":1,"name":"Home","item":"https:\/\/alegerglobal.com\/fr\/new-page-daccueil\/"},{"@type":"ListItem","position":2,"name":"Produits","item":"https:\/\/alegerglobal.com\/fr\/produits\/"},{"@type":"ListItem","position":3,"name":"Uvisan UV-C Disinfection Cabinet &#8211; Une hygi\u00e8ne efficace pour les dispositifs partag\u00e9s"}]},{"@type":"WebSite","@id":"https:\/\/alegerglobal.com\/fr\/#website","url":"https:\/\/alegerglobal.com\/fr\/","name":"ALEGER \u22c6 Augmented Reality","description":"Die besten Augmented Reality (AR) L\u00f6sungen der Welt.","publisher":{"@id":"https:\/\/alegerglobal.com\/fr\/#organization"},"potentialAction":[{"@type":"SearchAction","target":{"@type":"EntryPoint","urlTemplate":"https:\/\/alegerglobal.com\/fr\/?s={search_term_string}"},"query-input":{"@type":"PropertyValueSpecification","valueRequired":true,"valueName":"search_term_string"}}],"inLanguage":"fr-FR"},{"@type":"Organization","@id":"https:\/\/alegerglobal.com\/fr\/#organization","name":"ALEGER \u22c6 Augmented Reality","url":"https:\/\/alegerglobal.com\/fr\/","logo":{"@type":"ImageObject","inLanguage":"fr-FR","@id":"https:\/\/alegerglobal.com\/fr\/#\/schema\/logo\/image\/","url":"https:\/\/alegerglobal.com\/wp-content\/uploads\/2020\/12\/aleger-logo-quadrat.jpg","contentUrl":"https:\/\/alegerglobal.com\/wp-content\/uploads\/2020\/12\/aleger-logo-quadrat.jpg","width":200,"height":176,"caption":"ALEGER \u22c6 Augmented Reality"},"image":{"@id":"https:\/\/alegerglobal.com\/fr\/#\/schema\/logo\/image\/"}}]},"product_brand":"Getac","product_price_amount":"2168.99","product_price_currency":"EUR","og_availability":"instock","product_availability":"instock","product_condition":"new"},"_links":{"self":[{"href":"https:\/\/alegerglobal.com\/fr\/wp-json\/wp\/v2\/product\/51497","targetHints":{"allow":["GET"]}}],"collection":[{"href":"https:\/\/alegerglobal.com\/fr\/wp-json\/wp\/v2\/product"}],"about":[{"href":"https:\/\/alegerglobal.com\/fr\/wp-json\/wp\/v2\/types\/product"}],"replies":[{"embeddable":true,"href":"https:\/\/alegerglobal.com\/fr\/wp-json\/wp\/v2\/comments?post=51497"}],"version-history":[{"count":3,"href":"https:\/\/alegerglobal.com\/fr\/wp-json\/wp\/v2\/product\/51497\/revisions"}],"predecessor-version":[{"id":54105,"href":"https:\/\/alegerglobal.com\/fr\/wp-json\/wp\/v2\/product\/51497\/revisions\/54105"}],"wp:featuredmedia":[{"embeddable":true,"href":"https:\/\/alegerglobal.com\/fr\/wp-json\/wp\/v2\/media\/51519"}],"wp:attachment":[{"href":"https:\/\/alegerglobal.com\/fr\/wp-json\/wp\/v2\/media?parent=51497"}],"wp:term":[{"taxonomy":"product_brand","embeddable":true,"href":"https:\/\/alegerglobal.com\/fr\/wp-json\/wp\/v2\/product_brand?post=51497"},{"taxonomy":"product_cat","embeddable":true,"href":"https:\/\/alegerglobal.com\/fr\/wp-json\/wp\/v2\/product_cat?post=51497"},{"taxonomy":"product_tag","embeddable":true,"href":"https:\/\/alegerglobal.com\/fr\/wp-json\/wp\/v2\/product_tag?post=51497"}],"curies":[{"name":"wp","href":"https:\/\/api.w.org\/{rel}","templated":true}]}}