{"id":51345,"date":"2025-10-31T11:01:08","date_gmt":"2025-10-31T10:01:10","guid":{"rendered":"https:\/\/alegerglobal.com\/?post_type=product&#038;p=51345"},"modified":"2026-03-24T16:22:13","modified_gmt":"2026-03-24T15:22:13","slug":"realwear-navigator-500-ip66-mil-std-810-4-go-ram-64-go-854x480px-batterie-2600-mah-android-11-kopie","status":"publish","type":"product","link":"https:\/\/alegerglobal.com\/fr\/shop-fr\/lunettes-intelligentes\/realwear-navigator-500-ip66-mil-std-810-4-go-ram-64-go-854x480px-batterie-2600-mah-android-11-kopie\/","title":{"rendered":"RealWear Arc 3 &#8211; Les lunettes de donn\u00e9es pour l&rsquo;industrie &amp; la production et l&rsquo;assistance d&rsquo;experts \u00e0 distance avec MS Teams"},"content":{"rendered":"","protected":false},"excerpt":{"rendered":"<h3 data-start=\"794\" data-end=\"869\">RealWear Arc 3 &#8211; Lunettes AR intelligentes pour le travail industriel en r\u00e9seau<\/h3>\n<p data-start=\"871\" data-end=\"1071\">Le <strong data-start=\"875\" data-end=\"893\">RealWear Arc 3<\/strong> est la derni\u00e8re g\u00e9n\u00e9ration de lunettes de donn\u00e9es intelligentes, con\u00e7ues pour les applications industrielles o\u00f9 la s\u00e9curit\u00e9, la productivit\u00e9 et la collaboration num\u00e9rique sont essentielles.<\/p>\n<p data-start=\"1073\" data-end=\"1440\">Avec un <strong data-start=\"1083\" data-end=\"1120\">\u00e9cran Micro-OLED transparent<\/strong>, <strong data-start=\"1126\" data-end=\"1143\">un poids<\/strong> de seulement <strong data-start=\"1126\" data-end=\"1143\">175 g<\/strong> et un <strong data-start=\"1171\" data-end=\"1207\">double syst\u00e8me de cam\u00e9ra<\/strong> puissant <strong data-start=\"1171\" data-end=\"1207\">(48 MP + 8 MP)<\/strong>, l&rsquo;Arc 3 combine une qualit\u00e9 d&rsquo;image sup\u00e9rieure avec un confort maximal. La commande vocale, la conception robuste et l&rsquo;int\u00e9gration intelligente dans les solutions logicielles existantes en font l&rsquo;outil parfait pour les applications industrielles 4.0.<\/p>\n<p data-start=\"1442\" data-end=\"1821\">Arc 3 est particuli\u00e8rement performant dans <strong data-start=\"1475\" data-end=\"1510\">les sc\u00e9narios d&rsquo;assistance d&rsquo;experts \u00e0 distance<\/strong>:<br data-start=\"1511\" data-end=\"1514\" \/>Il est enti\u00e8rement <strong data-start=\"1534\" data-end=\"1633\">compatible avec Microsoft Teams, Zoom, Webex, Intoware WorkfloPlus et d&rsquo;autres solutions de flux de travail<\/strong>. Les professionnels peuvent ainsi collaborer en direct avec des experts, visionner des instructions vid\u00e9o ou ex\u00e9cuter des flux de travail num\u00e9riques \u00e9tape par \u00e9tape, le tout en gardant les mains totalement libres et un champ de vision clair.<\/p>\n<p data-start=\"1823\" data-end=\"1997\">Cette combinaison de visualisation AR, de communication et de documentation fait de l&rsquo;Arc 3 un partenaire id\u00e9al pour la maintenance, l&rsquo;inspection, la formation et la gestion de la qualit\u00e9.<\/p>\n","protected":false},"featured_media":51380,"comment_status":"open","ping_status":"closed","template":"","meta":{"_acf_changed":false},"product_brand":[],"product_cat":[661,601],"product_tag":[],"class_list":{"0":"post-51345","1":"product","2":"type-product","3":"status-publish","4":"has-post-thumbnail","6":"product_cat-lunettes-intelligentes","7":"product_cat-shop-fr","8":"pa_hersteller-realwear-fr","10":"first","11":"instock","12":"taxable","13":"shipping-taxable","14":"purchasable","15":"product-type-simple"},"acf":[],"yoast_head":"<!-- This site is optimized with the Yoast SEO Premium plugin v20.10 (Yoast SEO v24.3) - https:\/\/yoast.com\/wordpress\/plugins\/seo\/ -->\n<title>RealWear Arc 3 - lunettes intelligentes AR ultral\u00e9g\u00e8res avec MS Teams<\/title>\n<meta name=\"description\" content=\"RealWear Arc 3 : \u00e9cran micro-OLED transparent, double cam\u00e9ra 48 M, poids 175 g, id\u00e9al pour la maintenance, la production, les processus de travail num\u00e9riques avec MS Teams\" \/>\n<meta name=\"robots\" content=\"index, follow, max-snippet:-1, max-image-preview:large, max-video-preview:-1\" \/>\n<meta property=\"og:locale\" content=\"fr_FR\" \/>\n<meta property=\"og:type\" content=\"article\" \/>\n<meta property=\"og:title\" content=\"RealWear Arc 3 - Les lunettes de donn\u00e9es pour l&#039;industrie &amp; la production et l&#039;assistance d&#039;experts \u00e0 distance avec MS Teams\" \/>\n<meta property=\"og:description\" content=\"RealWear Arc 3 : \u00e9cran micro-OLED transparent, double cam\u00e9ra 48 M, poids 175 g, id\u00e9al pour la maintenance, la production, les processus de travail num\u00e9riques avec MS Teams\" \/>\n<meta property=\"og:url\" content=\"https:\/\/alegerglobal.com\/fr\/shop-fr\/lunettes-intelligentes\/realwear-navigator-500-ip66-mil-std-810-4-go-ram-64-go-854x480px-batterie-2600-mah-android-11-kopie\/\" \/>\n<meta property=\"og:site_name\" content=\"ALEGER \u22c6 Augmented Reality\" \/>\n<meta property=\"article:modified_time\" content=\"2026-03-24T15:22:13+00:00\" \/>\n<meta property=\"og:image\" content=\"https:\/\/alegerglobal.com\/wp-content\/uploads\/2025\/10\/realwear-arc-3.png\" \/>\n\t<meta property=\"og:image:width\" content=\"800\" \/>\n\t<meta property=\"og:image:height\" content=\"800\" \/>\n\t<meta property=\"og:image:type\" content=\"image\/png\" \/>\n<meta name=\"twitter:card\" content=\"summary_large_image\" \/>\n<meta name=\"twitter:label1\" content=\"Prix\" \/>\n\t<meta name=\"twitter:data1\" content=\"&euro;2.233,31\" \/>\n\t<meta name=\"twitter:label2\" content=\"Disponibilit\u00e9\" \/>\n\t<meta name=\"twitter:data2\" content=\"En stock\" \/>\n<script type=\"application\/ld+json\" class=\"yoast-schema-graph\">{\"@context\":\"https:\/\/schema.org\",\"@graph\":[{\"@type\":\"WebPage\",\"@id\":\"https:\/\/alegerglobal.com\/fr\/shop-fr\/lunettes-intelligentes\/realwear-navigator-500-ip66-mil-std-810-4-go-ram-64-go-854x480px-batterie-2600-mah-android-11-kopie\/\",\"url\":\"https:\/\/alegerglobal.com\/fr\/shop-fr\/lunettes-intelligentes\/realwear-navigator-500-ip66-mil-std-810-4-go-ram-64-go-854x480px-batterie-2600-mah-android-11-kopie\/\",\"name\":\"RealWear Arc 3 - lunettes intelligentes AR ultral\u00e9g\u00e8res avec MS Teams\",\"isPartOf\":{\"@id\":\"https:\/\/alegerglobal.com\/fr\/#website\"},\"primaryImageOfPage\":{\"@id\":\"https:\/\/alegerglobal.com\/fr\/shop-fr\/lunettes-intelligentes\/realwear-navigator-500-ip66-mil-std-810-4-go-ram-64-go-854x480px-batterie-2600-mah-android-11-kopie\/#primaryimage\"},\"image\":{\"@id\":\"https:\/\/alegerglobal.com\/fr\/shop-fr\/lunettes-intelligentes\/realwear-navigator-500-ip66-mil-std-810-4-go-ram-64-go-854x480px-batterie-2600-mah-android-11-kopie\/#primaryimage\"},\"thumbnailUrl\":\"https:\/\/alegerglobal.com\/wp-content\/uploads\/2025\/10\/realwear-arc-3.png\",\"datePublished\":\"2025-10-31T10:01:10+00:00\",\"dateModified\":\"2026-03-24T15:22:13+00:00\",\"description\":\"RealWear Arc 3 : \u00e9cran micro-OLED transparent, double cam\u00e9ra 48 M, poids 175 g, id\u00e9al pour la maintenance, la production, les processus de travail num\u00e9riques avec MS Teams\",\"breadcrumb\":{\"@id\":\"https:\/\/alegerglobal.com\/fr\/shop-fr\/lunettes-intelligentes\/realwear-navigator-500-ip66-mil-std-810-4-go-ram-64-go-854x480px-batterie-2600-mah-android-11-kopie\/#breadcrumb\"},\"inLanguage\":\"fr-FR\",\"potentialAction\":[{\"@type\":\"ReadAction\",\"target\":[\"https:\/\/alegerglobal.com\/fr\/shop-fr\/lunettes-intelligentes\/realwear-navigator-500-ip66-mil-std-810-4-go-ram-64-go-854x480px-batterie-2600-mah-android-11-kopie\/\"]}]},{\"@type\":\"ImageObject\",\"inLanguage\":\"fr-FR\",\"@id\":\"https:\/\/alegerglobal.com\/fr\/shop-fr\/lunettes-intelligentes\/realwear-navigator-500-ip66-mil-std-810-4-go-ram-64-go-854x480px-batterie-2600-mah-android-11-kopie\/#primaryimage\",\"url\":\"https:\/\/alegerglobal.com\/wp-content\/uploads\/2025\/10\/realwear-arc-3.png\",\"contentUrl\":\"https:\/\/alegerglobal.com\/wp-content\/uploads\/2025\/10\/realwear-arc-3.png\",\"width\":800,\"height\":800},{\"@type\":\"BreadcrumbList\",\"@id\":\"https:\/\/alegerglobal.com\/fr\/shop-fr\/lunettes-intelligentes\/realwear-navigator-500-ip66-mil-std-810-4-go-ram-64-go-854x480px-batterie-2600-mah-android-11-kopie\/#breadcrumb\",\"itemListElement\":[{\"@type\":\"ListItem\",\"position\":1,\"name\":\"Home\",\"item\":\"https:\/\/alegerglobal.com\/fr\/new-page-daccueil\/\"},{\"@type\":\"ListItem\",\"position\":2,\"name\":\"Produits\",\"item\":\"https:\/\/alegerglobal.com\/fr\/produits\/\"},{\"@type\":\"ListItem\",\"position\":3,\"name\":\"RealWear Arc 3 &#8211; Les lunettes de donn\u00e9es pour l&#8217;industrie &amp; la production et l&#8217;assistance d&#8217;experts \u00e0 distance avec MS Teams\"}]},{\"@type\":\"WebSite\",\"@id\":\"https:\/\/alegerglobal.com\/fr\/#website\",\"url\":\"https:\/\/alegerglobal.com\/fr\/\",\"name\":\"ALEGER \u22c6 Augmented Reality\",\"description\":\"Die besten Augmented Reality (AR) L\u00f6sungen der Welt.\",\"publisher\":{\"@id\":\"https:\/\/alegerglobal.com\/fr\/#organization\"},\"potentialAction\":[{\"@type\":\"SearchAction\",\"target\":{\"@type\":\"EntryPoint\",\"urlTemplate\":\"https:\/\/alegerglobal.com\/fr\/?s={search_term_string}\"},\"query-input\":{\"@type\":\"PropertyValueSpecification\",\"valueRequired\":true,\"valueName\":\"search_term_string\"}}],\"inLanguage\":\"fr-FR\"},{\"@type\":\"Organization\",\"@id\":\"https:\/\/alegerglobal.com\/fr\/#organization\",\"name\":\"ALEGER \u22c6 Augmented Reality\",\"url\":\"https:\/\/alegerglobal.com\/fr\/\",\"logo\":{\"@type\":\"ImageObject\",\"inLanguage\":\"fr-FR\",\"@id\":\"https:\/\/alegerglobal.com\/fr\/#\/schema\/logo\/image\/\",\"url\":\"https:\/\/alegerglobal.com\/wp-content\/uploads\/2020\/12\/aleger-logo-quadrat.jpg\",\"contentUrl\":\"https:\/\/alegerglobal.com\/wp-content\/uploads\/2020\/12\/aleger-logo-quadrat.jpg\",\"width\":200,\"height\":176,\"caption\":\"ALEGER \u22c6 Augmented Reality\"},\"image\":{\"@id\":\"https:\/\/alegerglobal.com\/fr\/#\/schema\/logo\/image\/\"}}]}<\/script>\n<meta property=\"product:brand\" content=\"RealWear\" \/>\n<meta property=\"product:price:amount\" content=\"2233.31\" \/>\n<meta property=\"product:price:currency\" content=\"EUR\" \/>\n<meta property=\"og:availability\" content=\"instock\" \/>\n<meta property=\"product:availability\" content=\"instock\" \/>\n<meta property=\"product:condition\" content=\"new\" \/>\n<!-- \/ Yoast SEO Premium plugin. -->","yoast_head_json":{"title":"RealWear Arc 3 - lunettes intelligentes AR ultral\u00e9g\u00e8res avec MS Teams","description":"RealWear Arc 3 : \u00e9cran micro-OLED transparent, double cam\u00e9ra 48 M, poids 175 g, id\u00e9al pour la maintenance, la production, les processus de travail num\u00e9riques avec MS Teams","robots":{"index":"index","follow":"follow","max-snippet":"max-snippet:-1","max-image-preview":"max-image-preview:large","max-video-preview":"max-video-preview:-1"},"og_locale":"fr_FR","og_type":"article","og_title":"RealWear Arc 3 - Les lunettes de donn\u00e9es pour l'industrie &amp; la production et l'assistance d'experts \u00e0 distance avec MS Teams","og_description":"RealWear Arc 3 : \u00e9cran micro-OLED transparent, double cam\u00e9ra 48 M, poids 175 g, id\u00e9al pour la maintenance, la production, les processus de travail num\u00e9riques avec MS Teams","og_url":"https:\/\/alegerglobal.com\/fr\/shop-fr\/lunettes-intelligentes\/realwear-navigator-500-ip66-mil-std-810-4-go-ram-64-go-854x480px-batterie-2600-mah-android-11-kopie\/","og_site_name":"ALEGER \u22c6 Augmented Reality","article_modified_time":"2026-03-24T15:22:13+00:00","og_image":[{"width":800,"height":800,"url":"https:\/\/alegerglobal.com\/wp-content\/uploads\/2025\/10\/realwear-arc-3.png","type":"image\/png"}],"twitter_card":"summary_large_image","twitter_misc":{"Prix":"&euro;2.233,31","Disponibilit\u00e9":"En stock"},"schema":{"@context":"https:\/\/schema.org","@graph":[{"@type":"WebPage","@id":"https:\/\/alegerglobal.com\/fr\/shop-fr\/lunettes-intelligentes\/realwear-navigator-500-ip66-mil-std-810-4-go-ram-64-go-854x480px-batterie-2600-mah-android-11-kopie\/","url":"https:\/\/alegerglobal.com\/fr\/shop-fr\/lunettes-intelligentes\/realwear-navigator-500-ip66-mil-std-810-4-go-ram-64-go-854x480px-batterie-2600-mah-android-11-kopie\/","name":"RealWear Arc 3 - lunettes intelligentes AR ultral\u00e9g\u00e8res avec MS Teams","isPartOf":{"@id":"https:\/\/alegerglobal.com\/fr\/#website"},"primaryImageOfPage":{"@id":"https:\/\/alegerglobal.com\/fr\/shop-fr\/lunettes-intelligentes\/realwear-navigator-500-ip66-mil-std-810-4-go-ram-64-go-854x480px-batterie-2600-mah-android-11-kopie\/#primaryimage"},"image":{"@id":"https:\/\/alegerglobal.com\/fr\/shop-fr\/lunettes-intelligentes\/realwear-navigator-500-ip66-mil-std-810-4-go-ram-64-go-854x480px-batterie-2600-mah-android-11-kopie\/#primaryimage"},"thumbnailUrl":"https:\/\/alegerglobal.com\/wp-content\/uploads\/2025\/10\/realwear-arc-3.png","datePublished":"2025-10-31T10:01:10+00:00","dateModified":"2026-03-24T15:22:13+00:00","description":"RealWear Arc 3 : \u00e9cran micro-OLED transparent, double cam\u00e9ra 48 M, poids 175 g, id\u00e9al pour la maintenance, la production, les processus de travail num\u00e9riques avec MS Teams","breadcrumb":{"@id":"https:\/\/alegerglobal.com\/fr\/shop-fr\/lunettes-intelligentes\/realwear-navigator-500-ip66-mil-std-810-4-go-ram-64-go-854x480px-batterie-2600-mah-android-11-kopie\/#breadcrumb"},"inLanguage":"fr-FR","potentialAction":[{"@type":"ReadAction","target":["https:\/\/alegerglobal.com\/fr\/shop-fr\/lunettes-intelligentes\/realwear-navigator-500-ip66-mil-std-810-4-go-ram-64-go-854x480px-batterie-2600-mah-android-11-kopie\/"]}]},{"@type":"ImageObject","inLanguage":"fr-FR","@id":"https:\/\/alegerglobal.com\/fr\/shop-fr\/lunettes-intelligentes\/realwear-navigator-500-ip66-mil-std-810-4-go-ram-64-go-854x480px-batterie-2600-mah-android-11-kopie\/#primaryimage","url":"https:\/\/alegerglobal.com\/wp-content\/uploads\/2025\/10\/realwear-arc-3.png","contentUrl":"https:\/\/alegerglobal.com\/wp-content\/uploads\/2025\/10\/realwear-arc-3.png","width":800,"height":800},{"@type":"BreadcrumbList","@id":"https:\/\/alegerglobal.com\/fr\/shop-fr\/lunettes-intelligentes\/realwear-navigator-500-ip66-mil-std-810-4-go-ram-64-go-854x480px-batterie-2600-mah-android-11-kopie\/#breadcrumb","itemListElement":[{"@type":"ListItem","position":1,"name":"Home","item":"https:\/\/alegerglobal.com\/fr\/new-page-daccueil\/"},{"@type":"ListItem","position":2,"name":"Produits","item":"https:\/\/alegerglobal.com\/fr\/produits\/"},{"@type":"ListItem","position":3,"name":"RealWear Arc 3 &#8211; Les lunettes de donn\u00e9es pour l&#8217;industrie &amp; la production et l&#8217;assistance d&#8217;experts \u00e0 distance avec MS Teams"}]},{"@type":"WebSite","@id":"https:\/\/alegerglobal.com\/fr\/#website","url":"https:\/\/alegerglobal.com\/fr\/","name":"ALEGER \u22c6 Augmented Reality","description":"Die besten Augmented Reality (AR) L\u00f6sungen der Welt.","publisher":{"@id":"https:\/\/alegerglobal.com\/fr\/#organization"},"potentialAction":[{"@type":"SearchAction","target":{"@type":"EntryPoint","urlTemplate":"https:\/\/alegerglobal.com\/fr\/?s={search_term_string}"},"query-input":{"@type":"PropertyValueSpecification","valueRequired":true,"valueName":"search_term_string"}}],"inLanguage":"fr-FR"},{"@type":"Organization","@id":"https:\/\/alegerglobal.com\/fr\/#organization","name":"ALEGER \u22c6 Augmented Reality","url":"https:\/\/alegerglobal.com\/fr\/","logo":{"@type":"ImageObject","inLanguage":"fr-FR","@id":"https:\/\/alegerglobal.com\/fr\/#\/schema\/logo\/image\/","url":"https:\/\/alegerglobal.com\/wp-content\/uploads\/2020\/12\/aleger-logo-quadrat.jpg","contentUrl":"https:\/\/alegerglobal.com\/wp-content\/uploads\/2020\/12\/aleger-logo-quadrat.jpg","width":200,"height":176,"caption":"ALEGER \u22c6 Augmented Reality"},"image":{"@id":"https:\/\/alegerglobal.com\/fr\/#\/schema\/logo\/image\/"}}]},"product_brand":"RealWear","product_price_amount":"2233.31","product_price_currency":"EUR","og_availability":"instock","product_availability":"instock","product_condition":"new"},"_links":{"self":[{"href":"https:\/\/alegerglobal.com\/fr\/wp-json\/wp\/v2\/product\/51345","targetHints":{"allow":["GET"]}}],"collection":[{"href":"https:\/\/alegerglobal.com\/fr\/wp-json\/wp\/v2\/product"}],"about":[{"href":"https:\/\/alegerglobal.com\/fr\/wp-json\/wp\/v2\/types\/product"}],"replies":[{"embeddable":true,"href":"https:\/\/alegerglobal.com\/fr\/wp-json\/wp\/v2\/comments?post=51345"}],"version-history":[{"count":3,"href":"https:\/\/alegerglobal.com\/fr\/wp-json\/wp\/v2\/product\/51345\/revisions"}],"predecessor-version":[{"id":53997,"href":"https:\/\/alegerglobal.com\/fr\/wp-json\/wp\/v2\/product\/51345\/revisions\/53997"}],"wp:featuredmedia":[{"embeddable":true,"href":"https:\/\/alegerglobal.com\/fr\/wp-json\/wp\/v2\/media\/51380"}],"wp:attachment":[{"href":"https:\/\/alegerglobal.com\/fr\/wp-json\/wp\/v2\/media?parent=51345"}],"wp:term":[{"taxonomy":"product_brand","embeddable":true,"href":"https:\/\/alegerglobal.com\/fr\/wp-json\/wp\/v2\/product_brand?post=51345"},{"taxonomy":"product_cat","embeddable":true,"href":"https:\/\/alegerglobal.com\/fr\/wp-json\/wp\/v2\/product_cat?post=51345"},{"taxonomy":"product_tag","embeddable":true,"href":"https:\/\/alegerglobal.com\/fr\/wp-json\/wp\/v2\/product_tag?post=51345"}],"curies":[{"name":"wp","href":"https:\/\/api.w.org\/{rel}","templated":true}]}}