{"id":50455,"date":"2025-10-09T20:49:49","date_gmt":"2025-10-09T19:49:51","guid":{"rendered":"https:\/\/alegerglobal.com\/?post_type=product&#038;p=50455"},"modified":"2026-03-19T19:11:19","modified_gmt":"2026-03-19T18:11:19","slug":"ecom-pad-ex-pro-01-p8-dz2-tablette-antideflagrante-atex-zone-2-ecran-tactile-116-windows-kopie-kopie-kopie-kopie-kopie-kopie","status":"publish","type":"product","link":"https:\/\/alegerglobal.com\/fr\/luminaires-mobiles\/ecom-pad-ex-pro-01-p8-dz2-tablette-antideflagrante-atex-zone-2-ecran-tactile-116-windows-kopie-kopie-kopie-kopie-kopie-kopie\/","title":{"rendered":"2AAA eLED\u00ae PEN &#8211; Compacte, s\u00fbre &amp; efficace"},"content":{"rendered":"","protected":false},"excerpt":{"rendered":"<p data-start=\"599\" data-end=\"944\">La <strong data-start=\"603\" data-end=\"621\">2AAA eLED\u00ae PEN<\/strong> est une lampe de poche Penlight slimline d&rsquo;ECOM \/ Pepperl+Fuchs, d\u00e9velopp\u00e9e pour une utilisation dans les zones \u00e0 risque d&rsquo;explosion <strong data-start=\"754\" data-end=\"769\">1 \/ 21<\/strong>. Elle convainc par une r\u00e9partition uniforme de la lumi\u00e8re, un design compact et une conception robuste &#8211; id\u00e9ale pour les inspections, les travaux de service et les applications critiques en termes de s\u00e9curit\u00e9.<\/p>\n<p data-start=\"946\" data-end=\"1473\">Gr\u00e2ce \u00e0 son <strong data-start=\"957\" data-end=\"983\">c\u00f4ne d&rsquo;\u00e9clairage sp\u00e9cial<\/strong>, elle ne fournit pas une forte tache lumineuse centrale, mais une grande zone d&rsquo;\u00e9clairage uniforme &#8211; particuli\u00e8rement pratique dans les espaces restreints ou pour les t\u00e2ches d&rsquo;\u00e9clairage rapproch\u00e9. L&rsquo;<strong data-start=\"1194\" data-end=\"1219\">interrupteur de fin de course caoutchout\u00e9<\/strong> permet une utilisation m\u00eame avec des gants. Le bo\u00eetier en ABS antistatique est non conducteur, r\u00e9sistant \u00e0 la corrosion et prot\u00e8ge de la poussi\u00e8re et de l&rsquo;eau jusqu&rsquo;\u00e0 1 m de profondeur (IP67).<\/p>\n","protected":false},"featured_media":50490,"comment_status":"open","ping_status":"closed","template":"","meta":{"_acf_changed":false},"product_brand":[],"product_cat":[621,2643,601],"product_tag":[],"class_list":{"0":"post-50455","1":"product","2":"type-product","3":"status-publish","4":"has-post-thumbnail","6":"product_cat-atex-fr","7":"product_cat-luminaires-mobiles","8":"product_cat-shop-fr","10":"first","11":"instock","12":"taxable","13":"shipping-taxable","14":"purchasable","15":"product-type-simple"},"acf":[],"yoast_head":"<!-- This site is optimized with the Yoast SEO Premium plugin v20.10 (Yoast SEO v24.3) - https:\/\/yoast.com\/wordpress\/plugins\/seo\/ -->\n<title>2AAA eLED - Penlight compact ATEX \/ IECEx pour zone 1\/21<\/title>\n<meta name=\"description\" content=\"La 2AAA eLED est une lampe de poche (ATEX \/ IECEx zone 1\/21) IP67, autonomie de 3 h et poids de 102 g seulement. Elle est id\u00e9ale pour les inspections et la maintenance dans les zones \u00e0 risque d&#039;explosion.\" \/>\n<meta name=\"robots\" content=\"index, follow, max-snippet:-1, max-image-preview:large, max-video-preview:-1\" \/>\n<meta property=\"og:locale\" content=\"fr_FR\" \/>\n<meta property=\"og:type\" content=\"article\" \/>\n<meta property=\"og:title\" content=\"2AAA eLED\u00ae PEN - Compacte, s\u00fbre &amp; efficace\" \/>\n<meta property=\"og:description\" content=\"La 2AAA eLED est une lampe de poche (ATEX \/ IECEx zone 1\/21) IP67, autonomie de 3 h et poids de 102 g seulement. Elle est id\u00e9ale pour les inspections et la maintenance dans les zones \u00e0 risque d&#039;explosion.\" \/>\n<meta property=\"og:url\" content=\"https:\/\/alegerglobal.com\/fr\/luminaires-mobiles\/ecom-pad-ex-pro-01-p8-dz2-tablette-antideflagrante-atex-zone-2-ecran-tactile-116-windows-kopie-kopie-kopie-kopie-kopie-kopie\/\" \/>\n<meta property=\"og:site_name\" content=\"ALEGER \u22c6 Augmented Reality\" \/>\n<meta property=\"article:modified_time\" content=\"2026-03-19T18:11:19+00:00\" \/>\n<meta property=\"og:image\" content=\"https:\/\/alegerglobal.com\/wp-content\/uploads\/2025\/10\/2AAA-eLED.png\" \/>\n\t<meta property=\"og:image:width\" content=\"800\" \/>\n\t<meta property=\"og:image:height\" content=\"800\" \/>\n\t<meta property=\"og:image:type\" content=\"image\/png\" \/>\n<meta name=\"twitter:card\" content=\"summary_large_image\" \/>\n<meta name=\"twitter:label1\" content=\"Prix\" \/>\n\t<meta name=\"twitter:data1\" content=\"&euro;4.249,00\" \/>\n\t<meta name=\"twitter:label2\" content=\"Disponibilit\u00e9\" \/>\n\t<meta name=\"twitter:data2\" content=\"En stock\" \/>\n<script type=\"application\/ld+json\" class=\"yoast-schema-graph\">{\"@context\":\"https:\/\/schema.org\",\"@graph\":[{\"@type\":\"WebPage\",\"@id\":\"https:\/\/alegerglobal.com\/fr\/luminaires-mobiles\/ecom-pad-ex-pro-01-p8-dz2-tablette-antideflagrante-atex-zone-2-ecran-tactile-116-windows-kopie-kopie-kopie-kopie-kopie-kopie\/\",\"url\":\"https:\/\/alegerglobal.com\/fr\/luminaires-mobiles\/ecom-pad-ex-pro-01-p8-dz2-tablette-antideflagrante-atex-zone-2-ecran-tactile-116-windows-kopie-kopie-kopie-kopie-kopie-kopie\/\",\"name\":\"2AAA eLED - Penlight compact ATEX \/ IECEx pour zone 1\/21\",\"isPartOf\":{\"@id\":\"https:\/\/alegerglobal.com\/fr\/#website\"},\"primaryImageOfPage\":{\"@id\":\"https:\/\/alegerglobal.com\/fr\/luminaires-mobiles\/ecom-pad-ex-pro-01-p8-dz2-tablette-antideflagrante-atex-zone-2-ecran-tactile-116-windows-kopie-kopie-kopie-kopie-kopie-kopie\/#primaryimage\"},\"image\":{\"@id\":\"https:\/\/alegerglobal.com\/fr\/luminaires-mobiles\/ecom-pad-ex-pro-01-p8-dz2-tablette-antideflagrante-atex-zone-2-ecran-tactile-116-windows-kopie-kopie-kopie-kopie-kopie-kopie\/#primaryimage\"},\"thumbnailUrl\":\"https:\/\/alegerglobal.com\/wp-content\/uploads\/2025\/10\/2AAA-eLED.png\",\"datePublished\":\"2025-10-09T19:49:51+00:00\",\"dateModified\":\"2026-03-19T18:11:19+00:00\",\"description\":\"La 2AAA eLED est une lampe de poche (ATEX \/ IECEx zone 1\/21) IP67, autonomie de 3 h et poids de 102 g seulement. Elle est id\u00e9ale pour les inspections et la maintenance dans les zones \u00e0 risque d'explosion.\",\"breadcrumb\":{\"@id\":\"https:\/\/alegerglobal.com\/fr\/luminaires-mobiles\/ecom-pad-ex-pro-01-p8-dz2-tablette-antideflagrante-atex-zone-2-ecran-tactile-116-windows-kopie-kopie-kopie-kopie-kopie-kopie\/#breadcrumb\"},\"inLanguage\":\"fr-FR\",\"potentialAction\":[{\"@type\":\"ReadAction\",\"target\":[\"https:\/\/alegerglobal.com\/fr\/luminaires-mobiles\/ecom-pad-ex-pro-01-p8-dz2-tablette-antideflagrante-atex-zone-2-ecran-tactile-116-windows-kopie-kopie-kopie-kopie-kopie-kopie\/\"]}]},{\"@type\":\"ImageObject\",\"inLanguage\":\"fr-FR\",\"@id\":\"https:\/\/alegerglobal.com\/fr\/luminaires-mobiles\/ecom-pad-ex-pro-01-p8-dz2-tablette-antideflagrante-atex-zone-2-ecran-tactile-116-windows-kopie-kopie-kopie-kopie-kopie-kopie\/#primaryimage\",\"url\":\"https:\/\/alegerglobal.com\/wp-content\/uploads\/2025\/10\/2AAA-eLED.png\",\"contentUrl\":\"https:\/\/alegerglobal.com\/wp-content\/uploads\/2025\/10\/2AAA-eLED.png\",\"width\":800,\"height\":800},{\"@type\":\"BreadcrumbList\",\"@id\":\"https:\/\/alegerglobal.com\/fr\/luminaires-mobiles\/ecom-pad-ex-pro-01-p8-dz2-tablette-antideflagrante-atex-zone-2-ecran-tactile-116-windows-kopie-kopie-kopie-kopie-kopie-kopie\/#breadcrumb\",\"itemListElement\":[{\"@type\":\"ListItem\",\"position\":1,\"name\":\"Home\",\"item\":\"https:\/\/alegerglobal.com\/fr\/new-page-daccueil\/\"},{\"@type\":\"ListItem\",\"position\":2,\"name\":\"Produits\",\"item\":\"https:\/\/alegerglobal.com\/fr\/produits\/\"},{\"@type\":\"ListItem\",\"position\":3,\"name\":\"2AAA eLED\u00ae PEN &#8211; Compacte, s\u00fbre &amp; efficace\"}]},{\"@type\":\"WebSite\",\"@id\":\"https:\/\/alegerglobal.com\/fr\/#website\",\"url\":\"https:\/\/alegerglobal.com\/fr\/\",\"name\":\"ALEGER \u22c6 Augmented Reality\",\"description\":\"Die besten Augmented Reality (AR) L\u00f6sungen der Welt.\",\"publisher\":{\"@id\":\"https:\/\/alegerglobal.com\/fr\/#organization\"},\"potentialAction\":[{\"@type\":\"SearchAction\",\"target\":{\"@type\":\"EntryPoint\",\"urlTemplate\":\"https:\/\/alegerglobal.com\/fr\/?s={search_term_string}\"},\"query-input\":{\"@type\":\"PropertyValueSpecification\",\"valueRequired\":true,\"valueName\":\"search_term_string\"}}],\"inLanguage\":\"fr-FR\"},{\"@type\":\"Organization\",\"@id\":\"https:\/\/alegerglobal.com\/fr\/#organization\",\"name\":\"ALEGER \u22c6 Augmented Reality\",\"url\":\"https:\/\/alegerglobal.com\/fr\/\",\"logo\":{\"@type\":\"ImageObject\",\"inLanguage\":\"fr-FR\",\"@id\":\"https:\/\/alegerglobal.com\/fr\/#\/schema\/logo\/image\/\",\"url\":\"https:\/\/alegerglobal.com\/wp-content\/uploads\/2020\/12\/aleger-logo-quadrat.jpg\",\"contentUrl\":\"https:\/\/alegerglobal.com\/wp-content\/uploads\/2020\/12\/aleger-logo-quadrat.jpg\",\"width\":200,\"height\":176,\"caption\":\"ALEGER \u22c6 Augmented Reality\"},\"image\":{\"@id\":\"https:\/\/alegerglobal.com\/fr\/#\/schema\/logo\/image\/\"}}]}<\/script>\n<meta property=\"product:price:amount\" content=\"4249.00\" \/>\n<meta property=\"product:price:currency\" content=\"EUR\" \/>\n<meta property=\"og:availability\" content=\"instock\" \/>\n<meta property=\"product:availability\" content=\"instock\" \/>\n<meta property=\"product:condition\" content=\"new\" \/>\n<!-- \/ Yoast SEO Premium plugin. -->","yoast_head_json":{"title":"2AAA eLED - Penlight compact ATEX \/ IECEx pour zone 1\/21","description":"La 2AAA eLED est une lampe de poche (ATEX \/ IECEx zone 1\/21) IP67, autonomie de 3 h et poids de 102 g seulement. Elle est id\u00e9ale pour les inspections et la maintenance dans les zones \u00e0 risque d'explosion.","robots":{"index":"index","follow":"follow","max-snippet":"max-snippet:-1","max-image-preview":"max-image-preview:large","max-video-preview":"max-video-preview:-1"},"og_locale":"fr_FR","og_type":"article","og_title":"2AAA eLED\u00ae PEN - Compacte, s\u00fbre &amp; efficace","og_description":"La 2AAA eLED est une lampe de poche (ATEX \/ IECEx zone 1\/21) IP67, autonomie de 3 h et poids de 102 g seulement. Elle est id\u00e9ale pour les inspections et la maintenance dans les zones \u00e0 risque d'explosion.","og_url":"https:\/\/alegerglobal.com\/fr\/luminaires-mobiles\/ecom-pad-ex-pro-01-p8-dz2-tablette-antideflagrante-atex-zone-2-ecran-tactile-116-windows-kopie-kopie-kopie-kopie-kopie-kopie\/","og_site_name":"ALEGER \u22c6 Augmented Reality","article_modified_time":"2026-03-19T18:11:19+00:00","og_image":[{"width":800,"height":800,"url":"https:\/\/alegerglobal.com\/wp-content\/uploads\/2025\/10\/2AAA-eLED.png","type":"image\/png"}],"twitter_card":"summary_large_image","twitter_misc":{"Prix":"&euro;4.249,00","Disponibilit\u00e9":"En stock"},"schema":{"@context":"https:\/\/schema.org","@graph":[{"@type":"WebPage","@id":"https:\/\/alegerglobal.com\/fr\/luminaires-mobiles\/ecom-pad-ex-pro-01-p8-dz2-tablette-antideflagrante-atex-zone-2-ecran-tactile-116-windows-kopie-kopie-kopie-kopie-kopie-kopie\/","url":"https:\/\/alegerglobal.com\/fr\/luminaires-mobiles\/ecom-pad-ex-pro-01-p8-dz2-tablette-antideflagrante-atex-zone-2-ecran-tactile-116-windows-kopie-kopie-kopie-kopie-kopie-kopie\/","name":"2AAA eLED - Penlight compact ATEX \/ IECEx pour zone 1\/21","isPartOf":{"@id":"https:\/\/alegerglobal.com\/fr\/#website"},"primaryImageOfPage":{"@id":"https:\/\/alegerglobal.com\/fr\/luminaires-mobiles\/ecom-pad-ex-pro-01-p8-dz2-tablette-antideflagrante-atex-zone-2-ecran-tactile-116-windows-kopie-kopie-kopie-kopie-kopie-kopie\/#primaryimage"},"image":{"@id":"https:\/\/alegerglobal.com\/fr\/luminaires-mobiles\/ecom-pad-ex-pro-01-p8-dz2-tablette-antideflagrante-atex-zone-2-ecran-tactile-116-windows-kopie-kopie-kopie-kopie-kopie-kopie\/#primaryimage"},"thumbnailUrl":"https:\/\/alegerglobal.com\/wp-content\/uploads\/2025\/10\/2AAA-eLED.png","datePublished":"2025-10-09T19:49:51+00:00","dateModified":"2026-03-19T18:11:19+00:00","description":"La 2AAA eLED est une lampe de poche (ATEX \/ IECEx zone 1\/21) IP67, autonomie de 3 h et poids de 102 g seulement. Elle est id\u00e9ale pour les inspections et la maintenance dans les zones \u00e0 risque d'explosion.","breadcrumb":{"@id":"https:\/\/alegerglobal.com\/fr\/luminaires-mobiles\/ecom-pad-ex-pro-01-p8-dz2-tablette-antideflagrante-atex-zone-2-ecran-tactile-116-windows-kopie-kopie-kopie-kopie-kopie-kopie\/#breadcrumb"},"inLanguage":"fr-FR","potentialAction":[{"@type":"ReadAction","target":["https:\/\/alegerglobal.com\/fr\/luminaires-mobiles\/ecom-pad-ex-pro-01-p8-dz2-tablette-antideflagrante-atex-zone-2-ecran-tactile-116-windows-kopie-kopie-kopie-kopie-kopie-kopie\/"]}]},{"@type":"ImageObject","inLanguage":"fr-FR","@id":"https:\/\/alegerglobal.com\/fr\/luminaires-mobiles\/ecom-pad-ex-pro-01-p8-dz2-tablette-antideflagrante-atex-zone-2-ecran-tactile-116-windows-kopie-kopie-kopie-kopie-kopie-kopie\/#primaryimage","url":"https:\/\/alegerglobal.com\/wp-content\/uploads\/2025\/10\/2AAA-eLED.png","contentUrl":"https:\/\/alegerglobal.com\/wp-content\/uploads\/2025\/10\/2AAA-eLED.png","width":800,"height":800},{"@type":"BreadcrumbList","@id":"https:\/\/alegerglobal.com\/fr\/luminaires-mobiles\/ecom-pad-ex-pro-01-p8-dz2-tablette-antideflagrante-atex-zone-2-ecran-tactile-116-windows-kopie-kopie-kopie-kopie-kopie-kopie\/#breadcrumb","itemListElement":[{"@type":"ListItem","position":1,"name":"Home","item":"https:\/\/alegerglobal.com\/fr\/new-page-daccueil\/"},{"@type":"ListItem","position":2,"name":"Produits","item":"https:\/\/alegerglobal.com\/fr\/produits\/"},{"@type":"ListItem","position":3,"name":"2AAA eLED\u00ae PEN &#8211; Compacte, s\u00fbre &amp; efficace"}]},{"@type":"WebSite","@id":"https:\/\/alegerglobal.com\/fr\/#website","url":"https:\/\/alegerglobal.com\/fr\/","name":"ALEGER \u22c6 Augmented Reality","description":"Die besten Augmented Reality (AR) L\u00f6sungen der Welt.","publisher":{"@id":"https:\/\/alegerglobal.com\/fr\/#organization"},"potentialAction":[{"@type":"SearchAction","target":{"@type":"EntryPoint","urlTemplate":"https:\/\/alegerglobal.com\/fr\/?s={search_term_string}"},"query-input":{"@type":"PropertyValueSpecification","valueRequired":true,"valueName":"search_term_string"}}],"inLanguage":"fr-FR"},{"@type":"Organization","@id":"https:\/\/alegerglobal.com\/fr\/#organization","name":"ALEGER \u22c6 Augmented Reality","url":"https:\/\/alegerglobal.com\/fr\/","logo":{"@type":"ImageObject","inLanguage":"fr-FR","@id":"https:\/\/alegerglobal.com\/fr\/#\/schema\/logo\/image\/","url":"https:\/\/alegerglobal.com\/wp-content\/uploads\/2020\/12\/aleger-logo-quadrat.jpg","contentUrl":"https:\/\/alegerglobal.com\/wp-content\/uploads\/2020\/12\/aleger-logo-quadrat.jpg","width":200,"height":176,"caption":"ALEGER \u22c6 Augmented Reality"},"image":{"@id":"https:\/\/alegerglobal.com\/fr\/#\/schema\/logo\/image\/"}}]},"product_price_amount":"4249.00","product_price_currency":"EUR","og_availability":"instock","product_availability":"instock","product_condition":"new"},"_links":{"self":[{"href":"https:\/\/alegerglobal.com\/fr\/wp-json\/wp\/v2\/product\/50455","targetHints":{"allow":["GET"]}}],"collection":[{"href":"https:\/\/alegerglobal.com\/fr\/wp-json\/wp\/v2\/product"}],"about":[{"href":"https:\/\/alegerglobal.com\/fr\/wp-json\/wp\/v2\/types\/product"}],"replies":[{"embeddable":true,"href":"https:\/\/alegerglobal.com\/fr\/wp-json\/wp\/v2\/comments?post=50455"}],"version-history":[{"count":3,"href":"https:\/\/alegerglobal.com\/fr\/wp-json\/wp\/v2\/product\/50455\/revisions"}],"predecessor-version":[{"id":53973,"href":"https:\/\/alegerglobal.com\/fr\/wp-json\/wp\/v2\/product\/50455\/revisions\/53973"}],"wp:featuredmedia":[{"embeddable":true,"href":"https:\/\/alegerglobal.com\/fr\/wp-json\/wp\/v2\/media\/50490"}],"wp:attachment":[{"href":"https:\/\/alegerglobal.com\/fr\/wp-json\/wp\/v2\/media?parent=50455"}],"wp:term":[{"taxonomy":"product_brand","embeddable":true,"href":"https:\/\/alegerglobal.com\/fr\/wp-json\/wp\/v2\/product_brand?post=50455"},{"taxonomy":"product_cat","embeddable":true,"href":"https:\/\/alegerglobal.com\/fr\/wp-json\/wp\/v2\/product_cat?post=50455"},{"taxonomy":"product_tag","embeddable":true,"href":"https:\/\/alegerglobal.com\/fr\/wp-json\/wp\/v2\/product_tag?post=50455"}],"curies":[{"name":"wp","href":"https:\/\/api.w.org\/{rel}","templated":true}]}}