{"id":50029,"date":"2025-10-06T11:50:01","date_gmt":"2025-10-06T10:50:02","guid":{"rendered":"https:\/\/alegerglobal.com\/?post_type=product&#038;p=50029"},"modified":"2026-03-19T18:56:14","modified_gmt":"2026-03-19T17:56:14","slug":"realwear-navigator-520-lunettes-de-donnees-realwear-de-qualite-pour-les-professionnels-kopie-2","status":"publish","type":"product","link":"https:\/\/alegerglobal.com\/fr\/shop-fr\/lunettes-intelligentes\/realwear-navigator-520-lunettes-de-donnees-realwear-de-qualite-pour-les-professionnels-kopie-2\/","title":{"rendered":"DigiLens ARGO &#8211; La nouvelle g\u00e9n\u00e9ration de lunettes intelligentes AR pour l&rsquo;industrie et les entreprises"},"content":{"rendered":"","protected":false},"excerpt":{"rendered":"<p data-start=\"823\" data-end=\"1310\">Avec <strong data-start=\"827\" data-end=\"844\">DigiLens ARGO<\/strong>, DigiLens lance une solution autonome de smartglass AR sp\u00e9cialement con\u00e7ue pour les applications industrielles et orient\u00e9es entreprise. ARGO combine des optiques de guide d&rsquo;onde (Crystal Waveguides) de pointe, une conception robuste et adapt\u00e9e \u00e0 l&rsquo;industrie, ainsi que des fonctions avanc\u00e9es de cam\u00e9ra, de suivi et d&rsquo;intelligence artificielle. Elle est donc id\u00e9ale pour la maintenance, les inspections, l&rsquo;assistance \u00e0 distance, la formation et les applications proches de la production.<\/p>\n","protected":false},"featured_media":50067,"comment_status":"open","ping_status":"closed","template":"","meta":{"_acf_changed":false},"product_brand":[],"product_cat":[661,601],"product_tag":[],"class_list":{"0":"post-50029","1":"product","2":"type-product","3":"status-publish","4":"has-post-thumbnail","6":"product_cat-lunettes-intelligentes","7":"product_cat-shop-fr","8":"pa_hersteller-realwear-fr","10":"first","11":"instock","12":"taxable","13":"shipping-taxable","14":"product-type-simple"},"acf":[],"yoast_head":"<!-- This site is optimized with the Yoast SEO Premium plugin v20.10 (Yoast SEO v24.3) - https:\/\/yoast.com\/wordpress\/plugins\/seo\/ -->\n<title>DigiLens ARGO - Lunettes intelligentes AR avec technologie de guidage d&#039;ondes<\/title>\n<meta name=\"description\" content=\"Lunettes intelligentes AR DigiLens : luminosit\u00e9 &gt;3.000 nits, Snapdragon XR2, 6DoF Tracking, robustes (IP65, MIL-STD) - pour l&#039;industrie, le support \u00e0 distance &amp; les workflows AR.\" \/>\n<meta name=\"robots\" content=\"index, follow, max-snippet:-1, max-image-preview:large, max-video-preview:-1\" \/>\n<meta property=\"og:locale\" content=\"fr_FR\" \/>\n<meta property=\"og:type\" content=\"article\" \/>\n<meta property=\"og:title\" content=\"DigiLens ARGO - La nouvelle g\u00e9n\u00e9ration de lunettes intelligentes AR pour l&#039;industrie et les entreprises\" \/>\n<meta property=\"og:description\" content=\"Lunettes intelligentes AR DigiLens : luminosit\u00e9 &gt;3.000 nits, Snapdragon XR2, 6DoF Tracking, robustes (IP65, MIL-STD) - pour l&#039;industrie, le support \u00e0 distance &amp; les workflows AR.\" \/>\n<meta property=\"og:url\" content=\"https:\/\/alegerglobal.com\/fr\/shop-fr\/lunettes-intelligentes\/realwear-navigator-520-lunettes-de-donnees-realwear-de-qualite-pour-les-professionnels-kopie-2\/\" \/>\n<meta property=\"og:site_name\" content=\"ALEGER \u22c6 Augmented Reality\" \/>\n<meta property=\"article:modified_time\" content=\"2026-03-19T17:56:14+00:00\" \/>\n<meta property=\"og:image\" content=\"https:\/\/alegerglobal.com\/wp-content\/uploads\/2025\/10\/digilens-ar-brille.png\" \/>\n\t<meta property=\"og:image:width\" content=\"800\" \/>\n\t<meta property=\"og:image:height\" content=\"800\" \/>\n\t<meta property=\"og:image:type\" content=\"image\/png\" \/>\n<meta name=\"twitter:card\" content=\"summary_large_image\" \/>\n<meta name=\"twitter:label1\" content=\"Prix\" \/>\n\t<meta name=\"twitter:data1\" content=\"\" \/>\n\t<meta name=\"twitter:label2\" content=\"Disponibilit\u00e9\" \/>\n\t<meta name=\"twitter:data2\" content=\"En stock\" \/>\n<script type=\"application\/ld+json\" class=\"yoast-schema-graph\">{\"@context\":\"https:\/\/schema.org\",\"@graph\":[{\"@type\":\"WebPage\",\"@id\":\"https:\/\/alegerglobal.com\/fr\/shop-fr\/lunettes-intelligentes\/realwear-navigator-520-lunettes-de-donnees-realwear-de-qualite-pour-les-professionnels-kopie-2\/\",\"url\":\"https:\/\/alegerglobal.com\/fr\/shop-fr\/lunettes-intelligentes\/realwear-navigator-520-lunettes-de-donnees-realwear-de-qualite-pour-les-professionnels-kopie-2\/\",\"name\":\"DigiLens ARGO - Lunettes intelligentes AR avec technologie de guidage d'ondes\",\"isPartOf\":{\"@id\":\"https:\/\/alegerglobal.com\/fr\/#website\"},\"primaryImageOfPage\":{\"@id\":\"https:\/\/alegerglobal.com\/fr\/shop-fr\/lunettes-intelligentes\/realwear-navigator-520-lunettes-de-donnees-realwear-de-qualite-pour-les-professionnels-kopie-2\/#primaryimage\"},\"image\":{\"@id\":\"https:\/\/alegerglobal.com\/fr\/shop-fr\/lunettes-intelligentes\/realwear-navigator-520-lunettes-de-donnees-realwear-de-qualite-pour-les-professionnels-kopie-2\/#primaryimage\"},\"thumbnailUrl\":\"https:\/\/alegerglobal.com\/wp-content\/uploads\/2025\/10\/digilens-ar-brille.png\",\"datePublished\":\"2025-10-06T10:50:02+00:00\",\"dateModified\":\"2026-03-19T17:56:14+00:00\",\"description\":\"Lunettes intelligentes AR DigiLens : luminosit\u00e9 >3.000 nits, Snapdragon XR2, 6DoF Tracking, robustes (IP65, MIL-STD) - pour l'industrie, le support \u00e0 distance & les workflows AR.\",\"breadcrumb\":{\"@id\":\"https:\/\/alegerglobal.com\/fr\/shop-fr\/lunettes-intelligentes\/realwear-navigator-520-lunettes-de-donnees-realwear-de-qualite-pour-les-professionnels-kopie-2\/#breadcrumb\"},\"inLanguage\":\"fr-FR\",\"potentialAction\":[{\"@type\":\"ReadAction\",\"target\":[\"https:\/\/alegerglobal.com\/fr\/shop-fr\/lunettes-intelligentes\/realwear-navigator-520-lunettes-de-donnees-realwear-de-qualite-pour-les-professionnels-kopie-2\/\"]}]},{\"@type\":\"ImageObject\",\"inLanguage\":\"fr-FR\",\"@id\":\"https:\/\/alegerglobal.com\/fr\/shop-fr\/lunettes-intelligentes\/realwear-navigator-520-lunettes-de-donnees-realwear-de-qualite-pour-les-professionnels-kopie-2\/#primaryimage\",\"url\":\"https:\/\/alegerglobal.com\/wp-content\/uploads\/2025\/10\/digilens-ar-brille.png\",\"contentUrl\":\"https:\/\/alegerglobal.com\/wp-content\/uploads\/2025\/10\/digilens-ar-brille.png\",\"width\":800,\"height\":800},{\"@type\":\"BreadcrumbList\",\"@id\":\"https:\/\/alegerglobal.com\/fr\/shop-fr\/lunettes-intelligentes\/realwear-navigator-520-lunettes-de-donnees-realwear-de-qualite-pour-les-professionnels-kopie-2\/#breadcrumb\",\"itemListElement\":[{\"@type\":\"ListItem\",\"position\":1,\"name\":\"Home\",\"item\":\"https:\/\/alegerglobal.com\/fr\/new-page-daccueil\/\"},{\"@type\":\"ListItem\",\"position\":2,\"name\":\"Produits\",\"item\":\"https:\/\/alegerglobal.com\/fr\/produits\/\"},{\"@type\":\"ListItem\",\"position\":3,\"name\":\"DigiLens ARGO &#8211; La nouvelle g\u00e9n\u00e9ration de lunettes intelligentes AR pour l&#8217;industrie et les entreprises\"}]},{\"@type\":\"WebSite\",\"@id\":\"https:\/\/alegerglobal.com\/fr\/#website\",\"url\":\"https:\/\/alegerglobal.com\/fr\/\",\"name\":\"ALEGER \u22c6 Augmented Reality\",\"description\":\"Die besten Augmented Reality (AR) L\u00f6sungen der Welt.\",\"publisher\":{\"@id\":\"https:\/\/alegerglobal.com\/fr\/#organization\"},\"potentialAction\":[{\"@type\":\"SearchAction\",\"target\":{\"@type\":\"EntryPoint\",\"urlTemplate\":\"https:\/\/alegerglobal.com\/fr\/?s={search_term_string}\"},\"query-input\":{\"@type\":\"PropertyValueSpecification\",\"valueRequired\":true,\"valueName\":\"search_term_string\"}}],\"inLanguage\":\"fr-FR\"},{\"@type\":\"Organization\",\"@id\":\"https:\/\/alegerglobal.com\/fr\/#organization\",\"name\":\"ALEGER \u22c6 Augmented Reality\",\"url\":\"https:\/\/alegerglobal.com\/fr\/\",\"logo\":{\"@type\":\"ImageObject\",\"inLanguage\":\"fr-FR\",\"@id\":\"https:\/\/alegerglobal.com\/fr\/#\/schema\/logo\/image\/\",\"url\":\"https:\/\/alegerglobal.com\/wp-content\/uploads\/2020\/12\/aleger-logo-quadrat.jpg\",\"contentUrl\":\"https:\/\/alegerglobal.com\/wp-content\/uploads\/2020\/12\/aleger-logo-quadrat.jpg\",\"width\":200,\"height\":176,\"caption\":\"ALEGER \u22c6 Augmented Reality\"},\"image\":{\"@id\":\"https:\/\/alegerglobal.com\/fr\/#\/schema\/logo\/image\/\"}}]}<\/script>\n<meta property=\"product:brand\" content=\"RealWear\" \/>\n<meta property=\"product:price:amount\" content=\"0.00\" \/>\n<meta property=\"product:price:currency\" content=\"EUR\" \/>\n<meta property=\"og:availability\" content=\"instock\" \/>\n<meta property=\"product:availability\" content=\"instock\" \/>\n<meta property=\"product:condition\" content=\"new\" \/>\n<!-- \/ Yoast SEO Premium plugin. -->","yoast_head_json":{"title":"DigiLens ARGO - Lunettes intelligentes AR avec technologie de guidage d'ondes","description":"Lunettes intelligentes AR DigiLens : luminosit\u00e9 >3.000 nits, Snapdragon XR2, 6DoF Tracking, robustes (IP65, MIL-STD) - pour l'industrie, le support \u00e0 distance & les workflows AR.","robots":{"index":"index","follow":"follow","max-snippet":"max-snippet:-1","max-image-preview":"max-image-preview:large","max-video-preview":"max-video-preview:-1"},"og_locale":"fr_FR","og_type":"article","og_title":"DigiLens ARGO - La nouvelle g\u00e9n\u00e9ration de lunettes intelligentes AR pour l'industrie et les entreprises","og_description":"Lunettes intelligentes AR DigiLens : luminosit\u00e9 >3.000 nits, Snapdragon XR2, 6DoF Tracking, robustes (IP65, MIL-STD) - pour l'industrie, le support \u00e0 distance & les workflows AR.","og_url":"https:\/\/alegerglobal.com\/fr\/shop-fr\/lunettes-intelligentes\/realwear-navigator-520-lunettes-de-donnees-realwear-de-qualite-pour-les-professionnels-kopie-2\/","og_site_name":"ALEGER \u22c6 Augmented Reality","article_modified_time":"2026-03-19T17:56:14+00:00","og_image":[{"width":800,"height":800,"url":"https:\/\/alegerglobal.com\/wp-content\/uploads\/2025\/10\/digilens-ar-brille.png","type":"image\/png"}],"twitter_card":"summary_large_image","twitter_misc":{"Prix":"","Disponibilit\u00e9":"En stock"},"schema":{"@context":"https:\/\/schema.org","@graph":[{"@type":"WebPage","@id":"https:\/\/alegerglobal.com\/fr\/shop-fr\/lunettes-intelligentes\/realwear-navigator-520-lunettes-de-donnees-realwear-de-qualite-pour-les-professionnels-kopie-2\/","url":"https:\/\/alegerglobal.com\/fr\/shop-fr\/lunettes-intelligentes\/realwear-navigator-520-lunettes-de-donnees-realwear-de-qualite-pour-les-professionnels-kopie-2\/","name":"DigiLens ARGO - Lunettes intelligentes AR avec technologie de guidage d'ondes","isPartOf":{"@id":"https:\/\/alegerglobal.com\/fr\/#website"},"primaryImageOfPage":{"@id":"https:\/\/alegerglobal.com\/fr\/shop-fr\/lunettes-intelligentes\/realwear-navigator-520-lunettes-de-donnees-realwear-de-qualite-pour-les-professionnels-kopie-2\/#primaryimage"},"image":{"@id":"https:\/\/alegerglobal.com\/fr\/shop-fr\/lunettes-intelligentes\/realwear-navigator-520-lunettes-de-donnees-realwear-de-qualite-pour-les-professionnels-kopie-2\/#primaryimage"},"thumbnailUrl":"https:\/\/alegerglobal.com\/wp-content\/uploads\/2025\/10\/digilens-ar-brille.png","datePublished":"2025-10-06T10:50:02+00:00","dateModified":"2026-03-19T17:56:14+00:00","description":"Lunettes intelligentes AR DigiLens : luminosit\u00e9 >3.000 nits, Snapdragon XR2, 6DoF Tracking, robustes (IP65, MIL-STD) - pour l'industrie, le support \u00e0 distance & les workflows AR.","breadcrumb":{"@id":"https:\/\/alegerglobal.com\/fr\/shop-fr\/lunettes-intelligentes\/realwear-navigator-520-lunettes-de-donnees-realwear-de-qualite-pour-les-professionnels-kopie-2\/#breadcrumb"},"inLanguage":"fr-FR","potentialAction":[{"@type":"ReadAction","target":["https:\/\/alegerglobal.com\/fr\/shop-fr\/lunettes-intelligentes\/realwear-navigator-520-lunettes-de-donnees-realwear-de-qualite-pour-les-professionnels-kopie-2\/"]}]},{"@type":"ImageObject","inLanguage":"fr-FR","@id":"https:\/\/alegerglobal.com\/fr\/shop-fr\/lunettes-intelligentes\/realwear-navigator-520-lunettes-de-donnees-realwear-de-qualite-pour-les-professionnels-kopie-2\/#primaryimage","url":"https:\/\/alegerglobal.com\/wp-content\/uploads\/2025\/10\/digilens-ar-brille.png","contentUrl":"https:\/\/alegerglobal.com\/wp-content\/uploads\/2025\/10\/digilens-ar-brille.png","width":800,"height":800},{"@type":"BreadcrumbList","@id":"https:\/\/alegerglobal.com\/fr\/shop-fr\/lunettes-intelligentes\/realwear-navigator-520-lunettes-de-donnees-realwear-de-qualite-pour-les-professionnels-kopie-2\/#breadcrumb","itemListElement":[{"@type":"ListItem","position":1,"name":"Home","item":"https:\/\/alegerglobal.com\/fr\/new-page-daccueil\/"},{"@type":"ListItem","position":2,"name":"Produits","item":"https:\/\/alegerglobal.com\/fr\/produits\/"},{"@type":"ListItem","position":3,"name":"DigiLens ARGO &#8211; La nouvelle g\u00e9n\u00e9ration de lunettes intelligentes AR pour l&#8217;industrie et les entreprises"}]},{"@type":"WebSite","@id":"https:\/\/alegerglobal.com\/fr\/#website","url":"https:\/\/alegerglobal.com\/fr\/","name":"ALEGER \u22c6 Augmented Reality","description":"Die besten Augmented Reality (AR) L\u00f6sungen der Welt.","publisher":{"@id":"https:\/\/alegerglobal.com\/fr\/#organization"},"potentialAction":[{"@type":"SearchAction","target":{"@type":"EntryPoint","urlTemplate":"https:\/\/alegerglobal.com\/fr\/?s={search_term_string}"},"query-input":{"@type":"PropertyValueSpecification","valueRequired":true,"valueName":"search_term_string"}}],"inLanguage":"fr-FR"},{"@type":"Organization","@id":"https:\/\/alegerglobal.com\/fr\/#organization","name":"ALEGER \u22c6 Augmented Reality","url":"https:\/\/alegerglobal.com\/fr\/","logo":{"@type":"ImageObject","inLanguage":"fr-FR","@id":"https:\/\/alegerglobal.com\/fr\/#\/schema\/logo\/image\/","url":"https:\/\/alegerglobal.com\/wp-content\/uploads\/2020\/12\/aleger-logo-quadrat.jpg","contentUrl":"https:\/\/alegerglobal.com\/wp-content\/uploads\/2020\/12\/aleger-logo-quadrat.jpg","width":200,"height":176,"caption":"ALEGER \u22c6 Augmented Reality"},"image":{"@id":"https:\/\/alegerglobal.com\/fr\/#\/schema\/logo\/image\/"}}]},"product_brand":"RealWear","product_price_amount":"0.00","product_price_currency":"EUR","og_availability":"instock","product_availability":"instock","product_condition":"new"},"_links":{"self":[{"href":"https:\/\/alegerglobal.com\/fr\/wp-json\/wp\/v2\/product\/50029","targetHints":{"allow":["GET"]}}],"collection":[{"href":"https:\/\/alegerglobal.com\/fr\/wp-json\/wp\/v2\/product"}],"about":[{"href":"https:\/\/alegerglobal.com\/fr\/wp-json\/wp\/v2\/types\/product"}],"replies":[{"embeddable":true,"href":"https:\/\/alegerglobal.com\/fr\/wp-json\/wp\/v2\/comments?post=50029"}],"version-history":[{"count":3,"href":"https:\/\/alegerglobal.com\/fr\/wp-json\/wp\/v2\/product\/50029\/revisions"}],"predecessor-version":[{"id":53936,"href":"https:\/\/alegerglobal.com\/fr\/wp-json\/wp\/v2\/product\/50029\/revisions\/53936"}],"wp:featuredmedia":[{"embeddable":true,"href":"https:\/\/alegerglobal.com\/fr\/wp-json\/wp\/v2\/media\/50067"}],"wp:attachment":[{"href":"https:\/\/alegerglobal.com\/fr\/wp-json\/wp\/v2\/media?parent=50029"}],"wp:term":[{"taxonomy":"product_brand","embeddable":true,"href":"https:\/\/alegerglobal.com\/fr\/wp-json\/wp\/v2\/product_brand?post=50029"},{"taxonomy":"product_cat","embeddable":true,"href":"https:\/\/alegerglobal.com\/fr\/wp-json\/wp\/v2\/product_cat?post=50029"},{"taxonomy":"product_tag","embeddable":true,"href":"https:\/\/alegerglobal.com\/fr\/wp-json\/wp\/v2\/product_tag?post=50029"}],"curies":[{"name":"wp","href":"https:\/\/api.w.org\/{rel}","templated":true}]}}