{"id":49685,"date":"2025-09-15T08:39:53","date_gmt":"2025-09-15T07:39:54","guid":{"rendered":"https:\/\/alegerglobal.com\/?post_type=product&#038;p=49685"},"modified":"2026-03-25T20:13:51","modified_gmt":"2026-03-25T19:13:51","slug":"realwear-navigator-520-lunettes-de-donnees-realwear-de-qualite-pour-les-professionnels","status":"publish","type":"product","link":"https:\/\/alegerglobal.com\/fr\/shop-fr\/lunettes-intelligentes\/realwear-navigator-520-lunettes-de-donnees-realwear-de-qualite-pour-les-professionnels\/","title":{"rendered":"Moziware Nex\u014d &#8211; Lunettes de donn\u00e9es innovantes pour l&rsquo;industrie et l&rsquo;assistance \u00e0 distance"},"content":{"rendered":"","protected":false},"excerpt":{"rendered":"<p data-start=\"696\" data-end=\"1106\">Les <strong data-start=\"700\" data-end=\"717\">Moziware Nex\u014d<\/strong> sont les premi\u00e8res lunettes de donn\u00e9es industrielles avec affichage sur smartphone via WLAN et application Android. Elles combinent <strong data-start=\"822\" data-end=\"860\">un poids extr\u00eamement faible (seulement 95 g)<\/strong> avec un design robuste et un mat\u00e9riel puissant. Elles sont donc id\u00e9ales pour les applications industrielles, l&rsquo;assistance \u00e0 distance, les inspections, la maintenance et toutes les applications o\u00f9 l&rsquo;acc\u00e8s mains libres aux informations est essentiel.<\/p>\n","protected":false},"featured_media":50085,"comment_status":"open","ping_status":"closed","template":"","meta":{"_acf_changed":false},"product_brand":[],"product_cat":[661,601],"product_tag":[],"class_list":{"0":"post-49685","1":"product","2":"type-product","3":"status-publish","4":"has-post-thumbnail","6":"product_cat-lunettes-intelligentes","7":"product_cat-shop-fr","9":"first","10":"instock","11":"taxable","12":"shipping-taxable","13":"product-type-simple"},"acf":[],"yoast_head":"<!-- This site is optimized with the Yoast SEO Premium plugin v20.10 (Yoast SEO v24.3) - https:\/\/yoast.com\/wordpress\/plugins\/seo\/ -->\n<title>Moziware Nex\u014d - Lunettes intelligentes - Android &amp; cam\u00e9ra 16 MP acheter- ALEGER \u22c6 Augmented Reality<\/title>\n<meta name=\"description\" content=\"Les Moziware Nex\u014d sont des lunettes intelligentes l\u00e9g\u00e8res (95 g), avec une cam\u00e9ra 16 MP, disponibles en 13 langues &amp; protection IP66. Id\u00e9ales pour l&#039;industrie, le support \u00e0 distance &amp; la documentation.\" \/>\n<meta name=\"robots\" content=\"index, follow, max-snippet:-1, max-image-preview:large, max-video-preview:-1\" \/>\n<meta property=\"og:locale\" content=\"fr_FR\" \/>\n<meta property=\"og:type\" content=\"article\" \/>\n<meta property=\"og:title\" content=\"Moziware Nex\u014d - Lunettes de donn\u00e9es innovantes pour l&#039;industrie et l&#039;assistance \u00e0 distance\" \/>\n<meta property=\"og:description\" content=\"Les Moziware Nex\u014d sont des lunettes intelligentes l\u00e9g\u00e8res (95 g), avec une cam\u00e9ra 16 MP, disponibles en 13 langues &amp; protection IP66. Id\u00e9ales pour l&#039;industrie, le support \u00e0 distance &amp; la documentation.\" \/>\n<meta property=\"og:url\" content=\"https:\/\/alegerglobal.com\/fr\/shop-fr\/lunettes-intelligentes\/realwear-navigator-520-lunettes-de-donnees-realwear-de-qualite-pour-les-professionnels\/\" \/>\n<meta property=\"og:site_name\" content=\"ALEGER \u22c6 Augmented Reality\" \/>\n<meta property=\"article:modified_time\" content=\"2026-03-25T19:13:51+00:00\" \/>\n<meta property=\"og:image\" content=\"https:\/\/alegerglobal.com\/wp-content\/uploads\/2025\/09\/moziware-nexo.png\" \/>\n\t<meta property=\"og:image:width\" content=\"800\" \/>\n\t<meta property=\"og:image:height\" content=\"800\" \/>\n\t<meta property=\"og:image:type\" content=\"image\/png\" \/>\n<meta name=\"twitter:card\" content=\"summary_large_image\" \/>\n<meta name=\"twitter:label1\" content=\"Prix\" \/>\n\t<meta name=\"twitter:data1\" content=\"\" \/>\n\t<meta name=\"twitter:label2\" content=\"Disponibilit\u00e9\" \/>\n\t<meta name=\"twitter:data2\" content=\"En stock\" \/>\n<script type=\"application\/ld+json\" class=\"yoast-schema-graph\">{\"@context\":\"https:\/\/schema.org\",\"@graph\":[{\"@type\":\"WebPage\",\"@id\":\"https:\/\/alegerglobal.com\/fr\/shop-fr\/lunettes-intelligentes\/realwear-navigator-520-lunettes-de-donnees-realwear-de-qualite-pour-les-professionnels\/\",\"url\":\"https:\/\/alegerglobal.com\/fr\/shop-fr\/lunettes-intelligentes\/realwear-navigator-520-lunettes-de-donnees-realwear-de-qualite-pour-les-professionnels\/\",\"name\":\"Moziware Nex\u014d - Lunettes intelligentes - Android & cam\u00e9ra 16 MP acheter- ALEGER \u22c6 Augmented Reality\",\"isPartOf\":{\"@id\":\"https:\/\/alegerglobal.com\/fr\/#website\"},\"primaryImageOfPage\":{\"@id\":\"https:\/\/alegerglobal.com\/fr\/shop-fr\/lunettes-intelligentes\/realwear-navigator-520-lunettes-de-donnees-realwear-de-qualite-pour-les-professionnels\/#primaryimage\"},\"image\":{\"@id\":\"https:\/\/alegerglobal.com\/fr\/shop-fr\/lunettes-intelligentes\/realwear-navigator-520-lunettes-de-donnees-realwear-de-qualite-pour-les-professionnels\/#primaryimage\"},\"thumbnailUrl\":\"https:\/\/alegerglobal.com\/wp-content\/uploads\/2025\/09\/moziware-nexo.png\",\"datePublished\":\"2025-09-15T07:39:54+00:00\",\"dateModified\":\"2026-03-25T19:13:51+00:00\",\"description\":\"Les Moziware Nex\u014d sont des lunettes intelligentes l\u00e9g\u00e8res (95 g), avec une cam\u00e9ra 16 MP, disponibles en 13 langues & protection IP66. Id\u00e9ales pour l'industrie, le support \u00e0 distance & la documentation.\",\"breadcrumb\":{\"@id\":\"https:\/\/alegerglobal.com\/fr\/shop-fr\/lunettes-intelligentes\/realwear-navigator-520-lunettes-de-donnees-realwear-de-qualite-pour-les-professionnels\/#breadcrumb\"},\"inLanguage\":\"fr-FR\",\"potentialAction\":[{\"@type\":\"ReadAction\",\"target\":[\"https:\/\/alegerglobal.com\/fr\/shop-fr\/lunettes-intelligentes\/realwear-navigator-520-lunettes-de-donnees-realwear-de-qualite-pour-les-professionnels\/\"]}]},{\"@type\":\"ImageObject\",\"inLanguage\":\"fr-FR\",\"@id\":\"https:\/\/alegerglobal.com\/fr\/shop-fr\/lunettes-intelligentes\/realwear-navigator-520-lunettes-de-donnees-realwear-de-qualite-pour-les-professionnels\/#primaryimage\",\"url\":\"https:\/\/alegerglobal.com\/wp-content\/uploads\/2025\/09\/moziware-nexo.png\",\"contentUrl\":\"https:\/\/alegerglobal.com\/wp-content\/uploads\/2025\/09\/moziware-nexo.png\",\"width\":800,\"height\":800},{\"@type\":\"BreadcrumbList\",\"@id\":\"https:\/\/alegerglobal.com\/fr\/shop-fr\/lunettes-intelligentes\/realwear-navigator-520-lunettes-de-donnees-realwear-de-qualite-pour-les-professionnels\/#breadcrumb\",\"itemListElement\":[{\"@type\":\"ListItem\",\"position\":1,\"name\":\"Home\",\"item\":\"https:\/\/alegerglobal.com\/fr\/new-page-daccueil\/\"},{\"@type\":\"ListItem\",\"position\":2,\"name\":\"Produits\",\"item\":\"https:\/\/alegerglobal.com\/fr\/produits\/\"},{\"@type\":\"ListItem\",\"position\":3,\"name\":\"Moziware Nex\u014d &#8211; Lunettes de donn\u00e9es innovantes pour l&#8217;industrie et l&#8217;assistance \u00e0 distance\"}]},{\"@type\":\"WebSite\",\"@id\":\"https:\/\/alegerglobal.com\/fr\/#website\",\"url\":\"https:\/\/alegerglobal.com\/fr\/\",\"name\":\"ALEGER \u22c6 Augmented Reality\",\"description\":\"Die besten Augmented Reality (AR) L\u00f6sungen der Welt.\",\"publisher\":{\"@id\":\"https:\/\/alegerglobal.com\/fr\/#organization\"},\"potentialAction\":[{\"@type\":\"SearchAction\",\"target\":{\"@type\":\"EntryPoint\",\"urlTemplate\":\"https:\/\/alegerglobal.com\/fr\/?s={search_term_string}\"},\"query-input\":{\"@type\":\"PropertyValueSpecification\",\"valueRequired\":true,\"valueName\":\"search_term_string\"}}],\"inLanguage\":\"fr-FR\"},{\"@type\":\"Organization\",\"@id\":\"https:\/\/alegerglobal.com\/fr\/#organization\",\"name\":\"ALEGER \u22c6 Augmented Reality\",\"url\":\"https:\/\/alegerglobal.com\/fr\/\",\"logo\":{\"@type\":\"ImageObject\",\"inLanguage\":\"fr-FR\",\"@id\":\"https:\/\/alegerglobal.com\/fr\/#\/schema\/logo\/image\/\",\"url\":\"https:\/\/alegerglobal.com\/wp-content\/uploads\/2020\/12\/aleger-logo-quadrat.jpg\",\"contentUrl\":\"https:\/\/alegerglobal.com\/wp-content\/uploads\/2020\/12\/aleger-logo-quadrat.jpg\",\"width\":200,\"height\":176,\"caption\":\"ALEGER \u22c6 Augmented Reality\"},\"image\":{\"@id\":\"https:\/\/alegerglobal.com\/fr\/#\/schema\/logo\/image\/\"}}]}<\/script>\n<meta property=\"product:price:amount\" content=\"0.00\" \/>\n<meta property=\"product:price:currency\" content=\"EUR\" \/>\n<meta property=\"og:availability\" content=\"instock\" \/>\n<meta property=\"product:availability\" content=\"instock\" \/>\n<meta property=\"product:condition\" content=\"new\" \/>\n<!-- \/ Yoast SEO Premium plugin. -->","yoast_head_json":{"title":"Moziware Nex\u014d - Lunettes intelligentes - Android & cam\u00e9ra 16 MP acheter- ALEGER \u22c6 Augmented Reality","description":"Les Moziware Nex\u014d sont des lunettes intelligentes l\u00e9g\u00e8res (95 g), avec une cam\u00e9ra 16 MP, disponibles en 13 langues & protection IP66. Id\u00e9ales pour l'industrie, le support \u00e0 distance & la documentation.","robots":{"index":"index","follow":"follow","max-snippet":"max-snippet:-1","max-image-preview":"max-image-preview:large","max-video-preview":"max-video-preview:-1"},"og_locale":"fr_FR","og_type":"article","og_title":"Moziware Nex\u014d - Lunettes de donn\u00e9es innovantes pour l'industrie et l'assistance \u00e0 distance","og_description":"Les Moziware Nex\u014d sont des lunettes intelligentes l\u00e9g\u00e8res (95 g), avec une cam\u00e9ra 16 MP, disponibles en 13 langues & protection IP66. Id\u00e9ales pour l'industrie, le support \u00e0 distance & la documentation.","og_url":"https:\/\/alegerglobal.com\/fr\/shop-fr\/lunettes-intelligentes\/realwear-navigator-520-lunettes-de-donnees-realwear-de-qualite-pour-les-professionnels\/","og_site_name":"ALEGER \u22c6 Augmented Reality","article_modified_time":"2026-03-25T19:13:51+00:00","og_image":[{"width":800,"height":800,"url":"https:\/\/alegerglobal.com\/wp-content\/uploads\/2025\/09\/moziware-nexo.png","type":"image\/png"}],"twitter_card":"summary_large_image","twitter_misc":{"Prix":"","Disponibilit\u00e9":"En stock"},"schema":{"@context":"https:\/\/schema.org","@graph":[{"@type":"WebPage","@id":"https:\/\/alegerglobal.com\/fr\/shop-fr\/lunettes-intelligentes\/realwear-navigator-520-lunettes-de-donnees-realwear-de-qualite-pour-les-professionnels\/","url":"https:\/\/alegerglobal.com\/fr\/shop-fr\/lunettes-intelligentes\/realwear-navigator-520-lunettes-de-donnees-realwear-de-qualite-pour-les-professionnels\/","name":"Moziware Nex\u014d - Lunettes intelligentes - Android & cam\u00e9ra 16 MP acheter- ALEGER \u22c6 Augmented Reality","isPartOf":{"@id":"https:\/\/alegerglobal.com\/fr\/#website"},"primaryImageOfPage":{"@id":"https:\/\/alegerglobal.com\/fr\/shop-fr\/lunettes-intelligentes\/realwear-navigator-520-lunettes-de-donnees-realwear-de-qualite-pour-les-professionnels\/#primaryimage"},"image":{"@id":"https:\/\/alegerglobal.com\/fr\/shop-fr\/lunettes-intelligentes\/realwear-navigator-520-lunettes-de-donnees-realwear-de-qualite-pour-les-professionnels\/#primaryimage"},"thumbnailUrl":"https:\/\/alegerglobal.com\/wp-content\/uploads\/2025\/09\/moziware-nexo.png","datePublished":"2025-09-15T07:39:54+00:00","dateModified":"2026-03-25T19:13:51+00:00","description":"Les Moziware Nex\u014d sont des lunettes intelligentes l\u00e9g\u00e8res (95 g), avec une cam\u00e9ra 16 MP, disponibles en 13 langues & protection IP66. Id\u00e9ales pour l'industrie, le support \u00e0 distance & la documentation.","breadcrumb":{"@id":"https:\/\/alegerglobal.com\/fr\/shop-fr\/lunettes-intelligentes\/realwear-navigator-520-lunettes-de-donnees-realwear-de-qualite-pour-les-professionnels\/#breadcrumb"},"inLanguage":"fr-FR","potentialAction":[{"@type":"ReadAction","target":["https:\/\/alegerglobal.com\/fr\/shop-fr\/lunettes-intelligentes\/realwear-navigator-520-lunettes-de-donnees-realwear-de-qualite-pour-les-professionnels\/"]}]},{"@type":"ImageObject","inLanguage":"fr-FR","@id":"https:\/\/alegerglobal.com\/fr\/shop-fr\/lunettes-intelligentes\/realwear-navigator-520-lunettes-de-donnees-realwear-de-qualite-pour-les-professionnels\/#primaryimage","url":"https:\/\/alegerglobal.com\/wp-content\/uploads\/2025\/09\/moziware-nexo.png","contentUrl":"https:\/\/alegerglobal.com\/wp-content\/uploads\/2025\/09\/moziware-nexo.png","width":800,"height":800},{"@type":"BreadcrumbList","@id":"https:\/\/alegerglobal.com\/fr\/shop-fr\/lunettes-intelligentes\/realwear-navigator-520-lunettes-de-donnees-realwear-de-qualite-pour-les-professionnels\/#breadcrumb","itemListElement":[{"@type":"ListItem","position":1,"name":"Home","item":"https:\/\/alegerglobal.com\/fr\/new-page-daccueil\/"},{"@type":"ListItem","position":2,"name":"Produits","item":"https:\/\/alegerglobal.com\/fr\/produits\/"},{"@type":"ListItem","position":3,"name":"Moziware Nex\u014d &#8211; Lunettes de donn\u00e9es innovantes pour l&#8217;industrie et l&#8217;assistance \u00e0 distance"}]},{"@type":"WebSite","@id":"https:\/\/alegerglobal.com\/fr\/#website","url":"https:\/\/alegerglobal.com\/fr\/","name":"ALEGER \u22c6 Augmented Reality","description":"Die besten Augmented Reality (AR) L\u00f6sungen der Welt.","publisher":{"@id":"https:\/\/alegerglobal.com\/fr\/#organization"},"potentialAction":[{"@type":"SearchAction","target":{"@type":"EntryPoint","urlTemplate":"https:\/\/alegerglobal.com\/fr\/?s={search_term_string}"},"query-input":{"@type":"PropertyValueSpecification","valueRequired":true,"valueName":"search_term_string"}}],"inLanguage":"fr-FR"},{"@type":"Organization","@id":"https:\/\/alegerglobal.com\/fr\/#organization","name":"ALEGER \u22c6 Augmented Reality","url":"https:\/\/alegerglobal.com\/fr\/","logo":{"@type":"ImageObject","inLanguage":"fr-FR","@id":"https:\/\/alegerglobal.com\/fr\/#\/schema\/logo\/image\/","url":"https:\/\/alegerglobal.com\/wp-content\/uploads\/2020\/12\/aleger-logo-quadrat.jpg","contentUrl":"https:\/\/alegerglobal.com\/wp-content\/uploads\/2020\/12\/aleger-logo-quadrat.jpg","width":200,"height":176,"caption":"ALEGER \u22c6 Augmented Reality"},"image":{"@id":"https:\/\/alegerglobal.com\/fr\/#\/schema\/logo\/image\/"}}]},"product_price_amount":"0.00","product_price_currency":"EUR","og_availability":"instock","product_availability":"instock","product_condition":"new"},"_links":{"self":[{"href":"https:\/\/alegerglobal.com\/fr\/wp-json\/wp\/v2\/product\/49685","targetHints":{"allow":["GET"]}}],"collection":[{"href":"https:\/\/alegerglobal.com\/fr\/wp-json\/wp\/v2\/product"}],"about":[{"href":"https:\/\/alegerglobal.com\/fr\/wp-json\/wp\/v2\/types\/product"}],"replies":[{"embeddable":true,"href":"https:\/\/alegerglobal.com\/fr\/wp-json\/wp\/v2\/comments?post=49685"}],"version-history":[{"count":3,"href":"https:\/\/alegerglobal.com\/fr\/wp-json\/wp\/v2\/product\/49685\/revisions"}],"predecessor-version":[{"id":54092,"href":"https:\/\/alegerglobal.com\/fr\/wp-json\/wp\/v2\/product\/49685\/revisions\/54092"}],"wp:featuredmedia":[{"embeddable":true,"href":"https:\/\/alegerglobal.com\/fr\/wp-json\/wp\/v2\/media\/50085"}],"wp:attachment":[{"href":"https:\/\/alegerglobal.com\/fr\/wp-json\/wp\/v2\/media?parent=49685"}],"wp:term":[{"taxonomy":"product_brand","embeddable":true,"href":"https:\/\/alegerglobal.com\/fr\/wp-json\/wp\/v2\/product_brand?post=49685"},{"taxonomy":"product_cat","embeddable":true,"href":"https:\/\/alegerglobal.com\/fr\/wp-json\/wp\/v2\/product_cat?post=49685"},{"taxonomy":"product_tag","embeddable":true,"href":"https:\/\/alegerglobal.com\/fr\/wp-json\/wp\/v2\/product_tag?post=49685"}],"curies":[{"name":"wp","href":"https:\/\/api.w.org\/{rel}","templated":true}]}}