{"id":49613,"date":"2025-09-14T19:06:52","date_gmt":"2025-09-14T18:06:54","guid":{"rendered":"https:\/\/alegerglobal.com\/?post_type=product&#038;p=49613"},"modified":"2026-03-25T20:56:12","modified_gmt":"2026-03-25T19:56:12","slug":"ecom-pad-ex-pro-01-p8-dz2-tablette-antideflagrante-atex-zone-2-ecran-tactile-116-windows-4","status":"publish","type":"product","link":"https:\/\/alegerglobal.com\/fr\/shop-fr\/ecom-pad-ex-pro-01-p8-dz2-tablette-antideflagrante-atex-zone-2-ecran-tactile-116-windows-4\/","title":{"rendered":"Smart-Ex 03 Camera Only &#8211; Cam\u00e9ra robuste pour les zones \u00e0 risque d&rsquo;explosion"},"content":{"rendered":"","protected":false},"excerpt":{"rendered":"<p data-start=\"773\" data-end=\"1226\">La <strong data-start=\"777\" data-end=\"804\">Smart-Ex 03 Camera Only<\/strong> est une solution de cam\u00e9ra \u00e0 s\u00e9curit\u00e9 intrins\u00e8que d&rsquo;ECOM \/ Pepperl+Fuchs, approuv\u00e9e pour les <strong data-start=\"882\" data-end=\"907\">zones 1\/21 et 2\/22<\/strong> ainsi que pour <strong data-start=\"914\" data-end=\"932\">les divisions 1 et 2<\/strong>. Elle est con\u00e7ue pour les applications dans lesquelles des zones critiques doivent \u00eatre document\u00e9es ou inspect\u00e9es sans utiliser un smartphone enti\u00e8rement fonctionnel. Le mode kiosque limite la fonctionnalit\u00e9 \u00e0 la seule fonction de cam\u00e9ra &#8211; particuli\u00e8rement adapt\u00e9 lorsque seules des images\/vid\u00e9os sont souhait\u00e9es.<\/p>\n","protected":false},"featured_media":49648,"comment_status":"open","ping_status":"closed","template":"","meta":{"_acf_changed":false},"product_brand":[],"product_cat":[621,2635,601],"product_tag":[],"class_list":{"0":"post-49613","1":"product","2":"type-product","3":"status-publish","4":"has-post-thumbnail","6":"product_cat-atex-fr","7":"product_cat-informatique-mobile","8":"product_cat-shop-fr","9":"pa_hersteller-ecom-fr","11":"first","12":"instock","13":"taxable","14":"shipping-taxable","15":"purchasable","16":"product-type-simple"},"acf":[],"yoast_head":"<!-- This site is optimized with the Yoast SEO Premium plugin v20.10 (Yoast SEO v24.3) - https:\/\/yoast.com\/wordpress\/plugins\/seo\/ -->\n<title>Smart-Ex 03 Camera Only - Cam\u00e9ra ATEX\/IECEx pour les zones 1 &amp; 2<\/title>\n<meta name=\"description\" content=\"Cam\u00e9ra \u00e0 s\u00e9curit\u00e9 intrins\u00e8que &quot;Smart-Ex 03 Camera Only&quot; de ECOM - 13 MP + 5 MP, Android 13, ATEX\/IECEx Zone 1\/21 &amp; 2\/22, IP68 &amp; MIL-STD-810H. Id\u00e9al pour l&#039;inspection &amp; la documentation dans les zones dangereuses.\" \/>\n<meta name=\"robots\" content=\"index, follow, max-snippet:-1, max-image-preview:large, max-video-preview:-1\" \/>\n<meta property=\"og:locale\" content=\"fr_FR\" \/>\n<meta property=\"og:type\" content=\"article\" \/>\n<meta property=\"og:title\" content=\"Smart-Ex 03 Camera Only - Cam\u00e9ra robuste pour les zones \u00e0 risque d&#039;explosion\" \/>\n<meta property=\"og:description\" content=\"Cam\u00e9ra \u00e0 s\u00e9curit\u00e9 intrins\u00e8que &quot;Smart-Ex 03 Camera Only&quot; de ECOM - 13 MP + 5 MP, Android 13, ATEX\/IECEx Zone 1\/21 &amp; 2\/22, IP68 &amp; MIL-STD-810H. Id\u00e9al pour l&#039;inspection &amp; la documentation dans les zones dangereuses.\" \/>\n<meta property=\"og:url\" content=\"https:\/\/alegerglobal.com\/fr\/shop-fr\/ecom-pad-ex-pro-01-p8-dz2-tablette-antideflagrante-atex-zone-2-ecran-tactile-116-windows-4\/\" \/>\n<meta property=\"og:site_name\" content=\"ALEGER \u22c6 Augmented Reality\" \/>\n<meta property=\"article:modified_time\" content=\"2026-03-25T19:56:12+00:00\" \/>\n<meta property=\"og:image\" content=\"https:\/\/alegerglobal.com\/wp-content\/uploads\/2025\/09\/Bild16.png\" \/>\n\t<meta property=\"og:image:width\" content=\"400\" \/>\n\t<meta property=\"og:image:height\" content=\"400\" \/>\n\t<meta property=\"og:image:type\" content=\"image\/png\" \/>\n<meta name=\"twitter:card\" content=\"summary_large_image\" \/>\n<meta name=\"twitter:label1\" content=\"Prix\" \/>\n\t<meta name=\"twitter:data1\" content=\"&euro;4.249,00\" \/>\n\t<meta name=\"twitter:label2\" content=\"Disponibilit\u00e9\" \/>\n\t<meta name=\"twitter:data2\" content=\"En stock\" \/>\n<script type=\"application\/ld+json\" class=\"yoast-schema-graph\">{\"@context\":\"https:\/\/schema.org\",\"@graph\":[{\"@type\":\"WebPage\",\"@id\":\"https:\/\/alegerglobal.com\/fr\/shop-fr\/ecom-pad-ex-pro-01-p8-dz2-tablette-antideflagrante-atex-zone-2-ecran-tactile-116-windows-4\/\",\"url\":\"https:\/\/alegerglobal.com\/fr\/shop-fr\/ecom-pad-ex-pro-01-p8-dz2-tablette-antideflagrante-atex-zone-2-ecran-tactile-116-windows-4\/\",\"name\":\"Smart-Ex 03 Camera Only - Cam\u00e9ra ATEX\/IECEx pour les zones 1 & 2\",\"isPartOf\":{\"@id\":\"https:\/\/alegerglobal.com\/fr\/#website\"},\"primaryImageOfPage\":{\"@id\":\"https:\/\/alegerglobal.com\/fr\/shop-fr\/ecom-pad-ex-pro-01-p8-dz2-tablette-antideflagrante-atex-zone-2-ecran-tactile-116-windows-4\/#primaryimage\"},\"image\":{\"@id\":\"https:\/\/alegerglobal.com\/fr\/shop-fr\/ecom-pad-ex-pro-01-p8-dz2-tablette-antideflagrante-atex-zone-2-ecran-tactile-116-windows-4\/#primaryimage\"},\"thumbnailUrl\":\"https:\/\/alegerglobal.com\/wp-content\/uploads\/2025\/09\/Bild16.png\",\"datePublished\":\"2025-09-14T18:06:54+00:00\",\"dateModified\":\"2026-03-25T19:56:12+00:00\",\"description\":\"Cam\u00e9ra \u00e0 s\u00e9curit\u00e9 intrins\u00e8que \\\"Smart-Ex 03 Camera Only\\\" de ECOM - 13 MP + 5 MP, Android 13, ATEX\/IECEx Zone 1\/21 & 2\/22, IP68 & MIL-STD-810H. Id\u00e9al pour l'inspection & la documentation dans les zones dangereuses.\",\"breadcrumb\":{\"@id\":\"https:\/\/alegerglobal.com\/fr\/shop-fr\/ecom-pad-ex-pro-01-p8-dz2-tablette-antideflagrante-atex-zone-2-ecran-tactile-116-windows-4\/#breadcrumb\"},\"inLanguage\":\"fr-FR\",\"potentialAction\":[{\"@type\":\"ReadAction\",\"target\":[\"https:\/\/alegerglobal.com\/fr\/shop-fr\/ecom-pad-ex-pro-01-p8-dz2-tablette-antideflagrante-atex-zone-2-ecran-tactile-116-windows-4\/\"]}]},{\"@type\":\"ImageObject\",\"inLanguage\":\"fr-FR\",\"@id\":\"https:\/\/alegerglobal.com\/fr\/shop-fr\/ecom-pad-ex-pro-01-p8-dz2-tablette-antideflagrante-atex-zone-2-ecran-tactile-116-windows-4\/#primaryimage\",\"url\":\"https:\/\/alegerglobal.com\/wp-content\/uploads\/2025\/09\/Bild16.png\",\"contentUrl\":\"https:\/\/alegerglobal.com\/wp-content\/uploads\/2025\/09\/Bild16.png\",\"width\":400,\"height\":400},{\"@type\":\"BreadcrumbList\",\"@id\":\"https:\/\/alegerglobal.com\/fr\/shop-fr\/ecom-pad-ex-pro-01-p8-dz2-tablette-antideflagrante-atex-zone-2-ecran-tactile-116-windows-4\/#breadcrumb\",\"itemListElement\":[{\"@type\":\"ListItem\",\"position\":1,\"name\":\"Home\",\"item\":\"https:\/\/alegerglobal.com\/fr\/new-page-daccueil\/\"},{\"@type\":\"ListItem\",\"position\":2,\"name\":\"Produits\",\"item\":\"https:\/\/alegerglobal.com\/fr\/produits\/\"},{\"@type\":\"ListItem\",\"position\":3,\"name\":\"Smart-Ex 03 Camera Only &#8211; Cam\u00e9ra robuste pour les zones \u00e0 risque d&#8217;explosion\"}]},{\"@type\":\"WebSite\",\"@id\":\"https:\/\/alegerglobal.com\/fr\/#website\",\"url\":\"https:\/\/alegerglobal.com\/fr\/\",\"name\":\"ALEGER \u22c6 Augmented Reality\",\"description\":\"Die besten Augmented Reality (AR) L\u00f6sungen der Welt.\",\"publisher\":{\"@id\":\"https:\/\/alegerglobal.com\/fr\/#organization\"},\"potentialAction\":[{\"@type\":\"SearchAction\",\"target\":{\"@type\":\"EntryPoint\",\"urlTemplate\":\"https:\/\/alegerglobal.com\/fr\/?s={search_term_string}\"},\"query-input\":{\"@type\":\"PropertyValueSpecification\",\"valueRequired\":true,\"valueName\":\"search_term_string\"}}],\"inLanguage\":\"fr-FR\"},{\"@type\":\"Organization\",\"@id\":\"https:\/\/alegerglobal.com\/fr\/#organization\",\"name\":\"ALEGER \u22c6 Augmented Reality\",\"url\":\"https:\/\/alegerglobal.com\/fr\/\",\"logo\":{\"@type\":\"ImageObject\",\"inLanguage\":\"fr-FR\",\"@id\":\"https:\/\/alegerglobal.com\/fr\/#\/schema\/logo\/image\/\",\"url\":\"https:\/\/alegerglobal.com\/wp-content\/uploads\/2020\/12\/aleger-logo-quadrat.jpg\",\"contentUrl\":\"https:\/\/alegerglobal.com\/wp-content\/uploads\/2020\/12\/aleger-logo-quadrat.jpg\",\"width\":200,\"height\":176,\"caption\":\"ALEGER \u22c6 Augmented Reality\"},\"image\":{\"@id\":\"https:\/\/alegerglobal.com\/fr\/#\/schema\/logo\/image\/\"}}]}<\/script>\n<meta property=\"product:brand\" content=\"Ecom\" \/>\n<meta property=\"product:price:amount\" content=\"4249.00\" \/>\n<meta property=\"product:price:currency\" content=\"EUR\" \/>\n<meta property=\"og:availability\" content=\"instock\" \/>\n<meta property=\"product:availability\" content=\"instock\" \/>\n<meta property=\"product:condition\" content=\"new\" \/>\n<!-- \/ Yoast SEO Premium plugin. -->","yoast_head_json":{"title":"Smart-Ex 03 Camera Only - Cam\u00e9ra ATEX\/IECEx pour les zones 1 & 2","description":"Cam\u00e9ra \u00e0 s\u00e9curit\u00e9 intrins\u00e8que \"Smart-Ex 03 Camera Only\" de ECOM - 13 MP + 5 MP, Android 13, ATEX\/IECEx Zone 1\/21 & 2\/22, IP68 & MIL-STD-810H. Id\u00e9al pour l'inspection & la documentation dans les zones dangereuses.","robots":{"index":"index","follow":"follow","max-snippet":"max-snippet:-1","max-image-preview":"max-image-preview:large","max-video-preview":"max-video-preview:-1"},"og_locale":"fr_FR","og_type":"article","og_title":"Smart-Ex 03 Camera Only - Cam\u00e9ra robuste pour les zones \u00e0 risque d'explosion","og_description":"Cam\u00e9ra \u00e0 s\u00e9curit\u00e9 intrins\u00e8que \"Smart-Ex 03 Camera Only\" de ECOM - 13 MP + 5 MP, Android 13, ATEX\/IECEx Zone 1\/21 & 2\/22, IP68 & MIL-STD-810H. Id\u00e9al pour l'inspection & la documentation dans les zones dangereuses.","og_url":"https:\/\/alegerglobal.com\/fr\/shop-fr\/ecom-pad-ex-pro-01-p8-dz2-tablette-antideflagrante-atex-zone-2-ecran-tactile-116-windows-4\/","og_site_name":"ALEGER \u22c6 Augmented Reality","article_modified_time":"2026-03-25T19:56:12+00:00","og_image":[{"width":400,"height":400,"url":"https:\/\/alegerglobal.com\/wp-content\/uploads\/2025\/09\/Bild16.png","type":"image\/png"}],"twitter_card":"summary_large_image","twitter_misc":{"Prix":"&euro;4.249,00","Disponibilit\u00e9":"En stock"},"schema":{"@context":"https:\/\/schema.org","@graph":[{"@type":"WebPage","@id":"https:\/\/alegerglobal.com\/fr\/shop-fr\/ecom-pad-ex-pro-01-p8-dz2-tablette-antideflagrante-atex-zone-2-ecran-tactile-116-windows-4\/","url":"https:\/\/alegerglobal.com\/fr\/shop-fr\/ecom-pad-ex-pro-01-p8-dz2-tablette-antideflagrante-atex-zone-2-ecran-tactile-116-windows-4\/","name":"Smart-Ex 03 Camera Only - Cam\u00e9ra ATEX\/IECEx pour les zones 1 & 2","isPartOf":{"@id":"https:\/\/alegerglobal.com\/fr\/#website"},"primaryImageOfPage":{"@id":"https:\/\/alegerglobal.com\/fr\/shop-fr\/ecom-pad-ex-pro-01-p8-dz2-tablette-antideflagrante-atex-zone-2-ecran-tactile-116-windows-4\/#primaryimage"},"image":{"@id":"https:\/\/alegerglobal.com\/fr\/shop-fr\/ecom-pad-ex-pro-01-p8-dz2-tablette-antideflagrante-atex-zone-2-ecran-tactile-116-windows-4\/#primaryimage"},"thumbnailUrl":"https:\/\/alegerglobal.com\/wp-content\/uploads\/2025\/09\/Bild16.png","datePublished":"2025-09-14T18:06:54+00:00","dateModified":"2026-03-25T19:56:12+00:00","description":"Cam\u00e9ra \u00e0 s\u00e9curit\u00e9 intrins\u00e8que \"Smart-Ex 03 Camera Only\" de ECOM - 13 MP + 5 MP, Android 13, ATEX\/IECEx Zone 1\/21 & 2\/22, IP68 & MIL-STD-810H. Id\u00e9al pour l'inspection & la documentation dans les zones dangereuses.","breadcrumb":{"@id":"https:\/\/alegerglobal.com\/fr\/shop-fr\/ecom-pad-ex-pro-01-p8-dz2-tablette-antideflagrante-atex-zone-2-ecran-tactile-116-windows-4\/#breadcrumb"},"inLanguage":"fr-FR","potentialAction":[{"@type":"ReadAction","target":["https:\/\/alegerglobal.com\/fr\/shop-fr\/ecom-pad-ex-pro-01-p8-dz2-tablette-antideflagrante-atex-zone-2-ecran-tactile-116-windows-4\/"]}]},{"@type":"ImageObject","inLanguage":"fr-FR","@id":"https:\/\/alegerglobal.com\/fr\/shop-fr\/ecom-pad-ex-pro-01-p8-dz2-tablette-antideflagrante-atex-zone-2-ecran-tactile-116-windows-4\/#primaryimage","url":"https:\/\/alegerglobal.com\/wp-content\/uploads\/2025\/09\/Bild16.png","contentUrl":"https:\/\/alegerglobal.com\/wp-content\/uploads\/2025\/09\/Bild16.png","width":400,"height":400},{"@type":"BreadcrumbList","@id":"https:\/\/alegerglobal.com\/fr\/shop-fr\/ecom-pad-ex-pro-01-p8-dz2-tablette-antideflagrante-atex-zone-2-ecran-tactile-116-windows-4\/#breadcrumb","itemListElement":[{"@type":"ListItem","position":1,"name":"Home","item":"https:\/\/alegerglobal.com\/fr\/new-page-daccueil\/"},{"@type":"ListItem","position":2,"name":"Produits","item":"https:\/\/alegerglobal.com\/fr\/produits\/"},{"@type":"ListItem","position":3,"name":"Smart-Ex 03 Camera Only &#8211; Cam\u00e9ra robuste pour les zones \u00e0 risque d&#8217;explosion"}]},{"@type":"WebSite","@id":"https:\/\/alegerglobal.com\/fr\/#website","url":"https:\/\/alegerglobal.com\/fr\/","name":"ALEGER \u22c6 Augmented Reality","description":"Die besten Augmented Reality (AR) L\u00f6sungen der Welt.","publisher":{"@id":"https:\/\/alegerglobal.com\/fr\/#organization"},"potentialAction":[{"@type":"SearchAction","target":{"@type":"EntryPoint","urlTemplate":"https:\/\/alegerglobal.com\/fr\/?s={search_term_string}"},"query-input":{"@type":"PropertyValueSpecification","valueRequired":true,"valueName":"search_term_string"}}],"inLanguage":"fr-FR"},{"@type":"Organization","@id":"https:\/\/alegerglobal.com\/fr\/#organization","name":"ALEGER \u22c6 Augmented Reality","url":"https:\/\/alegerglobal.com\/fr\/","logo":{"@type":"ImageObject","inLanguage":"fr-FR","@id":"https:\/\/alegerglobal.com\/fr\/#\/schema\/logo\/image\/","url":"https:\/\/alegerglobal.com\/wp-content\/uploads\/2020\/12\/aleger-logo-quadrat.jpg","contentUrl":"https:\/\/alegerglobal.com\/wp-content\/uploads\/2020\/12\/aleger-logo-quadrat.jpg","width":200,"height":176,"caption":"ALEGER \u22c6 Augmented Reality"},"image":{"@id":"https:\/\/alegerglobal.com\/fr\/#\/schema\/logo\/image\/"}}]},"product_brand":"Ecom","product_price_amount":"4249.00","product_price_currency":"EUR","og_availability":"instock","product_availability":"instock","product_condition":"new"},"_links":{"self":[{"href":"https:\/\/alegerglobal.com\/fr\/wp-json\/wp\/v2\/product\/49613","targetHints":{"allow":["GET"]}}],"collection":[{"href":"https:\/\/alegerglobal.com\/fr\/wp-json\/wp\/v2\/product"}],"about":[{"href":"https:\/\/alegerglobal.com\/fr\/wp-json\/wp\/v2\/types\/product"}],"replies":[{"embeddable":true,"href":"https:\/\/alegerglobal.com\/fr\/wp-json\/wp\/v2\/comments?post=49613"}],"version-history":[{"count":3,"href":"https:\/\/alegerglobal.com\/fr\/wp-json\/wp\/v2\/product\/49613\/revisions"}],"predecessor-version":[{"id":54127,"href":"https:\/\/alegerglobal.com\/fr\/wp-json\/wp\/v2\/product\/49613\/revisions\/54127"}],"wp:featuredmedia":[{"embeddable":true,"href":"https:\/\/alegerglobal.com\/fr\/wp-json\/wp\/v2\/media\/49648"}],"wp:attachment":[{"href":"https:\/\/alegerglobal.com\/fr\/wp-json\/wp\/v2\/media?parent=49613"}],"wp:term":[{"taxonomy":"product_brand","embeddable":true,"href":"https:\/\/alegerglobal.com\/fr\/wp-json\/wp\/v2\/product_brand?post=49613"},{"taxonomy":"product_cat","embeddable":true,"href":"https:\/\/alegerglobal.com\/fr\/wp-json\/wp\/v2\/product_cat?post=49613"},{"taxonomy":"product_tag","embeddable":true,"href":"https:\/\/alegerglobal.com\/fr\/wp-json\/wp\/v2\/product_tag?post=49613"}],"curies":[{"name":"wp","href":"https:\/\/api.w.org\/{rel}","templated":true}]}}