{"id":49546,"date":"2025-08-14T18:51:42","date_gmt":"2025-09-14T17:51:44","guid":{"rendered":"https:\/\/alegerglobal.com\/?post_type=product&#038;p=49546"},"modified":"2026-03-19T18:56:25","modified_gmt":"2026-03-19T17:56:25","slug":"ecom-pad-ex-pro-01-p8-dz2-tablette-antideflagrante-atex-zone-2-ecran-tactile-116-windows-kopie-kopie-2","status":"publish","type":"product","link":"https:\/\/alegerglobal.com\/fr\/communication-fr\/ecom-pad-ex-pro-01-p8-dz2-tablette-antideflagrante-atex-zone-2-ecran-tactile-116-windows-kopie-kopie-2\/","title":{"rendered":"EdgeOne &#8211; La passerelle d&rsquo;extr\u00e9mit\u00e9 5G haute performance pour les zones dangereuses"},"content":{"rendered":"","protected":false},"excerpt":{"rendered":"<p data-start=\"595\" data-end=\"986\"><strong data-start=\"599\" data-end=\"610\">EdgeOne<\/strong> de RuggedEdge est une passerelle industrielle intrins\u00e8quement s\u00e9curis\u00e9e, sp\u00e9cialement con\u00e7ue pour \u00eatre utilis\u00e9e dans des <strong data-start=\"711\" data-end=\"767\">zones \u00e0 risque d&rsquo;explosion (Zone 1 \/ Classe 1 Div 1)<\/strong>. Elle combine une haute disponibilit\u00e9 des donn\u00e9es, une puissance de calcul en p\u00e9riph\u00e9rie et une technologie de r\u00e9seau s\u00e9curis\u00e9e dans un seul appareil &#8211; une pi\u00e8ce ma\u00eetresse pour les architectures modernes de l&rsquo;industrie 4.0 dans des environnements exigeants.<\/p>\n<p data-start=\"988\" data-end=\"1353\">Avec <strong data-start=\"1005\" data-end=\"1011\">la 5G<\/strong> int\u00e9gr\u00e9e, le WiFi 6 et la connectivit\u00e9 d&rsquo;entreprise, EdgeOne permet une transmission fiable des donn\u00e9es, m\u00eame dans les environnements difficiles &#8211; id\u00e9al pour l&rsquo;IIoT, le suivi des actifs, la surveillance \u00e0 distance et l&rsquo;automatisation industrielle.<\/p>\n","protected":false},"featured_media":39951,"comment_status":"open","ping_status":"closed","template":"","meta":{"_acf_changed":false},"product_brand":[],"product_cat":[621,2636,2635,601],"product_tag":[],"class_list":{"0":"post-49546","1":"product","2":"type-product","3":"status-publish","4":"has-post-thumbnail","6":"product_cat-atex-fr","7":"product_cat-communication-fr","8":"product_cat-informatique-mobile","9":"product_cat-shop-fr","11":"first","12":"instock","13":"taxable","14":"shipping-taxable","15":"purchasable","16":"product-type-simple"},"acf":[],"yoast_head":"<!-- This site is optimized with the Yoast SEO Premium plugin v20.10 (Yoast SEO v24.3) - https:\/\/yoast.com\/wordpress\/plugins\/seo\/ -->\n<title>EdgeOne - Passerelle 5G IIoT &amp; WIFI pour ATEX Zone 1 \/ Classe 1<\/title>\n<meta name=\"description\" content=\"EdgeOne est une passerelle 5G robuste (ATEX Zone 1 \/ Class 1 Div 1) avec WiFi 6, Edge-Computing, compatible avec la plateforme IIoT &amp; EdgeConnect\" \/>\n<meta name=\"robots\" content=\"index, follow, max-snippet:-1, max-image-preview:large, max-video-preview:-1\" \/>\n<meta property=\"og:locale\" content=\"fr_FR\" \/>\n<meta property=\"og:type\" content=\"article\" \/>\n<meta property=\"og:title\" content=\"EdgeOne - La passerelle d&#039;extr\u00e9mit\u00e9 5G haute performance pour les zones dangereuses\" \/>\n<meta property=\"og:description\" content=\"EdgeOne est une passerelle 5G robuste (ATEX Zone 1 \/ Class 1 Div 1) avec WiFi 6, Edge-Computing, compatible avec la plateforme IIoT &amp; EdgeConnect\" \/>\n<meta property=\"og:url\" content=\"https:\/\/alegerglobal.com\/fr\/communication-fr\/ecom-pad-ex-pro-01-p8-dz2-tablette-antideflagrante-atex-zone-2-ecran-tactile-116-windows-kopie-kopie-2\/\" \/>\n<meta property=\"og:site_name\" content=\"ALEGER \u22c6 Augmented Reality\" \/>\n<meta property=\"article:modified_time\" content=\"2026-03-19T17:56:25+00:00\" \/>\n<meta property=\"og:image\" content=\"https:\/\/alegerglobal.com\/wp-content\/uploads\/2024\/06\/Unbenannt.jpg\" \/>\n\t<meta property=\"og:image:width\" content=\"800\" \/>\n\t<meta property=\"og:image:height\" content=\"800\" \/>\n\t<meta property=\"og:image:type\" content=\"image\/jpeg\" \/>\n<meta name=\"twitter:card\" content=\"summary_large_image\" \/>\n<meta name=\"twitter:label1\" content=\"Prix\" \/>\n\t<meta name=\"twitter:data1\" content=\"&euro;4.249,00\" \/>\n\t<meta name=\"twitter:label2\" content=\"Disponibilit\u00e9\" \/>\n\t<meta name=\"twitter:data2\" content=\"En stock\" \/>\n<script type=\"application\/ld+json\" class=\"yoast-schema-graph\">{\"@context\":\"https:\/\/schema.org\",\"@graph\":[{\"@type\":\"WebPage\",\"@id\":\"https:\/\/alegerglobal.com\/fr\/communication-fr\/ecom-pad-ex-pro-01-p8-dz2-tablette-antideflagrante-atex-zone-2-ecran-tactile-116-windows-kopie-kopie-2\/\",\"url\":\"https:\/\/alegerglobal.com\/fr\/communication-fr\/ecom-pad-ex-pro-01-p8-dz2-tablette-antideflagrante-atex-zone-2-ecran-tactile-116-windows-kopie-kopie-2\/\",\"name\":\"EdgeOne - Passerelle 5G IIoT & WIFI pour ATEX Zone 1 \/ Classe 1\",\"isPartOf\":{\"@id\":\"https:\/\/alegerglobal.com\/fr\/#website\"},\"primaryImageOfPage\":{\"@id\":\"https:\/\/alegerglobal.com\/fr\/communication-fr\/ecom-pad-ex-pro-01-p8-dz2-tablette-antideflagrante-atex-zone-2-ecran-tactile-116-windows-kopie-kopie-2\/#primaryimage\"},\"image\":{\"@id\":\"https:\/\/alegerglobal.com\/fr\/communication-fr\/ecom-pad-ex-pro-01-p8-dz2-tablette-antideflagrante-atex-zone-2-ecran-tactile-116-windows-kopie-kopie-2\/#primaryimage\"},\"thumbnailUrl\":\"https:\/\/alegerglobal.com\/wp-content\/uploads\/2024\/06\/Unbenannt.jpg\",\"datePublished\":\"2025-09-14T17:51:44+00:00\",\"dateModified\":\"2026-03-19T17:56:25+00:00\",\"description\":\"EdgeOne est une passerelle 5G robuste (ATEX Zone 1 \/ Class 1 Div 1) avec WiFi 6, Edge-Computing, compatible avec la plateforme IIoT & EdgeConnect\",\"breadcrumb\":{\"@id\":\"https:\/\/alegerglobal.com\/fr\/communication-fr\/ecom-pad-ex-pro-01-p8-dz2-tablette-antideflagrante-atex-zone-2-ecran-tactile-116-windows-kopie-kopie-2\/#breadcrumb\"},\"inLanguage\":\"fr-FR\",\"potentialAction\":[{\"@type\":\"ReadAction\",\"target\":[\"https:\/\/alegerglobal.com\/fr\/communication-fr\/ecom-pad-ex-pro-01-p8-dz2-tablette-antideflagrante-atex-zone-2-ecran-tactile-116-windows-kopie-kopie-2\/\"]}]},{\"@type\":\"ImageObject\",\"inLanguage\":\"fr-FR\",\"@id\":\"https:\/\/alegerglobal.com\/fr\/communication-fr\/ecom-pad-ex-pro-01-p8-dz2-tablette-antideflagrante-atex-zone-2-ecran-tactile-116-windows-kopie-kopie-2\/#primaryimage\",\"url\":\"https:\/\/alegerglobal.com\/wp-content\/uploads\/2024\/06\/Unbenannt.jpg\",\"contentUrl\":\"https:\/\/alegerglobal.com\/wp-content\/uploads\/2024\/06\/Unbenannt.jpg\",\"width\":800,\"height\":800},{\"@type\":\"BreadcrumbList\",\"@id\":\"https:\/\/alegerglobal.com\/fr\/communication-fr\/ecom-pad-ex-pro-01-p8-dz2-tablette-antideflagrante-atex-zone-2-ecran-tactile-116-windows-kopie-kopie-2\/#breadcrumb\",\"itemListElement\":[{\"@type\":\"ListItem\",\"position\":1,\"name\":\"Home\",\"item\":\"https:\/\/alegerglobal.com\/fr\/new-page-daccueil\/\"},{\"@type\":\"ListItem\",\"position\":2,\"name\":\"Produits\",\"item\":\"https:\/\/alegerglobal.com\/fr\/produits\/\"},{\"@type\":\"ListItem\",\"position\":3,\"name\":\"EdgeOne &#8211; La passerelle d&#8217;extr\u00e9mit\u00e9 5G haute performance pour les zones dangereuses\"}]},{\"@type\":\"WebSite\",\"@id\":\"https:\/\/alegerglobal.com\/fr\/#website\",\"url\":\"https:\/\/alegerglobal.com\/fr\/\",\"name\":\"ALEGER \u22c6 Augmented Reality\",\"description\":\"Die besten Augmented Reality (AR) L\u00f6sungen der Welt.\",\"publisher\":{\"@id\":\"https:\/\/alegerglobal.com\/fr\/#organization\"},\"potentialAction\":[{\"@type\":\"SearchAction\",\"target\":{\"@type\":\"EntryPoint\",\"urlTemplate\":\"https:\/\/alegerglobal.com\/fr\/?s={search_term_string}\"},\"query-input\":{\"@type\":\"PropertyValueSpecification\",\"valueRequired\":true,\"valueName\":\"search_term_string\"}}],\"inLanguage\":\"fr-FR\"},{\"@type\":\"Organization\",\"@id\":\"https:\/\/alegerglobal.com\/fr\/#organization\",\"name\":\"ALEGER \u22c6 Augmented Reality\",\"url\":\"https:\/\/alegerglobal.com\/fr\/\",\"logo\":{\"@type\":\"ImageObject\",\"inLanguage\":\"fr-FR\",\"@id\":\"https:\/\/alegerglobal.com\/fr\/#\/schema\/logo\/image\/\",\"url\":\"https:\/\/alegerglobal.com\/wp-content\/uploads\/2020\/12\/aleger-logo-quadrat.jpg\",\"contentUrl\":\"https:\/\/alegerglobal.com\/wp-content\/uploads\/2020\/12\/aleger-logo-quadrat.jpg\",\"width\":200,\"height\":176,\"caption\":\"ALEGER \u22c6 Augmented Reality\"},\"image\":{\"@id\":\"https:\/\/alegerglobal.com\/fr\/#\/schema\/logo\/image\/\"}}]}<\/script>\n<meta property=\"product:price:amount\" content=\"4249.00\" \/>\n<meta property=\"product:price:currency\" content=\"EUR\" \/>\n<meta property=\"og:availability\" content=\"instock\" \/>\n<meta property=\"product:availability\" content=\"instock\" \/>\n<meta property=\"product:condition\" content=\"new\" \/>\n<!-- \/ Yoast SEO Premium plugin. -->","yoast_head_json":{"title":"EdgeOne - Passerelle 5G IIoT & WIFI pour ATEX Zone 1 \/ Classe 1","description":"EdgeOne est une passerelle 5G robuste (ATEX Zone 1 \/ Class 1 Div 1) avec WiFi 6, Edge-Computing, compatible avec la plateforme IIoT & EdgeConnect","robots":{"index":"index","follow":"follow","max-snippet":"max-snippet:-1","max-image-preview":"max-image-preview:large","max-video-preview":"max-video-preview:-1"},"og_locale":"fr_FR","og_type":"article","og_title":"EdgeOne - La passerelle d'extr\u00e9mit\u00e9 5G haute performance pour les zones dangereuses","og_description":"EdgeOne est une passerelle 5G robuste (ATEX Zone 1 \/ Class 1 Div 1) avec WiFi 6, Edge-Computing, compatible avec la plateforme IIoT & EdgeConnect","og_url":"https:\/\/alegerglobal.com\/fr\/communication-fr\/ecom-pad-ex-pro-01-p8-dz2-tablette-antideflagrante-atex-zone-2-ecran-tactile-116-windows-kopie-kopie-2\/","og_site_name":"ALEGER \u22c6 Augmented Reality","article_modified_time":"2026-03-19T17:56:25+00:00","og_image":[{"width":800,"height":800,"url":"https:\/\/alegerglobal.com\/wp-content\/uploads\/2024\/06\/Unbenannt.jpg","type":"image\/jpeg"}],"twitter_card":"summary_large_image","twitter_misc":{"Prix":"&euro;4.249,00","Disponibilit\u00e9":"En stock"},"schema":{"@context":"https:\/\/schema.org","@graph":[{"@type":"WebPage","@id":"https:\/\/alegerglobal.com\/fr\/communication-fr\/ecom-pad-ex-pro-01-p8-dz2-tablette-antideflagrante-atex-zone-2-ecran-tactile-116-windows-kopie-kopie-2\/","url":"https:\/\/alegerglobal.com\/fr\/communication-fr\/ecom-pad-ex-pro-01-p8-dz2-tablette-antideflagrante-atex-zone-2-ecran-tactile-116-windows-kopie-kopie-2\/","name":"EdgeOne - Passerelle 5G IIoT & WIFI pour ATEX Zone 1 \/ Classe 1","isPartOf":{"@id":"https:\/\/alegerglobal.com\/fr\/#website"},"primaryImageOfPage":{"@id":"https:\/\/alegerglobal.com\/fr\/communication-fr\/ecom-pad-ex-pro-01-p8-dz2-tablette-antideflagrante-atex-zone-2-ecran-tactile-116-windows-kopie-kopie-2\/#primaryimage"},"image":{"@id":"https:\/\/alegerglobal.com\/fr\/communication-fr\/ecom-pad-ex-pro-01-p8-dz2-tablette-antideflagrante-atex-zone-2-ecran-tactile-116-windows-kopie-kopie-2\/#primaryimage"},"thumbnailUrl":"https:\/\/alegerglobal.com\/wp-content\/uploads\/2024\/06\/Unbenannt.jpg","datePublished":"2025-09-14T17:51:44+00:00","dateModified":"2026-03-19T17:56:25+00:00","description":"EdgeOne est une passerelle 5G robuste (ATEX Zone 1 \/ Class 1 Div 1) avec WiFi 6, Edge-Computing, compatible avec la plateforme IIoT & EdgeConnect","breadcrumb":{"@id":"https:\/\/alegerglobal.com\/fr\/communication-fr\/ecom-pad-ex-pro-01-p8-dz2-tablette-antideflagrante-atex-zone-2-ecran-tactile-116-windows-kopie-kopie-2\/#breadcrumb"},"inLanguage":"fr-FR","potentialAction":[{"@type":"ReadAction","target":["https:\/\/alegerglobal.com\/fr\/communication-fr\/ecom-pad-ex-pro-01-p8-dz2-tablette-antideflagrante-atex-zone-2-ecran-tactile-116-windows-kopie-kopie-2\/"]}]},{"@type":"ImageObject","inLanguage":"fr-FR","@id":"https:\/\/alegerglobal.com\/fr\/communication-fr\/ecom-pad-ex-pro-01-p8-dz2-tablette-antideflagrante-atex-zone-2-ecran-tactile-116-windows-kopie-kopie-2\/#primaryimage","url":"https:\/\/alegerglobal.com\/wp-content\/uploads\/2024\/06\/Unbenannt.jpg","contentUrl":"https:\/\/alegerglobal.com\/wp-content\/uploads\/2024\/06\/Unbenannt.jpg","width":800,"height":800},{"@type":"BreadcrumbList","@id":"https:\/\/alegerglobal.com\/fr\/communication-fr\/ecom-pad-ex-pro-01-p8-dz2-tablette-antideflagrante-atex-zone-2-ecran-tactile-116-windows-kopie-kopie-2\/#breadcrumb","itemListElement":[{"@type":"ListItem","position":1,"name":"Home","item":"https:\/\/alegerglobal.com\/fr\/new-page-daccueil\/"},{"@type":"ListItem","position":2,"name":"Produits","item":"https:\/\/alegerglobal.com\/fr\/produits\/"},{"@type":"ListItem","position":3,"name":"EdgeOne &#8211; La passerelle d&#8217;extr\u00e9mit\u00e9 5G haute performance pour les zones dangereuses"}]},{"@type":"WebSite","@id":"https:\/\/alegerglobal.com\/fr\/#website","url":"https:\/\/alegerglobal.com\/fr\/","name":"ALEGER \u22c6 Augmented Reality","description":"Die besten Augmented Reality (AR) L\u00f6sungen der Welt.","publisher":{"@id":"https:\/\/alegerglobal.com\/fr\/#organization"},"potentialAction":[{"@type":"SearchAction","target":{"@type":"EntryPoint","urlTemplate":"https:\/\/alegerglobal.com\/fr\/?s={search_term_string}"},"query-input":{"@type":"PropertyValueSpecification","valueRequired":true,"valueName":"search_term_string"}}],"inLanguage":"fr-FR"},{"@type":"Organization","@id":"https:\/\/alegerglobal.com\/fr\/#organization","name":"ALEGER \u22c6 Augmented Reality","url":"https:\/\/alegerglobal.com\/fr\/","logo":{"@type":"ImageObject","inLanguage":"fr-FR","@id":"https:\/\/alegerglobal.com\/fr\/#\/schema\/logo\/image\/","url":"https:\/\/alegerglobal.com\/wp-content\/uploads\/2020\/12\/aleger-logo-quadrat.jpg","contentUrl":"https:\/\/alegerglobal.com\/wp-content\/uploads\/2020\/12\/aleger-logo-quadrat.jpg","width":200,"height":176,"caption":"ALEGER \u22c6 Augmented Reality"},"image":{"@id":"https:\/\/alegerglobal.com\/fr\/#\/schema\/logo\/image\/"}}]},"product_price_amount":"4249.00","product_price_currency":"EUR","og_availability":"instock","product_availability":"instock","product_condition":"new"},"_links":{"self":[{"href":"https:\/\/alegerglobal.com\/fr\/wp-json\/wp\/v2\/product\/49546","targetHints":{"allow":["GET"]}}],"collection":[{"href":"https:\/\/alegerglobal.com\/fr\/wp-json\/wp\/v2\/product"}],"about":[{"href":"https:\/\/alegerglobal.com\/fr\/wp-json\/wp\/v2\/types\/product"}],"replies":[{"embeddable":true,"href":"https:\/\/alegerglobal.com\/fr\/wp-json\/wp\/v2\/comments?post=49546"}],"version-history":[{"count":3,"href":"https:\/\/alegerglobal.com\/fr\/wp-json\/wp\/v2\/product\/49546\/revisions"}],"predecessor-version":[{"id":53939,"href":"https:\/\/alegerglobal.com\/fr\/wp-json\/wp\/v2\/product\/49546\/revisions\/53939"}],"wp:featuredmedia":[{"embeddable":true,"href":"https:\/\/alegerglobal.com\/fr\/wp-json\/wp\/v2\/media\/39951"}],"wp:attachment":[{"href":"https:\/\/alegerglobal.com\/fr\/wp-json\/wp\/v2\/media?parent=49546"}],"wp:term":[{"taxonomy":"product_brand","embeddable":true,"href":"https:\/\/alegerglobal.com\/fr\/wp-json\/wp\/v2\/product_brand?post=49546"},{"taxonomy":"product_cat","embeddable":true,"href":"https:\/\/alegerglobal.com\/fr\/wp-json\/wp\/v2\/product_cat?post=49546"},{"taxonomy":"product_tag","embeddable":true,"href":"https:\/\/alegerglobal.com\/fr\/wp-json\/wp\/v2\/product_tag?post=49546"}],"curies":[{"name":"wp","href":"https:\/\/api.w.org\/{rel}","templated":true}]}}