{"id":49455,"date":"2025-09-14T17:53:00","date_gmt":"2025-09-14T16:53:02","guid":{"rendered":"https:\/\/alegerglobal.com\/?post_type=product&#038;p=49455"},"modified":"2026-03-25T20:54:28","modified_gmt":"2026-03-25T19:54:28","slug":"ecom-pad-ex-pro-01-p8-dz2-tablette-antideflagrante-atex-zone-2-ecran-tactile-116-windows-3","status":"publish","type":"product","link":"https:\/\/alegerglobal.com\/fr\/shop-fr\/ecom-pad-ex-pro-01-p8-dz2-tablette-antideflagrante-atex-zone-2-ecran-tactile-116-windows-3\/","title":{"rendered":"Smart-Ex\u00ae 203 &#8211; Smartphone 5G \u00e0 l&rsquo;\u00e9preuve du temps pour les environnements dangereux"},"content":{"rendered":"","protected":false},"excerpt":{"rendered":"<p data-start=\"659\" data-end=\"1140\">Le <strong data-start=\"627\" data-end=\"643\">Smart-Ex 203<\/strong> d&rsquo;ECOM \/ Pepperl+Fuchs est un smartphone industriel puissant, sp\u00e9cialement con\u00e7u pour les environnements dangereux <strong data-start=\"761\" data-end=\"787\">Zone 2\/22 &amp; Division 2<\/strong>. Avec des technologies de pointe telles que la 5G, le WiFi 6, un grand appareil photo, une construction robuste et un excellent support logiciel, il est id\u00e9al pour les services sur le terrain, les inspections, les flux de travail num\u00e9riques et la communication mobile dans les environnements de travail \u00e0 risque d&rsquo;explosion.<\/p>\n","protected":false},"featured_media":49490,"comment_status":"open","ping_status":"closed","template":"","meta":{"_acf_changed":false},"product_brand":[],"product_cat":[621,2636,2635,601],"product_tag":[],"class_list":{"0":"post-49455","1":"product","2":"type-product","3":"status-publish","4":"has-post-thumbnail","6":"product_cat-atex-fr","7":"product_cat-communication-fr","8":"product_cat-informatique-mobile","9":"product_cat-shop-fr","10":"pa_hersteller-ecom-fr","12":"first","13":"instock","14":"taxable","15":"shipping-taxable","16":"purchasable","17":"product-type-simple"},"acf":[],"yoast_head":"<!-- This site is optimized with the Yoast SEO Premium plugin v20.10 (Yoast SEO v24.3) - https:\/\/yoast.com\/wordpress\/plugins\/seo\/ -->\n<title>Smart-Ex 203 - Smartphone 5G Ex pour Zone 2\/22 &amp; Division 2<\/title>\n<meta name=\"description\" content=\"SmartEx 203 ATEX\/IECEx 5G Smartphone robuste avec 6,3\u2033 FHD+, appareil photo 48 MP, IP68 &amp; MIL-STD-810H. Parfait pour les zones \u00e0 risque d&#039;explosion avec des performances &amp; une s\u00e9curit\u00e9 \u00e9lev\u00e9es.\" \/>\n<meta name=\"robots\" content=\"index, follow, max-snippet:-1, max-image-preview:large, max-video-preview:-1\" \/>\n<meta property=\"og:locale\" content=\"fr_FR\" \/>\n<meta property=\"og:type\" content=\"article\" \/>\n<meta property=\"og:title\" content=\"Smart-Ex\u00ae 203 - Smartphone 5G \u00e0 l&#039;\u00e9preuve du temps pour les environnements dangereux\" \/>\n<meta property=\"og:description\" content=\"SmartEx 203 ATEX\/IECEx 5G Smartphone robuste avec 6,3\u2033 FHD+, appareil photo 48 MP, IP68 &amp; MIL-STD-810H. Parfait pour les zones \u00e0 risque d&#039;explosion avec des performances &amp; une s\u00e9curit\u00e9 \u00e9lev\u00e9es.\" \/>\n<meta property=\"og:url\" content=\"https:\/\/alegerglobal.com\/fr\/shop-fr\/ecom-pad-ex-pro-01-p8-dz2-tablette-antideflagrante-atex-zone-2-ecran-tactile-116-windows-3\/\" \/>\n<meta property=\"og:site_name\" content=\"ALEGER \u22c6 Augmented Reality\" \/>\n<meta property=\"article:modified_time\" content=\"2026-03-25T19:54:28+00:00\" \/>\n<meta property=\"og:image\" content=\"https:\/\/alegerglobal.com\/wp-content\/uploads\/2025\/09\/Bild14.png\" \/>\n\t<meta property=\"og:image:width\" content=\"400\" \/>\n\t<meta property=\"og:image:height\" content=\"400\" \/>\n\t<meta property=\"og:image:type\" content=\"image\/png\" \/>\n<meta name=\"twitter:card\" content=\"summary_large_image\" \/>\n<meta name=\"twitter:label1\" content=\"Prix\" \/>\n\t<meta name=\"twitter:data1\" content=\"&euro;4.249,00\" \/>\n\t<meta name=\"twitter:label2\" content=\"Disponibilit\u00e9\" \/>\n\t<meta name=\"twitter:data2\" content=\"En stock\" \/>\n<script type=\"application\/ld+json\" class=\"yoast-schema-graph\">{\"@context\":\"https:\/\/schema.org\",\"@graph\":[{\"@type\":\"WebPage\",\"@id\":\"https:\/\/alegerglobal.com\/fr\/shop-fr\/ecom-pad-ex-pro-01-p8-dz2-tablette-antideflagrante-atex-zone-2-ecran-tactile-116-windows-3\/\",\"url\":\"https:\/\/alegerglobal.com\/fr\/shop-fr\/ecom-pad-ex-pro-01-p8-dz2-tablette-antideflagrante-atex-zone-2-ecran-tactile-116-windows-3\/\",\"name\":\"Smart-Ex 203 - Smartphone 5G Ex pour Zone 2\/22 & Division 2\",\"isPartOf\":{\"@id\":\"https:\/\/alegerglobal.com\/fr\/#website\"},\"primaryImageOfPage\":{\"@id\":\"https:\/\/alegerglobal.com\/fr\/shop-fr\/ecom-pad-ex-pro-01-p8-dz2-tablette-antideflagrante-atex-zone-2-ecran-tactile-116-windows-3\/#primaryimage\"},\"image\":{\"@id\":\"https:\/\/alegerglobal.com\/fr\/shop-fr\/ecom-pad-ex-pro-01-p8-dz2-tablette-antideflagrante-atex-zone-2-ecran-tactile-116-windows-3\/#primaryimage\"},\"thumbnailUrl\":\"https:\/\/alegerglobal.com\/wp-content\/uploads\/2025\/09\/Bild14.png\",\"datePublished\":\"2025-09-14T16:53:02+00:00\",\"dateModified\":\"2026-03-25T19:54:28+00:00\",\"description\":\"SmartEx 203 ATEX\/IECEx 5G Smartphone robuste avec 6,3\u2033 FHD+, appareil photo 48 MP, IP68 & MIL-STD-810H. Parfait pour les zones \u00e0 risque d'explosion avec des performances & une s\u00e9curit\u00e9 \u00e9lev\u00e9es.\",\"breadcrumb\":{\"@id\":\"https:\/\/alegerglobal.com\/fr\/shop-fr\/ecom-pad-ex-pro-01-p8-dz2-tablette-antideflagrante-atex-zone-2-ecran-tactile-116-windows-3\/#breadcrumb\"},\"inLanguage\":\"fr-FR\",\"potentialAction\":[{\"@type\":\"ReadAction\",\"target\":[\"https:\/\/alegerglobal.com\/fr\/shop-fr\/ecom-pad-ex-pro-01-p8-dz2-tablette-antideflagrante-atex-zone-2-ecran-tactile-116-windows-3\/\"]}]},{\"@type\":\"ImageObject\",\"inLanguage\":\"fr-FR\",\"@id\":\"https:\/\/alegerglobal.com\/fr\/shop-fr\/ecom-pad-ex-pro-01-p8-dz2-tablette-antideflagrante-atex-zone-2-ecran-tactile-116-windows-3\/#primaryimage\",\"url\":\"https:\/\/alegerglobal.com\/wp-content\/uploads\/2025\/09\/Bild14.png\",\"contentUrl\":\"https:\/\/alegerglobal.com\/wp-content\/uploads\/2025\/09\/Bild14.png\",\"width\":400,\"height\":400},{\"@type\":\"BreadcrumbList\",\"@id\":\"https:\/\/alegerglobal.com\/fr\/shop-fr\/ecom-pad-ex-pro-01-p8-dz2-tablette-antideflagrante-atex-zone-2-ecran-tactile-116-windows-3\/#breadcrumb\",\"itemListElement\":[{\"@type\":\"ListItem\",\"position\":1,\"name\":\"Home\",\"item\":\"https:\/\/alegerglobal.com\/fr\/new-page-daccueil\/\"},{\"@type\":\"ListItem\",\"position\":2,\"name\":\"Produits\",\"item\":\"https:\/\/alegerglobal.com\/fr\/produits\/\"},{\"@type\":\"ListItem\",\"position\":3,\"name\":\"Smart-Ex\u00ae 203 &#8211; Smartphone 5G \u00e0 l&#8217;\u00e9preuve du temps pour les environnements dangereux\"}]},{\"@type\":\"WebSite\",\"@id\":\"https:\/\/alegerglobal.com\/fr\/#website\",\"url\":\"https:\/\/alegerglobal.com\/fr\/\",\"name\":\"ALEGER \u22c6 Augmented Reality\",\"description\":\"Die besten Augmented Reality (AR) L\u00f6sungen der Welt.\",\"publisher\":{\"@id\":\"https:\/\/alegerglobal.com\/fr\/#organization\"},\"potentialAction\":[{\"@type\":\"SearchAction\",\"target\":{\"@type\":\"EntryPoint\",\"urlTemplate\":\"https:\/\/alegerglobal.com\/fr\/?s={search_term_string}\"},\"query-input\":{\"@type\":\"PropertyValueSpecification\",\"valueRequired\":true,\"valueName\":\"search_term_string\"}}],\"inLanguage\":\"fr-FR\"},{\"@type\":\"Organization\",\"@id\":\"https:\/\/alegerglobal.com\/fr\/#organization\",\"name\":\"ALEGER \u22c6 Augmented Reality\",\"url\":\"https:\/\/alegerglobal.com\/fr\/\",\"logo\":{\"@type\":\"ImageObject\",\"inLanguage\":\"fr-FR\",\"@id\":\"https:\/\/alegerglobal.com\/fr\/#\/schema\/logo\/image\/\",\"url\":\"https:\/\/alegerglobal.com\/wp-content\/uploads\/2020\/12\/aleger-logo-quadrat.jpg\",\"contentUrl\":\"https:\/\/alegerglobal.com\/wp-content\/uploads\/2020\/12\/aleger-logo-quadrat.jpg\",\"width\":200,\"height\":176,\"caption\":\"ALEGER \u22c6 Augmented Reality\"},\"image\":{\"@id\":\"https:\/\/alegerglobal.com\/fr\/#\/schema\/logo\/image\/\"}}]}<\/script>\n<meta property=\"product:brand\" content=\"Ecom\" \/>\n<meta property=\"product:price:amount\" content=\"4249.00\" \/>\n<meta property=\"product:price:currency\" content=\"EUR\" \/>\n<meta property=\"og:availability\" content=\"instock\" \/>\n<meta property=\"product:availability\" content=\"instock\" \/>\n<meta property=\"product:condition\" content=\"new\" \/>\n<!-- \/ Yoast SEO Premium plugin. -->","yoast_head_json":{"title":"Smart-Ex 203 - Smartphone 5G Ex pour Zone 2\/22 & Division 2","description":"SmartEx 203 ATEX\/IECEx 5G Smartphone robuste avec 6,3\u2033 FHD+, appareil photo 48 MP, IP68 & MIL-STD-810H. Parfait pour les zones \u00e0 risque d'explosion avec des performances & une s\u00e9curit\u00e9 \u00e9lev\u00e9es.","robots":{"index":"index","follow":"follow","max-snippet":"max-snippet:-1","max-image-preview":"max-image-preview:large","max-video-preview":"max-video-preview:-1"},"og_locale":"fr_FR","og_type":"article","og_title":"Smart-Ex\u00ae 203 - Smartphone 5G \u00e0 l'\u00e9preuve du temps pour les environnements dangereux","og_description":"SmartEx 203 ATEX\/IECEx 5G Smartphone robuste avec 6,3\u2033 FHD+, appareil photo 48 MP, IP68 & MIL-STD-810H. Parfait pour les zones \u00e0 risque d'explosion avec des performances & une s\u00e9curit\u00e9 \u00e9lev\u00e9es.","og_url":"https:\/\/alegerglobal.com\/fr\/shop-fr\/ecom-pad-ex-pro-01-p8-dz2-tablette-antideflagrante-atex-zone-2-ecran-tactile-116-windows-3\/","og_site_name":"ALEGER \u22c6 Augmented Reality","article_modified_time":"2026-03-25T19:54:28+00:00","og_image":[{"width":400,"height":400,"url":"https:\/\/alegerglobal.com\/wp-content\/uploads\/2025\/09\/Bild14.png","type":"image\/png"}],"twitter_card":"summary_large_image","twitter_misc":{"Prix":"&euro;4.249,00","Disponibilit\u00e9":"En stock"},"schema":{"@context":"https:\/\/schema.org","@graph":[{"@type":"WebPage","@id":"https:\/\/alegerglobal.com\/fr\/shop-fr\/ecom-pad-ex-pro-01-p8-dz2-tablette-antideflagrante-atex-zone-2-ecran-tactile-116-windows-3\/","url":"https:\/\/alegerglobal.com\/fr\/shop-fr\/ecom-pad-ex-pro-01-p8-dz2-tablette-antideflagrante-atex-zone-2-ecran-tactile-116-windows-3\/","name":"Smart-Ex 203 - Smartphone 5G Ex pour Zone 2\/22 & Division 2","isPartOf":{"@id":"https:\/\/alegerglobal.com\/fr\/#website"},"primaryImageOfPage":{"@id":"https:\/\/alegerglobal.com\/fr\/shop-fr\/ecom-pad-ex-pro-01-p8-dz2-tablette-antideflagrante-atex-zone-2-ecran-tactile-116-windows-3\/#primaryimage"},"image":{"@id":"https:\/\/alegerglobal.com\/fr\/shop-fr\/ecom-pad-ex-pro-01-p8-dz2-tablette-antideflagrante-atex-zone-2-ecran-tactile-116-windows-3\/#primaryimage"},"thumbnailUrl":"https:\/\/alegerglobal.com\/wp-content\/uploads\/2025\/09\/Bild14.png","datePublished":"2025-09-14T16:53:02+00:00","dateModified":"2026-03-25T19:54:28+00:00","description":"SmartEx 203 ATEX\/IECEx 5G Smartphone robuste avec 6,3\u2033 FHD+, appareil photo 48 MP, IP68 & MIL-STD-810H. Parfait pour les zones \u00e0 risque d'explosion avec des performances & une s\u00e9curit\u00e9 \u00e9lev\u00e9es.","breadcrumb":{"@id":"https:\/\/alegerglobal.com\/fr\/shop-fr\/ecom-pad-ex-pro-01-p8-dz2-tablette-antideflagrante-atex-zone-2-ecran-tactile-116-windows-3\/#breadcrumb"},"inLanguage":"fr-FR","potentialAction":[{"@type":"ReadAction","target":["https:\/\/alegerglobal.com\/fr\/shop-fr\/ecom-pad-ex-pro-01-p8-dz2-tablette-antideflagrante-atex-zone-2-ecran-tactile-116-windows-3\/"]}]},{"@type":"ImageObject","inLanguage":"fr-FR","@id":"https:\/\/alegerglobal.com\/fr\/shop-fr\/ecom-pad-ex-pro-01-p8-dz2-tablette-antideflagrante-atex-zone-2-ecran-tactile-116-windows-3\/#primaryimage","url":"https:\/\/alegerglobal.com\/wp-content\/uploads\/2025\/09\/Bild14.png","contentUrl":"https:\/\/alegerglobal.com\/wp-content\/uploads\/2025\/09\/Bild14.png","width":400,"height":400},{"@type":"BreadcrumbList","@id":"https:\/\/alegerglobal.com\/fr\/shop-fr\/ecom-pad-ex-pro-01-p8-dz2-tablette-antideflagrante-atex-zone-2-ecran-tactile-116-windows-3\/#breadcrumb","itemListElement":[{"@type":"ListItem","position":1,"name":"Home","item":"https:\/\/alegerglobal.com\/fr\/new-page-daccueil\/"},{"@type":"ListItem","position":2,"name":"Produits","item":"https:\/\/alegerglobal.com\/fr\/produits\/"},{"@type":"ListItem","position":3,"name":"Smart-Ex\u00ae 203 &#8211; Smartphone 5G \u00e0 l&#8217;\u00e9preuve du temps pour les environnements dangereux"}]},{"@type":"WebSite","@id":"https:\/\/alegerglobal.com\/fr\/#website","url":"https:\/\/alegerglobal.com\/fr\/","name":"ALEGER \u22c6 Augmented Reality","description":"Die besten Augmented Reality (AR) L\u00f6sungen der Welt.","publisher":{"@id":"https:\/\/alegerglobal.com\/fr\/#organization"},"potentialAction":[{"@type":"SearchAction","target":{"@type":"EntryPoint","urlTemplate":"https:\/\/alegerglobal.com\/fr\/?s={search_term_string}"},"query-input":{"@type":"PropertyValueSpecification","valueRequired":true,"valueName":"search_term_string"}}],"inLanguage":"fr-FR"},{"@type":"Organization","@id":"https:\/\/alegerglobal.com\/fr\/#organization","name":"ALEGER \u22c6 Augmented Reality","url":"https:\/\/alegerglobal.com\/fr\/","logo":{"@type":"ImageObject","inLanguage":"fr-FR","@id":"https:\/\/alegerglobal.com\/fr\/#\/schema\/logo\/image\/","url":"https:\/\/alegerglobal.com\/wp-content\/uploads\/2020\/12\/aleger-logo-quadrat.jpg","contentUrl":"https:\/\/alegerglobal.com\/wp-content\/uploads\/2020\/12\/aleger-logo-quadrat.jpg","width":200,"height":176,"caption":"ALEGER \u22c6 Augmented Reality"},"image":{"@id":"https:\/\/alegerglobal.com\/fr\/#\/schema\/logo\/image\/"}}]},"product_brand":"Ecom","product_price_amount":"4249.00","product_price_currency":"EUR","og_availability":"instock","product_availability":"instock","product_condition":"new"},"_links":{"self":[{"href":"https:\/\/alegerglobal.com\/fr\/wp-json\/wp\/v2\/product\/49455","targetHints":{"allow":["GET"]}}],"collection":[{"href":"https:\/\/alegerglobal.com\/fr\/wp-json\/wp\/v2\/product"}],"about":[{"href":"https:\/\/alegerglobal.com\/fr\/wp-json\/wp\/v2\/types\/product"}],"replies":[{"embeddable":true,"href":"https:\/\/alegerglobal.com\/fr\/wp-json\/wp\/v2\/comments?post=49455"}],"version-history":[{"count":3,"href":"https:\/\/alegerglobal.com\/fr\/wp-json\/wp\/v2\/product\/49455\/revisions"}],"predecessor-version":[{"id":54124,"href":"https:\/\/alegerglobal.com\/fr\/wp-json\/wp\/v2\/product\/49455\/revisions\/54124"}],"wp:featuredmedia":[{"embeddable":true,"href":"https:\/\/alegerglobal.com\/fr\/wp-json\/wp\/v2\/media\/49490"}],"wp:attachment":[{"href":"https:\/\/alegerglobal.com\/fr\/wp-json\/wp\/v2\/media?parent=49455"}],"wp:term":[{"taxonomy":"product_brand","embeddable":true,"href":"https:\/\/alegerglobal.com\/fr\/wp-json\/wp\/v2\/product_brand?post=49455"},{"taxonomy":"product_cat","embeddable":true,"href":"https:\/\/alegerglobal.com\/fr\/wp-json\/wp\/v2\/product_cat?post=49455"},{"taxonomy":"product_tag","embeddable":true,"href":"https:\/\/alegerglobal.com\/fr\/wp-json\/wp\/v2\/product_tag?post=49455"}],"curies":[{"name":"wp","href":"https:\/\/api.w.org\/{rel}","templated":true}]}}