{"id":49105,"date":"2025-09-14T13:47:40","date_gmt":"2025-09-14T12:47:41","guid":{"rendered":"https:\/\/alegerglobal.com\/?post_type=product&#038;p=49105"},"modified":"2026-03-25T20:53:10","modified_gmt":"2026-03-25T19:53:10","slug":"ecom-pad-ex-pro-01-p8-dz2-tablette-antideflagrante-atex-zone-2-ecran-tactile-116-windows-2","status":"publish","type":"product","link":"https:\/\/alegerglobal.com\/fr\/shop-fr\/atex-fr\/ecom-pad-ex-pro-01-p8-dz2-tablette-antideflagrante-atex-zone-2-ecran-tactile-116-windows-2\/","title":{"rendered":"Tab-Ex\u00ae 05 DZ1 &#8211; Performance &amp; s\u00e9curit\u00e9 dans les zones \u00e0 risque d&rsquo;explosion (Zone 1\/21 &amp; Div 1)"},"content":{"rendered":"","protected":false},"excerpt":{"rendered":"<p>Le <strong data-start=\"235\" data-end=\"253\">Tab-Ex\u00ae 05 DZ1<\/strong> est une tablette Android robuste, con\u00e7ue pour \u00eatre utilis\u00e9e dans des environnements dangereux tels que la zone 1\/21 et la division 1. Elle combine les technologies de communication les plus avanc\u00e9es, les normes de s\u00e9curit\u00e9 les plus \u00e9lev\u00e9es et une construction durable &#8211; id\u00e9ale pour l&rsquo;industrie, la chimie, le p\u00e9trole et le gaz, la maintenance et toutes les applications o\u00f9 la s\u00e9curit\u00e9 &amp; la fiabilit\u00e9 sont essentielles.<\/p>\n","protected":false},"featured_media":49140,"comment_status":"open","ping_status":"closed","template":"","meta":{"_acf_changed":false},"product_brand":[],"product_cat":[621,2635,601],"product_tag":[],"class_list":{"0":"post-49105","1":"product","2":"type-product","3":"status-publish","4":"has-post-thumbnail","6":"product_cat-atex-fr","7":"product_cat-informatique-mobile","8":"product_cat-shop-fr","9":"pa_hersteller-ecom-fr","11":"first","12":"instock","13":"taxable","14":"shipping-taxable","15":"purchasable","16":"product-type-simple"},"acf":[],"yoast_head":"<!-- This site is optimized with the Yoast SEO Premium plugin v20.10 (Yoast SEO v24.3) - https:\/\/yoast.com\/wordpress\/plugins\/seo\/ -->\n<title>Acheter Tab-Ex\u00ae 05 DZ1 d&#039;ecom - ALEGER \u22c6 Augmented Reality<\/title>\n<meta name=\"description\" content=\"D\u00e9couvrez le Tab-Ex\u00ae 05 DZ1 robuste d&#039;ecom. Travaillez en toute mobilit\u00e9 et en toute s\u00e9curit\u00e9 avec cette tablette pour Atex Zone 1.\" \/>\n<meta name=\"robots\" content=\"index, follow, max-snippet:-1, max-image-preview:large, max-video-preview:-1\" \/>\n<meta property=\"og:locale\" content=\"fr_FR\" \/>\n<meta property=\"og:type\" content=\"article\" \/>\n<meta property=\"og:title\" content=\"Tab-Ex\u00ae 05 DZ1 - Performance &amp; s\u00e9curit\u00e9 dans les zones \u00e0 risque d&#039;explosion (Zone 1\/21 &amp; Div 1)\" \/>\n<meta property=\"og:description\" content=\"D\u00e9couvrez le Tab-Ex\u00ae 05 DZ1 robuste d&#039;ecom. Travaillez en toute mobilit\u00e9 et en toute s\u00e9curit\u00e9 avec cette tablette pour Atex Zone 1.\" \/>\n<meta property=\"og:url\" content=\"https:\/\/alegerglobal.com\/fr\/shop-fr\/atex-fr\/ecom-pad-ex-pro-01-p8-dz2-tablette-antideflagrante-atex-zone-2-ecran-tactile-116-windows-2\/\" \/>\n<meta property=\"og:site_name\" content=\"ALEGER \u22c6 Augmented Reality\" \/>\n<meta property=\"article:modified_time\" content=\"2026-03-25T19:53:10+00:00\" \/>\n<meta property=\"og:image\" content=\"https:\/\/alegerglobal.com\/wp-content\/uploads\/2025\/09\/tab-ex-dz1.png\" \/>\n\t<meta property=\"og:image:width\" content=\"400\" \/>\n\t<meta property=\"og:image:height\" content=\"400\" \/>\n\t<meta property=\"og:image:type\" content=\"image\/png\" \/>\n<meta name=\"twitter:card\" content=\"summary_large_image\" \/>\n<meta name=\"twitter:label1\" content=\"Prix\" \/>\n\t<meta name=\"twitter:data1\" content=\"&euro;4.249,00\" \/>\n\t<meta name=\"twitter:label2\" content=\"Disponibilit\u00e9\" \/>\n\t<meta name=\"twitter:data2\" content=\"En stock\" \/>\n<script type=\"application\/ld+json\" class=\"yoast-schema-graph\">{\"@context\":\"https:\/\/schema.org\",\"@graph\":[{\"@type\":\"WebPage\",\"@id\":\"https:\/\/alegerglobal.com\/fr\/shop-fr\/atex-fr\/ecom-pad-ex-pro-01-p8-dz2-tablette-antideflagrante-atex-zone-2-ecran-tactile-116-windows-2\/\",\"url\":\"https:\/\/alegerglobal.com\/fr\/shop-fr\/atex-fr\/ecom-pad-ex-pro-01-p8-dz2-tablette-antideflagrante-atex-zone-2-ecran-tactile-116-windows-2\/\",\"name\":\"Acheter Tab-Ex\u00ae 05 DZ1 d'ecom - ALEGER \u22c6 Augmented Reality\",\"isPartOf\":{\"@id\":\"https:\/\/alegerglobal.com\/fr\/#website\"},\"primaryImageOfPage\":{\"@id\":\"https:\/\/alegerglobal.com\/fr\/shop-fr\/atex-fr\/ecom-pad-ex-pro-01-p8-dz2-tablette-antideflagrante-atex-zone-2-ecran-tactile-116-windows-2\/#primaryimage\"},\"image\":{\"@id\":\"https:\/\/alegerglobal.com\/fr\/shop-fr\/atex-fr\/ecom-pad-ex-pro-01-p8-dz2-tablette-antideflagrante-atex-zone-2-ecran-tactile-116-windows-2\/#primaryimage\"},\"thumbnailUrl\":\"https:\/\/alegerglobal.com\/wp-content\/uploads\/2025\/09\/tab-ex-dz1.png\",\"datePublished\":\"2025-09-14T12:47:41+00:00\",\"dateModified\":\"2026-03-25T19:53:10+00:00\",\"description\":\"D\u00e9couvrez le Tab-Ex\u00ae 05 DZ1 robuste d'ecom. Travaillez en toute mobilit\u00e9 et en toute s\u00e9curit\u00e9 avec cette tablette pour Atex Zone 1.\",\"breadcrumb\":{\"@id\":\"https:\/\/alegerglobal.com\/fr\/shop-fr\/atex-fr\/ecom-pad-ex-pro-01-p8-dz2-tablette-antideflagrante-atex-zone-2-ecran-tactile-116-windows-2\/#breadcrumb\"},\"inLanguage\":\"fr-FR\",\"potentialAction\":[{\"@type\":\"ReadAction\",\"target\":[\"https:\/\/alegerglobal.com\/fr\/shop-fr\/atex-fr\/ecom-pad-ex-pro-01-p8-dz2-tablette-antideflagrante-atex-zone-2-ecran-tactile-116-windows-2\/\"]}]},{\"@type\":\"ImageObject\",\"inLanguage\":\"fr-FR\",\"@id\":\"https:\/\/alegerglobal.com\/fr\/shop-fr\/atex-fr\/ecom-pad-ex-pro-01-p8-dz2-tablette-antideflagrante-atex-zone-2-ecran-tactile-116-windows-2\/#primaryimage\",\"url\":\"https:\/\/alegerglobal.com\/wp-content\/uploads\/2025\/09\/tab-ex-dz1.png\",\"contentUrl\":\"https:\/\/alegerglobal.com\/wp-content\/uploads\/2025\/09\/tab-ex-dz1.png\",\"width\":400,\"height\":400},{\"@type\":\"BreadcrumbList\",\"@id\":\"https:\/\/alegerglobal.com\/fr\/shop-fr\/atex-fr\/ecom-pad-ex-pro-01-p8-dz2-tablette-antideflagrante-atex-zone-2-ecran-tactile-116-windows-2\/#breadcrumb\",\"itemListElement\":[{\"@type\":\"ListItem\",\"position\":1,\"name\":\"Home\",\"item\":\"https:\/\/alegerglobal.com\/fr\/new-page-daccueil\/\"},{\"@type\":\"ListItem\",\"position\":2,\"name\":\"Produits\",\"item\":\"https:\/\/alegerglobal.com\/fr\/produits\/\"},{\"@type\":\"ListItem\",\"position\":3,\"name\":\"Tab-Ex\u00ae 05 DZ1 &#8211; Performance &amp; s\u00e9curit\u00e9 dans les zones \u00e0 risque d&#8217;explosion (Zone 1\/21 &amp; Div 1)\"}]},{\"@type\":\"WebSite\",\"@id\":\"https:\/\/alegerglobal.com\/fr\/#website\",\"url\":\"https:\/\/alegerglobal.com\/fr\/\",\"name\":\"ALEGER \u22c6 Augmented Reality\",\"description\":\"Die besten Augmented Reality (AR) L\u00f6sungen der Welt.\",\"publisher\":{\"@id\":\"https:\/\/alegerglobal.com\/fr\/#organization\"},\"potentialAction\":[{\"@type\":\"SearchAction\",\"target\":{\"@type\":\"EntryPoint\",\"urlTemplate\":\"https:\/\/alegerglobal.com\/fr\/?s={search_term_string}\"},\"query-input\":{\"@type\":\"PropertyValueSpecification\",\"valueRequired\":true,\"valueName\":\"search_term_string\"}}],\"inLanguage\":\"fr-FR\"},{\"@type\":\"Organization\",\"@id\":\"https:\/\/alegerglobal.com\/fr\/#organization\",\"name\":\"ALEGER \u22c6 Augmented Reality\",\"url\":\"https:\/\/alegerglobal.com\/fr\/\",\"logo\":{\"@type\":\"ImageObject\",\"inLanguage\":\"fr-FR\",\"@id\":\"https:\/\/alegerglobal.com\/fr\/#\/schema\/logo\/image\/\",\"url\":\"https:\/\/alegerglobal.com\/wp-content\/uploads\/2020\/12\/aleger-logo-quadrat.jpg\",\"contentUrl\":\"https:\/\/alegerglobal.com\/wp-content\/uploads\/2020\/12\/aleger-logo-quadrat.jpg\",\"width\":200,\"height\":176,\"caption\":\"ALEGER \u22c6 Augmented Reality\"},\"image\":{\"@id\":\"https:\/\/alegerglobal.com\/fr\/#\/schema\/logo\/image\/\"}}]}<\/script>\n<meta property=\"product:brand\" content=\"Ecom\" \/>\n<meta property=\"product:price:amount\" content=\"4249.00\" \/>\n<meta property=\"product:price:currency\" content=\"EUR\" \/>\n<meta property=\"og:availability\" content=\"instock\" \/>\n<meta property=\"product:availability\" content=\"instock\" \/>\n<meta property=\"product:condition\" content=\"new\" \/>\n<!-- \/ Yoast SEO Premium plugin. -->","yoast_head_json":{"title":"Acheter Tab-Ex\u00ae 05 DZ1 d'ecom - ALEGER \u22c6 Augmented Reality","description":"D\u00e9couvrez le Tab-Ex\u00ae 05 DZ1 robuste d'ecom. Travaillez en toute mobilit\u00e9 et en toute s\u00e9curit\u00e9 avec cette tablette pour Atex Zone 1.","robots":{"index":"index","follow":"follow","max-snippet":"max-snippet:-1","max-image-preview":"max-image-preview:large","max-video-preview":"max-video-preview:-1"},"og_locale":"fr_FR","og_type":"article","og_title":"Tab-Ex\u00ae 05 DZ1 - Performance &amp; s\u00e9curit\u00e9 dans les zones \u00e0 risque d'explosion (Zone 1\/21 &amp; Div 1)","og_description":"D\u00e9couvrez le Tab-Ex\u00ae 05 DZ1 robuste d'ecom. Travaillez en toute mobilit\u00e9 et en toute s\u00e9curit\u00e9 avec cette tablette pour Atex Zone 1.","og_url":"https:\/\/alegerglobal.com\/fr\/shop-fr\/atex-fr\/ecom-pad-ex-pro-01-p8-dz2-tablette-antideflagrante-atex-zone-2-ecran-tactile-116-windows-2\/","og_site_name":"ALEGER \u22c6 Augmented Reality","article_modified_time":"2026-03-25T19:53:10+00:00","og_image":[{"width":400,"height":400,"url":"https:\/\/alegerglobal.com\/wp-content\/uploads\/2025\/09\/tab-ex-dz1.png","type":"image\/png"}],"twitter_card":"summary_large_image","twitter_misc":{"Prix":"&euro;4.249,00","Disponibilit\u00e9":"En stock"},"schema":{"@context":"https:\/\/schema.org","@graph":[{"@type":"WebPage","@id":"https:\/\/alegerglobal.com\/fr\/shop-fr\/atex-fr\/ecom-pad-ex-pro-01-p8-dz2-tablette-antideflagrante-atex-zone-2-ecran-tactile-116-windows-2\/","url":"https:\/\/alegerglobal.com\/fr\/shop-fr\/atex-fr\/ecom-pad-ex-pro-01-p8-dz2-tablette-antideflagrante-atex-zone-2-ecran-tactile-116-windows-2\/","name":"Acheter Tab-Ex\u00ae 05 DZ1 d'ecom - ALEGER \u22c6 Augmented Reality","isPartOf":{"@id":"https:\/\/alegerglobal.com\/fr\/#website"},"primaryImageOfPage":{"@id":"https:\/\/alegerglobal.com\/fr\/shop-fr\/atex-fr\/ecom-pad-ex-pro-01-p8-dz2-tablette-antideflagrante-atex-zone-2-ecran-tactile-116-windows-2\/#primaryimage"},"image":{"@id":"https:\/\/alegerglobal.com\/fr\/shop-fr\/atex-fr\/ecom-pad-ex-pro-01-p8-dz2-tablette-antideflagrante-atex-zone-2-ecran-tactile-116-windows-2\/#primaryimage"},"thumbnailUrl":"https:\/\/alegerglobal.com\/wp-content\/uploads\/2025\/09\/tab-ex-dz1.png","datePublished":"2025-09-14T12:47:41+00:00","dateModified":"2026-03-25T19:53:10+00:00","description":"D\u00e9couvrez le Tab-Ex\u00ae 05 DZ1 robuste d'ecom. Travaillez en toute mobilit\u00e9 et en toute s\u00e9curit\u00e9 avec cette tablette pour Atex Zone 1.","breadcrumb":{"@id":"https:\/\/alegerglobal.com\/fr\/shop-fr\/atex-fr\/ecom-pad-ex-pro-01-p8-dz2-tablette-antideflagrante-atex-zone-2-ecran-tactile-116-windows-2\/#breadcrumb"},"inLanguage":"fr-FR","potentialAction":[{"@type":"ReadAction","target":["https:\/\/alegerglobal.com\/fr\/shop-fr\/atex-fr\/ecom-pad-ex-pro-01-p8-dz2-tablette-antideflagrante-atex-zone-2-ecran-tactile-116-windows-2\/"]}]},{"@type":"ImageObject","inLanguage":"fr-FR","@id":"https:\/\/alegerglobal.com\/fr\/shop-fr\/atex-fr\/ecom-pad-ex-pro-01-p8-dz2-tablette-antideflagrante-atex-zone-2-ecran-tactile-116-windows-2\/#primaryimage","url":"https:\/\/alegerglobal.com\/wp-content\/uploads\/2025\/09\/tab-ex-dz1.png","contentUrl":"https:\/\/alegerglobal.com\/wp-content\/uploads\/2025\/09\/tab-ex-dz1.png","width":400,"height":400},{"@type":"BreadcrumbList","@id":"https:\/\/alegerglobal.com\/fr\/shop-fr\/atex-fr\/ecom-pad-ex-pro-01-p8-dz2-tablette-antideflagrante-atex-zone-2-ecran-tactile-116-windows-2\/#breadcrumb","itemListElement":[{"@type":"ListItem","position":1,"name":"Home","item":"https:\/\/alegerglobal.com\/fr\/new-page-daccueil\/"},{"@type":"ListItem","position":2,"name":"Produits","item":"https:\/\/alegerglobal.com\/fr\/produits\/"},{"@type":"ListItem","position":3,"name":"Tab-Ex\u00ae 05 DZ1 &#8211; Performance &amp; s\u00e9curit\u00e9 dans les zones \u00e0 risque d&#8217;explosion (Zone 1\/21 &amp; Div 1)"}]},{"@type":"WebSite","@id":"https:\/\/alegerglobal.com\/fr\/#website","url":"https:\/\/alegerglobal.com\/fr\/","name":"ALEGER \u22c6 Augmented Reality","description":"Die besten Augmented Reality (AR) L\u00f6sungen der Welt.","publisher":{"@id":"https:\/\/alegerglobal.com\/fr\/#organization"},"potentialAction":[{"@type":"SearchAction","target":{"@type":"EntryPoint","urlTemplate":"https:\/\/alegerglobal.com\/fr\/?s={search_term_string}"},"query-input":{"@type":"PropertyValueSpecification","valueRequired":true,"valueName":"search_term_string"}}],"inLanguage":"fr-FR"},{"@type":"Organization","@id":"https:\/\/alegerglobal.com\/fr\/#organization","name":"ALEGER \u22c6 Augmented Reality","url":"https:\/\/alegerglobal.com\/fr\/","logo":{"@type":"ImageObject","inLanguage":"fr-FR","@id":"https:\/\/alegerglobal.com\/fr\/#\/schema\/logo\/image\/","url":"https:\/\/alegerglobal.com\/wp-content\/uploads\/2020\/12\/aleger-logo-quadrat.jpg","contentUrl":"https:\/\/alegerglobal.com\/wp-content\/uploads\/2020\/12\/aleger-logo-quadrat.jpg","width":200,"height":176,"caption":"ALEGER \u22c6 Augmented Reality"},"image":{"@id":"https:\/\/alegerglobal.com\/fr\/#\/schema\/logo\/image\/"}}]},"product_brand":"Ecom","product_price_amount":"4249.00","product_price_currency":"EUR","og_availability":"instock","product_availability":"instock","product_condition":"new"},"_links":{"self":[{"href":"https:\/\/alegerglobal.com\/fr\/wp-json\/wp\/v2\/product\/49105","targetHints":{"allow":["GET"]}}],"collection":[{"href":"https:\/\/alegerglobal.com\/fr\/wp-json\/wp\/v2\/product"}],"about":[{"href":"https:\/\/alegerglobal.com\/fr\/wp-json\/wp\/v2\/types\/product"}],"replies":[{"embeddable":true,"href":"https:\/\/alegerglobal.com\/fr\/wp-json\/wp\/v2\/comments?post=49105"}],"version-history":[{"count":2,"href":"https:\/\/alegerglobal.com\/fr\/wp-json\/wp\/v2\/product\/49105\/revisions"}],"predecessor-version":[{"id":54058,"href":"https:\/\/alegerglobal.com\/fr\/wp-json\/wp\/v2\/product\/49105\/revisions\/54058"}],"wp:featuredmedia":[{"embeddable":true,"href":"https:\/\/alegerglobal.com\/fr\/wp-json\/wp\/v2\/media\/49140"}],"wp:attachment":[{"href":"https:\/\/alegerglobal.com\/fr\/wp-json\/wp\/v2\/media?parent=49105"}],"wp:term":[{"taxonomy":"product_brand","embeddable":true,"href":"https:\/\/alegerglobal.com\/fr\/wp-json\/wp\/v2\/product_brand?post=49105"},{"taxonomy":"product_cat","embeddable":true,"href":"https:\/\/alegerglobal.com\/fr\/wp-json\/wp\/v2\/product_cat?post=49105"},{"taxonomy":"product_tag","embeddable":true,"href":"https:\/\/alegerglobal.com\/fr\/wp-json\/wp\/v2\/product_tag?post=49105"}],"curies":[{"name":"wp","href":"https:\/\/api.w.org\/{rel}","templated":true}]}}