{"id":39788,"date":"2023-01-05T05:23:54","date_gmt":"2024-06-03T12:12:52","guid":{"rendered":"https:\/\/alegerglobal.com\/non class\u00e9\/camera-thermique\/"},"modified":"2024-06-03T13:12:52","modified_gmt":"2024-06-03T12:12:52","slug":"camera-thermique","status":"publish","type":"product","link":"https:\/\/alegerglobal.com\/fr\/shop-fr\/accessoires\/camera-thermique\/","title":{"rendered":"Cam\u00e9ra thermique"},"content":{"rendered":"","protected":false},"excerpt":{"rendered":"<h2>Rendre l&rsquo;invisible visible<\/h2>\n<p>Le module de cam\u00e9ra thermique permet de visualiser les d\u00e9fauts qui ne sont pas visibles \u00e0 l&rsquo;\u0153il nu. Les installations \u00e9lectriques, les moteurs ou les fa\u00e7ades de b\u00e2timents &#8211; les \u00e9carts de temp\u00e9rature permettent de d\u00e9tecter les probl\u00e8mes avant qu&rsquo;ils ne deviennent aigus.<\/p>\n<p>Gr\u00e2ce \u00e0 sa conception modulaire, la cam\u00e9ra est mont\u00e9e sur le RealWear Navigator 500 en un seul clic. Pour passer de l&rsquo;affichage thermique \u00e0 l&rsquo;affichage normal, une simple commande vocale suffit. Cela permet d&rsquo;utiliser les deux modes sans transition, ce qui est id\u00e9al pour l&rsquo;inspection et la documentation. Elle utilise le mat\u00e9riel et les logiciels les plus r\u00e9cents du leader mondial des produits infrarouges, FLIR.<\/p>\n<p>La plage de temp\u00e9rature couverte, de -20 \u00e0 400 \u00b0C, permet les applications les plus diverses. Les caract\u00e9ristiques principales de la cam\u00e9ra visuelle correspondent \u00e0 la version standard : capteur de 48 MP, images fixes de 12 MP et vid\u00e9o Full HD jusqu&rsquo;\u00e0 60 ips.<\/p>\n","protected":false},"featured_media":37708,"comment_status":"open","ping_status":"closed","template":"","meta":{"_acf_changed":false},"product_brand":[],"product_cat":[600,601],"product_tag":[],"class_list":{"0":"post-39788","1":"product","2":"type-product","3":"status-publish","4":"has-post-thumbnail","6":"product_cat-accessoires","7":"product_cat-shop-fr","8":"pa_hersteller-realwear-fr","10":"first","11":"instock","12":"taxable","13":"shipping-taxable","14":"product-type-simple"},"acf":[],"yoast_head":"<!-- This site is optimized with the Yoast SEO Premium plugin v20.10 (Yoast SEO v24.3) - https:\/\/yoast.com\/wordpress\/plugins\/seo\/ -->\n<title>ALEGER \u22c6 Augmented Reality de la cam\u00e9ra -<\/title>\n<meta name=\"robots\" content=\"index, follow, max-snippet:-1, max-image-preview:large, max-video-preview:-1\" \/>\n<meta property=\"og:locale\" content=\"fr_FR\" \/>\n<meta property=\"og:type\" content=\"article\" \/>\n<meta property=\"og:title\" content=\"Cam\u00e9ra thermique\" \/>\n<meta property=\"og:description\" content=\"Rendre l&#039;invisible visible Le module de cam\u00e9ra thermique permet de visualiser les d\u00e9fauts qui ne sont pas visibles \u00e0 l&#039;\u0153il nu. Les installations \u00e9lectriques, les moteurs ou les fa\u00e7ades de b\u00e2timents - les \u00e9carts de temp\u00e9rature permettent de d\u00e9tecter les probl\u00e8mes avant qu&#039;ils ne deviennent aigus. Gr\u00e2ce \u00e0 sa conception modulaire, la cam\u00e9ra est mont\u00e9e sur le RealWear Navigator 500 en un seul clic. Pour passer de l&#039;affichage thermique \u00e0 l&#039;affichage normal, une simple commande vocale suffit. Cela permet d&#039;utiliser les deux modes sans transition, ce qui est id\u00e9al pour l&#039;inspection et la documentation. Elle utilise le mat\u00e9riel et les logiciels les plus r\u00e9cents du leader mondial des produits infrarouges, FLIR. La plage de temp\u00e9rature couverte, de -20 \u00e0 400 \u00b0C, permet les applications les plus diverses. Les caract\u00e9ristiques principales de la cam\u00e9ra visuelle correspondent \u00e0 la version standard : capteur de 48 MP, images fixes de 12 MP et vid\u00e9o Full HD jusqu&#039;\u00e0 60 ips.\" \/>\n<meta property=\"og:url\" content=\"https:\/\/alegerglobal.com\/fr\/shop-fr\/accessoires\/camera-thermique\/\" \/>\n<meta property=\"og:site_name\" content=\"ALEGER \u22c6 Augmented Reality\" \/>\n<meta property=\"og:image\" content=\"https:\/\/alegerglobal.com\/wp-content\/uploads\/2023\/01\/Unbenannt-2.jpg\" \/>\n\t<meta property=\"og:image:width\" content=\"800\" \/>\n\t<meta property=\"og:image:height\" content=\"800\" \/>\n\t<meta property=\"og:image:type\" content=\"image\/jpeg\" \/>\n<meta name=\"twitter:card\" content=\"summary_large_image\" \/>\n<meta name=\"twitter:label1\" content=\"Prix\" \/>\n\t<meta name=\"twitter:data1\" content=\"\" \/>\n\t<meta name=\"twitter:label2\" content=\"Disponibilit\u00e9\" \/>\n\t<meta name=\"twitter:data2\" content=\"En stock\" \/>\n<script type=\"application\/ld+json\" class=\"yoast-schema-graph\">{\"@context\":\"https:\/\/schema.org\",\"@graph\":[{\"@type\":\"WebPage\",\"@id\":\"https:\/\/alegerglobal.com\/fr\/shop-fr\/accessoires\/camera-thermique\/\",\"url\":\"https:\/\/alegerglobal.com\/fr\/shop-fr\/accessoires\/camera-thermique\/\",\"name\":\"ALEGER \u22c6 Augmented Reality de la cam\u00e9ra -\",\"isPartOf\":{\"@id\":\"https:\/\/alegerglobal.com\/fr\/#website\"},\"primaryImageOfPage\":{\"@id\":\"https:\/\/alegerglobal.com\/fr\/shop-fr\/accessoires\/camera-thermique\/#primaryimage\"},\"image\":{\"@id\":\"https:\/\/alegerglobal.com\/fr\/shop-fr\/accessoires\/camera-thermique\/#primaryimage\"},\"thumbnailUrl\":\"https:\/\/alegerglobal.com\/wp-content\/uploads\/2023\/01\/Unbenannt-2.jpg\",\"datePublished\":\"2024-06-03T12:12:52+00:00\",\"dateModified\":\"2024-06-03T12:12:52+00:00\",\"breadcrumb\":{\"@id\":\"https:\/\/alegerglobal.com\/fr\/shop-fr\/accessoires\/camera-thermique\/#breadcrumb\"},\"inLanguage\":\"fr-FR\",\"potentialAction\":[{\"@type\":\"ReadAction\",\"target\":[\"https:\/\/alegerglobal.com\/fr\/shop-fr\/accessoires\/camera-thermique\/\"]}]},{\"@type\":\"ImageObject\",\"inLanguage\":\"fr-FR\",\"@id\":\"https:\/\/alegerglobal.com\/fr\/shop-fr\/accessoires\/camera-thermique\/#primaryimage\",\"url\":\"https:\/\/alegerglobal.com\/wp-content\/uploads\/2023\/01\/Unbenannt-2.jpg\",\"contentUrl\":\"https:\/\/alegerglobal.com\/wp-content\/uploads\/2023\/01\/Unbenannt-2.jpg\",\"width\":800,\"height\":800},{\"@type\":\"BreadcrumbList\",\"@id\":\"https:\/\/alegerglobal.com\/fr\/shop-fr\/accessoires\/camera-thermique\/#breadcrumb\",\"itemListElement\":[{\"@type\":\"ListItem\",\"position\":1,\"name\":\"Home\",\"item\":\"https:\/\/alegerglobal.com\/fr\/new-page-daccueil\/\"},{\"@type\":\"ListItem\",\"position\":2,\"name\":\"Produits\",\"item\":\"https:\/\/alegerglobal.com\/fr\/produits\/\"},{\"@type\":\"ListItem\",\"position\":3,\"name\":\"Cam\u00e9ra thermique\"}]},{\"@type\":\"WebSite\",\"@id\":\"https:\/\/alegerglobal.com\/fr\/#website\",\"url\":\"https:\/\/alegerglobal.com\/fr\/\",\"name\":\"ALEGER \u22c6 Augmented Reality\",\"description\":\"Die besten Augmented Reality (AR) L\u00f6sungen der Welt.\",\"publisher\":{\"@id\":\"https:\/\/alegerglobal.com\/fr\/#organization\"},\"potentialAction\":[{\"@type\":\"SearchAction\",\"target\":{\"@type\":\"EntryPoint\",\"urlTemplate\":\"https:\/\/alegerglobal.com\/fr\/?s={search_term_string}\"},\"query-input\":{\"@type\":\"PropertyValueSpecification\",\"valueRequired\":true,\"valueName\":\"search_term_string\"}}],\"inLanguage\":\"fr-FR\"},{\"@type\":\"Organization\",\"@id\":\"https:\/\/alegerglobal.com\/fr\/#organization\",\"name\":\"ALEGER \u22c6 Augmented Reality\",\"url\":\"https:\/\/alegerglobal.com\/fr\/\",\"logo\":{\"@type\":\"ImageObject\",\"inLanguage\":\"fr-FR\",\"@id\":\"https:\/\/alegerglobal.com\/fr\/#\/schema\/logo\/image\/\",\"url\":\"https:\/\/alegerglobal.com\/wp-content\/uploads\/2020\/12\/aleger-logo-quadrat.jpg\",\"contentUrl\":\"https:\/\/alegerglobal.com\/wp-content\/uploads\/2020\/12\/aleger-logo-quadrat.jpg\",\"width\":200,\"height\":176,\"caption\":\"ALEGER \u22c6 Augmented Reality\"},\"image\":{\"@id\":\"https:\/\/alegerglobal.com\/fr\/#\/schema\/logo\/image\/\"}}]}<\/script>\n<meta property=\"product:brand\" content=\"RealWear\" \/>\n<meta property=\"product:price:amount\" content=\"0.00\" \/>\n<meta property=\"product:price:currency\" content=\"EUR\" \/>\n<meta property=\"og:availability\" content=\"instock\" \/>\n<meta property=\"product:availability\" content=\"instock\" \/>\n<meta property=\"product:condition\" content=\"new\" \/>\n<!-- \/ Yoast SEO Premium plugin. -->","yoast_head_json":{"title":"ALEGER \u22c6 Augmented Reality de la cam\u00e9ra -","robots":{"index":"index","follow":"follow","max-snippet":"max-snippet:-1","max-image-preview":"max-image-preview:large","max-video-preview":"max-video-preview:-1"},"og_locale":"fr_FR","og_type":"article","og_title":"Cam\u00e9ra thermique","og_description":"Rendre l'invisible visible Le module de cam\u00e9ra thermique permet de visualiser les d\u00e9fauts qui ne sont pas visibles \u00e0 l'\u0153il nu. Les installations \u00e9lectriques, les moteurs ou les fa\u00e7ades de b\u00e2timents - les \u00e9carts de temp\u00e9rature permettent de d\u00e9tecter les probl\u00e8mes avant qu'ils ne deviennent aigus. Gr\u00e2ce \u00e0 sa conception modulaire, la cam\u00e9ra est mont\u00e9e sur le RealWear Navigator 500 en un seul clic. Pour passer de l'affichage thermique \u00e0 l'affichage normal, une simple commande vocale suffit. Cela permet d'utiliser les deux modes sans transition, ce qui est id\u00e9al pour l'inspection et la documentation. Elle utilise le mat\u00e9riel et les logiciels les plus r\u00e9cents du leader mondial des produits infrarouges, FLIR. La plage de temp\u00e9rature couverte, de -20 \u00e0 400 \u00b0C, permet les applications les plus diverses. Les caract\u00e9ristiques principales de la cam\u00e9ra visuelle correspondent \u00e0 la version standard : capteur de 48 MP, images fixes de 12 MP et vid\u00e9o Full HD jusqu'\u00e0 60 ips.","og_url":"https:\/\/alegerglobal.com\/fr\/shop-fr\/accessoires\/camera-thermique\/","og_site_name":"ALEGER \u22c6 Augmented Reality","og_image":[{"width":800,"height":800,"url":"https:\/\/alegerglobal.com\/wp-content\/uploads\/2023\/01\/Unbenannt-2.jpg","type":"image\/jpeg"}],"twitter_card":"summary_large_image","twitter_misc":{"Prix":"","Disponibilit\u00e9":"En stock"},"schema":{"@context":"https:\/\/schema.org","@graph":[{"@type":"WebPage","@id":"https:\/\/alegerglobal.com\/fr\/shop-fr\/accessoires\/camera-thermique\/","url":"https:\/\/alegerglobal.com\/fr\/shop-fr\/accessoires\/camera-thermique\/","name":"ALEGER \u22c6 Augmented Reality de la cam\u00e9ra -","isPartOf":{"@id":"https:\/\/alegerglobal.com\/fr\/#website"},"primaryImageOfPage":{"@id":"https:\/\/alegerglobal.com\/fr\/shop-fr\/accessoires\/camera-thermique\/#primaryimage"},"image":{"@id":"https:\/\/alegerglobal.com\/fr\/shop-fr\/accessoires\/camera-thermique\/#primaryimage"},"thumbnailUrl":"https:\/\/alegerglobal.com\/wp-content\/uploads\/2023\/01\/Unbenannt-2.jpg","datePublished":"2024-06-03T12:12:52+00:00","dateModified":"2024-06-03T12:12:52+00:00","breadcrumb":{"@id":"https:\/\/alegerglobal.com\/fr\/shop-fr\/accessoires\/camera-thermique\/#breadcrumb"},"inLanguage":"fr-FR","potentialAction":[{"@type":"ReadAction","target":["https:\/\/alegerglobal.com\/fr\/shop-fr\/accessoires\/camera-thermique\/"]}]},{"@type":"ImageObject","inLanguage":"fr-FR","@id":"https:\/\/alegerglobal.com\/fr\/shop-fr\/accessoires\/camera-thermique\/#primaryimage","url":"https:\/\/alegerglobal.com\/wp-content\/uploads\/2023\/01\/Unbenannt-2.jpg","contentUrl":"https:\/\/alegerglobal.com\/wp-content\/uploads\/2023\/01\/Unbenannt-2.jpg","width":800,"height":800},{"@type":"BreadcrumbList","@id":"https:\/\/alegerglobal.com\/fr\/shop-fr\/accessoires\/camera-thermique\/#breadcrumb","itemListElement":[{"@type":"ListItem","position":1,"name":"Home","item":"https:\/\/alegerglobal.com\/fr\/new-page-daccueil\/"},{"@type":"ListItem","position":2,"name":"Produits","item":"https:\/\/alegerglobal.com\/fr\/produits\/"},{"@type":"ListItem","position":3,"name":"Cam\u00e9ra thermique"}]},{"@type":"WebSite","@id":"https:\/\/alegerglobal.com\/fr\/#website","url":"https:\/\/alegerglobal.com\/fr\/","name":"ALEGER \u22c6 Augmented Reality","description":"Die besten Augmented Reality (AR) L\u00f6sungen der Welt.","publisher":{"@id":"https:\/\/alegerglobal.com\/fr\/#organization"},"potentialAction":[{"@type":"SearchAction","target":{"@type":"EntryPoint","urlTemplate":"https:\/\/alegerglobal.com\/fr\/?s={search_term_string}"},"query-input":{"@type":"PropertyValueSpecification","valueRequired":true,"valueName":"search_term_string"}}],"inLanguage":"fr-FR"},{"@type":"Organization","@id":"https:\/\/alegerglobal.com\/fr\/#organization","name":"ALEGER \u22c6 Augmented Reality","url":"https:\/\/alegerglobal.com\/fr\/","logo":{"@type":"ImageObject","inLanguage":"fr-FR","@id":"https:\/\/alegerglobal.com\/fr\/#\/schema\/logo\/image\/","url":"https:\/\/alegerglobal.com\/wp-content\/uploads\/2020\/12\/aleger-logo-quadrat.jpg","contentUrl":"https:\/\/alegerglobal.com\/wp-content\/uploads\/2020\/12\/aleger-logo-quadrat.jpg","width":200,"height":176,"caption":"ALEGER \u22c6 Augmented Reality"},"image":{"@id":"https:\/\/alegerglobal.com\/fr\/#\/schema\/logo\/image\/"}}]},"product_brand":"RealWear","product_price_amount":"0.00","product_price_currency":"EUR","og_availability":"instock","product_availability":"instock","product_condition":"new"},"_links":{"self":[{"href":"https:\/\/alegerglobal.com\/fr\/wp-json\/wp\/v2\/product\/39788","targetHints":{"allow":["GET"]}}],"collection":[{"href":"https:\/\/alegerglobal.com\/fr\/wp-json\/wp\/v2\/product"}],"about":[{"href":"https:\/\/alegerglobal.com\/fr\/wp-json\/wp\/v2\/types\/product"}],"replies":[{"embeddable":true,"href":"https:\/\/alegerglobal.com\/fr\/wp-json\/wp\/v2\/comments?post=39788"}],"version-history":[{"count":0,"href":"https:\/\/alegerglobal.com\/fr\/wp-json\/wp\/v2\/product\/39788\/revisions"}],"wp:featuredmedia":[{"embeddable":true,"href":"https:\/\/alegerglobal.com\/fr\/wp-json\/wp\/v2\/media\/37708"}],"wp:attachment":[{"href":"https:\/\/alegerglobal.com\/fr\/wp-json\/wp\/v2\/media?parent=39788"}],"wp:term":[{"taxonomy":"product_brand","embeddable":true,"href":"https:\/\/alegerglobal.com\/fr\/wp-json\/wp\/v2\/product_brand?post=39788"},{"taxonomy":"product_cat","embeddable":true,"href":"https:\/\/alegerglobal.com\/fr\/wp-json\/wp\/v2\/product_cat?post=39788"},{"taxonomy":"product_tag","embeddable":true,"href":"https:\/\/alegerglobal.com\/fr\/wp-json\/wp\/v2\/product_tag?post=39788"}],"curies":[{"name":"wp","href":"https:\/\/api.w.org\/{rel}","templated":true}]}}