{"id":39707,"date":"2023-02-01T04:57:06","date_gmt":"2024-06-03T12:00:35","guid":{"rendered":"https:\/\/alegerglobal.com\/non class\u00e9\/durabook-r8-tablette-durcie-mil-std-810h-mil-std-410g-ip66-1200x800px-800-nits-intel-core-12eme-generation-8-go-ram-128-go-nvme\/"},"modified":"2024-06-03T13:00:35","modified_gmt":"2024-06-03T12:00:35","slug":"durabook-r8","status":"publish","type":"product","link":"https:\/\/alegerglobal.com\/fr\/shop-fr\/tablette-durcie\/durabook-r8\/","title":{"rendered":"Durabook R8 tablette durcie, MIL-STD 810H, MIL-STD 410G, IP66, 1200x800px, 800 Nits, Intel Core 12\u00e8me g\u00e9n\u00e9ration, 8 Go Ram, 128 Go NVME"},"content":{"rendered":"","protected":false},"excerpt":{"rendered":"<ul>\n<li style=\"font-weight: 400;\" aria-level=\"1\"><b>Puissant :<\/b><span style=\"font-weight: 400;\"> Processeur Intel Core moderne de 12e g\u00e9n\u00e9ration + 8 Go de m\u00e9moire vive<\/span><\/li>\n<li style=\"font-weight: 400;\" aria-level=\"1\"><b>\u00c9cran lumineux :<\/b><span style=\"font-weight: 400;\"> \u00c9cran 800 Nits avec 1200x800px offre une vision claire m\u00eame en plein soleil<\/span><\/li>\n<li style=\"font-weight: 400;\" aria-level=\"1\"><b>Stockage rapide : <\/b><span style=\"font-weight: 400;\">SSD NVME de 128 Go pour des op\u00e9rations de lecture et d&rsquo;\u00e9criture rapides<\/span><\/li>\n<li style=\"font-weight: 400;\" aria-level=\"1\"><b>Une connectivit\u00e9 flexible : <\/b><span style=\"font-weight: 400;\">Wi-Fi, Bluetooth 5 et Thunderbolt 4<\/span><\/li>\n<li style=\"font-weight: 400;\" aria-level=\"1\"><b>L\u00e9ger et robuste :<\/b><span style=\"font-weight: 400;\"> Certifi\u00e9 IP66, MIL-STD 810H, MIL-STD 461G et poids total inf\u00e9rieur \u00e0 1 kg<\/span><\/li>\n<\/ul>\n","protected":false},"featured_media":37844,"comment_status":"open","ping_status":"closed","template":"","meta":{"_acf_changed":false},"product_brand":[],"product_cat":[601,620],"product_tag":[],"class_list":{"0":"post-39707","1":"product","2":"type-product","3":"status-publish","4":"has-post-thumbnail","6":"product_cat-shop-fr","7":"product_cat-tablette-durcie","8":"pa_hersteller-durabook-fr","10":"first","11":"instock","12":"taxable","13":"shipping-taxable","14":"product-type-simple"},"acf":[],"yoast_head":"<!-- This site is optimized with the Yoast SEO Premium plugin v20.10 (Yoast SEO v24.3) - https:\/\/yoast.com\/wordpress\/plugins\/seo\/ -->\n<title>Durabook R8 acheter - ALEGER \u22c6 Augmented Reality<\/title>\n<meta name=\"description\" content=\"Tablette robuste pour les professionnels : Durabook R8 \u2192 Certifi\u00e9e MIL-STD 810H, IP66, SSD NVME, \u00e9cran 800 Nits. Acheter Durabook R8 \u2192 Maintenant chez ALEGER !\" \/>\n<meta name=\"robots\" content=\"index, follow, max-snippet:-1, max-image-preview:large, max-video-preview:-1\" \/>\n<meta property=\"og:locale\" content=\"fr_FR\" \/>\n<meta property=\"og:type\" content=\"article\" \/>\n<meta property=\"og:title\" content=\"Durabook R8 tablette durcie, MIL-STD 810H, MIL-STD 410G, IP66, 1200x800px, 800 Nits, Intel Core 12\u00e8me g\u00e9n\u00e9ration, 8 Go Ram, 128 Go NVME\" \/>\n<meta property=\"og:description\" content=\"Tablette robuste pour les professionnels : Durabook R8 \u2192 Certifi\u00e9e MIL-STD 810H, IP66, SSD NVME, \u00e9cran 800 Nits. Acheter Durabook R8 \u2192 Maintenant chez ALEGER !\" \/>\n<meta property=\"og:url\" content=\"https:\/\/alegerglobal.com\/fr\/shop-fr\/tablette-durcie\/durabook-r8\/\" \/>\n<meta property=\"og:site_name\" content=\"ALEGER \u22c6 Augmented Reality\" \/>\n<meta property=\"og:image\" content=\"https:\/\/alegerglobal.com\/wp-content\/uploads\/2023\/02\/Unbenannt.jpg\" \/>\n\t<meta property=\"og:image:width\" content=\"800\" \/>\n\t<meta property=\"og:image:height\" content=\"800\" \/>\n\t<meta property=\"og:image:type\" content=\"image\/jpeg\" \/>\n<meta name=\"twitter:card\" content=\"summary_large_image\" \/>\n<meta name=\"twitter:label1\" content=\"Prix\" \/>\n\t<meta name=\"twitter:data1\" content=\"\" \/>\n\t<meta name=\"twitter:label2\" content=\"Disponibilit\u00e9\" \/>\n\t<meta name=\"twitter:data2\" content=\"En stock\" \/>\n<script type=\"application\/ld+json\" class=\"yoast-schema-graph\">{\"@context\":\"https:\/\/schema.org\",\"@graph\":[{\"@type\":\"WebPage\",\"@id\":\"https:\/\/alegerglobal.com\/fr\/shop-fr\/tablette-durcie\/durabook-r8\/\",\"url\":\"https:\/\/alegerglobal.com\/fr\/shop-fr\/tablette-durcie\/durabook-r8\/\",\"name\":\"Durabook R8 acheter - ALEGER \u22c6 Augmented Reality\",\"isPartOf\":{\"@id\":\"https:\/\/alegerglobal.com\/fr\/#website\"},\"primaryImageOfPage\":{\"@id\":\"https:\/\/alegerglobal.com\/fr\/shop-fr\/tablette-durcie\/durabook-r8\/#primaryimage\"},\"image\":{\"@id\":\"https:\/\/alegerglobal.com\/fr\/shop-fr\/tablette-durcie\/durabook-r8\/#primaryimage\"},\"thumbnailUrl\":\"https:\/\/alegerglobal.com\/wp-content\/uploads\/2023\/02\/Unbenannt.jpg\",\"datePublished\":\"2024-06-03T12:00:35+00:00\",\"dateModified\":\"2024-06-03T12:00:35+00:00\",\"description\":\"Tablette robuste pour les professionnels : Durabook R8 \u2192 Certifi\u00e9e MIL-STD 810H, IP66, SSD NVME, \u00e9cran 800 Nits. Acheter Durabook R8 \u2192 Maintenant chez ALEGER !\",\"breadcrumb\":{\"@id\":\"https:\/\/alegerglobal.com\/fr\/shop-fr\/tablette-durcie\/durabook-r8\/#breadcrumb\"},\"inLanguage\":\"fr-FR\",\"potentialAction\":[{\"@type\":\"ReadAction\",\"target\":[\"https:\/\/alegerglobal.com\/fr\/shop-fr\/tablette-durcie\/durabook-r8\/\"]}]},{\"@type\":\"ImageObject\",\"inLanguage\":\"fr-FR\",\"@id\":\"https:\/\/alegerglobal.com\/fr\/shop-fr\/tablette-durcie\/durabook-r8\/#primaryimage\",\"url\":\"https:\/\/alegerglobal.com\/wp-content\/uploads\/2023\/02\/Unbenannt.jpg\",\"contentUrl\":\"https:\/\/alegerglobal.com\/wp-content\/uploads\/2023\/02\/Unbenannt.jpg\",\"width\":800,\"height\":800},{\"@type\":\"BreadcrumbList\",\"@id\":\"https:\/\/alegerglobal.com\/fr\/shop-fr\/tablette-durcie\/durabook-r8\/#breadcrumb\",\"itemListElement\":[{\"@type\":\"ListItem\",\"position\":1,\"name\":\"Home\",\"item\":\"https:\/\/alegerglobal.com\/fr\/new-page-daccueil\/\"},{\"@type\":\"ListItem\",\"position\":2,\"name\":\"Produits\",\"item\":\"https:\/\/alegerglobal.com\/fr\/produits\/\"},{\"@type\":\"ListItem\",\"position\":3,\"name\":\"Durabook R8 tablette durcie, MIL-STD 810H, MIL-STD 410G, IP66, 1200x800px, 800 Nits, Intel Core 12\u00e8me g\u00e9n\u00e9ration, 8 Go Ram, 128 Go NVME\"}]},{\"@type\":\"WebSite\",\"@id\":\"https:\/\/alegerglobal.com\/fr\/#website\",\"url\":\"https:\/\/alegerglobal.com\/fr\/\",\"name\":\"ALEGER \u22c6 Augmented Reality\",\"description\":\"Die besten Augmented Reality (AR) L\u00f6sungen der Welt.\",\"publisher\":{\"@id\":\"https:\/\/alegerglobal.com\/fr\/#organization\"},\"potentialAction\":[{\"@type\":\"SearchAction\",\"target\":{\"@type\":\"EntryPoint\",\"urlTemplate\":\"https:\/\/alegerglobal.com\/fr\/?s={search_term_string}\"},\"query-input\":{\"@type\":\"PropertyValueSpecification\",\"valueRequired\":true,\"valueName\":\"search_term_string\"}}],\"inLanguage\":\"fr-FR\"},{\"@type\":\"Organization\",\"@id\":\"https:\/\/alegerglobal.com\/fr\/#organization\",\"name\":\"ALEGER \u22c6 Augmented Reality\",\"url\":\"https:\/\/alegerglobal.com\/fr\/\",\"logo\":{\"@type\":\"ImageObject\",\"inLanguage\":\"fr-FR\",\"@id\":\"https:\/\/alegerglobal.com\/fr\/#\/schema\/logo\/image\/\",\"url\":\"https:\/\/alegerglobal.com\/wp-content\/uploads\/2020\/12\/aleger-logo-quadrat.jpg\",\"contentUrl\":\"https:\/\/alegerglobal.com\/wp-content\/uploads\/2020\/12\/aleger-logo-quadrat.jpg\",\"width\":200,\"height\":176,\"caption\":\"ALEGER \u22c6 Augmented Reality\"},\"image\":{\"@id\":\"https:\/\/alegerglobal.com\/fr\/#\/schema\/logo\/image\/\"}}]}<\/script>\n<meta property=\"product:brand\" content=\"Durabook\" \/>\n<meta property=\"product:price:amount\" content=\"0.00\" \/>\n<meta property=\"product:price:currency\" content=\"EUR\" \/>\n<meta property=\"og:availability\" content=\"instock\" \/>\n<meta property=\"product:availability\" content=\"instock\" \/>\n<meta property=\"product:condition\" content=\"new\" \/>\n<!-- \/ Yoast SEO Premium plugin. -->","yoast_head_json":{"title":"Durabook R8 acheter - ALEGER \u22c6 Augmented Reality","description":"Tablette robuste pour les professionnels : Durabook R8 \u2192 Certifi\u00e9e MIL-STD 810H, IP66, SSD NVME, \u00e9cran 800 Nits. Acheter Durabook R8 \u2192 Maintenant chez ALEGER !","robots":{"index":"index","follow":"follow","max-snippet":"max-snippet:-1","max-image-preview":"max-image-preview:large","max-video-preview":"max-video-preview:-1"},"og_locale":"fr_FR","og_type":"article","og_title":"Durabook R8 tablette durcie, MIL-STD 810H, MIL-STD 410G, IP66, 1200x800px, 800 Nits, Intel Core 12\u00e8me g\u00e9n\u00e9ration, 8 Go Ram, 128 Go NVME","og_description":"Tablette robuste pour les professionnels : Durabook R8 \u2192 Certifi\u00e9e MIL-STD 810H, IP66, SSD NVME, \u00e9cran 800 Nits. Acheter Durabook R8 \u2192 Maintenant chez ALEGER !","og_url":"https:\/\/alegerglobal.com\/fr\/shop-fr\/tablette-durcie\/durabook-r8\/","og_site_name":"ALEGER \u22c6 Augmented Reality","og_image":[{"width":800,"height":800,"url":"https:\/\/alegerglobal.com\/wp-content\/uploads\/2023\/02\/Unbenannt.jpg","type":"image\/jpeg"}],"twitter_card":"summary_large_image","twitter_misc":{"Prix":"","Disponibilit\u00e9":"En stock"},"schema":{"@context":"https:\/\/schema.org","@graph":[{"@type":"WebPage","@id":"https:\/\/alegerglobal.com\/fr\/shop-fr\/tablette-durcie\/durabook-r8\/","url":"https:\/\/alegerglobal.com\/fr\/shop-fr\/tablette-durcie\/durabook-r8\/","name":"Durabook R8 acheter - ALEGER \u22c6 Augmented Reality","isPartOf":{"@id":"https:\/\/alegerglobal.com\/fr\/#website"},"primaryImageOfPage":{"@id":"https:\/\/alegerglobal.com\/fr\/shop-fr\/tablette-durcie\/durabook-r8\/#primaryimage"},"image":{"@id":"https:\/\/alegerglobal.com\/fr\/shop-fr\/tablette-durcie\/durabook-r8\/#primaryimage"},"thumbnailUrl":"https:\/\/alegerglobal.com\/wp-content\/uploads\/2023\/02\/Unbenannt.jpg","datePublished":"2024-06-03T12:00:35+00:00","dateModified":"2024-06-03T12:00:35+00:00","description":"Tablette robuste pour les professionnels : Durabook R8 \u2192 Certifi\u00e9e MIL-STD 810H, IP66, SSD NVME, \u00e9cran 800 Nits. Acheter Durabook R8 \u2192 Maintenant chez ALEGER !","breadcrumb":{"@id":"https:\/\/alegerglobal.com\/fr\/shop-fr\/tablette-durcie\/durabook-r8\/#breadcrumb"},"inLanguage":"fr-FR","potentialAction":[{"@type":"ReadAction","target":["https:\/\/alegerglobal.com\/fr\/shop-fr\/tablette-durcie\/durabook-r8\/"]}]},{"@type":"ImageObject","inLanguage":"fr-FR","@id":"https:\/\/alegerglobal.com\/fr\/shop-fr\/tablette-durcie\/durabook-r8\/#primaryimage","url":"https:\/\/alegerglobal.com\/wp-content\/uploads\/2023\/02\/Unbenannt.jpg","contentUrl":"https:\/\/alegerglobal.com\/wp-content\/uploads\/2023\/02\/Unbenannt.jpg","width":800,"height":800},{"@type":"BreadcrumbList","@id":"https:\/\/alegerglobal.com\/fr\/shop-fr\/tablette-durcie\/durabook-r8\/#breadcrumb","itemListElement":[{"@type":"ListItem","position":1,"name":"Home","item":"https:\/\/alegerglobal.com\/fr\/new-page-daccueil\/"},{"@type":"ListItem","position":2,"name":"Produits","item":"https:\/\/alegerglobal.com\/fr\/produits\/"},{"@type":"ListItem","position":3,"name":"Durabook R8 tablette durcie, MIL-STD 810H, MIL-STD 410G, IP66, 1200x800px, 800 Nits, Intel Core 12\u00e8me g\u00e9n\u00e9ration, 8 Go Ram, 128 Go NVME"}]},{"@type":"WebSite","@id":"https:\/\/alegerglobal.com\/fr\/#website","url":"https:\/\/alegerglobal.com\/fr\/","name":"ALEGER \u22c6 Augmented Reality","description":"Die besten Augmented Reality (AR) L\u00f6sungen der Welt.","publisher":{"@id":"https:\/\/alegerglobal.com\/fr\/#organization"},"potentialAction":[{"@type":"SearchAction","target":{"@type":"EntryPoint","urlTemplate":"https:\/\/alegerglobal.com\/fr\/?s={search_term_string}"},"query-input":{"@type":"PropertyValueSpecification","valueRequired":true,"valueName":"search_term_string"}}],"inLanguage":"fr-FR"},{"@type":"Organization","@id":"https:\/\/alegerglobal.com\/fr\/#organization","name":"ALEGER \u22c6 Augmented Reality","url":"https:\/\/alegerglobal.com\/fr\/","logo":{"@type":"ImageObject","inLanguage":"fr-FR","@id":"https:\/\/alegerglobal.com\/fr\/#\/schema\/logo\/image\/","url":"https:\/\/alegerglobal.com\/wp-content\/uploads\/2020\/12\/aleger-logo-quadrat.jpg","contentUrl":"https:\/\/alegerglobal.com\/wp-content\/uploads\/2020\/12\/aleger-logo-quadrat.jpg","width":200,"height":176,"caption":"ALEGER \u22c6 Augmented Reality"},"image":{"@id":"https:\/\/alegerglobal.com\/fr\/#\/schema\/logo\/image\/"}}]},"product_brand":"Durabook","product_price_amount":"0.00","product_price_currency":"EUR","og_availability":"instock","product_availability":"instock","product_condition":"new"},"_links":{"self":[{"href":"https:\/\/alegerglobal.com\/fr\/wp-json\/wp\/v2\/product\/39707","targetHints":{"allow":["GET"]}}],"collection":[{"href":"https:\/\/alegerglobal.com\/fr\/wp-json\/wp\/v2\/product"}],"about":[{"href":"https:\/\/alegerglobal.com\/fr\/wp-json\/wp\/v2\/types\/product"}],"replies":[{"embeddable":true,"href":"https:\/\/alegerglobal.com\/fr\/wp-json\/wp\/v2\/comments?post=39707"}],"version-history":[{"count":0,"href":"https:\/\/alegerglobal.com\/fr\/wp-json\/wp\/v2\/product\/39707\/revisions"}],"wp:featuredmedia":[{"embeddable":true,"href":"https:\/\/alegerglobal.com\/fr\/wp-json\/wp\/v2\/media\/37844"}],"wp:attachment":[{"href":"https:\/\/alegerglobal.com\/fr\/wp-json\/wp\/v2\/media?parent=39707"}],"wp:term":[{"taxonomy":"product_brand","embeddable":true,"href":"https:\/\/alegerglobal.com\/fr\/wp-json\/wp\/v2\/product_brand?post=39707"},{"taxonomy":"product_cat","embeddable":true,"href":"https:\/\/alegerglobal.com\/fr\/wp-json\/wp\/v2\/product_cat?post=39707"},{"taxonomy":"product_tag","embeddable":true,"href":"https:\/\/alegerglobal.com\/fr\/wp-json\/wp\/v2\/product_tag?post=39707"}],"curies":[{"name":"wp","href":"https:\/\/api.w.org\/{rel}","templated":true}]}}