{"id":38642,"date":"2024-02-01T15:30:59","date_gmt":"2024-02-01T14:56:50","guid":{"rendered":"https:\/\/alegerglobal.com\/non class\u00e9\/panasonic-toughbook-40-ordinateur-portable-durci-windows-11-pro\/"},"modified":"2024-02-01T15:56:50","modified_gmt":"2024-02-01T14:56:50","slug":"panasonic-toughbook-40","status":"publish","type":"product","link":"https:\/\/alegerglobal.com\/fr\/shop-fr\/ordinateur-portable-durci\/panasonic-toughbook-40\/","title":{"rendered":"Panasonic TOUGHBOOK 40 ordinateur portable durci Windows 11 Pro"},"content":{"rendered":"","protected":false},"excerpt":{"rendered":"<ul>\n<li class=\"field__item\"><strong>Ordinateur portable modulaire enti\u00e8rement durci<\/strong> avec \u00e9cran LCD tactile couleur \u00e0 matrice active de 14 pouces<\/li>\n<li class=\"field__item\"><strong>Bo\u00eetier robuste en magn\u00e9sium<\/strong>avec poign\u00e9e de transport, certifi\u00e9 IP66 et MIL-STD-810H<\/li>\n<li class=\"field__item\"><strong>batterie de 6.500 mAh<\/strong> avec jusqu&rsquo;\u00e0 36 heures d&rsquo;autonomie<\/li>\n<li class=\"field__item\"><strong>Processeur Intel Core i5\/i7 vPro<\/strong>, 16 Go de RAM DDR4 (max. 64 Go), 512 Go de SSD<\/li>\n<li class=\"field__item\"><strong>USB 3.2, Wi-Fi 6, Bluetooth 5.1<\/strong> et Thunderbolt 4, 4G\/5G en option<\/li>\n<\/ul>\n","protected":false},"featured_media":38613,"comment_status":"open","ping_status":"closed","template":"","meta":{"_acf_changed":false},"product_brand":[],"product_cat":[649,601],"product_tag":[],"class_list":{"0":"post-38642","1":"product","2":"type-product","3":"status-publish","4":"has-post-thumbnail","6":"product_cat-ordinateur-portable-durci","7":"product_cat-shop-fr","9":"first","10":"instock","11":"taxable","12":"shipping-taxable","13":"product-type-simple"},"acf":[],"yoast_head":"<!-- This site is optimized with the Yoast SEO Premium plugin v20.10 (Yoast SEO v24.3) - https:\/\/yoast.com\/wordpress\/plugins\/seo\/ -->\n<title>Acheter le Panasonic TOUGHBOOK 40 - ALEGER \u22c6 Augmented Reality ici<\/title>\n<meta name=\"description\" content=\"D\u00e9couvrez ici l&#039;ordinateur portable TOUGHBOOK 40 ! Flexibilit\u00e9 maximale et haute performance ! Du mat\u00e9riel et des logiciels puissants !\" \/>\n<meta name=\"robots\" content=\"index, follow, max-snippet:-1, max-image-preview:large, max-video-preview:-1\" \/>\n<meta property=\"og:locale\" content=\"fr_FR\" \/>\n<meta property=\"og:type\" content=\"article\" \/>\n<meta property=\"og:title\" content=\"Panasonic TOUGHBOOK 40 ordinateur portable durci Windows 11 Pro\" \/>\n<meta property=\"og:description\" content=\"D\u00e9couvrez ici l&#039;ordinateur portable TOUGHBOOK 40 ! Flexibilit\u00e9 maximale et haute performance ! Du mat\u00e9riel et des logiciels puissants !\" \/>\n<meta property=\"og:url\" content=\"https:\/\/alegerglobal.com\/fr\/shop-fr\/ordinateur-portable-durci\/panasonic-toughbook-40\/\" \/>\n<meta property=\"og:site_name\" content=\"ALEGER \u22c6 Augmented Reality\" \/>\n<meta property=\"og:image\" content=\"https:\/\/alegerglobal.com\/wp-content\/uploads\/2024\/02\/Unbenannt.jpg\" \/>\n\t<meta property=\"og:image:width\" content=\"800\" \/>\n\t<meta property=\"og:image:height\" content=\"800\" \/>\n\t<meta property=\"og:image:type\" content=\"image\/jpeg\" \/>\n<meta name=\"twitter:card\" content=\"summary_large_image\" \/>\n<meta name=\"twitter:label1\" content=\"Prix\" \/>\n\t<meta name=\"twitter:data1\" content=\"\" \/>\n\t<meta name=\"twitter:label2\" content=\"Disponibilit\u00e9\" \/>\n\t<meta name=\"twitter:data2\" content=\"En stock\" \/>\n<script type=\"application\/ld+json\" class=\"yoast-schema-graph\">{\"@context\":\"https:\/\/schema.org\",\"@graph\":[{\"@type\":\"WebPage\",\"@id\":\"https:\/\/alegerglobal.com\/fr\/shop-fr\/ordinateur-portable-durci\/panasonic-toughbook-40\/\",\"url\":\"https:\/\/alegerglobal.com\/fr\/shop-fr\/ordinateur-portable-durci\/panasonic-toughbook-40\/\",\"name\":\"Acheter le Panasonic TOUGHBOOK 40 - ALEGER \u22c6 Augmented Reality ici\",\"isPartOf\":{\"@id\":\"https:\/\/alegerglobal.com\/fr\/#website\"},\"primaryImageOfPage\":{\"@id\":\"https:\/\/alegerglobal.com\/fr\/shop-fr\/ordinateur-portable-durci\/panasonic-toughbook-40\/#primaryimage\"},\"image\":{\"@id\":\"https:\/\/alegerglobal.com\/fr\/shop-fr\/ordinateur-portable-durci\/panasonic-toughbook-40\/#primaryimage\"},\"thumbnailUrl\":\"https:\/\/alegerglobal.com\/wp-content\/uploads\/2024\/02\/Unbenannt.jpg\",\"datePublished\":\"2024-02-01T14:56:50+00:00\",\"dateModified\":\"2024-02-01T14:56:50+00:00\",\"description\":\"D\u00e9couvrez ici l'ordinateur portable TOUGHBOOK 40 ! Flexibilit\u00e9 maximale et haute performance ! Du mat\u00e9riel et des logiciels puissants !\",\"breadcrumb\":{\"@id\":\"https:\/\/alegerglobal.com\/fr\/shop-fr\/ordinateur-portable-durci\/panasonic-toughbook-40\/#breadcrumb\"},\"inLanguage\":\"fr-FR\",\"potentialAction\":[{\"@type\":\"ReadAction\",\"target\":[\"https:\/\/alegerglobal.com\/fr\/shop-fr\/ordinateur-portable-durci\/panasonic-toughbook-40\/\"]}]},{\"@type\":\"ImageObject\",\"inLanguage\":\"fr-FR\",\"@id\":\"https:\/\/alegerglobal.com\/fr\/shop-fr\/ordinateur-portable-durci\/panasonic-toughbook-40\/#primaryimage\",\"url\":\"https:\/\/alegerglobal.com\/wp-content\/uploads\/2024\/02\/Unbenannt.jpg\",\"contentUrl\":\"https:\/\/alegerglobal.com\/wp-content\/uploads\/2024\/02\/Unbenannt.jpg\",\"width\":800,\"height\":800},{\"@type\":\"BreadcrumbList\",\"@id\":\"https:\/\/alegerglobal.com\/fr\/shop-fr\/ordinateur-portable-durci\/panasonic-toughbook-40\/#breadcrumb\",\"itemListElement\":[{\"@type\":\"ListItem\",\"position\":1,\"name\":\"Home\",\"item\":\"https:\/\/alegerglobal.com\/fr\/new-page-daccueil\/\"},{\"@type\":\"ListItem\",\"position\":2,\"name\":\"Produits\",\"item\":\"https:\/\/alegerglobal.com\/fr\/produits\/\"},{\"@type\":\"ListItem\",\"position\":3,\"name\":\"Panasonic TOUGHBOOK 40 ordinateur portable durci Windows 11 Pro\"}]},{\"@type\":\"WebSite\",\"@id\":\"https:\/\/alegerglobal.com\/fr\/#website\",\"url\":\"https:\/\/alegerglobal.com\/fr\/\",\"name\":\"ALEGER \u22c6 Augmented Reality\",\"description\":\"Die besten Augmented Reality (AR) L\u00f6sungen der Welt.\",\"publisher\":{\"@id\":\"https:\/\/alegerglobal.com\/fr\/#organization\"},\"potentialAction\":[{\"@type\":\"SearchAction\",\"target\":{\"@type\":\"EntryPoint\",\"urlTemplate\":\"https:\/\/alegerglobal.com\/fr\/?s={search_term_string}\"},\"query-input\":{\"@type\":\"PropertyValueSpecification\",\"valueRequired\":true,\"valueName\":\"search_term_string\"}}],\"inLanguage\":\"fr-FR\"},{\"@type\":\"Organization\",\"@id\":\"https:\/\/alegerglobal.com\/fr\/#organization\",\"name\":\"ALEGER \u22c6 Augmented Reality\",\"url\":\"https:\/\/alegerglobal.com\/fr\/\",\"logo\":{\"@type\":\"ImageObject\",\"inLanguage\":\"fr-FR\",\"@id\":\"https:\/\/alegerglobal.com\/fr\/#\/schema\/logo\/image\/\",\"url\":\"https:\/\/alegerglobal.com\/wp-content\/uploads\/2020\/12\/aleger-logo-quadrat.jpg\",\"contentUrl\":\"https:\/\/alegerglobal.com\/wp-content\/uploads\/2020\/12\/aleger-logo-quadrat.jpg\",\"width\":200,\"height\":176,\"caption\":\"ALEGER \u22c6 Augmented Reality\"},\"image\":{\"@id\":\"https:\/\/alegerglobal.com\/fr\/#\/schema\/logo\/image\/\"}}]}<\/script>\n<meta property=\"product:price:amount\" content=\"0.00\" \/>\n<meta property=\"product:price:currency\" content=\"EUR\" \/>\n<meta property=\"og:availability\" content=\"instock\" \/>\n<meta property=\"product:availability\" content=\"instock\" \/>\n<meta property=\"product:condition\" content=\"new\" \/>\n<!-- \/ Yoast SEO Premium plugin. -->","yoast_head_json":{"title":"Acheter le Panasonic TOUGHBOOK 40 - ALEGER \u22c6 Augmented Reality ici","description":"D\u00e9couvrez ici l'ordinateur portable TOUGHBOOK 40 ! Flexibilit\u00e9 maximale et haute performance ! Du mat\u00e9riel et des logiciels puissants !","robots":{"index":"index","follow":"follow","max-snippet":"max-snippet:-1","max-image-preview":"max-image-preview:large","max-video-preview":"max-video-preview:-1"},"og_locale":"fr_FR","og_type":"article","og_title":"Panasonic TOUGHBOOK 40 ordinateur portable durci Windows 11 Pro","og_description":"D\u00e9couvrez ici l'ordinateur portable TOUGHBOOK 40 ! Flexibilit\u00e9 maximale et haute performance ! Du mat\u00e9riel et des logiciels puissants !","og_url":"https:\/\/alegerglobal.com\/fr\/shop-fr\/ordinateur-portable-durci\/panasonic-toughbook-40\/","og_site_name":"ALEGER \u22c6 Augmented Reality","og_image":[{"width":800,"height":800,"url":"https:\/\/alegerglobal.com\/wp-content\/uploads\/2024\/02\/Unbenannt.jpg","type":"image\/jpeg"}],"twitter_card":"summary_large_image","twitter_misc":{"Prix":"","Disponibilit\u00e9":"En stock"},"schema":{"@context":"https:\/\/schema.org","@graph":[{"@type":"WebPage","@id":"https:\/\/alegerglobal.com\/fr\/shop-fr\/ordinateur-portable-durci\/panasonic-toughbook-40\/","url":"https:\/\/alegerglobal.com\/fr\/shop-fr\/ordinateur-portable-durci\/panasonic-toughbook-40\/","name":"Acheter le Panasonic TOUGHBOOK 40 - ALEGER \u22c6 Augmented Reality ici","isPartOf":{"@id":"https:\/\/alegerglobal.com\/fr\/#website"},"primaryImageOfPage":{"@id":"https:\/\/alegerglobal.com\/fr\/shop-fr\/ordinateur-portable-durci\/panasonic-toughbook-40\/#primaryimage"},"image":{"@id":"https:\/\/alegerglobal.com\/fr\/shop-fr\/ordinateur-portable-durci\/panasonic-toughbook-40\/#primaryimage"},"thumbnailUrl":"https:\/\/alegerglobal.com\/wp-content\/uploads\/2024\/02\/Unbenannt.jpg","datePublished":"2024-02-01T14:56:50+00:00","dateModified":"2024-02-01T14:56:50+00:00","description":"D\u00e9couvrez ici l'ordinateur portable TOUGHBOOK 40 ! Flexibilit\u00e9 maximale et haute performance ! Du mat\u00e9riel et des logiciels puissants !","breadcrumb":{"@id":"https:\/\/alegerglobal.com\/fr\/shop-fr\/ordinateur-portable-durci\/panasonic-toughbook-40\/#breadcrumb"},"inLanguage":"fr-FR","potentialAction":[{"@type":"ReadAction","target":["https:\/\/alegerglobal.com\/fr\/shop-fr\/ordinateur-portable-durci\/panasonic-toughbook-40\/"]}]},{"@type":"ImageObject","inLanguage":"fr-FR","@id":"https:\/\/alegerglobal.com\/fr\/shop-fr\/ordinateur-portable-durci\/panasonic-toughbook-40\/#primaryimage","url":"https:\/\/alegerglobal.com\/wp-content\/uploads\/2024\/02\/Unbenannt.jpg","contentUrl":"https:\/\/alegerglobal.com\/wp-content\/uploads\/2024\/02\/Unbenannt.jpg","width":800,"height":800},{"@type":"BreadcrumbList","@id":"https:\/\/alegerglobal.com\/fr\/shop-fr\/ordinateur-portable-durci\/panasonic-toughbook-40\/#breadcrumb","itemListElement":[{"@type":"ListItem","position":1,"name":"Home","item":"https:\/\/alegerglobal.com\/fr\/new-page-daccueil\/"},{"@type":"ListItem","position":2,"name":"Produits","item":"https:\/\/alegerglobal.com\/fr\/produits\/"},{"@type":"ListItem","position":3,"name":"Panasonic TOUGHBOOK 40 ordinateur portable durci Windows 11 Pro"}]},{"@type":"WebSite","@id":"https:\/\/alegerglobal.com\/fr\/#website","url":"https:\/\/alegerglobal.com\/fr\/","name":"ALEGER \u22c6 Augmented Reality","description":"Die besten Augmented Reality (AR) L\u00f6sungen der Welt.","publisher":{"@id":"https:\/\/alegerglobal.com\/fr\/#organization"},"potentialAction":[{"@type":"SearchAction","target":{"@type":"EntryPoint","urlTemplate":"https:\/\/alegerglobal.com\/fr\/?s={search_term_string}"},"query-input":{"@type":"PropertyValueSpecification","valueRequired":true,"valueName":"search_term_string"}}],"inLanguage":"fr-FR"},{"@type":"Organization","@id":"https:\/\/alegerglobal.com\/fr\/#organization","name":"ALEGER \u22c6 Augmented Reality","url":"https:\/\/alegerglobal.com\/fr\/","logo":{"@type":"ImageObject","inLanguage":"fr-FR","@id":"https:\/\/alegerglobal.com\/fr\/#\/schema\/logo\/image\/","url":"https:\/\/alegerglobal.com\/wp-content\/uploads\/2020\/12\/aleger-logo-quadrat.jpg","contentUrl":"https:\/\/alegerglobal.com\/wp-content\/uploads\/2020\/12\/aleger-logo-quadrat.jpg","width":200,"height":176,"caption":"ALEGER \u22c6 Augmented Reality"},"image":{"@id":"https:\/\/alegerglobal.com\/fr\/#\/schema\/logo\/image\/"}}]},"product_price_amount":"0.00","product_price_currency":"EUR","og_availability":"instock","product_availability":"instock","product_condition":"new"},"_links":{"self":[{"href":"https:\/\/alegerglobal.com\/fr\/wp-json\/wp\/v2\/product\/38642","targetHints":{"allow":["GET"]}}],"collection":[{"href":"https:\/\/alegerglobal.com\/fr\/wp-json\/wp\/v2\/product"}],"about":[{"href":"https:\/\/alegerglobal.com\/fr\/wp-json\/wp\/v2\/types\/product"}],"replies":[{"embeddable":true,"href":"https:\/\/alegerglobal.com\/fr\/wp-json\/wp\/v2\/comments?post=38642"}],"version-history":[{"count":0,"href":"https:\/\/alegerglobal.com\/fr\/wp-json\/wp\/v2\/product\/38642\/revisions"}],"wp:featuredmedia":[{"embeddable":true,"href":"https:\/\/alegerglobal.com\/fr\/wp-json\/wp\/v2\/media\/38613"}],"wp:attachment":[{"href":"https:\/\/alegerglobal.com\/fr\/wp-json\/wp\/v2\/media?parent=38642"}],"wp:term":[{"taxonomy":"product_brand","embeddable":true,"href":"https:\/\/alegerglobal.com\/fr\/wp-json\/wp\/v2\/product_brand?post=38642"},{"taxonomy":"product_cat","embeddable":true,"href":"https:\/\/alegerglobal.com\/fr\/wp-json\/wp\/v2\/product_cat?post=38642"},{"taxonomy":"product_tag","embeddable":true,"href":"https:\/\/alegerglobal.com\/fr\/wp-json\/wp\/v2\/product_tag?post=38642"}],"curies":[{"name":"wp","href":"https:\/\/api.w.org\/{rel}","templated":true}]}}