{"id":37187,"date":"2022-09-27T01:37:18","date_gmt":"2022-10-05T10:03:33","guid":{"rendered":"https:\/\/alegerglobal.com\/non class\u00e9\/lunettes-intelligentes-vuzix-blade-2-480x480-px-8-mp-60-fps-24bit-wifi-bluetooth-android-11\/"},"modified":"2022-10-05T11:03:33","modified_gmt":"2022-10-05T10:03:33","slug":"vuzix-blade-2-2","status":"publish","type":"product","link":"https:\/\/alegerglobal.com\/fr\/shop-fr\/lunettes-intelligentes\/vuzix-blade-2-2\/","title":{"rendered":"Lunettes intelligentes Vuzix Blade 2, 480&#215;480 px, 8 MP, 60 FPS, 24bit WiFi, Bluetooth, Android 11"},"content":{"rendered":"","protected":false},"excerpt":{"rendered":"<ul>\n<li style=\"font-weight: 400;\" aria-level=\"1\"><b>Haute r\u00e9solution : <\/b><span style=\"font-weight: 400;\">\u00c9cran 480&#215;480 px avec &gt;2000 Nits de luminosit\u00e9 et un champ de vision de 20 degr\u00e9s<\/span><\/li>\n<li style=\"font-weight: 400;\" aria-level=\"1\"><b>Contr\u00f4le mains libres :<\/b><span style=\"font-weight: 400;\"> Contr\u00f4le par la voix ou via l&rsquo;application Companion pour iOS et Android<\/span><\/li>\n<li style=\"font-weight: 400;\" aria-level=\"1\"><b>Appareil photo int\u00e9gr\u00e9 : <\/b><span style=\"font-weight: 400;\">Diffusion en direct de photos de 8 MP et de vid\u00e9os jusqu&rsquo;\u00e0 60 FPS<\/span><\/li>\n<li style=\"font-weight: 400;\" aria-level=\"1\"><b>Mobiles :<\/b><span style=\"font-weight: 400;\"> Lunettes intelligentes l\u00e9g\u00e8res avec mallette de transport<\/span><\/li>\n<li style=\"font-weight: 400;\" aria-level=\"1\"><b>Connexion flexible :<\/b> par WiFi (2,4 GHz \/ 5 GHz) , Bluetooth et micro-USB<\/li>\n<\/ul>\n","protected":false},"featured_media":36988,"comment_status":"open","ping_status":"closed","template":"","meta":{"_acf_changed":false},"product_brand":[],"product_cat":[661,601],"product_tag":[],"class_list":{"0":"post-37187","1":"product","2":"type-product","3":"status-publish","4":"has-post-thumbnail","6":"product_cat-lunettes-intelligentes","7":"product_cat-shop-fr","8":"pa_hersteller-vuzix-fr","10":"first","11":"instock","12":"taxable","13":"shipping-taxable","14":"product-type-simple"},"acf":[],"yoast_head":"<!-- This site is optimized with the Yoast SEO Premium plugin v20.10 (Yoast SEO v24.3) - https:\/\/yoast.com\/wordpress\/plugins\/seo\/ -->\n<title>Acheter Vuzix Blade 2 : l&#039;avenir des lunettes intelligentes | ALEGER<\/title>\n<meta name=\"description\" content=\"La nouvelle Vuzix Blade 2 est la nouvelle g\u00e9n\u00e9ration de lunettes intelligentes. Les lunettes sont compactes, l\u00e9g\u00e8res et offrent une excellente qualit\u00e9 d&#039;image.\" \/>\n<meta name=\"robots\" content=\"index, follow, max-snippet:-1, max-image-preview:large, max-video-preview:-1\" \/>\n<meta property=\"og:locale\" content=\"fr_FR\" \/>\n<meta property=\"og:type\" content=\"article\" \/>\n<meta property=\"og:title\" content=\"Lunettes intelligentes Vuzix Blade 2, 480x480 px, 8 MP, 60 FPS, 24bit WiFi, Bluetooth, Android 11\" \/>\n<meta property=\"og:description\" content=\"La nouvelle Vuzix Blade 2 est la nouvelle g\u00e9n\u00e9ration de lunettes intelligentes. Les lunettes sont compactes, l\u00e9g\u00e8res et offrent une excellente qualit\u00e9 d&#039;image.\" \/>\n<meta property=\"og:url\" content=\"https:\/\/alegerglobal.com\/fr\/shop-fr\/lunettes-intelligentes\/vuzix-blade-2-2\/\" \/>\n<meta property=\"og:site_name\" content=\"ALEGER \u22c6 Augmented Reality\" \/>\n<meta property=\"og:image\" content=\"https:\/\/alegerglobal.com\/wp-content\/uploads\/2022\/09\/Unbenannt-5.jpg\" \/>\n\t<meta property=\"og:image:width\" content=\"800\" \/>\n\t<meta property=\"og:image:height\" content=\"800\" \/>\n\t<meta property=\"og:image:type\" content=\"image\/jpeg\" \/>\n<meta name=\"twitter:card\" content=\"summary_large_image\" \/>\n<meta name=\"twitter:label1\" content=\"Prix\" \/>\n\t<meta name=\"twitter:data1\" content=\"\" \/>\n\t<meta name=\"twitter:label2\" content=\"Disponibilit\u00e9\" \/>\n\t<meta name=\"twitter:data2\" content=\"En stock\" \/>\n<script type=\"application\/ld+json\" class=\"yoast-schema-graph\">{\"@context\":\"https:\/\/schema.org\",\"@graph\":[{\"@type\":\"WebPage\",\"@id\":\"https:\/\/alegerglobal.com\/fr\/shop-fr\/lunettes-intelligentes\/vuzix-blade-2-2\/\",\"url\":\"https:\/\/alegerglobal.com\/fr\/shop-fr\/lunettes-intelligentes\/vuzix-blade-2-2\/\",\"name\":\"Acheter Vuzix Blade 2 : l'avenir des lunettes intelligentes | ALEGER\",\"isPartOf\":{\"@id\":\"https:\/\/alegerglobal.com\/fr\/#website\"},\"primaryImageOfPage\":{\"@id\":\"https:\/\/alegerglobal.com\/fr\/shop-fr\/lunettes-intelligentes\/vuzix-blade-2-2\/#primaryimage\"},\"image\":{\"@id\":\"https:\/\/alegerglobal.com\/fr\/shop-fr\/lunettes-intelligentes\/vuzix-blade-2-2\/#primaryimage\"},\"thumbnailUrl\":\"https:\/\/alegerglobal.com\/wp-content\/uploads\/2022\/09\/Unbenannt-5.jpg\",\"datePublished\":\"2022-10-05T10:03:33+00:00\",\"dateModified\":\"2022-10-05T10:03:33+00:00\",\"description\":\"La nouvelle Vuzix Blade 2 est la nouvelle g\u00e9n\u00e9ration de lunettes intelligentes. Les lunettes sont compactes, l\u00e9g\u00e8res et offrent une excellente qualit\u00e9 d'image.\",\"breadcrumb\":{\"@id\":\"https:\/\/alegerglobal.com\/fr\/shop-fr\/lunettes-intelligentes\/vuzix-blade-2-2\/#breadcrumb\"},\"inLanguage\":\"fr-FR\",\"potentialAction\":[{\"@type\":\"ReadAction\",\"target\":[\"https:\/\/alegerglobal.com\/fr\/shop-fr\/lunettes-intelligentes\/vuzix-blade-2-2\/\"]}]},{\"@type\":\"ImageObject\",\"inLanguage\":\"fr-FR\",\"@id\":\"https:\/\/alegerglobal.com\/fr\/shop-fr\/lunettes-intelligentes\/vuzix-blade-2-2\/#primaryimage\",\"url\":\"https:\/\/alegerglobal.com\/wp-content\/uploads\/2022\/09\/Unbenannt-5.jpg\",\"contentUrl\":\"https:\/\/alegerglobal.com\/wp-content\/uploads\/2022\/09\/Unbenannt-5.jpg\",\"width\":800,\"height\":800},{\"@type\":\"BreadcrumbList\",\"@id\":\"https:\/\/alegerglobal.com\/fr\/shop-fr\/lunettes-intelligentes\/vuzix-blade-2-2\/#breadcrumb\",\"itemListElement\":[{\"@type\":\"ListItem\",\"position\":1,\"name\":\"Home\",\"item\":\"https:\/\/alegerglobal.com\/fr\/new-page-daccueil\/\"},{\"@type\":\"ListItem\",\"position\":2,\"name\":\"Produits\",\"item\":\"https:\/\/alegerglobal.com\/fr\/produits\/\"},{\"@type\":\"ListItem\",\"position\":3,\"name\":\"Lunettes intelligentes Vuzix Blade 2, 480&#215;480 px, 8 MP, 60 FPS, 24bit WiFi, Bluetooth, Android 11\"}]},{\"@type\":\"WebSite\",\"@id\":\"https:\/\/alegerglobal.com\/fr\/#website\",\"url\":\"https:\/\/alegerglobal.com\/fr\/\",\"name\":\"ALEGER \u22c6 Augmented Reality\",\"description\":\"Die besten Augmented Reality (AR) L\u00f6sungen der Welt.\",\"publisher\":{\"@id\":\"https:\/\/alegerglobal.com\/fr\/#organization\"},\"potentialAction\":[{\"@type\":\"SearchAction\",\"target\":{\"@type\":\"EntryPoint\",\"urlTemplate\":\"https:\/\/alegerglobal.com\/fr\/?s={search_term_string}\"},\"query-input\":{\"@type\":\"PropertyValueSpecification\",\"valueRequired\":true,\"valueName\":\"search_term_string\"}}],\"inLanguage\":\"fr-FR\"},{\"@type\":\"Organization\",\"@id\":\"https:\/\/alegerglobal.com\/fr\/#organization\",\"name\":\"ALEGER \u22c6 Augmented Reality\",\"url\":\"https:\/\/alegerglobal.com\/fr\/\",\"logo\":{\"@type\":\"ImageObject\",\"inLanguage\":\"fr-FR\",\"@id\":\"https:\/\/alegerglobal.com\/fr\/#\/schema\/logo\/image\/\",\"url\":\"https:\/\/alegerglobal.com\/wp-content\/uploads\/2020\/12\/aleger-logo-quadrat.jpg\",\"contentUrl\":\"https:\/\/alegerglobal.com\/wp-content\/uploads\/2020\/12\/aleger-logo-quadrat.jpg\",\"width\":200,\"height\":176,\"caption\":\"ALEGER \u22c6 Augmented Reality\"},\"image\":{\"@id\":\"https:\/\/alegerglobal.com\/fr\/#\/schema\/logo\/image\/\"}}]}<\/script>\n<meta property=\"product:brand\" content=\"Vuzix\" \/>\n<meta property=\"product:price:amount\" content=\"0.00\" \/>\n<meta property=\"product:price:currency\" content=\"EUR\" \/>\n<meta property=\"og:availability\" content=\"instock\" \/>\n<meta property=\"product:availability\" content=\"instock\" \/>\n<meta property=\"product:condition\" content=\"new\" \/>\n<!-- \/ Yoast SEO Premium plugin. -->","yoast_head_json":{"title":"Acheter Vuzix Blade 2 : l'avenir des lunettes intelligentes | ALEGER","description":"La nouvelle Vuzix Blade 2 est la nouvelle g\u00e9n\u00e9ration de lunettes intelligentes. Les lunettes sont compactes, l\u00e9g\u00e8res et offrent une excellente qualit\u00e9 d'image.","robots":{"index":"index","follow":"follow","max-snippet":"max-snippet:-1","max-image-preview":"max-image-preview:large","max-video-preview":"max-video-preview:-1"},"og_locale":"fr_FR","og_type":"article","og_title":"Lunettes intelligentes Vuzix Blade 2, 480x480 px, 8 MP, 60 FPS, 24bit WiFi, Bluetooth, Android 11","og_description":"La nouvelle Vuzix Blade 2 est la nouvelle g\u00e9n\u00e9ration de lunettes intelligentes. Les lunettes sont compactes, l\u00e9g\u00e8res et offrent une excellente qualit\u00e9 d'image.","og_url":"https:\/\/alegerglobal.com\/fr\/shop-fr\/lunettes-intelligentes\/vuzix-blade-2-2\/","og_site_name":"ALEGER \u22c6 Augmented Reality","og_image":[{"width":800,"height":800,"url":"https:\/\/alegerglobal.com\/wp-content\/uploads\/2022\/09\/Unbenannt-5.jpg","type":"image\/jpeg"}],"twitter_card":"summary_large_image","twitter_misc":{"Prix":"","Disponibilit\u00e9":"En stock"},"schema":{"@context":"https:\/\/schema.org","@graph":[{"@type":"WebPage","@id":"https:\/\/alegerglobal.com\/fr\/shop-fr\/lunettes-intelligentes\/vuzix-blade-2-2\/","url":"https:\/\/alegerglobal.com\/fr\/shop-fr\/lunettes-intelligentes\/vuzix-blade-2-2\/","name":"Acheter Vuzix Blade 2 : l'avenir des lunettes intelligentes | ALEGER","isPartOf":{"@id":"https:\/\/alegerglobal.com\/fr\/#website"},"primaryImageOfPage":{"@id":"https:\/\/alegerglobal.com\/fr\/shop-fr\/lunettes-intelligentes\/vuzix-blade-2-2\/#primaryimage"},"image":{"@id":"https:\/\/alegerglobal.com\/fr\/shop-fr\/lunettes-intelligentes\/vuzix-blade-2-2\/#primaryimage"},"thumbnailUrl":"https:\/\/alegerglobal.com\/wp-content\/uploads\/2022\/09\/Unbenannt-5.jpg","datePublished":"2022-10-05T10:03:33+00:00","dateModified":"2022-10-05T10:03:33+00:00","description":"La nouvelle Vuzix Blade 2 est la nouvelle g\u00e9n\u00e9ration de lunettes intelligentes. Les lunettes sont compactes, l\u00e9g\u00e8res et offrent une excellente qualit\u00e9 d'image.","breadcrumb":{"@id":"https:\/\/alegerglobal.com\/fr\/shop-fr\/lunettes-intelligentes\/vuzix-blade-2-2\/#breadcrumb"},"inLanguage":"fr-FR","potentialAction":[{"@type":"ReadAction","target":["https:\/\/alegerglobal.com\/fr\/shop-fr\/lunettes-intelligentes\/vuzix-blade-2-2\/"]}]},{"@type":"ImageObject","inLanguage":"fr-FR","@id":"https:\/\/alegerglobal.com\/fr\/shop-fr\/lunettes-intelligentes\/vuzix-blade-2-2\/#primaryimage","url":"https:\/\/alegerglobal.com\/wp-content\/uploads\/2022\/09\/Unbenannt-5.jpg","contentUrl":"https:\/\/alegerglobal.com\/wp-content\/uploads\/2022\/09\/Unbenannt-5.jpg","width":800,"height":800},{"@type":"BreadcrumbList","@id":"https:\/\/alegerglobal.com\/fr\/shop-fr\/lunettes-intelligentes\/vuzix-blade-2-2\/#breadcrumb","itemListElement":[{"@type":"ListItem","position":1,"name":"Home","item":"https:\/\/alegerglobal.com\/fr\/new-page-daccueil\/"},{"@type":"ListItem","position":2,"name":"Produits","item":"https:\/\/alegerglobal.com\/fr\/produits\/"},{"@type":"ListItem","position":3,"name":"Lunettes intelligentes Vuzix Blade 2, 480&#215;480 px, 8 MP, 60 FPS, 24bit WiFi, Bluetooth, Android 11"}]},{"@type":"WebSite","@id":"https:\/\/alegerglobal.com\/fr\/#website","url":"https:\/\/alegerglobal.com\/fr\/","name":"ALEGER \u22c6 Augmented Reality","description":"Die besten Augmented Reality (AR) L\u00f6sungen der Welt.","publisher":{"@id":"https:\/\/alegerglobal.com\/fr\/#organization"},"potentialAction":[{"@type":"SearchAction","target":{"@type":"EntryPoint","urlTemplate":"https:\/\/alegerglobal.com\/fr\/?s={search_term_string}"},"query-input":{"@type":"PropertyValueSpecification","valueRequired":true,"valueName":"search_term_string"}}],"inLanguage":"fr-FR"},{"@type":"Organization","@id":"https:\/\/alegerglobal.com\/fr\/#organization","name":"ALEGER \u22c6 Augmented Reality","url":"https:\/\/alegerglobal.com\/fr\/","logo":{"@type":"ImageObject","inLanguage":"fr-FR","@id":"https:\/\/alegerglobal.com\/fr\/#\/schema\/logo\/image\/","url":"https:\/\/alegerglobal.com\/wp-content\/uploads\/2020\/12\/aleger-logo-quadrat.jpg","contentUrl":"https:\/\/alegerglobal.com\/wp-content\/uploads\/2020\/12\/aleger-logo-quadrat.jpg","width":200,"height":176,"caption":"ALEGER \u22c6 Augmented Reality"},"image":{"@id":"https:\/\/alegerglobal.com\/fr\/#\/schema\/logo\/image\/"}}]},"product_brand":"Vuzix","product_price_amount":"0.00","product_price_currency":"EUR","og_availability":"instock","product_availability":"instock","product_condition":"new"},"_links":{"self":[{"href":"https:\/\/alegerglobal.com\/fr\/wp-json\/wp\/v2\/product\/37187","targetHints":{"allow":["GET"]}}],"collection":[{"href":"https:\/\/alegerglobal.com\/fr\/wp-json\/wp\/v2\/product"}],"about":[{"href":"https:\/\/alegerglobal.com\/fr\/wp-json\/wp\/v2\/types\/product"}],"replies":[{"embeddable":true,"href":"https:\/\/alegerglobal.com\/fr\/wp-json\/wp\/v2\/comments?post=37187"}],"version-history":[{"count":0,"href":"https:\/\/alegerglobal.com\/fr\/wp-json\/wp\/v2\/product\/37187\/revisions"}],"wp:featuredmedia":[{"embeddable":true,"href":"https:\/\/alegerglobal.com\/fr\/wp-json\/wp\/v2\/media\/36988"}],"wp:attachment":[{"href":"https:\/\/alegerglobal.com\/fr\/wp-json\/wp\/v2\/media?parent=37187"}],"wp:term":[{"taxonomy":"product_brand","embeddable":true,"href":"https:\/\/alegerglobal.com\/fr\/wp-json\/wp\/v2\/product_brand?post=37187"},{"taxonomy":"product_cat","embeddable":true,"href":"https:\/\/alegerglobal.com\/fr\/wp-json\/wp\/v2\/product_cat?post=37187"},{"taxonomy":"product_tag","embeddable":true,"href":"https:\/\/alegerglobal.com\/fr\/wp-json\/wp\/v2\/product_tag?post=37187"}],"curies":[{"name":"wp","href":"https:\/\/api.w.org\/{rel}","templated":true}]}}