{"id":30282,"date":"2021-03-12T03:00:17","date_gmt":"2022-05-12T17:51:24","guid":{"rendered":"https:\/\/alegerglobal.com\/non class\u00e9\/epson-moverio-bt-35e-lunettes-intelligentes-043-pouce-champ-de-vision-de-23-degres-oled-60-hz-24-bits\/"},"modified":"2022-05-12T18:51:24","modified_gmt":"2022-05-12T17:51:24","slug":"epson-moverio-bt-35e-2","status":"publish","type":"product","link":"https:\/\/alegerglobal.com\/fr\/shop-fr\/lunettes-intelligentes\/epson-moverio-bt-35e-2\/","title":{"rendered":"Epson Moverio BT-35E, lunettes intelligentes, 0,43 pouce, champ de vision de 23 degr\u00e9s, OLED 60 HZ, 24 bits"},"content":{"rendered":"","protected":false},"excerpt":{"rendered":"<ul>\n<li style=\"font-weight: 400;\" aria-level=\"1\"><b>Travail sans fatigue :<\/b><span style=\"font-weight: 400;\"> \u00c9cran Si-OLED sp\u00e9cial avec champ de vision de 23 degr\u00e9s et profondeur de couleur de 24 bits <\/span> <\/li>\n<li style=\"font-weight: 400;\" aria-level=\"1\"><b>Simple d&rsquo;utilisation :<\/b><span style=\"font-weight: 400;\"> Connexion \u00e0 une tablette, un PC ou un smartphone via un c\u00e2ble USB-C<\/span><\/li>\n<li style=\"font-weight: 400;\" aria-level=\"1\"><b>Souplesse de la saisie : <\/b><span style=\"font-weight: 400;\">Choix entre la commande gestuelle et la commande mains libres <\/span> <\/li>\n<li style=\"font-weight: 400;\" aria-level=\"1\"><b>Une sph\u00e8re priv\u00e9e prot\u00e9g\u00e9e :<\/b><span style=\"font-weight: 400;\"> deuxi\u00e8me \u00e9cran pour le travail avec des donn\u00e9es sensibles dans l&rsquo;espace public<\/span><\/li>\n<li style=\"font-weight: 400;\" aria-level=\"1\"><b>Profiter de solutions pr\u00eates \u00e0 l&#8217;emploi :<\/b><span style=\"font-weight: 400;\"> grand App Store avec ses propres applications pour les produits Moverio<\/span><\/li>\n<li style=\"font-weight: 400;\" aria-level=\"1\"><b>D\u00e9velopper ses propres solutions :<\/b> des outils de d\u00e9veloppement en libre acc\u00e8s pour une utilisation facile.<\/li>\n<\/ul>\n","protected":false},"featured_media":14866,"comment_status":"open","ping_status":"closed","template":"","meta":{"_acf_changed":false},"product_brand":[],"product_cat":[661,601],"product_tag":[],"class_list":{"0":"post-30282","1":"product","2":"type-product","3":"status-publish","4":"has-post-thumbnail","6":"product_cat-lunettes-intelligentes","7":"product_cat-shop-fr","8":"pa_hersteller-epson-fr","10":"first","11":"instock","12":"taxable","13":"shipping-taxable","14":"product-type-simple"},"acf":[],"yoast_head":"<!-- This site is optimized with the Yoast SEO Premium plugin v20.10 (Yoast SEO v24.3) - https:\/\/yoast.com\/wordpress\/plugins\/seo\/ -->\n<title>Acheter Epson Moverio BT-35E (2022) - ALEGER \u22c6 Augmented Reality<\/title>\n<meta name=\"description\" content=\"Les Epson Moverio BT-35E sont des lunettes AR qui permettent aux utilisateurs professionnels d&#039;avoir le monde virtuel directement devant les yeux\" \/>\n<meta name=\"robots\" content=\"index, follow, max-snippet:-1, max-image-preview:large, max-video-preview:-1\" \/>\n<meta property=\"og:locale\" content=\"fr_FR\" \/>\n<meta property=\"og:type\" content=\"article\" \/>\n<meta property=\"og:title\" content=\"Epson Moverio BT-35E, lunettes intelligentes, 0,43 pouce, champ de vision de 23 degr\u00e9s, OLED 60 HZ, 24 bits\" \/>\n<meta property=\"og:description\" content=\"Les Epson Moverio BT-35E sont des lunettes AR qui permettent aux utilisateurs professionnels d&#039;avoir le monde virtuel directement devant les yeux\" \/>\n<meta property=\"og:url\" content=\"https:\/\/alegerglobal.com\/fr\/shop-fr\/lunettes-intelligentes\/epson-moverio-bt-35e-2\/\" \/>\n<meta property=\"og:site_name\" content=\"ALEGER \u22c6 Augmented Reality\" \/>\n<meta property=\"og:image\" content=\"https:\/\/alegerglobal.com\/wp-content\/uploads\/2021\/11\/Unbenannt.jpg\" \/>\n\t<meta property=\"og:image:width\" content=\"800\" \/>\n\t<meta property=\"og:image:height\" content=\"800\" \/>\n\t<meta property=\"og:image:type\" content=\"image\/jpeg\" \/>\n<meta name=\"twitter:card\" content=\"summary_large_image\" \/>\n<meta name=\"twitter:label1\" content=\"Prix\" \/>\n\t<meta name=\"twitter:data1\" content=\"\" \/>\n\t<meta name=\"twitter:label2\" content=\"Disponibilit\u00e9\" \/>\n\t<meta name=\"twitter:data2\" content=\"En stock\" \/>\n<script type=\"application\/ld+json\" class=\"yoast-schema-graph\">{\"@context\":\"https:\/\/schema.org\",\"@graph\":[{\"@type\":\"WebPage\",\"@id\":\"https:\/\/alegerglobal.com\/fr\/shop-fr\/lunettes-intelligentes\/epson-moverio-bt-35e-2\/\",\"url\":\"https:\/\/alegerglobal.com\/fr\/shop-fr\/lunettes-intelligentes\/epson-moverio-bt-35e-2\/\",\"name\":\"Acheter Epson Moverio BT-35E (2022) - ALEGER \u22c6 Augmented Reality\",\"isPartOf\":{\"@id\":\"https:\/\/alegerglobal.com\/fr\/#website\"},\"primaryImageOfPage\":{\"@id\":\"https:\/\/alegerglobal.com\/fr\/shop-fr\/lunettes-intelligentes\/epson-moverio-bt-35e-2\/#primaryimage\"},\"image\":{\"@id\":\"https:\/\/alegerglobal.com\/fr\/shop-fr\/lunettes-intelligentes\/epson-moverio-bt-35e-2\/#primaryimage\"},\"thumbnailUrl\":\"https:\/\/alegerglobal.com\/wp-content\/uploads\/2021\/11\/Unbenannt.jpg\",\"datePublished\":\"2022-05-12T17:51:24+00:00\",\"dateModified\":\"2022-05-12T17:51:24+00:00\",\"description\":\"Les Epson Moverio BT-35E sont des lunettes AR qui permettent aux utilisateurs professionnels d'avoir le monde virtuel directement devant les yeux\",\"breadcrumb\":{\"@id\":\"https:\/\/alegerglobal.com\/fr\/shop-fr\/lunettes-intelligentes\/epson-moverio-bt-35e-2\/#breadcrumb\"},\"inLanguage\":\"fr-FR\",\"potentialAction\":[{\"@type\":\"ReadAction\",\"target\":[\"https:\/\/alegerglobal.com\/fr\/shop-fr\/lunettes-intelligentes\/epson-moverio-bt-35e-2\/\"]}]},{\"@type\":\"ImageObject\",\"inLanguage\":\"fr-FR\",\"@id\":\"https:\/\/alegerglobal.com\/fr\/shop-fr\/lunettes-intelligentes\/epson-moverio-bt-35e-2\/#primaryimage\",\"url\":\"https:\/\/alegerglobal.com\/wp-content\/uploads\/2021\/11\/Unbenannt.jpg\",\"contentUrl\":\"https:\/\/alegerglobal.com\/wp-content\/uploads\/2021\/11\/Unbenannt.jpg\",\"width\":800,\"height\":800},{\"@type\":\"BreadcrumbList\",\"@id\":\"https:\/\/alegerglobal.com\/fr\/shop-fr\/lunettes-intelligentes\/epson-moverio-bt-35e-2\/#breadcrumb\",\"itemListElement\":[{\"@type\":\"ListItem\",\"position\":1,\"name\":\"Home\",\"item\":\"https:\/\/alegerglobal.com\/fr\/new-page-daccueil\/\"},{\"@type\":\"ListItem\",\"position\":2,\"name\":\"Produits\",\"item\":\"https:\/\/alegerglobal.com\/fr\/produits\/\"},{\"@type\":\"ListItem\",\"position\":3,\"name\":\"Epson Moverio BT-35E, lunettes intelligentes, 0,43 pouce, champ de vision de 23 degr\u00e9s, OLED 60 HZ, 24 bits\"}]},{\"@type\":\"WebSite\",\"@id\":\"https:\/\/alegerglobal.com\/fr\/#website\",\"url\":\"https:\/\/alegerglobal.com\/fr\/\",\"name\":\"ALEGER \u22c6 Augmented Reality\",\"description\":\"Die besten Augmented Reality (AR) L\u00f6sungen der Welt.\",\"publisher\":{\"@id\":\"https:\/\/alegerglobal.com\/fr\/#organization\"},\"potentialAction\":[{\"@type\":\"SearchAction\",\"target\":{\"@type\":\"EntryPoint\",\"urlTemplate\":\"https:\/\/alegerglobal.com\/fr\/?s={search_term_string}\"},\"query-input\":{\"@type\":\"PropertyValueSpecification\",\"valueRequired\":true,\"valueName\":\"search_term_string\"}}],\"inLanguage\":\"fr-FR\"},{\"@type\":\"Organization\",\"@id\":\"https:\/\/alegerglobal.com\/fr\/#organization\",\"name\":\"ALEGER \u22c6 Augmented Reality\",\"url\":\"https:\/\/alegerglobal.com\/fr\/\",\"logo\":{\"@type\":\"ImageObject\",\"inLanguage\":\"fr-FR\",\"@id\":\"https:\/\/alegerglobal.com\/fr\/#\/schema\/logo\/image\/\",\"url\":\"https:\/\/alegerglobal.com\/wp-content\/uploads\/2020\/12\/aleger-logo-quadrat.jpg\",\"contentUrl\":\"https:\/\/alegerglobal.com\/wp-content\/uploads\/2020\/12\/aleger-logo-quadrat.jpg\",\"width\":200,\"height\":176,\"caption\":\"ALEGER \u22c6 Augmented Reality\"},\"image\":{\"@id\":\"https:\/\/alegerglobal.com\/fr\/#\/schema\/logo\/image\/\"}}]}<\/script>\n<meta property=\"product:brand\" content=\"Epson\" \/>\n<meta property=\"product:price:amount\" content=\"0.00\" \/>\n<meta property=\"product:price:currency\" content=\"EUR\" \/>\n<meta property=\"og:availability\" content=\"instock\" \/>\n<meta property=\"product:availability\" content=\"instock\" \/>\n<meta property=\"product:condition\" content=\"new\" \/>\n<!-- \/ Yoast SEO Premium plugin. -->","yoast_head_json":{"title":"Acheter Epson Moverio BT-35E (2022) - ALEGER \u22c6 Augmented Reality","description":"Les Epson Moverio BT-35E sont des lunettes AR qui permettent aux utilisateurs professionnels d'avoir le monde virtuel directement devant les yeux","robots":{"index":"index","follow":"follow","max-snippet":"max-snippet:-1","max-image-preview":"max-image-preview:large","max-video-preview":"max-video-preview:-1"},"og_locale":"fr_FR","og_type":"article","og_title":"Epson Moverio BT-35E, lunettes intelligentes, 0,43 pouce, champ de vision de 23 degr\u00e9s, OLED 60 HZ, 24 bits","og_description":"Les Epson Moverio BT-35E sont des lunettes AR qui permettent aux utilisateurs professionnels d'avoir le monde virtuel directement devant les yeux","og_url":"https:\/\/alegerglobal.com\/fr\/shop-fr\/lunettes-intelligentes\/epson-moverio-bt-35e-2\/","og_site_name":"ALEGER \u22c6 Augmented Reality","og_image":[{"width":800,"height":800,"url":"https:\/\/alegerglobal.com\/wp-content\/uploads\/2021\/11\/Unbenannt.jpg","type":"image\/jpeg"}],"twitter_card":"summary_large_image","twitter_misc":{"Prix":"","Disponibilit\u00e9":"En stock"},"schema":{"@context":"https:\/\/schema.org","@graph":[{"@type":"WebPage","@id":"https:\/\/alegerglobal.com\/fr\/shop-fr\/lunettes-intelligentes\/epson-moverio-bt-35e-2\/","url":"https:\/\/alegerglobal.com\/fr\/shop-fr\/lunettes-intelligentes\/epson-moverio-bt-35e-2\/","name":"Acheter Epson Moverio BT-35E (2022) - ALEGER \u22c6 Augmented Reality","isPartOf":{"@id":"https:\/\/alegerglobal.com\/fr\/#website"},"primaryImageOfPage":{"@id":"https:\/\/alegerglobal.com\/fr\/shop-fr\/lunettes-intelligentes\/epson-moverio-bt-35e-2\/#primaryimage"},"image":{"@id":"https:\/\/alegerglobal.com\/fr\/shop-fr\/lunettes-intelligentes\/epson-moverio-bt-35e-2\/#primaryimage"},"thumbnailUrl":"https:\/\/alegerglobal.com\/wp-content\/uploads\/2021\/11\/Unbenannt.jpg","datePublished":"2022-05-12T17:51:24+00:00","dateModified":"2022-05-12T17:51:24+00:00","description":"Les Epson Moverio BT-35E sont des lunettes AR qui permettent aux utilisateurs professionnels d'avoir le monde virtuel directement devant les yeux","breadcrumb":{"@id":"https:\/\/alegerglobal.com\/fr\/shop-fr\/lunettes-intelligentes\/epson-moverio-bt-35e-2\/#breadcrumb"},"inLanguage":"fr-FR","potentialAction":[{"@type":"ReadAction","target":["https:\/\/alegerglobal.com\/fr\/shop-fr\/lunettes-intelligentes\/epson-moverio-bt-35e-2\/"]}]},{"@type":"ImageObject","inLanguage":"fr-FR","@id":"https:\/\/alegerglobal.com\/fr\/shop-fr\/lunettes-intelligentes\/epson-moverio-bt-35e-2\/#primaryimage","url":"https:\/\/alegerglobal.com\/wp-content\/uploads\/2021\/11\/Unbenannt.jpg","contentUrl":"https:\/\/alegerglobal.com\/wp-content\/uploads\/2021\/11\/Unbenannt.jpg","width":800,"height":800},{"@type":"BreadcrumbList","@id":"https:\/\/alegerglobal.com\/fr\/shop-fr\/lunettes-intelligentes\/epson-moverio-bt-35e-2\/#breadcrumb","itemListElement":[{"@type":"ListItem","position":1,"name":"Home","item":"https:\/\/alegerglobal.com\/fr\/new-page-daccueil\/"},{"@type":"ListItem","position":2,"name":"Produits","item":"https:\/\/alegerglobal.com\/fr\/produits\/"},{"@type":"ListItem","position":3,"name":"Epson Moverio BT-35E, lunettes intelligentes, 0,43 pouce, champ de vision de 23 degr\u00e9s, OLED 60 HZ, 24 bits"}]},{"@type":"WebSite","@id":"https:\/\/alegerglobal.com\/fr\/#website","url":"https:\/\/alegerglobal.com\/fr\/","name":"ALEGER \u22c6 Augmented Reality","description":"Die besten Augmented Reality (AR) L\u00f6sungen der Welt.","publisher":{"@id":"https:\/\/alegerglobal.com\/fr\/#organization"},"potentialAction":[{"@type":"SearchAction","target":{"@type":"EntryPoint","urlTemplate":"https:\/\/alegerglobal.com\/fr\/?s={search_term_string}"},"query-input":{"@type":"PropertyValueSpecification","valueRequired":true,"valueName":"search_term_string"}}],"inLanguage":"fr-FR"},{"@type":"Organization","@id":"https:\/\/alegerglobal.com\/fr\/#organization","name":"ALEGER \u22c6 Augmented Reality","url":"https:\/\/alegerglobal.com\/fr\/","logo":{"@type":"ImageObject","inLanguage":"fr-FR","@id":"https:\/\/alegerglobal.com\/fr\/#\/schema\/logo\/image\/","url":"https:\/\/alegerglobal.com\/wp-content\/uploads\/2020\/12\/aleger-logo-quadrat.jpg","contentUrl":"https:\/\/alegerglobal.com\/wp-content\/uploads\/2020\/12\/aleger-logo-quadrat.jpg","width":200,"height":176,"caption":"ALEGER \u22c6 Augmented Reality"},"image":{"@id":"https:\/\/alegerglobal.com\/fr\/#\/schema\/logo\/image\/"}}]},"product_brand":"Epson","product_price_amount":"0.00","product_price_currency":"EUR","og_availability":"instock","product_availability":"instock","product_condition":"new"},"_links":{"self":[{"href":"https:\/\/alegerglobal.com\/fr\/wp-json\/wp\/v2\/product\/30282","targetHints":{"allow":["GET"]}}],"collection":[{"href":"https:\/\/alegerglobal.com\/fr\/wp-json\/wp\/v2\/product"}],"about":[{"href":"https:\/\/alegerglobal.com\/fr\/wp-json\/wp\/v2\/types\/product"}],"replies":[{"embeddable":true,"href":"https:\/\/alegerglobal.com\/fr\/wp-json\/wp\/v2\/comments?post=30282"}],"version-history":[{"count":0,"href":"https:\/\/alegerglobal.com\/fr\/wp-json\/wp\/v2\/product\/30282\/revisions"}],"wp:featuredmedia":[{"embeddable":true,"href":"https:\/\/alegerglobal.com\/fr\/wp-json\/wp\/v2\/media\/14866"}],"wp:attachment":[{"href":"https:\/\/alegerglobal.com\/fr\/wp-json\/wp\/v2\/media?parent=30282"}],"wp:term":[{"taxonomy":"product_brand","embeddable":true,"href":"https:\/\/alegerglobal.com\/fr\/wp-json\/wp\/v2\/product_brand?post=30282"},{"taxonomy":"product_cat","embeddable":true,"href":"https:\/\/alegerglobal.com\/fr\/wp-json\/wp\/v2\/product_cat?post=30282"},{"taxonomy":"product_tag","embeddable":true,"href":"https:\/\/alegerglobal.com\/fr\/wp-json\/wp\/v2\/product_tag?post=30282"}],"curies":[{"name":"wp","href":"https:\/\/api.w.org\/{rel}","templated":true}]}}