{"id":30280,"date":"2021-11-12T17:00:57","date_gmt":"2022-05-12T17:51:22","guid":{"rendered":"https:\/\/alegerglobal.com\/non class\u00e9\/trimble-xr10-hololens-2-snapdragon-850-4-go-de-ram-controle-mains-libres-champ-de-vision-de-43-degres\/"},"modified":"2022-05-12T18:51:22","modified_gmt":"2022-05-12T17:51:22","slug":"trimble-xr10-2","status":"publish","type":"product","link":"https:\/\/alegerglobal.com\/fr\/shop-fr\/lunettes-intelligentes\/trimble-xr10-2\/","title":{"rendered":"Trimble XR10 Hololens 2, Snapdragon 850, 4 Go de RAM, contr\u00f4le mains libres, champ de vision de 43 degr\u00e9s"},"content":{"rendered":"","protected":false},"excerpt":{"rendered":"<ul>\n<li><b>Large champ de vision :<\/b><span style=\"font-weight: 400;\"> Champ de vision de 43 degr\u00e9s pour une vue d&rsquo;ensemble maximale<\/span><\/li>\n<li><b>la s\u00e9curit\u00e9 :<\/b><span style=\"font-weight: 400;\"> Casque de protection pour le travail dans des environnements dangereux et r\u00e9glement\u00e9s en mati\u00e8re de s\u00e9curit\u00e9<\/span><\/li>\n<li><b>Commande mains libres :<\/b><span style=\"font-weight: 400;\"> Commande intuitive par la main et les yeux gr\u00e2ce \u00e0 des capteurs modernes<\/span><\/li>\n<li><b>Mat\u00e9riel moderne :<\/b><span style=\"font-weight: 400;\"> Hololens 2 avec processeur Snapdragon 850 et 4 Go de m\u00e9moire vive<\/span><\/li>\n<li><b>Communication fluide dans les environnements bruyants :<\/b><span style=\"font-weight: 400;\"> R\u00e9seau de 5 microphones et t\u00eate \u00e0 r\u00e9sonance osseuse<\/span><\/li>\n<\/ul>\n","protected":false},"featured_media":14717,"comment_status":"open","ping_status":"closed","template":"","meta":{"_acf_changed":false},"product_brand":[],"product_cat":[661,601],"product_tag":[],"class_list":{"0":"post-30280","1":"product","2":"type-product","3":"status-publish","4":"has-post-thumbnail","6":"product_cat-lunettes-intelligentes","7":"product_cat-shop-fr","8":"pa_hersteller-microsoft-fr","10":"first","11":"instock","12":"taxable","13":"shipping-taxable","14":"product-type-simple"},"acf":[],"yoast_head":"<!-- This site is optimized with the Yoast SEO Premium plugin v20.10 (Yoast SEO v24.3) - https:\/\/yoast.com\/wordpress\/plugins\/seo\/ -->\n<title>Ici Trimble XR10 Hololens 2 achatensep ALEGER \u22c6 Augmented Reality<\/title>\n<meta name=\"description\" content=\"Le Trimble XR10 avec le Hololens 2 de Microsoft combine des lunettes intelligentes de haute qualit\u00e9 avec un casque de protection confortable. D\u00e9couvrir le produit ici.\" \/>\n<meta name=\"robots\" content=\"index, follow, max-snippet:-1, max-image-preview:large, max-video-preview:-1\" \/>\n<meta property=\"og:locale\" content=\"fr_FR\" \/>\n<meta property=\"og:type\" content=\"article\" \/>\n<meta property=\"og:title\" content=\"Trimble XR10 Hololens 2, Snapdragon 850, 4 Go de RAM, contr\u00f4le mains libres, champ de vision de 43 degr\u00e9s\" \/>\n<meta property=\"og:description\" content=\"Le Trimble XR10 avec le Hololens 2 de Microsoft combine des lunettes intelligentes de haute qualit\u00e9 avec un casque de protection confortable. D\u00e9couvrir le produit ici.\" \/>\n<meta property=\"og:url\" content=\"https:\/\/alegerglobal.com\/fr\/shop-fr\/lunettes-intelligentes\/trimble-xr10-2\/\" \/>\n<meta property=\"og:site_name\" content=\"ALEGER \u22c6 Augmented Reality\" \/>\n<meta property=\"og:image\" content=\"https:\/\/alegerglobal.com\/wp-content\/uploads\/2021\/11\/BuildingPoint-NOW-Trimble-XR-10.png\" \/>\n\t<meta property=\"og:image:width\" content=\"800\" \/>\n\t<meta property=\"og:image:height\" content=\"800\" \/>\n\t<meta property=\"og:image:type\" content=\"image\/png\" \/>\n<meta name=\"twitter:card\" content=\"summary_large_image\" \/>\n<meta name=\"twitter:label1\" content=\"Prix\" \/>\n\t<meta name=\"twitter:data1\" content=\"\" \/>\n\t<meta name=\"twitter:label2\" content=\"Disponibilit\u00e9\" \/>\n\t<meta name=\"twitter:data2\" content=\"En stock\" \/>\n<script type=\"application\/ld+json\" class=\"yoast-schema-graph\">{\"@context\":\"https:\/\/schema.org\",\"@graph\":[{\"@type\":\"WebPage\",\"@id\":\"https:\/\/alegerglobal.com\/fr\/shop-fr\/lunettes-intelligentes\/trimble-xr10-2\/\",\"url\":\"https:\/\/alegerglobal.com\/fr\/shop-fr\/lunettes-intelligentes\/trimble-xr10-2\/\",\"name\":\"Ici Trimble XR10 Hololens 2 achatensep ALEGER \u22c6 Augmented Reality\",\"isPartOf\":{\"@id\":\"https:\/\/alegerglobal.com\/fr\/#website\"},\"primaryImageOfPage\":{\"@id\":\"https:\/\/alegerglobal.com\/fr\/shop-fr\/lunettes-intelligentes\/trimble-xr10-2\/#primaryimage\"},\"image\":{\"@id\":\"https:\/\/alegerglobal.com\/fr\/shop-fr\/lunettes-intelligentes\/trimble-xr10-2\/#primaryimage\"},\"thumbnailUrl\":\"https:\/\/alegerglobal.com\/wp-content\/uploads\/2021\/11\/BuildingPoint-NOW-Trimble-XR-10.png\",\"datePublished\":\"2022-05-12T17:51:22+00:00\",\"dateModified\":\"2022-05-12T17:51:22+00:00\",\"description\":\"Le Trimble XR10 avec le Hololens 2 de Microsoft combine des lunettes intelligentes de haute qualit\u00e9 avec un casque de protection confortable. D\u00e9couvrir le produit ici.\",\"breadcrumb\":{\"@id\":\"https:\/\/alegerglobal.com\/fr\/shop-fr\/lunettes-intelligentes\/trimble-xr10-2\/#breadcrumb\"},\"inLanguage\":\"fr-FR\",\"potentialAction\":[{\"@type\":\"ReadAction\",\"target\":[\"https:\/\/alegerglobal.com\/fr\/shop-fr\/lunettes-intelligentes\/trimble-xr10-2\/\"]}]},{\"@type\":\"ImageObject\",\"inLanguage\":\"fr-FR\",\"@id\":\"https:\/\/alegerglobal.com\/fr\/shop-fr\/lunettes-intelligentes\/trimble-xr10-2\/#primaryimage\",\"url\":\"https:\/\/alegerglobal.com\/wp-content\/uploads\/2021\/11\/BuildingPoint-NOW-Trimble-XR-10.png\",\"contentUrl\":\"https:\/\/alegerglobal.com\/wp-content\/uploads\/2021\/11\/BuildingPoint-NOW-Trimble-XR-10.png\",\"width\":800,\"height\":800},{\"@type\":\"BreadcrumbList\",\"@id\":\"https:\/\/alegerglobal.com\/fr\/shop-fr\/lunettes-intelligentes\/trimble-xr10-2\/#breadcrumb\",\"itemListElement\":[{\"@type\":\"ListItem\",\"position\":1,\"name\":\"Home\",\"item\":\"https:\/\/alegerglobal.com\/fr\/new-page-daccueil\/\"},{\"@type\":\"ListItem\",\"position\":2,\"name\":\"Produits\",\"item\":\"https:\/\/alegerglobal.com\/fr\/produits\/\"},{\"@type\":\"ListItem\",\"position\":3,\"name\":\"Trimble XR10 Hololens 2, Snapdragon 850, 4 Go de RAM, contr\u00f4le mains libres, champ de vision de 43 degr\u00e9s\"}]},{\"@type\":\"WebSite\",\"@id\":\"https:\/\/alegerglobal.com\/fr\/#website\",\"url\":\"https:\/\/alegerglobal.com\/fr\/\",\"name\":\"ALEGER \u22c6 Augmented Reality\",\"description\":\"Die besten Augmented Reality (AR) L\u00f6sungen der Welt.\",\"publisher\":{\"@id\":\"https:\/\/alegerglobal.com\/fr\/#organization\"},\"potentialAction\":[{\"@type\":\"SearchAction\",\"target\":{\"@type\":\"EntryPoint\",\"urlTemplate\":\"https:\/\/alegerglobal.com\/fr\/?s={search_term_string}\"},\"query-input\":{\"@type\":\"PropertyValueSpecification\",\"valueRequired\":true,\"valueName\":\"search_term_string\"}}],\"inLanguage\":\"fr-FR\"},{\"@type\":\"Organization\",\"@id\":\"https:\/\/alegerglobal.com\/fr\/#organization\",\"name\":\"ALEGER \u22c6 Augmented Reality\",\"url\":\"https:\/\/alegerglobal.com\/fr\/\",\"logo\":{\"@type\":\"ImageObject\",\"inLanguage\":\"fr-FR\",\"@id\":\"https:\/\/alegerglobal.com\/fr\/#\/schema\/logo\/image\/\",\"url\":\"https:\/\/alegerglobal.com\/wp-content\/uploads\/2020\/12\/aleger-logo-quadrat.jpg\",\"contentUrl\":\"https:\/\/alegerglobal.com\/wp-content\/uploads\/2020\/12\/aleger-logo-quadrat.jpg\",\"width\":200,\"height\":176,\"caption\":\"ALEGER \u22c6 Augmented Reality\"},\"image\":{\"@id\":\"https:\/\/alegerglobal.com\/fr\/#\/schema\/logo\/image\/\"}}]}<\/script>\n<meta property=\"product:brand\" content=\"Microsoft\" \/>\n<meta property=\"product:price:amount\" content=\"0.00\" \/>\n<meta property=\"product:price:currency\" content=\"EUR\" \/>\n<meta property=\"og:availability\" content=\"instock\" \/>\n<meta property=\"product:availability\" content=\"instock\" \/>\n<meta property=\"product:condition\" content=\"new\" \/>\n<!-- \/ Yoast SEO Premium plugin. -->","yoast_head_json":{"title":"Ici Trimble XR10 Hololens 2 achatensep ALEGER \u22c6 Augmented Reality","description":"Le Trimble XR10 avec le Hololens 2 de Microsoft combine des lunettes intelligentes de haute qualit\u00e9 avec un casque de protection confortable. D\u00e9couvrir le produit ici.","robots":{"index":"index","follow":"follow","max-snippet":"max-snippet:-1","max-image-preview":"max-image-preview:large","max-video-preview":"max-video-preview:-1"},"og_locale":"fr_FR","og_type":"article","og_title":"Trimble XR10 Hololens 2, Snapdragon 850, 4 Go de RAM, contr\u00f4le mains libres, champ de vision de 43 degr\u00e9s","og_description":"Le Trimble XR10 avec le Hololens 2 de Microsoft combine des lunettes intelligentes de haute qualit\u00e9 avec un casque de protection confortable. D\u00e9couvrir le produit ici.","og_url":"https:\/\/alegerglobal.com\/fr\/shop-fr\/lunettes-intelligentes\/trimble-xr10-2\/","og_site_name":"ALEGER \u22c6 Augmented Reality","og_image":[{"width":800,"height":800,"url":"https:\/\/alegerglobal.com\/wp-content\/uploads\/2021\/11\/BuildingPoint-NOW-Trimble-XR-10.png","type":"image\/png"}],"twitter_card":"summary_large_image","twitter_misc":{"Prix":"","Disponibilit\u00e9":"En stock"},"schema":{"@context":"https:\/\/schema.org","@graph":[{"@type":"WebPage","@id":"https:\/\/alegerglobal.com\/fr\/shop-fr\/lunettes-intelligentes\/trimble-xr10-2\/","url":"https:\/\/alegerglobal.com\/fr\/shop-fr\/lunettes-intelligentes\/trimble-xr10-2\/","name":"Ici Trimble XR10 Hololens 2 achatensep ALEGER \u22c6 Augmented Reality","isPartOf":{"@id":"https:\/\/alegerglobal.com\/fr\/#website"},"primaryImageOfPage":{"@id":"https:\/\/alegerglobal.com\/fr\/shop-fr\/lunettes-intelligentes\/trimble-xr10-2\/#primaryimage"},"image":{"@id":"https:\/\/alegerglobal.com\/fr\/shop-fr\/lunettes-intelligentes\/trimble-xr10-2\/#primaryimage"},"thumbnailUrl":"https:\/\/alegerglobal.com\/wp-content\/uploads\/2021\/11\/BuildingPoint-NOW-Trimble-XR-10.png","datePublished":"2022-05-12T17:51:22+00:00","dateModified":"2022-05-12T17:51:22+00:00","description":"Le Trimble XR10 avec le Hololens 2 de Microsoft combine des lunettes intelligentes de haute qualit\u00e9 avec un casque de protection confortable. D\u00e9couvrir le produit ici.","breadcrumb":{"@id":"https:\/\/alegerglobal.com\/fr\/shop-fr\/lunettes-intelligentes\/trimble-xr10-2\/#breadcrumb"},"inLanguage":"fr-FR","potentialAction":[{"@type":"ReadAction","target":["https:\/\/alegerglobal.com\/fr\/shop-fr\/lunettes-intelligentes\/trimble-xr10-2\/"]}]},{"@type":"ImageObject","inLanguage":"fr-FR","@id":"https:\/\/alegerglobal.com\/fr\/shop-fr\/lunettes-intelligentes\/trimble-xr10-2\/#primaryimage","url":"https:\/\/alegerglobal.com\/wp-content\/uploads\/2021\/11\/BuildingPoint-NOW-Trimble-XR-10.png","contentUrl":"https:\/\/alegerglobal.com\/wp-content\/uploads\/2021\/11\/BuildingPoint-NOW-Trimble-XR-10.png","width":800,"height":800},{"@type":"BreadcrumbList","@id":"https:\/\/alegerglobal.com\/fr\/shop-fr\/lunettes-intelligentes\/trimble-xr10-2\/#breadcrumb","itemListElement":[{"@type":"ListItem","position":1,"name":"Home","item":"https:\/\/alegerglobal.com\/fr\/new-page-daccueil\/"},{"@type":"ListItem","position":2,"name":"Produits","item":"https:\/\/alegerglobal.com\/fr\/produits\/"},{"@type":"ListItem","position":3,"name":"Trimble XR10 Hololens 2, Snapdragon 850, 4 Go de RAM, contr\u00f4le mains libres, champ de vision de 43 degr\u00e9s"}]},{"@type":"WebSite","@id":"https:\/\/alegerglobal.com\/fr\/#website","url":"https:\/\/alegerglobal.com\/fr\/","name":"ALEGER \u22c6 Augmented Reality","description":"Die besten Augmented Reality (AR) L\u00f6sungen der Welt.","publisher":{"@id":"https:\/\/alegerglobal.com\/fr\/#organization"},"potentialAction":[{"@type":"SearchAction","target":{"@type":"EntryPoint","urlTemplate":"https:\/\/alegerglobal.com\/fr\/?s={search_term_string}"},"query-input":{"@type":"PropertyValueSpecification","valueRequired":true,"valueName":"search_term_string"}}],"inLanguage":"fr-FR"},{"@type":"Organization","@id":"https:\/\/alegerglobal.com\/fr\/#organization","name":"ALEGER \u22c6 Augmented Reality","url":"https:\/\/alegerglobal.com\/fr\/","logo":{"@type":"ImageObject","inLanguage":"fr-FR","@id":"https:\/\/alegerglobal.com\/fr\/#\/schema\/logo\/image\/","url":"https:\/\/alegerglobal.com\/wp-content\/uploads\/2020\/12\/aleger-logo-quadrat.jpg","contentUrl":"https:\/\/alegerglobal.com\/wp-content\/uploads\/2020\/12\/aleger-logo-quadrat.jpg","width":200,"height":176,"caption":"ALEGER \u22c6 Augmented Reality"},"image":{"@id":"https:\/\/alegerglobal.com\/fr\/#\/schema\/logo\/image\/"}}]},"product_brand":"Microsoft","product_price_amount":"0.00","product_price_currency":"EUR","og_availability":"instock","product_availability":"instock","product_condition":"new"},"_links":{"self":[{"href":"https:\/\/alegerglobal.com\/fr\/wp-json\/wp\/v2\/product\/30280","targetHints":{"allow":["GET"]}}],"collection":[{"href":"https:\/\/alegerglobal.com\/fr\/wp-json\/wp\/v2\/product"}],"about":[{"href":"https:\/\/alegerglobal.com\/fr\/wp-json\/wp\/v2\/types\/product"}],"replies":[{"embeddable":true,"href":"https:\/\/alegerglobal.com\/fr\/wp-json\/wp\/v2\/comments?post=30280"}],"version-history":[{"count":0,"href":"https:\/\/alegerglobal.com\/fr\/wp-json\/wp\/v2\/product\/30280\/revisions"}],"wp:featuredmedia":[{"embeddable":true,"href":"https:\/\/alegerglobal.com\/fr\/wp-json\/wp\/v2\/media\/14717"}],"wp:attachment":[{"href":"https:\/\/alegerglobal.com\/fr\/wp-json\/wp\/v2\/media?parent=30280"}],"wp:term":[{"taxonomy":"product_brand","embeddable":true,"href":"https:\/\/alegerglobal.com\/fr\/wp-json\/wp\/v2\/product_brand?post=30280"},{"taxonomy":"product_cat","embeddable":true,"href":"https:\/\/alegerglobal.com\/fr\/wp-json\/wp\/v2\/product_cat?post=30280"},{"taxonomy":"product_tag","embeddable":true,"href":"https:\/\/alegerglobal.com\/fr\/wp-json\/wp\/v2\/product_tag?post=30280"}],"curies":[{"name":"wp","href":"https:\/\/api.w.org\/{rel}","templated":true}]}}