{"id":30268,"date":"2022-05-10T13:15:22","date_gmt":"2022-05-12T17:49:13","guid":{"rendered":"https:\/\/alegerglobal.com\/non%20class\u00e9\/realwear-hmt-1-lunettes-intelligentes-industrielles-ecran-20-degres-ip66-mil-std-810g\/"},"modified":"2022-05-20T07:35:16","modified_gmt":"2022-05-20T06:35:16","slug":"realwear-hmt-1","status":"publish","type":"product","link":"https:\/\/alegerglobal.com\/fr\/shop-fr\/lunettes-intelligentes\/realwear-hmt-1\/","title":{"rendered":"RealWear HMT-1, lunettes intelligentes industrielles, \u00e9cran 20 degr\u00e9s, IP66 MIL-STD-810G"},"content":{"rendered":"\t\t<div data-elementor-type=\"product-post\" data-elementor-id=\"30268\" class=\"elementor elementor-30268\" data-elementor-settings=\"{&quot;ha_cmc_init_switcher&quot;:&quot;no&quot;}\" data-elementor-post-type=\"product\">\n\t\t\t\t\t\t<section class=\"elementor-section elementor-top-section elementor-element elementor-element-1f96e96e elementor-section-boxed elementor-section-height-default elementor-section-height-default\" data-id=\"1f96e96e\" data-element_type=\"section\" data-settings=\"{&quot;jet_parallax_layout_list&quot;:[],&quot;_ha_eqh_enable&quot;:false}\">\n\t\t\t\t\t\t<div class=\"elementor-container elementor-column-gap-default\">\n\t\t\t\t\t<div class=\"elementor-column elementor-col-100 elementor-top-column elementor-element elementor-element-6a7946db\" data-id=\"6a7946db\" data-element_type=\"column\">\n\t\t\t<div class=\"elementor-widget-wrap elementor-element-populated\">\n\t\t\t\t\t\t<div class=\"elementor-element elementor-element-1b2cda19 elementor-tabs-view-horizontal elementor-widget elementor-widget-tabs\" data-id=\"1b2cda19\" data-element_type=\"widget\" data-widget_type=\"tabs.default\">\n\t\t\t\t<div class=\"elementor-widget-container\">\n\t\t\t\t\t\t\t<div class=\"elementor-tabs\">\n\t\t\t<div class=\"elementor-tabs-wrapper\" role=\"tablist\" >\n\t\t\t\t\t\t\t\t\t<div id=\"elementor-tab-title-4551\" class=\"elementor-tab-title elementor-tab-desktop-title\" aria-selected=\"true\" data-tab=\"1\" role=\"tab\" tabindex=\"0\" aria-controls=\"elementor-tab-content-4551\" aria-expanded=\"false\">Aper\u00e7u<\/div>\n\t\t\t\t\t\t\t\t\t<div id=\"elementor-tab-title-4552\" class=\"elementor-tab-title elementor-tab-desktop-title\" aria-selected=\"false\" data-tab=\"2\" role=\"tab\" tabindex=\"-1\" aria-controls=\"elementor-tab-content-4552\" aria-expanded=\"false\">D\u00e9tails techniques<\/div>\n\t\t\t\t\t\t\t<\/div>\n\t\t\t<div class=\"elementor-tabs-content-wrapper\" role=\"tablist\" aria-orientation=\"vertical\">\n\t\t\t\t\t\t\t\t\t<div class=\"elementor-tab-title elementor-tab-mobile-title\" aria-selected=\"true\" data-tab=\"1\" role=\"tab\" tabindex=\"0\" aria-controls=\"elementor-tab-content-4551\" aria-expanded=\"false\">Aper\u00e7u<\/div>\n\t\t\t\t\t<div id=\"elementor-tab-content-4551\" class=\"elementor-tab-content elementor-clearfix\" data-tab=\"1\" role=\"tabpanel\" aria-labelledby=\"elementor-tab-title-4551\" tabindex=\"0\" hidden=\"false\"><h2><b>Lunettes intelligentes pour l&rsquo;industrie : robustes, r\u00e9sistantes, professionnelles<\/b><\/h2><p><span style=\"font-weight: 400;\">Les Realwear HMT-1 sont des lunettes de donn\u00e9es robustes destin\u00e9es \u00e0 une utilisation dans l&rsquo;industrie. Elle offre une commande vocale. Quatre microphones et une technologie AI moderne garantissent que cela fonctionne \u00e9galement dans les zones bruyantes. Les lunettes AR peuvent \u00eatre facilement mont\u00e9es sur des casques de s\u00e9curit\u00e9 et des lunettes de protection. L&rsquo;appareil dispose d&rsquo;une certification IP66 et d&rsquo;un contr\u00f4le selon la norme MIL-STD-810G. Ainsi, les lunettes de donn\u00e9es restent utilisables m\u00eame \u00e0 des temp\u00e9ratures extr\u00eames comprises entre -20\u00b0 C et +50\u00b0 C et r\u00e9sistent aux chutes jusqu&rsquo;\u00e0 une hauteur de 2 m\u00e8tres. En outre, il existe une autre paire de lunettes de donn\u00e9es, la HMT-1-Z1, qui est autoris\u00e9e pour une utilisation dans les zones \u00e0 risque d&rsquo;explosion de la zone 1 ATEX.  <\/span><\/p><h2> <\/h2><h2><b>Realweare Smart Glasses avec 8 heures d&rsquo;autonomie et trois ans de garantie<\/b><\/h2><p><span style=\"font-weight: 400;\">Les lunettes de donn\u00e9es de Realweare vous offrent les m\u00eames fonctionnalit\u00e9s qu&rsquo;une tablette que vous pouvez utiliser les mains libres. L&rsquo;\u00e9cran monoculaire, qui est plac\u00e9 directement devant l&rsquo;\u0153il, appara\u00eet comme 7 pouces. Ainsi, vous gardez toujours une vue d&rsquo;ensemble de ce qui se passe. Vous pouvez d\u00e9sormais passer des appels vid\u00e9o, g\u00e9rer des documents ou documenter des faits par la voix. La visualisation des donn\u00e9es IoT est \u00e9galement possible de mani\u00e8re confortable avec le Realweare HMT-1.  <\/span><\/p><h2> <\/h2><p><span style=\"font-weight: 400;\">Une batterie de 3250 mAh vous offre une grande autonomie, jusqu&rsquo;\u00e0 8 heures, ce qui vous permet d&rsquo;utiliser le HMT-1 pendant toute une \u00e9quipe sans interruption. La HMT-1 est accompagn\u00e9e d&rsquo;une garantie de trois ans qui couvre l&rsquo;appareil en cas d&rsquo;endommagement et vous donne acc\u00e8s \u00e0 une vaste base de connaissances qui vous permettra de tirer le meilleur parti de vos lunettes de donn\u00e9es.  <\/span><\/p><\/div>\n\t\t\t\t\t\t\t\t\t<div class=\"elementor-tab-title elementor-tab-mobile-title\" aria-selected=\"false\" data-tab=\"2\" role=\"tab\" tabindex=\"-1\" aria-controls=\"elementor-tab-content-4552\" aria-expanded=\"false\">D\u00e9tails techniques<\/div>\n\t\t\t\t\t<div id=\"elementor-tab-content-4552\" class=\"elementor-tab-content elementor-clearfix\" data-tab=\"2\" role=\"tabpanel\" aria-labelledby=\"elementor-tab-title-4552\" tabindex=\"0\" hidden=\"hidden\"><ul><li style=\"font-weight: 400;\"><span style=\"font-weight: 400;\">Android 8.1.0 (AOSP) + kit mains libres WearHF\u2122<\/span><\/li><li style=\"font-weight: 400;\"><span style=\"font-weight: 400;\">2,0 GHz 8 c\u0153urs Qualcomm\u00ae Snapdragon\u2122 625 avec GPU Adreno 506 &#8211; OpenGL ES 3.1 &amp; OpenCL 2.0<\/span><\/li><li style=\"font-weight: 400;\"><span style=\"font-weight: 400;\">16 Go de m\u00e9moire interne \/ 2 Go de RAM \/ Emplacement MicroSD (carte max. prise en charge 256 Go)<\/span><\/li><li style=\"font-weight: 400;\"><span style=\"font-weight: 400;\">Applications incluses : Navigateur de documents, appareil photo avec lecteur de codes-barres, enregistreur vid\u00e9o, lecteur multim\u00e9dia<\/span><\/li><li style=\"font-weight: 400;\"><span style=\"font-weight: 400;\">Bluetooth<\/span><\/li><li style=\"font-weight: 400;\"><span style=\"font-weight: 400;\">Wi-Fi 802.11 a\/b\/g\/n\/ac &#8211; 2,4GHz et 5GHz<\/span><\/li><li style=\"font-weight: 400;\"><span style=\"font-weight: 400;\">GPS, GLONASS, A-GPS<\/span><\/li><li style=\"font-weight: 400;\"><span style=\"font-weight: 400;\">9-DOF (acc\u00e9l\u00e9rom\u00e8tre 3 axes, magn\u00e9tom\u00e8tre et gyroscope), stabilisation assist\u00e9e par logiciel<\/span><\/li><li style=\"font-weight: 400;\"><span style=\"font-weight: 400;\">Batterie Li-Ion de 3250 mAh, rechargeable et rempla\u00e7able au \ufb01l du temps<\/span><\/li><li style=\"font-weight: 400;\"><span style=\"font-weight: 400;\">380g Poids<\/span><\/li><li style=\"font-weight: 400;\"><span style=\"font-weight: 400;\">Certifi\u00e9 IP66 et MIL-STD-810G<\/span><\/li><li style=\"font-weight: 400;\"><span style=\"font-weight: 400;\">Test de chute de 2 m\u00e8tres<\/span><\/li><li style=\"font-weight: 400;\"><span style=\"font-weight: 400;\">3,5 mm audio<\/span><\/li><li style=\"font-weight: 400;\"><span style=\"font-weight: 400;\">1 micro-USB<\/span><\/li><li style=\"font-weight: 400;\"><span style=\"font-weight: 400;\">1 USB de type C<\/span><\/li><li style=\"font-weight: 400;\"><span style=\"font-weight: 400;\">\u00c9cran avec \ufb01lm de 20\u00b0, 24 couleurs et r\u00e9solution WVGA (854\u00d7480)<\/span><\/li><li style=\"font-weight: 400;\"><span style=\"font-weight: 400;\">Micro<\/span><\/li><li style=\"font-weight: 400;\"><span style=\"font-weight: 400;\">4 microphones num\u00e9riques avec r\u00e9duction active du bruit<\/span><\/li><li style=\"font-weight: 400;\"><span style=\"font-weight: 400;\">Reconnaissance vocale pr\u00e9cise m\u00eame en cas de bruit industriel typique de 95 dBA<\/span><\/li><li style=\"font-weight: 400;\"><span style=\"font-weight: 400;\">Haut-parleur interne de 91 dBA<\/span><\/li><li style=\"font-weight: 400;\"><span style=\"font-weight: 400;\">Appareil photo : 16 MP, stabilisation d&rsquo;image optique 4 axes, PDAF avec flash LED<\/span><\/li><li style=\"font-weight: 400;\"><span style=\"font-weight: 400;\">Vid\u00e9o de qualit\u00e9 : Jusqu&rsquo;\u00e0 1080p @30fps. Codecs : VP8, VP9 et prise en charge de l&rsquo;encodage mat\u00e9riel pour H.264, H.265 HEVC<\/span><\/li><li style=\"font-weight: 400;\"><span style=\"font-weight: 400;\">Accessoires : chargeur mural de batterie, c\u00e2ble de charge USB de type C, adaptateur USB de type C vers USB micro, harnais, coussinet arri\u00e8re, batterie amovible<\/span><\/li><\/ul><p> <\/p><\/div>\n\t\t\t\t\t\t\t<\/div>\n\t\t<\/div>\n\t\t\t\t\t\t<\/div>\n\t\t\t\t<\/div>\n\t\t\t\t\t<\/div>\n\t\t<\/div>\n\t\t\t\t\t<\/div>\n\t\t<\/section>\n\t\t\t\t<\/div>\n\t\t","protected":false},"excerpt":{"rendered":"<ul>\n<li><b>Lunettes de donn\u00e9es robustes pour l&rsquo;industrie avec certification IP66 et MIL-STD-810<\/b><\/li>\n<li><b>Commande mains libres :<\/b><span style=\"font-weight: 400;\"> Syst\u00e8me de commande vocale, reconnaissance vocale locale dans les zones bruyantes<\/span><\/li>\n<li><b>Utilisation avec un \u00e9quipement de s\u00e9curit\u00e9 :<\/b><span style=\"font-weight: 400;\"> Pour une utilisation avec des casques rigides standard, des coquilles antichocs et des lunettes de protection<\/span><\/li>\n<li><b>Avoir une vue d&rsquo;ensemble \u00e0 tout moment :<\/b> grand \u00e9cran avec un champ de vision de 20 degr\u00e9s en diagonale<\/li>\n<\/ul>\n","protected":false},"featured_media":14406,"comment_status":"open","ping_status":"closed","template":"","meta":{"_acf_changed":false},"product_brand":[],"product_cat":[661,601],"product_tag":[],"class_list":{"0":"post-30268","1":"product","2":"type-product","3":"status-publish","4":"has-post-thumbnail","6":"product_cat-lunettes-intelligentes","7":"product_cat-shop-fr","8":"pa_hersteller-realwear-fr","10":"first","11":"instock","12":"taxable","13":"shipping-taxable","14":"purchasable","15":"product-type-simple"},"acf":[],"yoast_head":"<!-- This site is optimized with the Yoast SEO Premium plugin v20.10 (Yoast SEO v24.3) - https:\/\/yoast.com\/wordpress\/plugins\/seo\/ -->\n<title>Acheter Realwear HMT-1 (2022) - ALEGER \u22c6 Augmented Reality<\/title>\n<meta name=\"description\" content=\"Ici, chez Aleger, vous recevez le HMT-1 de Realwear. Nous nous ferons un plaisir de vous conseiller sur l&#039;utilisation efficace, l&#039;installation d&#039;applications et bien plus encore.\" \/>\n<meta name=\"robots\" content=\"index, follow, max-snippet:-1, max-image-preview:large, max-video-preview:-1\" \/>\n<meta property=\"og:locale\" content=\"fr_FR\" \/>\n<meta property=\"og:type\" content=\"article\" \/>\n<meta property=\"og:title\" content=\"RealWear HMT-1, lunettes intelligentes industrielles, \u00e9cran 20 degr\u00e9s, IP66 MIL-STD-810G\" \/>\n<meta property=\"og:description\" content=\"Ici, chez Aleger, vous recevez le HMT-1 de Realwear. Nous nous ferons un plaisir de vous conseiller sur l&#039;utilisation efficace, l&#039;installation d&#039;applications et bien plus encore.\" \/>\n<meta property=\"og:url\" content=\"https:\/\/alegerglobal.com\/fr\/shop-fr\/lunettes-intelligentes\/realwear-hmt-1\/\" \/>\n<meta property=\"og:site_name\" content=\"ALEGER \u22c6 Augmented Reality\" \/>\n<meta property=\"article:modified_time\" content=\"2022-05-20T06:35:16+00:00\" \/>\n<meta property=\"og:image\" content=\"https:\/\/alegerglobal.com\/wp-content\/uploads\/2021\/01\/Unbenannt-29.jpg\" \/>\n\t<meta property=\"og:image:width\" content=\"800\" \/>\n\t<meta property=\"og:image:height\" content=\"800\" \/>\n\t<meta property=\"og:image:type\" content=\"image\/jpeg\" \/>\n<meta name=\"twitter:card\" content=\"summary_large_image\" \/>\n<meta name=\"twitter:label1\" content=\"Prix\" \/>\n\t<meta name=\"twitter:data1\" content=\"&euro;1.795,50\" \/>\n\t<meta name=\"twitter:label2\" content=\"Disponibilit\u00e9\" \/>\n\t<meta name=\"twitter:data2\" content=\"En stock\" \/>\n<script type=\"application\/ld+json\" class=\"yoast-schema-graph\">{\"@context\":\"https:\/\/schema.org\",\"@graph\":[{\"@type\":\"WebPage\",\"@id\":\"https:\/\/alegerglobal.com\/fr\/shop-fr\/lunettes-intelligentes\/realwear-hmt-1\/\",\"url\":\"https:\/\/alegerglobal.com\/fr\/shop-fr\/lunettes-intelligentes\/realwear-hmt-1\/\",\"name\":\"Acheter Realwear HMT-1 (2022) - ALEGER \u22c6 Augmented Reality\",\"isPartOf\":{\"@id\":\"https:\/\/alegerglobal.com\/fr\/#website\"},\"primaryImageOfPage\":{\"@id\":\"https:\/\/alegerglobal.com\/fr\/shop-fr\/lunettes-intelligentes\/realwear-hmt-1\/#primaryimage\"},\"image\":{\"@id\":\"https:\/\/alegerglobal.com\/fr\/shop-fr\/lunettes-intelligentes\/realwear-hmt-1\/#primaryimage\"},\"thumbnailUrl\":\"https:\/\/alegerglobal.com\/wp-content\/uploads\/2021\/01\/Unbenannt-29.jpg\",\"datePublished\":\"2022-05-12T17:49:13+00:00\",\"dateModified\":\"2022-05-20T06:35:16+00:00\",\"description\":\"Ici, chez Aleger, vous recevez le HMT-1 de Realwear. Nous nous ferons un plaisir de vous conseiller sur l'utilisation efficace, l'installation d'applications et bien plus encore.\",\"breadcrumb\":{\"@id\":\"https:\/\/alegerglobal.com\/fr\/shop-fr\/lunettes-intelligentes\/realwear-hmt-1\/#breadcrumb\"},\"inLanguage\":\"fr-FR\",\"potentialAction\":[{\"@type\":\"ReadAction\",\"target\":[\"https:\/\/alegerglobal.com\/fr\/shop-fr\/lunettes-intelligentes\/realwear-hmt-1\/\"]}]},{\"@type\":\"ImageObject\",\"inLanguage\":\"fr-FR\",\"@id\":\"https:\/\/alegerglobal.com\/fr\/shop-fr\/lunettes-intelligentes\/realwear-hmt-1\/#primaryimage\",\"url\":\"https:\/\/alegerglobal.com\/wp-content\/uploads\/2021\/01\/Unbenannt-29.jpg\",\"contentUrl\":\"https:\/\/alegerglobal.com\/wp-content\/uploads\/2021\/01\/Unbenannt-29.jpg\",\"width\":800,\"height\":800,\"caption\":\"Acheter RealWear HMT-1 chez ALEGER\"},{\"@type\":\"BreadcrumbList\",\"@id\":\"https:\/\/alegerglobal.com\/fr\/shop-fr\/lunettes-intelligentes\/realwear-hmt-1\/#breadcrumb\",\"itemListElement\":[{\"@type\":\"ListItem\",\"position\":1,\"name\":\"Home\",\"item\":\"https:\/\/alegerglobal.com\/fr\/new-page-daccueil\/\"},{\"@type\":\"ListItem\",\"position\":2,\"name\":\"Produits\",\"item\":\"https:\/\/alegerglobal.com\/fr\/produits\/\"},{\"@type\":\"ListItem\",\"position\":3,\"name\":\"RealWear HMT-1, lunettes intelligentes industrielles, \u00e9cran 20 degr\u00e9s, IP66 MIL-STD-810G\"}]},{\"@type\":\"WebSite\",\"@id\":\"https:\/\/alegerglobal.com\/fr\/#website\",\"url\":\"https:\/\/alegerglobal.com\/fr\/\",\"name\":\"ALEGER \u22c6 Augmented Reality\",\"description\":\"Die besten Augmented Reality (AR) L\u00f6sungen der Welt.\",\"publisher\":{\"@id\":\"https:\/\/alegerglobal.com\/fr\/#organization\"},\"potentialAction\":[{\"@type\":\"SearchAction\",\"target\":{\"@type\":\"EntryPoint\",\"urlTemplate\":\"https:\/\/alegerglobal.com\/fr\/?s={search_term_string}\"},\"query-input\":{\"@type\":\"PropertyValueSpecification\",\"valueRequired\":true,\"valueName\":\"search_term_string\"}}],\"inLanguage\":\"fr-FR\"},{\"@type\":\"Organization\",\"@id\":\"https:\/\/alegerglobal.com\/fr\/#organization\",\"name\":\"ALEGER \u22c6 Augmented Reality\",\"url\":\"https:\/\/alegerglobal.com\/fr\/\",\"logo\":{\"@type\":\"ImageObject\",\"inLanguage\":\"fr-FR\",\"@id\":\"https:\/\/alegerglobal.com\/fr\/#\/schema\/logo\/image\/\",\"url\":\"https:\/\/alegerglobal.com\/wp-content\/uploads\/2020\/12\/aleger-logo-quadrat.jpg\",\"contentUrl\":\"https:\/\/alegerglobal.com\/wp-content\/uploads\/2020\/12\/aleger-logo-quadrat.jpg\",\"width\":200,\"height\":176,\"caption\":\"ALEGER \u22c6 Augmented Reality\"},\"image\":{\"@id\":\"https:\/\/alegerglobal.com\/fr\/#\/schema\/logo\/image\/\"}}]}<\/script>\n<meta property=\"product:brand\" content=\"RealWear\" \/>\n<meta property=\"product:price:amount\" content=\"1795.50\" \/>\n<meta property=\"product:price:currency\" content=\"EUR\" \/>\n<meta property=\"og:availability\" content=\"instock\" \/>\n<meta property=\"product:availability\" content=\"instock\" \/>\n<meta property=\"product:condition\" content=\"new\" \/>\n<!-- \/ Yoast SEO Premium plugin. -->","yoast_head_json":{"title":"Acheter Realwear HMT-1 (2022) - ALEGER \u22c6 Augmented Reality","description":"Ici, chez Aleger, vous recevez le HMT-1 de Realwear. Nous nous ferons un plaisir de vous conseiller sur l'utilisation efficace, l'installation d'applications et bien plus encore.","robots":{"index":"index","follow":"follow","max-snippet":"max-snippet:-1","max-image-preview":"max-image-preview:large","max-video-preview":"max-video-preview:-1"},"og_locale":"fr_FR","og_type":"article","og_title":"RealWear HMT-1, lunettes intelligentes industrielles, \u00e9cran 20 degr\u00e9s, IP66 MIL-STD-810G","og_description":"Ici, chez Aleger, vous recevez le HMT-1 de Realwear. Nous nous ferons un plaisir de vous conseiller sur l'utilisation efficace, l'installation d'applications et bien plus encore.","og_url":"https:\/\/alegerglobal.com\/fr\/shop-fr\/lunettes-intelligentes\/realwear-hmt-1\/","og_site_name":"ALEGER \u22c6 Augmented Reality","article_modified_time":"2022-05-20T06:35:16+00:00","og_image":[{"width":800,"height":800,"url":"https:\/\/alegerglobal.com\/wp-content\/uploads\/2021\/01\/Unbenannt-29.jpg","type":"image\/jpeg"}],"twitter_card":"summary_large_image","twitter_misc":{"Prix":"&euro;1.795,50","Disponibilit\u00e9":"En stock"},"schema":{"@context":"https:\/\/schema.org","@graph":[{"@type":"WebPage","@id":"https:\/\/alegerglobal.com\/fr\/shop-fr\/lunettes-intelligentes\/realwear-hmt-1\/","url":"https:\/\/alegerglobal.com\/fr\/shop-fr\/lunettes-intelligentes\/realwear-hmt-1\/","name":"Acheter Realwear HMT-1 (2022) - ALEGER \u22c6 Augmented Reality","isPartOf":{"@id":"https:\/\/alegerglobal.com\/fr\/#website"},"primaryImageOfPage":{"@id":"https:\/\/alegerglobal.com\/fr\/shop-fr\/lunettes-intelligentes\/realwear-hmt-1\/#primaryimage"},"image":{"@id":"https:\/\/alegerglobal.com\/fr\/shop-fr\/lunettes-intelligentes\/realwear-hmt-1\/#primaryimage"},"thumbnailUrl":"https:\/\/alegerglobal.com\/wp-content\/uploads\/2021\/01\/Unbenannt-29.jpg","datePublished":"2022-05-12T17:49:13+00:00","dateModified":"2022-05-20T06:35:16+00:00","description":"Ici, chez Aleger, vous recevez le HMT-1 de Realwear. Nous nous ferons un plaisir de vous conseiller sur l'utilisation efficace, l'installation d'applications et bien plus encore.","breadcrumb":{"@id":"https:\/\/alegerglobal.com\/fr\/shop-fr\/lunettes-intelligentes\/realwear-hmt-1\/#breadcrumb"},"inLanguage":"fr-FR","potentialAction":[{"@type":"ReadAction","target":["https:\/\/alegerglobal.com\/fr\/shop-fr\/lunettes-intelligentes\/realwear-hmt-1\/"]}]},{"@type":"ImageObject","inLanguage":"fr-FR","@id":"https:\/\/alegerglobal.com\/fr\/shop-fr\/lunettes-intelligentes\/realwear-hmt-1\/#primaryimage","url":"https:\/\/alegerglobal.com\/wp-content\/uploads\/2021\/01\/Unbenannt-29.jpg","contentUrl":"https:\/\/alegerglobal.com\/wp-content\/uploads\/2021\/01\/Unbenannt-29.jpg","width":800,"height":800,"caption":"Acheter RealWear HMT-1 chez ALEGER"},{"@type":"BreadcrumbList","@id":"https:\/\/alegerglobal.com\/fr\/shop-fr\/lunettes-intelligentes\/realwear-hmt-1\/#breadcrumb","itemListElement":[{"@type":"ListItem","position":1,"name":"Home","item":"https:\/\/alegerglobal.com\/fr\/new-page-daccueil\/"},{"@type":"ListItem","position":2,"name":"Produits","item":"https:\/\/alegerglobal.com\/fr\/produits\/"},{"@type":"ListItem","position":3,"name":"RealWear HMT-1, lunettes intelligentes industrielles, \u00e9cran 20 degr\u00e9s, IP66 MIL-STD-810G"}]},{"@type":"WebSite","@id":"https:\/\/alegerglobal.com\/fr\/#website","url":"https:\/\/alegerglobal.com\/fr\/","name":"ALEGER \u22c6 Augmented Reality","description":"Die besten Augmented Reality (AR) L\u00f6sungen der Welt.","publisher":{"@id":"https:\/\/alegerglobal.com\/fr\/#organization"},"potentialAction":[{"@type":"SearchAction","target":{"@type":"EntryPoint","urlTemplate":"https:\/\/alegerglobal.com\/fr\/?s={search_term_string}"},"query-input":{"@type":"PropertyValueSpecification","valueRequired":true,"valueName":"search_term_string"}}],"inLanguage":"fr-FR"},{"@type":"Organization","@id":"https:\/\/alegerglobal.com\/fr\/#organization","name":"ALEGER \u22c6 Augmented Reality","url":"https:\/\/alegerglobal.com\/fr\/","logo":{"@type":"ImageObject","inLanguage":"fr-FR","@id":"https:\/\/alegerglobal.com\/fr\/#\/schema\/logo\/image\/","url":"https:\/\/alegerglobal.com\/wp-content\/uploads\/2020\/12\/aleger-logo-quadrat.jpg","contentUrl":"https:\/\/alegerglobal.com\/wp-content\/uploads\/2020\/12\/aleger-logo-quadrat.jpg","width":200,"height":176,"caption":"ALEGER \u22c6 Augmented Reality"},"image":{"@id":"https:\/\/alegerglobal.com\/fr\/#\/schema\/logo\/image\/"}}]},"product_brand":"RealWear","product_price_amount":"1795.50","product_price_currency":"EUR","og_availability":"instock","product_availability":"instock","product_condition":"new"},"_links":{"self":[{"href":"https:\/\/alegerglobal.com\/fr\/wp-json\/wp\/v2\/product\/30268","targetHints":{"allow":["GET"]}}],"collection":[{"href":"https:\/\/alegerglobal.com\/fr\/wp-json\/wp\/v2\/product"}],"about":[{"href":"https:\/\/alegerglobal.com\/fr\/wp-json\/wp\/v2\/types\/product"}],"replies":[{"embeddable":true,"href":"https:\/\/alegerglobal.com\/fr\/wp-json\/wp\/v2\/comments?post=30268"}],"version-history":[{"count":3,"href":"https:\/\/alegerglobal.com\/fr\/wp-json\/wp\/v2\/product\/30268\/revisions"}],"predecessor-version":[{"id":35839,"href":"https:\/\/alegerglobal.com\/fr\/wp-json\/wp\/v2\/product\/30268\/revisions\/35839"}],"wp:featuredmedia":[{"embeddable":true,"href":"https:\/\/alegerglobal.com\/fr\/wp-json\/wp\/v2\/media\/14406"}],"wp:attachment":[{"href":"https:\/\/alegerglobal.com\/fr\/wp-json\/wp\/v2\/media?parent=30268"}],"wp:term":[{"taxonomy":"product_brand","embeddable":true,"href":"https:\/\/alegerglobal.com\/fr\/wp-json\/wp\/v2\/product_brand?post=30268"},{"taxonomy":"product_cat","embeddable":true,"href":"https:\/\/alegerglobal.com\/fr\/wp-json\/wp\/v2\/product_cat?post=30268"},{"taxonomy":"product_tag","embeddable":true,"href":"https:\/\/alegerglobal.com\/fr\/wp-json\/wp\/v2\/product_tag?post=30268"}],"curies":[{"name":"wp","href":"https:\/\/api.w.org\/{rel}","templated":true}]}}