{"id":30263,"date":"2021-03-10T08:57:24","date_gmt":"2022-05-12T17:46:49","guid":{"rendered":"https:\/\/alegerglobal.com\/non class\u00e9\/toughbook-t1-tablette-durcie-mil-std-810g-ip68-ecran-5-pouces-lecteur-de-code-barres\/"},"modified":"2022-05-12T18:46:49","modified_gmt":"2022-05-12T17:46:49","slug":"toughbookt1-2","status":"publish","type":"product","link":"https:\/\/alegerglobal.com\/fr\/shop-fr\/tablette-durcie\/toughbookt1-2\/","title":{"rendered":"Toughbook T1, tablette durcie, MIL-STD-810G, IP68, \u00e9cran 5 pouces, lecteur de code-barres"},"content":{"rendered":"","protected":false},"excerpt":{"rendered":"<ul>\n<li aria-level=\"1\"><b>Tablette robuste avec certification MIL-STD-810G et IP68<\/b><\/li>\n<li aria-level=\"1\"><b>Travailler \u00e0 l&rsquo;ext\u00e9rieur en toute simplicit\u00e9 :<\/b><span style=\"font-weight: 400;\"> \u00e9cran antireflet de 5 pouces avec \u00e9cran tactile capacitif<\/span><\/li>\n<li aria-level=\"1\"><b>lire et traiter les donn\u00e9es :<\/b><span style=\"font-weight: 400;\"> lecteur de code-barres int\u00e9gr\u00e9<\/span><\/li>\n<li aria-level=\"1\"><b>une communication facile :<\/b><span style=\"font-weight: 400;\"> fonctions t\u00e9l\u00e9phoniques \u00e9tendues<\/span><\/li>\n<li aria-level=\"1\"><b>Logiciel actuel :<\/b><span style=\"font-weight: 400;\"> Android 9 et compatible avec COMPASS<\/span><\/li>\n<li aria-level=\"1\"><b>Durable<\/b><span style=\"font-weight: 400;\">: \u00e9tanche \u00e0 la poussi\u00e8re, \u00e0 l&rsquo;eau et r\u00e9sistant aux chutes jusqu&rsquo;\u00e0 1,5 m<\/span><\/li>\n<li aria-level=\"1\"><b>Connexion flexible :<\/b><span style=\"font-weight: 400;\"> par WLAN, Bluetooth ou NFC<\/span><\/li>\n<li aria-level=\"1\"><b>Utilisation longue et ininterrompue :<\/b><span style=\"font-weight: 400;\"> 3200 mAh avec jusqu&rsquo;\u00e0 12 heures d&rsquo;autonomie<\/span><\/li>\n<\/ul>\n<p><b>Assistance en cas de panne de fonctionnement :<\/b><span style=\"font-weight: 400;\"> Garantie de 3 ans, extensible \u00e0 5 ans en option<\/span><\/p>\n","protected":false},"featured_media":14969,"comment_status":"open","ping_status":"closed","template":"","meta":{"_acf_changed":false},"product_brand":[],"product_cat":[601,620],"product_tag":[],"class_list":{"0":"post-30263","1":"product","2":"type-product","3":"status-publish","4":"has-post-thumbnail","6":"product_cat-shop-fr","7":"product_cat-tablette-durcie","8":"pa_hersteller-panasonic-fr","10":"first","11":"instock","12":"taxable","13":"shipping-taxable","14":"purchasable","15":"product-type-simple"},"acf":[],"yoast_head":"<!-- This site is optimized with the Yoast SEO Premium plugin v20.10 (Yoast SEO v24.3) - https:\/\/yoast.com\/wordpress\/plugins\/seo\/ -->\n<title>Acheter Toughbook T1 ici - ALEGER \u22c6 Augmented Reality<\/title>\n<meta name=\"description\" content=\"D\u00e9couvrez ici la tablette durcie 5 pouces avec certification IP68 et lecteur de codes-barres int\u00e9gr\u00e9 ! Avec une tr\u00e8s longue dur\u00e9e de vie de la batterie !\" \/>\n<meta name=\"robots\" content=\"index, follow, max-snippet:-1, max-image-preview:large, max-video-preview:-1\" \/>\n<meta property=\"og:locale\" content=\"fr_FR\" \/>\n<meta property=\"og:type\" content=\"article\" \/>\n<meta property=\"og:title\" content=\"Toughbook T1, tablette durcie, MIL-STD-810G, IP68, \u00e9cran 5 pouces, lecteur de code-barres\" \/>\n<meta property=\"og:description\" content=\"D\u00e9couvrez ici la tablette durcie 5 pouces avec certification IP68 et lecteur de codes-barres int\u00e9gr\u00e9 ! Avec une tr\u00e8s longue dur\u00e9e de vie de la batterie !\" \/>\n<meta property=\"og:url\" content=\"https:\/\/alegerglobal.com\/fr\/shop-fr\/tablette-durcie\/toughbookt1-2\/\" \/>\n<meta property=\"og:site_name\" content=\"ALEGER \u22c6 Augmented Reality\" \/>\n<meta property=\"og:image\" content=\"https:\/\/alegerglobal.com\/wp-content\/uploads\/2021\/03\/Unbenannt-65.jpg\" \/>\n\t<meta property=\"og:image:width\" content=\"800\" \/>\n\t<meta property=\"og:image:height\" content=\"800\" \/>\n\t<meta property=\"og:image:type\" content=\"image\/jpeg\" \/>\n<meta name=\"twitter:card\" content=\"summary_large_image\" \/>\n<meta name=\"twitter:label1\" content=\"Prix\" \/>\n\t<meta name=\"twitter:data1\" content=\"&euro;1.650,99\" \/>\n\t<meta name=\"twitter:label2\" content=\"Disponibilit\u00e9\" \/>\n\t<meta name=\"twitter:data2\" content=\"En stock\" \/>\n<script type=\"application\/ld+json\" class=\"yoast-schema-graph\">{\"@context\":\"https:\/\/schema.org\",\"@graph\":[{\"@type\":\"WebPage\",\"@id\":\"https:\/\/alegerglobal.com\/fr\/shop-fr\/tablette-durcie\/toughbookt1-2\/\",\"url\":\"https:\/\/alegerglobal.com\/fr\/shop-fr\/tablette-durcie\/toughbookt1-2\/\",\"name\":\"Acheter Toughbook T1 ici - ALEGER \u22c6 Augmented Reality\",\"isPartOf\":{\"@id\":\"https:\/\/alegerglobal.com\/fr\/#website\"},\"primaryImageOfPage\":{\"@id\":\"https:\/\/alegerglobal.com\/fr\/shop-fr\/tablette-durcie\/toughbookt1-2\/#primaryimage\"},\"image\":{\"@id\":\"https:\/\/alegerglobal.com\/fr\/shop-fr\/tablette-durcie\/toughbookt1-2\/#primaryimage\"},\"thumbnailUrl\":\"https:\/\/alegerglobal.com\/wp-content\/uploads\/2021\/03\/Unbenannt-65.jpg\",\"datePublished\":\"2022-05-12T17:46:49+00:00\",\"dateModified\":\"2022-05-12T17:46:49+00:00\",\"description\":\"D\u00e9couvrez ici la tablette durcie 5 pouces avec certification IP68 et lecteur de codes-barres int\u00e9gr\u00e9 ! Avec une tr\u00e8s longue dur\u00e9e de vie de la batterie !\",\"breadcrumb\":{\"@id\":\"https:\/\/alegerglobal.com\/fr\/shop-fr\/tablette-durcie\/toughbookt1-2\/#breadcrumb\"},\"inLanguage\":\"fr-FR\",\"potentialAction\":[{\"@type\":\"ReadAction\",\"target\":[\"https:\/\/alegerglobal.com\/fr\/shop-fr\/tablette-durcie\/toughbookt1-2\/\"]}]},{\"@type\":\"ImageObject\",\"inLanguage\":\"fr-FR\",\"@id\":\"https:\/\/alegerglobal.com\/fr\/shop-fr\/tablette-durcie\/toughbookt1-2\/#primaryimage\",\"url\":\"https:\/\/alegerglobal.com\/wp-content\/uploads\/2021\/03\/Unbenannt-65.jpg\",\"contentUrl\":\"https:\/\/alegerglobal.com\/wp-content\/uploads\/2021\/03\/Unbenannt-65.jpg\",\"width\":800,\"height\":800},{\"@type\":\"BreadcrumbList\",\"@id\":\"https:\/\/alegerglobal.com\/fr\/shop-fr\/tablette-durcie\/toughbookt1-2\/#breadcrumb\",\"itemListElement\":[{\"@type\":\"ListItem\",\"position\":1,\"name\":\"Home\",\"item\":\"https:\/\/alegerglobal.com\/fr\/new-page-daccueil\/\"},{\"@type\":\"ListItem\",\"position\":2,\"name\":\"Produits\",\"item\":\"https:\/\/alegerglobal.com\/fr\/produits\/\"},{\"@type\":\"ListItem\",\"position\":3,\"name\":\"Toughbook T1, tablette durcie, MIL-STD-810G, IP68, \u00e9cran 5 pouces, lecteur de code-barres\"}]},{\"@type\":\"WebSite\",\"@id\":\"https:\/\/alegerglobal.com\/fr\/#website\",\"url\":\"https:\/\/alegerglobal.com\/fr\/\",\"name\":\"ALEGER \u22c6 Augmented Reality\",\"description\":\"Die besten Augmented Reality (AR) L\u00f6sungen der Welt.\",\"publisher\":{\"@id\":\"https:\/\/alegerglobal.com\/fr\/#organization\"},\"potentialAction\":[{\"@type\":\"SearchAction\",\"target\":{\"@type\":\"EntryPoint\",\"urlTemplate\":\"https:\/\/alegerglobal.com\/fr\/?s={search_term_string}\"},\"query-input\":{\"@type\":\"PropertyValueSpecification\",\"valueRequired\":true,\"valueName\":\"search_term_string\"}}],\"inLanguage\":\"fr-FR\"},{\"@type\":\"Organization\",\"@id\":\"https:\/\/alegerglobal.com\/fr\/#organization\",\"name\":\"ALEGER \u22c6 Augmented Reality\",\"url\":\"https:\/\/alegerglobal.com\/fr\/\",\"logo\":{\"@type\":\"ImageObject\",\"inLanguage\":\"fr-FR\",\"@id\":\"https:\/\/alegerglobal.com\/fr\/#\/schema\/logo\/image\/\",\"url\":\"https:\/\/alegerglobal.com\/wp-content\/uploads\/2020\/12\/aleger-logo-quadrat.jpg\",\"contentUrl\":\"https:\/\/alegerglobal.com\/wp-content\/uploads\/2020\/12\/aleger-logo-quadrat.jpg\",\"width\":200,\"height\":176,\"caption\":\"ALEGER \u22c6 Augmented Reality\"},\"image\":{\"@id\":\"https:\/\/alegerglobal.com\/fr\/#\/schema\/logo\/image\/\"}}]}<\/script>\n<meta property=\"product:brand\" content=\"Panasonic\" \/>\n<meta property=\"product:price:amount\" content=\"1650.99\" \/>\n<meta property=\"product:price:currency\" content=\"EUR\" \/>\n<meta property=\"og:availability\" content=\"instock\" \/>\n<meta property=\"product:availability\" content=\"instock\" \/>\n<meta property=\"product:condition\" content=\"new\" \/>\n<!-- \/ Yoast SEO Premium plugin. -->","yoast_head_json":{"title":"Acheter Toughbook T1 ici - ALEGER \u22c6 Augmented Reality","description":"D\u00e9couvrez ici la tablette durcie 5 pouces avec certification IP68 et lecteur de codes-barres int\u00e9gr\u00e9 ! Avec une tr\u00e8s longue dur\u00e9e de vie de la batterie !","robots":{"index":"index","follow":"follow","max-snippet":"max-snippet:-1","max-image-preview":"max-image-preview:large","max-video-preview":"max-video-preview:-1"},"og_locale":"fr_FR","og_type":"article","og_title":"Toughbook T1, tablette durcie, MIL-STD-810G, IP68, \u00e9cran 5 pouces, lecteur de code-barres","og_description":"D\u00e9couvrez ici la tablette durcie 5 pouces avec certification IP68 et lecteur de codes-barres int\u00e9gr\u00e9 ! Avec une tr\u00e8s longue dur\u00e9e de vie de la batterie !","og_url":"https:\/\/alegerglobal.com\/fr\/shop-fr\/tablette-durcie\/toughbookt1-2\/","og_site_name":"ALEGER \u22c6 Augmented Reality","og_image":[{"width":800,"height":800,"url":"https:\/\/alegerglobal.com\/wp-content\/uploads\/2021\/03\/Unbenannt-65.jpg","type":"image\/jpeg"}],"twitter_card":"summary_large_image","twitter_misc":{"Prix":"&euro;1.650,99","Disponibilit\u00e9":"En stock"},"schema":{"@context":"https:\/\/schema.org","@graph":[{"@type":"WebPage","@id":"https:\/\/alegerglobal.com\/fr\/shop-fr\/tablette-durcie\/toughbookt1-2\/","url":"https:\/\/alegerglobal.com\/fr\/shop-fr\/tablette-durcie\/toughbookt1-2\/","name":"Acheter Toughbook T1 ici - ALEGER \u22c6 Augmented Reality","isPartOf":{"@id":"https:\/\/alegerglobal.com\/fr\/#website"},"primaryImageOfPage":{"@id":"https:\/\/alegerglobal.com\/fr\/shop-fr\/tablette-durcie\/toughbookt1-2\/#primaryimage"},"image":{"@id":"https:\/\/alegerglobal.com\/fr\/shop-fr\/tablette-durcie\/toughbookt1-2\/#primaryimage"},"thumbnailUrl":"https:\/\/alegerglobal.com\/wp-content\/uploads\/2021\/03\/Unbenannt-65.jpg","datePublished":"2022-05-12T17:46:49+00:00","dateModified":"2022-05-12T17:46:49+00:00","description":"D\u00e9couvrez ici la tablette durcie 5 pouces avec certification IP68 et lecteur de codes-barres int\u00e9gr\u00e9 ! Avec une tr\u00e8s longue dur\u00e9e de vie de la batterie !","breadcrumb":{"@id":"https:\/\/alegerglobal.com\/fr\/shop-fr\/tablette-durcie\/toughbookt1-2\/#breadcrumb"},"inLanguage":"fr-FR","potentialAction":[{"@type":"ReadAction","target":["https:\/\/alegerglobal.com\/fr\/shop-fr\/tablette-durcie\/toughbookt1-2\/"]}]},{"@type":"ImageObject","inLanguage":"fr-FR","@id":"https:\/\/alegerglobal.com\/fr\/shop-fr\/tablette-durcie\/toughbookt1-2\/#primaryimage","url":"https:\/\/alegerglobal.com\/wp-content\/uploads\/2021\/03\/Unbenannt-65.jpg","contentUrl":"https:\/\/alegerglobal.com\/wp-content\/uploads\/2021\/03\/Unbenannt-65.jpg","width":800,"height":800},{"@type":"BreadcrumbList","@id":"https:\/\/alegerglobal.com\/fr\/shop-fr\/tablette-durcie\/toughbookt1-2\/#breadcrumb","itemListElement":[{"@type":"ListItem","position":1,"name":"Home","item":"https:\/\/alegerglobal.com\/fr\/new-page-daccueil\/"},{"@type":"ListItem","position":2,"name":"Produits","item":"https:\/\/alegerglobal.com\/fr\/produits\/"},{"@type":"ListItem","position":3,"name":"Toughbook T1, tablette durcie, MIL-STD-810G, IP68, \u00e9cran 5 pouces, lecteur de code-barres"}]},{"@type":"WebSite","@id":"https:\/\/alegerglobal.com\/fr\/#website","url":"https:\/\/alegerglobal.com\/fr\/","name":"ALEGER \u22c6 Augmented Reality","description":"Die besten Augmented Reality (AR) L\u00f6sungen der Welt.","publisher":{"@id":"https:\/\/alegerglobal.com\/fr\/#organization"},"potentialAction":[{"@type":"SearchAction","target":{"@type":"EntryPoint","urlTemplate":"https:\/\/alegerglobal.com\/fr\/?s={search_term_string}"},"query-input":{"@type":"PropertyValueSpecification","valueRequired":true,"valueName":"search_term_string"}}],"inLanguage":"fr-FR"},{"@type":"Organization","@id":"https:\/\/alegerglobal.com\/fr\/#organization","name":"ALEGER \u22c6 Augmented Reality","url":"https:\/\/alegerglobal.com\/fr\/","logo":{"@type":"ImageObject","inLanguage":"fr-FR","@id":"https:\/\/alegerglobal.com\/fr\/#\/schema\/logo\/image\/","url":"https:\/\/alegerglobal.com\/wp-content\/uploads\/2020\/12\/aleger-logo-quadrat.jpg","contentUrl":"https:\/\/alegerglobal.com\/wp-content\/uploads\/2020\/12\/aleger-logo-quadrat.jpg","width":200,"height":176,"caption":"ALEGER \u22c6 Augmented Reality"},"image":{"@id":"https:\/\/alegerglobal.com\/fr\/#\/schema\/logo\/image\/"}}]},"product_brand":"Panasonic","product_price_amount":"1650.99","product_price_currency":"EUR","og_availability":"instock","product_availability":"instock","product_condition":"new"},"_links":{"self":[{"href":"https:\/\/alegerglobal.com\/fr\/wp-json\/wp\/v2\/product\/30263","targetHints":{"allow":["GET"]}}],"collection":[{"href":"https:\/\/alegerglobal.com\/fr\/wp-json\/wp\/v2\/product"}],"about":[{"href":"https:\/\/alegerglobal.com\/fr\/wp-json\/wp\/v2\/types\/product"}],"replies":[{"embeddable":true,"href":"https:\/\/alegerglobal.com\/fr\/wp-json\/wp\/v2\/comments?post=30263"}],"version-history":[{"count":0,"href":"https:\/\/alegerglobal.com\/fr\/wp-json\/wp\/v2\/product\/30263\/revisions"}],"wp:featuredmedia":[{"embeddable":true,"href":"https:\/\/alegerglobal.com\/fr\/wp-json\/wp\/v2\/media\/14969"}],"wp:attachment":[{"href":"https:\/\/alegerglobal.com\/fr\/wp-json\/wp\/v2\/media?parent=30263"}],"wp:term":[{"taxonomy":"product_brand","embeddable":true,"href":"https:\/\/alegerglobal.com\/fr\/wp-json\/wp\/v2\/product_brand?post=30263"},{"taxonomy":"product_cat","embeddable":true,"href":"https:\/\/alegerglobal.com\/fr\/wp-json\/wp\/v2\/product_cat?post=30263"},{"taxonomy":"product_tag","embeddable":true,"href":"https:\/\/alegerglobal.com\/fr\/wp-json\/wp\/v2\/product_tag?post=30263"}],"curies":[{"name":"wp","href":"https:\/\/api.w.org\/{rel}","templated":true}]}}