{"id":30257,"date":"2024-01-10T08:25:29","date_gmt":"2022-05-12T17:46:45","guid":{"rendered":"https:\/\/alegerglobal.com\/non%20class\u00e9\/getac-f110-ex-tablette-antideflagrante-ip65-mil-std-810g-windows-10-pro\/"},"modified":"2026-03-25T17:21:31","modified_gmt":"2026-03-25T16:21:31","slug":"getac-f110-ex-2","status":"publish","type":"product","link":"https:\/\/alegerglobal.com\/fr\/shop-fr\/atex-fr\/getac-f110-ex-2\/","title":{"rendered":"Getac F110-EX &#8211; Tablette antid\u00e9flagrante tout-terrain (ATEX \/ IECEx)"},"content":{"rendered":"<p><a>Aper\u00e7u<\/a><br \/>\n<a>D\u00e9tails techniques<\/a><br \/>\nAper\u00e7u<\/p>\n<h2>Tablette IP65 antid\u00e9flagrante de Getac pour une utilisation en zone 2 ATEX avec \u00e9cran LumiBond<\/h2>\n<p>Le Getac F110-ex, dans sa version antid\u00e9flagrante, est un outil de travail utile pour les interventions en zone 2 ATEX gr\u00e2ce \u00e0 sa robustesse associ\u00e9e \u00e0 une grande puissance de calcul. Il se caract\u00e9rise par des possibilit\u00e9s de configuration flexibles et un grand \u00e9cran lumineux qui vous facilite le travail par tous les temps. Le F110-ex, avec sa certification IP65, r\u00e9siste \u00e0 la poussi\u00e8re et \u00e0 l&rsquo;humidit\u00e9. En outre, il est prot\u00e9g\u00e9 contre les dommages dus aux chutes jusqu&rsquo;\u00e0 une hauteur de 180 cm.<\/p>\n<p>L&rsquo;\u00e9cran de 11,6 pouces avec une r\u00e9solution Full HD utilise la technologie innovante LumiBond, qui vous offre une robustesse accrue, des contrastes nets et une lecture sans \u00e9blouissement en plein soleil. L&rsquo;\u00e9cran LumiBond fait du Getac F110-Ex le compagnon id\u00e9al pour une utilisation en ext\u00e9rieur.<\/p>\n<h2>Navigation facile et grande autonomie gr\u00e2ce au syst\u00e8me de batterie How-Swap<\/h2>\n<p>Quatre modes tactiles diff\u00e9rents vous permettent de naviguer confortablement m\u00eame avec des gants, sous la pluie ou avec un stylo. En m\u00eame temps, vous restez toujours mobile avec l&rsquo;appareil, car il n&rsquo;est pas plus grand qu&rsquo;une feuille A4. Deux batteries permettent d&rsquo;utiliser l&rsquo;appareil pendant toute une \u00e9quipe sans le recharger. Le F110-ex dispose d&rsquo;un syst\u00e8me de remplacement \u00e0 chaud, ce qui vous permet de remplacer facilement une batterie \u00e0 chaud.<\/p>\n<p>Si l&rsquo;appareil est endommag\u00e9 en cours d&rsquo;utilisation, vous b\u00e9n\u00e9ficiez d&rsquo;une garantie de trois ans, ce qui vous permet de recevoir en retour un appareil en \u00e9tat de fonctionnement en quelques jours.<\/p>\n<p>D\u00e9tails techniques<\/p>\n","protected":false},"excerpt":{"rendered":"<ul>\n<li data-start=\"204\" data-end=\"404\"><strong data-start=\"204\" data-end=\"250\">Tablette antid\u00e9flagrante Fully Rugged :<\/strong><br data-start=\"250\" data-end=\"253\">certifi\u00e9e ATEX et IECEx (zone 2\/22), test\u00e9e selon MIL-STD-810H et IP66 &#8211; con\u00e7ue pour une utilisation en toute s\u00e9curit\u00e9 dans les environnements dangereux.<\/li>\n<li data-start=\"406\" data-end=\"526\"><strong data-start=\"406\" data-end=\"434\">Syst\u00e8me d&rsquo;exploitation moderne :<\/strong><br data-start=\"434\" data-end=\"437\">Windows 11 Pro permet d&rsquo;utiliser toutes les applications professionnelles et industrielles courantes.<\/li>\n<li data-start=\"528\" data-end=\"680\"><strong data-start=\"528\" data-end=\"547\">Puissant :<\/strong><br data-start=\"547\" data-end=\"550\">Processeur Intel\u00ae Core\u2122 i5-1335U (jusqu&rsquo;\u00e0 4,6 GHz) et 16 Go de m\u00e9moire DDR5 garantissent des performances rapides et fiables.<\/li>\n<li data-start=\"682\" data-end=\"877\"><strong data-start=\"682\" data-end=\"714\">\u00c9cran lumineux et robuste :<\/strong><br data-start=\"714\" data-end=\"717\">\u00c9cran 11,6 pouces Full HD (1920 x 1080) avec technologie LumiBond\u00ae 2.0 et luminosit\u00e9 jusqu&rsquo;\u00e0 1200 nits &#8211; lisibilit\u00e9 optimale m\u00eame en plein soleil.<\/li>\n<li data-start=\"879\" data-end=\"1007\"><strong data-start=\"879\" data-end=\"907\">R\u00e9sistance accrue aux chutes :<\/strong><br data-start=\"907\" data-end=\"910\">Protection contre les chocs et les vibrations selon la norme MIL-STD-810H, con\u00e7ue pour une utilisation professionnelle en ext\u00e9rieur.<\/li>\n<li data-start=\"1009\" data-end=\"1125\"><strong data-start=\"1009\" data-end=\"1038\">Alimentation flexible :<\/strong><br data-start=\"1038\" data-end=\"1041\">Syst\u00e8me de double batterie rempla\u00e7able \u00e0 chaud pour un fonctionnement ininterrompu et une longue dur\u00e9e d&rsquo;utilisation<\/li>\n<\/ul>\n","protected":false},"featured_media":14788,"comment_status":"open","ping_status":"closed","template":"","meta":{"_acf_changed":false},"product_brand":[],"product_cat":[621,2636,2635],"product_tag":[],"class_list":{"0":"post-30257","1":"product","2":"type-product","3":"status-publish","4":"has-post-thumbnail","6":"product_cat-atex-fr","7":"product_cat-communication-fr","8":"product_cat-informatique-mobile","9":"pa_hersteller-getac-fr","11":"first","12":"instock","13":"taxable","14":"shipping-taxable","15":"purchasable","16":"product-type-simple"},"acf":[],"yoast_head":"<!-- This site is optimized with the Yoast SEO Premium plugin v20.10 (Yoast SEO v24.3) - https:\/\/yoast.com\/wordpress\/plugins\/seo\/ -->\n<title>Acheter le Getac F110-ex ici - ALEGER \u22c6 Augmented Reality<\/title>\n<meta name=\"description\" content=\"D\u00e9couvrez ici la tablette antid\u00e9flagrante IP65 de Getac ! C&#039;est un outil de travail utile pour les interventions en zone ATEX 2 !\" \/>\n<meta name=\"robots\" content=\"index, follow, max-snippet:-1, max-image-preview:large, max-video-preview:-1\" \/>\n<meta property=\"og:locale\" content=\"fr_FR\" \/>\n<meta property=\"og:type\" content=\"article\" \/>\n<meta property=\"og:title\" content=\"Getac F110-EX - Tablette antid\u00e9flagrante tout-terrain (ATEX \/ IECEx)\" \/>\n<meta property=\"og:description\" content=\"D\u00e9couvrez ici la tablette antid\u00e9flagrante IP65 de Getac ! C&#039;est un outil de travail utile pour les interventions en zone ATEX 2 !\" \/>\n<meta property=\"og:url\" content=\"https:\/\/alegerglobal.com\/fr\/shop-fr\/atex-fr\/getac-f110-ex-2\/\" \/>\n<meta property=\"og:site_name\" content=\"ALEGER \u22c6 Augmented Reality\" \/>\n<meta property=\"article:modified_time\" content=\"2026-03-25T16:21:31+00:00\" \/>\n<meta property=\"og:image\" content=\"https:\/\/alegerglobal.com\/wp-content\/uploads\/2021\/03\/Unbenannt-12.jpg\" \/>\n\t<meta property=\"og:image:width\" content=\"800\" \/>\n\t<meta property=\"og:image:height\" content=\"800\" \/>\n\t<meta property=\"og:image:type\" content=\"image\/jpeg\" \/>\n<meta name=\"twitter:card\" content=\"summary_large_image\" \/>\n<meta name=\"twitter:label1\" content=\"Prix\" \/>\n\t<meta name=\"twitter:data1\" content=\"&euro;3.041,99\" \/>\n\t<meta name=\"twitter:label2\" content=\"Disponibilit\u00e9\" \/>\n\t<meta name=\"twitter:data2\" content=\"En stock\" \/>\n<script type=\"application\/ld+json\" class=\"yoast-schema-graph\">{\"@context\":\"https:\/\/schema.org\",\"@graph\":[{\"@type\":\"WebPage\",\"@id\":\"https:\/\/alegerglobal.com\/fr\/shop-fr\/atex-fr\/getac-f110-ex-2\/\",\"url\":\"https:\/\/alegerglobal.com\/fr\/shop-fr\/atex-fr\/getac-f110-ex-2\/\",\"name\":\"Acheter le Getac F110-ex ici - ALEGER \u22c6 Augmented Reality\",\"isPartOf\":{\"@id\":\"https:\/\/alegerglobal.com\/fr\/#website\"},\"primaryImageOfPage\":{\"@id\":\"https:\/\/alegerglobal.com\/fr\/shop-fr\/atex-fr\/getac-f110-ex-2\/#primaryimage\"},\"image\":{\"@id\":\"https:\/\/alegerglobal.com\/fr\/shop-fr\/atex-fr\/getac-f110-ex-2\/#primaryimage\"},\"thumbnailUrl\":\"https:\/\/alegerglobal.com\/wp-content\/uploads\/2021\/03\/Unbenannt-12.jpg\",\"datePublished\":\"2022-05-12T17:46:45+00:00\",\"dateModified\":\"2026-03-25T16:21:31+00:00\",\"description\":\"D\u00e9couvrez ici la tablette antid\u00e9flagrante IP65 de Getac ! C'est un outil de travail utile pour les interventions en zone ATEX 2 !\",\"breadcrumb\":{\"@id\":\"https:\/\/alegerglobal.com\/fr\/shop-fr\/atex-fr\/getac-f110-ex-2\/#breadcrumb\"},\"inLanguage\":\"fr-FR\",\"potentialAction\":[{\"@type\":\"ReadAction\",\"target\":[\"https:\/\/alegerglobal.com\/fr\/shop-fr\/atex-fr\/getac-f110-ex-2\/\"]}]},{\"@type\":\"ImageObject\",\"inLanguage\":\"fr-FR\",\"@id\":\"https:\/\/alegerglobal.com\/fr\/shop-fr\/atex-fr\/getac-f110-ex-2\/#primaryimage\",\"url\":\"https:\/\/alegerglobal.com\/wp-content\/uploads\/2021\/03\/Unbenannt-12.jpg\",\"contentUrl\":\"https:\/\/alegerglobal.com\/wp-content\/uploads\/2021\/03\/Unbenannt-12.jpg\",\"width\":800,\"height\":800,\"caption\":\"Getac F110-EX\"},{\"@type\":\"BreadcrumbList\",\"@id\":\"https:\/\/alegerglobal.com\/fr\/shop-fr\/atex-fr\/getac-f110-ex-2\/#breadcrumb\",\"itemListElement\":[{\"@type\":\"ListItem\",\"position\":1,\"name\":\"Home\",\"item\":\"https:\/\/alegerglobal.com\/fr\/new-page-daccueil\/\"},{\"@type\":\"ListItem\",\"position\":2,\"name\":\"Produits\",\"item\":\"https:\/\/alegerglobal.com\/fr\/produits\/\"},{\"@type\":\"ListItem\",\"position\":3,\"name\":\"Getac F110-EX &#8211; Tablette antid\u00e9flagrante tout-terrain (ATEX \/ IECEx)\"}]},{\"@type\":\"WebSite\",\"@id\":\"https:\/\/alegerglobal.com\/fr\/#website\",\"url\":\"https:\/\/alegerglobal.com\/fr\/\",\"name\":\"ALEGER \u22c6 Augmented Reality\",\"description\":\"Die besten Augmented Reality (AR) L\u00f6sungen der Welt.\",\"publisher\":{\"@id\":\"https:\/\/alegerglobal.com\/fr\/#organization\"},\"potentialAction\":[{\"@type\":\"SearchAction\",\"target\":{\"@type\":\"EntryPoint\",\"urlTemplate\":\"https:\/\/alegerglobal.com\/fr\/?s={search_term_string}\"},\"query-input\":{\"@type\":\"PropertyValueSpecification\",\"valueRequired\":true,\"valueName\":\"search_term_string\"}}],\"inLanguage\":\"fr-FR\"},{\"@type\":\"Organization\",\"@id\":\"https:\/\/alegerglobal.com\/fr\/#organization\",\"name\":\"ALEGER \u22c6 Augmented Reality\",\"url\":\"https:\/\/alegerglobal.com\/fr\/\",\"logo\":{\"@type\":\"ImageObject\",\"inLanguage\":\"fr-FR\",\"@id\":\"https:\/\/alegerglobal.com\/fr\/#\/schema\/logo\/image\/\",\"url\":\"https:\/\/alegerglobal.com\/wp-content\/uploads\/2020\/12\/aleger-logo-quadrat.jpg\",\"contentUrl\":\"https:\/\/alegerglobal.com\/wp-content\/uploads\/2020\/12\/aleger-logo-quadrat.jpg\",\"width\":200,\"height\":176,\"caption\":\"ALEGER \u22c6 Augmented Reality\"},\"image\":{\"@id\":\"https:\/\/alegerglobal.com\/fr\/#\/schema\/logo\/image\/\"}}]}<\/script>\n<meta property=\"product:brand\" content=\"Getac\" \/>\n<meta property=\"product:price:amount\" content=\"3041.99\" \/>\n<meta property=\"product:price:currency\" content=\"EUR\" \/>\n<meta property=\"og:availability\" content=\"instock\" \/>\n<meta property=\"product:availability\" content=\"instock\" \/>\n<meta property=\"product:condition\" content=\"new\" \/>\n<!-- \/ Yoast SEO Premium plugin. -->","yoast_head_json":{"title":"Acheter le Getac F110-ex ici - ALEGER \u22c6 Augmented Reality","description":"D\u00e9couvrez ici la tablette antid\u00e9flagrante IP65 de Getac ! C'est un outil de travail utile pour les interventions en zone ATEX 2 !","robots":{"index":"index","follow":"follow","max-snippet":"max-snippet:-1","max-image-preview":"max-image-preview:large","max-video-preview":"max-video-preview:-1"},"og_locale":"fr_FR","og_type":"article","og_title":"Getac F110-EX - Tablette antid\u00e9flagrante tout-terrain (ATEX \/ IECEx)","og_description":"D\u00e9couvrez ici la tablette antid\u00e9flagrante IP65 de Getac ! C'est un outil de travail utile pour les interventions en zone ATEX 2 !","og_url":"https:\/\/alegerglobal.com\/fr\/shop-fr\/atex-fr\/getac-f110-ex-2\/","og_site_name":"ALEGER \u22c6 Augmented Reality","article_modified_time":"2026-03-25T16:21:31+00:00","og_image":[{"width":800,"height":800,"url":"https:\/\/alegerglobal.com\/wp-content\/uploads\/2021\/03\/Unbenannt-12.jpg","type":"image\/jpeg"}],"twitter_card":"summary_large_image","twitter_misc":{"Prix":"&euro;3.041,99","Disponibilit\u00e9":"En stock"},"schema":{"@context":"https:\/\/schema.org","@graph":[{"@type":"WebPage","@id":"https:\/\/alegerglobal.com\/fr\/shop-fr\/atex-fr\/getac-f110-ex-2\/","url":"https:\/\/alegerglobal.com\/fr\/shop-fr\/atex-fr\/getac-f110-ex-2\/","name":"Acheter le Getac F110-ex ici - ALEGER \u22c6 Augmented Reality","isPartOf":{"@id":"https:\/\/alegerglobal.com\/fr\/#website"},"primaryImageOfPage":{"@id":"https:\/\/alegerglobal.com\/fr\/shop-fr\/atex-fr\/getac-f110-ex-2\/#primaryimage"},"image":{"@id":"https:\/\/alegerglobal.com\/fr\/shop-fr\/atex-fr\/getac-f110-ex-2\/#primaryimage"},"thumbnailUrl":"https:\/\/alegerglobal.com\/wp-content\/uploads\/2021\/03\/Unbenannt-12.jpg","datePublished":"2022-05-12T17:46:45+00:00","dateModified":"2026-03-25T16:21:31+00:00","description":"D\u00e9couvrez ici la tablette antid\u00e9flagrante IP65 de Getac ! C'est un outil de travail utile pour les interventions en zone ATEX 2 !","breadcrumb":{"@id":"https:\/\/alegerglobal.com\/fr\/shop-fr\/atex-fr\/getac-f110-ex-2\/#breadcrumb"},"inLanguage":"fr-FR","potentialAction":[{"@type":"ReadAction","target":["https:\/\/alegerglobal.com\/fr\/shop-fr\/atex-fr\/getac-f110-ex-2\/"]}]},{"@type":"ImageObject","inLanguage":"fr-FR","@id":"https:\/\/alegerglobal.com\/fr\/shop-fr\/atex-fr\/getac-f110-ex-2\/#primaryimage","url":"https:\/\/alegerglobal.com\/wp-content\/uploads\/2021\/03\/Unbenannt-12.jpg","contentUrl":"https:\/\/alegerglobal.com\/wp-content\/uploads\/2021\/03\/Unbenannt-12.jpg","width":800,"height":800,"caption":"Getac F110-EX"},{"@type":"BreadcrumbList","@id":"https:\/\/alegerglobal.com\/fr\/shop-fr\/atex-fr\/getac-f110-ex-2\/#breadcrumb","itemListElement":[{"@type":"ListItem","position":1,"name":"Home","item":"https:\/\/alegerglobal.com\/fr\/new-page-daccueil\/"},{"@type":"ListItem","position":2,"name":"Produits","item":"https:\/\/alegerglobal.com\/fr\/produits\/"},{"@type":"ListItem","position":3,"name":"Getac F110-EX &#8211; Tablette antid\u00e9flagrante tout-terrain (ATEX \/ IECEx)"}]},{"@type":"WebSite","@id":"https:\/\/alegerglobal.com\/fr\/#website","url":"https:\/\/alegerglobal.com\/fr\/","name":"ALEGER \u22c6 Augmented Reality","description":"Die besten Augmented Reality (AR) L\u00f6sungen der Welt.","publisher":{"@id":"https:\/\/alegerglobal.com\/fr\/#organization"},"potentialAction":[{"@type":"SearchAction","target":{"@type":"EntryPoint","urlTemplate":"https:\/\/alegerglobal.com\/fr\/?s={search_term_string}"},"query-input":{"@type":"PropertyValueSpecification","valueRequired":true,"valueName":"search_term_string"}}],"inLanguage":"fr-FR"},{"@type":"Organization","@id":"https:\/\/alegerglobal.com\/fr\/#organization","name":"ALEGER \u22c6 Augmented Reality","url":"https:\/\/alegerglobal.com\/fr\/","logo":{"@type":"ImageObject","inLanguage":"fr-FR","@id":"https:\/\/alegerglobal.com\/fr\/#\/schema\/logo\/image\/","url":"https:\/\/alegerglobal.com\/wp-content\/uploads\/2020\/12\/aleger-logo-quadrat.jpg","contentUrl":"https:\/\/alegerglobal.com\/wp-content\/uploads\/2020\/12\/aleger-logo-quadrat.jpg","width":200,"height":176,"caption":"ALEGER \u22c6 Augmented Reality"},"image":{"@id":"https:\/\/alegerglobal.com\/fr\/#\/schema\/logo\/image\/"}}]},"product_brand":"Getac","product_price_amount":"3041.99","product_price_currency":"EUR","og_availability":"instock","product_availability":"instock","product_condition":"new"},"_links":{"self":[{"href":"https:\/\/alegerglobal.com\/fr\/wp-json\/wp\/v2\/product\/30257","targetHints":{"allow":["GET"]}}],"collection":[{"href":"https:\/\/alegerglobal.com\/fr\/wp-json\/wp\/v2\/product"}],"about":[{"href":"https:\/\/alegerglobal.com\/fr\/wp-json\/wp\/v2\/types\/product"}],"replies":[{"embeddable":true,"href":"https:\/\/alegerglobal.com\/fr\/wp-json\/wp\/v2\/comments?post=30257"}],"version-history":[{"count":1,"href":"https:\/\/alegerglobal.com\/fr\/wp-json\/wp\/v2\/product\/30257\/revisions"}],"predecessor-version":[{"id":54078,"href":"https:\/\/alegerglobal.com\/fr\/wp-json\/wp\/v2\/product\/30257\/revisions\/54078"}],"wp:featuredmedia":[{"embeddable":true,"href":"https:\/\/alegerglobal.com\/fr\/wp-json\/wp\/v2\/media\/14788"}],"wp:attachment":[{"href":"https:\/\/alegerglobal.com\/fr\/wp-json\/wp\/v2\/media?parent=30257"}],"wp:term":[{"taxonomy":"product_brand","embeddable":true,"href":"https:\/\/alegerglobal.com\/fr\/wp-json\/wp\/v2\/product_brand?post=30257"},{"taxonomy":"product_cat","embeddable":true,"href":"https:\/\/alegerglobal.com\/fr\/wp-json\/wp\/v2\/product_cat?post=30257"},{"taxonomy":"product_tag","embeddable":true,"href":"https:\/\/alegerglobal.com\/fr\/wp-json\/wp\/v2\/product_tag?post=30257"}],"curies":[{"name":"wp","href":"https:\/\/api.w.org\/{rel}","templated":true}]}}