{"id":30256,"date":"2021-03-10T08:36:33","date_gmt":"2022-05-12T17:46:44","guid":{"rendered":"https:\/\/alegerglobal.com\/non class\u00e9\/getac-x500-ordinateur-portable-durci-156-pouces-1tb-ip65-mil-std-810g-windows-10-pro\/"},"modified":"2022-05-12T18:46:44","modified_gmt":"2022-05-12T17:46:44","slug":"getac-x500-2","status":"publish","type":"product","link":"https:\/\/alegerglobal.com\/fr\/shop-fr\/ordinateur-portable-durci\/getac-x500-2\/","title":{"rendered":"Getac X500, ordinateur portable durci, 15,6 pouces, 1TB, IP65, MIL-STD-810G, Windows 10 Pro"},"content":{"rendered":"","protected":false},"excerpt":{"rendered":"<ul>\n<li aria-level=\"1\"><b>Ordinateur portable robuste avec certification IP65 et MIL-STD-810G et homologation ANSI\/ISA 12.12.01<\/b><\/li>\n<li aria-level=\"1\"><b>Performances de pointe pour toutes sortes d&rsquo;applications : <\/b><span style=\"font-weight: 400;\">Processeur quadric\u0153ur et 8 Go de Ram<\/span><\/li>\n<li aria-level=\"1\"><b>Utilisation confortable<\/b><span style=\"font-weight: 400;\">\u00c9cran de 15,6 pouces avec technologie Quadra-Clear<\/span><\/li>\n<li aria-level=\"1\"><b>vastes possibilit\u00e9s de configuration :<\/b><span style=\"font-weight: 400;\"> E\/S g\u00e9n\u00e9reuses avec deux ports s\u00e9rie <\/span> <\/li>\n<li aria-level=\"1\"><span style=\"font-weight: 400;\">Interfaces quatre ports USB 3.0, un port VGA et deux ports Ethernet<\/span><\/li>\n<li aria-level=\"1\"><b>Utilisable comme serveur mobile : <\/b><span style=\"font-weight: 400;\">Fonctionne avec Windows Server 2016 en Raid 0 ou Raid 1<\/span><\/li>\n<\/ul>\n","protected":false},"featured_media":14048,"comment_status":"open","ping_status":"closed","template":"","meta":{"_acf_changed":false},"product_brand":[],"product_cat":[649,601],"product_tag":[],"class_list":{"0":"post-30256","1":"product","2":"type-product","3":"status-publish","4":"has-post-thumbnail","6":"product_cat-ordinateur-portable-durci","7":"product_cat-shop-fr","8":"pa_hersteller-getac-fr","10":"first","11":"instock","12":"taxable","13":"shipping-taxable","14":"purchasable","15":"product-type-simple"},"acf":[],"yoast_head":"<!-- This site is optimized with the Yoast SEO Premium plugin v20.10 (Yoast SEO v24.3) - https:\/\/yoast.com\/wordpress\/plugins\/seo\/ -->\n<title>Getac X500 acheter - ALEGER \u22c6 Augmented Reality<\/title>\n<meta name=\"description\" content=\"D\u00e9couvrez ici le Getac X500 rugged Notebook. C&#039;est le mod\u00e8le phare des ordinateurs portables robustes.\" \/>\n<meta name=\"robots\" content=\"index, follow, max-snippet:-1, max-image-preview:large, max-video-preview:-1\" \/>\n<meta property=\"og:locale\" content=\"fr_FR\" \/>\n<meta property=\"og:type\" content=\"article\" \/>\n<meta property=\"og:title\" content=\"Getac X500, ordinateur portable durci, 15,6 pouces, 1TB, IP65, MIL-STD-810G, Windows 10 Pro\" \/>\n<meta property=\"og:description\" content=\"D\u00e9couvrez ici le Getac X500 rugged Notebook. C&#039;est le mod\u00e8le phare des ordinateurs portables robustes.\" \/>\n<meta property=\"og:url\" content=\"https:\/\/alegerglobal.com\/fr\/shop-fr\/ordinateur-portable-durci\/getac-x500-2\/\" \/>\n<meta property=\"og:site_name\" content=\"ALEGER \u22c6 Augmented Reality\" \/>\n<meta property=\"og:image\" content=\"https:\/\/alegerglobal.com\/wp-content\/uploads\/2021\/01\/x500_1-2.png\" \/>\n\t<meta property=\"og:image:width\" content=\"1280\" \/>\n\t<meta property=\"og:image:height\" content=\"1280\" \/>\n\t<meta property=\"og:image:type\" content=\"image\/png\" \/>\n<meta name=\"twitter:card\" content=\"summary_large_image\" \/>\n<meta name=\"twitter:label1\" content=\"Prix\" \/>\n\t<meta name=\"twitter:data1\" content=\"&euro;5.060,99\" \/>\n\t<meta name=\"twitter:label2\" content=\"Disponibilit\u00e9\" \/>\n\t<meta name=\"twitter:data2\" content=\"En stock\" \/>\n<script type=\"application\/ld+json\" class=\"yoast-schema-graph\">{\"@context\":\"https:\/\/schema.org\",\"@graph\":[{\"@type\":\"WebPage\",\"@id\":\"https:\/\/alegerglobal.com\/fr\/shop-fr\/ordinateur-portable-durci\/getac-x500-2\/\",\"url\":\"https:\/\/alegerglobal.com\/fr\/shop-fr\/ordinateur-portable-durci\/getac-x500-2\/\",\"name\":\"Getac X500 acheter - ALEGER \u22c6 Augmented Reality\",\"isPartOf\":{\"@id\":\"https:\/\/alegerglobal.com\/fr\/#website\"},\"primaryImageOfPage\":{\"@id\":\"https:\/\/alegerglobal.com\/fr\/shop-fr\/ordinateur-portable-durci\/getac-x500-2\/#primaryimage\"},\"image\":{\"@id\":\"https:\/\/alegerglobal.com\/fr\/shop-fr\/ordinateur-portable-durci\/getac-x500-2\/#primaryimage\"},\"thumbnailUrl\":\"https:\/\/alegerglobal.com\/wp-content\/uploads\/2021\/01\/x500_1-2.png\",\"datePublished\":\"2022-05-12T17:46:44+00:00\",\"dateModified\":\"2022-05-12T17:46:44+00:00\",\"description\":\"D\u00e9couvrez ici le Getac X500 rugged Notebook. C'est le mod\u00e8le phare des ordinateurs portables robustes.\",\"breadcrumb\":{\"@id\":\"https:\/\/alegerglobal.com\/fr\/shop-fr\/ordinateur-portable-durci\/getac-x500-2\/#breadcrumb\"},\"inLanguage\":\"fr-FR\",\"potentialAction\":[{\"@type\":\"ReadAction\",\"target\":[\"https:\/\/alegerglobal.com\/fr\/shop-fr\/ordinateur-portable-durci\/getac-x500-2\/\"]}]},{\"@type\":\"ImageObject\",\"inLanguage\":\"fr-FR\",\"@id\":\"https:\/\/alegerglobal.com\/fr\/shop-fr\/ordinateur-portable-durci\/getac-x500-2\/#primaryimage\",\"url\":\"https:\/\/alegerglobal.com\/wp-content\/uploads\/2021\/01\/x500_1-2.png\",\"contentUrl\":\"https:\/\/alegerglobal.com\/wp-content\/uploads\/2021\/01\/x500_1-2.png\",\"width\":1280,\"height\":1280,\"caption\":\"Getac X500\"},{\"@type\":\"BreadcrumbList\",\"@id\":\"https:\/\/alegerglobal.com\/fr\/shop-fr\/ordinateur-portable-durci\/getac-x500-2\/#breadcrumb\",\"itemListElement\":[{\"@type\":\"ListItem\",\"position\":1,\"name\":\"Home\",\"item\":\"https:\/\/alegerglobal.com\/fr\/new-page-daccueil\/\"},{\"@type\":\"ListItem\",\"position\":2,\"name\":\"Produits\",\"item\":\"https:\/\/alegerglobal.com\/fr\/produits\/\"},{\"@type\":\"ListItem\",\"position\":3,\"name\":\"Getac X500, ordinateur portable durci, 15,6 pouces, 1TB, IP65, MIL-STD-810G, Windows 10 Pro\"}]},{\"@type\":\"WebSite\",\"@id\":\"https:\/\/alegerglobal.com\/fr\/#website\",\"url\":\"https:\/\/alegerglobal.com\/fr\/\",\"name\":\"ALEGER \u22c6 Augmented Reality\",\"description\":\"Die besten Augmented Reality (AR) L\u00f6sungen der Welt.\",\"publisher\":{\"@id\":\"https:\/\/alegerglobal.com\/fr\/#organization\"},\"potentialAction\":[{\"@type\":\"SearchAction\",\"target\":{\"@type\":\"EntryPoint\",\"urlTemplate\":\"https:\/\/alegerglobal.com\/fr\/?s={search_term_string}\"},\"query-input\":{\"@type\":\"PropertyValueSpecification\",\"valueRequired\":true,\"valueName\":\"search_term_string\"}}],\"inLanguage\":\"fr-FR\"},{\"@type\":\"Organization\",\"@id\":\"https:\/\/alegerglobal.com\/fr\/#organization\",\"name\":\"ALEGER \u22c6 Augmented Reality\",\"url\":\"https:\/\/alegerglobal.com\/fr\/\",\"logo\":{\"@type\":\"ImageObject\",\"inLanguage\":\"fr-FR\",\"@id\":\"https:\/\/alegerglobal.com\/fr\/#\/schema\/logo\/image\/\",\"url\":\"https:\/\/alegerglobal.com\/wp-content\/uploads\/2020\/12\/aleger-logo-quadrat.jpg\",\"contentUrl\":\"https:\/\/alegerglobal.com\/wp-content\/uploads\/2020\/12\/aleger-logo-quadrat.jpg\",\"width\":200,\"height\":176,\"caption\":\"ALEGER \u22c6 Augmented Reality\"},\"image\":{\"@id\":\"https:\/\/alegerglobal.com\/fr\/#\/schema\/logo\/image\/\"}}]}<\/script>\n<meta property=\"product:brand\" content=\"Getac\" \/>\n<meta property=\"product:price:amount\" content=\"5060.99\" \/>\n<meta property=\"product:price:currency\" content=\"EUR\" \/>\n<meta property=\"og:availability\" content=\"instock\" \/>\n<meta property=\"product:availability\" content=\"instock\" \/>\n<meta property=\"product:condition\" content=\"new\" \/>\n<!-- \/ Yoast SEO Premium plugin. -->","yoast_head_json":{"title":"Getac X500 acheter - ALEGER \u22c6 Augmented Reality","description":"D\u00e9couvrez ici le Getac X500 rugged Notebook. C'est le mod\u00e8le phare des ordinateurs portables robustes.","robots":{"index":"index","follow":"follow","max-snippet":"max-snippet:-1","max-image-preview":"max-image-preview:large","max-video-preview":"max-video-preview:-1"},"og_locale":"fr_FR","og_type":"article","og_title":"Getac X500, ordinateur portable durci, 15,6 pouces, 1TB, IP65, MIL-STD-810G, Windows 10 Pro","og_description":"D\u00e9couvrez ici le Getac X500 rugged Notebook. C'est le mod\u00e8le phare des ordinateurs portables robustes.","og_url":"https:\/\/alegerglobal.com\/fr\/shop-fr\/ordinateur-portable-durci\/getac-x500-2\/","og_site_name":"ALEGER \u22c6 Augmented Reality","og_image":[{"width":1280,"height":1280,"url":"https:\/\/alegerglobal.com\/wp-content\/uploads\/2021\/01\/x500_1-2.png","type":"image\/png"}],"twitter_card":"summary_large_image","twitter_misc":{"Prix":"&euro;5.060,99","Disponibilit\u00e9":"En stock"},"schema":{"@context":"https:\/\/schema.org","@graph":[{"@type":"WebPage","@id":"https:\/\/alegerglobal.com\/fr\/shop-fr\/ordinateur-portable-durci\/getac-x500-2\/","url":"https:\/\/alegerglobal.com\/fr\/shop-fr\/ordinateur-portable-durci\/getac-x500-2\/","name":"Getac X500 acheter - ALEGER \u22c6 Augmented Reality","isPartOf":{"@id":"https:\/\/alegerglobal.com\/fr\/#website"},"primaryImageOfPage":{"@id":"https:\/\/alegerglobal.com\/fr\/shop-fr\/ordinateur-portable-durci\/getac-x500-2\/#primaryimage"},"image":{"@id":"https:\/\/alegerglobal.com\/fr\/shop-fr\/ordinateur-portable-durci\/getac-x500-2\/#primaryimage"},"thumbnailUrl":"https:\/\/alegerglobal.com\/wp-content\/uploads\/2021\/01\/x500_1-2.png","datePublished":"2022-05-12T17:46:44+00:00","dateModified":"2022-05-12T17:46:44+00:00","description":"D\u00e9couvrez ici le Getac X500 rugged Notebook. C'est le mod\u00e8le phare des ordinateurs portables robustes.","breadcrumb":{"@id":"https:\/\/alegerglobal.com\/fr\/shop-fr\/ordinateur-portable-durci\/getac-x500-2\/#breadcrumb"},"inLanguage":"fr-FR","potentialAction":[{"@type":"ReadAction","target":["https:\/\/alegerglobal.com\/fr\/shop-fr\/ordinateur-portable-durci\/getac-x500-2\/"]}]},{"@type":"ImageObject","inLanguage":"fr-FR","@id":"https:\/\/alegerglobal.com\/fr\/shop-fr\/ordinateur-portable-durci\/getac-x500-2\/#primaryimage","url":"https:\/\/alegerglobal.com\/wp-content\/uploads\/2021\/01\/x500_1-2.png","contentUrl":"https:\/\/alegerglobal.com\/wp-content\/uploads\/2021\/01\/x500_1-2.png","width":1280,"height":1280,"caption":"Getac X500"},{"@type":"BreadcrumbList","@id":"https:\/\/alegerglobal.com\/fr\/shop-fr\/ordinateur-portable-durci\/getac-x500-2\/#breadcrumb","itemListElement":[{"@type":"ListItem","position":1,"name":"Home","item":"https:\/\/alegerglobal.com\/fr\/new-page-daccueil\/"},{"@type":"ListItem","position":2,"name":"Produits","item":"https:\/\/alegerglobal.com\/fr\/produits\/"},{"@type":"ListItem","position":3,"name":"Getac X500, ordinateur portable durci, 15,6 pouces, 1TB, IP65, MIL-STD-810G, Windows 10 Pro"}]},{"@type":"WebSite","@id":"https:\/\/alegerglobal.com\/fr\/#website","url":"https:\/\/alegerglobal.com\/fr\/","name":"ALEGER \u22c6 Augmented Reality","description":"Die besten Augmented Reality (AR) L\u00f6sungen der Welt.","publisher":{"@id":"https:\/\/alegerglobal.com\/fr\/#organization"},"potentialAction":[{"@type":"SearchAction","target":{"@type":"EntryPoint","urlTemplate":"https:\/\/alegerglobal.com\/fr\/?s={search_term_string}"},"query-input":{"@type":"PropertyValueSpecification","valueRequired":true,"valueName":"search_term_string"}}],"inLanguage":"fr-FR"},{"@type":"Organization","@id":"https:\/\/alegerglobal.com\/fr\/#organization","name":"ALEGER \u22c6 Augmented Reality","url":"https:\/\/alegerglobal.com\/fr\/","logo":{"@type":"ImageObject","inLanguage":"fr-FR","@id":"https:\/\/alegerglobal.com\/fr\/#\/schema\/logo\/image\/","url":"https:\/\/alegerglobal.com\/wp-content\/uploads\/2020\/12\/aleger-logo-quadrat.jpg","contentUrl":"https:\/\/alegerglobal.com\/wp-content\/uploads\/2020\/12\/aleger-logo-quadrat.jpg","width":200,"height":176,"caption":"ALEGER \u22c6 Augmented Reality"},"image":{"@id":"https:\/\/alegerglobal.com\/fr\/#\/schema\/logo\/image\/"}}]},"product_brand":"Getac","product_price_amount":"5060.99","product_price_currency":"EUR","og_availability":"instock","product_availability":"instock","product_condition":"new"},"_links":{"self":[{"href":"https:\/\/alegerglobal.com\/fr\/wp-json\/wp\/v2\/product\/30256","targetHints":{"allow":["GET"]}}],"collection":[{"href":"https:\/\/alegerglobal.com\/fr\/wp-json\/wp\/v2\/product"}],"about":[{"href":"https:\/\/alegerglobal.com\/fr\/wp-json\/wp\/v2\/types\/product"}],"replies":[{"embeddable":true,"href":"https:\/\/alegerglobal.com\/fr\/wp-json\/wp\/v2\/comments?post=30256"}],"version-history":[{"count":0,"href":"https:\/\/alegerglobal.com\/fr\/wp-json\/wp\/v2\/product\/30256\/revisions"}],"wp:featuredmedia":[{"embeddable":true,"href":"https:\/\/alegerglobal.com\/fr\/wp-json\/wp\/v2\/media\/14048"}],"wp:attachment":[{"href":"https:\/\/alegerglobal.com\/fr\/wp-json\/wp\/v2\/media?parent=30256"}],"wp:term":[{"taxonomy":"product_brand","embeddable":true,"href":"https:\/\/alegerglobal.com\/fr\/wp-json\/wp\/v2\/product_brand?post=30256"},{"taxonomy":"product_cat","embeddable":true,"href":"https:\/\/alegerglobal.com\/fr\/wp-json\/wp\/v2\/product_cat?post=30256"},{"taxonomy":"product_tag","embeddable":true,"href":"https:\/\/alegerglobal.com\/fr\/wp-json\/wp\/v2\/product_tag?post=30256"}],"curies":[{"name":"wp","href":"https:\/\/api.w.org\/{rel}","templated":true}]}}