{"id":30253,"date":"2021-03-10T09:02:38","date_gmt":"2022-05-12T17:46:14","guid":{"rendered":"https:\/\/alegerglobal.com\/non class\u00e9\/panasonic-fz-g1-tablette-durcie-mil-std-810g-ecran-hd-101-pouces-ip65-windows-10\/"},"modified":"2022-05-12T18:46:14","modified_gmt":"2022-05-12T17:46:14","slug":"panasonic-fz-g1-2","status":"publish","type":"product","link":"https:\/\/alegerglobal.com\/fr\/shop-fr\/tablette-durcie\/panasonic-fz-g1-2\/","title":{"rendered":"Panasonic FZ-G1, tablette durcie MIL-STD 810G, \u00e9cran HD 10,1 pouces, IP65, Windows 10"},"content":{"rendered":"","protected":false},"excerpt":{"rendered":"<ul>\n<li><b>Tablette robuste certifi\u00e9e MIL-STD 810G et IP65<\/b><\/li>\n<li><b>Effectuer des t\u00e2ches complexes en toute fluidit\u00e9 :<\/b><span style=\"font-weight: 400;\"> Processeur i5 puissant et 8 Go de Ram<\/span><\/li>\n<li><span style=\"font-weight: 400;\"><strong>Lecture et \u00e9criture rapides des donn\u00e9es :<\/strong> Tablette avec SSD de 256 Go  <\/span><\/li>\n<li><b>Logiciels courants :<\/b><span style=\"font-weight: 400;\"> La tablette fonctionne sous Windows 10<\/span><\/li>\n<li><b>Toutes les donn\u00e9es en un coup d&rsquo;\u0153il :<\/b><span style=\"font-weight: 400;\"> \u00c9cran anti-reflet de 10,1 pouces<\/span><\/li>\n<li><b>Prise de vue haute r\u00e9solution :<\/b><span style=\"font-weight: 400;\"> Appareil photo 8MP et cam\u00e9ra frontale 2 MP<\/span><\/li>\n<li><b>Utilisation prolong\u00e9e sans recharge<\/b><span style=\"font-weight: 400;\">: Batterie de 4200 mAh pour une autonomie allant jusqu&rsquo;\u00e0 11 heures<\/span><\/li>\n<li><b>Utiliser tous les appareils ind\u00e9pendamment du port :<\/b><span style=\"font-weight: 400;\"> les ports flexibles permettent l&rsquo;utilisation de ports h\u00e9rit\u00e9s<\/span><\/li>\n<li><b>Assistance \u00e0 long terme :<\/b> 3 ans de garantie inclus, extensible jusqu&rsquo;\u00e0 5 ans<\/li>\n<\/ul>\n","protected":false},"featured_media":14768,"comment_status":"open","ping_status":"closed","template":"","meta":{"_acf_changed":false},"product_brand":[],"product_cat":[601,620],"product_tag":[],"class_list":{"0":"post-30253","1":"product","2":"type-product","3":"status-publish","4":"has-post-thumbnail","6":"product_cat-shop-fr","7":"product_cat-tablette-durcie","8":"pa_hersteller-panasonic-fr","10":"first","11":"instock","12":"taxable","13":"shipping-taxable","14":"purchasable","15":"product-type-simple"},"acf":[],"yoast_head":"<!-- This site is optimized with the Yoast SEO Premium plugin v20.10 (Yoast SEO v24.3) - https:\/\/yoast.com\/wordpress\/plugins\/seo\/ -->\n<title>Acheter Panasonic FZ-G1 ici - ALEGER \u22c6 Augmented Reality<\/title>\n<meta name=\"description\" content=\"Voici le Panasonic FZ-G1 : Tablette durcie avec Windows 10 et \u00e9cran anti-reflet pour une utilisation en ext\u00e9rieur ! Une utilisation simple et flexible !\" \/>\n<meta name=\"robots\" content=\"index, follow, max-snippet:-1, max-image-preview:large, max-video-preview:-1\" \/>\n<meta property=\"og:locale\" content=\"fr_FR\" \/>\n<meta property=\"og:type\" content=\"article\" \/>\n<meta property=\"og:title\" content=\"Panasonic FZ-G1, tablette durcie MIL-STD 810G, \u00e9cran HD 10,1 pouces, IP65, Windows 10\" \/>\n<meta property=\"og:description\" content=\"Voici le Panasonic FZ-G1 : Tablette durcie avec Windows 10 et \u00e9cran anti-reflet pour une utilisation en ext\u00e9rieur ! Une utilisation simple et flexible !\" \/>\n<meta property=\"og:url\" content=\"https:\/\/alegerglobal.com\/fr\/shop-fr\/tablette-durcie\/panasonic-fz-g1-2\/\" \/>\n<meta property=\"og:site_name\" content=\"ALEGER \u22c6 Augmented Reality\" \/>\n<meta property=\"og:image\" content=\"https:\/\/alegerglobal.com\/wp-content\/uploads\/2021\/03\/Unbenannt-10.jpg\" \/>\n\t<meta property=\"og:image:width\" content=\"800\" \/>\n\t<meta property=\"og:image:height\" content=\"800\" \/>\n\t<meta property=\"og:image:type\" content=\"image\/jpeg\" \/>\n<meta name=\"twitter:card\" content=\"summary_large_image\" \/>\n<meta name=\"twitter:label1\" content=\"Prix\" \/>\n\t<meta name=\"twitter:data1\" content=\"&euro;3.699,99\" \/>\n\t<meta name=\"twitter:label2\" content=\"Disponibilit\u00e9\" \/>\n\t<meta name=\"twitter:data2\" content=\"En stock\" \/>\n<script type=\"application\/ld+json\" class=\"yoast-schema-graph\">{\"@context\":\"https:\/\/schema.org\",\"@graph\":[{\"@type\":\"WebPage\",\"@id\":\"https:\/\/alegerglobal.com\/fr\/shop-fr\/tablette-durcie\/panasonic-fz-g1-2\/\",\"url\":\"https:\/\/alegerglobal.com\/fr\/shop-fr\/tablette-durcie\/panasonic-fz-g1-2\/\",\"name\":\"Acheter Panasonic FZ-G1 ici - ALEGER \u22c6 Augmented Reality\",\"isPartOf\":{\"@id\":\"https:\/\/alegerglobal.com\/fr\/#website\"},\"primaryImageOfPage\":{\"@id\":\"https:\/\/alegerglobal.com\/fr\/shop-fr\/tablette-durcie\/panasonic-fz-g1-2\/#primaryimage\"},\"image\":{\"@id\":\"https:\/\/alegerglobal.com\/fr\/shop-fr\/tablette-durcie\/panasonic-fz-g1-2\/#primaryimage\"},\"thumbnailUrl\":\"https:\/\/alegerglobal.com\/wp-content\/uploads\/2021\/03\/Unbenannt-10.jpg\",\"datePublished\":\"2022-05-12T17:46:14+00:00\",\"dateModified\":\"2022-05-12T17:46:14+00:00\",\"description\":\"Voici le Panasonic FZ-G1 : Tablette durcie avec Windows 10 et \u00e9cran anti-reflet pour une utilisation en ext\u00e9rieur ! Une utilisation simple et flexible !\",\"breadcrumb\":{\"@id\":\"https:\/\/alegerglobal.com\/fr\/shop-fr\/tablette-durcie\/panasonic-fz-g1-2\/#breadcrumb\"},\"inLanguage\":\"fr-FR\",\"potentialAction\":[{\"@type\":\"ReadAction\",\"target\":[\"https:\/\/alegerglobal.com\/fr\/shop-fr\/tablette-durcie\/panasonic-fz-g1-2\/\"]}]},{\"@type\":\"ImageObject\",\"inLanguage\":\"fr-FR\",\"@id\":\"https:\/\/alegerglobal.com\/fr\/shop-fr\/tablette-durcie\/panasonic-fz-g1-2\/#primaryimage\",\"url\":\"https:\/\/alegerglobal.com\/wp-content\/uploads\/2021\/03\/Unbenannt-10.jpg\",\"contentUrl\":\"https:\/\/alegerglobal.com\/wp-content\/uploads\/2021\/03\/Unbenannt-10.jpg\",\"width\":800,\"height\":800},{\"@type\":\"BreadcrumbList\",\"@id\":\"https:\/\/alegerglobal.com\/fr\/shop-fr\/tablette-durcie\/panasonic-fz-g1-2\/#breadcrumb\",\"itemListElement\":[{\"@type\":\"ListItem\",\"position\":1,\"name\":\"Home\",\"item\":\"https:\/\/alegerglobal.com\/fr\/new-page-daccueil\/\"},{\"@type\":\"ListItem\",\"position\":2,\"name\":\"Produits\",\"item\":\"https:\/\/alegerglobal.com\/fr\/produits\/\"},{\"@type\":\"ListItem\",\"position\":3,\"name\":\"Panasonic FZ-G1, tablette durcie MIL-STD 810G, \u00e9cran HD 10,1 pouces, IP65, Windows 10\"}]},{\"@type\":\"WebSite\",\"@id\":\"https:\/\/alegerglobal.com\/fr\/#website\",\"url\":\"https:\/\/alegerglobal.com\/fr\/\",\"name\":\"ALEGER \u22c6 Augmented Reality\",\"description\":\"Die besten Augmented Reality (AR) L\u00f6sungen der Welt.\",\"publisher\":{\"@id\":\"https:\/\/alegerglobal.com\/fr\/#organization\"},\"potentialAction\":[{\"@type\":\"SearchAction\",\"target\":{\"@type\":\"EntryPoint\",\"urlTemplate\":\"https:\/\/alegerglobal.com\/fr\/?s={search_term_string}\"},\"query-input\":{\"@type\":\"PropertyValueSpecification\",\"valueRequired\":true,\"valueName\":\"search_term_string\"}}],\"inLanguage\":\"fr-FR\"},{\"@type\":\"Organization\",\"@id\":\"https:\/\/alegerglobal.com\/fr\/#organization\",\"name\":\"ALEGER \u22c6 Augmented Reality\",\"url\":\"https:\/\/alegerglobal.com\/fr\/\",\"logo\":{\"@type\":\"ImageObject\",\"inLanguage\":\"fr-FR\",\"@id\":\"https:\/\/alegerglobal.com\/fr\/#\/schema\/logo\/image\/\",\"url\":\"https:\/\/alegerglobal.com\/wp-content\/uploads\/2020\/12\/aleger-logo-quadrat.jpg\",\"contentUrl\":\"https:\/\/alegerglobal.com\/wp-content\/uploads\/2020\/12\/aleger-logo-quadrat.jpg\",\"width\":200,\"height\":176,\"caption\":\"ALEGER \u22c6 Augmented Reality\"},\"image\":{\"@id\":\"https:\/\/alegerglobal.com\/fr\/#\/schema\/logo\/image\/\"}}]}<\/script>\n<meta property=\"product:brand\" content=\"Panasonic\" \/>\n<meta property=\"product:price:amount\" content=\"3699.99\" \/>\n<meta property=\"product:price:currency\" content=\"EUR\" \/>\n<meta property=\"og:availability\" content=\"instock\" \/>\n<meta property=\"product:availability\" content=\"instock\" \/>\n<meta property=\"product:condition\" content=\"new\" \/>\n<!-- \/ Yoast SEO Premium plugin. -->","yoast_head_json":{"title":"Acheter Panasonic FZ-G1 ici - ALEGER \u22c6 Augmented Reality","description":"Voici le Panasonic FZ-G1 : Tablette durcie avec Windows 10 et \u00e9cran anti-reflet pour une utilisation en ext\u00e9rieur ! Une utilisation simple et flexible !","robots":{"index":"index","follow":"follow","max-snippet":"max-snippet:-1","max-image-preview":"max-image-preview:large","max-video-preview":"max-video-preview:-1"},"og_locale":"fr_FR","og_type":"article","og_title":"Panasonic FZ-G1, tablette durcie MIL-STD 810G, \u00e9cran HD 10,1 pouces, IP65, Windows 10","og_description":"Voici le Panasonic FZ-G1 : Tablette durcie avec Windows 10 et \u00e9cran anti-reflet pour une utilisation en ext\u00e9rieur ! Une utilisation simple et flexible !","og_url":"https:\/\/alegerglobal.com\/fr\/shop-fr\/tablette-durcie\/panasonic-fz-g1-2\/","og_site_name":"ALEGER \u22c6 Augmented Reality","og_image":[{"width":800,"height":800,"url":"https:\/\/alegerglobal.com\/wp-content\/uploads\/2021\/03\/Unbenannt-10.jpg","type":"image\/jpeg"}],"twitter_card":"summary_large_image","twitter_misc":{"Prix":"&euro;3.699,99","Disponibilit\u00e9":"En stock"},"schema":{"@context":"https:\/\/schema.org","@graph":[{"@type":"WebPage","@id":"https:\/\/alegerglobal.com\/fr\/shop-fr\/tablette-durcie\/panasonic-fz-g1-2\/","url":"https:\/\/alegerglobal.com\/fr\/shop-fr\/tablette-durcie\/panasonic-fz-g1-2\/","name":"Acheter Panasonic FZ-G1 ici - ALEGER \u22c6 Augmented Reality","isPartOf":{"@id":"https:\/\/alegerglobal.com\/fr\/#website"},"primaryImageOfPage":{"@id":"https:\/\/alegerglobal.com\/fr\/shop-fr\/tablette-durcie\/panasonic-fz-g1-2\/#primaryimage"},"image":{"@id":"https:\/\/alegerglobal.com\/fr\/shop-fr\/tablette-durcie\/panasonic-fz-g1-2\/#primaryimage"},"thumbnailUrl":"https:\/\/alegerglobal.com\/wp-content\/uploads\/2021\/03\/Unbenannt-10.jpg","datePublished":"2022-05-12T17:46:14+00:00","dateModified":"2022-05-12T17:46:14+00:00","description":"Voici le Panasonic FZ-G1 : Tablette durcie avec Windows 10 et \u00e9cran anti-reflet pour une utilisation en ext\u00e9rieur ! Une utilisation simple et flexible !","breadcrumb":{"@id":"https:\/\/alegerglobal.com\/fr\/shop-fr\/tablette-durcie\/panasonic-fz-g1-2\/#breadcrumb"},"inLanguage":"fr-FR","potentialAction":[{"@type":"ReadAction","target":["https:\/\/alegerglobal.com\/fr\/shop-fr\/tablette-durcie\/panasonic-fz-g1-2\/"]}]},{"@type":"ImageObject","inLanguage":"fr-FR","@id":"https:\/\/alegerglobal.com\/fr\/shop-fr\/tablette-durcie\/panasonic-fz-g1-2\/#primaryimage","url":"https:\/\/alegerglobal.com\/wp-content\/uploads\/2021\/03\/Unbenannt-10.jpg","contentUrl":"https:\/\/alegerglobal.com\/wp-content\/uploads\/2021\/03\/Unbenannt-10.jpg","width":800,"height":800},{"@type":"BreadcrumbList","@id":"https:\/\/alegerglobal.com\/fr\/shop-fr\/tablette-durcie\/panasonic-fz-g1-2\/#breadcrumb","itemListElement":[{"@type":"ListItem","position":1,"name":"Home","item":"https:\/\/alegerglobal.com\/fr\/new-page-daccueil\/"},{"@type":"ListItem","position":2,"name":"Produits","item":"https:\/\/alegerglobal.com\/fr\/produits\/"},{"@type":"ListItem","position":3,"name":"Panasonic FZ-G1, tablette durcie MIL-STD 810G, \u00e9cran HD 10,1 pouces, IP65, Windows 10"}]},{"@type":"WebSite","@id":"https:\/\/alegerglobal.com\/fr\/#website","url":"https:\/\/alegerglobal.com\/fr\/","name":"ALEGER \u22c6 Augmented Reality","description":"Die besten Augmented Reality (AR) L\u00f6sungen der Welt.","publisher":{"@id":"https:\/\/alegerglobal.com\/fr\/#organization"},"potentialAction":[{"@type":"SearchAction","target":{"@type":"EntryPoint","urlTemplate":"https:\/\/alegerglobal.com\/fr\/?s={search_term_string}"},"query-input":{"@type":"PropertyValueSpecification","valueRequired":true,"valueName":"search_term_string"}}],"inLanguage":"fr-FR"},{"@type":"Organization","@id":"https:\/\/alegerglobal.com\/fr\/#organization","name":"ALEGER \u22c6 Augmented Reality","url":"https:\/\/alegerglobal.com\/fr\/","logo":{"@type":"ImageObject","inLanguage":"fr-FR","@id":"https:\/\/alegerglobal.com\/fr\/#\/schema\/logo\/image\/","url":"https:\/\/alegerglobal.com\/wp-content\/uploads\/2020\/12\/aleger-logo-quadrat.jpg","contentUrl":"https:\/\/alegerglobal.com\/wp-content\/uploads\/2020\/12\/aleger-logo-quadrat.jpg","width":200,"height":176,"caption":"ALEGER \u22c6 Augmented Reality"},"image":{"@id":"https:\/\/alegerglobal.com\/fr\/#\/schema\/logo\/image\/"}}]},"product_brand":"Panasonic","product_price_amount":"3699.99","product_price_currency":"EUR","og_availability":"instock","product_availability":"instock","product_condition":"new"},"_links":{"self":[{"href":"https:\/\/alegerglobal.com\/fr\/wp-json\/wp\/v2\/product\/30253","targetHints":{"allow":["GET"]}}],"collection":[{"href":"https:\/\/alegerglobal.com\/fr\/wp-json\/wp\/v2\/product"}],"about":[{"href":"https:\/\/alegerglobal.com\/fr\/wp-json\/wp\/v2\/types\/product"}],"replies":[{"embeddable":true,"href":"https:\/\/alegerglobal.com\/fr\/wp-json\/wp\/v2\/comments?post=30253"}],"version-history":[{"count":0,"href":"https:\/\/alegerglobal.com\/fr\/wp-json\/wp\/v2\/product\/30253\/revisions"}],"wp:featuredmedia":[{"embeddable":true,"href":"https:\/\/alegerglobal.com\/fr\/wp-json\/wp\/v2\/media\/14768"}],"wp:attachment":[{"href":"https:\/\/alegerglobal.com\/fr\/wp-json\/wp\/v2\/media?parent=30253"}],"wp:term":[{"taxonomy":"product_brand","embeddable":true,"href":"https:\/\/alegerglobal.com\/fr\/wp-json\/wp\/v2\/product_brand?post=30253"},{"taxonomy":"product_cat","embeddable":true,"href":"https:\/\/alegerglobal.com\/fr\/wp-json\/wp\/v2\/product_cat?post=30253"},{"taxonomy":"product_tag","embeddable":true,"href":"https:\/\/alegerglobal.com\/fr\/wp-json\/wp\/v2\/product_tag?post=30253"}],"curies":[{"name":"wp","href":"https:\/\/api.w.org\/{rel}","templated":true}]}}