{"id":30248,"date":"2021-03-10T09:01:47","date_gmt":"2022-05-12T17:46:09","guid":{"rendered":"https:\/\/alegerglobal.com\/non class\u00e9\/panasonic-toughpad-fz-m1-tablette-durcie-mil-std-810-g-7-pouces-ip65-windows-10\/"},"modified":"2022-05-12T18:46:09","modified_gmt":"2022-05-12T17:46:09","slug":"panasonic-toughpad-fz-m1-2","status":"publish","type":"product","link":"https:\/\/alegerglobal.com\/fr\/shop-fr\/tablette-durcie\/panasonic-toughpad-fz-m1-2\/","title":{"rendered":"Panasonic Toughpad FZ-M1, tablette durcie, MIL-STD 810 G, 7 pouces IP65, Windows 10"},"content":{"rendered":"","protected":false},"excerpt":{"rendered":"<ul>\n<li style=\"font-weight: 400;\"><b>Tablette robuste enti\u00e8rement durcie test\u00e9e selon la norme MIL-STD 810G et certifi\u00e9e IP65<\/b><\/li>\n<li style=\"font-weight: 400;\"><b>mat\u00e9riel rapide<\/b><span style=\"font-weight: 400;\">: processeur i5 et 4 Go de RAM<\/span><\/li>\n<li style=\"font-weight: 400;\"><b>syst\u00e8me d&rsquo;exploitation moderne<\/b><span style=\"font-weight: 400;\">: Windows 10 Pro <\/span> <\/li>\n<li style=\"font-weight: 400;\"><b>m\u00e9moire importante et rapide<\/b><span style=\"font-weight: 400;\">SSD DE 128 GO <\/span> <\/li>\n<li style=\"font-weight: 400;\"><b>des photos nettes : <\/b><span style=\"font-weight: 400;\">Appareil photo 2 MP et 8 MP<\/span><\/li>\n<li style=\"font-weight: 400;\"><b>\u00e9cran clair m\u00eame en plein soleil :<\/b><span style=\"font-weight: 400;\"> \u00c9cran 7 pouces avec 700 cd\/m\u00b2 de luminosit\u00e9<\/span><\/li>\n<li style=\"font-weight: 400;\"><b>travailler sans \u00eatre d\u00e9rang\u00e9 et sans avoir \u00e0 recharger :<\/b> la batterie de 3200 mAh offre 8 heures d&rsquo;autonomie<\/li>\n<\/ul>\n","protected":false},"featured_media":14831,"comment_status":"open","ping_status":"closed","template":"","meta":{"_acf_changed":false},"product_brand":[],"product_cat":[601,620],"product_tag":[],"class_list":{"0":"post-30248","1":"product","2":"type-product","3":"status-publish","4":"has-post-thumbnail","6":"product_cat-shop-fr","7":"product_cat-tablette-durcie","8":"pa_hersteller-panasonic-fr","10":"first","11":"instock","12":"taxable","13":"shipping-taxable","14":"purchasable","15":"product-type-simple"},"acf":[],"yoast_head":"<!-- This site is optimized with the Yoast SEO Premium plugin v20.10 (Yoast SEO v24.3) - https:\/\/yoast.com\/wordpress\/plugins\/seo\/ -->\n<title>Panasonic Toughpad FZ-M1 - ALEGER \u22c6 Augmented Reality<\/title>\n<meta name=\"description\" content=\"Voici la tablette ultra-compacte et robuste pour le service ext\u00e9rieur dans des conditions difficiles ! Une batterie puissante et une connexion flexible !\" \/>\n<meta name=\"robots\" content=\"index, follow, max-snippet:-1, max-image-preview:large, max-video-preview:-1\" \/>\n<meta property=\"og:locale\" content=\"fr_FR\" \/>\n<meta property=\"og:type\" content=\"article\" \/>\n<meta property=\"og:title\" content=\"Panasonic Toughpad FZ-M1, tablette durcie, MIL-STD 810 G, 7 pouces IP65, Windows 10\" \/>\n<meta property=\"og:description\" content=\"Voici la tablette ultra-compacte et robuste pour le service ext\u00e9rieur dans des conditions difficiles ! Une batterie puissante et une connexion flexible !\" \/>\n<meta property=\"og:url\" content=\"https:\/\/alegerglobal.com\/fr\/shop-fr\/tablette-durcie\/panasonic-toughpad-fz-m1-2\/\" \/>\n<meta property=\"og:site_name\" content=\"ALEGER \u22c6 Augmented Reality\" \/>\n<meta property=\"og:image\" content=\"https:\/\/alegerglobal.com\/wp-content\/uploads\/2021\/03\/Unbenannt-32.jpg\" \/>\n\t<meta property=\"og:image:width\" content=\"800\" \/>\n\t<meta property=\"og:image:height\" content=\"800\" \/>\n\t<meta property=\"og:image:type\" content=\"image\/jpeg\" \/>\n<meta name=\"twitter:card\" content=\"summary_large_image\" \/>\n<meta name=\"twitter:label1\" content=\"Prix\" \/>\n\t<meta name=\"twitter:data1\" content=\"&euro;3.912,99\" \/>\n\t<meta name=\"twitter:label2\" content=\"Disponibilit\u00e9\" \/>\n\t<meta name=\"twitter:data2\" content=\"En stock\" \/>\n<script type=\"application\/ld+json\" class=\"yoast-schema-graph\">{\"@context\":\"https:\/\/schema.org\",\"@graph\":[{\"@type\":\"WebPage\",\"@id\":\"https:\/\/alegerglobal.com\/fr\/shop-fr\/tablette-durcie\/panasonic-toughpad-fz-m1-2\/\",\"url\":\"https:\/\/alegerglobal.com\/fr\/shop-fr\/tablette-durcie\/panasonic-toughpad-fz-m1-2\/\",\"name\":\"Panasonic Toughpad FZ-M1 - ALEGER \u22c6 Augmented Reality\",\"isPartOf\":{\"@id\":\"https:\/\/alegerglobal.com\/fr\/#website\"},\"primaryImageOfPage\":{\"@id\":\"https:\/\/alegerglobal.com\/fr\/shop-fr\/tablette-durcie\/panasonic-toughpad-fz-m1-2\/#primaryimage\"},\"image\":{\"@id\":\"https:\/\/alegerglobal.com\/fr\/shop-fr\/tablette-durcie\/panasonic-toughpad-fz-m1-2\/#primaryimage\"},\"thumbnailUrl\":\"https:\/\/alegerglobal.com\/wp-content\/uploads\/2021\/03\/Unbenannt-32.jpg\",\"datePublished\":\"2022-05-12T17:46:09+00:00\",\"dateModified\":\"2022-05-12T17:46:09+00:00\",\"description\":\"Voici la tablette ultra-compacte et robuste pour le service ext\u00e9rieur dans des conditions difficiles ! Une batterie puissante et une connexion flexible !\",\"breadcrumb\":{\"@id\":\"https:\/\/alegerglobal.com\/fr\/shop-fr\/tablette-durcie\/panasonic-toughpad-fz-m1-2\/#breadcrumb\"},\"inLanguage\":\"fr-FR\",\"potentialAction\":[{\"@type\":\"ReadAction\",\"target\":[\"https:\/\/alegerglobal.com\/fr\/shop-fr\/tablette-durcie\/panasonic-toughpad-fz-m1-2\/\"]}]},{\"@type\":\"ImageObject\",\"inLanguage\":\"fr-FR\",\"@id\":\"https:\/\/alegerglobal.com\/fr\/shop-fr\/tablette-durcie\/panasonic-toughpad-fz-m1-2\/#primaryimage\",\"url\":\"https:\/\/alegerglobal.com\/wp-content\/uploads\/2021\/03\/Unbenannt-32.jpg\",\"contentUrl\":\"https:\/\/alegerglobal.com\/wp-content\/uploads\/2021\/03\/Unbenannt-32.jpg\",\"width\":800,\"height\":800},{\"@type\":\"BreadcrumbList\",\"@id\":\"https:\/\/alegerglobal.com\/fr\/shop-fr\/tablette-durcie\/panasonic-toughpad-fz-m1-2\/#breadcrumb\",\"itemListElement\":[{\"@type\":\"ListItem\",\"position\":1,\"name\":\"Home\",\"item\":\"https:\/\/alegerglobal.com\/fr\/new-page-daccueil\/\"},{\"@type\":\"ListItem\",\"position\":2,\"name\":\"Produits\",\"item\":\"https:\/\/alegerglobal.com\/fr\/produits\/\"},{\"@type\":\"ListItem\",\"position\":3,\"name\":\"Panasonic Toughpad FZ-M1, tablette durcie, MIL-STD 810 G, 7 pouces IP65, Windows 10\"}]},{\"@type\":\"WebSite\",\"@id\":\"https:\/\/alegerglobal.com\/fr\/#website\",\"url\":\"https:\/\/alegerglobal.com\/fr\/\",\"name\":\"ALEGER \u22c6 Augmented Reality\",\"description\":\"Die besten Augmented Reality (AR) L\u00f6sungen der Welt.\",\"publisher\":{\"@id\":\"https:\/\/alegerglobal.com\/fr\/#organization\"},\"potentialAction\":[{\"@type\":\"SearchAction\",\"target\":{\"@type\":\"EntryPoint\",\"urlTemplate\":\"https:\/\/alegerglobal.com\/fr\/?s={search_term_string}\"},\"query-input\":{\"@type\":\"PropertyValueSpecification\",\"valueRequired\":true,\"valueName\":\"search_term_string\"}}],\"inLanguage\":\"fr-FR\"},{\"@type\":\"Organization\",\"@id\":\"https:\/\/alegerglobal.com\/fr\/#organization\",\"name\":\"ALEGER \u22c6 Augmented Reality\",\"url\":\"https:\/\/alegerglobal.com\/fr\/\",\"logo\":{\"@type\":\"ImageObject\",\"inLanguage\":\"fr-FR\",\"@id\":\"https:\/\/alegerglobal.com\/fr\/#\/schema\/logo\/image\/\",\"url\":\"https:\/\/alegerglobal.com\/wp-content\/uploads\/2020\/12\/aleger-logo-quadrat.jpg\",\"contentUrl\":\"https:\/\/alegerglobal.com\/wp-content\/uploads\/2020\/12\/aleger-logo-quadrat.jpg\",\"width\":200,\"height\":176,\"caption\":\"ALEGER \u22c6 Augmented Reality\"},\"image\":{\"@id\":\"https:\/\/alegerglobal.com\/fr\/#\/schema\/logo\/image\/\"}}]}<\/script>\n<meta property=\"product:brand\" content=\"Panasonic\" \/>\n<meta property=\"product:price:amount\" content=\"3912.99\" \/>\n<meta property=\"product:price:currency\" content=\"EUR\" \/>\n<meta property=\"og:availability\" content=\"instock\" \/>\n<meta property=\"product:availability\" content=\"instock\" \/>\n<meta property=\"product:condition\" content=\"new\" \/>\n<!-- \/ Yoast SEO Premium plugin. -->","yoast_head_json":{"title":"Panasonic Toughpad FZ-M1 - ALEGER \u22c6 Augmented Reality","description":"Voici la tablette ultra-compacte et robuste pour le service ext\u00e9rieur dans des conditions difficiles ! Une batterie puissante et une connexion flexible !","robots":{"index":"index","follow":"follow","max-snippet":"max-snippet:-1","max-image-preview":"max-image-preview:large","max-video-preview":"max-video-preview:-1"},"og_locale":"fr_FR","og_type":"article","og_title":"Panasonic Toughpad FZ-M1, tablette durcie, MIL-STD 810 G, 7 pouces IP65, Windows 10","og_description":"Voici la tablette ultra-compacte et robuste pour le service ext\u00e9rieur dans des conditions difficiles ! Une batterie puissante et une connexion flexible !","og_url":"https:\/\/alegerglobal.com\/fr\/shop-fr\/tablette-durcie\/panasonic-toughpad-fz-m1-2\/","og_site_name":"ALEGER \u22c6 Augmented Reality","og_image":[{"width":800,"height":800,"url":"https:\/\/alegerglobal.com\/wp-content\/uploads\/2021\/03\/Unbenannt-32.jpg","type":"image\/jpeg"}],"twitter_card":"summary_large_image","twitter_misc":{"Prix":"&euro;3.912,99","Disponibilit\u00e9":"En stock"},"schema":{"@context":"https:\/\/schema.org","@graph":[{"@type":"WebPage","@id":"https:\/\/alegerglobal.com\/fr\/shop-fr\/tablette-durcie\/panasonic-toughpad-fz-m1-2\/","url":"https:\/\/alegerglobal.com\/fr\/shop-fr\/tablette-durcie\/panasonic-toughpad-fz-m1-2\/","name":"Panasonic Toughpad FZ-M1 - ALEGER \u22c6 Augmented Reality","isPartOf":{"@id":"https:\/\/alegerglobal.com\/fr\/#website"},"primaryImageOfPage":{"@id":"https:\/\/alegerglobal.com\/fr\/shop-fr\/tablette-durcie\/panasonic-toughpad-fz-m1-2\/#primaryimage"},"image":{"@id":"https:\/\/alegerglobal.com\/fr\/shop-fr\/tablette-durcie\/panasonic-toughpad-fz-m1-2\/#primaryimage"},"thumbnailUrl":"https:\/\/alegerglobal.com\/wp-content\/uploads\/2021\/03\/Unbenannt-32.jpg","datePublished":"2022-05-12T17:46:09+00:00","dateModified":"2022-05-12T17:46:09+00:00","description":"Voici la tablette ultra-compacte et robuste pour le service ext\u00e9rieur dans des conditions difficiles ! Une batterie puissante et une connexion flexible !","breadcrumb":{"@id":"https:\/\/alegerglobal.com\/fr\/shop-fr\/tablette-durcie\/panasonic-toughpad-fz-m1-2\/#breadcrumb"},"inLanguage":"fr-FR","potentialAction":[{"@type":"ReadAction","target":["https:\/\/alegerglobal.com\/fr\/shop-fr\/tablette-durcie\/panasonic-toughpad-fz-m1-2\/"]}]},{"@type":"ImageObject","inLanguage":"fr-FR","@id":"https:\/\/alegerglobal.com\/fr\/shop-fr\/tablette-durcie\/panasonic-toughpad-fz-m1-2\/#primaryimage","url":"https:\/\/alegerglobal.com\/wp-content\/uploads\/2021\/03\/Unbenannt-32.jpg","contentUrl":"https:\/\/alegerglobal.com\/wp-content\/uploads\/2021\/03\/Unbenannt-32.jpg","width":800,"height":800},{"@type":"BreadcrumbList","@id":"https:\/\/alegerglobal.com\/fr\/shop-fr\/tablette-durcie\/panasonic-toughpad-fz-m1-2\/#breadcrumb","itemListElement":[{"@type":"ListItem","position":1,"name":"Home","item":"https:\/\/alegerglobal.com\/fr\/new-page-daccueil\/"},{"@type":"ListItem","position":2,"name":"Produits","item":"https:\/\/alegerglobal.com\/fr\/produits\/"},{"@type":"ListItem","position":3,"name":"Panasonic Toughpad FZ-M1, tablette durcie, MIL-STD 810 G, 7 pouces IP65, Windows 10"}]},{"@type":"WebSite","@id":"https:\/\/alegerglobal.com\/fr\/#website","url":"https:\/\/alegerglobal.com\/fr\/","name":"ALEGER \u22c6 Augmented Reality","description":"Die besten Augmented Reality (AR) L\u00f6sungen der Welt.","publisher":{"@id":"https:\/\/alegerglobal.com\/fr\/#organization"},"potentialAction":[{"@type":"SearchAction","target":{"@type":"EntryPoint","urlTemplate":"https:\/\/alegerglobal.com\/fr\/?s={search_term_string}"},"query-input":{"@type":"PropertyValueSpecification","valueRequired":true,"valueName":"search_term_string"}}],"inLanguage":"fr-FR"},{"@type":"Organization","@id":"https:\/\/alegerglobal.com\/fr\/#organization","name":"ALEGER \u22c6 Augmented Reality","url":"https:\/\/alegerglobal.com\/fr\/","logo":{"@type":"ImageObject","inLanguage":"fr-FR","@id":"https:\/\/alegerglobal.com\/fr\/#\/schema\/logo\/image\/","url":"https:\/\/alegerglobal.com\/wp-content\/uploads\/2020\/12\/aleger-logo-quadrat.jpg","contentUrl":"https:\/\/alegerglobal.com\/wp-content\/uploads\/2020\/12\/aleger-logo-quadrat.jpg","width":200,"height":176,"caption":"ALEGER \u22c6 Augmented Reality"},"image":{"@id":"https:\/\/alegerglobal.com\/fr\/#\/schema\/logo\/image\/"}}]},"product_brand":"Panasonic","product_price_amount":"3912.99","product_price_currency":"EUR","og_availability":"instock","product_availability":"instock","product_condition":"new"},"_links":{"self":[{"href":"https:\/\/alegerglobal.com\/fr\/wp-json\/wp\/v2\/product\/30248","targetHints":{"allow":["GET"]}}],"collection":[{"href":"https:\/\/alegerglobal.com\/fr\/wp-json\/wp\/v2\/product"}],"about":[{"href":"https:\/\/alegerglobal.com\/fr\/wp-json\/wp\/v2\/types\/product"}],"replies":[{"embeddable":true,"href":"https:\/\/alegerglobal.com\/fr\/wp-json\/wp\/v2\/comments?post=30248"}],"version-history":[{"count":0,"href":"https:\/\/alegerglobal.com\/fr\/wp-json\/wp\/v2\/product\/30248\/revisions"}],"wp:featuredmedia":[{"embeddable":true,"href":"https:\/\/alegerglobal.com\/fr\/wp-json\/wp\/v2\/media\/14831"}],"wp:attachment":[{"href":"https:\/\/alegerglobal.com\/fr\/wp-json\/wp\/v2\/media?parent=30248"}],"wp:term":[{"taxonomy":"product_brand","embeddable":true,"href":"https:\/\/alegerglobal.com\/fr\/wp-json\/wp\/v2\/product_brand?post=30248"},{"taxonomy":"product_cat","embeddable":true,"href":"https:\/\/alegerglobal.com\/fr\/wp-json\/wp\/v2\/product_cat?post=30248"},{"taxonomy":"product_tag","embeddable":true,"href":"https:\/\/alegerglobal.com\/fr\/wp-json\/wp\/v2\/product_tag?post=30248"}],"curies":[{"name":"wp","href":"https:\/\/api.w.org\/{rel}","templated":true}]}}