{"id":30240,"date":"2021-03-10T08:12:13","date_gmt":"2022-05-12T17:44:00","guid":{"rendered":"https:\/\/alegerglobal.com\/non class\u00e9\/getac-ux10-tablette-durcie-mil-std-810g-101-pouces-256-go-ssd-windows-10\/"},"modified":"2022-05-12T18:44:00","modified_gmt":"2022-05-12T17:44:00","slug":"getac-ux10-2","status":"publish","type":"product","link":"https:\/\/alegerglobal.com\/fr\/shop-fr\/atex-fr\/getac-ux10-2\/","title":{"rendered":"Getac UX10, Tablette durcie, MIL-STD-810G, 10,1 pouces, 256 Go SSD Windows 10"},"content":{"rendered":"","protected":false},"excerpt":{"rendered":"<ul>\n<li aria-level=\"1\"><b>Tablette robuste certifi\u00e9e MIL-STD 810G<\/b><\/li>\n<li aria-level=\"1\"><b>Syst\u00e8me d&rsquo;exploitation moderne : <\/b><span style=\"font-weight: 400;\">Windows 10 Pro pr\u00e9install\u00e9<\/span><\/li>\n<li aria-level=\"1\"><b>Un mat\u00e9riel performant :<\/b><span style=\"font-weight: 400;\"> Processeur i7 rapide avec 8 Go de m\u00e9moire DDR4<\/span><\/li>\n<li aria-level=\"1\"><b>Travail en plein soleil et dans l&rsquo;obscurit\u00e9 :<\/b><span style=\"font-weight: 400;\"> grand \u00e9cran LumiBond\u00ae 10,1&Prime; avec 1000 Nits <\/span> <\/li>\n<li aria-level=\"1\"><b>Stockage de donn\u00e9es rapide et volumineux :<\/b><span style=\"font-weight: 400;\"> SSD DE 256 GO<\/span><\/li>\n<li aria-level=\"1\"><b>Utilisation simple et flexible : <\/b><span style=\"font-weight: 400;\">par \u00e9cran tactile ou avec les cinq touches de la tablette librement programmables<\/span><\/li>\n<li aria-level=\"1\"><b>Haute s\u00e9curit\u00e9 des donn\u00e9es :<\/b><span style=\"font-weight: 400;\"> puce TPM 2.0 int\u00e9gr\u00e9e et verrou Kensington<\/span><\/li>\n<li aria-level=\"1\"><b>3 ans de garantie bumper-to-bumper<\/b><\/li>\n<\/ul>\n<ul>\n<li style=\"list-style-type: none;\">\n<\/li>\n<\/ul>\n<p>&nbsp;<\/p>\n","protected":false},"featured_media":14026,"comment_status":"open","ping_status":"closed","template":"","meta":{"_acf_changed":false},"product_brand":[],"product_cat":[621],"product_tag":[],"class_list":{"0":"post-30240","1":"product","2":"type-product","3":"status-publish","4":"has-post-thumbnail","6":"product_cat-atex-fr","7":"pa_hersteller-getac-fr","9":"first","10":"instock","11":"taxable","12":"shipping-taxable","13":"purchasable","14":"product-type-simple"},"acf":[],"yoast_head":"<!-- This site is optimized with the Yoast SEO Premium plugin v20.10 (Yoast SEO v24.3) - https:\/\/yoast.com\/wordpress\/plugins\/seo\/ -->\n<title>Acheter un Getac UX10 (2022) - ALEGER \u22c6 Augmented Reality<\/title>\n<meta name=\"description\" content=\"Le Getac UX10 est une tablette robuste qui vous permet de travailler efficacement et en toute s\u00e9curit\u00e9 dans un environnement industriel.\" \/>\n<meta name=\"robots\" content=\"index, follow, max-snippet:-1, max-image-preview:large, max-video-preview:-1\" \/>\n<meta property=\"og:locale\" content=\"fr_FR\" \/>\n<meta property=\"og:type\" content=\"article\" \/>\n<meta property=\"og:title\" content=\"Getac UX10, Tablette durcie, MIL-STD-810G, 10,1 pouces, 256 Go SSD Windows 10\" \/>\n<meta property=\"og:description\" content=\"Le Getac UX10 est une tablette robuste qui vous permet de travailler efficacement et en toute s\u00e9curit\u00e9 dans un environnement industriel.\" \/>\n<meta property=\"og:url\" content=\"https:\/\/alegerglobal.com\/fr\/shop-fr\/atex-fr\/getac-ux10-2\/\" \/>\n<meta property=\"og:site_name\" content=\"ALEGER \u22c6 Augmented Reality\" \/>\n<meta property=\"og:image\" content=\"https:\/\/alegerglobal.com\/wp-content\/uploads\/2021\/01\/UX10-slider-1.png\" \/>\n\t<meta property=\"og:image:width\" content=\"1500\" \/>\n\t<meta property=\"og:image:height\" content=\"1500\" \/>\n\t<meta property=\"og:image:type\" content=\"image\/png\" \/>\n<meta name=\"twitter:card\" content=\"summary_large_image\" \/>\n<meta name=\"twitter:label1\" content=\"Prix\" \/>\n\t<meta name=\"twitter:data1\" content=\"&euro;2.499,99\" \/>\n\t<meta name=\"twitter:label2\" content=\"Disponibilit\u00e9\" \/>\n\t<meta name=\"twitter:data2\" content=\"En stock\" \/>\n<script type=\"application\/ld+json\" class=\"yoast-schema-graph\">{\"@context\":\"https:\/\/schema.org\",\"@graph\":[{\"@type\":\"WebPage\",\"@id\":\"https:\/\/alegerglobal.com\/fr\/shop-fr\/atex-fr\/getac-ux10-2\/\",\"url\":\"https:\/\/alegerglobal.com\/fr\/shop-fr\/atex-fr\/getac-ux10-2\/\",\"name\":\"Acheter un Getac UX10 (2022) - ALEGER \u22c6 Augmented Reality\",\"isPartOf\":{\"@id\":\"https:\/\/alegerglobal.com\/fr\/#website\"},\"primaryImageOfPage\":{\"@id\":\"https:\/\/alegerglobal.com\/fr\/shop-fr\/atex-fr\/getac-ux10-2\/#primaryimage\"},\"image\":{\"@id\":\"https:\/\/alegerglobal.com\/fr\/shop-fr\/atex-fr\/getac-ux10-2\/#primaryimage\"},\"thumbnailUrl\":\"https:\/\/alegerglobal.com\/wp-content\/uploads\/2021\/01\/UX10-slider-1.png\",\"datePublished\":\"2022-05-12T17:44:00+00:00\",\"dateModified\":\"2022-05-12T17:44:00+00:00\",\"description\":\"Le Getac UX10 est une tablette robuste qui vous permet de travailler efficacement et en toute s\u00e9curit\u00e9 dans un environnement industriel.\",\"breadcrumb\":{\"@id\":\"https:\/\/alegerglobal.com\/fr\/shop-fr\/atex-fr\/getac-ux10-2\/#breadcrumb\"},\"inLanguage\":\"fr-FR\",\"potentialAction\":[{\"@type\":\"ReadAction\",\"target\":[\"https:\/\/alegerglobal.com\/fr\/shop-fr\/atex-fr\/getac-ux10-2\/\"]}]},{\"@type\":\"ImageObject\",\"inLanguage\":\"fr-FR\",\"@id\":\"https:\/\/alegerglobal.com\/fr\/shop-fr\/atex-fr\/getac-ux10-2\/#primaryimage\",\"url\":\"https:\/\/alegerglobal.com\/wp-content\/uploads\/2021\/01\/UX10-slider-1.png\",\"contentUrl\":\"https:\/\/alegerglobal.com\/wp-content\/uploads\/2021\/01\/UX10-slider-1.png\",\"width\":1500,\"height\":1500,\"caption\":\"Getac UX10 antid\u00e9flagrant\"},{\"@type\":\"BreadcrumbList\",\"@id\":\"https:\/\/alegerglobal.com\/fr\/shop-fr\/atex-fr\/getac-ux10-2\/#breadcrumb\",\"itemListElement\":[{\"@type\":\"ListItem\",\"position\":1,\"name\":\"Home\",\"item\":\"https:\/\/alegerglobal.com\/fr\/new-page-daccueil\/\"},{\"@type\":\"ListItem\",\"position\":2,\"name\":\"Produits\",\"item\":\"https:\/\/alegerglobal.com\/fr\/produits\/\"},{\"@type\":\"ListItem\",\"position\":3,\"name\":\"Getac UX10, Tablette durcie, MIL-STD-810G, 10,1 pouces, 256 Go SSD Windows 10\"}]},{\"@type\":\"WebSite\",\"@id\":\"https:\/\/alegerglobal.com\/fr\/#website\",\"url\":\"https:\/\/alegerglobal.com\/fr\/\",\"name\":\"ALEGER \u22c6 Augmented Reality\",\"description\":\"Die besten Augmented Reality (AR) L\u00f6sungen der Welt.\",\"publisher\":{\"@id\":\"https:\/\/alegerglobal.com\/fr\/#organization\"},\"potentialAction\":[{\"@type\":\"SearchAction\",\"target\":{\"@type\":\"EntryPoint\",\"urlTemplate\":\"https:\/\/alegerglobal.com\/fr\/?s={search_term_string}\"},\"query-input\":{\"@type\":\"PropertyValueSpecification\",\"valueRequired\":true,\"valueName\":\"search_term_string\"}}],\"inLanguage\":\"fr-FR\"},{\"@type\":\"Organization\",\"@id\":\"https:\/\/alegerglobal.com\/fr\/#organization\",\"name\":\"ALEGER \u22c6 Augmented Reality\",\"url\":\"https:\/\/alegerglobal.com\/fr\/\",\"logo\":{\"@type\":\"ImageObject\",\"inLanguage\":\"fr-FR\",\"@id\":\"https:\/\/alegerglobal.com\/fr\/#\/schema\/logo\/image\/\",\"url\":\"https:\/\/alegerglobal.com\/wp-content\/uploads\/2020\/12\/aleger-logo-quadrat.jpg\",\"contentUrl\":\"https:\/\/alegerglobal.com\/wp-content\/uploads\/2020\/12\/aleger-logo-quadrat.jpg\",\"width\":200,\"height\":176,\"caption\":\"ALEGER \u22c6 Augmented Reality\"},\"image\":{\"@id\":\"https:\/\/alegerglobal.com\/fr\/#\/schema\/logo\/image\/\"}}]}<\/script>\n<meta property=\"product:brand\" content=\"Getac\" \/>\n<meta property=\"product:price:amount\" content=\"2499.99\" \/>\n<meta property=\"product:price:currency\" content=\"EUR\" \/>\n<meta property=\"og:availability\" content=\"instock\" \/>\n<meta property=\"product:availability\" content=\"instock\" \/>\n<meta property=\"product:condition\" content=\"new\" \/>\n<!-- \/ Yoast SEO Premium plugin. -->","yoast_head_json":{"title":"Acheter un Getac UX10 (2022) - ALEGER \u22c6 Augmented Reality","description":"Le Getac UX10 est une tablette robuste qui vous permet de travailler efficacement et en toute s\u00e9curit\u00e9 dans un environnement industriel.","robots":{"index":"index","follow":"follow","max-snippet":"max-snippet:-1","max-image-preview":"max-image-preview:large","max-video-preview":"max-video-preview:-1"},"og_locale":"fr_FR","og_type":"article","og_title":"Getac UX10, Tablette durcie, MIL-STD-810G, 10,1 pouces, 256 Go SSD Windows 10","og_description":"Le Getac UX10 est une tablette robuste qui vous permet de travailler efficacement et en toute s\u00e9curit\u00e9 dans un environnement industriel.","og_url":"https:\/\/alegerglobal.com\/fr\/shop-fr\/atex-fr\/getac-ux10-2\/","og_site_name":"ALEGER \u22c6 Augmented Reality","og_image":[{"width":1500,"height":1500,"url":"https:\/\/alegerglobal.com\/wp-content\/uploads\/2021\/01\/UX10-slider-1.png","type":"image\/png"}],"twitter_card":"summary_large_image","twitter_misc":{"Prix":"&euro;2.499,99","Disponibilit\u00e9":"En stock"},"schema":{"@context":"https:\/\/schema.org","@graph":[{"@type":"WebPage","@id":"https:\/\/alegerglobal.com\/fr\/shop-fr\/atex-fr\/getac-ux10-2\/","url":"https:\/\/alegerglobal.com\/fr\/shop-fr\/atex-fr\/getac-ux10-2\/","name":"Acheter un Getac UX10 (2022) - ALEGER \u22c6 Augmented Reality","isPartOf":{"@id":"https:\/\/alegerglobal.com\/fr\/#website"},"primaryImageOfPage":{"@id":"https:\/\/alegerglobal.com\/fr\/shop-fr\/atex-fr\/getac-ux10-2\/#primaryimage"},"image":{"@id":"https:\/\/alegerglobal.com\/fr\/shop-fr\/atex-fr\/getac-ux10-2\/#primaryimage"},"thumbnailUrl":"https:\/\/alegerglobal.com\/wp-content\/uploads\/2021\/01\/UX10-slider-1.png","datePublished":"2022-05-12T17:44:00+00:00","dateModified":"2022-05-12T17:44:00+00:00","description":"Le Getac UX10 est une tablette robuste qui vous permet de travailler efficacement et en toute s\u00e9curit\u00e9 dans un environnement industriel.","breadcrumb":{"@id":"https:\/\/alegerglobal.com\/fr\/shop-fr\/atex-fr\/getac-ux10-2\/#breadcrumb"},"inLanguage":"fr-FR","potentialAction":[{"@type":"ReadAction","target":["https:\/\/alegerglobal.com\/fr\/shop-fr\/atex-fr\/getac-ux10-2\/"]}]},{"@type":"ImageObject","inLanguage":"fr-FR","@id":"https:\/\/alegerglobal.com\/fr\/shop-fr\/atex-fr\/getac-ux10-2\/#primaryimage","url":"https:\/\/alegerglobal.com\/wp-content\/uploads\/2021\/01\/UX10-slider-1.png","contentUrl":"https:\/\/alegerglobal.com\/wp-content\/uploads\/2021\/01\/UX10-slider-1.png","width":1500,"height":1500,"caption":"Getac UX10 antid\u00e9flagrant"},{"@type":"BreadcrumbList","@id":"https:\/\/alegerglobal.com\/fr\/shop-fr\/atex-fr\/getac-ux10-2\/#breadcrumb","itemListElement":[{"@type":"ListItem","position":1,"name":"Home","item":"https:\/\/alegerglobal.com\/fr\/new-page-daccueil\/"},{"@type":"ListItem","position":2,"name":"Produits","item":"https:\/\/alegerglobal.com\/fr\/produits\/"},{"@type":"ListItem","position":3,"name":"Getac UX10, Tablette durcie, MIL-STD-810G, 10,1 pouces, 256 Go SSD Windows 10"}]},{"@type":"WebSite","@id":"https:\/\/alegerglobal.com\/fr\/#website","url":"https:\/\/alegerglobal.com\/fr\/","name":"ALEGER \u22c6 Augmented Reality","description":"Die besten Augmented Reality (AR) L\u00f6sungen der Welt.","publisher":{"@id":"https:\/\/alegerglobal.com\/fr\/#organization"},"potentialAction":[{"@type":"SearchAction","target":{"@type":"EntryPoint","urlTemplate":"https:\/\/alegerglobal.com\/fr\/?s={search_term_string}"},"query-input":{"@type":"PropertyValueSpecification","valueRequired":true,"valueName":"search_term_string"}}],"inLanguage":"fr-FR"},{"@type":"Organization","@id":"https:\/\/alegerglobal.com\/fr\/#organization","name":"ALEGER \u22c6 Augmented Reality","url":"https:\/\/alegerglobal.com\/fr\/","logo":{"@type":"ImageObject","inLanguage":"fr-FR","@id":"https:\/\/alegerglobal.com\/fr\/#\/schema\/logo\/image\/","url":"https:\/\/alegerglobal.com\/wp-content\/uploads\/2020\/12\/aleger-logo-quadrat.jpg","contentUrl":"https:\/\/alegerglobal.com\/wp-content\/uploads\/2020\/12\/aleger-logo-quadrat.jpg","width":200,"height":176,"caption":"ALEGER \u22c6 Augmented Reality"},"image":{"@id":"https:\/\/alegerglobal.com\/fr\/#\/schema\/logo\/image\/"}}]},"product_brand":"Getac","product_price_amount":"2499.99","product_price_currency":"EUR","og_availability":"instock","product_availability":"instock","product_condition":"new"},"_links":{"self":[{"href":"https:\/\/alegerglobal.com\/fr\/wp-json\/wp\/v2\/product\/30240","targetHints":{"allow":["GET"]}}],"collection":[{"href":"https:\/\/alegerglobal.com\/fr\/wp-json\/wp\/v2\/product"}],"about":[{"href":"https:\/\/alegerglobal.com\/fr\/wp-json\/wp\/v2\/types\/product"}],"replies":[{"embeddable":true,"href":"https:\/\/alegerglobal.com\/fr\/wp-json\/wp\/v2\/comments?post=30240"}],"version-history":[{"count":0,"href":"https:\/\/alegerglobal.com\/fr\/wp-json\/wp\/v2\/product\/30240\/revisions"}],"wp:featuredmedia":[{"embeddable":true,"href":"https:\/\/alegerglobal.com\/fr\/wp-json\/wp\/v2\/media\/14026"}],"wp:attachment":[{"href":"https:\/\/alegerglobal.com\/fr\/wp-json\/wp\/v2\/media?parent=30240"}],"wp:term":[{"taxonomy":"product_brand","embeddable":true,"href":"https:\/\/alegerglobal.com\/fr\/wp-json\/wp\/v2\/product_brand?post=30240"},{"taxonomy":"product_cat","embeddable":true,"href":"https:\/\/alegerglobal.com\/fr\/wp-json\/wp\/v2\/product_cat?post=30240"},{"taxonomy":"product_tag","embeddable":true,"href":"https:\/\/alegerglobal.com\/fr\/wp-json\/wp\/v2\/product_tag?post=30240"}],"curies":[{"name":"wp","href":"https:\/\/api.w.org\/{rel}","templated":true}]}}