{"id":30239,"date":"2021-03-10T07:00:52","date_gmt":"2022-05-12T17:42:42","guid":{"rendered":"https:\/\/alegerglobal.com\/non class\u00e9\/panasonic-toughbook-55-hd-ordinateur-portable-durci-mil-std-810h-ip53-14-pouces-windows-10-pro\/"},"modified":"2022-05-12T18:42:42","modified_gmt":"2022-05-12T17:42:42","slug":"toughbook-55-2","status":"publish","type":"product","link":"https:\/\/alegerglobal.com\/fr\/shop-fr\/ordinateur-portable-durci\/toughbook-55-2\/","title":{"rendered":"Panasonic Toughbook 55 HD, ordinateur portable durci, MIL-STD-810H, IP53, 14 pouces, Windows 10 Pro"},"content":{"rendered":"","protected":false},"excerpt":{"rendered":"<ul>\n<li aria-level=\"1\"><b>Ordinateur portable robuste test\u00e9 selon la norme MIL-STD 810H et certifi\u00e9 IP53<\/b><\/li>\n<li aria-level=\"1\"><b>Visibilit\u00e9 parfaite de toutes les informations : <\/b><span style=\"font-weight: 400;\">\u00c9cran 14 pouces avec affichage Full HD<\/span><\/li>\n<li aria-level=\"1\"><b>Logiciel rapide et s\u00fbr : <\/b><span style=\"font-weight: 400;\">Windows 10 Pro pr\u00e9install\u00e9<\/span><\/li>\n<li aria-level=\"1\"><b>Longue dur\u00e9e d&rsquo;utilisation en ext\u00e9rieur sans pause de charge : <\/b><span style=\"font-weight: 400;\">La batterie de 6500 mAh offre 20 heures d&rsquo;autonomie avec une deuxi\u00e8me batterie de 40 heures<\/span><\/li>\n<li aria-level=\"1\"><b>Stockage rapide de nombreuses donn\u00e9es :<\/b><span style=\"font-weight: 400;\"> SSD int\u00e9gr\u00e9 de 256 Go<\/span><\/li>\n<li aria-level=\"1\"><b>Connexion flexible : <\/b><span style=\"font-weight: 400;\">4g LTE, Bluetooth 5 et Wi-Fi int\u00e9gr\u00e9s<\/span><\/li>\n<li aria-level=\"1\"><b>Rester en contact avec ses coll\u00e8gues : <\/b><span style=\"font-weight: 400;\">quatre microphones int\u00e9gr\u00e9s et une cam\u00e9ra 2 MP pour les appels vid\u00e9o et les conf\u00e9rences<\/span><\/li>\n<\/ul>\n<p><b>Construction l\u00e9g\u00e8re<\/b><span style=\"font-weight: 400;\">Poids total de 2,08 kg seulement<\/span><\/p>\n","protected":false},"featured_media":14974,"comment_status":"open","ping_status":"closed","template":"","meta":{"_acf_changed":false},"product_brand":[],"product_cat":[649,601],"product_tag":[],"class_list":{"0":"post-30239","1":"product","2":"type-product","3":"status-publish","4":"has-post-thumbnail","6":"product_cat-ordinateur-portable-durci","7":"product_cat-shop-fr","8":"pa_hersteller-panasonic-fr","10":"first","11":"instock","12":"taxable","13":"shipping-taxable","14":"purchasable","15":"product-type-simple"},"acf":[],"yoast_head":"<!-- This site is optimized with the Yoast SEO Premium plugin v20.10 (Yoast SEO v24.3) - https:\/\/yoast.com\/wordpress\/plugins\/seo\/ -->\n<title>Acheter un Panasonic Toughbook 55 HD - ALEGER \u22c6 Augmented Reality<\/title>\n<meta name=\"description\" content=\"D\u00e9couvrez ici l&#039;ordinateur portable Toughbook 55 HD rugged de Panasonic, dont la s\u00e9curit\u00e9, la robustesse et la flexibilit\u00e9 sont les ma\u00eetres mots.\" \/>\n<meta name=\"robots\" content=\"index, follow, max-snippet:-1, max-image-preview:large, max-video-preview:-1\" \/>\n<meta property=\"og:locale\" content=\"fr_FR\" \/>\n<meta property=\"og:type\" content=\"article\" \/>\n<meta property=\"og:title\" content=\"Panasonic Toughbook 55 HD, ordinateur portable durci, MIL-STD-810H, IP53, 14 pouces, Windows 10 Pro\" \/>\n<meta property=\"og:description\" content=\"D\u00e9couvrez ici l&#039;ordinateur portable Toughbook 55 HD rugged de Panasonic, dont la s\u00e9curit\u00e9, la robustesse et la flexibilit\u00e9 sont les ma\u00eetres mots.\" \/>\n<meta property=\"og:url\" content=\"https:\/\/alegerglobal.com\/fr\/shop-fr\/ordinateur-portable-durci\/toughbook-55-2\/\" \/>\n<meta property=\"og:site_name\" content=\"ALEGER \u22c6 Augmented Reality\" \/>\n<meta property=\"og:image\" content=\"https:\/\/alegerglobal.com\/wp-content\/uploads\/2021\/03\/Unbenannt-70.jpg\" \/>\n\t<meta property=\"og:image:width\" content=\"800\" \/>\n\t<meta property=\"og:image:height\" content=\"800\" \/>\n\t<meta property=\"og:image:type\" content=\"image\/jpeg\" \/>\n<meta name=\"twitter:card\" content=\"summary_large_image\" \/>\n<meta name=\"twitter:label1\" content=\"Prix\" \/>\n\t<meta name=\"twitter:data1\" content=\"&euro;3.499,99\" \/>\n\t<meta name=\"twitter:label2\" content=\"Disponibilit\u00e9\" \/>\n\t<meta name=\"twitter:data2\" content=\"En stock\" \/>\n<script type=\"application\/ld+json\" class=\"yoast-schema-graph\">{\"@context\":\"https:\/\/schema.org\",\"@graph\":[{\"@type\":\"WebPage\",\"@id\":\"https:\/\/alegerglobal.com\/fr\/shop-fr\/ordinateur-portable-durci\/toughbook-55-2\/\",\"url\":\"https:\/\/alegerglobal.com\/fr\/shop-fr\/ordinateur-portable-durci\/toughbook-55-2\/\",\"name\":\"Acheter un Panasonic Toughbook 55 HD - ALEGER \u22c6 Augmented Reality\",\"isPartOf\":{\"@id\":\"https:\/\/alegerglobal.com\/fr\/#website\"},\"primaryImageOfPage\":{\"@id\":\"https:\/\/alegerglobal.com\/fr\/shop-fr\/ordinateur-portable-durci\/toughbook-55-2\/#primaryimage\"},\"image\":{\"@id\":\"https:\/\/alegerglobal.com\/fr\/shop-fr\/ordinateur-portable-durci\/toughbook-55-2\/#primaryimage\"},\"thumbnailUrl\":\"https:\/\/alegerglobal.com\/wp-content\/uploads\/2021\/03\/Unbenannt-70.jpg\",\"datePublished\":\"2022-05-12T17:42:42+00:00\",\"dateModified\":\"2022-05-12T17:42:42+00:00\",\"description\":\"D\u00e9couvrez ici l'ordinateur portable Toughbook 55 HD rugged de Panasonic, dont la s\u00e9curit\u00e9, la robustesse et la flexibilit\u00e9 sont les ma\u00eetres mots.\",\"breadcrumb\":{\"@id\":\"https:\/\/alegerglobal.com\/fr\/shop-fr\/ordinateur-portable-durci\/toughbook-55-2\/#breadcrumb\"},\"inLanguage\":\"fr-FR\",\"potentialAction\":[{\"@type\":\"ReadAction\",\"target\":[\"https:\/\/alegerglobal.com\/fr\/shop-fr\/ordinateur-portable-durci\/toughbook-55-2\/\"]}]},{\"@type\":\"ImageObject\",\"inLanguage\":\"fr-FR\",\"@id\":\"https:\/\/alegerglobal.com\/fr\/shop-fr\/ordinateur-portable-durci\/toughbook-55-2\/#primaryimage\",\"url\":\"https:\/\/alegerglobal.com\/wp-content\/uploads\/2021\/03\/Unbenannt-70.jpg\",\"contentUrl\":\"https:\/\/alegerglobal.com\/wp-content\/uploads\/2021\/03\/Unbenannt-70.jpg\",\"width\":800,\"height\":800},{\"@type\":\"BreadcrumbList\",\"@id\":\"https:\/\/alegerglobal.com\/fr\/shop-fr\/ordinateur-portable-durci\/toughbook-55-2\/#breadcrumb\",\"itemListElement\":[{\"@type\":\"ListItem\",\"position\":1,\"name\":\"Home\",\"item\":\"https:\/\/alegerglobal.com\/fr\/new-page-daccueil\/\"},{\"@type\":\"ListItem\",\"position\":2,\"name\":\"Produits\",\"item\":\"https:\/\/alegerglobal.com\/fr\/produits\/\"},{\"@type\":\"ListItem\",\"position\":3,\"name\":\"Panasonic Toughbook 55 HD, ordinateur portable durci, MIL-STD-810H, IP53, 14 pouces, Windows 10 Pro\"}]},{\"@type\":\"WebSite\",\"@id\":\"https:\/\/alegerglobal.com\/fr\/#website\",\"url\":\"https:\/\/alegerglobal.com\/fr\/\",\"name\":\"ALEGER \u22c6 Augmented Reality\",\"description\":\"Die besten Augmented Reality (AR) L\u00f6sungen der Welt.\",\"publisher\":{\"@id\":\"https:\/\/alegerglobal.com\/fr\/#organization\"},\"potentialAction\":[{\"@type\":\"SearchAction\",\"target\":{\"@type\":\"EntryPoint\",\"urlTemplate\":\"https:\/\/alegerglobal.com\/fr\/?s={search_term_string}\"},\"query-input\":{\"@type\":\"PropertyValueSpecification\",\"valueRequired\":true,\"valueName\":\"search_term_string\"}}],\"inLanguage\":\"fr-FR\"},{\"@type\":\"Organization\",\"@id\":\"https:\/\/alegerglobal.com\/fr\/#organization\",\"name\":\"ALEGER \u22c6 Augmented Reality\",\"url\":\"https:\/\/alegerglobal.com\/fr\/\",\"logo\":{\"@type\":\"ImageObject\",\"inLanguage\":\"fr-FR\",\"@id\":\"https:\/\/alegerglobal.com\/fr\/#\/schema\/logo\/image\/\",\"url\":\"https:\/\/alegerglobal.com\/wp-content\/uploads\/2020\/12\/aleger-logo-quadrat.jpg\",\"contentUrl\":\"https:\/\/alegerglobal.com\/wp-content\/uploads\/2020\/12\/aleger-logo-quadrat.jpg\",\"width\":200,\"height\":176,\"caption\":\"ALEGER \u22c6 Augmented Reality\"},\"image\":{\"@id\":\"https:\/\/alegerglobal.com\/fr\/#\/schema\/logo\/image\/\"}}]}<\/script>\n<meta property=\"product:brand\" content=\"Panasonic\" \/>\n<meta property=\"product:price:amount\" content=\"3499.99\" \/>\n<meta property=\"product:price:currency\" content=\"EUR\" \/>\n<meta property=\"og:availability\" content=\"instock\" \/>\n<meta property=\"product:availability\" content=\"instock\" \/>\n<meta property=\"product:condition\" content=\"new\" \/>\n<!-- \/ Yoast SEO Premium plugin. -->","yoast_head_json":{"title":"Acheter un Panasonic Toughbook 55 HD - ALEGER \u22c6 Augmented Reality","description":"D\u00e9couvrez ici l'ordinateur portable Toughbook 55 HD rugged de Panasonic, dont la s\u00e9curit\u00e9, la robustesse et la flexibilit\u00e9 sont les ma\u00eetres mots.","robots":{"index":"index","follow":"follow","max-snippet":"max-snippet:-1","max-image-preview":"max-image-preview:large","max-video-preview":"max-video-preview:-1"},"og_locale":"fr_FR","og_type":"article","og_title":"Panasonic Toughbook 55 HD, ordinateur portable durci, MIL-STD-810H, IP53, 14 pouces, Windows 10 Pro","og_description":"D\u00e9couvrez ici l'ordinateur portable Toughbook 55 HD rugged de Panasonic, dont la s\u00e9curit\u00e9, la robustesse et la flexibilit\u00e9 sont les ma\u00eetres mots.","og_url":"https:\/\/alegerglobal.com\/fr\/shop-fr\/ordinateur-portable-durci\/toughbook-55-2\/","og_site_name":"ALEGER \u22c6 Augmented Reality","og_image":[{"width":800,"height":800,"url":"https:\/\/alegerglobal.com\/wp-content\/uploads\/2021\/03\/Unbenannt-70.jpg","type":"image\/jpeg"}],"twitter_card":"summary_large_image","twitter_misc":{"Prix":"&euro;3.499,99","Disponibilit\u00e9":"En stock"},"schema":{"@context":"https:\/\/schema.org","@graph":[{"@type":"WebPage","@id":"https:\/\/alegerglobal.com\/fr\/shop-fr\/ordinateur-portable-durci\/toughbook-55-2\/","url":"https:\/\/alegerglobal.com\/fr\/shop-fr\/ordinateur-portable-durci\/toughbook-55-2\/","name":"Acheter un Panasonic Toughbook 55 HD - ALEGER \u22c6 Augmented Reality","isPartOf":{"@id":"https:\/\/alegerglobal.com\/fr\/#website"},"primaryImageOfPage":{"@id":"https:\/\/alegerglobal.com\/fr\/shop-fr\/ordinateur-portable-durci\/toughbook-55-2\/#primaryimage"},"image":{"@id":"https:\/\/alegerglobal.com\/fr\/shop-fr\/ordinateur-portable-durci\/toughbook-55-2\/#primaryimage"},"thumbnailUrl":"https:\/\/alegerglobal.com\/wp-content\/uploads\/2021\/03\/Unbenannt-70.jpg","datePublished":"2022-05-12T17:42:42+00:00","dateModified":"2022-05-12T17:42:42+00:00","description":"D\u00e9couvrez ici l'ordinateur portable Toughbook 55 HD rugged de Panasonic, dont la s\u00e9curit\u00e9, la robustesse et la flexibilit\u00e9 sont les ma\u00eetres mots.","breadcrumb":{"@id":"https:\/\/alegerglobal.com\/fr\/shop-fr\/ordinateur-portable-durci\/toughbook-55-2\/#breadcrumb"},"inLanguage":"fr-FR","potentialAction":[{"@type":"ReadAction","target":["https:\/\/alegerglobal.com\/fr\/shop-fr\/ordinateur-portable-durci\/toughbook-55-2\/"]}]},{"@type":"ImageObject","inLanguage":"fr-FR","@id":"https:\/\/alegerglobal.com\/fr\/shop-fr\/ordinateur-portable-durci\/toughbook-55-2\/#primaryimage","url":"https:\/\/alegerglobal.com\/wp-content\/uploads\/2021\/03\/Unbenannt-70.jpg","contentUrl":"https:\/\/alegerglobal.com\/wp-content\/uploads\/2021\/03\/Unbenannt-70.jpg","width":800,"height":800},{"@type":"BreadcrumbList","@id":"https:\/\/alegerglobal.com\/fr\/shop-fr\/ordinateur-portable-durci\/toughbook-55-2\/#breadcrumb","itemListElement":[{"@type":"ListItem","position":1,"name":"Home","item":"https:\/\/alegerglobal.com\/fr\/new-page-daccueil\/"},{"@type":"ListItem","position":2,"name":"Produits","item":"https:\/\/alegerglobal.com\/fr\/produits\/"},{"@type":"ListItem","position":3,"name":"Panasonic Toughbook 55 HD, ordinateur portable durci, MIL-STD-810H, IP53, 14 pouces, Windows 10 Pro"}]},{"@type":"WebSite","@id":"https:\/\/alegerglobal.com\/fr\/#website","url":"https:\/\/alegerglobal.com\/fr\/","name":"ALEGER \u22c6 Augmented Reality","description":"Die besten Augmented Reality (AR) L\u00f6sungen der Welt.","publisher":{"@id":"https:\/\/alegerglobal.com\/fr\/#organization"},"potentialAction":[{"@type":"SearchAction","target":{"@type":"EntryPoint","urlTemplate":"https:\/\/alegerglobal.com\/fr\/?s={search_term_string}"},"query-input":{"@type":"PropertyValueSpecification","valueRequired":true,"valueName":"search_term_string"}}],"inLanguage":"fr-FR"},{"@type":"Organization","@id":"https:\/\/alegerglobal.com\/fr\/#organization","name":"ALEGER \u22c6 Augmented Reality","url":"https:\/\/alegerglobal.com\/fr\/","logo":{"@type":"ImageObject","inLanguage":"fr-FR","@id":"https:\/\/alegerglobal.com\/fr\/#\/schema\/logo\/image\/","url":"https:\/\/alegerglobal.com\/wp-content\/uploads\/2020\/12\/aleger-logo-quadrat.jpg","contentUrl":"https:\/\/alegerglobal.com\/wp-content\/uploads\/2020\/12\/aleger-logo-quadrat.jpg","width":200,"height":176,"caption":"ALEGER \u22c6 Augmented Reality"},"image":{"@id":"https:\/\/alegerglobal.com\/fr\/#\/schema\/logo\/image\/"}}]},"product_brand":"Panasonic","product_price_amount":"3499.99","product_price_currency":"EUR","og_availability":"instock","product_availability":"instock","product_condition":"new"},"_links":{"self":[{"href":"https:\/\/alegerglobal.com\/fr\/wp-json\/wp\/v2\/product\/30239","targetHints":{"allow":["GET"]}}],"collection":[{"href":"https:\/\/alegerglobal.com\/fr\/wp-json\/wp\/v2\/product"}],"about":[{"href":"https:\/\/alegerglobal.com\/fr\/wp-json\/wp\/v2\/types\/product"}],"replies":[{"embeddable":true,"href":"https:\/\/alegerglobal.com\/fr\/wp-json\/wp\/v2\/comments?post=30239"}],"version-history":[{"count":0,"href":"https:\/\/alegerglobal.com\/fr\/wp-json\/wp\/v2\/product\/30239\/revisions"}],"wp:featuredmedia":[{"embeddable":true,"href":"https:\/\/alegerglobal.com\/fr\/wp-json\/wp\/v2\/media\/14974"}],"wp:attachment":[{"href":"https:\/\/alegerglobal.com\/fr\/wp-json\/wp\/v2\/media?parent=30239"}],"wp:term":[{"taxonomy":"product_brand","embeddable":true,"href":"https:\/\/alegerglobal.com\/fr\/wp-json\/wp\/v2\/product_brand?post=30239"},{"taxonomy":"product_cat","embeddable":true,"href":"https:\/\/alegerglobal.com\/fr\/wp-json\/wp\/v2\/product_cat?post=30239"},{"taxonomy":"product_tag","embeddable":true,"href":"https:\/\/alegerglobal.com\/fr\/wp-json\/wp\/v2\/product_tag?post=30239"}],"curies":[{"name":"wp","href":"https:\/\/api.w.org\/{rel}","templated":true}]}}