{"id":30237,"date":"2021-03-10T08:08:48","date_gmt":"2022-05-12T17:42:38","guid":{"rendered":"https:\/\/alegerglobal.com\/non class\u00e9\/getac-ex80-tablette-antideflagrante-atex-1-2-ip67-mil-std-810-g-8-pouces-windows-10-pro\/"},"modified":"2022-05-12T18:42:38","modified_gmt":"2022-05-12T17:42:38","slug":"ex-tablet-getac-ex-80-2","status":"publish","type":"product","link":"https:\/\/alegerglobal.com\/fr\/shop-fr\/ex-tablet-getac-ex-80-2\/","title":{"rendered":"Getac EX80, tablette antid\u00e9flagrante ATEX 1 &amp; 2, IP67, MIL-STD 810 G, 8 pouces, Windows 10 Pro"},"content":{"rendered":"","protected":false},"excerpt":{"rendered":"<ul>\n<li aria-level=\"1\"><b>Tablette Getac enti\u00e8rement durcie pour ATEX Zone 1 et 2, test\u00e9e selon MIL-STD 810G, certifi\u00e9e IP67 et prot\u00e9g\u00e9e contre le brouillard salin<\/b><\/li>\n<li aria-level=\"1\"><b>Utilisable avec la plupart des logiciels :<\/b><span style=\"font-weight: 400;\"> Le syst\u00e8me d&rsquo;exploitation Windows 10 Pro vous offre une compatibilit\u00e9 maximale avec les logiciels.<\/span><\/li>\n<li aria-level=\"1\"><b>Toujours toutes les donn\u00e9es en vue :<\/b><span style=\"font-weight: 400;\"> \u00c9cran 8 pouces avec une luminosit\u00e9 de 600 Nits et une grande lisibilit\u00e9 m\u00eame en plein soleil<\/span><\/li>\n<li aria-level=\"1\"><b>Commande flexible :<\/b><span style=\"font-weight: 400;\"> \u00c9cran tactile utilisable avec des gants ordinaires et clavier \u00e0 six touches, dont des touches librement programmables<\/span><\/li>\n<li aria-level=\"1\"><b>Assez de place pour toutes les donn\u00e9es : <\/b><span style=\"font-weight: 400;\">128 Go de stockage de donn\u00e9es<\/span><\/li>\n<li aria-level=\"1\"><b>Participer sans probl\u00e8me \u00e0 des vid\u00e9oconf\u00e9rences et documenter l&rsquo;intervention :<\/b><span style=\"font-weight: 400;\"> Cam\u00e9ra frontale 2 MP et appareil photo 8 MP avec flash LED et autofocus<\/span><\/li>\n<li aria-level=\"1\"><b>Longue dur\u00e9e d&rsquo;utilisation sans pauses de chargement :<\/b><span style=\"font-weight: 400;\"> Batterie de 4200 mAh avec 10 heures d&rsquo;autonomie<\/span><\/li>\n<\/ul>\n","protected":false},"featured_media":14234,"comment_status":"open","ping_status":"closed","template":"","meta":{"_acf_changed":false},"product_brand":[],"product_cat":[601],"product_tag":[],"class_list":{"0":"post-30237","1":"product","2":"type-product","3":"status-publish","4":"has-post-thumbnail","6":"product_cat-shop-fr","7":"pa_hersteller-getac-fr","9":"first","10":"instock","11":"taxable","12":"shipping-taxable","13":"purchasable","14":"product-type-simple"},"acf":[],"yoast_head":"<!-- This site is optimized with the Yoast SEO Premium plugin v20.10 (Yoast SEO v24.3) - https:\/\/yoast.com\/wordpress\/plugins\/seo\/ -->\n<title>Getac EX80 acheter - ALEGER \u22c6 Augmented Reality<\/title>\n<meta name=\"description\" content=\"D\u00e9couvrez ici la tablette durcie EX80 ! C&#039;est la seule tablette Getac con\u00e7ue pour une utilisation en s\u00e9curit\u00e9 intrins\u00e8que en Zone 1 et Zone 2 !\" \/>\n<meta name=\"robots\" content=\"index, follow, max-snippet:-1, max-image-preview:large, max-video-preview:-1\" \/>\n<meta property=\"og:locale\" content=\"fr_FR\" \/>\n<meta property=\"og:type\" content=\"article\" \/>\n<meta property=\"og:title\" content=\"Getac EX80, tablette antid\u00e9flagrante ATEX 1 &amp; 2, IP67, MIL-STD 810 G, 8 pouces, Windows 10 Pro\" \/>\n<meta property=\"og:description\" content=\"D\u00e9couvrez ici la tablette durcie EX80 ! C&#039;est la seule tablette Getac con\u00e7ue pour une utilisation en s\u00e9curit\u00e9 intrins\u00e8que en Zone 1 et Zone 2 !\" \/>\n<meta property=\"og:url\" content=\"https:\/\/alegerglobal.com\/fr\/shop-fr\/ex-tablet-getac-ex-80-2\/\" \/>\n<meta property=\"og:site_name\" content=\"ALEGER \u22c6 Augmented Reality\" \/>\n<meta property=\"og:image\" content=\"https:\/\/alegerglobal.com\/wp-content\/uploads\/2021\/02\/ex80-hero_1.png\" \/>\n\t<meta property=\"og:image:width\" content=\"1280\" \/>\n\t<meta property=\"og:image:height\" content=\"1280\" \/>\n\t<meta property=\"og:image:type\" content=\"image\/png\" \/>\n<meta name=\"twitter:card\" content=\"summary_large_image\" \/>\n<meta name=\"twitter:label1\" content=\"Prix\" \/>\n\t<meta name=\"twitter:data1\" content=\"&euro;3.499,99\" \/>\n\t<meta name=\"twitter:label2\" content=\"Disponibilit\u00e9\" \/>\n\t<meta name=\"twitter:data2\" content=\"En stock\" \/>\n<script type=\"application\/ld+json\" class=\"yoast-schema-graph\">{\"@context\":\"https:\/\/schema.org\",\"@graph\":[{\"@type\":\"WebPage\",\"@id\":\"https:\/\/alegerglobal.com\/fr\/shop-fr\/ex-tablet-getac-ex-80-2\/\",\"url\":\"https:\/\/alegerglobal.com\/fr\/shop-fr\/ex-tablet-getac-ex-80-2\/\",\"name\":\"Getac EX80 acheter - ALEGER \u22c6 Augmented Reality\",\"isPartOf\":{\"@id\":\"https:\/\/alegerglobal.com\/fr\/#website\"},\"primaryImageOfPage\":{\"@id\":\"https:\/\/alegerglobal.com\/fr\/shop-fr\/ex-tablet-getac-ex-80-2\/#primaryimage\"},\"image\":{\"@id\":\"https:\/\/alegerglobal.com\/fr\/shop-fr\/ex-tablet-getac-ex-80-2\/#primaryimage\"},\"thumbnailUrl\":\"https:\/\/alegerglobal.com\/wp-content\/uploads\/2021\/02\/ex80-hero_1.png\",\"datePublished\":\"2022-05-12T17:42:38+00:00\",\"dateModified\":\"2022-05-12T17:42:38+00:00\",\"description\":\"D\u00e9couvrez ici la tablette durcie EX80 ! C'est la seule tablette Getac con\u00e7ue pour une utilisation en s\u00e9curit\u00e9 intrins\u00e8que en Zone 1 et Zone 2 !\",\"breadcrumb\":{\"@id\":\"https:\/\/alegerglobal.com\/fr\/shop-fr\/ex-tablet-getac-ex-80-2\/#breadcrumb\"},\"inLanguage\":\"fr-FR\",\"potentialAction\":[{\"@type\":\"ReadAction\",\"target\":[\"https:\/\/alegerglobal.com\/fr\/shop-fr\/ex-tablet-getac-ex-80-2\/\"]}]},{\"@type\":\"ImageObject\",\"inLanguage\":\"fr-FR\",\"@id\":\"https:\/\/alegerglobal.com\/fr\/shop-fr\/ex-tablet-getac-ex-80-2\/#primaryimage\",\"url\":\"https:\/\/alegerglobal.com\/wp-content\/uploads\/2021\/02\/ex80-hero_1.png\",\"contentUrl\":\"https:\/\/alegerglobal.com\/wp-content\/uploads\/2021\/02\/ex80-hero_1.png\",\"width\":1280,\"height\":1280,\"caption\":\"Getac EX80, tablette antid\u00e9flagrante ATEX 1 &amp; 2\"},{\"@type\":\"BreadcrumbList\",\"@id\":\"https:\/\/alegerglobal.com\/fr\/shop-fr\/ex-tablet-getac-ex-80-2\/#breadcrumb\",\"itemListElement\":[{\"@type\":\"ListItem\",\"position\":1,\"name\":\"Home\",\"item\":\"https:\/\/alegerglobal.com\/fr\/new-page-daccueil\/\"},{\"@type\":\"ListItem\",\"position\":2,\"name\":\"Produits\",\"item\":\"https:\/\/alegerglobal.com\/fr\/produits\/\"},{\"@type\":\"ListItem\",\"position\":3,\"name\":\"Getac EX80, tablette antid\u00e9flagrante ATEX 1 &amp; 2, IP67, MIL-STD 810 G, 8 pouces, Windows 10 Pro\"}]},{\"@type\":\"WebSite\",\"@id\":\"https:\/\/alegerglobal.com\/fr\/#website\",\"url\":\"https:\/\/alegerglobal.com\/fr\/\",\"name\":\"ALEGER \u22c6 Augmented Reality\",\"description\":\"Die besten Augmented Reality (AR) L\u00f6sungen der Welt.\",\"publisher\":{\"@id\":\"https:\/\/alegerglobal.com\/fr\/#organization\"},\"potentialAction\":[{\"@type\":\"SearchAction\",\"target\":{\"@type\":\"EntryPoint\",\"urlTemplate\":\"https:\/\/alegerglobal.com\/fr\/?s={search_term_string}\"},\"query-input\":{\"@type\":\"PropertyValueSpecification\",\"valueRequired\":true,\"valueName\":\"search_term_string\"}}],\"inLanguage\":\"fr-FR\"},{\"@type\":\"Organization\",\"@id\":\"https:\/\/alegerglobal.com\/fr\/#organization\",\"name\":\"ALEGER \u22c6 Augmented Reality\",\"url\":\"https:\/\/alegerglobal.com\/fr\/\",\"logo\":{\"@type\":\"ImageObject\",\"inLanguage\":\"fr-FR\",\"@id\":\"https:\/\/alegerglobal.com\/fr\/#\/schema\/logo\/image\/\",\"url\":\"https:\/\/alegerglobal.com\/wp-content\/uploads\/2020\/12\/aleger-logo-quadrat.jpg\",\"contentUrl\":\"https:\/\/alegerglobal.com\/wp-content\/uploads\/2020\/12\/aleger-logo-quadrat.jpg\",\"width\":200,\"height\":176,\"caption\":\"ALEGER \u22c6 Augmented Reality\"},\"image\":{\"@id\":\"https:\/\/alegerglobal.com\/fr\/#\/schema\/logo\/image\/\"}}]}<\/script>\n<meta property=\"product:brand\" content=\"Getac\" \/>\n<meta property=\"product:price:amount\" content=\"3499.99\" \/>\n<meta property=\"product:price:currency\" content=\"EUR\" \/>\n<meta property=\"og:availability\" content=\"instock\" \/>\n<meta property=\"product:availability\" content=\"instock\" \/>\n<meta property=\"product:condition\" content=\"new\" \/>\n<!-- \/ Yoast SEO Premium plugin. -->","yoast_head_json":{"title":"Getac EX80 acheter - ALEGER \u22c6 Augmented Reality","description":"D\u00e9couvrez ici la tablette durcie EX80 ! C'est la seule tablette Getac con\u00e7ue pour une utilisation en s\u00e9curit\u00e9 intrins\u00e8que en Zone 1 et Zone 2 !","robots":{"index":"index","follow":"follow","max-snippet":"max-snippet:-1","max-image-preview":"max-image-preview:large","max-video-preview":"max-video-preview:-1"},"og_locale":"fr_FR","og_type":"article","og_title":"Getac EX80, tablette antid\u00e9flagrante ATEX 1 &amp; 2, IP67, MIL-STD 810 G, 8 pouces, Windows 10 Pro","og_description":"D\u00e9couvrez ici la tablette durcie EX80 ! C'est la seule tablette Getac con\u00e7ue pour une utilisation en s\u00e9curit\u00e9 intrins\u00e8que en Zone 1 et Zone 2 !","og_url":"https:\/\/alegerglobal.com\/fr\/shop-fr\/ex-tablet-getac-ex-80-2\/","og_site_name":"ALEGER \u22c6 Augmented Reality","og_image":[{"width":1280,"height":1280,"url":"https:\/\/alegerglobal.com\/wp-content\/uploads\/2021\/02\/ex80-hero_1.png","type":"image\/png"}],"twitter_card":"summary_large_image","twitter_misc":{"Prix":"&euro;3.499,99","Disponibilit\u00e9":"En stock"},"schema":{"@context":"https:\/\/schema.org","@graph":[{"@type":"WebPage","@id":"https:\/\/alegerglobal.com\/fr\/shop-fr\/ex-tablet-getac-ex-80-2\/","url":"https:\/\/alegerglobal.com\/fr\/shop-fr\/ex-tablet-getac-ex-80-2\/","name":"Getac EX80 acheter - ALEGER \u22c6 Augmented Reality","isPartOf":{"@id":"https:\/\/alegerglobal.com\/fr\/#website"},"primaryImageOfPage":{"@id":"https:\/\/alegerglobal.com\/fr\/shop-fr\/ex-tablet-getac-ex-80-2\/#primaryimage"},"image":{"@id":"https:\/\/alegerglobal.com\/fr\/shop-fr\/ex-tablet-getac-ex-80-2\/#primaryimage"},"thumbnailUrl":"https:\/\/alegerglobal.com\/wp-content\/uploads\/2021\/02\/ex80-hero_1.png","datePublished":"2022-05-12T17:42:38+00:00","dateModified":"2022-05-12T17:42:38+00:00","description":"D\u00e9couvrez ici la tablette durcie EX80 ! C'est la seule tablette Getac con\u00e7ue pour une utilisation en s\u00e9curit\u00e9 intrins\u00e8que en Zone 1 et Zone 2 !","breadcrumb":{"@id":"https:\/\/alegerglobal.com\/fr\/shop-fr\/ex-tablet-getac-ex-80-2\/#breadcrumb"},"inLanguage":"fr-FR","potentialAction":[{"@type":"ReadAction","target":["https:\/\/alegerglobal.com\/fr\/shop-fr\/ex-tablet-getac-ex-80-2\/"]}]},{"@type":"ImageObject","inLanguage":"fr-FR","@id":"https:\/\/alegerglobal.com\/fr\/shop-fr\/ex-tablet-getac-ex-80-2\/#primaryimage","url":"https:\/\/alegerglobal.com\/wp-content\/uploads\/2021\/02\/ex80-hero_1.png","contentUrl":"https:\/\/alegerglobal.com\/wp-content\/uploads\/2021\/02\/ex80-hero_1.png","width":1280,"height":1280,"caption":"Getac EX80, tablette antid\u00e9flagrante ATEX 1 &amp; 2"},{"@type":"BreadcrumbList","@id":"https:\/\/alegerglobal.com\/fr\/shop-fr\/ex-tablet-getac-ex-80-2\/#breadcrumb","itemListElement":[{"@type":"ListItem","position":1,"name":"Home","item":"https:\/\/alegerglobal.com\/fr\/new-page-daccueil\/"},{"@type":"ListItem","position":2,"name":"Produits","item":"https:\/\/alegerglobal.com\/fr\/produits\/"},{"@type":"ListItem","position":3,"name":"Getac EX80, tablette antid\u00e9flagrante ATEX 1 &amp; 2, IP67, MIL-STD 810 G, 8 pouces, Windows 10 Pro"}]},{"@type":"WebSite","@id":"https:\/\/alegerglobal.com\/fr\/#website","url":"https:\/\/alegerglobal.com\/fr\/","name":"ALEGER \u22c6 Augmented Reality","description":"Die besten Augmented Reality (AR) L\u00f6sungen der Welt.","publisher":{"@id":"https:\/\/alegerglobal.com\/fr\/#organization"},"potentialAction":[{"@type":"SearchAction","target":{"@type":"EntryPoint","urlTemplate":"https:\/\/alegerglobal.com\/fr\/?s={search_term_string}"},"query-input":{"@type":"PropertyValueSpecification","valueRequired":true,"valueName":"search_term_string"}}],"inLanguage":"fr-FR"},{"@type":"Organization","@id":"https:\/\/alegerglobal.com\/fr\/#organization","name":"ALEGER \u22c6 Augmented Reality","url":"https:\/\/alegerglobal.com\/fr\/","logo":{"@type":"ImageObject","inLanguage":"fr-FR","@id":"https:\/\/alegerglobal.com\/fr\/#\/schema\/logo\/image\/","url":"https:\/\/alegerglobal.com\/wp-content\/uploads\/2020\/12\/aleger-logo-quadrat.jpg","contentUrl":"https:\/\/alegerglobal.com\/wp-content\/uploads\/2020\/12\/aleger-logo-quadrat.jpg","width":200,"height":176,"caption":"ALEGER \u22c6 Augmented Reality"},"image":{"@id":"https:\/\/alegerglobal.com\/fr\/#\/schema\/logo\/image\/"}}]},"product_brand":"Getac","product_price_amount":"3499.99","product_price_currency":"EUR","og_availability":"instock","product_availability":"instock","product_condition":"new"},"_links":{"self":[{"href":"https:\/\/alegerglobal.com\/fr\/wp-json\/wp\/v2\/product\/30237","targetHints":{"allow":["GET"]}}],"collection":[{"href":"https:\/\/alegerglobal.com\/fr\/wp-json\/wp\/v2\/product"}],"about":[{"href":"https:\/\/alegerglobal.com\/fr\/wp-json\/wp\/v2\/types\/product"}],"replies":[{"embeddable":true,"href":"https:\/\/alegerglobal.com\/fr\/wp-json\/wp\/v2\/comments?post=30237"}],"version-history":[{"count":0,"href":"https:\/\/alegerglobal.com\/fr\/wp-json\/wp\/v2\/product\/30237\/revisions"}],"wp:featuredmedia":[{"embeddable":true,"href":"https:\/\/alegerglobal.com\/fr\/wp-json\/wp\/v2\/media\/14234"}],"wp:attachment":[{"href":"https:\/\/alegerglobal.com\/fr\/wp-json\/wp\/v2\/media?parent=30237"}],"wp:term":[{"taxonomy":"product_brand","embeddable":true,"href":"https:\/\/alegerglobal.com\/fr\/wp-json\/wp\/v2\/product_brand?post=30237"},{"taxonomy":"product_cat","embeddable":true,"href":"https:\/\/alegerglobal.com\/fr\/wp-json\/wp\/v2\/product_cat?post=30237"},{"taxonomy":"product_tag","embeddable":true,"href":"https:\/\/alegerglobal.com\/fr\/wp-json\/wp\/v2\/product_tag?post=30237"}],"curies":[{"name":"wp","href":"https:\/\/api.w.org\/{rel}","templated":true}]}}