{"id":30225,"date":"2021-03-07T09:09:35","date_gmt":"2022-05-12T17:39:40","guid":{"rendered":"https:\/\/alegerglobal.com\/non class\u00e9\/ecom-smart-ex-02-dz1-smartphone-antideflagrant-pour-atex-zone-1-ecran-tactile-5-android\/"},"modified":"2022-05-12T18:39:40","modified_gmt":"2022-05-12T17:39:40","slug":"ecom-smart-ex-02-dz1-2","status":"publish","type":"product","link":"https:\/\/alegerglobal.com\/fr\/shop-fr\/industrie-smartphone-fr\/ecom-smart-ex-02-dz1-2\/","title":{"rendered":"ecom Smart-Ex 02 DZ1, Smartphone antid\u00e9flagrant pour ATEX Zone 1, \u00e9cran tactile 5&Prime;, Android"},"content":{"rendered":"","protected":false},"excerpt":{"rendered":"<ul>\n<li style=\"font-weight: 400;\"><b>Possibilit\u00e9s d&rsquo;utilisation dans le monde entier<\/b><span style=\"font-weight: 400;\">: Selon <\/span><span style=\"font-weight: 400;\">ATEX <\/span><span style=\"font-weight: 400;\">l&rsquo;appareil convient pour les zones \u00e0 risque d&rsquo;explosion en<\/span><span style=\"font-weight: 400;\"> Zone Ex<\/span><span style=\"font-weight: 400;\"> 1\/21 et de la Classe 1\/ Div 1. <\/span> <\/li>\n<li style=\"font-weight: 400;\"><b>\u00e9cran prot\u00e9g\u00e9 par un verre Gorilla\u00ae Glass : <\/b><span style=\"font-weight: 400;\">L&rsquo;\u00e9cran tactile haute r\u00e9solution de 5 pouces<\/span> <span style=\"font-weight: 400;\">se lit sans probl\u00e8me en plein soleil et reste fonctionnel m\u00eame avec des gants ou par temps humide.<\/span><\/li>\n<li><b>Batterie interchangeable et puissante :<\/b><span style=\"font-weight: 400;\"> Le <\/span><span style=\"font-weight: 400;\">smartphone \u00e0 s\u00e9curit\u00e9 intrins\u00e8que <\/span><span style=\"font-weight: 400;\">utilise une batterie puissante <\/span><span style=\"font-weight: 400;\">4400 mAh, ce qui vous permet de faire face aux longues journ\u00e9es de travail.<\/span><\/li>\n<li><b>Touches optimis\u00e9es<\/b><span style=\"font-weight: 400;\">La position et la taille des touches ont \u00e9t\u00e9 adapt\u00e9es \u00e0 l&rsquo;utilisation avec des gants. <\/span><span style=\"font-weight: 400;\">La fonction Push- to- Talk et d&rsquo;autres acc\u00e8s DeepL permettent une utilisation particuli\u00e8rement efficace.<\/span><\/li>\n<li><b>Pour une plage de temp\u00e9rature \u00e9tendue : <\/b><span style=\"font-weight: 400;\">En plus de la<\/span><span style=\"font-weight: 400;\"> certification IP68<\/span><span style=\"font-weight: 400;\"> le smartphone est pleinement op\u00e9rationnel m\u00eame \u00e0 des temp\u00e9ratures comprises entre -20\u00b0C et +60\u00b0C. <\/span> <\/li>\n<li style=\"font-weight: 400;\"><b>Pour les environnements difficiles : <\/b><span style=\"font-weight: 400;\">Ce smartphone robuste est un compagnon fiable sur le terrain et prot\u00e8ge contre l&rsquo;humidit\u00e9, les produits chimiques, les vibrations, la poussi\u00e8re et les rayons du soleil. <\/span> <\/li>\n<\/ul>\n","protected":false},"featured_media":13875,"comment_status":"open","ping_status":"closed","template":"","meta":{"_acf_changed":false},"product_brand":[],"product_cat":[621,633,601],"product_tag":[],"class_list":{"0":"post-30225","1":"product","2":"type-product","3":"status-publish","4":"has-post-thumbnail","6":"product_cat-atex-fr","7":"product_cat-industrie-smartphone-fr","8":"product_cat-shop-fr","9":"pa_hersteller-ecom-fr","11":"first","12":"instock","13":"taxable","14":"shipping-taxable","15":"purchasable","16":"product-type-simple"},"acf":[],"yoast_head":"<!-- This site is optimized with the Yoast SEO Premium plugin v20.10 (Yoast SEO v24.3) - https:\/\/yoast.com\/wordpress\/plugins\/seo\/ -->\n<title>Acheter Ecom Smart-Ex 02 DZ1 - ALEGER \u22c6 Augmented Reality<\/title>\n<meta name=\"description\" content=\"Le Smart-Ex 02 DZ1 d&#039;Ecom est le compagnon id\u00e9al pour vos interventions en ext\u00e9rieur dans des zones \u00e0 risque d&#039;explosion. En savoir plus ici.\" \/>\n<meta name=\"robots\" content=\"index, follow, max-snippet:-1, max-image-preview:large, max-video-preview:-1\" \/>\n<meta property=\"og:locale\" content=\"fr_FR\" \/>\n<meta property=\"og:type\" content=\"article\" \/>\n<meta property=\"og:title\" content=\"ecom Smart-Ex 02 DZ1, Smartphone antid\u00e9flagrant pour ATEX Zone 1, \u00e9cran tactile 5&quot;, Android\" \/>\n<meta property=\"og:description\" content=\"Le Smart-Ex 02 DZ1 d&#039;Ecom est le compagnon id\u00e9al pour vos interventions en ext\u00e9rieur dans des zones \u00e0 risque d&#039;explosion. En savoir plus ici.\" \/>\n<meta property=\"og:url\" content=\"https:\/\/alegerglobal.com\/fr\/shop-fr\/industrie-smartphone-fr\/ecom-smart-ex-02-dz1-2\/\" \/>\n<meta property=\"og:site_name\" content=\"ALEGER \u22c6 Augmented Reality\" \/>\n<meta property=\"og:image\" content=\"https:\/\/alegerglobal.com\/wp-content\/uploads\/2021\/01\/csm_smart-ex_02-tech_c6f7974c67.png\" \/>\n\t<meta property=\"og:image:width\" content=\"555\" \/>\n\t<meta property=\"og:image:height\" content=\"555\" \/>\n\t<meta property=\"og:image:type\" content=\"image\/png\" \/>\n<meta name=\"twitter:card\" content=\"summary_large_image\" \/>\n<meta name=\"twitter:label1\" content=\"Prix\" \/>\n\t<meta name=\"twitter:data1\" content=\"&euro;2.338,00\" \/>\n\t<meta name=\"twitter:label2\" content=\"Disponibilit\u00e9\" \/>\n\t<meta name=\"twitter:data2\" content=\"En stock\" \/>\n<script type=\"application\/ld+json\" class=\"yoast-schema-graph\">{\"@context\":\"https:\/\/schema.org\",\"@graph\":[{\"@type\":\"WebPage\",\"@id\":\"https:\/\/alegerglobal.com\/fr\/shop-fr\/industrie-smartphone-fr\/ecom-smart-ex-02-dz1-2\/\",\"url\":\"https:\/\/alegerglobal.com\/fr\/shop-fr\/industrie-smartphone-fr\/ecom-smart-ex-02-dz1-2\/\",\"name\":\"Acheter Ecom Smart-Ex 02 DZ1 - ALEGER \u22c6 Augmented Reality\",\"isPartOf\":{\"@id\":\"https:\/\/alegerglobal.com\/fr\/#website\"},\"primaryImageOfPage\":{\"@id\":\"https:\/\/alegerglobal.com\/fr\/shop-fr\/industrie-smartphone-fr\/ecom-smart-ex-02-dz1-2\/#primaryimage\"},\"image\":{\"@id\":\"https:\/\/alegerglobal.com\/fr\/shop-fr\/industrie-smartphone-fr\/ecom-smart-ex-02-dz1-2\/#primaryimage\"},\"thumbnailUrl\":\"https:\/\/alegerglobal.com\/wp-content\/uploads\/2021\/01\/csm_smart-ex_02-tech_c6f7974c67.png\",\"datePublished\":\"2022-05-12T17:39:40+00:00\",\"dateModified\":\"2022-05-12T17:39:40+00:00\",\"description\":\"Le Smart-Ex 02 DZ1 d'Ecom est le compagnon id\u00e9al pour vos interventions en ext\u00e9rieur dans des zones \u00e0 risque d'explosion. En savoir plus ici.\",\"breadcrumb\":{\"@id\":\"https:\/\/alegerglobal.com\/fr\/shop-fr\/industrie-smartphone-fr\/ecom-smart-ex-02-dz1-2\/#breadcrumb\"},\"inLanguage\":\"fr-FR\",\"potentialAction\":[{\"@type\":\"ReadAction\",\"target\":[\"https:\/\/alegerglobal.com\/fr\/shop-fr\/industrie-smartphone-fr\/ecom-smart-ex-02-dz1-2\/\"]}]},{\"@type\":\"ImageObject\",\"inLanguage\":\"fr-FR\",\"@id\":\"https:\/\/alegerglobal.com\/fr\/shop-fr\/industrie-smartphone-fr\/ecom-smart-ex-02-dz1-2\/#primaryimage\",\"url\":\"https:\/\/alegerglobal.com\/wp-content\/uploads\/2021\/01\/csm_smart-ex_02-tech_c6f7974c67.png\",\"contentUrl\":\"https:\/\/alegerglobal.com\/wp-content\/uploads\/2021\/01\/csm_smart-ex_02-tech_c6f7974c67.png\",\"width\":555,\"height\":555,\"caption\":\"ecom Smart-Ex 02 DZ1 - smartphone antid\u00e9flagrant\"},{\"@type\":\"BreadcrumbList\",\"@id\":\"https:\/\/alegerglobal.com\/fr\/shop-fr\/industrie-smartphone-fr\/ecom-smart-ex-02-dz1-2\/#breadcrumb\",\"itemListElement\":[{\"@type\":\"ListItem\",\"position\":1,\"name\":\"Home\",\"item\":\"https:\/\/alegerglobal.com\/fr\/new-page-daccueil\/\"},{\"@type\":\"ListItem\",\"position\":2,\"name\":\"Produits\",\"item\":\"https:\/\/alegerglobal.com\/fr\/produits\/\"},{\"@type\":\"ListItem\",\"position\":3,\"name\":\"ecom Smart-Ex 02 DZ1, Smartphone antid\u00e9flagrant pour ATEX Zone 1, \u00e9cran tactile 5&#8243;, Android\"}]},{\"@type\":\"WebSite\",\"@id\":\"https:\/\/alegerglobal.com\/fr\/#website\",\"url\":\"https:\/\/alegerglobal.com\/fr\/\",\"name\":\"ALEGER \u22c6 Augmented Reality\",\"description\":\"Die besten Augmented Reality (AR) L\u00f6sungen der Welt.\",\"publisher\":{\"@id\":\"https:\/\/alegerglobal.com\/fr\/#organization\"},\"potentialAction\":[{\"@type\":\"SearchAction\",\"target\":{\"@type\":\"EntryPoint\",\"urlTemplate\":\"https:\/\/alegerglobal.com\/fr\/?s={search_term_string}\"},\"query-input\":{\"@type\":\"PropertyValueSpecification\",\"valueRequired\":true,\"valueName\":\"search_term_string\"}}],\"inLanguage\":\"fr-FR\"},{\"@type\":\"Organization\",\"@id\":\"https:\/\/alegerglobal.com\/fr\/#organization\",\"name\":\"ALEGER \u22c6 Augmented Reality\",\"url\":\"https:\/\/alegerglobal.com\/fr\/\",\"logo\":{\"@type\":\"ImageObject\",\"inLanguage\":\"fr-FR\",\"@id\":\"https:\/\/alegerglobal.com\/fr\/#\/schema\/logo\/image\/\",\"url\":\"https:\/\/alegerglobal.com\/wp-content\/uploads\/2020\/12\/aleger-logo-quadrat.jpg\",\"contentUrl\":\"https:\/\/alegerglobal.com\/wp-content\/uploads\/2020\/12\/aleger-logo-quadrat.jpg\",\"width\":200,\"height\":176,\"caption\":\"ALEGER \u22c6 Augmented Reality\"},\"image\":{\"@id\":\"https:\/\/alegerglobal.com\/fr\/#\/schema\/logo\/image\/\"}}]}<\/script>\n<meta property=\"product:brand\" content=\"Ecom\" \/>\n<meta property=\"product:price:amount\" content=\"2338.00\" \/>\n<meta property=\"product:price:currency\" content=\"EUR\" \/>\n<meta property=\"og:availability\" content=\"instock\" \/>\n<meta property=\"product:availability\" content=\"instock\" \/>\n<meta property=\"product:condition\" content=\"new\" \/>\n<!-- \/ Yoast SEO Premium plugin. -->","yoast_head_json":{"title":"Acheter Ecom Smart-Ex 02 DZ1 - ALEGER \u22c6 Augmented Reality","description":"Le Smart-Ex 02 DZ1 d'Ecom est le compagnon id\u00e9al pour vos interventions en ext\u00e9rieur dans des zones \u00e0 risque d'explosion. En savoir plus ici.","robots":{"index":"index","follow":"follow","max-snippet":"max-snippet:-1","max-image-preview":"max-image-preview:large","max-video-preview":"max-video-preview:-1"},"og_locale":"fr_FR","og_type":"article","og_title":"ecom Smart-Ex 02 DZ1, Smartphone antid\u00e9flagrant pour ATEX Zone 1, \u00e9cran tactile 5\", Android","og_description":"Le Smart-Ex 02 DZ1 d'Ecom est le compagnon id\u00e9al pour vos interventions en ext\u00e9rieur dans des zones \u00e0 risque d'explosion. En savoir plus ici.","og_url":"https:\/\/alegerglobal.com\/fr\/shop-fr\/industrie-smartphone-fr\/ecom-smart-ex-02-dz1-2\/","og_site_name":"ALEGER \u22c6 Augmented Reality","og_image":[{"width":555,"height":555,"url":"https:\/\/alegerglobal.com\/wp-content\/uploads\/2021\/01\/csm_smart-ex_02-tech_c6f7974c67.png","type":"image\/png"}],"twitter_card":"summary_large_image","twitter_misc":{"Prix":"&euro;2.338,00","Disponibilit\u00e9":"En stock"},"schema":{"@context":"https:\/\/schema.org","@graph":[{"@type":"WebPage","@id":"https:\/\/alegerglobal.com\/fr\/shop-fr\/industrie-smartphone-fr\/ecom-smart-ex-02-dz1-2\/","url":"https:\/\/alegerglobal.com\/fr\/shop-fr\/industrie-smartphone-fr\/ecom-smart-ex-02-dz1-2\/","name":"Acheter Ecom Smart-Ex 02 DZ1 - ALEGER \u22c6 Augmented Reality","isPartOf":{"@id":"https:\/\/alegerglobal.com\/fr\/#website"},"primaryImageOfPage":{"@id":"https:\/\/alegerglobal.com\/fr\/shop-fr\/industrie-smartphone-fr\/ecom-smart-ex-02-dz1-2\/#primaryimage"},"image":{"@id":"https:\/\/alegerglobal.com\/fr\/shop-fr\/industrie-smartphone-fr\/ecom-smart-ex-02-dz1-2\/#primaryimage"},"thumbnailUrl":"https:\/\/alegerglobal.com\/wp-content\/uploads\/2021\/01\/csm_smart-ex_02-tech_c6f7974c67.png","datePublished":"2022-05-12T17:39:40+00:00","dateModified":"2022-05-12T17:39:40+00:00","description":"Le Smart-Ex 02 DZ1 d'Ecom est le compagnon id\u00e9al pour vos interventions en ext\u00e9rieur dans des zones \u00e0 risque d'explosion. En savoir plus ici.","breadcrumb":{"@id":"https:\/\/alegerglobal.com\/fr\/shop-fr\/industrie-smartphone-fr\/ecom-smart-ex-02-dz1-2\/#breadcrumb"},"inLanguage":"fr-FR","potentialAction":[{"@type":"ReadAction","target":["https:\/\/alegerglobal.com\/fr\/shop-fr\/industrie-smartphone-fr\/ecom-smart-ex-02-dz1-2\/"]}]},{"@type":"ImageObject","inLanguage":"fr-FR","@id":"https:\/\/alegerglobal.com\/fr\/shop-fr\/industrie-smartphone-fr\/ecom-smart-ex-02-dz1-2\/#primaryimage","url":"https:\/\/alegerglobal.com\/wp-content\/uploads\/2021\/01\/csm_smart-ex_02-tech_c6f7974c67.png","contentUrl":"https:\/\/alegerglobal.com\/wp-content\/uploads\/2021\/01\/csm_smart-ex_02-tech_c6f7974c67.png","width":555,"height":555,"caption":"ecom Smart-Ex 02 DZ1 - smartphone antid\u00e9flagrant"},{"@type":"BreadcrumbList","@id":"https:\/\/alegerglobal.com\/fr\/shop-fr\/industrie-smartphone-fr\/ecom-smart-ex-02-dz1-2\/#breadcrumb","itemListElement":[{"@type":"ListItem","position":1,"name":"Home","item":"https:\/\/alegerglobal.com\/fr\/new-page-daccueil\/"},{"@type":"ListItem","position":2,"name":"Produits","item":"https:\/\/alegerglobal.com\/fr\/produits\/"},{"@type":"ListItem","position":3,"name":"ecom Smart-Ex 02 DZ1, Smartphone antid\u00e9flagrant pour ATEX Zone 1, \u00e9cran tactile 5&#8243;, Android"}]},{"@type":"WebSite","@id":"https:\/\/alegerglobal.com\/fr\/#website","url":"https:\/\/alegerglobal.com\/fr\/","name":"ALEGER \u22c6 Augmented Reality","description":"Die besten Augmented Reality (AR) L\u00f6sungen der Welt.","publisher":{"@id":"https:\/\/alegerglobal.com\/fr\/#organization"},"potentialAction":[{"@type":"SearchAction","target":{"@type":"EntryPoint","urlTemplate":"https:\/\/alegerglobal.com\/fr\/?s={search_term_string}"},"query-input":{"@type":"PropertyValueSpecification","valueRequired":true,"valueName":"search_term_string"}}],"inLanguage":"fr-FR"},{"@type":"Organization","@id":"https:\/\/alegerglobal.com\/fr\/#organization","name":"ALEGER \u22c6 Augmented Reality","url":"https:\/\/alegerglobal.com\/fr\/","logo":{"@type":"ImageObject","inLanguage":"fr-FR","@id":"https:\/\/alegerglobal.com\/fr\/#\/schema\/logo\/image\/","url":"https:\/\/alegerglobal.com\/wp-content\/uploads\/2020\/12\/aleger-logo-quadrat.jpg","contentUrl":"https:\/\/alegerglobal.com\/wp-content\/uploads\/2020\/12\/aleger-logo-quadrat.jpg","width":200,"height":176,"caption":"ALEGER \u22c6 Augmented Reality"},"image":{"@id":"https:\/\/alegerglobal.com\/fr\/#\/schema\/logo\/image\/"}}]},"product_brand":"Ecom","product_price_amount":"2338.00","product_price_currency":"EUR","og_availability":"instock","product_availability":"instock","product_condition":"new"},"_links":{"self":[{"href":"https:\/\/alegerglobal.com\/fr\/wp-json\/wp\/v2\/product\/30225","targetHints":{"allow":["GET"]}}],"collection":[{"href":"https:\/\/alegerglobal.com\/fr\/wp-json\/wp\/v2\/product"}],"about":[{"href":"https:\/\/alegerglobal.com\/fr\/wp-json\/wp\/v2\/types\/product"}],"replies":[{"embeddable":true,"href":"https:\/\/alegerglobal.com\/fr\/wp-json\/wp\/v2\/comments?post=30225"}],"version-history":[{"count":0,"href":"https:\/\/alegerglobal.com\/fr\/wp-json\/wp\/v2\/product\/30225\/revisions"}],"wp:featuredmedia":[{"embeddable":true,"href":"https:\/\/alegerglobal.com\/fr\/wp-json\/wp\/v2\/media\/13875"}],"wp:attachment":[{"href":"https:\/\/alegerglobal.com\/fr\/wp-json\/wp\/v2\/media?parent=30225"}],"wp:term":[{"taxonomy":"product_brand","embeddable":true,"href":"https:\/\/alegerglobal.com\/fr\/wp-json\/wp\/v2\/product_brand?post=30225"},{"taxonomy":"product_cat","embeddable":true,"href":"https:\/\/alegerglobal.com\/fr\/wp-json\/wp\/v2\/product_cat?post=30225"},{"taxonomy":"product_tag","embeddable":true,"href":"https:\/\/alegerglobal.com\/fr\/wp-json\/wp\/v2\/product_tag?post=30225"}],"curies":[{"name":"wp","href":"https:\/\/api.w.org\/{rel}","templated":true}]}}