{"id":30222,"date":"2021-03-07T08:00:06","date_gmt":"2022-05-12T17:38:53","guid":{"rendered":"https:\/\/alegerglobal.com\/non class\u00e9\/ecom-cube-800-camera-antideflagrante-atex-zone-1-android\/"},"modified":"2022-05-12T18:38:53","modified_gmt":"2022-05-12T17:38:53","slug":"ecom-cube-800-2","status":"publish","type":"product","link":"https:\/\/alegerglobal.com\/fr\/shop-fr\/gadgets-fr\/ecom-cube-800-2\/","title":{"rendered":"ecom Cube 800, cam\u00e9ra antid\u00e9flagrante, Atex Zone 1, Android"},"content":{"rendered":"","protected":false},"excerpt":{"rendered":"<ul>\n<li style=\"font-weight: 400;\"><b>Conforme \u00e0 <\/b><b>ATEX<\/b><b> aux directives europ\u00e9ennes : <\/b><span style=\"font-weight: 400;\">Une utilisation industrielle mondiale dans des<\/span> <span style=\"font-weight: 400;\">est possible gr\u00e2ce \u00e0 l&rsquo;homologation en zone ATEX.<\/span><span style=\"font-weight: 400;\"> Ex Zone<\/span><span style=\"font-weight: 400;\"> 1\/21 et la Class 1\/ Div 1.<\/span><\/li>\n<li><b>Double syst\u00e8me de cam\u00e9ras : <\/b><span style=\"font-weight: 400;\">Les modes cam\u00e9ra optique et thermique sont tous deux disponibles pour la surveillance d&rsquo;installations tr\u00e8s diverses. <\/span> <\/li>\n<li><b>Certifi\u00e9e IP64 :<\/b> <span style=\"font-weight: 400;\">La cam\u00e9ra robuste est prot\u00e9g\u00e9e contre la poussi\u00e8re et l&rsquo;humidit\u00e9 afin de r\u00e9sister de mani\u00e8re optimale \u00e0 l&rsquo;environnement de travail difficile. <\/span> <\/li>\n<li><b>Pour une plage de temp\u00e9ratures \u00e9tendue : <\/b><span style=\"font-weight: 400;\">M\u00eame \u00e0 des temp\u00e9ratures comprises entre -10\u00b0C et +55\u00b0C, la cam\u00e9ra \u00e0 s\u00e9curit\u00e9 intrins\u00e8que reste enti\u00e8rement fonctionnelle.<\/span><\/li>\n<li><b>Assistance \u00e0 distance : <\/b>le d\u00e9pannage atteint un niveau sup\u00e9rieur gr\u00e2ce \u00e0 la transmission en direct. Les sp\u00e9cialistes peuvent directement prendre les mesures correctives qui s&rsquo;imposent, ce qui vous permet de toujours travailler efficacement.<\/li>\n<\/ul>\n","protected":false},"featured_media":13905,"comment_status":"open","ping_status":"closed","template":"","meta":{"_acf_changed":false},"product_brand":[],"product_cat":[621,624,601],"product_tag":[],"class_list":{"0":"post-30222","1":"product","2":"type-product","3":"status-publish","4":"has-post-thumbnail","6":"product_cat-atex-fr","7":"product_cat-gadgets-fr","8":"product_cat-shop-fr","9":"pa_hersteller-ecom-fr","11":"first","12":"instock","13":"taxable","14":"shipping-taxable","15":"purchasable","16":"product-type-simple"},"acf":[],"yoast_head":"<!-- This site is optimized with the Yoast SEO Premium plugin v20.10 (Yoast SEO v24.3) - https:\/\/yoast.com\/wordpress\/plugins\/seo\/ -->\n<title>Cube 800 de ecom online achatensep ALEGER \u22c6 Augmented Reality<\/title>\n<meta name=\"description\" content=\"Enregistrer et diffuser des vid\u00e9os dans la zone Atex 1 ? Aucun probl\u00e8me avec le Cube 800 d&#039;ecom. Vous en saurez plus ici !\" \/>\n<meta name=\"robots\" content=\"index, follow, max-snippet:-1, max-image-preview:large, max-video-preview:-1\" \/>\n<meta property=\"og:locale\" content=\"fr_FR\" \/>\n<meta property=\"og:type\" content=\"article\" \/>\n<meta property=\"og:title\" content=\"ecom Cube 800, cam\u00e9ra antid\u00e9flagrante, Atex Zone 1, Android\" \/>\n<meta property=\"og:description\" content=\"Enregistrer et diffuser des vid\u00e9os dans la zone Atex 1 ? Aucun probl\u00e8me avec le Cube 800 d&#039;ecom. Vous en saurez plus ici !\" \/>\n<meta property=\"og:url\" content=\"https:\/\/alegerglobal.com\/fr\/shop-fr\/gadgets-fr\/ecom-cube-800-2\/\" \/>\n<meta property=\"og:site_name\" content=\"ALEGER \u22c6 Augmented Reality\" \/>\n<meta property=\"og:image\" content=\"https:\/\/alegerglobal.com\/wp-content\/uploads\/2021\/01\/csm_cube_800_teaser_01_5ff4661df2.png\" \/>\n\t<meta property=\"og:image:width\" content=\"400\" \/>\n\t<meta property=\"og:image:height\" content=\"400\" \/>\n\t<meta property=\"og:image:type\" content=\"image\/png\" \/>\n<meta name=\"twitter:card\" content=\"summary_large_image\" \/>\n<meta name=\"twitter:label1\" content=\"Prix\" \/>\n\t<meta name=\"twitter:data1\" content=\"&euro;3.700,00\" \/>\n\t<meta name=\"twitter:label2\" content=\"Disponibilit\u00e9\" \/>\n\t<meta name=\"twitter:data2\" content=\"En stock\" \/>\n<script type=\"application\/ld+json\" class=\"yoast-schema-graph\">{\"@context\":\"https:\/\/schema.org\",\"@graph\":[{\"@type\":\"WebPage\",\"@id\":\"https:\/\/alegerglobal.com\/fr\/shop-fr\/gadgets-fr\/ecom-cube-800-2\/\",\"url\":\"https:\/\/alegerglobal.com\/fr\/shop-fr\/gadgets-fr\/ecom-cube-800-2\/\",\"name\":\"Cube 800 de ecom online achatensep ALEGER \u22c6 Augmented Reality\",\"isPartOf\":{\"@id\":\"https:\/\/alegerglobal.com\/fr\/#website\"},\"primaryImageOfPage\":{\"@id\":\"https:\/\/alegerglobal.com\/fr\/shop-fr\/gadgets-fr\/ecom-cube-800-2\/#primaryimage\"},\"image\":{\"@id\":\"https:\/\/alegerglobal.com\/fr\/shop-fr\/gadgets-fr\/ecom-cube-800-2\/#primaryimage\"},\"thumbnailUrl\":\"https:\/\/alegerglobal.com\/wp-content\/uploads\/2021\/01\/csm_cube_800_teaser_01_5ff4661df2.png\",\"datePublished\":\"2022-05-12T17:38:53+00:00\",\"dateModified\":\"2022-05-12T17:38:53+00:00\",\"description\":\"Enregistrer et diffuser des vid\u00e9os dans la zone Atex 1 ? Aucun probl\u00e8me avec le Cube 800 d'ecom. Vous en saurez plus ici !\",\"breadcrumb\":{\"@id\":\"https:\/\/alegerglobal.com\/fr\/shop-fr\/gadgets-fr\/ecom-cube-800-2\/#breadcrumb\"},\"inLanguage\":\"fr-FR\",\"potentialAction\":[{\"@type\":\"ReadAction\",\"target\":[\"https:\/\/alegerglobal.com\/fr\/shop-fr\/gadgets-fr\/ecom-cube-800-2\/\"]}]},{\"@type\":\"ImageObject\",\"inLanguage\":\"fr-FR\",\"@id\":\"https:\/\/alegerglobal.com\/fr\/shop-fr\/gadgets-fr\/ecom-cube-800-2\/#primaryimage\",\"url\":\"https:\/\/alegerglobal.com\/wp-content\/uploads\/2021\/01\/csm_cube_800_teaser_01_5ff4661df2.png\",\"contentUrl\":\"https:\/\/alegerglobal.com\/wp-content\/uploads\/2021\/01\/csm_cube_800_teaser_01_5ff4661df2.png\",\"width\":400,\"height\":400,\"caption\":\"ecom Cube 800\"},{\"@type\":\"BreadcrumbList\",\"@id\":\"https:\/\/alegerglobal.com\/fr\/shop-fr\/gadgets-fr\/ecom-cube-800-2\/#breadcrumb\",\"itemListElement\":[{\"@type\":\"ListItem\",\"position\":1,\"name\":\"Home\",\"item\":\"https:\/\/alegerglobal.com\/fr\/new-page-daccueil\/\"},{\"@type\":\"ListItem\",\"position\":2,\"name\":\"Produits\",\"item\":\"https:\/\/alegerglobal.com\/fr\/produits\/\"},{\"@type\":\"ListItem\",\"position\":3,\"name\":\"ecom Cube 800, cam\u00e9ra antid\u00e9flagrante, Atex Zone 1, Android\"}]},{\"@type\":\"WebSite\",\"@id\":\"https:\/\/alegerglobal.com\/fr\/#website\",\"url\":\"https:\/\/alegerglobal.com\/fr\/\",\"name\":\"ALEGER \u22c6 Augmented Reality\",\"description\":\"Die besten Augmented Reality (AR) L\u00f6sungen der Welt.\",\"publisher\":{\"@id\":\"https:\/\/alegerglobal.com\/fr\/#organization\"},\"potentialAction\":[{\"@type\":\"SearchAction\",\"target\":{\"@type\":\"EntryPoint\",\"urlTemplate\":\"https:\/\/alegerglobal.com\/fr\/?s={search_term_string}\"},\"query-input\":{\"@type\":\"PropertyValueSpecification\",\"valueRequired\":true,\"valueName\":\"search_term_string\"}}],\"inLanguage\":\"fr-FR\"},{\"@type\":\"Organization\",\"@id\":\"https:\/\/alegerglobal.com\/fr\/#organization\",\"name\":\"ALEGER \u22c6 Augmented Reality\",\"url\":\"https:\/\/alegerglobal.com\/fr\/\",\"logo\":{\"@type\":\"ImageObject\",\"inLanguage\":\"fr-FR\",\"@id\":\"https:\/\/alegerglobal.com\/fr\/#\/schema\/logo\/image\/\",\"url\":\"https:\/\/alegerglobal.com\/wp-content\/uploads\/2020\/12\/aleger-logo-quadrat.jpg\",\"contentUrl\":\"https:\/\/alegerglobal.com\/wp-content\/uploads\/2020\/12\/aleger-logo-quadrat.jpg\",\"width\":200,\"height\":176,\"caption\":\"ALEGER \u22c6 Augmented Reality\"},\"image\":{\"@id\":\"https:\/\/alegerglobal.com\/fr\/#\/schema\/logo\/image\/\"}}]}<\/script>\n<meta property=\"product:brand\" content=\"Ecom\" \/>\n<meta property=\"product:price:amount\" content=\"3700.00\" \/>\n<meta property=\"product:price:currency\" content=\"EUR\" \/>\n<meta property=\"og:availability\" content=\"instock\" \/>\n<meta property=\"product:availability\" content=\"instock\" \/>\n<meta property=\"product:condition\" content=\"new\" \/>\n<!-- \/ Yoast SEO Premium plugin. -->","yoast_head_json":{"title":"Cube 800 de ecom online achatensep ALEGER \u22c6 Augmented Reality","description":"Enregistrer et diffuser des vid\u00e9os dans la zone Atex 1 ? Aucun probl\u00e8me avec le Cube 800 d'ecom. Vous en saurez plus ici !","robots":{"index":"index","follow":"follow","max-snippet":"max-snippet:-1","max-image-preview":"max-image-preview:large","max-video-preview":"max-video-preview:-1"},"og_locale":"fr_FR","og_type":"article","og_title":"ecom Cube 800, cam\u00e9ra antid\u00e9flagrante, Atex Zone 1, Android","og_description":"Enregistrer et diffuser des vid\u00e9os dans la zone Atex 1 ? Aucun probl\u00e8me avec le Cube 800 d'ecom. Vous en saurez plus ici !","og_url":"https:\/\/alegerglobal.com\/fr\/shop-fr\/gadgets-fr\/ecom-cube-800-2\/","og_site_name":"ALEGER \u22c6 Augmented Reality","og_image":[{"width":400,"height":400,"url":"https:\/\/alegerglobal.com\/wp-content\/uploads\/2021\/01\/csm_cube_800_teaser_01_5ff4661df2.png","type":"image\/png"}],"twitter_card":"summary_large_image","twitter_misc":{"Prix":"&euro;3.700,00","Disponibilit\u00e9":"En stock"},"schema":{"@context":"https:\/\/schema.org","@graph":[{"@type":"WebPage","@id":"https:\/\/alegerglobal.com\/fr\/shop-fr\/gadgets-fr\/ecom-cube-800-2\/","url":"https:\/\/alegerglobal.com\/fr\/shop-fr\/gadgets-fr\/ecom-cube-800-2\/","name":"Cube 800 de ecom online achatensep ALEGER \u22c6 Augmented Reality","isPartOf":{"@id":"https:\/\/alegerglobal.com\/fr\/#website"},"primaryImageOfPage":{"@id":"https:\/\/alegerglobal.com\/fr\/shop-fr\/gadgets-fr\/ecom-cube-800-2\/#primaryimage"},"image":{"@id":"https:\/\/alegerglobal.com\/fr\/shop-fr\/gadgets-fr\/ecom-cube-800-2\/#primaryimage"},"thumbnailUrl":"https:\/\/alegerglobal.com\/wp-content\/uploads\/2021\/01\/csm_cube_800_teaser_01_5ff4661df2.png","datePublished":"2022-05-12T17:38:53+00:00","dateModified":"2022-05-12T17:38:53+00:00","description":"Enregistrer et diffuser des vid\u00e9os dans la zone Atex 1 ? Aucun probl\u00e8me avec le Cube 800 d'ecom. Vous en saurez plus ici !","breadcrumb":{"@id":"https:\/\/alegerglobal.com\/fr\/shop-fr\/gadgets-fr\/ecom-cube-800-2\/#breadcrumb"},"inLanguage":"fr-FR","potentialAction":[{"@type":"ReadAction","target":["https:\/\/alegerglobal.com\/fr\/shop-fr\/gadgets-fr\/ecom-cube-800-2\/"]}]},{"@type":"ImageObject","inLanguage":"fr-FR","@id":"https:\/\/alegerglobal.com\/fr\/shop-fr\/gadgets-fr\/ecom-cube-800-2\/#primaryimage","url":"https:\/\/alegerglobal.com\/wp-content\/uploads\/2021\/01\/csm_cube_800_teaser_01_5ff4661df2.png","contentUrl":"https:\/\/alegerglobal.com\/wp-content\/uploads\/2021\/01\/csm_cube_800_teaser_01_5ff4661df2.png","width":400,"height":400,"caption":"ecom Cube 800"},{"@type":"BreadcrumbList","@id":"https:\/\/alegerglobal.com\/fr\/shop-fr\/gadgets-fr\/ecom-cube-800-2\/#breadcrumb","itemListElement":[{"@type":"ListItem","position":1,"name":"Home","item":"https:\/\/alegerglobal.com\/fr\/new-page-daccueil\/"},{"@type":"ListItem","position":2,"name":"Produits","item":"https:\/\/alegerglobal.com\/fr\/produits\/"},{"@type":"ListItem","position":3,"name":"ecom Cube 800, cam\u00e9ra antid\u00e9flagrante, Atex Zone 1, Android"}]},{"@type":"WebSite","@id":"https:\/\/alegerglobal.com\/fr\/#website","url":"https:\/\/alegerglobal.com\/fr\/","name":"ALEGER \u22c6 Augmented Reality","description":"Die besten Augmented Reality (AR) L\u00f6sungen der Welt.","publisher":{"@id":"https:\/\/alegerglobal.com\/fr\/#organization"},"potentialAction":[{"@type":"SearchAction","target":{"@type":"EntryPoint","urlTemplate":"https:\/\/alegerglobal.com\/fr\/?s={search_term_string}"},"query-input":{"@type":"PropertyValueSpecification","valueRequired":true,"valueName":"search_term_string"}}],"inLanguage":"fr-FR"},{"@type":"Organization","@id":"https:\/\/alegerglobal.com\/fr\/#organization","name":"ALEGER \u22c6 Augmented Reality","url":"https:\/\/alegerglobal.com\/fr\/","logo":{"@type":"ImageObject","inLanguage":"fr-FR","@id":"https:\/\/alegerglobal.com\/fr\/#\/schema\/logo\/image\/","url":"https:\/\/alegerglobal.com\/wp-content\/uploads\/2020\/12\/aleger-logo-quadrat.jpg","contentUrl":"https:\/\/alegerglobal.com\/wp-content\/uploads\/2020\/12\/aleger-logo-quadrat.jpg","width":200,"height":176,"caption":"ALEGER \u22c6 Augmented Reality"},"image":{"@id":"https:\/\/alegerglobal.com\/fr\/#\/schema\/logo\/image\/"}}]},"product_brand":"Ecom","product_price_amount":"3700.00","product_price_currency":"EUR","og_availability":"instock","product_availability":"instock","product_condition":"new"},"_links":{"self":[{"href":"https:\/\/alegerglobal.com\/fr\/wp-json\/wp\/v2\/product\/30222","targetHints":{"allow":["GET"]}}],"collection":[{"href":"https:\/\/alegerglobal.com\/fr\/wp-json\/wp\/v2\/product"}],"about":[{"href":"https:\/\/alegerglobal.com\/fr\/wp-json\/wp\/v2\/types\/product"}],"replies":[{"embeddable":true,"href":"https:\/\/alegerglobal.com\/fr\/wp-json\/wp\/v2\/comments?post=30222"}],"version-history":[{"count":0,"href":"https:\/\/alegerglobal.com\/fr\/wp-json\/wp\/v2\/product\/30222\/revisions"}],"wp:featuredmedia":[{"embeddable":true,"href":"https:\/\/alegerglobal.com\/fr\/wp-json\/wp\/v2\/media\/13905"}],"wp:attachment":[{"href":"https:\/\/alegerglobal.com\/fr\/wp-json\/wp\/v2\/media?parent=30222"}],"wp:term":[{"taxonomy":"product_brand","embeddable":true,"href":"https:\/\/alegerglobal.com\/fr\/wp-json\/wp\/v2\/product_brand?post=30222"},{"taxonomy":"product_cat","embeddable":true,"href":"https:\/\/alegerglobal.com\/fr\/wp-json\/wp\/v2\/product_cat?post=30222"},{"taxonomy":"product_tag","embeddable":true,"href":"https:\/\/alegerglobal.com\/fr\/wp-json\/wp\/v2\/product_tag?post=30222"}],"curies":[{"name":"wp","href":"https:\/\/api.w.org\/{rel}","templated":true}]}}