{"id":30221,"date":"2021-03-07T08:00:49","date_gmt":"2022-05-12T17:38:51","guid":{"rendered":"https:\/\/alegerglobal.com\/non class\u00e9\/ecom-ident-ex-01-scanner-de-codes-a-barres-lecteur-rfid-antideflagrant-atex-zone-1\/"},"modified":"2022-05-12T18:38:51","modified_gmt":"2022-05-12T17:38:51","slug":"ecom-ident-ex-01-2","status":"publish","type":"product","link":"https:\/\/alegerglobal.com\/fr\/shop-fr\/atex-fr\/ecom-ident-ex-01-2\/","title":{"rendered":"ecom Ident-Ex\u00ae 01 Scanner de codes \u00e0 barres &amp; lecteur RFID antid\u00e9flagrant, ATEX Zone 1"},"content":{"rendered":"","protected":false},"excerpt":{"rendered":"<ul>\n<li style=\"font-weight: 400;\"><b>Pour les zones \u00e0 risque d&rsquo;explosion :<\/b><span style=\"font-weight: 400;\"> Avec l&rsquo;autorisation pour<\/span><span style=\"font-weight: 400;\"> Ex zone 1<\/span><span style=\"font-weight: 400;\">\/21 et la Class 1\/ Div 1, une utilisation mondiale est garantie conform\u00e9ment \u00e0 la<\/span><span style=\"font-weight: 400;\"> ATEX<\/span><span style=\"font-weight: 400;\"> Les directives permettent une utilisation dans le monde entier.<\/span><\/li>\n<li><b>Pour des num\u00e9risations intensives : <\/b><span style=\"font-weight: 400;\">Gr\u00e2ce \u00e0 la batterie Li-Ion puissante et rempla\u00e7able, vous pouvez effectuer jusqu&rsquo;\u00e0 10.000 num\u00e9risations avec une seule charge.<\/span><\/li>\n<li style=\"font-weight: 400;\"><b>Syst\u00e8me modulaire fiable : <\/b><span style=\"font-weight: 400;\">Diff\u00e9rentes exigences peuvent \u00eatre satisfaites par le choix de diff\u00e9rents modules de t\u00eate.<\/span><\/li>\n<li><b>Une utilisation intuitive :<\/b><span style=\"font-weight: 400;\"> L&rsquo;appareil peut \u00eatre utilis\u00e9 d&rsquo;une seule main afin de simplifier au maximum les processus de travail. <\/span> <\/li>\n<li><b>Pour les longues distances<\/b>: Les codes \u00e0 barres peuvent \u00eatre facilement scann\u00e9s jusqu&rsquo;\u00e0 une distance de 15 m pour faciliter le travail dans les zones difficiles d&rsquo;acc\u00e8s.<\/li>\n<\/ul>\n","protected":false},"featured_media":14855,"comment_status":"open","ping_status":"closed","template":"","meta":{"_acf_changed":false},"product_brand":[],"product_cat":[621,601],"product_tag":[],"class_list":{"0":"post-30221","1":"product","2":"type-product","3":"status-publish","4":"has-post-thumbnail","6":"product_cat-atex-fr","7":"product_cat-shop-fr","9":"first","10":"instock","11":"taxable","12":"shipping-taxable","13":"purchasable","14":"product-type-simple"},"acf":[],"yoast_head":"<!-- This site is optimized with the Yoast SEO Premium plugin v20.10 (Yoast SEO v24.3) - https:\/\/yoast.com\/wordpress\/plugins\/seo\/ -->\n<title>Acheter Ident-Ex\u00ae 01 d&#039;ecom en ligne - ALEGER \u22c6 Augmented Reality<\/title>\n<meta name=\"description\" content=\"Avec le lecteur de codes-barres et le lecteur RFID d&#039;ecom, vous saisissez des donn\u00e9es m\u00eame \u00e0 grande distance. D\u00e9couvrez les scanners Ident-Ex pour Atex Zone 1 !\" \/>\n<meta name=\"robots\" content=\"index, follow, max-snippet:-1, max-image-preview:large, max-video-preview:-1\" \/>\n<meta property=\"og:locale\" content=\"fr_FR\" \/>\n<meta property=\"og:type\" content=\"article\" \/>\n<meta property=\"og:title\" content=\"ecom Ident-Ex\u00ae 01 Scanner de codes \u00e0 barres &amp; lecteur RFID antid\u00e9flagrant, ATEX Zone 1\" \/>\n<meta property=\"og:description\" content=\"Avec le lecteur de codes-barres et le lecteur RFID d&#039;ecom, vous saisissez des donn\u00e9es m\u00eame \u00e0 grande distance. D\u00e9couvrez les scanners Ident-Ex pour Atex Zone 1 !\" \/>\n<meta property=\"og:url\" content=\"https:\/\/alegerglobal.com\/fr\/shop-fr\/atex-fr\/ecom-ident-ex-01-2\/\" \/>\n<meta property=\"og:site_name\" content=\"ALEGER \u22c6 Augmented Reality\" \/>\n<meta property=\"og:image\" content=\"https:\/\/alegerglobal.com\/wp-content\/uploads\/2021\/03\/Unbenannt-43.jpg\" \/>\n\t<meta property=\"og:image:width\" content=\"800\" \/>\n\t<meta property=\"og:image:height\" content=\"800\" \/>\n\t<meta property=\"og:image:type\" content=\"image\/jpeg\" \/>\n<meta name=\"twitter:card\" content=\"summary_large_image\" \/>\n<meta name=\"twitter:label1\" content=\"Prix\" \/>\n\t<meta name=\"twitter:data1\" content=\"&euro;1.790,00\" \/>\n\t<meta name=\"twitter:label2\" content=\"Disponibilit\u00e9\" \/>\n\t<meta name=\"twitter:data2\" content=\"En stock\" \/>\n<script type=\"application\/ld+json\" class=\"yoast-schema-graph\">{\"@context\":\"https:\/\/schema.org\",\"@graph\":[{\"@type\":\"WebPage\",\"@id\":\"https:\/\/alegerglobal.com\/fr\/shop-fr\/atex-fr\/ecom-ident-ex-01-2\/\",\"url\":\"https:\/\/alegerglobal.com\/fr\/shop-fr\/atex-fr\/ecom-ident-ex-01-2\/\",\"name\":\"Acheter Ident-Ex\u00ae 01 d'ecom en ligne - ALEGER \u22c6 Augmented Reality\",\"isPartOf\":{\"@id\":\"https:\/\/alegerglobal.com\/fr\/#website\"},\"primaryImageOfPage\":{\"@id\":\"https:\/\/alegerglobal.com\/fr\/shop-fr\/atex-fr\/ecom-ident-ex-01-2\/#primaryimage\"},\"image\":{\"@id\":\"https:\/\/alegerglobal.com\/fr\/shop-fr\/atex-fr\/ecom-ident-ex-01-2\/#primaryimage\"},\"thumbnailUrl\":\"https:\/\/alegerglobal.com\/wp-content\/uploads\/2021\/03\/Unbenannt-43.jpg\",\"datePublished\":\"2022-05-12T17:38:51+00:00\",\"dateModified\":\"2022-05-12T17:38:51+00:00\",\"description\":\"Avec le lecteur de codes-barres et le lecteur RFID d'ecom, vous saisissez des donn\u00e9es m\u00eame \u00e0 grande distance. D\u00e9couvrez les scanners Ident-Ex pour Atex Zone 1 !\",\"breadcrumb\":{\"@id\":\"https:\/\/alegerglobal.com\/fr\/shop-fr\/atex-fr\/ecom-ident-ex-01-2\/#breadcrumb\"},\"inLanguage\":\"fr-FR\",\"potentialAction\":[{\"@type\":\"ReadAction\",\"target\":[\"https:\/\/alegerglobal.com\/fr\/shop-fr\/atex-fr\/ecom-ident-ex-01-2\/\"]}]},{\"@type\":\"ImageObject\",\"inLanguage\":\"fr-FR\",\"@id\":\"https:\/\/alegerglobal.com\/fr\/shop-fr\/atex-fr\/ecom-ident-ex-01-2\/#primaryimage\",\"url\":\"https:\/\/alegerglobal.com\/wp-content\/uploads\/2021\/03\/Unbenannt-43.jpg\",\"contentUrl\":\"https:\/\/alegerglobal.com\/wp-content\/uploads\/2021\/03\/Unbenannt-43.jpg\",\"width\":800,\"height\":800},{\"@type\":\"BreadcrumbList\",\"@id\":\"https:\/\/alegerglobal.com\/fr\/shop-fr\/atex-fr\/ecom-ident-ex-01-2\/#breadcrumb\",\"itemListElement\":[{\"@type\":\"ListItem\",\"position\":1,\"name\":\"Home\",\"item\":\"https:\/\/alegerglobal.com\/fr\/new-page-daccueil\/\"},{\"@type\":\"ListItem\",\"position\":2,\"name\":\"Produits\",\"item\":\"https:\/\/alegerglobal.com\/fr\/produits\/\"},{\"@type\":\"ListItem\",\"position\":3,\"name\":\"ecom Ident-Ex\u00ae 01 Scanner de codes \u00e0 barres &amp; lecteur RFID antid\u00e9flagrant, ATEX Zone 1\"}]},{\"@type\":\"WebSite\",\"@id\":\"https:\/\/alegerglobal.com\/fr\/#website\",\"url\":\"https:\/\/alegerglobal.com\/fr\/\",\"name\":\"ALEGER \u22c6 Augmented Reality\",\"description\":\"Die besten Augmented Reality (AR) L\u00f6sungen der Welt.\",\"publisher\":{\"@id\":\"https:\/\/alegerglobal.com\/fr\/#organization\"},\"potentialAction\":[{\"@type\":\"SearchAction\",\"target\":{\"@type\":\"EntryPoint\",\"urlTemplate\":\"https:\/\/alegerglobal.com\/fr\/?s={search_term_string}\"},\"query-input\":{\"@type\":\"PropertyValueSpecification\",\"valueRequired\":true,\"valueName\":\"search_term_string\"}}],\"inLanguage\":\"fr-FR\"},{\"@type\":\"Organization\",\"@id\":\"https:\/\/alegerglobal.com\/fr\/#organization\",\"name\":\"ALEGER \u22c6 Augmented Reality\",\"url\":\"https:\/\/alegerglobal.com\/fr\/\",\"logo\":{\"@type\":\"ImageObject\",\"inLanguage\":\"fr-FR\",\"@id\":\"https:\/\/alegerglobal.com\/fr\/#\/schema\/logo\/image\/\",\"url\":\"https:\/\/alegerglobal.com\/wp-content\/uploads\/2020\/12\/aleger-logo-quadrat.jpg\",\"contentUrl\":\"https:\/\/alegerglobal.com\/wp-content\/uploads\/2020\/12\/aleger-logo-quadrat.jpg\",\"width\":200,\"height\":176,\"caption\":\"ALEGER \u22c6 Augmented Reality\"},\"image\":{\"@id\":\"https:\/\/alegerglobal.com\/fr\/#\/schema\/logo\/image\/\"}}]}<\/script>\n<meta property=\"product:price:amount\" content=\"1790.00\" \/>\n<meta property=\"product:price:currency\" content=\"EUR\" \/>\n<meta property=\"og:availability\" content=\"instock\" \/>\n<meta property=\"product:availability\" content=\"instock\" \/>\n<meta property=\"product:condition\" content=\"new\" \/>\n<!-- \/ Yoast SEO Premium plugin. -->","yoast_head_json":{"title":"Acheter Ident-Ex\u00ae 01 d'ecom en ligne - ALEGER \u22c6 Augmented Reality","description":"Avec le lecteur de codes-barres et le lecteur RFID d'ecom, vous saisissez des donn\u00e9es m\u00eame \u00e0 grande distance. D\u00e9couvrez les scanners Ident-Ex pour Atex Zone 1 !","robots":{"index":"index","follow":"follow","max-snippet":"max-snippet:-1","max-image-preview":"max-image-preview:large","max-video-preview":"max-video-preview:-1"},"og_locale":"fr_FR","og_type":"article","og_title":"ecom Ident-Ex\u00ae 01 Scanner de codes \u00e0 barres &amp; lecteur RFID antid\u00e9flagrant, ATEX Zone 1","og_description":"Avec le lecteur de codes-barres et le lecteur RFID d'ecom, vous saisissez des donn\u00e9es m\u00eame \u00e0 grande distance. D\u00e9couvrez les scanners Ident-Ex pour Atex Zone 1 !","og_url":"https:\/\/alegerglobal.com\/fr\/shop-fr\/atex-fr\/ecom-ident-ex-01-2\/","og_site_name":"ALEGER \u22c6 Augmented Reality","og_image":[{"width":800,"height":800,"url":"https:\/\/alegerglobal.com\/wp-content\/uploads\/2021\/03\/Unbenannt-43.jpg","type":"image\/jpeg"}],"twitter_card":"summary_large_image","twitter_misc":{"Prix":"&euro;1.790,00","Disponibilit\u00e9":"En stock"},"schema":{"@context":"https:\/\/schema.org","@graph":[{"@type":"WebPage","@id":"https:\/\/alegerglobal.com\/fr\/shop-fr\/atex-fr\/ecom-ident-ex-01-2\/","url":"https:\/\/alegerglobal.com\/fr\/shop-fr\/atex-fr\/ecom-ident-ex-01-2\/","name":"Acheter Ident-Ex\u00ae 01 d'ecom en ligne - ALEGER \u22c6 Augmented Reality","isPartOf":{"@id":"https:\/\/alegerglobal.com\/fr\/#website"},"primaryImageOfPage":{"@id":"https:\/\/alegerglobal.com\/fr\/shop-fr\/atex-fr\/ecom-ident-ex-01-2\/#primaryimage"},"image":{"@id":"https:\/\/alegerglobal.com\/fr\/shop-fr\/atex-fr\/ecom-ident-ex-01-2\/#primaryimage"},"thumbnailUrl":"https:\/\/alegerglobal.com\/wp-content\/uploads\/2021\/03\/Unbenannt-43.jpg","datePublished":"2022-05-12T17:38:51+00:00","dateModified":"2022-05-12T17:38:51+00:00","description":"Avec le lecteur de codes-barres et le lecteur RFID d'ecom, vous saisissez des donn\u00e9es m\u00eame \u00e0 grande distance. D\u00e9couvrez les scanners Ident-Ex pour Atex Zone 1 !","breadcrumb":{"@id":"https:\/\/alegerglobal.com\/fr\/shop-fr\/atex-fr\/ecom-ident-ex-01-2\/#breadcrumb"},"inLanguage":"fr-FR","potentialAction":[{"@type":"ReadAction","target":["https:\/\/alegerglobal.com\/fr\/shop-fr\/atex-fr\/ecom-ident-ex-01-2\/"]}]},{"@type":"ImageObject","inLanguage":"fr-FR","@id":"https:\/\/alegerglobal.com\/fr\/shop-fr\/atex-fr\/ecom-ident-ex-01-2\/#primaryimage","url":"https:\/\/alegerglobal.com\/wp-content\/uploads\/2021\/03\/Unbenannt-43.jpg","contentUrl":"https:\/\/alegerglobal.com\/wp-content\/uploads\/2021\/03\/Unbenannt-43.jpg","width":800,"height":800},{"@type":"BreadcrumbList","@id":"https:\/\/alegerglobal.com\/fr\/shop-fr\/atex-fr\/ecom-ident-ex-01-2\/#breadcrumb","itemListElement":[{"@type":"ListItem","position":1,"name":"Home","item":"https:\/\/alegerglobal.com\/fr\/new-page-daccueil\/"},{"@type":"ListItem","position":2,"name":"Produits","item":"https:\/\/alegerglobal.com\/fr\/produits\/"},{"@type":"ListItem","position":3,"name":"ecom Ident-Ex\u00ae 01 Scanner de codes \u00e0 barres &amp; lecteur RFID antid\u00e9flagrant, ATEX Zone 1"}]},{"@type":"WebSite","@id":"https:\/\/alegerglobal.com\/fr\/#website","url":"https:\/\/alegerglobal.com\/fr\/","name":"ALEGER \u22c6 Augmented Reality","description":"Die besten Augmented Reality (AR) L\u00f6sungen der Welt.","publisher":{"@id":"https:\/\/alegerglobal.com\/fr\/#organization"},"potentialAction":[{"@type":"SearchAction","target":{"@type":"EntryPoint","urlTemplate":"https:\/\/alegerglobal.com\/fr\/?s={search_term_string}"},"query-input":{"@type":"PropertyValueSpecification","valueRequired":true,"valueName":"search_term_string"}}],"inLanguage":"fr-FR"},{"@type":"Organization","@id":"https:\/\/alegerglobal.com\/fr\/#organization","name":"ALEGER \u22c6 Augmented Reality","url":"https:\/\/alegerglobal.com\/fr\/","logo":{"@type":"ImageObject","inLanguage":"fr-FR","@id":"https:\/\/alegerglobal.com\/fr\/#\/schema\/logo\/image\/","url":"https:\/\/alegerglobal.com\/wp-content\/uploads\/2020\/12\/aleger-logo-quadrat.jpg","contentUrl":"https:\/\/alegerglobal.com\/wp-content\/uploads\/2020\/12\/aleger-logo-quadrat.jpg","width":200,"height":176,"caption":"ALEGER \u22c6 Augmented Reality"},"image":{"@id":"https:\/\/alegerglobal.com\/fr\/#\/schema\/logo\/image\/"}}]},"product_price_amount":"1790.00","product_price_currency":"EUR","og_availability":"instock","product_availability":"instock","product_condition":"new"},"_links":{"self":[{"href":"https:\/\/alegerglobal.com\/fr\/wp-json\/wp\/v2\/product\/30221","targetHints":{"allow":["GET"]}}],"collection":[{"href":"https:\/\/alegerglobal.com\/fr\/wp-json\/wp\/v2\/product"}],"about":[{"href":"https:\/\/alegerglobal.com\/fr\/wp-json\/wp\/v2\/types\/product"}],"replies":[{"embeddable":true,"href":"https:\/\/alegerglobal.com\/fr\/wp-json\/wp\/v2\/comments?post=30221"}],"version-history":[{"count":0,"href":"https:\/\/alegerglobal.com\/fr\/wp-json\/wp\/v2\/product\/30221\/revisions"}],"wp:featuredmedia":[{"embeddable":true,"href":"https:\/\/alegerglobal.com\/fr\/wp-json\/wp\/v2\/media\/14855"}],"wp:attachment":[{"href":"https:\/\/alegerglobal.com\/fr\/wp-json\/wp\/v2\/media?parent=30221"}],"wp:term":[{"taxonomy":"product_brand","embeddable":true,"href":"https:\/\/alegerglobal.com\/fr\/wp-json\/wp\/v2\/product_brand?post=30221"},{"taxonomy":"product_cat","embeddable":true,"href":"https:\/\/alegerglobal.com\/fr\/wp-json\/wp\/v2\/product_cat?post=30221"},{"taxonomy":"product_tag","embeddable":true,"href":"https:\/\/alegerglobal.com\/fr\/wp-json\/wp\/v2\/product_tag?post=30221"}],"curies":[{"name":"wp","href":"https:\/\/api.w.org\/{rel}","templated":true}]}}