{"id":30217,"date":"2021-03-07T09:05:39","date_gmt":"2022-05-12T17:38:48","guid":{"rendered":"https:\/\/alegerglobal.com\/non class\u00e9\/ecom-ex-handy-10-dz2-telephone-portable-antideflagrant-pour-atex-zone-2-ecran-tactile-2-6-android\/"},"modified":"2022-05-12T18:38:48","modified_gmt":"2022-05-12T17:38:48","slug":"ecom-ex-handy-10-dz2-2","status":"publish","type":"product","link":"https:\/\/alegerglobal.com\/fr\/shop-fr\/industrie-smartphone-fr\/ecom-ex-handy-10-dz2-2\/","title":{"rendered":"ecom Ex-Handy 10 DZ2, t\u00e9l\u00e9phone portable antid\u00e9flagrant pour ATEX Zone 2, \u00e9cran tactile 2.6&Prime;, Android"},"content":{"rendered":"","protected":false},"excerpt":{"rendered":"<ul>\n<li style=\"font-weight: 400;\"><b>Pour les zones \u00e0 risque d&rsquo;explosion :<\/b><span style=\"font-weight: 400;\"> Avec l&rsquo;autorisation pour<\/span><span style=\"font-weight: 400;\"> Ex zone<\/span><span style=\"font-weight: 400;\"> 2\/22 et la Class 2\/ Div 2, une utilisation mondiale est garantie conform\u00e9ment \u00e0 la<\/span><span style=\"font-weight: 400;\"> ATEX<\/span><span style=\"font-weight: 400;\"> Les directives permettent une utilisation dans le monde entier. <\/span> <\/li>\n<li style=\"font-weight: 400;\"><b>Clavier et \u00e9cran tactile :<\/b><span style=\"font-weight: 400;\"> L&rsquo;\u00e9cran, prot\u00e9g\u00e9 par un rev\u00eatement<\/span> <span style=\"font-weight: 400;\">Gorilla\u00ae Glass prot\u00e9g\u00e9 offre une excellente lisibilit\u00e9 m\u00eame en plein soleil et peut \u00eatre utilis\u00e9 sans probl\u00e8me m\u00eame avec des gants ou dans l&rsquo;humidit\u00e9.<\/span><\/li>\n<li><b>Longue dur\u00e9e de vie de la batterie :<\/b><span style=\"font-weight: 400;\"> Le site <\/span><span style=\"font-weight: 400;\">Ex prot\u00e9g\u00e9<\/span><span style=\"font-weight: 400;\"> t\u00e9l\u00e9phone portable<\/span><span style=\"font-weight: 400;\"> de la derni\u00e8re g\u00e9n\u00e9ration utilise une puissante <\/span><span style=\"font-weight: 400;\">4400 mAh, pour pouvoir affronter sans probl\u00e8me les longues journ\u00e9es de travail.<\/span><\/li>\n<li><b>Possibilit\u00e9s de personnalisation<\/b><span style=\"font-weight: 400;\">La <\/span><span style=\"font-weight: 400;\">fonction Push- to- Talk et <\/span><span style=\"font-weight: 400;\">programmables pour les diff\u00e9rents domaines d&rsquo;utilisation, permettent une<\/span><span style=\"font-weight: 400;\"> une utilisation particuli\u00e8rement simple.<\/span><\/li>\n<li><b>Une protection suppl\u00e9mentaire pour les employ\u00e9s :<\/b><span style=\"font-weight: 400;\"> Outre la protection contre les explosions, la protection des travailleurs isol\u00e9s assure une s\u00e9curit\u00e9 suppl\u00e9mentaire sur le lieu de travail. <\/span> <\/li>\n<li style=\"font-weight: 400;\"><b>Un compagnon robuste : <\/b><span style=\"font-weight: 400;\">L&rsquo;humidit\u00e9, les produits chimiques, les vibrations, la poussi\u00e8re et les rayons du soleil sont surmont\u00e9s de mani\u00e8re fiable. <\/span> <\/li>\n<\/ul>\n","protected":false},"featured_media":13869,"comment_status":"open","ping_status":"closed","template":"","meta":{"_acf_changed":false},"product_brand":[],"product_cat":[621,633,601],"product_tag":[],"class_list":{"0":"post-30217","1":"product","2":"type-product","3":"status-publish","4":"has-post-thumbnail","6":"product_cat-atex-fr","7":"product_cat-industrie-smartphone-fr","8":"product_cat-shop-fr","9":"pa_hersteller-ecom-fr","11":"first","12":"instock","13":"taxable","14":"shipping-taxable","15":"purchasable","16":"product-type-simple"},"acf":[],"yoast_head":"<!-- This site is optimized with the Yoast SEO Premium plugin v20.10 (Yoast SEO v24.3) - https:\/\/yoast.com\/wordpress\/plugins\/seo\/ -->\n<title>Acheter ecom Ex-Handy 10 DZ2 ici - ALEGER \u22c6 Augmented Reality<\/title>\n<meta name=\"description\" content=\"Vous cherchez encore un t\u00e9l\u00e9phone portable antid\u00e9flagrant pour votre utilisation dans l&#039;industrie ? Ici, l&#039;ex-t\u00e9l\u00e9phone portable 10 DZ2 d&#039;ecom est disponible, support inclus.\" \/>\n<meta name=\"robots\" content=\"index, follow, max-snippet:-1, max-image-preview:large, max-video-preview:-1\" \/>\n<meta property=\"og:locale\" content=\"fr_FR\" \/>\n<meta property=\"og:type\" content=\"article\" \/>\n<meta property=\"og:title\" content=\"ecom Ex-Handy 10 DZ2, t\u00e9l\u00e9phone portable antid\u00e9flagrant pour ATEX Zone 2, \u00e9cran tactile 2.6&quot;, Android\" \/>\n<meta property=\"og:description\" content=\"Vous cherchez encore un t\u00e9l\u00e9phone portable antid\u00e9flagrant pour votre utilisation dans l&#039;industrie ? Ici, l&#039;ex-t\u00e9l\u00e9phone portable 10 DZ2 d&#039;ecom est disponible, support inclus.\" \/>\n<meta property=\"og:url\" content=\"https:\/\/alegerglobal.com\/fr\/shop-fr\/industrie-smartphone-fr\/ecom-ex-handy-10-dz2-2\/\" \/>\n<meta property=\"og:site_name\" content=\"ALEGER \u22c6 Augmented Reality\" \/>\n<meta property=\"og:image\" content=\"https:\/\/alegerglobal.com\/wp-content\/uploads\/2021\/01\/csm_ex-handy-10_dz2_technical-data_a908afaa02.png\" \/>\n\t<meta property=\"og:image:width\" content=\"555\" \/>\n\t<meta property=\"og:image:height\" content=\"555\" \/>\n\t<meta property=\"og:image:type\" content=\"image\/png\" \/>\n<meta name=\"twitter:card\" content=\"summary_large_image\" \/>\n<meta name=\"twitter:label1\" content=\"Prix\" \/>\n\t<meta name=\"twitter:data1\" content=\"&euro;980,00\" \/>\n\t<meta name=\"twitter:label2\" content=\"Disponibilit\u00e9\" \/>\n\t<meta name=\"twitter:data2\" content=\"En stock\" \/>\n<script type=\"application\/ld+json\" class=\"yoast-schema-graph\">{\"@context\":\"https:\/\/schema.org\",\"@graph\":[{\"@type\":\"WebPage\",\"@id\":\"https:\/\/alegerglobal.com\/fr\/shop-fr\/industrie-smartphone-fr\/ecom-ex-handy-10-dz2-2\/\",\"url\":\"https:\/\/alegerglobal.com\/fr\/shop-fr\/industrie-smartphone-fr\/ecom-ex-handy-10-dz2-2\/\",\"name\":\"Acheter ecom Ex-Handy 10 DZ2 ici - ALEGER \u22c6 Augmented Reality\",\"isPartOf\":{\"@id\":\"https:\/\/alegerglobal.com\/fr\/#website\"},\"primaryImageOfPage\":{\"@id\":\"https:\/\/alegerglobal.com\/fr\/shop-fr\/industrie-smartphone-fr\/ecom-ex-handy-10-dz2-2\/#primaryimage\"},\"image\":{\"@id\":\"https:\/\/alegerglobal.com\/fr\/shop-fr\/industrie-smartphone-fr\/ecom-ex-handy-10-dz2-2\/#primaryimage\"},\"thumbnailUrl\":\"https:\/\/alegerglobal.com\/wp-content\/uploads\/2021\/01\/csm_ex-handy-10_dz2_technical-data_a908afaa02.png\",\"datePublished\":\"2022-05-12T17:38:48+00:00\",\"dateModified\":\"2022-05-12T17:38:48+00:00\",\"description\":\"Vous cherchez encore un t\u00e9l\u00e9phone portable antid\u00e9flagrant pour votre utilisation dans l'industrie ? Ici, l'ex-t\u00e9l\u00e9phone portable 10 DZ2 d'ecom est disponible, support inclus.\",\"breadcrumb\":{\"@id\":\"https:\/\/alegerglobal.com\/fr\/shop-fr\/industrie-smartphone-fr\/ecom-ex-handy-10-dz2-2\/#breadcrumb\"},\"inLanguage\":\"fr-FR\",\"potentialAction\":[{\"@type\":\"ReadAction\",\"target\":[\"https:\/\/alegerglobal.com\/fr\/shop-fr\/industrie-smartphone-fr\/ecom-ex-handy-10-dz2-2\/\"]}]},{\"@type\":\"ImageObject\",\"inLanguage\":\"fr-FR\",\"@id\":\"https:\/\/alegerglobal.com\/fr\/shop-fr\/industrie-smartphone-fr\/ecom-ex-handy-10-dz2-2\/#primaryimage\",\"url\":\"https:\/\/alegerglobal.com\/wp-content\/uploads\/2021\/01\/csm_ex-handy-10_dz2_technical-data_a908afaa02.png\",\"contentUrl\":\"https:\/\/alegerglobal.com\/wp-content\/uploads\/2021\/01\/csm_ex-handy-10_dz2_technical-data_a908afaa02.png\",\"width\":555,\"height\":555,\"caption\":\"ecom Ex-Handy 10 DZ2\"},{\"@type\":\"BreadcrumbList\",\"@id\":\"https:\/\/alegerglobal.com\/fr\/shop-fr\/industrie-smartphone-fr\/ecom-ex-handy-10-dz2-2\/#breadcrumb\",\"itemListElement\":[{\"@type\":\"ListItem\",\"position\":1,\"name\":\"Home\",\"item\":\"https:\/\/alegerglobal.com\/fr\/new-page-daccueil\/\"},{\"@type\":\"ListItem\",\"position\":2,\"name\":\"Produits\",\"item\":\"https:\/\/alegerglobal.com\/fr\/produits\/\"},{\"@type\":\"ListItem\",\"position\":3,\"name\":\"ecom Ex-Handy 10 DZ2, t\u00e9l\u00e9phone portable antid\u00e9flagrant pour ATEX Zone 2, \u00e9cran tactile 2.6&#8243;, Android\"}]},{\"@type\":\"WebSite\",\"@id\":\"https:\/\/alegerglobal.com\/fr\/#website\",\"url\":\"https:\/\/alegerglobal.com\/fr\/\",\"name\":\"ALEGER \u22c6 Augmented Reality\",\"description\":\"Die besten Augmented Reality (AR) L\u00f6sungen der Welt.\",\"publisher\":{\"@id\":\"https:\/\/alegerglobal.com\/fr\/#organization\"},\"potentialAction\":[{\"@type\":\"SearchAction\",\"target\":{\"@type\":\"EntryPoint\",\"urlTemplate\":\"https:\/\/alegerglobal.com\/fr\/?s={search_term_string}\"},\"query-input\":{\"@type\":\"PropertyValueSpecification\",\"valueRequired\":true,\"valueName\":\"search_term_string\"}}],\"inLanguage\":\"fr-FR\"},{\"@type\":\"Organization\",\"@id\":\"https:\/\/alegerglobal.com\/fr\/#organization\",\"name\":\"ALEGER \u22c6 Augmented Reality\",\"url\":\"https:\/\/alegerglobal.com\/fr\/\",\"logo\":{\"@type\":\"ImageObject\",\"inLanguage\":\"fr-FR\",\"@id\":\"https:\/\/alegerglobal.com\/fr\/#\/schema\/logo\/image\/\",\"url\":\"https:\/\/alegerglobal.com\/wp-content\/uploads\/2020\/12\/aleger-logo-quadrat.jpg\",\"contentUrl\":\"https:\/\/alegerglobal.com\/wp-content\/uploads\/2020\/12\/aleger-logo-quadrat.jpg\",\"width\":200,\"height\":176,\"caption\":\"ALEGER \u22c6 Augmented Reality\"},\"image\":{\"@id\":\"https:\/\/alegerglobal.com\/fr\/#\/schema\/logo\/image\/\"}}]}<\/script>\n<meta property=\"product:brand\" content=\"Ecom\" \/>\n<meta property=\"product:price:amount\" content=\"980.00\" \/>\n<meta property=\"product:price:currency\" content=\"EUR\" \/>\n<meta property=\"og:availability\" content=\"instock\" \/>\n<meta property=\"product:availability\" content=\"instock\" \/>\n<meta property=\"product:condition\" content=\"new\" \/>\n<!-- \/ Yoast SEO Premium plugin. -->","yoast_head_json":{"title":"Acheter ecom Ex-Handy 10 DZ2 ici - ALEGER \u22c6 Augmented Reality","description":"Vous cherchez encore un t\u00e9l\u00e9phone portable antid\u00e9flagrant pour votre utilisation dans l'industrie ? Ici, l'ex-t\u00e9l\u00e9phone portable 10 DZ2 d'ecom est disponible, support inclus.","robots":{"index":"index","follow":"follow","max-snippet":"max-snippet:-1","max-image-preview":"max-image-preview:large","max-video-preview":"max-video-preview:-1"},"og_locale":"fr_FR","og_type":"article","og_title":"ecom Ex-Handy 10 DZ2, t\u00e9l\u00e9phone portable antid\u00e9flagrant pour ATEX Zone 2, \u00e9cran tactile 2.6\", Android","og_description":"Vous cherchez encore un t\u00e9l\u00e9phone portable antid\u00e9flagrant pour votre utilisation dans l'industrie ? Ici, l'ex-t\u00e9l\u00e9phone portable 10 DZ2 d'ecom est disponible, support inclus.","og_url":"https:\/\/alegerglobal.com\/fr\/shop-fr\/industrie-smartphone-fr\/ecom-ex-handy-10-dz2-2\/","og_site_name":"ALEGER \u22c6 Augmented Reality","og_image":[{"width":555,"height":555,"url":"https:\/\/alegerglobal.com\/wp-content\/uploads\/2021\/01\/csm_ex-handy-10_dz2_technical-data_a908afaa02.png","type":"image\/png"}],"twitter_card":"summary_large_image","twitter_misc":{"Prix":"&euro;980,00","Disponibilit\u00e9":"En stock"},"schema":{"@context":"https:\/\/schema.org","@graph":[{"@type":"WebPage","@id":"https:\/\/alegerglobal.com\/fr\/shop-fr\/industrie-smartphone-fr\/ecom-ex-handy-10-dz2-2\/","url":"https:\/\/alegerglobal.com\/fr\/shop-fr\/industrie-smartphone-fr\/ecom-ex-handy-10-dz2-2\/","name":"Acheter ecom Ex-Handy 10 DZ2 ici - ALEGER \u22c6 Augmented Reality","isPartOf":{"@id":"https:\/\/alegerglobal.com\/fr\/#website"},"primaryImageOfPage":{"@id":"https:\/\/alegerglobal.com\/fr\/shop-fr\/industrie-smartphone-fr\/ecom-ex-handy-10-dz2-2\/#primaryimage"},"image":{"@id":"https:\/\/alegerglobal.com\/fr\/shop-fr\/industrie-smartphone-fr\/ecom-ex-handy-10-dz2-2\/#primaryimage"},"thumbnailUrl":"https:\/\/alegerglobal.com\/wp-content\/uploads\/2021\/01\/csm_ex-handy-10_dz2_technical-data_a908afaa02.png","datePublished":"2022-05-12T17:38:48+00:00","dateModified":"2022-05-12T17:38:48+00:00","description":"Vous cherchez encore un t\u00e9l\u00e9phone portable antid\u00e9flagrant pour votre utilisation dans l'industrie ? Ici, l'ex-t\u00e9l\u00e9phone portable 10 DZ2 d'ecom est disponible, support inclus.","breadcrumb":{"@id":"https:\/\/alegerglobal.com\/fr\/shop-fr\/industrie-smartphone-fr\/ecom-ex-handy-10-dz2-2\/#breadcrumb"},"inLanguage":"fr-FR","potentialAction":[{"@type":"ReadAction","target":["https:\/\/alegerglobal.com\/fr\/shop-fr\/industrie-smartphone-fr\/ecom-ex-handy-10-dz2-2\/"]}]},{"@type":"ImageObject","inLanguage":"fr-FR","@id":"https:\/\/alegerglobal.com\/fr\/shop-fr\/industrie-smartphone-fr\/ecom-ex-handy-10-dz2-2\/#primaryimage","url":"https:\/\/alegerglobal.com\/wp-content\/uploads\/2021\/01\/csm_ex-handy-10_dz2_technical-data_a908afaa02.png","contentUrl":"https:\/\/alegerglobal.com\/wp-content\/uploads\/2021\/01\/csm_ex-handy-10_dz2_technical-data_a908afaa02.png","width":555,"height":555,"caption":"ecom Ex-Handy 10 DZ2"},{"@type":"BreadcrumbList","@id":"https:\/\/alegerglobal.com\/fr\/shop-fr\/industrie-smartphone-fr\/ecom-ex-handy-10-dz2-2\/#breadcrumb","itemListElement":[{"@type":"ListItem","position":1,"name":"Home","item":"https:\/\/alegerglobal.com\/fr\/new-page-daccueil\/"},{"@type":"ListItem","position":2,"name":"Produits","item":"https:\/\/alegerglobal.com\/fr\/produits\/"},{"@type":"ListItem","position":3,"name":"ecom Ex-Handy 10 DZ2, t\u00e9l\u00e9phone portable antid\u00e9flagrant pour ATEX Zone 2, \u00e9cran tactile 2.6&#8243;, Android"}]},{"@type":"WebSite","@id":"https:\/\/alegerglobal.com\/fr\/#website","url":"https:\/\/alegerglobal.com\/fr\/","name":"ALEGER \u22c6 Augmented Reality","description":"Die besten Augmented Reality (AR) L\u00f6sungen der Welt.","publisher":{"@id":"https:\/\/alegerglobal.com\/fr\/#organization"},"potentialAction":[{"@type":"SearchAction","target":{"@type":"EntryPoint","urlTemplate":"https:\/\/alegerglobal.com\/fr\/?s={search_term_string}"},"query-input":{"@type":"PropertyValueSpecification","valueRequired":true,"valueName":"search_term_string"}}],"inLanguage":"fr-FR"},{"@type":"Organization","@id":"https:\/\/alegerglobal.com\/fr\/#organization","name":"ALEGER \u22c6 Augmented Reality","url":"https:\/\/alegerglobal.com\/fr\/","logo":{"@type":"ImageObject","inLanguage":"fr-FR","@id":"https:\/\/alegerglobal.com\/fr\/#\/schema\/logo\/image\/","url":"https:\/\/alegerglobal.com\/wp-content\/uploads\/2020\/12\/aleger-logo-quadrat.jpg","contentUrl":"https:\/\/alegerglobal.com\/wp-content\/uploads\/2020\/12\/aleger-logo-quadrat.jpg","width":200,"height":176,"caption":"ALEGER \u22c6 Augmented Reality"},"image":{"@id":"https:\/\/alegerglobal.com\/fr\/#\/schema\/logo\/image\/"}}]},"product_brand":"Ecom","product_price_amount":"980.00","product_price_currency":"EUR","og_availability":"instock","product_availability":"instock","product_condition":"new"},"_links":{"self":[{"href":"https:\/\/alegerglobal.com\/fr\/wp-json\/wp\/v2\/product\/30217","targetHints":{"allow":["GET"]}}],"collection":[{"href":"https:\/\/alegerglobal.com\/fr\/wp-json\/wp\/v2\/product"}],"about":[{"href":"https:\/\/alegerglobal.com\/fr\/wp-json\/wp\/v2\/types\/product"}],"replies":[{"embeddable":true,"href":"https:\/\/alegerglobal.com\/fr\/wp-json\/wp\/v2\/comments?post=30217"}],"version-history":[{"count":0,"href":"https:\/\/alegerglobal.com\/fr\/wp-json\/wp\/v2\/product\/30217\/revisions"}],"wp:featuredmedia":[{"embeddable":true,"href":"https:\/\/alegerglobal.com\/fr\/wp-json\/wp\/v2\/media\/13869"}],"wp:attachment":[{"href":"https:\/\/alegerglobal.com\/fr\/wp-json\/wp\/v2\/media?parent=30217"}],"wp:term":[{"taxonomy":"product_brand","embeddable":true,"href":"https:\/\/alegerglobal.com\/fr\/wp-json\/wp\/v2\/product_brand?post=30217"},{"taxonomy":"product_cat","embeddable":true,"href":"https:\/\/alegerglobal.com\/fr\/wp-json\/wp\/v2\/product_cat?post=30217"},{"taxonomy":"product_tag","embeddable":true,"href":"https:\/\/alegerglobal.com\/fr\/wp-json\/wp\/v2\/product_tag?post=30217"}],"curies":[{"name":"wp","href":"https:\/\/api.w.org\/{rel}","templated":true}]}}